{"id":25018,"date":"2023-07-24T12:39:12","date_gmt":"2023-07-24T12:39:12","guid":{"rendered":"https:\/\/sitechecker.pro\/?page_id=25018"},"modified":"2025-02-17T09:40:36","modified_gmt":"2025-02-17T09:40:36","slug":"youtube-keyword-tool-tags-generator-sitechecker-%e1%90%88","status":"publish","type":"page","link":"https:\/\/sitechecker.pro\/es\/youtube-keyword-tool\/","title":{"rendered":"Herramienta de palabras clave YouTube \u1408 Generador de etiquetas"},"content":{"rendered":"<p><\/p>\n<h2 id=\"par1\">\u00bfQu\u00e9 es el generador de palabras clave para canales de YouTube?<\/h2>\n<p>La herramienta para palabras clave de YouTube de <a href=\"https:\/\/sitechecker.pro\/\" target=\"_blank\" rel=\"noopener noreferrer\">Sitechecker<\/a> ayuda a los creadores a optimizar la visibilidad de los videos al ofrecer sugerencias de palabras clave, generar etiquetas y crear t\u00edtulos y descripciones optimizados seg\u00fan las tendencias de b\u00fasqueda de YouTube, a la vez que brinda informaci\u00f3n SEO m\u00e1s amplia para un mayor alcance de audiencia.<\/p>\n<h3>C\u00f3mo puede ayudarlo el generador de palabras clave para YouTube<\/h3>\n<p><strong>Sugerencias de palabras clave y etiquetas: <\/strong>genera palabras clave y etiquetas relevantes seg\u00fan las tendencias de b\u00fasqueda de YouTube para optimizar la capacidad de descubrimiento de los videos.<\/p>\n<p><strong>Optimizaci\u00f3n de t\u00edtulos y descripciones: <\/strong>ayuda a crear t\u00edtulos y descripciones atractivos y optimizados para SEO que incorporen palabras clave espec\u00edficas.<\/p>\n<p><strong>Informaci\u00f3n multiplataforma: <\/strong>ofrece ideas de palabras clave de m\u00faltiples plataformas, incluidas Google, Bing, Amazon y eBay, para una estrategia SEO integral.<\/p>\n<h3>Caracter\u00edsticas principales de la herramienta<\/h3>\n<p><strong>Panel de control unificado: <\/strong>una plataforma centralizada para supervisar y gestionar el rendimiento del sitio web, los conocimientos de SEO y las tareas de optimizaci\u00f3n en un solo lugar.<\/p>\n<p><strong>Interfaz f\u00e1cil de usar: <\/strong>dise\u00f1o intuitivo para una navegaci\u00f3n sencilla, lo que hace que el SEO sea accesible tanto para principiantes como para profesionales.<\/p>\n<p><strong>Conjunto completo de herramientas de SEO: <\/strong>un conjunto completo de herramientas, que incluye investigaci\u00f3n de palabras clave, seguimiento de clasificaci\u00f3n, auditor\u00edas de SEO en la p\u00e1gina y controles de estado del sitio web, para respaldar una optimizaci\u00f3n eficaz.<\/p>\n<h2 id=\"par2\">C\u00f3mo usar la herramienta<\/h2>\n<h3>Paso 1: ingresa una palabra clave o frase para generar ideas de palabras clave adicionales para YouTube en funci\u00f3n de ella<\/h3>\n<div class=\"content__img-wrap\"><img src=\"https:\/\/sitechecker.pro\/wp-content\/uploads\/2024\/12\/youtube-keyword-tag-generator.png\" alt=\"Generador de palabras clave y etiquetas de YouTube\" class=\"description-img description-img-zoom\" loading=\"lazy\" ><\/div>\n<h3>Paso 2: visualiza los resultados<\/h3>\n<p>El generador de palabras clave para videos de YouTube ayuda a identificar y usar las mejores palabras clave para optimizar tu video para la audiencia correcta en YouTube:<\/p>\n<div class=\"content__img-wrap\"><img src=\"https:\/\/sitechecker.pro\/wp-content\/uploads\/2024\/12\/keyphrase-ideas.png\" alt=\"Ideas de frases clave\" class=\"description-img description-img-zoom\" loading=\"lazy\" ><\/div>\n<p>Reg\u00edstrate para una prueba gratuita para analizar la popularidad de t\u00e9rminos de b\u00fasqueda espec\u00edficos de YouTube. Aprovecha el gr\u00e1fico de popularidad para monitorear las tendencias de frases clave a lo largo del tiempo.<\/p>\n<div class=\"content__img-wrap\"><img src=\"https:\/\/sitechecker.pro\/wp-content\/uploads\/2024\/12\/keyword-stats.png\" alt=\"Estad\u00edsticas de palabras clave\" class=\"description-img description-img-zoom\" loading=\"lazy\" ><\/div>\n<div class=\"important-block\">Para recibir resultados y acceder a las funciones de Sitechecker durante 14 d\u00edas, comience su prueba GRATUITA. Reg\u00edstrese f\u00e1cilmente con su correo electr\u00f3nico, cuenta de Google o Facebook. No se necesita tarjeta de cr\u00e9dito.<\/div>\n<h2 id=\"par3\">Idea final<\/h2>\n<p>El generador de palabras clave de SEO de YouTube ayuda a optimizar la visibilidad de los videos al generar sugerencias de palabras clave, crear t\u00edtulos y descripciones optimizados para SEO y proporcionar etiquetas basadas en las tendencias de b\u00fasqueda de YouTube. Ofrece un panel unificado, una interfaz f\u00e1cil de usar y un conjunto completo de herramientas de SEO para una optimizaci\u00f3n integral. Con funciones como un gr\u00e1fico de popularidad e informaci\u00f3n sobre palabras clave en m\u00faltiples plataformas, ayuda a los creadores a dirigirse a la audiencia adecuada.<\/p>","protected":false},"excerpt":{"rendered":"\u00bfQu\u00e9 es el generador de palabras clave para canales de YouTube? La herramienta para palabras clave de YouTube de Sitechecker ayuda a los creadores a optimizar la visibilidad de los videos al ofrecer sugerencias de palabras clave, generar etiquetas y crear t\u00edtulos y descripciones optimizados seg\u00fan las tendencias de b\u00fasqueda de YouTube, a la vez&#8230;","protected":false},"author":10409641,"featured_media":0,"parent":0,"menu_order":0,"comment_status":"closed","ping_status":"closed","template":"pages-templates\/pages-minitools.php","meta":[],"categories":[71],"tags":[],"_links":{"self":[{"href":"https:\/\/sitechecker.pro\/es\/wp-json\/wp\/v2\/pages\/25018"}],"collection":[{"href":"https:\/\/sitechecker.pro\/es\/wp-json\/wp\/v2\/pages"}],"about":[{"href":"https:\/\/sitechecker.pro\/es\/wp-json\/wp\/v2\/types\/page"}],"author":[{"embeddable":true,"href":"https:\/\/sitechecker.pro\/es\/wp-json\/wp\/v2\/users\/10409641"}],"replies":[{"embeddable":true,"href":"https:\/\/sitechecker.pro\/es\/wp-json\/wp\/v2\/comments?post=25018"}],"version-history":[{"count":20,"href":"https:\/\/sitechecker.pro\/es\/wp-json\/wp\/v2\/pages\/25018\/revisions"}],"predecessor-version":[{"id":35541,"href":"https:\/\/sitechecker.pro\/es\/wp-json\/wp\/v2\/pages\/25018\/revisions\/35541"}],"wp:attachment":[{"href":"https:\/\/sitechecker.pro\/es\/wp-json\/wp\/v2\/media?parent=25018"}],"wp:term":[{"taxonomy":"category","embeddable":true,"href":"https:\/\/sitechecker.pro\/es\/wp-json\/wp\/v2\/categories?post=25018"},{"taxonomy":"post_tag","embeddable":true,"href":"https:\/\/sitechecker.pro\/es\/wp-json\/wp\/v2\/tags?post=25018"}],"curies":[{"name":"wp","href":"https:\/\/api.w.org\/{rel}","templated":true}]}}