{"id":25004,"date":"2023-07-24T13:21:56","date_gmt":"2023-07-24T13:21:56","guid":{"rendered":"https:\/\/sitechecker.pro\/?page_id=25004"},"modified":"2025-02-12T10:04:40","modified_gmt":"2025-02-12T10:04:40","slug":"get-youtube-channel-keywords-list-keys-suggestions-tool-%e1%90%88-2","status":"publish","type":"page","link":"https:\/\/sitechecker.pro\/es\/youtube-name-generator\/","title":{"rendered":"Generador gratuito de nombres para YouTube con"},"content":{"rendered":"<p><\/p>\n<h2 id=\"par1\">\u00bfQu\u00e9 es un generador de nombres de YouTube?<\/h2>\n<p>El generador de nombres de YouTube de <a href=\"https:\/\/sitechecker.pro\/\" target=\"_blank\" rel=\"noopener noreferrer\">Sitechecker<\/a> es una herramienta dise\u00f1ada para ayudar a los creadores de contenido a desarrollar nombres \u00fanicos y memorables para sus canales de YouTube. Al analizar las b\u00fasquedas de YouTube y las clasificaciones de palabras clave, ofrece una variedad de sugerencias de nombres adaptadas al nicho y la audiencia objetivo de su canal.<\/p>\n<h3>El generador de nombres de YouTube ayuda a crear un t\u00edtulo de canal eficaz al<\/h3>\n<p><strong>Sugerencias basadas en palabras clave: <\/strong>ofrece ideas de t\u00edtulos basadas en b\u00fasquedas de YouTube y clasificaciones de palabras clave, lo que lo ayuda a elegir un t\u00edtulo con un alto volumen de b\u00fasqueda y relevancia para su contenido.<\/p>\n<p><strong>Recomendaciones de palabras clave multiplataforma: <\/strong>adem\u00e1s de YouTube, ofrece sugerencias de palabras clave de varias plataformas como Google, Bing, Amazon y eBay, lo que ampl\u00eda su perspectiva sobre los posibles t\u00edtulos de canales.<\/p>\n<h3>Caracter\u00edsticas principales de la herramienta<\/h3>\n<p><strong>Panel de control unificado: <\/strong>administre todas sus tareas de SEO en un solo lugar con un panel de control centralizado que ofrece una descripci\u00f3n general clara del rendimiento, los problemas y el progreso de su sitio web.<\/p>\n<p><strong>Interfaz f\u00e1cil de usar: <\/strong>dise\u00f1ada con la simplicidad en mente, la interfaz intuitiva hace que sea f\u00e1cil para principiantes y expertos navegar y usar sus poderosas herramientas de manera efectiva.<\/p>\n<p><strong>Conjunto completo de herramientas de SEO: <\/strong>acceda a una amplia gama de funciones de SEO, incluidas auditor\u00edas de sitios, seguimiento de clasificaci\u00f3n y recomendaciones de SEO en la p\u00e1gina, para optimizar la visibilidad y el rendimiento de su sitio web.<\/p>\n<h2 id=\"par2\">C\u00f3mo usar la herramienta<\/h2>\n<h3>Paso 1: inserta una palabra clave o frase para generar ideas de nombres de YouTube en funci\u00f3n de ellas<\/h3>\n<div class=\"content__img-wrap\"><img src=\"https:\/\/sitechecker.pro\/wp-content\/uploads\/2024\/12\/youtube-channel-name-generator.png\" alt=\"Generador de nombres de canales de YouTube\" class=\"description-img description-img-zoom\" loading=\"lazy\" ><\/div>\n<h3>Paso 2: obt\u00e9n los resultados con las ideas de nombres de canales de YouTube<\/h3>\n<p>La herramienta de sugerencias de nombres de YouTube genera ideas de t\u00edtulos de canales relevantes y de tendencia aprovechando palabras clave populares para lograr la m\u00e1xima visibilidad. Proporciona sugerencias personalizadas para la creaci\u00f3n de marcas espec\u00edficas de un nicho, respaldadas por informaci\u00f3n basada en datos para mejorar la capacidad de descubrimiento.<\/p>\n<div class=\"content__img-wrap\"><img src=\"https:\/\/sitechecker.pro\/wp-content\/uploads\/2024\/12\/youtube-channel-name-ideas.png\" alt=\"Ideas para nombres de canales de YouTube\" class=\"description-img description-img-zoom\" loading=\"lazy\" ><\/div>\n<p>Comienza una prueba gratuita para descubrir qu\u00e9 tan populares son las ideas de t\u00edtulos de canales de YouTube espec\u00edficos en los motores de b\u00fasqueda.<\/p>\n<p>El gr\u00e1fico de popularidad te permite hacer un seguimiento de las tendencias de cada idea de t\u00edtulo de canal y evaluar la competitividad de CPC.<\/p>\n<div class=\"content__img-wrap\"><img src=\"https:\/\/sitechecker.pro\/wp-content\/uploads\/2024\/12\/suggestions-info.png\" alt=\"Informaci\u00f3n de sugerencias\" class=\"description-img description-img-zoom\" loading=\"lazy\" ><\/div>\n<div class=\"important-block\">Para recibir resultados y acceso a las funciones de Sitechecker durante 14 d\u00edas, comienza tu prueba GRATUITA. Registrarse es f\u00e1cil con tu correo electr\u00f3nico, cuenta de Google o Facebook. No se necesita tarjeta de cr\u00e9dito.<\/div>\n<h2 id=\"par3\">Idea final<\/h2>\n<p>En conclusi\u00f3n, el Generador de nombres de YouTube es una herramienta potente y f\u00e1cil de usar dise\u00f1ada para ayudar a los creadores de contenido a crear nombres de canales de YouTube \u00fanicos, memorables y altamente efectivos. Al aprovechar las sugerencias basadas en palabras clave, los conocimientos multiplataforma y las tendencias basadas en datos, garantiza que el t\u00edtulo de su canal se alinee con su nicho y resuene con su p\u00fablico objetivo.<\/p>\n<div id=\"par4\"><\/div>\n<p><div class=\"front__faq-block\"><div class=\"faq__block-title\">Preguntas frecuentes<\/div><div class=\"panel-group\" id=\"faq-accordion\" itemscope itemtype=\"https:\/\/schema.org\/FAQPage\" role=\"tablist\" aria-multiselectable=\"true\"><div class=\"panel\" itemscope itemtype=\"https:\/\/schema.org\/Question\" itemprop=\"mainEntity\">\n                            <div class=\"panel-heading\" id=\"headingFaq-1\">\n                                <div class=\"panel-title\" data-toggle=\"collapse\" aria-expanded=\"false\" href=\"#collapseFaq-1\">\n                                    <h3 itemprop=\"name\">\u00bfC\u00f3mo funciona el Generador de nombres para vloggers?<\/h3>\n                                <\/div>\n                            <\/div>\n                            <div id=\"collapseFaq-1\" class=\"panel-collapse collapse\" itemprop=\"acceptedAnswer\" itemscope itemtype=\"http:\/\/schema.org\/Answer\">\n                                <div class=\"panel-body\" itemprop=\"text\">La herramienta analiza las b\u00fasquedas de YouTube, las clasificaciones de palabras clave y los datos multiplataforma para brindar sugerencias de t\u00edtulos personalizados seg\u00fan el nicho y el p\u00fablico objetivo de su canal.<\/div>\n                            <\/div>\n                        <\/div><div class=\"panel\" itemscope itemtype=\"https:\/\/schema.org\/Question\" itemprop=\"mainEntity\">\n                            <div class=\"panel-heading\" id=\"headingFaq-2\">\n                                <div class=\"panel-title\" data-toggle=\"collapse\" aria-expanded=\"false\" href=\"#collapseFaq-2\">\n                                    <h3 itemprop=\"name\">\u00bfLa herramienta admite la investigaci\u00f3n de palabras clave m\u00e1s all\u00e1 de YouTube?<\/h3>\n                                <\/div>\n                            <\/div>\n                            <div id=\"collapseFaq-2\" class=\"panel-collapse collapse\" itemprop=\"acceptedAnswer\" itemscope itemtype=\"http:\/\/schema.org\/Answer\">\n                                <div class=\"panel-body\" itemprop=\"text\">S\u00ed, tambi\u00e9n ofrece sugerencias de palabras clave de plataformas como Google, Bing, Amazon y eBay para obtener informaci\u00f3n m\u00e1s amplia.<\/div>\n                            <\/div>\n                        <\/div><div class=\"panel\" itemscope itemtype=\"https:\/\/schema.org\/Question\" itemprop=\"mainEntity\">\n                            <div class=\"panel-heading\" id=\"headingFaq-3\">\n                                <div class=\"panel-title\" data-toggle=\"collapse\" aria-expanded=\"false\" href=\"#collapseFaq-3\">\n                                    <h3 itemprop=\"name\">\u00bfQu\u00e9 funciones adicionales ofrece Name Generator for YouTube?<\/h3>\n                                <\/div>\n                            <\/div>\n                            <div id=\"collapseFaq-3\" class=\"panel-collapse collapse\" itemprop=\"acceptedAnswer\" itemscope itemtype=\"http:\/\/schema.org\/Answer\">\n                                <div class=\"panel-body\" itemprop=\"text\">La herramienta incluye un panel unificado, herramientas de SEO como seguimiento de clasificaci\u00f3n, an\u00e1lisis de v\u00ednculos de retroceso y recomendaciones en la p\u00e1gina para optimizar el rendimiento de su sitio web.<\/div>\n                            <\/div>\n                        <\/div><div class=\"panel\" itemscope itemtype=\"https:\/\/schema.org\/Question\" itemprop=\"mainEntity\">\n                            <div class=\"panel-heading\" id=\"headingFaq-4\">\n                                <div class=\"panel-title\" data-toggle=\"collapse\" aria-expanded=\"false\" href=\"#collapseFaq-4\">\n                                    <h3 itemprop=\"name\">\u00bfPuedo realizar un seguimiento de la popularidad del t\u00edtulo de un canal?<\/h3>\n                                <\/div>\n                            <\/div>\n                            <div id=\"collapseFaq-4\" class=\"panel-collapse collapse\" itemprop=\"acceptedAnswer\" itemscope itemtype=\"http:\/\/schema.org\/Answer\">\n                                <div class=\"panel-body\" itemprop=\"text\">S\u00ed, el gr\u00e1fico de popularidad le permite realizar un seguimiento de las tendencias y evaluar la competitividad de CPC para cada idea de t\u00edtulo.<\/div>\n                            <\/div>\n                        <\/div><\/div><\/div><\/p>","protected":false},"excerpt":{"rendered":"\u00bfQu\u00e9 es un generador de nombres de YouTube? El generador de nombres de YouTube de Sitechecker es una herramienta dise\u00f1ada para ayudar a los creadores de contenido a desarrollar nombres \u00fanicos y memorables para sus canales de YouTube. Al analizar las b\u00fasquedas de YouTube y las clasificaciones de palabras clave, ofrece una variedad de sugerencias&#8230;","protected":false},"author":10409641,"featured_media":0,"parent":0,"menu_order":0,"comment_status":"closed","ping_status":"closed","template":"pages-templates\/pages-minitools.php","meta":[],"categories":[71],"tags":[],"_links":{"self":[{"href":"https:\/\/sitechecker.pro\/es\/wp-json\/wp\/v2\/pages\/25004"}],"collection":[{"href":"https:\/\/sitechecker.pro\/es\/wp-json\/wp\/v2\/pages"}],"about":[{"href":"https:\/\/sitechecker.pro\/es\/wp-json\/wp\/v2\/types\/page"}],"author":[{"embeddable":true,"href":"https:\/\/sitechecker.pro\/es\/wp-json\/wp\/v2\/users\/10409641"}],"replies":[{"embeddable":true,"href":"https:\/\/sitechecker.pro\/es\/wp-json\/wp\/v2\/comments?post=25004"}],"version-history":[{"count":26,"href":"https:\/\/sitechecker.pro\/es\/wp-json\/wp\/v2\/pages\/25004\/revisions"}],"predecessor-version":[{"id":35425,"href":"https:\/\/sitechecker.pro\/es\/wp-json\/wp\/v2\/pages\/25004\/revisions\/35425"}],"wp:attachment":[{"href":"https:\/\/sitechecker.pro\/es\/wp-json\/wp\/v2\/media?parent=25004"}],"wp:term":[{"taxonomy":"category","embeddable":true,"href":"https:\/\/sitechecker.pro\/es\/wp-json\/wp\/v2\/categories?post=25004"},{"taxonomy":"post_tag","embeddable":true,"href":"https:\/\/sitechecker.pro\/es\/wp-json\/wp\/v2\/tags?post=25004"}],"curies":[{"name":"wp","href":"https:\/\/api.w.org\/{rel}","templated":true}]}}