{"id":24999,"date":"2023-07-24T12:34:42","date_gmt":"2023-07-24T12:34:42","guid":{"rendered":"https:\/\/sitechecker.pro\/?page_id=24999"},"modified":"2025-02-13T14:58:13","modified_gmt":"2025-02-13T14:58:13","slug":"get-youtube-channel-keywords-list-keys-suggestions-tool-%e1%90%88","status":"publish","type":"page","link":"https:\/\/sitechecker.pro\/es\/youtube-channel-keywords\/","title":{"rendered":"Obt\u00e9n la lista de palabras clave del canal de YouTube | Herramienta de sugerencias de palabras clave \u1408"},"content":{"rendered":"<p><\/p>\n<h2 id=\"par1\">\u00bfQu\u00e9 es la herramienta de sugerencias de palabras clave para canales de YouTube?<\/h2>\n<p>La herramienta de sugerencias de palabras clave para canales de YouTube de <a href=\"https:\/\/sitechecker.pro\/\" target=\"_blank\" rel=\"noopener noreferrer\">Sitechecker<\/a> es una utilidad gratuita de SEO que genera una lista completa de t\u00e9rminos de b\u00fasqueda para describir con precisi\u00f3n los temas, t\u00f3picos e intereses de su canal. Proporciona sugerencias de m\u00faltiples sistemas de b\u00fasqueda, incluidos YouTube, Google, Bing, Amazon y eBay, optimizando la visibilidad de su canal y conectando de manera efectiva con su p\u00fablico objetivo.<\/p>\n<h3>C\u00f3mo puede ayudarlo la herramienta<\/h3>\n<p><strong>An\u00e1lisis del rendimiento de las palabras clave: <\/strong>eval\u00fae el rendimiento de t\u00e9rminos de b\u00fasqueda espec\u00edficos de YouTube con informaci\u00f3n sobre el volumen de b\u00fasqueda, la competencia y el potencial de clics.<\/p>\n<p><strong>Tendencias estacionales de palabras clave: <\/strong>identifique oportunidades de t\u00e9rminos de b\u00fasqueda estacionales o basadas en eventos para producir contenido de YouTube oportuno y relevante.<\/p>\n<p><strong>Descubrimiento de frases clave de tendencia: <\/strong>identifica la frase clave de tendencia m\u00e1s reciente en YouTube para alinear tu contenido con los intereses actuales de los espectadores y aumentar la visibilidad.<\/p>\n<h3>Caracter\u00edsticas clave de la herramienta<\/h3>\n<p><strong>Panel unificado: <\/strong>ofrece una descripci\u00f3n general del rendimiento, los problemas y el progreso de SEO de tu sitio web en un solo lugar, lo que agiliza tu proceso de optimizaci\u00f3n.<\/p>\n<p><strong>Interfaz f\u00e1cil de usar: <\/strong>un dise\u00f1o intuitivo que facilita la navegaci\u00f3n y el uso de la herramienta, incluso para principiantes, con elementos visuales claros e informaci\u00f3n \u00fatil.<\/p>\n<p><strong>Conjunto completo de herramientas de SEO: <\/strong>incluye auditor\u00edas de sitios web, seguimiento de frases clave, monitoreo de backlinks y seguimiento de clasificaci\u00f3n, lo que proporciona todo lo que necesitas para una gesti\u00f3n eficaz de SEO.<\/p>\n<h2 id=\"par2\">C\u00f3mo usar la herramienta<\/h2>\n<h3>Paso 1: inserta una palabra clave o frase para generar ideas de t\u00e9rminos de b\u00fasqueda de YouTube<\/h3>\n<div class=\"content__img-wrap\"><img src=\"https:\/\/sitechecker.pro\/wp-content\/uploads\/2024\/12\/youtube-channel-keywords-list.png\" alt=\"Lista de palabras clave del canal de YouTube\" class=\"description-img description-img-zoom\" loading=\"lazy\" ><\/div>\n<h3>Paso 2: obt\u00e9n los resultados<\/h3>\n<p>La herramienta Sugerencias de palabras clave de YouTube genera ideas de frases clave relevantes y de tendencia mediante el uso de t\u00e9rminos de b\u00fasqueda populares para maximizar la visibilidad.<\/p>\n<div class=\"content__img-wrap\"><img src=\"https:\/\/sitechecker.pro\/wp-content\/uploads\/2024\/12\/keyphrase-ideas.png\" alt=\"Ideas de frases clave\" class=\"description-img description-img-zoom\" loading=\"lazy\" ><\/div>\n<p>Comienza una prueba gratuita para explorar la popularidad de un t\u00e9rmino de b\u00fasqueda espec\u00edfico de YouTube. Usa el gr\u00e1fico de popularidad para hacer un seguimiento de las tendencias de cada frase clave a lo largo del tiempo.<\/p>\n<div class=\"content__img-wrap\"><img src=\"https:\/\/sitechecker.pro\/wp-content\/uploads\/2024\/12\/keyword-stats.png\" alt=\"Estad\u00edsticas de palabras clave\" class=\"description-img description-img-zoom\" loading=\"lazy\" ><\/div>\n<div class=\"important-block\">Para recibir resultados y acceder a las funciones de Sitechecker durante 14 d\u00edas, comience su prueba GRATUITA. Reg\u00edstrese f\u00e1cilmente con su correo electr\u00f3nico, cuenta de Google o Facebook. No se necesita tarjeta de cr\u00e9dito.<\/div>\n<h2 id=\"par3\">Idea final<\/h2>\n<p>La herramienta de investigaci\u00f3n de palabras clave de YouTube es una utilidad gratuita dise\u00f1ada para ayudarlo a optimizar la visibilidad de su canal con ideas de frases clave personalizadas. Ofrece descubrimiento de frases clave de tendencia, an\u00e1lisis de rendimiento e informaci\u00f3n sobre tendencias estacionales, extrayendo datos de plataformas como YouTube, Google y Bing. Con una interfaz f\u00e1cil de usar, un panel unificado y un conjunto completo de herramientas de SEO, la herramienta simplifica la optimizaci\u00f3n de t\u00e9rminos de b\u00fasqueda para una mejor segmentaci\u00f3n de la audiencia.<\/p>","protected":false},"excerpt":{"rendered":"\u00bfQu\u00e9 es la herramienta de sugerencias de palabras clave para canales de YouTube? La herramienta de sugerencias de palabras clave para canales de YouTube de Sitechecker es una utilidad gratuita de SEO que genera una lista completa de t\u00e9rminos de b\u00fasqueda para describir con precisi\u00f3n los temas, t\u00f3picos e intereses de su canal. Proporciona sugerencias&#8230;","protected":false},"author":10409641,"featured_media":0,"parent":0,"menu_order":0,"comment_status":"closed","ping_status":"closed","template":"pages-templates\/pages-minitools.php","meta":[],"categories":[71],"tags":[],"_links":{"self":[{"href":"https:\/\/sitechecker.pro\/es\/wp-json\/wp\/v2\/pages\/24999"}],"collection":[{"href":"https:\/\/sitechecker.pro\/es\/wp-json\/wp\/v2\/pages"}],"about":[{"href":"https:\/\/sitechecker.pro\/es\/wp-json\/wp\/v2\/types\/page"}],"author":[{"embeddable":true,"href":"https:\/\/sitechecker.pro\/es\/wp-json\/wp\/v2\/users\/10409641"}],"replies":[{"embeddable":true,"href":"https:\/\/sitechecker.pro\/es\/wp-json\/wp\/v2\/comments?post=24999"}],"version-history":[{"count":20,"href":"https:\/\/sitechecker.pro\/es\/wp-json\/wp\/v2\/pages\/24999\/revisions"}],"predecessor-version":[{"id":35487,"href":"https:\/\/sitechecker.pro\/es\/wp-json\/wp\/v2\/pages\/24999\/revisions\/35487"}],"wp:attachment":[{"href":"https:\/\/sitechecker.pro\/es\/wp-json\/wp\/v2\/media?parent=24999"}],"wp:term":[{"taxonomy":"category","embeddable":true,"href":"https:\/\/sitechecker.pro\/es\/wp-json\/wp\/v2\/categories?post=24999"},{"taxonomy":"post_tag","embeddable":true,"href":"https:\/\/sitechecker.pro\/es\/wp-json\/wp\/v2\/tags?post=24999"}],"curies":[{"name":"wp","href":"https:\/\/api.w.org\/{rel}","templated":true}]}}