{"id":24950,"date":"2023-07-24T12:54:03","date_gmt":"2023-07-24T12:54:03","guid":{"rendered":"https:\/\/sitechecker.pro\/?page_id=24950"},"modified":"2025-02-27T10:59:43","modified_gmt":"2025-02-27T10:59:43","slug":"keyword-suggestion-tool-research-content-ideas-sitechecker-%e1%90%88","status":"publish","type":"page","link":"https:\/\/sitechecker.pro\/es\/keyword-suggestion-tool\/","title":{"rendered":"Herramienta de sugerencia de palabras clave para investigar ideas de contenido \u2611"},"content":{"rendered":"<p><\/p>\n<h2 id=\"par1\">\u00bfQu\u00e9 es una herramienta profesional de sugerencias de palabras clave?<\/h2>\n<p>La herramienta de sugerencias de palabras clave de <a href=\"https:\/\/sitechecker.pro\/\" target=\"_blank\" rel=\"noopener noreferrer\">Sitechecker<\/a> es un recurso gratuito en l\u00ednea que genera ideas de palabras clave relevantes aprovechando datos de plataformas como Google, Bing, Google Images, News, Shopping, Yahoo, Wikipedia, YouTube, Amazon, eBay y Fiverr. Ayuda a los usuarios a descubrir frases clave de cola larga, optimizar el contenido y mejorar la visibilidad y el tr\u00e1fico de sitios web, videos y listados de productos.<\/p>\n<p>Al analizar los datos de los motores de b\u00fasqueda, incluido Google Autocomplete, la herramienta respalda el SEO, la creaci\u00f3n de contenido y las estrategias de marketing, lo que permite a los usuarios mejorar las clasificaciones de b\u00fasqueda, dirigirse de manera efectiva a su audiencia y aumentar el rendimiento en m\u00faltiples plataformas.<\/p>\n<h3>La herramienta de sugerencias de palabras clave le ayuda a:<\/h3>\n<p><strong>Optimizaci\u00f3n de contenido: <\/strong>ofrece palabras clave de cola larga para mejorar las clasificaciones en los motores de b\u00fasqueda y enriquecer el contenido del sitio web o el video.<\/p>\n<p><strong>Rendimiento de comercio electr\u00f3nico y PPC: <\/strong>palabras clave sugeridas para listados de productos en Amazon y eBay y frases espec\u00edficas para campa\u00f1as publicitarias pagas efectivas.<\/p>\n<p><strong>Informaci\u00f3n multiplataforma: <\/strong>sugerencias personalizadas de Google, Bing, YouTube y otros, que rastrean las tendencias para mantenerse competitivo.<\/p>\n<h3>Caracter\u00edsticas clave de la herramienta<\/h3>\n<p><strong>Panel unificado: <\/strong>consolida todas las m\u00e9tricas y la informaci\u00f3n de SEO en una \u00fanica interfaz f\u00e1cil de navegar para una supervisi\u00f3n y una gesti\u00f3n eficientes.<\/p>\n<p><strong>Interfaz f\u00e1cil de usar: <\/strong>el dise\u00f1o intuitivo garantiza la facilidad de uso para principiantes y profesionales, lo que simplifica las tareas complejas de SEO.<\/p>\n<p><strong>Complete SEO Toolset:<\/strong>ofrece una amplia gama de herramientas, que incluyen investigaci\u00f3n de frases clave, auditor\u00edas de sitios, seguimiento de v\u00ednculos de retroceso y an\u00e1lisis de rendimiento, para mejorar su presencia en l\u00ednea de manera efectiva.<\/p>\n<h2 id=\"par2\">C\u00f3mo utilizar la herramienta<\/h2>\n<h3>Paso 1: Ingrese una palabra clave o frase clave, elija una plataforma&#8230;<\/h3>\n<p>Ingrese una palabra clave o frase clave, elija una plataforma (Google, Google News, Google Shopping, YouTube, Google Images, Yahoo, Bing, Wikipedia o Fiverr), seleccione el pa\u00eds y el idioma y luego haga clic en el bot\u00f3n &#8220;Obtener sugerencias&#8221;.<\/p>\n<div class=\"content__img-wrap\"><img src=\"https:\/\/sitechecker.pro\/wp-content\/uploads\/2025\/02\/keyword-suggestion-tool-seo-ppc.png\" alt=\"Herramienta de sugerencias de palabras clave para SEO PPC\" class=\"description-img description-img-zoom\" loading=\"lazy\" ><\/div>\n<h3>Paso 2: Obtenga los resultados<\/h3>\n<p>La herramienta proporciona una lista de frases clave relevantes junto con m\u00e9tricas como volumen de b\u00fasqueda, tendencias, CPC y competencia de anuncios, lo que permite tomar decisiones de marketing y SEO basadas en datos.<\/p>\n<div class=\"content__img-wrap\"><img src=\"https:\/\/sitechecker.pro\/wp-content\/uploads\/2025\/02\/suggestions-results.png\" alt=\"Resultados de sugerencias\" class=\"description-img description-img-zoom\" loading=\"lazy\" ><\/div>\n<p>El panel izquierdo organiza las sugerencias de palabras clave en grupos, agrup\u00e1ndolas por su conexi\u00f3n con la consulta principal, lo que la convierte en una poderosa herramienta de agrupaci\u00f3n de palabras clave.<\/p>\n<p>La herramienta tambi\u00e9n proporciona m\u00e9tricas clave como volumen de b\u00fasqueda, tendencias, CPC y competencia de anuncios. Puede seleccionar frases clave espec\u00edficas y agregarlas al <a href=\"https:\/\/sitechecker.pro\/rank-tracker\/\" target=\"_blank\" rel=\"noopener noreferrer\">Rank Tracker<\/a> para realizar un seguimiento detallado y una planificaci\u00f3n estrat\u00e9gica. Se requiere una prueba gratuita para desbloquear el acceso a estos datos.<\/p>\n<div class=\"content__img-wrap\"><img src=\"https:\/\/sitechecker.pro\/wp-content\/uploads\/2025\/02\/suggestions-metrics.png\" alt=\"M\u00e9tricas de sugerencias\" class=\"description-img description-img-zoom\" loading=\"lazy\" ><\/div>\n<div class=\"important-block\">Para recibir resultados y acceder a las funciones de Sitechecker durante 14 d\u00edas, comience su prueba GRATUITA. Reg\u00edstrese f\u00e1cilmente con su cuenta de correo electr\u00f3nico, Google o Facebook. No se necesita tarjeta de cr\u00e9dito.<\/div>\n<h2 id=\"par3\">Comience a rastrear palabras clave relevantes<\/h2>\n<p>Comience a monitorear temas de contenido relevantes seleccionando aquellos que le interesen y agreg\u00e1ndolos al Rank Tracker con solo un clic.<\/p>\n<div class=\"content__img-wrap\"><img src=\"https:\/\/sitechecker.pro\/wp-content\/uploads\/2025\/02\/add-to-rank-tracker.png\" alt=\"Agregar a Rank Tracker\" class=\"description-img description-img-zoom\" loading=\"lazy\" ><\/div>\n<p>Puede agrupar frases clave y agregarlas a Rank Tracker para realizar un seguimiento y an\u00e1lisis completos.<\/p>\n<div class=\"content__img-wrap\"><img src=\"https:\/\/sitechecker.pro\/wp-content\/uploads\/2025\/02\/add-to-rank-tracker-settings.png\" alt=\"Configuraci\u00f3n de Agregar a Rank Tracker\" class=\"description-img description-img-zoom\" loading=\"lazy\" ><\/div>\n<p>Aqu\u00ed, puede seleccionar su motor de b\u00fasqueda, dispositivo, pa\u00eds y regi\u00f3n preferidos.<\/p>\n<p>Despu\u00e9s de completar la configuraci\u00f3n, haga clic en &#8220;Agregar a Rank Tracker&#8221;.<\/p>\n<p>Use la funci\u00f3n &#8220;Administrar palabras clave&#8221; para organizar las palabras clave en categor\u00edas y asociarlas con p\u00e1ginas espec\u00edficas, simplificando su estrategia de promoci\u00f3n.<\/p>\n<div class=\"content__img-wrap\"><img src=\"https:\/\/sitechecker.pro\/wp-content\/uploads\/2025\/02\/manage-keywords.png\" alt=\"Administrar palabras clave\" class=\"description-img description-img-zoom\" loading=\"lazy\" ><\/div>\n<p>El Buscador de palabras clave ofrece un seguimiento personalizado de las ideas de temas en funci\u00f3n del dispositivo y la ubicaci\u00f3n, lo que ofrece informaci\u00f3n valiosa sobre las clasificaciones y el rendimiento de la competencia. Con funciones como puntuaciones de visibilidad, monitoreo de indexaci\u00f3n y an\u00e1lisis de tendencias de SEO, admite la optimizaci\u00f3n de la estrategia. Adem\u00e1s, sus capacidades de generaci\u00f3n de informes adaptables se alinean perfectamente con los cronogramas de las campa\u00f1as.<\/p>\n<div class=\"content__img-wrap\"><img src=\"https:\/\/sitechecker.pro\/wp-content\/uploads\/2025\/02\/rank-tracker-dashboard.png\" alt=\"Panel de control de Rank Tracker\" class=\"description-img description-img-zoom\" loading=\"lazy\" ><\/div>\n<h2 id=\"par4\">Idea final<\/h2>\n<p>La herramienta de sugerencias de palabras clave genera ideas de palabras clave relevantes para SEO, PPC y comercio electr\u00f3nico utilizando datos de plataformas como Google, Bing y Amazon. Ofrece agrupaci\u00f3n de palabras clave, seguimiento del rendimiento e informes personalizables, lo que ayuda a los usuarios a mejorar las clasificaciones, optimizar el contenido e impulsar el \u00e9xito en l\u00ednea.<\/p>","protected":false},"excerpt":{"rendered":"\u00bfQu\u00e9 es una herramienta profesional de sugerencias de palabras clave? La herramienta de sugerencias de palabras clave de Sitechecker es un recurso gratuito en l\u00ednea que genera ideas de palabras clave relevantes aprovechando datos de plataformas como Google, Bing, Google Images, News, Shopping, Yahoo, Wikipedia, YouTube, Amazon, eBay y Fiverr. Ayuda a los usuarios a&#8230;","protected":false},"author":10409641,"featured_media":0,"parent":0,"menu_order":0,"comment_status":"closed","ping_status":"closed","template":"pages-templates\/pages-minitools.php","meta":[],"categories":[71],"tags":[],"_links":{"self":[{"href":"https:\/\/sitechecker.pro\/es\/wp-json\/wp\/v2\/pages\/24950"}],"collection":[{"href":"https:\/\/sitechecker.pro\/es\/wp-json\/wp\/v2\/pages"}],"about":[{"href":"https:\/\/sitechecker.pro\/es\/wp-json\/wp\/v2\/types\/page"}],"author":[{"embeddable":true,"href":"https:\/\/sitechecker.pro\/es\/wp-json\/wp\/v2\/users\/10409641"}],"replies":[{"embeddable":true,"href":"https:\/\/sitechecker.pro\/es\/wp-json\/wp\/v2\/comments?post=24950"}],"version-history":[{"count":78,"href":"https:\/\/sitechecker.pro\/es\/wp-json\/wp\/v2\/pages\/24950\/revisions"}],"predecessor-version":[{"id":35749,"href":"https:\/\/sitechecker.pro\/es\/wp-json\/wp\/v2\/pages\/24950\/revisions\/35749"}],"wp:attachment":[{"href":"https:\/\/sitechecker.pro\/es\/wp-json\/wp\/v2\/media?parent=24950"}],"wp:term":[{"taxonomy":"category","embeddable":true,"href":"https:\/\/sitechecker.pro\/es\/wp-json\/wp\/v2\/categories?post=24950"},{"taxonomy":"post_tag","embeddable":true,"href":"https:\/\/sitechecker.pro\/es\/wp-json\/wp\/v2\/tags?post=24950"}],"curies":[{"name":"wp","href":"https:\/\/api.w.org\/{rel}","templated":true}]}}