{"id":24925,"date":"2023-07-07T15:25:10","date_gmt":"2023-07-07T15:25:10","guid":{"rendered":"https:\/\/sitechecker.pro\/?page_id=24925"},"modified":"2026-02-19T14:42:20","modified_gmt":"2026-02-19T14:42:20","slug":"419-error-page-expired-%f0%9f%93%96-fix","status":"publish","type":"page","link":"https:\/\/sitechecker.pro\/es\/what-is-419-status-code\/","title":{"rendered":"Qu\u00e9 es el c\u00f3digo de estado 419 \u00abP\u00e1gina caducada\u00bb Error \ud83d\udcd6 \u00bfC\u00f3mo solucionarlo?"},"content":{"rendered":"<p><\/p>\n<h2 id=\"par1\">\u00bfQu\u00e9 es el c\u00f3digo de estado HTTP 419?<\/h2>\n<p>El c\u00f3digo de estado 419 es un c\u00f3digo de error del cliente que indica que la solicitud fall\u00f3 porque la <strong>sesi\u00f3n ha expirado<\/strong>. Esto puede suceder si el usuario ha estado inactivo durante demasiado tiempo o si su sesi\u00f3n ha finalizado en el lado del servidor. El c\u00f3digo de estado 419 tambi\u00e9n puede deberse a un error de publicaci\u00f3n relacionado con el archivo api.php y la autorizaci\u00f3n del token.<\/p>\n<p>El c\u00f3digo de estado HTTP 419 no est\u00e1 definido oficialmente en los est\u00e1ndares HTTP por el <a href=\"https:\/\/www.ietf.org\/\" target=\"_blank\" rel=\"nofollow noopener noreferrer\">Grupo de trabajo de ingenier\u00eda de Internet (IETF)<\/a>. Los c\u00f3digos en el rango <a href=\"https:\/\/sitechecker.pro\/what-are-4xx-status-codes\/\" target=\"_blank\" rel=\"noopener noreferrer\">4xx<\/a> generalmente representan errores del cliente donde la solicitud no se puede cumplir debido a alg\u00fan problema con la solicitud del cliente.<\/p>\n<p>Sin embargo, algunas aplicaciones web, en particular el marco web Laravel, usan el c\u00f3digo de estado HTTP 419 para indicar &#8220;P\u00e1gina vencida&#8221; o &#8220;No coincide el token CSRF&#8221;. En este contexto, se usa generalmente para indicar que el token CSRF (<a href=\"https:\/\/owasp.org\/www-community\/attacks\/csrf\" target=\"_blank\" rel=\"nofollow noopener noreferrer\">Falsificaci\u00f3n de solicitud entre sitios<\/a>) asociado con un env\u00edo de datos POST ha vencido o no es v\u00e1lido. Esto puede deberse a que el usuario tarda demasiado en completar un formulario, a que se actualiza una p\u00e1gina antes de enviarla o a un problema con la sesi\u00f3n del servidor.<\/p>\n<p>Tenga en cuenta que el uso del c\u00f3digo de estado HTTP 419 puede variar seg\u00fan el servidor o la aplicaci\u00f3n web, ya que no es un c\u00f3digo de estado HTTP reconocido oficialmente. Consulte siempre la documentaci\u00f3n espec\u00edfica de su servidor o aplicaci\u00f3n para obtener definiciones exactas. Vea nuestra gu\u00eda en video concisa para comprenderlo claramente.<\/p>\n<p><iframe width=\"700\" height=\"350\" src=\"https:\/\/www.youtube.com\/embed\/umLTP8d8HaI?si=H4TfpxUu7Kvw0HMW\" title=\"Reproductor de video de YouTube\" frameborder=\"0\" allow=\"accelerometer; autoplay; clipboard-write; encrypted-media; gyroscope; picture-in-picture; web-share\" allowfullscreen><\/iframe><\/p>\n<h2 id=\"par2\">Impacto del c\u00f3digo de estado 419 en el SEO<\/h2>\n<p>Cuando se trata del c\u00f3digo de estado HTTP 419 y su impacto en el SEO, es importante recordar que es un c\u00f3digo de estado no oficial y que, a menudo, se relaciona con problemas relacionados con la sesi\u00f3n o el token.<\/p>\n<p>Por lo tanto, es posible que la forma en que afecta al SEO no sea tan sencilla como con otros c\u00f3digos de estado reconocidos oficialmente. Sin embargo, podemos hacer algunas suposiciones fundamentadas en funci\u00f3n de su uso.<\/p>\n<table class=\"table-classic\">\n<tbody>\n<tr>\n<td><strong>Capacidad de rastreo e indexabilidad<\/strong><\/td>\n<td style=\"text-align: left;\">Los motores de b\u00fasqueda como Google utilizan rastreadores web, tambi\u00e9n conocidos como bots o ara\u00f1as, para descubrir e indexar p\u00e1ginas web. Si un rastreador encuentra un c\u00f3digo de estado 419, podr\u00eda interpretarlo como un problema con la accesibilidad de la p\u00e1gina.<br \/>\nSi esto ocurre con frecuencia, la p\u00e1gina podr\u00eda desindexarse, lo que significa que no aparecer\u00eda en los resultados de b\u00fasqueda.<\/td>\n<\/tr>\n<tr>\n<td><strong>Experiencia del usuario<\/strong><\/td>\n<td style=\"text-align: left;\">El SEO no se trata solo de bots; tambi\u00e9n se trata de usuarios. Si los usuarios humanos se encuentran con frecuencia con c\u00f3digos de estado 419 (&#8220;P\u00e1gina expirada&#8221;), puede generar una mala experiencia de usuario. Los usuarios pueden abandonar su sitio por frustraci\u00f3n, lo que genera mayores tasas de rebote.<br \/>\nLos motores de b\u00fasqueda tienen en cuenta las se\u00f1ales de comportamiento del usuario, por lo que una mala experiencia del usuario puede afectar indirectamente el SEO de su sitio.<\/td>\n<\/tr>\n<tr>\n<td><strong>Calidad del sitio<\/strong><\/td>\n<td style=\"text-align: left;\">Los errores 419 frecuentes pueden verse como una se\u00f1al de mala calidad o mantenimiento del sitio.<br \/>\nSi su sitio web tiene muchas p\u00e1ginas con errores 419, podr\u00eda da\u00f1ar potencialmente la reputaci\u00f3n general de su sitio a los ojos de los motores de b\u00fasqueda, lo que afectar\u00eda negativamente su SEO.<\/td>\n<\/tr>\n<tr>\n<td><strong><a href=\"https:\/\/sitechecker.pro\/what-is-link-equity\/\" target=\"_blank\" rel=\"noopener noreferrer\">Equidad de enlaces<\/a><\/strong><\/td>\n<td style=\"text-align: left;\">El SEO tambi\u00e9n depende en gran medida del concepto de equidad de enlaces (el valor que se transmite de <a href=\"https:\/\/sitechecker.pro\/link-juice\/\" target=\"_blank\" rel=\"noopener noreferrer\">una p\u00e1gina a otra a trav\u00e9s de enlaces<\/a>).<br \/>\nSi los enlaces de su sitio llevan a p\u00e1ginas que devuelven un estado 419, esto puede interrumpir el flujo de equidad de enlaces, lo que podr\u00eda disminuir el valor de la p\u00e1gina vinculada a los ojos de los motores de b\u00fasqueda.<\/td>\n<\/tr>\n<tr>\n<td><strong>Contenido basado en sesiones<\/strong><\/td>\n<td style=\"text-align: left;\">Dado que el c\u00f3digo de estado 419 suele estar relacionado con la expiraci\u00f3n de sesiones o <a href=\"https:\/\/www.synopsys.com\/glossary\/what-is-csrf.html\" target=\"_blank\" rel=\"nofollow noopener noreferrer\">problemas de CSRF<\/a>, es posible que los robots de los motores de b\u00fasqueda no puedan acceder o indexar f\u00e1cilmente el contenido que depende en gran medida de las sesiones.<br \/>\nEsto se debe a que los robots de los motores de b\u00fasqueda no mantienen sesiones como un usuario t\u00edpico que navega con un navegador web.<\/td>\n<\/tr>\n<\/tbody>\n<\/table>\n<p>Recuerde que el impacto real puede variar en gran medida en funci\u00f3n de c\u00f3mo los motores de b\u00fasqueda traten este c\u00f3digo de estado no est\u00e1ndar, as\u00ed como de c\u00f3mo est\u00e9 configurado su sitio web espec\u00edfico. Siempre es una buena pr\u00e1ctica minimizar los posibles errores, incluido el 419, para garantizar que su sitio siga siendo f\u00e1cil de rastrear y brinde una buena experiencia de usuario.<\/p>\n<h2 id=\"par3\">Detecci\u00f3n de problemas con el c\u00f3digo de estado 419<\/h2>\n<p>La detecci\u00f3n de problemas con el c\u00f3digo de estado HTTP 419 es un proceso que implica m\u00faltiples estrategias, incluido el an\u00e1lisis de registros del servidor, el uso de herramientas de SEO y, en algunos casos, pruebas manuales.<\/p>\n<p>Comience examinando los registros de su servidor. Estos registros suelen ser una mina de oro de informaci\u00f3n, incluidos los c\u00f3digos de estado HTTP que su servidor env\u00eda en respuesta a las solicitudes. Para acceder a estos registros, es posible que deba comunicarse con su proveedor de alojamiento web o con el administrador del servidor si no tiene acceso directo.<\/p>\n<p>Otro enfoque \u00fatil es el rastreo de sitios web. Existen varias herramientas, como <a href=\"https:\/\/sitechecker.pro\/http-status-codes\/\" target=\"_blank\" rel=\"noopener noreferrer\">HTTP Status Code Checker<\/a>, que rastrean su sitio web de manera similar a los robots de los motores de b\u00fasqueda. Estas herramientas se pueden configurar para ejecutar un rastreo de su sitio e informar sobre las p\u00e1ginas que arrojaron c\u00f3digos de estado 4xx.<\/p>\n<p>Google Search Console es otra herramienta invaluable en su arsenal. Es un servicio gratuito proporcionado por Google que puede mostrarle c\u00f3mo interact\u00faa el motor de b\u00fasqueda con su sitio web. Su informe de cobertura incluye informaci\u00f3n sobre las p\u00e1ginas de su sitio a las que Google tuvo problemas para acceder, incluidas aquellas que arrojaron c\u00f3digos de estado 4xx.<\/p>\n<p>Para los sitios web que usan ampliamente sesiones o tokens CSRF, es posible que sea necesario realizar pruebas manuales. Un ejemplo de esto podr\u00eda ser dejar una p\u00e1gina de formulario abierta durante un per\u00edodo prolongado antes de enviarla para ver si puede replicar un problema 419.<\/p>\n<p>Seg\u00fan la arquitectura de su sitio web, los esc\u00e1neres de seguridad de aplicaciones web como <a href=\"https:\/\/owasp.org\/www-project-zap\/\" target=\"_blank\" rel=\"nofollow noopener noreferrer\">OWASP ZAP<\/a> o <a href=\"https:\/\/www.acunetix.com\/\" target=\"_blank\" rel=\"nofollow noopener noreferrer\">Acunetix<\/a> tambi\u00e9n pueden resultar beneficiosos. Adem\u00e1s, las herramientas para desarrolladores de navegadores que vienen con los navegadores web modernos se pueden utilizar para inspeccionar la actividad de la red, lo que le permite ver los c\u00f3digos de estado que devuelve el servidor en respuesta a las solicitudes.<\/p>\n<p>Es fundamental supervisar peri\u00f3dicamente su sitio web para detectar errores, incluidos los c\u00f3digos de estado 419, ya que pueden tener un impacto negativo en la experiencia del usuario y el SEO. Abordar estos problemas de inmediato a medida que surgen ayuda a mantener la salud general de su sitio web y su rendimiento en los resultados de los motores de b\u00fasqueda.<\/p>\n<h2 id=\"par4\">Problemas comunes del c\u00f3digo de estado 419 y c\u00f3mo solucionarlos<\/h2>\n<p>El c\u00f3digo de estado HTTP 419, aunque no est\u00e1 reconocido oficialmente, se usa com\u00fanmente para indicar problemas relacionados con tiempos de espera de sesi\u00f3n o discrepancias de tokens de falsificaci\u00f3n de solicitud entre sitios (CSRF). Este c\u00f3digo de estado puede afectar negativamente tanto a la experiencia del usuario como al rendimiento SEO de un sitio web.<\/p>\n<p>Por lo tanto, comprender las razones comunes detr\u00e1s de un error 419 y c\u00f3mo solucionarlas es crucial para mantener una presencia web efectiva. Profundicemos en algunos de los problemas m\u00e1s comunes que conducen a este error y c\u00f3mo puede resolverlos.<\/p>\n<h3>Tiempo de espera de sesi\u00f3n<\/h3>\n<p>Una de las razones comunes detr\u00e1s de un c\u00f3digo de error 419 es un tiempo de espera de sesi\u00f3n, que puede ocurrir cuando un usuario est\u00e1 inactivo durante un per\u00edodo prolongado de tiempo o cuando caduca un token de sesi\u00f3n.<\/p>\n<div class=\"highlight-block\">Aseg\u00farese de que la configuraci\u00f3n de duraci\u00f3n de la sesi\u00f3n en su servidor est\u00e9 configurada para que coincida con el comportamiento esperado del usuario en su sitio web. Por ejemplo, si su sitio web tiene formularios extensos, es posible que desee extender la duraci\u00f3n del tiempo de espera de la sesi\u00f3n. Adem\u00e1s, considere implementar mecanismos para renovar autom\u00e1ticamente la sesi\u00f3n o advertir al usuario antes de que se agote el tiempo de espera de la sesi\u00f3n.<\/div>\n<h3>Desajuste de token CSRF<\/h3>\n<p>En aplicaciones como Laravel, un c\u00f3digo de estado 419 a menudo significa un desajuste de token CSRF (falsificaci\u00f3n de solicitud entre sitios). Esto puede ocurrir debido a un tiempo de espera de la sesi\u00f3n o si el token no se incluye correctamente en el env\u00edo del formulario.<\/p>\n<div class=\"highlight-block\">Primero, verifique que su aplicaci\u00f3n est\u00e9 generando e incluyendo correctamente tokens CSRF con cada env\u00edo del formulario. Si el problema se debe a que los tiempos de espera de la sesi\u00f3n hacen que el token CSRF caduque, considere extender la duraci\u00f3n del tiempo de espera de la sesi\u00f3n o implementar un mecanismo para actualizar el token sin requerir una recarga de p\u00e1gina completa.<\/div>\n<h3>Errores de configuraci\u00f3n del balanceo de carga<\/h3>\n<p>Si su aplicaci\u00f3n se implementa en varios servidores mediante un balanceador de carga, es posible que la sesi\u00f3n del usuario se vuelva inv\u00e1lida si las solicitudes posteriores se enrutan a diferentes servidores.<\/p>\n<div class=\"highlight-block\">Implemente sesiones persistentes en su balanceador de carga, lo que garantiza que una vez que un usuario se asigna a un servidor, todas las solicitudes posteriores de ese usuario se env\u00eden al mismo servidor. Como alternativa, considere una soluci\u00f3n de almacenamiento de sesi\u00f3n compartida donde los datos de la sesi\u00f3n sean accesibles para todos los servidores.<\/div>\n<h3>C\u00f3digo ineficiente<\/h3>\n<p>A veces, un c\u00f3digo mal optimizado puede generar errores 419 inesperados. Si su aplicaci\u00f3n procesa solicitudes m\u00e1s lentamente que el l\u00edmite de tiempo de espera de la sesi\u00f3n, esto podr\u00eda generar errores en el sitio web.<\/p>\n<div class=\"highlight-block\">Revise el c\u00f3digo de su aplicaci\u00f3n para detectar cuellos de botella o ineficiencias y optim\u00edcelo donde sea necesario. Tambi\u00e9n puede considerar aumentar la duraci\u00f3n del tiempo de espera de la sesi\u00f3n, aunque esto no deber\u00eda ser una soluci\u00f3n a largo plazo para el c\u00f3digo ineficiente.<\/div>\n<p style=\"margin-top: 3%;\">Para evitar errores 419, es esencial supervisar regularmente los registros del servidor y el estado del sitio web, prestando especial atenci\u00f3n a la <a href=\"https:\/\/sitechecker.pro\/pages-per-session-metric\/\" target=\"_blank\" rel=\"noopener noreferrer\">gesti\u00f3n de sesiones<\/a> y asegur\u00e1ndose de que la configuraci\u00f3n del servidor coincida con las necesidades del sitio web y el comportamiento del usuario.<\/p>\n<h2 id=\"par5\">Detecte problemas de c\u00f3digo de estado HTTP 419 con el verificador de c\u00f3digo de estado HTTP<\/h2>\n<div class=\"content__img-wrap\"><img src=\"https:\/\/sitechecker.pro\/wp-content\/uploads\/2023\/06\/http-status-code-checker.png\" alt=\"Http Status Code Checker\" class=\"description-img description-img-zoom\" loading=\"lazy\" ><\/div>\n<p><a href=\"https:\/\/sitechecker.pro\/http-status-codes\/\" target=\"_blank\" rel=\"noopener noreferrer\">HTTP Status Codes Checker<\/a> es un servicio de SEO que ofrece varias herramientas para supervisar y mejorar el rendimiento de su sitio web. Una de sus funciones incluye un verificador de c\u00f3digos de estado HTTP que puede ayudar a detectar problemas como errores 419 en su sitio web.<\/p>\n<p>Cuando ejecuta un an\u00e1lisis de sitio web con Sitechecker.pro, este rastrea su sitio web como lo har\u00eda un robot de motor de b\u00fasqueda. Env\u00eda solicitudes a cada URL y registra los c\u00f3digos de estado HTTP que devuelve su servidor. Si se devuelve alg\u00fan c\u00f3digo de estado 419, puede detectarlo con esta herramienta.<\/p>\n<p>El uso regular de Sitechecker.pro para las auditor\u00edas de su sitio web puede ayudar a detectar errores 419 y tambi\u00e9n a supervisar su resoluci\u00f3n. Al identificar estos errores de forma temprana y abordarlos de inmediato, puede mejorar tanto la experiencia del usuario en su sitio web como su rendimiento en las clasificaciones de los motores de b\u00fasqueda.<\/p>\n<h2 id=\"par6\">Conclusi\u00f3n<\/h2>\n<p>El c\u00f3digo de estado HTTP 419, aunque no es oficial, se usa com\u00fanmente en casos de tiempos de espera de sesi\u00f3n o desajustes de token CSRF. Su aparici\u00f3n puede afectar significativamente el rendimiento SEO de un sitio web, afectando la capacidad de rastreo, la experiencia del usuario, la calidad del sitio y la equidad de enlaces. Herramientas como Sitechecker.pro son \u00fatiles para detectar y resolver estos errores, mejorando la experiencia del usuario y el rendimiento del motor de b\u00fasqueda del sitio web.<\/p>\n<p>Las causas comunes de los errores 419, como los tiempos de espera de sesi\u00f3n, los desajustes de token CSRF, los errores de configuraci\u00f3n de equilibrio de carga y el c\u00f3digo ineficiente, se pueden abordar adoptando las medidas adecuadas. El monitoreo regular, el uso de herramientas SEO confiables y la garant\u00eda de una optimizaci\u00f3n adecuada del c\u00f3digo pueden mejorar significativamente el rendimiento de su sitio web y mantener una presencia en l\u00ednea efectiva.<\/p>\n<div id=\"par7\"><\/div>\n<p><div class=\"front__faq-block\"><div class=\"faq__block-title\">Preguntas frecuentes<\/div><div class=\"panel-group\" id=\"faq-accordion\" itemscope itemtype=\"https:\/\/schema.org\/FAQPage\" role=\"tablist\" aria-multiselectable=\"true\"><div class=\"panel\" itemscope itemtype=\"https:\/\/schema.org\/Question\" itemprop=\"mainEntity\">\n                            <div class=\"panel-heading\" id=\"headingFaq-1\">\n                                <div class=\"panel-title\" data-toggle=\"collapse\" aria-expanded=\"false\" href=\"#collapseFaq-1\">\n                                    <h3 itemprop=\"name\">\u00bfC\u00f3mo soluciono el error 419?<\/h3>\n                                <\/div>\n                            <\/div>\n                            <div id=\"collapseFaq-1\" class=\"panel-collapse collapse\" itemprop=\"acceptedAnswer\" itemscope itemtype=\"http:\/\/schema.org\/Answer\">\n                                <div class=\"panel-body\" itemprop=\"text\">Para solucionar un error 419, comprueba los tiempos de espera de las sesiones y ajusta la configuraci\u00f3n de duraci\u00f3n de la sesi\u00f3n si es necesario. Aseg\u00farate de que los tokens CSRF se generen correctamente y se incluyan en los env\u00edos de formularios. Si tu sitio web utiliza un balanceador de carga, config\u00faralo para utilizar sesiones persistentes o implementa almacenamiento de sesiones compartidas. Adem\u00e1s, optimiza tu c\u00f3digo para evitar respuestas lentas del servidor.<\/div>\n                            <\/div>\n                        <\/div><div class=\"panel\" itemscope itemtype=\"https:\/\/schema.org\/Question\" itemprop=\"mainEntity\">\n                            <div class=\"panel-heading\" id=\"headingFaq-2\">\n                                <div class=\"panel-title\" data-toggle=\"collapse\" aria-expanded=\"false\" href=\"#collapseFaq-2\">\n                                    <h3 itemprop=\"name\">\u00bfQu\u00e9 es el error 419 en un token CSRF?<\/h3>\n                                <\/div>\n                            <\/div>\n                            <div id=\"collapseFaq-2\" class=\"panel-collapse collapse\" itemprop=\"acceptedAnswer\" itemscope itemtype=\"http:\/\/schema.org\/Answer\">\n                                <div class=\"panel-body\" itemprop=\"text\">El error 419 en un token CSRF normalmente significa que hay una discrepancia entre el token que tu aplicaci\u00f3n web espera y el token que recibi\u00f3. Esto puede suceder si el token ha expirado (a menudo debido a un tiempo de espera de la sesi\u00f3n) o si el token no se incluy\u00f3 correctamente en el env\u00edo del formulario.<\/div>\n                            <\/div>\n                        <\/div><div class=\"panel\" itemscope itemtype=\"https:\/\/schema.org\/Question\" itemprop=\"mainEntity\">\n                            <div class=\"panel-heading\" id=\"headingFaq-3\">\n                                <div class=\"panel-title\" data-toggle=\"collapse\" aria-expanded=\"false\" href=\"#collapseFaq-3\">\n                                    <h3 itemprop=\"name\">\u00bfC\u00f3mo evitar el error 419 en Laravel?<\/h3>\n                                <\/div>\n                            <\/div>\n                            <div id=\"collapseFaq-3\" class=\"panel-collapse collapse\" itemprop=\"acceptedAnswer\" itemscope itemtype=\"http:\/\/schema.org\/Answer\">\n                                <div class=\"panel-body\" itemprop=\"text\">Para evitar un error 419 en Laravel es necesario asegurarse de que los tokens CSRF se generen correctamente y se incluyan en cada formulario. Aseg\u00farese de que la duraci\u00f3n de su sesi\u00f3n en el archivo de configuraci\u00f3n de sesi\u00f3n de Laravel est\u00e9 configurada correctamente. Si su aplicaci\u00f3n utiliza un balanceador de carga, implemente sesiones persistentes o una soluci\u00f3n de almacenamiento de sesiones compartidas. Adem\u00e1s, optimice peri\u00f3dicamente el c\u00f3digo de su aplicaci\u00f3n para mejorar el rendimiento.<\/div>\n                            <\/div>\n                        <\/div><\/div><\/div><\/p>","protected":false},"excerpt":{"rendered":"\u00bfQu\u00e9 es el c\u00f3digo de estado HTTP 419? El c\u00f3digo de estado 419 es un c\u00f3digo de error del cliente que indica que la solicitud fall\u00f3 porque la sesi\u00f3n ha expirado. Esto puede suceder si el usuario ha estado inactivo durante demasiado tiempo o si su sesi\u00f3n ha finalizado en el lado del servidor. El&#8230;","protected":false},"author":10409641,"featured_media":24926,"parent":0,"menu_order":0,"comment_status":"closed","ping_status":"closed","template":"pages-templates\/pages-v2.php","meta":[],"categories":[27],"tags":[],"_links":{"self":[{"href":"https:\/\/sitechecker.pro\/es\/wp-json\/wp\/v2\/pages\/24925"}],"collection":[{"href":"https:\/\/sitechecker.pro\/es\/wp-json\/wp\/v2\/pages"}],"about":[{"href":"https:\/\/sitechecker.pro\/es\/wp-json\/wp\/v2\/types\/page"}],"author":[{"embeddable":true,"href":"https:\/\/sitechecker.pro\/es\/wp-json\/wp\/v2\/users\/10409641"}],"replies":[{"embeddable":true,"href":"https:\/\/sitechecker.pro\/es\/wp-json\/wp\/v2\/comments?post=24925"}],"version-history":[{"count":7,"href":"https:\/\/sitechecker.pro\/es\/wp-json\/wp\/v2\/pages\/24925\/revisions"}],"predecessor-version":[{"id":39357,"href":"https:\/\/sitechecker.pro\/es\/wp-json\/wp\/v2\/pages\/24925\/revisions\/39357"}],"wp:featuredmedia":[{"embeddable":true,"href":"https:\/\/sitechecker.pro\/es\/wp-json\/wp\/v2\/media\/24926"}],"wp:attachment":[{"href":"https:\/\/sitechecker.pro\/es\/wp-json\/wp\/v2\/media?parent=24925"}],"wp:term":[{"taxonomy":"category","embeddable":true,"href":"https:\/\/sitechecker.pro\/es\/wp-json\/wp\/v2\/categories?post=24925"},{"taxonomy":"post_tag","embeddable":true,"href":"https:\/\/sitechecker.pro\/es\/wp-json\/wp\/v2\/tags?post=24925"}],"curies":[{"name":"wp","href":"https:\/\/api.w.org\/{rel}","templated":true}]}}