{"id":24914,"date":"2023-07-07T11:53:55","date_gmt":"2023-07-07T11:53:55","guid":{"rendered":"https:\/\/sitechecker.pro\/?page_id=24914"},"modified":"2025-04-07T14:28:12","modified_gmt":"2025-04-07T14:28:12","slug":"418-error-im-teapot%f0%9f%93%96-fix","status":"publish","type":"page","link":"https:\/\/sitechecker.pro\/es\/what-is-418-status-code\/","title":{"rendered":"\u00bfQu\u00e9 es el error de c\u00f3digo de estado 418 \u00abSoy una tetera\u00bb \ud83d\udcd6 C\u00f3mo solucionarlo?"},"content":{"rendered":"<p><\/p>\n<div id=\"par1\"><\/div>\n<p>El c\u00f3digo de estado HTTP 418, tambi\u00e9n conocido como &#8220;I&#8217;m a teapot&#8221; (Soy una tetera), es un estado de Internet que forma parte del est\u00e1ndar HTTP\/1.1. Fue definido originalmente como una broma del D\u00eda de los Inocentes en 1998 como parte del Hyper Text Coffee Pot Control Protocol (HTCPCP), una extensi\u00f3n sat\u00edrica de HTTP destinada a controlar cafeteras.<\/p>\n<p>El 418 se encuentra dentro de la clase de c\u00f3digos de estado de respuesta HTTP en el rango 4xx, lo que indica que el cliente parece haber cometido un error. Sin embargo, el 418, conocido como &#8220;Soy una tetera&#8221;, es algo \u00fanico dentro de este grupo, ya que no est\u00e1 destinado a se\u00f1alar un error real. En cambio, fue creado como parte de un protocolo en broma, el <a href=\"https:\/\/datatracker.ietf.org\/doc\/html\/rfc2324\" target=\"_blank\" rel=\"nofollow noopener noreferrer\">Hyper Text Coffee Pot Control Protocol<\/a> (HTCPCP), y no est\u00e1 destinado a usarse en comunicaciones HTTP reales.<\/p>\n<p>En 2015, <a href=\"https:\/\/twitter.com\/masinter\" rel=\"noopener noreferrer\" target=\"_blank\">Masinter<\/a>, actualmente cient\u00edfico principal en el IETF, particip\u00f3 en una discusi\u00f3n en Twitter para reiterar que el c\u00f3digo de estado fue concebido como una s\u00e1tira.<\/p>\n<div class=\"content__img-wrap\"><img src=\"https:\/\/sitechecker.pro\/wp-content\/uploads\/2024\/03\/http-418-twitt.png\" alt=\"HTTP 418 Twitt\" class=\"description-img description-img-zoom\" loading=\"lazy\" ><\/div>\n<p>Cuando un servidor devuelve el 418, suele ser una se\u00f1al de que un desarrollador o administrador del servidor ha decidido incluirlo como una forma humor\u00edstica o poco convencional de indicar un problema que no encaja en otros c\u00f3digos de estado HTTP. Esto ayuda a evitar c\u00f3digos confusos, ya que organizaciones como la Autoridad de N\u00fameros Asignados de Internet (IANA) etiquetan el 418 como (No usado).<\/p>\n<p>Por ejemplo, algunos desarrolladores han usado el 418 para indicar que un cliente ha intentado ejecutar una operaci\u00f3n que el servidor no est\u00e1 dise\u00f1ado para manejar.<\/p>\n<p>Incluso Google ha implementado su propia versi\u00f3n de este error, que se puede encontrar en <a href=\"https:\/\/www.google.com\/teapot\" target=\"_blank\" rel=\"nofollow noopener noreferrer\">Google.com\/teapot<\/a>.<\/p>\n<div class=\"content__img-wrap\"><img src=\"https:\/\/sitechecker.pro\/wp-content\/uploads\/2023\/07\/418-error-page.png\" alt=\"418 Error Page\" class=\"description-img description-img-zoom\" loading=\"lazy\" ><\/div>\n<p>La respuesta del servidor con un 418 se ver\u00eda algo as\u00ed en el encabezado de respuesta HTTP:<\/p>\n<div class=\"code\"><code>HTTP\/1.1 418 I'm a Teapot<br \/>\n  Date: Sun, 3 Jul 2023 23:59:59 GMT<br \/>\n  Content-Type: text\/html<br \/>\n  Content-Length: 123<br \/>\n<\/code><\/div>\n<p>El cuerpo HTML que acompa\u00f1ar\u00eda dicha respuesta podr\u00eda verse as\u00ed:<\/p>\n<div class=\"code\"><code>&lt;!DOCTYPE html&gt;<br \/>\n  &lt;html&gt;<br \/>\n  &lt;head&gt;<br \/>\n  &lt;title&gt;I'm a teapot&lt;\/title&gt;<br \/>\n  &lt;\/head&gt;<br \/>\n  &lt;body&gt;<br \/>\n  &lt;h1&gt;418: I'm a teapot&lt;\/h1&gt;<br \/>\n  &lt;p&gt;The requested entity body is short and stout. Tip me over and pour me out.&lt;\/p&gt;<br \/>\n  &lt;\/body&gt;<br \/>\n  &lt;\/html&gt;<br \/>\n<\/code><\/div>\n<p>Ten en cuenta que el contenido HTML real depender\u00e1 de la configuraci\u00f3n del servidor y podr\u00eda ser mucho m\u00e1s elaborado y detallado. Adem\u00e1s, recuerda que el 418 no est\u00e1 destinado a usarse en comunicaciones web normales, por lo que es poco probable que lo veas en circunstancias habituales.<\/p>\n<p>El 418 cae dentro del rango de c\u00f3digos de estado HTTP 4xx, que generalmente se utilizan para indicar errores del lado del cliente. Estos son algunos c\u00f3digos 4xx que se utilizan com\u00fanmente:<\/p>\n<table class=\"table-classic\">\n<tbody>\n<tr>\n<td><strong>400 Bad Request<\/strong><\/td>\n<td style=\"text-align: left;\">El servidor no pudo entender la solicitud debido a una sintaxis inv\u00e1lida.<\/td>\n<\/tr>\n<tr>\n<td><strong>401 Unauthorized<\/strong><\/td>\n<td style=\"text-align: left;\">La solicitud requiere autenticaci\u00f3n del usuario.<\/td>\n<\/tr>\n<tr>\n<td><strong>403 Forbidden<\/strong><\/td>\n<td style=\"text-align: left;\">El servidor entendi\u00f3 la solicitud, pero se niega a cumplirla.<\/td>\n<\/tr>\n<tr>\n<td><strong>404 Not Found<\/strong><\/td>\n<td style=\"text-align: left;\">El servidor no encontr\u00f3 nada que coincida con el URI solicitado.<\/td>\n<\/tr>\n<tr>\n<td><strong>429 Too Many Requests<\/strong><\/td>\n<td style=\"text-align: left;\">El usuario ha enviado demasiadas solicitudes en un periodo de tiempo determinado.<\/td>\n<\/tr>\n<\/tbody>\n<\/table>\n<p>Una vez m\u00e1s, vale la pena enfatizar que, aunque estos c\u00f3digos est\u00e1n en el mismo rango, ninguno de ellos es realmente &#8220;similar&#8221; al 418 en su uso o prop\u00f3sito, dada la naturaleza \u00fanica y humor\u00edstica del 418.<\/p>\n<p>El tipo de solicitud que desencadena un 418 puede variar ampliamente, ya que depende de c\u00f3mo los desarrolladores o administradores del servidor decidan utilizarlo. Puede activarse por un tipo espec\u00edfico de solicitud, por una solicitud proveniente de una IP concreta, por ciertos encabezados incluidos, o cualquier otro criterio dependiendo de la configuraci\u00f3n del servidor.<\/p>\n<p>En resumen, aunque el 418 comenz\u00f3 como una broma y no est\u00e1 destinado a usarse en comunicaciones HTTP est\u00e1ndar, ha ganado un lugar en la cultura de Internet como una curiosidad humor\u00edstica entre desarrolladores web.<\/p>\n<h2 id=\"par2\">Problemas Comunes y C\u00f3mo Corregir un Error de Estado 418<\/h2>\n<p>Aunque el c\u00f3digo de estado HTTP 418, tambi\u00e9n conocido como &#8220;Soy una tetera&#8221;, fue concebido originalmente como una broma, su aparici\u00f3n inesperada a veces puede indicar un comportamiento inusual del servidor u otros escenarios poco convencionales. Aunque este c\u00f3digo normalmente no representa un problema real, comprender las posibles razones detr\u00e1s de su aparici\u00f3n puede ayudar a identificar y resolver problemas subyacentes.<\/p>\n<p>A continuaci\u00f3n se presentan algunos escenarios comunes en los que podr\u00edas encontrar un 418 y sugerencias para solucionarlos.<\/p>\n<h3>Comportamiento Inesperado del Servidor<\/h3>\n<p>Encontrarse con un 418 puede indicar que el servidor se est\u00e1 comportando de manera inesperada, posiblemente debido a una configuraci\u00f3n poco com\u00fan.<\/p>\n<div class=\"highlight-block\">Si eres el administrador del servidor, revisa las configuraciones del mismo y los scripts que puedan estar generando esta respuesta inusual. Tambi\u00e9n es posible que un desarrollador con sentido del humor haya configurado intencionalmente el servidor para devolver este c\u00f3digo. Revisa los registros del servidor y el c\u00f3digo para entender por qu\u00e9 se est\u00e1 utilizando el 418.<\/div>\n<h3>Bibliotecas o Middleware de Terceros<\/h3>\n<p>Algunas bibliotecas o middleware pueden utilizar el c\u00f3digo 418 para casos espec\u00edficos, como bloquear bots o como una respuesta especial en ciertas condiciones.<\/p>\n<div class=\"highlight-block\">Revisa la documentaci\u00f3n y el c\u00f3digo de cualquier biblioteca o middleware de terceros que utilice tu aplicaci\u00f3n. Si est\u00e1n generando el c\u00f3digo 418, eval\u00faa si este comportamiento es deseado o si necesitas modificar su uso o elegir otra herramienta.<\/div>\n<h3>Fallo de Comunicaci\u00f3n con una API<\/h3>\n<p>Si est\u00e1s interactuando con una API que devuelve un 418, esto podr\u00eda indicar alg\u00fan tipo de malentendido o un uso incorrecto de la misma.<\/p>\n<div class=\"highlight-block\">Verifica la documentaci\u00f3n de la API y aseg\u00farate de estar formulando correctamente tus solicitudes. La API podr\u00eda estar usando el c\u00f3digo 418 para marcar ciertos tipos de solicitudes incorrectas.<\/div>\n<h3>Problemas del Navegador<\/h3>\n<p>Aunque es menos probable, problemas en el navegador podr\u00edan causar la aparici\u00f3n inesperada del c\u00f3digo 418.<\/p>\n<div class=\"highlight-block\">Prueba borrar la cach\u00e9 y las cookies del navegador. Prueba tambi\u00e9n el sitio o aplicaci\u00f3n en diferentes navegadores para ver si el problema persiste.<\/div>\n<p style=\"margin-top: 3%;\">Recuerda que el c\u00f3digo de estado 418 es una broma y suele usarse de maneras no est\u00e1ndar. Su aparici\u00f3n suele ser una muestra del sentido del humor de un desarrollador o administrador de servidor, m\u00e1s que un problema real que requiera soluci\u00f3n.<\/p>\n<h2 id=\"par3\">Detecta Problemas con el C\u00f3digo HTTP 418 usando el Verificador de C\u00f3digos HTTP<\/h2>\n<div class=\"content__img-wrap\"><img src=\"https:\/\/sitechecker.pro\/wp-content\/uploads\/2023\/06\/http-status-code-checker.png\" alt=\"Http Status Code Checker\" class=\"description-img description-img-zoom\" loading=\"lazy\" ><\/div>\n<p><a href=\"https:\/\/sitechecker.pro\/http-status-codes\/\" target=\"_blank\" rel=\"noopener noreferrer\">El Verificador de C\u00f3digos de Estado HTTP<\/a> ofrece una amplia gama de servicios de auditor\u00eda y an\u00e1lisis SEO para sitios web, incluyendo la capacidad de identificar c\u00f3digos de estado HTTP. Gracias a su potente capacidad de rastreo, Sitechecker.pro puede escanear tu sitio web e identificar los c\u00f3digos de estado que devuelve cada p\u00e1gina.<\/p>\n<p>Al aprovechar los datos de Sitechecker.pro, los webmasters y especialistas en SEO pueden obtener una visi\u00f3n detallada de la salud de su sitio web desde una perspectiva SEO. Esto incluye comprender las respuestas del servidor, lo cual es crucial para asegurar una accesibilidad y rendimiento \u00f3ptimos del sitio. Cualquier p\u00e1gina que devuelva un c\u00f3digo 418 puede ser analizada para entender por qu\u00e9 ocurre y resolver cualquier problema relacionado.<\/p>\n<p>Adem\u00e1s, Sitechecker.pro no se limita a identificar el problema. Tambi\u00e9n ofrece soluciones y recomendaciones sobre c\u00f3mo corregir los errores detectados, incluyendo el uso inadecuado de c\u00f3digos de estado HTTP. Al aprovechar estas funciones, puedes asegurarte de que tu sitio web cumpla con las mejores pr\u00e1cticas SEO y ofrezca la mejor experiencia posible tanto a usuarios como a motores de b\u00fasqueda.<\/p>\n<h2 id=\"par4\">Conclusi\u00f3n<\/h2>\n<p>El c\u00f3digo de estado HTTP 418, &#8220;Soy una tetera&#8221;, es en gran parte una broma del mundo del desarrollo web, pero su aparici\u00f3n inesperada puede se\u00f1alar una situaci\u00f3n poco convencional que requiere atenci\u00f3n. Aunque normalmente es inofensivo, su detecci\u00f3n puede impulsar a los desarrolladores a revisar su c\u00f3digo, configuraciones e interacciones con APIs.<\/p>\n<p>Herramientas como Sitechecker.pro pueden ser muy \u00fatiles en estos casos, detectando el c\u00f3digo 418, diagnosticando su origen e incluso proporcionando soluciones para posibles problemas. A pesar de su naturaleza peculiar, el c\u00f3digo 418 destaca la importancia de entender las respuestas del servidor, aplicar buenas pr\u00e1cticas y usar las herramientas adecuadas para mantener un rendimiento \u00f3ptimo del sitio web.<\/p>\n<div id=\"par5\"><\/div>\n<p><div class=\"front__faq-block\"><div class=\"faq__block-title\">FAQ<\/div><div class=\"panel-group\" id=\"faq-accordion\" itemscope itemtype=\"https:\/\/schema.org\/FAQPage\" role=\"tablist\" aria-multiselectable=\"true\"><div class=\"panel\" itemscope itemtype=\"https:\/\/schema.org\/Question\" itemprop=\"mainEntity\">\n                            <div class=\"panel-heading\" id=\"headingFaq-1\">\n                                <div class=\"panel-title\" data-toggle=\"collapse\" aria-expanded=\"false\" href=\"#collapseFaq-1\">\n                                    <h3 itemprop=\"name\">\u00bfQu\u00e9 significa si has recibido el c\u00f3digo de estado HTTP 418 del servidor?<\/h3>\n                                <\/div>\n                            <\/div>\n                            <div id=\"collapseFaq-1\" class=\"panel-collapse collapse\" itemprop=\"acceptedAnswer\" itemscope itemtype=\"http:\/\/schema.org\/Answer\">\n                                <div class=\"panel-body\" itemprop=\"text\">Significa que el servidor est\u00e1 devolviendo una respuesta humor\u00edstica o no est\u00e1ndar, generalmente debido a una configuraci\u00f3n espec\u00edfica del servidor o a una elecci\u00f3n del desarrollador. El 418, \"Soy una tetera\", normalmente no representa un problema real.<\/div>\n                            <\/div>\n                        <\/div><div class=\"panel\" itemscope itemtype=\"https:\/\/schema.org\/Question\" itemprop=\"mainEntity\">\n                            <div class=\"panel-heading\" id=\"headingFaq-2\">\n                                <div class=\"panel-title\" data-toggle=\"collapse\" aria-expanded=\"false\" href=\"#collapseFaq-2\">\n                                    <h3 itemprop=\"name\">\u00bfC\u00f3mo puedo verificar un c\u00f3digo de estado HTTP 418?<\/h3>\n                                <\/div>\n                            <\/div>\n                            <div id=\"collapseFaq-2\" class=\"panel-collapse collapse\" itemprop=\"acceptedAnswer\" itemscope itemtype=\"http:\/\/schema.org\/Answer\">\n                                <div class=\"panel-body\" itemprop=\"text\">Puedes usar herramientas como el <a href=\"https:\/\/sitechecker.pro\/http-status-codes\/\" target=\"_blank\" rel=\"noopener noreferrer\">Verificador de C\u00f3digos de Estado HTTP<\/a> para escanear tu sitio web y detectar c\u00f3digos como el 418. Tambi\u00e9n puedes usar herramientas de desarrollador del navegador, verificadores online de estado HTTP o herramientas de l\u00ednea de comandos como curl o httpie. Sin embargo, ten en cuenta que el 418 se usa frecuentemente como una broma y puede no aparecer en operaciones normales.<\/div>\n                            <\/div>\n                        <\/div><div class=\"panel\" itemscope itemtype=\"https:\/\/schema.org\/Question\" itemprop=\"mainEntity\">\n                            <div class=\"panel-heading\" id=\"headingFaq-3\">\n                                <div class=\"panel-title\" data-toggle=\"collapse\" aria-expanded=\"false\" href=\"#collapseFaq-3\">\n                                    <h3 itemprop=\"name\">\u00bfQu\u00e9 significa el mensaje \"request failed with status code 418\"?<\/h3>\n                                <\/div>\n                            <\/div>\n                            <div id=\"collapseFaq-3\" class=\"panel-collapse collapse\" itemprop=\"acceptedAnswer\" itemscope itemtype=\"http:\/\/schema.org\/Answer\">\n                                <div class=\"panel-body\" itemprop=\"text\">Este mensaje indica que el servidor ha respondido a tu solicitud con el c\u00f3digo de estado 418. Este c\u00f3digo suele reflejar un comportamiento humor\u00edstico o inusual del servidor, m\u00e1s que un error real.<\/div>\n                            <\/div>\n                        <\/div><div class=\"panel\" itemscope itemtype=\"https:\/\/schema.org\/Question\" itemprop=\"mainEntity\">\n                            <div class=\"panel-heading\" id=\"headingFaq-4\">\n                                <div class=\"panel-title\" data-toggle=\"collapse\" aria-expanded=\"false\" href=\"#collapseFaq-4\">\n                                    <h3 itemprop=\"name\">\u00bfQu\u00e9 implica un c\u00f3digo de estado 418 en JSP?<\/h3>\n                                <\/div>\n                            <\/div>\n                            <div id=\"collapseFaq-4\" class=\"panel-collapse collapse\" itemprop=\"acceptedAnswer\" itemscope itemtype=\"http:\/\/schema.org\/Answer\">\n                                <div class=\"panel-body\" itemprop=\"text\">En el contexto de JavaServer Pages (JSP), un c\u00f3digo 418 usualmente significa que el c\u00f3digo Java del lado del servidor est\u00e1 configurado para devolver esta respuesta no est\u00e1ndar para ciertas solicitudes.<\/div>\n                            <\/div>\n                        <\/div><div class=\"panel\" itemscope itemtype=\"https:\/\/schema.org\/Question\" itemprop=\"mainEntity\">\n                            <div class=\"panel-heading\" id=\"headingFaq-5\">\n                                <div class=\"panel-title\" data-toggle=\"collapse\" aria-expanded=\"false\" href=\"#collapseFaq-5\">\n                                    <h3 itemprop=\"name\">\u00bfQu\u00e9 significa un c\u00f3digo de estado 418 en Google?<\/h3>\n                                <\/div>\n                            <\/div>\n                            <div id=\"collapseFaq-5\" class=\"panel-collapse collapse\" itemprop=\"acceptedAnswer\" itemscope itemtype=\"http:\/\/schema.org\/Answer\">\n                                <div class=\"panel-body\" itemprop=\"text\">Si los servicios de Google devuelven un 418, probablemente se deba a una situaci\u00f3n inusual o una implementaci\u00f3n divertida por parte de un desarrollador. El c\u00f3digo 418 no se usa com\u00fanmente en comunicaciones HTTP est\u00e1ndar.<\/div>\n                            <\/div>\n                        <\/div><\/div><\/div><\/p>","protected":false},"excerpt":{"rendered":"El c\u00f3digo de estado HTTP 418, tambi\u00e9n conocido como &#8220;I&#8217;m a teapot&#8221; (Soy una tetera), es un estado de Internet que forma parte del est\u00e1ndar HTTP\/1.1. Fue definido originalmente como una broma del D\u00eda de los Inocentes en 1998 como parte del Hyper Text Coffee Pot Control Protocol (HTCPCP), una extensi\u00f3n sat\u00edrica de HTTP destinada&#8230;","protected":false},"author":10409641,"featured_media":24916,"parent":0,"menu_order":0,"comment_status":"closed","ping_status":"closed","template":"pages-templates\/pages-v2.php","meta":[],"categories":[27],"tags":[],"_links":{"self":[{"href":"https:\/\/sitechecker.pro\/es\/wp-json\/wp\/v2\/pages\/24914"}],"collection":[{"href":"https:\/\/sitechecker.pro\/es\/wp-json\/wp\/v2\/pages"}],"about":[{"href":"https:\/\/sitechecker.pro\/es\/wp-json\/wp\/v2\/types\/page"}],"author":[{"embeddable":true,"href":"https:\/\/sitechecker.pro\/es\/wp-json\/wp\/v2\/users\/10409641"}],"replies":[{"embeddable":true,"href":"https:\/\/sitechecker.pro\/es\/wp-json\/wp\/v2\/comments?post=24914"}],"version-history":[{"count":9,"href":"https:\/\/sitechecker.pro\/es\/wp-json\/wp\/v2\/pages\/24914\/revisions"}],"predecessor-version":[{"id":37723,"href":"https:\/\/sitechecker.pro\/es\/wp-json\/wp\/v2\/pages\/24914\/revisions\/37723"}],"wp:featuredmedia":[{"embeddable":true,"href":"https:\/\/sitechecker.pro\/es\/wp-json\/wp\/v2\/media\/24916"}],"wp:attachment":[{"href":"https:\/\/sitechecker.pro\/es\/wp-json\/wp\/v2\/media?parent=24914"}],"wp:term":[{"taxonomy":"category","embeddable":true,"href":"https:\/\/sitechecker.pro\/es\/wp-json\/wp\/v2\/categories?post=24914"},{"taxonomy":"post_tag","embeddable":true,"href":"https:\/\/sitechecker.pro\/es\/wp-json\/wp\/v2\/tags?post=24914"}],"curies":[{"name":"wp","href":"https:\/\/api.w.org\/{rel}","templated":true}]}}