{"id":2487,"date":"2023-05-04T14:21:04","date_gmt":"2023-05-04T14:21:04","guid":{"rendered":"https:\/\/sitechecker.pro\/?page_id=2487"},"modified":"2024-11-26T19:24:24","modified_gmt":"2024-11-26T19:24:24","slug":"nofollow-links","status":"publish","type":"page","link":"https:\/\/sitechecker.pro\/es\/nofollow-links\/","title":{"rendered":"Enlaces Dofollow Vs. enlaces Nofollow \u00bfDeber\u00edas prestarles atenci\u00f3n?"},"content":{"rendered":"<p><\/p>\n<h2>\u00bfQu\u00e9 es un enlace Dofollow?<\/h2>\n<p>&nbsp;<\/p>\n<p>Para comprender realmente de que tratan los enlaces Dofollow y Nofollow, tenemos que fundamentar un poco sobre c\u00f3mo funciona en el SEO en los enlaces de una p\u00e1gina web.<\/p>\n<p>En el momento en que una p\u00e1gina de un sitio web obtiene su enlace, este se vuelve un hiperv\u00ednculo \u00fanico que indica la direcci\u00f3n de la p\u00e1gina, la cual a su vez recibe la ayuda de SEO. Por ejemplo, piensa en un hiperv\u00ednculo \u00fanico como un punto, y cuantas m\u00e1s conexiones tenga, habr\u00e1 m\u00e1s puntos.<\/p>\n<p>Google observa estos puntos, prestando mucha atenci\u00f3n a la cantidad de backlinks que tiene una p\u00e1gina y cu\u00e1l es el destino que tiene. Google se da cuenta que si muchas personas se conectan a una misma p\u00e1gina es porque debe ser realmente excelente. Si le damos preferencia en nuestros buscadores a esa p\u00e1gina sobre otras que tienen un tema similar, sin duda podemos transmitir a nuestros clientes p\u00e1ginas webs absolutamente perfectas y con mayor credibilidad.<\/p>\n<p>Por si fuera poco, Google cre\u00f3 un algoritmo llamado PageRank para descubrir la autoridad de los enlaces. Algunas personas que trabajan con SEO prefieren llamarle \u201clink juice.\u201d Estos links se mueven a trav\u00e9s de los sitios web de destino y en las configuraciones locales mediante hiperv\u00ednculos. Cuanto m\u00e1s confiable es el sitio, mayor es el aumento en el link juice que obtienen las p\u00e1ginas que se encuentran conectadas a ese enlace. Por ejemplo, \u00a1conseguir una conexi\u00f3n a un link del New York Times o BBC es maravilloso!<\/p>\n<p>Por ahora, podemos saber que un enlace Dofollow se trata de enlaces que se consideran \u201cpuntos\u201d, estos impulsan el uso de la interfaz SEO y aumentan el rango de sitios web vinculados, ayud\u00e1ndolos a posicionarse en el <a href=\"https:\/\/sitechecker.pro\/es\/serp\/\">SERP<\/a> (resultados de b\u00fasqueda).<\/p>\n<p>&nbsp;<\/p>\n<h2>\u00bfQu\u00e9 es el misterio enlace Nofollow?<\/h2>\n<p>&nbsp;<\/p>\n<p>Un enlace Nofollow es una conexi\u00f3n que no incluye un punto en el soporte de la p\u00e1gina, no es admitido el PageRank y en definitiva, no ayuda al posicionamiento de una p\u00e1gina en los SERP. Los enlaces Nofollow hacen que la vida de un sitio web sea solitaria y triste.<\/p>\n<p>Una conexi\u00f3n a un enlace Nofollow se realiza con una etiqueta HTML, que se asemeja a est:<\/p>\n<div class=\"code\"><code>&lt;a href=\"http:\/\/www.website.com\/\" rel=\"nofollow\"&gt;Link Text&lt;\/a&gt;<\/code><\/div>\n<p>La etiqueta Nofollow es una se\u00f1al de aviso para los buscadores que dicen &#8220;hey, no verifiques esto&#8221;.<\/p>\n<p>\u00bfNo es eso realmente horrible? \u00bfPor qu\u00e9 raz\u00f3n alguien har\u00eda algo as\u00ed? Hay un prop\u00f3sito detr\u00e1s del Nofollow \u00a1Y es bastante bueno!<\/p>\n<p>&nbsp;<\/p>\n<h2>\u00a1Un mundo sin Nofollow es en realidad un chiste!<\/h2>\n<p>&nbsp;<\/p>\n<p>Como hemos dicho anteriormente, Google utiliza un tipo de conexi\u00f3n com\u00fan para cuantificar el PageRank. M\u00e1s enlaces significan m\u00e1s link juice, lo que genera p\u00e1ginas con mayor posicionamiento.<\/p>\n<p>Normalmente, el PageRank existe para percibir qu\u00e9 p\u00e1ginas son las m\u00e1s conocidas (y frecuentemente de mayor calidad), y facilitar esos sitios a los motores de b\u00fasqueda.<\/p>\n<p>Teniendo en cuenta todo esto, seguramente habr\u00e1s escuchado a algunos autoproclamados &#8220;especialistas SEO\u201d planean hacer trampa a los web indexes e inflar sus clasificaciones utilizando SEO black-hat, unas t\u00e9cnicas poco confiables y poco \u00e9ticas, que antes de la aparici\u00f3n del Nofollow este era un m\u00e9todo simple para apoyar falsamente el ranking de las p\u00e1ginas.<\/p>\n<p>Cuando PageRank fue encontrado por los black-hat de SEO, \u00a1se desat\u00f3 la locura! De repente, todo se trataba de conexiones para SEO.<\/p>\n<p>M\u00e1s conexiones entrantes significaban un mejor PageRank y el SEO se destin\u00f3 a lograr un n\u00famero inimaginable de conexiones, independientemente de si esto implicaba enviar correos spam a todos en la web para poder obtenerlas. Los comentarios en blogs se volvieron v\u00e1nales, cargados con pol\u00e9mica y balbuceos.<\/p>\n<p>Wikipedia tambi\u00e9n se volvi\u00f3 un caos, ya que ciertos usuarios se esforzaron por incluir sus propios sitios como referencias en varias p\u00e1ginas de Wikipedia, todo por el anhelado link juice.<\/p>\n<p>Los bloggers estaban algo estresados, alegando que estos emisores de correo no deseado estaban arruinando cualquier posibilidad de alentar la singularidad y credibilidad del periodismo online. En 2005, Google, conocida como la polic\u00eda de la red, se pronunci\u00f3. Matt Cutts de Google y Jason Shellen de Blogger se arriesgaron a presentar el atributo Nofollow.<\/p>\n<p>&nbsp;<\/p>\n<h2>Nofollow puede convertirse en la etiqueta interesante que internet necesita<\/h2>\n<p>&nbsp;<\/p>\n<p>La necesidad de la etiqueta Nofollow representa la actitud sesgada y de spam normalmente asociada con el SEO, sin embargo, no se puede negar que no podr\u00edamos vivir sin ella.<\/p>\n<p>La etiqueta de conexi\u00f3n Nofollow ha colaborado considerablemente en el mundo l\u00ednea.<\/p>\n<p>La mayor\u00eda de los spammers de SEO no intentar\u00e1n presentar enlaces sin importancia en sitios o publicaciones; ellos sabr\u00e1n que no tendr\u00e1n oportunidad de publicar una conexi\u00f3n Dofollow. WordPress, por lo tanto, asigna enlaces Nofollow a todas las conexiones de los usuarios y Wikipedia hace lo mismo en el \u00e1rea de referencias.<\/p>\n<p>Aunque el spam de comentario en blogs a\u00fan sucede, el Nofollow lo moder\u00f3.<\/p>\n<p>Como administrador de un sitio web, puedes terminar pregunt\u00e1ndote cu\u00e1ndo utilizar el atributo Nofollow.<\/p>\n<p>B\u00e1sicamente, las conexiones de Nofollow se utilizan para:<\/p>\n<ul>\n<li>Las conexiones son pagas (no ser\u00eda razonable comprar link juice)<\/li>\n<li>Comentarios.<\/li>\n<li>Foros de discusi\u00f3n<\/li>\n<li>Todo lo que Google llama &#8220;contenido no confiable&#8221;.<\/li>\n<\/ul>\n<p>Algunos webmasters pueden deshabilitar el Nofollow como una recompensa para los analistas de blogs que est\u00e1n unidos a los grupos de bloggerss o que est\u00e1n inmersos en las pl\u00e1ticas m\u00e1s profundas sobre este tema, pero eso depender\u00e1 de cada persona.<\/p>\n<p>&nbsp;<\/p>\n<h2>\u00bfDeber\u00eda ignorar el hype de los enlaces Nofollow?<\/h2>\n<p>&nbsp;<\/p>\n<p>\u00a1De ninguna manera! Que ellos no le den suficiente importancia a los enlaces SEO no significa que las conexiones sean in\u00fatiles. Adem\u00e1s, a\u00fan brindan una actividad significativa en el mundo online.<\/p>\n<p>Un simple comentario Nofollow en un blog o una publicaci\u00f3n en las redes sociales, puede enviar una enorme cantidad de actividad a tu sitio web\u2026 \u00a1Y traer cientos de clientes potenciales!<\/p>\n<p>Por otra parte, <a href=\"https:\/\/sitechecker.pro\/es\/search-engines\/\">los motores de b\u00fasqueda<\/a> actuales siempre est\u00e1n echando un vistazo a una gran cantidad de variables m\u00e1s all\u00e1 del link juice y el PageRank. Por ejemplo, la interacci\u00f3n en redes sociales como Twitter y Facebook, son progresivamente rentables a pesar de ser Nofollow.<\/p>\n<p>El truco est\u00e1 en crear reputaci\u00f3n. No pienses en que enlaces son \u00fatiles para SEO, piensa en qu\u00e9 enlaces son realmente convenientes para tu negocio, tu marca y qu\u00e9 conexiones pueden ayudarte a establecerte con autoridad en esta industria. Ten en cuenta que las conexiones generan confianza.<\/p>\n<p>Por otro lado, a veces vale la pena presionar los enlaces que se consiguen en Wikipedia.<\/p>\n<p>Wikipedia es sumamente meticuloso con sus referencias, por lo que tendr\u00e1s que proporcionar datos extremadamente especiales y en el caso de que puedas conseguir una buena conexi\u00f3n, puedes obtener resultados realmente interesantes, incluidas otras conexiones Dofollow.<\/p>\n<p>Los links de Wikipedia, a pesar de ser Nofollow, pueden impulsar la actividad y podr\u00edan obtener algunas conexiones que valdr\u00e1n oro en el futuro.<\/p>\n<p>&nbsp;<\/p>\n<h2>Instrucciones para saber cu\u00e1les son los enlaces Nofollow<\/h2>\n<p>&nbsp;<\/p>\n<p>Para los genios de SEO que necesitan rastrear cuidadosamente los enlaces Nofollow, existen numerosas extensiones que pueden descargar para los dos navegadores que presentan naturalmente ambos tipos de conexiones en las p\u00e1ginas de visitas.<\/p>\n<p>Un par de Firefox son:<\/p>\n<ul>\n<li>SEO Quake<\/li>\n<li>Nodofollow<\/li>\n<li>SearchStatus<\/li>\n<\/ul>\n<p>Para Chrome es la siguiente:<\/p>\n<ul>\n<li>NoFollow Simple<\/li>\n<\/ul>\n<p>&nbsp;<\/p>\n<h2>Instrucciones para conseguir enlaces Dofollow<\/h2>\n<p>&nbsp;<\/p>\n<p>Hemos debatido el porqu\u00e9 los enlaces son indispensables, prestando poca atenci\u00f3n a su estado de Nofollow o Dofollow, y es posible que a\u00fan necesites un par de Dofollow.<\/p>\n<p>El enfoque ideal para conseguir conexiones Dofollow de una forma honesta y transparente es: hacer contenido excelente y \u00fanico que se comparta y se conecte con fluidez. Los diferentes m\u00e9todos incorporan blogs, particularmente en una p\u00e1gina web importante y similar a la suya con el objetivo de que pueda armar un movimiento de referencia a pesar de recibir apoyo de SEO.\u00a0Adem\u00e1s, puede intentar generar <a href=\"https:\/\/sitechecker.pro\/es\/backlinks-generator\/\">backlinks gratis<\/a> con herramientas web especializadas en l\u00ednea.<\/p>\n<p>&nbsp;<\/p>\n<h2>Take after o No Follow: un perfil de enlaces balanceado es lo mejor<\/h2>\n<p>&nbsp;<\/p>\n<p>Ten en cuenta que, al menos, necesitas buena flexibilidad para links Dofollow y Nofollow para tener el perfil ideal de enlaces. Los primeros pueden ayudar con el SEO, pero ambos pueden tener posicionamiento en tu estrategia de marketing en la red.<\/p>","protected":false},"excerpt":{"rendered":"\u00bfQu\u00e9 es un enlace Dofollow? &nbsp; Para comprender realmente de que tratan los enlaces Dofollow y Nofollow, tenemos que fundamentar un poco sobre c\u00f3mo funciona en el SEO en los enlaces de una p\u00e1gina web. En el momento en que una p\u00e1gina de un sitio web obtiene su enlace, este se vuelve un hiperv\u00ednculo \u00fanico&#8230;","protected":false},"author":10718706,"featured_media":3434,"parent":0,"menu_order":0,"comment_status":"closed","ping_status":"closed","template":"pages-templates\/pages-v2.php","meta":[],"categories":[27],"tags":[],"_links":{"self":[{"href":"https:\/\/sitechecker.pro\/es\/wp-json\/wp\/v2\/pages\/2487"}],"collection":[{"href":"https:\/\/sitechecker.pro\/es\/wp-json\/wp\/v2\/pages"}],"about":[{"href":"https:\/\/sitechecker.pro\/es\/wp-json\/wp\/v2\/types\/page"}],"author":[{"embeddable":true,"href":"https:\/\/sitechecker.pro\/es\/wp-json\/wp\/v2\/users\/10718706"}],"replies":[{"embeddable":true,"href":"https:\/\/sitechecker.pro\/es\/wp-json\/wp\/v2\/comments?post=2487"}],"version-history":[{"count":56,"href":"https:\/\/sitechecker.pro\/es\/wp-json\/wp\/v2\/pages\/2487\/revisions"}],"predecessor-version":[{"id":34313,"href":"https:\/\/sitechecker.pro\/es\/wp-json\/wp\/v2\/pages\/2487\/revisions\/34313"}],"wp:featuredmedia":[{"embeddable":true,"href":"https:\/\/sitechecker.pro\/es\/wp-json\/wp\/v2\/media\/3434"}],"wp:attachment":[{"href":"https:\/\/sitechecker.pro\/es\/wp-json\/wp\/v2\/media?parent=2487"}],"wp:term":[{"taxonomy":"category","embeddable":true,"href":"https:\/\/sitechecker.pro\/es\/wp-json\/wp\/v2\/categories?post=2487"},{"taxonomy":"post_tag","embeddable":true,"href":"https:\/\/sitechecker.pro\/es\/wp-json\/wp\/v2\/tags?post=2487"}],"curies":[{"name":"wp","href":"https:\/\/api.w.org\/{rel}","templated":true}]}}