{"id":24707,"date":"2023-06-29T11:10:28","date_gmt":"2023-06-29T11:10:28","guid":{"rendered":"https:\/\/sitechecker.pro\/?page_id=24707"},"modified":"2025-06-02T11:50:32","modified_gmt":"2025-06-02T11:50:32","slug":"403-status-code-%f0%9f%93%96-identify-fix","status":"publish","type":"page","link":"https:\/\/sitechecker.pro\/es\/what-is-403-status-code\/","title":{"rendered":"Qu\u00e9 es el c\u00f3digo de estado 403 \ud83d\udcd6 \u00bfC\u00f3mo identificarlo y solucionarlo?"},"content":{"rendered":"<p><\/p>\n<div id=\"par1\"><\/div>\n<p>El c\u00f3digo de estado 403, tambi\u00e9n conocido como 403 Forbidden, es un c\u00f3digo de respuesta HTTP que indica que el servidor entendi\u00f3 la solicitud, pero se niega a autorizarla. Este estado es similar al 401 (Unauthorized), pero indica que el cliente debe autenticarse para obtener la respuesta solicitada.<\/p>\n<p>Una respuesta 403 no garantiza que el cliente pueda acceder al recurso solicitado; incluso si el cliente se ha autenticado, el acceso a\u00fan puede estar prohibido por razones que el servidor decide no revelar.<\/p>\n<p>En la mayor\u00eda de los casos, un c\u00f3digo 403 no est\u00e1 relacionado con credenciales de acceso incorrectas, sino con un problema m\u00e1s general de permisos. Puede deberse a que el cliente no tiene permiso para acceder al recurso, a que el acceso se proh\u00edbe por la direcci\u00f3n IP del cliente, a que la solicitud es legal pero el servidor se niega a responder, o a razones legales que requieren autenticaci\u00f3n del agente de usuario.<\/p>\n<p>En esencia, cuando se encuentra con un c\u00f3digo 403, el servidor est\u00e1 diciendo:<\/p>\n<div class=\"article__quote\">\n                    <div class=\"quote-text\">Entiendo lo que est\u00e1s solicitando, pero no te permitir\u00e9 acceder. No tienes permiso para ver este contenido.<\/div>\n            <div class=\"quote-author-block\"><div class=\"quote-author-meta\">\n                    <div class=\"quote-author-name\">\n                        <span> <\/span><\/div><\/div><\/div><\/div>\n<h2 id=\"par2\">C\u00f3mo un c\u00f3digo 403 puede afectar al SEO<\/h2>\n<p>Un c\u00f3digo de estado 403, aunque est\u00e1 dise\u00f1ado para transmitir restricciones de permisos a los usuarios, tambi\u00e9n puede tener implicaciones importantes en el SEO. Esto se debe a que los bots de los motores de b\u00fasqueda manejan un 403 de forma similar a un navegador: se les niega el acceso al contenido solicitado.<\/p>\n<p>Estas son algunas de las principales implicaciones de un c\u00f3digo 403 en el SEO:<\/p>\n<table class=\"table-classic\">\n<tbody>\n<tr>\n<td><strong>Evita la indexaci\u00f3n<\/strong><\/td>\n<td style=\"text-align: left;\">Un c\u00f3digo 403 puede evitar que una p\u00e1gina sea indexada. Si un bot de un motor de b\u00fasqueda encuentra un 403 al intentar rastrear una p\u00e1gina, se le indica que no tiene permitido acceder.<br \/>\n      Como resultado, la p\u00e1gina no se indexar\u00e1 y no aparecer\u00e1 en los resultados de b\u00fasqueda, reduciendo la visibilidad general del sitio.<\/td>\n<\/tr>\n<tr>\n<td><strong>P\u00e9rdida del presupuesto de rastreo<\/strong><\/td>\n<td style=\"text-align: left;\">Los bots de los motores de b\u00fasqueda tienen un &#8220;<a href=\"https:\/\/developers.google.com\/search\/docs\/crawling-indexing\/large-site-managing-crawl-budget\" target=\"_blank\" rel=\"nofollow noopener noreferrer\">presupuesto de rastreo<\/a>&#8221; para cada sitio web, es decir, un n\u00famero de p\u00e1ginas que rastrean en un periodo de tiempo determinado. Si un bot encuentra un 403, pierde parte de su presupuesto en una p\u00e1gina que no puede indexar.<br \/>\n      Si esto ocurre con frecuencia, puede hacer que se indexen menos p\u00e1ginas, especialmente en sitios grandes.<\/td>\n<\/tr>\n<tr>\n<td><strong>Mala experiencia del usuario<\/strong><\/td>\n<td style=\"text-align: left;\">Si un usuario humano se encuentra con un error 403 en tu sitio, tendr\u00e1 una mala experiencia al no poder acceder al contenido que busca.<br \/>\n      Esta experiencia negativa puede impactar indirectamente en el SEO, ya que los motores de b\u00fasqueda consideran las se\u00f1ales de experiencia del usuario para clasificar p\u00e1ginas.<\/td>\n<\/tr>\n<tr>\n<td><strong>Posible ca\u00edda en el ranking<\/strong><\/td>\n<td style=\"text-align: left;\">En casos extremos, si una p\u00e1gina previamente accesible e indexada comienza a devolver un error 403, esto podr\u00eda llevar a una ca\u00edda en el ranking de esa p\u00e1gina, ya que se vuelve inaccesible tanto para usuarios como para bots.<br \/>\n      La velocidad y magnitud de la ca\u00edda depender\u00e1 de cu\u00e1n r\u00e1pido el motor de b\u00fasqueda elimine esa p\u00e1gina de su \u00edndice.<\/td>\n<\/tr>\n<\/tbody>\n<\/table>\n<p>En resumen, encontrar un c\u00f3digo 403 puede tener efectos negativos en el rendimiento SEO de tu sitio. Por eso, es esencial monitorear y corregir estos errores lo antes posible para mantener la visibilidad en buscadores y la experiencia del usuario.<\/p>\n<h2 id=\"par3\">Error HTTP 401 vs Error HTTP 403<\/h2>\n<p>Aunque ambos c\u00f3digos 403 y 401 representan errores del cliente en el protocolo HTTP, se refieren a situaciones distintas y se utilizan en contextos diferentes:<\/p>\n<div class=\"content__img-wrap\"><img src=\"https:\/\/sitechecker.pro\/wp-content\/uploads\/2023\/07\/403-vs-401-status-code.png\" alt=\"403 Vs 401 Status Code\" class=\"description-img description-img-zoom\" loading=\"lazy\" ><\/div>\n<h3>401 Unauthorized<\/h3>\n<p>El c\u00f3digo 401 Unauthorized indica que la solicitud no se ha procesado porque carece de credenciales v\u00e1lidas para el recurso solicitado. Esta respuesta debe incluir un encabezado <a href=\"https:\/\/developer.mozilla.org\/en-US\/docs\/Web\/HTTP\/Headers\/WWW-Authenticate\" target=\"_blank\" rel=\"nofollow noopener noreferrer\">WWW-Authenticate<\/a> con un desaf\u00edo aplicable. En t\u00e9rminos simples, significa que el servidor necesita verificar qui\u00e9n eres antes de responder a tu solicitud. Una vez que proporciones un usuario y contrase\u00f1a v\u00e1lidos, deber\u00edas obtener acceso.<\/p>\n<h3>403 Forbidden<\/h3>\n<p>Por otro lado, el c\u00f3digo 403 Forbidden indica que el servidor entendi\u00f3 la solicitud, pero se niega a autorizarla. Este c\u00f3digo se utiliza com\u00fanmente cuando el servidor no desea explicar por qu\u00e9 se ha rechazado la solicitud o cuando no hay otra respuesta aplicable. A diferencia del c\u00f3digo 401, autenticarse no servir\u00e1 de nada y el acceso ser\u00e1 denegado de todos modos. Es una negaci\u00f3n m\u00e1s definitiva.<\/p>\n<p>En esencia, el c\u00f3digo 401 significa &#8220;Faltan o son incorrectas las credenciales de inicio de sesi\u00f3n&#8221;, mientras que el 403 significa &#8220;S\u00e9 qui\u00e9n eres, pero no puedes entrar&#8221;. La diferencia clave est\u00e1 en que el 403 requiere autorizaci\u00f3n, no solo autenticaci\u00f3n.<\/p>\n<h2 id=\"par4\">Problemas comunes y c\u00f3mo solucionar el error 403 Forbidden<\/h2>\n<p>Resolver un error 403 implica averiguar por qu\u00e9 el servidor niega el acceso y luego corregir el problema. Aqu\u00ed tienes algunos pasos para identificar y solucionar errores 403, as\u00ed como medidas preventivas:<\/p>\n<h3>Verificar permisos de archivos<\/h3>\n<p>Los permisos incorrectos en archivos o carpetas son una causa com\u00fan de errores 403.<\/p>\n<div class=\"highlight-block\">Aseg\u00farate de que los permisos de archivos y carpetas est\u00e9n configurados correctamente. En general, las carpetas deben tener permiso 755 y los archivos 644. Esto permite que el usuario lea y escriba, y que los dem\u00e1s solo puedan leer.<\/div>\n<h3>Revisar el archivo .htaccess<\/h3>\n<p>El archivo .htaccess es un archivo de configuraci\u00f3n utilizado por servidores Apache. Una configuraci\u00f3n incorrecta puede causar un error 403.<\/p>\n<div class=\"highlight-block\">Verifica que no haya reglas de redirecci\u00f3n incorrectas ni directivas \"deny\". Si tienes dudas, cambia temporalmente el nombre del archivo para ver si el error desaparece.<\/div>\n<h3>Verificar bloqueo por IP<\/h3>\n<p>El servidor podr\u00eda estar configurado para negar el acceso a ciertas direcciones IP.<\/p>\n<div class=\"highlight-block\">Revisa la configuraci\u00f3n del firewall o los archivos de configuraci\u00f3n del servidor para ver si tu IP est\u00e1 bloqueada. Si es as\u00ed, elim\u00ednala de la lista de bloqueo.<\/div>\n<h3>Desactivar plugins de seguridad<\/h3>\n<p>Si usas un CMS como WordPress, algunos plugins de seguridad pueden ser demasiado estrictos y generar <a href=\"https:\/\/wordpress.org\/support\/topic\/wordpress-wp-admin-acces-403-forbidden\/\" target=\"_blank\" rel=\"nofollow noopener noreferrer\">errores 403<\/a>.<\/p>\n<div class=\"highlight-block\">Prueba desactivar temporalmente los plugins de seguridad para ver si el error desaparece. Si es as\u00ed, ajusta la configuraci\u00f3n del plugin que lo est\u00e1 causando.<\/div>\n<h3>Verificar protecci\u00f3n hotlink<\/h3>\n<div class=\"highlight-block\">La protecci\u00f3n hotlink impide que otros sitios web enlacen directamente a tus archivos (lo que consume tu ancho de banda). Si est\u00e1 mal configurada, puede causar un error 403. Ajusta la configuraci\u00f3n si es necesario.<\/div>\n<h3>Contactar con el proveedor de hosting<\/h3>\n<p>Si despu\u00e9s de todo a\u00fan tienes problemas, es hora de contactar con tu proveedor de hosting.<\/p>\n<div class=\"highlight-block\">Ellos pueden revisar los registros del servidor para identificar exactamente por qu\u00e9 se genera el error 403.<\/div>\n<p>Como medida preventiva, es una buena pr\u00e1ctica revisar peri\u00f3dicamente tu sitio en busca de errores 403 y otros c\u00f3digos de estado. Hay muchas herramientas online que pueden rastrear tu sitio y detectar errores. Corregirlos r\u00e1pidamente ayuda a mantener tu SEO y experiencia de usuario en buen estado.<\/p>\n<h2 id=\"par5\">Herramienta para detectar c\u00f3digos 403 con eficacia<\/h2>\n<div class=\"content__img-wrap\"><img src=\"https:\/\/sitechecker.pro\/wp-content\/uploads\/2023\/06\/http-status-code-checker.png\" alt=\"Http Status Code Checker\" class=\"description-img description-img-zoom\" loading=\"lazy\" ><\/div>\n<p>El <a href=\"https:\/\/sitechecker.pro\/http-status-codes\/\" target=\"_blank\" rel=\"noopener noreferrer\">verificador de c\u00f3digos de estado HTTP<\/a> de Sitechecker Pro es una herramienta potente que permite identificar eficazmente c\u00f3digos 403 durante una auditor\u00eda web. Escanea tu sitio como lo har\u00eda un bot de un motor de b\u00fasqueda, documentando todos los c\u00f3digos de estado, incluidos los 403. Esto te permite saber exactamente d\u00f3nde ocurren y si est\u00e1n correctamente implementados o est\u00e1n causando problemas de SEO.<\/p>\n<p>Adem\u00e1s de identificar c\u00f3digos, Sitechecker Pro ofrece informaci\u00f3n detallada sobre el rendimiento del sitio, lo que lo convierte en una herramienta esencial para la optimizaci\u00f3n SEO.<\/p>\n<h2 id=\"par6\">Conclusi\u00f3n<\/h2>\n<p>El c\u00f3digo de estado 403 indica que el servidor se niega a autorizar una solicitud debido a problemas de permisos. Este error puede afectar negativamente al SEO al impedir la indexaci\u00f3n, desperdiciar presupuesto de rastreo, perjudicar la experiencia del usuario y provocar ca\u00eddas en el ranking. Las causas comunes incluyen permisos incorrectos, problemas en el archivo .htaccess, IPs bloqueadas, plugins de seguridad y protecci\u00f3n hotlink mal configurada. Resolver estos problemas r\u00e1pidamente es clave.<\/p>\n<p>Herramientas como el verificador de Sitechecker Pro pueden ayudarte a identificar y corregir errores 403 de manera efectiva para mejorar el SEO.<\/p>\n<div id=\"par7\"><\/div>\n<p><div class=\"front__faq-block\"><div class=\"faq__block-title\">FAQ<\/div><div class=\"panel-group\" id=\"faq-accordion\" itemscope itemtype=\"https:\/\/schema.org\/FAQPage\" role=\"tablist\" aria-multiselectable=\"true\"><div class=\"panel\" itemscope itemtype=\"https:\/\/schema.org\/Question\" itemprop=\"mainEntity\">\n                            <div class=\"panel-heading\" id=\"headingFaq-1\">\n                                <div class=\"panel-title\" data-toggle=\"collapse\" aria-expanded=\"false\" href=\"#collapseFaq-1\">\n                                    <h3 itemprop=\"name\">\u00bfQu\u00e9 significa \"Request failed with status code 403\"?<\/h3>\n                                <\/div>\n                            <\/div>\n                            <div id=\"collapseFaq-1\" class=\"panel-collapse collapse\" itemprop=\"acceptedAnswer\" itemscope itemtype=\"http:\/\/schema.org\/Answer\">\n                                <div class=\"panel-body\" itemprop=\"text\">\"Request failed with status code 403\" significa que la solicitud hecha al servidor fue denegada debido a autorizaci\u00f3n insuficiente o falta de permisos.<\/div>\n                            <\/div>\n                        <\/div><div class=\"panel\" itemscope itemtype=\"https:\/\/schema.org\/Question\" itemprop=\"mainEntity\">\n                            <div class=\"panel-heading\" id=\"headingFaq-2\">\n                                <div class=\"panel-title\" data-toggle=\"collapse\" aria-expanded=\"false\" href=\"#collapseFaq-2\">\n                                    <h3 itemprop=\"name\">\u00bfQu\u00e9 significa el c\u00f3digo 403 en una API?<\/h3>\n                                <\/div>\n                            <\/div>\n                            <div id=\"collapseFaq-2\" class=\"panel-collapse collapse\" itemprop=\"acceptedAnswer\" itemscope itemtype=\"http:\/\/schema.org\/Answer\">\n                                <div class=\"panel-body\" itemprop=\"text\">El c\u00f3digo 403 en una API indica que el servidor entendi\u00f3 la solicitud, pero se niega a autorizarla debido a restricciones de permiso o falta de autenticaci\u00f3n adecuada.<\/div>\n                            <\/div>\n                        <\/div><div class=\"panel\" itemscope itemtype=\"https:\/\/schema.org\/Question\" itemprop=\"mainEntity\">\n                            <div class=\"panel-heading\" id=\"headingFaq-3\">\n                                <div class=\"panel-title\" data-toggle=\"collapse\" aria-expanded=\"false\" href=\"#collapseFaq-3\">\n                                    <h3 itemprop=\"name\">\u00bf403 Forbidden significa que estoy bloqueado?<\/h3>\n                                <\/div>\n                            <\/div>\n                            <div id=\"collapseFaq-3\" class=\"panel-collapse collapse\" itemprop=\"acceptedAnswer\" itemscope itemtype=\"http:\/\/schema.org\/Answer\">\n                                <div class=\"panel-body\" itemprop=\"text\">Aunque el c\u00f3digo 403 Forbidden puede significar que est\u00e1s bloqueado, tambi\u00e9n puede deberse a otros factores como problemas de permisos o autenticaci\u00f3n. El bloqueo es solo una de varias posibles causas.<\/div>\n                            <\/div>\n                        <\/div><\/div><\/div><\/p>","protected":false},"excerpt":{"rendered":"El c\u00f3digo de estado 403, tambi\u00e9n conocido como 403 Forbidden, es un c\u00f3digo de respuesta HTTP que indica que el servidor entendi\u00f3 la solicitud, pero se niega a autorizarla. Este estado es similar al 401 (Unauthorized), pero indica que el cliente debe autenticarse para obtener la respuesta solicitada. Una respuesta 403 no garantiza que el&#8230;","protected":false},"author":10409641,"featured_media":24708,"parent":0,"menu_order":0,"comment_status":"closed","ping_status":"closed","template":"pages-templates\/pages-v2.php","meta":[],"categories":[27],"tags":[],"_links":{"self":[{"href":"https:\/\/sitechecker.pro\/es\/wp-json\/wp\/v2\/pages\/24707"}],"collection":[{"href":"https:\/\/sitechecker.pro\/es\/wp-json\/wp\/v2\/pages"}],"about":[{"href":"https:\/\/sitechecker.pro\/es\/wp-json\/wp\/v2\/types\/page"}],"author":[{"embeddable":true,"href":"https:\/\/sitechecker.pro\/es\/wp-json\/wp\/v2\/users\/10409641"}],"replies":[{"embeddable":true,"href":"https:\/\/sitechecker.pro\/es\/wp-json\/wp\/v2\/comments?post=24707"}],"version-history":[{"count":6,"href":"https:\/\/sitechecker.pro\/es\/wp-json\/wp\/v2\/pages\/24707\/revisions"}],"predecessor-version":[{"id":37260,"href":"https:\/\/sitechecker.pro\/es\/wp-json\/wp\/v2\/pages\/24707\/revisions\/37260"}],"wp:featuredmedia":[{"embeddable":true,"href":"https:\/\/sitechecker.pro\/es\/wp-json\/wp\/v2\/media\/24708"}],"wp:attachment":[{"href":"https:\/\/sitechecker.pro\/es\/wp-json\/wp\/v2\/media?parent=24707"}],"wp:term":[{"taxonomy":"category","embeddable":true,"href":"https:\/\/sitechecker.pro\/es\/wp-json\/wp\/v2\/categories?post=24707"},{"taxonomy":"post_tag","embeddable":true,"href":"https:\/\/sitechecker.pro\/es\/wp-json\/wp\/v2\/tags?post=24707"}],"curies":[{"name":"wp","href":"https:\/\/api.w.org\/{rel}","templated":true}]}}