{"id":20598,"date":"2023-12-14T10:39:03","date_gmt":"2023-12-14T10:39:03","guid":{"rendered":"https:\/\/sitechecker.pro\/?page_id=20598"},"modified":"2025-03-20T10:04:34","modified_gmt":"2025-03-20T10:04:34","slug":"google-tag-manager-checker","status":"publish","type":"page","link":"https:\/\/sitechecker.pro\/es\/google-tag-manager-checker\/","title":{"rendered":"GTM Checker para probar si Google Tag Manager est\u00e1 instalado correctamente \u1408"},"content":{"rendered":"<p><\/p>\n<h2 id=\"par1\">\u00bfQu\u00e9 es Google Tag Manager Checker?<\/h2>\n<p>El Comprobador de Google Tag Manager de <a href=\"http:\/\/Sitechecker.pro\" target=\"_blank\" rel=\"noopener noreferrer\">Sitechecker<\/a> comprueba si la p\u00e1gina web de su sitio web tiene un <a href=\"https:\/\/sitechecker.pro\/what-is-google-tag-manager\/\" target=\"_blank\" rel=\"noopener noreferrer\">c\u00f3digo GTM<\/a> e identifica cualquier problema relacionado con \u00e9l. Proporciona una lista de problemas en todo el sitio web e informes en tiempo real.<\/p>\n<h3>\u00bfC\u00f3mo puede ayudarte esta herramienta?<\/h3>\n<ul>\n<li>Verifique la <strong>presencia de Google Tag Manager<\/strong> en las p\u00e1ginas del sitio web designadas y compruebe si Tag Manager funciona correctamente.<\/li>\n<li><strong>Realizar auditor\u00edas del sitio<\/strong>, categorizar los errores t\u00e9cnicos por gravedad para una pronta resoluci\u00f3n, ofrecer orientaci\u00f3n correctiva y mejorar el rendimiento del sitio.<\/li>\n<li>Integre datos <strong>detallados de Google Analytics y Google Search Console<\/strong> en un \u00fanico panel, agilizando la gesti\u00f3n de an\u00e1lisis.<\/li>\n<\/ul>\n<h3>Funciones clave de Google Tag Assistant Checker<\/h3>\n<p><strong>Panel unificado:<\/strong> la herramienta ofrece un panel central donde toda la informaci\u00f3n sobre el estado del sitio web, incluido el c\u00f3digo de estado, cualquier problema y an\u00e1lisis, se muestra en un solo lugar.<\/p>\n<p><strong>Interfaz f\u00e1cil de usar:<\/strong> La interfaz es intuitiva y f\u00e1cil de navegar, lo que la hace accesible incluso para usuarios que no son t\u00e9cnicamente avanzados.<\/p>\n<p><strong>Conjunto completo de herramientas de SEO: <\/strong>la herramienta incluye una variedad de herramientas y funciones relacionadas con SEO. Esto podr\u00eda implicar analizar el rendimiento general del sitio web, identificar problemas de SEO y ofrecer estrategias de optimizaci\u00f3n de motores de b\u00fasqueda para mejorar la visibilidad en l\u00ednea.<\/p>\n<h2 id=\"par2\">\u00bfC\u00f3mo utilizar nuestro detector de Google Tag Manager?<\/h2>\n<p>Nuestra herramienta es bastante sencilla de utilizar. En tan solo unos breves momentos, obtendr\u00e1 una auditor\u00eda completa del sitio web que le mostrar\u00e1 todos los errores y problemas del c\u00f3digo de seguimiento. Veamos c\u00f3mo funciona la herramienta de prueba de Google Tag Manager.<\/p>\n<h3>Paso 1. A\u00f1ade tu dominio<\/h3>\n<p>Ingrese la URL de su sitio web en el cuadro de la p\u00e1gina de destino. Haga clic en &#8220;Verificar GTM&#8221; de inmediato.<\/p>\n<div class=\"content__img-wrap\"><img src=\"https:\/\/sitechecker.pro\/wp-content\/uploads\/2023\/12\/google-tag-manager-checker.png\" alt=\"Comprobador de Google Tag Manager\" class=\"description-img description-img-zoom\" loading=\"lazy\" ><\/div>\n<div class=\"important-block\">Para recibir resultados y acceder a las funciones de Sitechecker durante 14 d\u00edas, comience su prueba GRATUITA. Registrarse es f\u00e1cil con su cuenta de correo electr\u00f3nico, Google o Facebook. No se necesita tarjeta de cr\u00e9dito.<\/div>\n<h3>Paso 2. Obtenga resultados<\/h3>\n<p>Escanear un dominio crea una auditor\u00eda del sitio para ese dominio, revelando los problemas t\u00e9cnicos del sitio web. La auditor\u00eda incluir\u00e1 el problema del c\u00f3digo GTM, en caso de que sea real, o la casilla de verificaci\u00f3n listo en caso de que el c\u00f3digo se agregue y se realice correctamente.<\/p>\n<div class=\"content__img-wrap\"><img src=\"https:\/\/sitechecker.pro\/wp-content\/uploads\/2023\/12\/more-than-one-gtm-code.png\" alt=\"M\u00e1s de un c\u00f3digo GTM\" class=\"description-img description-img-zoom\" loading=\"lazy\" ><\/div>\n<p>M\u00e1s all\u00e1 de la verificaci\u00f3n del c\u00f3digo GTM, por ejemplo, Sitechecker muestra funciones clave:<\/p>\n<p><strong>Cr\u00edticos, advertencias, oportunidades, avisos: <\/strong>M\u00e9tricas que muestran los problemas de salud y rendimiento de un sitio web.<\/p>\n<p><strong>Puntuaci\u00f3n del sitio web: <\/strong>una representaci\u00f3n visual de la puntuaci\u00f3n general del sitio web basada en los datos de la auditor\u00eda.<\/p>\n<p><strong>P\u00e1ginas rastreadas e indexables: <\/strong>recuento de p\u00e1ginas que la herramienta ha analizado y aquellas que los motores de b\u00fasqueda consideran indexables.<\/p>\n<p><strong>Lista de problemas:<\/strong> una enumeraci\u00f3n detallada de los problemas del sitio clasificados por tipo, como internos, enlaces e indexabilidad.<\/p>\n<p><strong>P\u00e1ginas afectadas por categor\u00eda: <\/strong>un desglose porcentual de cu\u00e1ntas p\u00e1ginas se ven afectadas por cada tipo de problema, lo que proporciona informaci\u00f3n sobre las \u00e1reas que necesitan mayor atenci\u00f3n.<\/p>\n<div class=\"content__img-wrap\"><img src=\"https:\/\/sitechecker.pro\/wp-content\/uploads\/2023\/12\/site-audit-results.png\" alt=\"Resultados de la auditor\u00eda del sitio\" class=\"description-img description-img-zoom\" loading=\"lazy\" ><\/div>\n<p>Esta presentaci\u00f3n ilustra la capacidad de la herramienta para proporcionar una <a href=\"https:\/\/sitechecker.pro\/on-page-seo-checker\/\" rel=\"noopener noreferrer\" target=\"_blank\">auditor\u00eda SEO<\/a> , brindando informaci\u00f3n \u00fatil para la optimizaci\u00f3n del sitio web.<\/p>\n<h2 id=\"par3\">Funciones adicionales del Buscador de c\u00f3digos de contenedores GTM<\/h2>\n<p>Por lo tanto, para profundizar en el an\u00e1lisis del sitio y la revisi\u00f3n del c\u00f3digo post-GTM, vincule sus cuentas de Google Analytics y Google Search Console:<\/p>\n<div class=\"content__img-wrap\"><img src=\"https:\/\/sitechecker.pro\/wp-content\/uploads\/2023\/12\/add-google-account.png\" alt=\"Agregar cuenta de Google\" class=\"description-img description-img-zoom\" loading=\"lazy\" ><\/div>\n<p>El panel de la nueva pesta\u00f1a muestra m\u00e9tricas clave de SEO: tr\u00e1fico total y org\u00e1nico, visibilidad de b\u00fasqueda, p\u00e1ginas indexadas, impresiones, tasas de clics, posici\u00f3n de b\u00fasqueda promedio, puntuaci\u00f3n del sitio y palabras clave clasificadas, cada una con datos de tendencias y cambio porcentual.<\/p>\n<div class=\"content__img-wrap\"><img src=\"https:\/\/sitechecker.pro\/wp-content\/uploads\/2023\/12\/sitechecker-dashboard.png\" alt=\"Panel de Sitechecker\" class=\"description-img description-img-zoom\" loading=\"lazy\" ><\/div>\n<p>El panel muestra an\u00e1lisis web con gr\u00e1ficos de tendencias para el tr\u00e1fico del sitio web de Google Analytics y m\u00e9tricas de rendimiento de b\u00fasqueda de Search Console durante un per\u00edodo seleccionado.<\/p>\n<div class=\"content__img-wrap\"><img src=\"https:\/\/sitechecker.pro\/wp-content\/uploads\/2023\/12\/ga-gsc-data.png\" alt=\"GA GSC Data\" class=\"description-img description-img-zoom\" loading=\"lazy\" ><\/div>\n<h2 id=\"par4\">Idea final<\/h2>\n<p>El contenedor Google Tag Manager garantiza que el c\u00f3digo GTM funcione correctamente en el c\u00f3digo fuente de su sitio web, ofreciendo una auditor\u00eda completa y categorizando los errores t\u00e9cnicos para una resoluci\u00f3n r\u00e1pida. Cuenta con una interfaz f\u00e1cil de usar y un panel unificado para una vista integral del estado del sitio. La herramienta tambi\u00e9n proporciona un completo conjunto de herramientas de SEO para el an\u00e1lisis y optimizaci\u00f3n del rendimiento. F\u00e1cil de usar, solo requiere su dominio para iniciarse e integra datos de Google Analytics y Search Console, brindando informaci\u00f3n \u00fatil para mejorar la presencia en l\u00ednea de su sitio web.<\/p>\n<div id=\"par5\"><\/div>\n<p><div class=\"front__faq-block\"><div class=\"faq__block-title\">Preguntas frecuentes<\/div><div class=\"panel-group\" id=\"faq-accordion\" itemscope itemtype=\"https:\/\/schema.org\/FAQPage\" role=\"tablist\" aria-multiselectable=\"true\"><div class=\"panel\" itemscope itemtype=\"https:\/\/schema.org\/Question\" itemprop=\"mainEntity\">\n                            <div class=\"panel-heading\" id=\"headingFaq-1\">\n                                <div class=\"panel-title\" data-toggle=\"collapse\" aria-expanded=\"false\" href=\"#collapseFaq-1\">\n                                    <h3 itemprop=\"name\">\u00bfSe requiere experiencia t\u00e9cnica para utilizar Google Tag Checker?<\/h3>\n                                <\/div>\n                            <\/div>\n                            <div id=\"collapseFaq-1\" class=\"panel-collapse collapse\" itemprop=\"acceptedAnswer\" itemscope itemtype=\"http:\/\/schema.org\/Answer\">\n                                <div class=\"panel-body\" itemprop=\"text\">No, est\u00e1 dise\u00f1ado con una interfaz f\u00e1cil de usar que permite a personas sin experiencia t\u00e9cnica utilizarlo de manera efectiva.<\/div>\n                            <\/div>\n                        <\/div><div class=\"panel\" itemscope itemtype=\"https:\/\/schema.org\/Question\" itemprop=\"mainEntity\">\n                            <div class=\"panel-heading\" id=\"headingFaq-2\">\n                                <div class=\"panel-title\" data-toggle=\"collapse\" aria-expanded=\"false\" href=\"#collapseFaq-2\">\n                                    <h3 itemprop=\"name\">\u00bfPuede GTM Code Checker ayudar con SEO?<\/h3>\n                                <\/div>\n                            <\/div>\n                            <div id=\"collapseFaq-2\" class=\"panel-collapse collapse\" itemprop=\"acceptedAnswer\" itemscope itemtype=\"http:\/\/schema.org\/Answer\">\n                                <div class=\"panel-body\" itemprop=\"text\">S\u00ed, incluye herramientas para un completo an\u00e1lisis SEO y optimizaci\u00f3n del rendimiento del sitio web para los motores de b\u00fasqueda.<\/div>\n                            <\/div>\n                        <\/div><div class=\"panel\" itemscope itemtype=\"https:\/\/schema.org\/Question\" itemprop=\"mainEntity\">\n                            <div class=\"panel-heading\" id=\"headingFaq-3\">\n                                <div class=\"panel-title\" data-toggle=\"collapse\" aria-expanded=\"false\" href=\"#collapseFaq-3\">\n                                    <h3 itemprop=\"name\">\u00bfCon qu\u00e9 rapidez proporciona resultados la herramienta de b\u00fasqueda de Google Tag Manager?<\/h3>\n                                <\/div>\n                            <\/div>\n                            <div id=\"collapseFaq-3\" class=\"panel-collapse collapse\" itemprop=\"acceptedAnswer\" itemscope itemtype=\"http:\/\/schema.org\/Answer\">\n                                <div class=\"panel-body\" itemprop=\"text\">La herramienta proporciona una auditor\u00eda integral y resultados detallados poco despu\u00e9s de ingresar a su dominio e iniciar la verificaci\u00f3n.<\/div>\n                            <\/div>\n                        <\/div><div class=\"panel\" itemscope itemtype=\"https:\/\/schema.org\/Question\" itemprop=\"mainEntity\">\n                            <div class=\"panel-heading\" id=\"headingFaq-4\">\n                                <div class=\"panel-title\" data-toggle=\"collapse\" aria-expanded=\"false\" href=\"#collapseFaq-4\">\n                                    <h3 itemprop=\"name\">\u00bfNecesito instalar alg\u00fan software para utilizar Google Tag Manager Checker?<\/h3>\n                                <\/div>\n                            <\/div>\n                            <div id=\"collapseFaq-4\" class=\"panel-collapse collapse\" itemprop=\"acceptedAnswer\" itemscope itemtype=\"http:\/\/schema.org\/Answer\">\n                                <div class=\"panel-body\" itemprop=\"text\">No se requiere instalaci\u00f3n; Es una herramienta basada en web que funciona directamente desde su navegador.<\/div>\n                            <\/div>\n                        <\/div><div class=\"panel\" itemscope itemtype=\"https:\/\/schema.org\/Question\" itemprop=\"mainEntity\">\n                            <div class=\"panel-heading\" id=\"headingFaq-5\">\n                                <div class=\"panel-title\" data-toggle=\"collapse\" aria-expanded=\"false\" href=\"#collapseFaq-5\">\n                                    <h3 itemprop=\"name\">\u00bfQu\u00e9 tipo de problemas puede identificar el Validador de Google Tag Manager en las etiquetas de Google de mi sitio web?<\/h3>\n                                <\/div>\n                            <\/div>\n                            <div id=\"collapseFaq-5\" class=\"panel-collapse collapse\" itemprop=\"acceptedAnswer\" itemscope itemtype=\"http:\/\/schema.org\/Answer\">\n                                <div class=\"panel-body\" itemprop=\"text\">Puede identificar problemas relacionados con la instalaci\u00f3n del c\u00f3digo de Google Tag Assistant, problemas t\u00e9cnicos de SEO y problemas generales de salud del sitio web.<\/div>\n                            <\/div>\n                        <\/div><\/div><\/div><\/p>","protected":false},"excerpt":{"rendered":"\u00bfQu\u00e9 es Google Tag Manager Checker? El Comprobador de Google Tag Manager de Sitechecker comprueba si la p\u00e1gina web de su sitio web tiene un c\u00f3digo GTM e identifica cualquier problema relacionado con \u00e9l. Proporciona una lista de problemas en todo el sitio web e informes en tiempo real. \u00bfC\u00f3mo puede ayudarte esta herramienta? Verifique&#8230;","protected":false},"author":10718706,"featured_media":21911,"parent":0,"menu_order":0,"comment_status":"closed","ping_status":"closed","template":"pages-templates\/pages-minitools.php","meta":[],"categories":[73],"tags":[],"_links":{"self":[{"href":"https:\/\/sitechecker.pro\/es\/wp-json\/wp\/v2\/pages\/20598"}],"collection":[{"href":"https:\/\/sitechecker.pro\/es\/wp-json\/wp\/v2\/pages"}],"about":[{"href":"https:\/\/sitechecker.pro\/es\/wp-json\/wp\/v2\/types\/page"}],"author":[{"embeddable":true,"href":"https:\/\/sitechecker.pro\/es\/wp-json\/wp\/v2\/users\/10718706"}],"replies":[{"embeddable":true,"href":"https:\/\/sitechecker.pro\/es\/wp-json\/wp\/v2\/comments?post=20598"}],"version-history":[{"count":9,"href":"https:\/\/sitechecker.pro\/es\/wp-json\/wp\/v2\/pages\/20598\/revisions"}],"predecessor-version":[{"id":36080,"href":"https:\/\/sitechecker.pro\/es\/wp-json\/wp\/v2\/pages\/20598\/revisions\/36080"}],"wp:featuredmedia":[{"embeddable":true,"href":"https:\/\/sitechecker.pro\/es\/wp-json\/wp\/v2\/media\/21911"}],"wp:attachment":[{"href":"https:\/\/sitechecker.pro\/es\/wp-json\/wp\/v2\/media?parent=20598"}],"wp:term":[{"taxonomy":"category","embeddable":true,"href":"https:\/\/sitechecker.pro\/es\/wp-json\/wp\/v2\/categories?post=20598"},{"taxonomy":"post_tag","embeddable":true,"href":"https:\/\/sitechecker.pro\/es\/wp-json\/wp\/v2\/tags?post=20598"}],"curies":[{"name":"wp","href":"https:\/\/api.w.org\/{rel}","templated":true}]}}