{"id":19570,"date":"2022-08-15T18:01:27","date_gmt":"2022-08-15T18:01:27","guid":{"rendered":"https:\/\/sitechecker.pro\/?page_id=19570"},"modified":"2025-03-20T10:04:33","modified_gmt":"2025-03-20T10:04:33","slug":"google-keyword-search-volume-checker-find-volume-stats-easy","status":"publish","type":"page","link":"https:\/\/sitechecker.pro\/es\/keyword-search-volume-checker\/","title":{"rendered":"Comprobador de volumen de b\u00fasqueda de palabras clave de Google \u2611"},"content":{"rendered":"<p><\/p>\n<h2 id=\"par1\">\u00bfQu\u00e9 es el comprobador de volumen de b\u00fasqueda de palabras clave?<\/h2>\n<p>El Comprobador de Volumen de B\u00fasqueda de Palabras Clave de <a href=\"https:\/\/sitechecker.pro\/\" target=\"_blank\" rel=\"noopener noreferrer\">Sitechecker<\/a> est\u00e1 dise\u00f1ado para comprobar el volumen de b\u00fasqueda de palabras clave y proporcionar ideas basadas en datos de Google Search Console, an\u00e1lisis SERP y perspectivas de la competencia. Ofrece funciones como la detecci\u00f3n de vol\u00famenes de b\u00fasqueda, la comprobaci\u00f3n multirranking con ajustes personalizables para la ubicaci\u00f3n y el idioma, y la integraci\u00f3n con cuentas de Google para la importaci\u00f3n de datos y el seguimiento del rendimiento en tiempo real.<\/p>\n<h3>\u00bfC\u00f3mo puede ayudarte la herramienta?<\/h3>\n<p><strong>Detectar vol\u00famenes de b\u00fasqueda: <\/strong>esto permite comprobar el volumen de palabras clave para informar de lo populares que son las consultas espec\u00edficas<\/p>\n<p><strong>Comprobaci\u00f3n multirango: <\/strong>permite personalizar la ubicaci\u00f3n, el dispositivo y el idioma para obtener informaci\u00f3n personalizada.<\/p>\n<p><strong>Integraciones de cuentas de Google: <\/strong>Google Search Console es compatible para la importaci\u00f3n de palabras clave y el seguimiento en tiempo real de su rendimiento.<\/p>\n<h3>Caracter\u00edsticas principales del buscador de volumen de palabras clave<\/h3>\n<p><strong>Panel de control unificado: <\/strong>ofrece una visi\u00f3n global de las m\u00e9tricas SEO, permitiendo un seguimiento y an\u00e1lisis racionalizados.<\/p>\n<p><strong>User-friendly Interface: <\/strong>dise\u00f1ada para facilitar la navegaci\u00f3n, haci\u00e9ndola accesible a usuarios de todos los niveles.<\/p>\n<p><strong>Completo conjunto de herramientas SEO: <\/strong>proporciona un conjunto completo de herramientas necesarias para una implementaci\u00f3n eficaz de la estrategia SEO, desde la investigaci\u00f3n de palabras clave hasta las auditor\u00edas del sitio.<\/p>\n<h2 id=\"par2\">C\u00f3mo utilizar la herramienta<\/h2>\n<p>Nuestra herramienta puede ayudarte a aumentar significativamente el posicionamiento SEO de tu sitio web. Gracias a su funcionalidad, obtendr\u00e1s estad\u00edsticas actualizadas sobre las palabras clave mejor posicionadas y consejos sobre cu\u00e1les deber\u00edas integrar en tu sitio para que destaque.<\/p>\n<p>Echa un vistazo a estos 3 pasos r\u00e1pidos para ver c\u00f3mo funciona:<\/p>\n<h3>Paso 1. Inserta tu dominio<\/h3>\n<p>Para empezar a trabajar con nuestra herramienta, introduce el dominio de tu sitio web en la barra de b\u00fasqueda de la p\u00e1gina de inicio. Para iniciar una comprobaci\u00f3n, haz clic en el bot\u00f3n correspondiente &#8220;Comprobar volumen de palabras clave&#8221;.<\/p>\n<div class=\"content__img-wrap\"><img src=\"https:\/\/sitechecker.pro\/wp-content\/uploads\/2024\/02\/keyword-search-volume-checker.png\" alt=\"Keyword Search Volume Checker\" class=\"description-img description-img-zoom\" loading=\"lazy\" ><\/div>\n<div class=\"important-block\">Para recibir resultados y acceder a las funciones de Sitechecker durante 14 d\u00edas, comience su prueba GRATUITA. Registrarse es f\u00e1cil con su cuenta de correo electr\u00f3nico, Google o Facebook. No se necesita tarjeta de cr\u00e9dito.<\/div>\n<h3>Paso 2: Configuraci\u00f3n de palabras clave<\/h3>\n<p>Seleccione y eval\u00fae f\u00e1cilmente las clasificaciones de las consultas de b\u00fasqueda utilizando uno de estos tres m\u00e9todos: recibiendo sugerencias, utilizando datos de Google Search Console o carg\u00e1ndolos a trav\u00e9s de un archivo de Excel.<\/p>\n<div class=\"content__img-wrap\"><img src=\"https:\/\/sitechecker.pro\/wp-content\/uploads\/2024\/02\/keyword-configuration.png\" alt=\"Keyword Configuration\" class=\"description-img description-img-zoom\" loading=\"lazy\" ><\/div>\n<p>El analizador facilita el descubrimiento de todas las palabras clave relevantes vinculadas a la clasificaci\u00f3n de su sitio. Seleccione aquellas que se alineen con sus objetivos de marketing y realice un seguimiento constante de su rendimiento.<\/p>\n<div class=\"content__img-wrap\"><img src=\"https:\/\/sitechecker.pro\/wp-content\/uploads\/2024\/02\/keyword-suggestions-1.png\" alt=\"Keyword Suggestions\" class=\"description-img description-img-zoom\" loading=\"lazy\" ><\/div>\n<p>Seleccione &#8220;Google Search Console&#8221; para importar palabras clave y evaluar su posicionamiento para estos t\u00e9rminos. Aparecer\u00e1 un cuadro de di\u00e1logo que le guiar\u00e1 para establecer una conexi\u00f3n con Google Search Console y Analytics.<\/p>\n<div class=\"content__img-wrap\"><img src=\"https:\/\/sitechecker.pro\/wp-content\/uploads\/2024\/02\/connect-google-account.png\" alt=\"Connect Google Account\" class=\"description-img description-img-zoom\" loading=\"lazy\" ><\/div>\n<p>Esta funcionalidad permite a nuestra herramienta extraer frases clave directamente de Google Search Console, junto con su informaci\u00f3n de clasificaci\u00f3n actual, e integrarlas sin esfuerzo en su lista de seguimiento.<\/p>\n<div class=\"content__img-wrap\"><img src=\"https:\/\/sitechecker.pro\/wp-content\/uploads\/2024\/02\/gsc-keywords.png\" alt=\"GSC Keywords\" class=\"description-img description-img-zoom\" loading=\"lazy\" ><\/div>\n<p>Utiliza la opci\u00f3n &#8220;Archivo de Excel&#8221; para cargar una lista personalizada de consultas de b\u00fasqueda desde un documento de Excel. El formato f\u00e1cil de usar de la herramienta agiliza la adici\u00f3n de muchas consultas espec\u00edficas para un seguimiento y an\u00e1lisis personalizados.<\/p>\n<div class=\"content__img-wrap\"><img src=\"https:\/\/sitechecker.pro\/wp-content\/uploads\/2024\/02\/import-keywords-1.png\" alt=\"Import Keywords\" class=\"description-img description-img-zoom\" loading=\"lazy\" ><\/div>\n<p>Tambi\u00e9n tiene la flexibilidad de ajustar la configuraci\u00f3n del motor de b\u00fasqueda, lo que le permite definir su p\u00fablico objetivo con mayor precisi\u00f3n y refinar sus preferencias de b\u00fasqueda. Esto incluye la selecci\u00f3n de ubicaciones geogr\u00e1ficas, idiomas y dispositivos espec\u00edficos, como ordenadores de sobremesa y m\u00f3viles, para ajustarse mejor a las caracter\u00edsticas de su p\u00fablico.<\/p>\n<div class=\"content__img-wrap\"><img src=\"https:\/\/sitechecker.pro\/wp-content\/uploads\/2024\/02\/search-engine-settings-1.png\" alt=\"Search Engine Settings\" class=\"description-img description-img-zoom\" loading=\"lazy\" ><\/div>\n<p>Una vez que haya finalizado su configuraci\u00f3n, haga clic en &#8220;A\u00f1adir&#8221;. A continuaci\u00f3n, la opci\u00f3n &#8220;Administrar palabras clave&#8221; le permitir\u00e1 categorizar y priorizar sus palabras clave a trav\u00e9s de las p\u00e1ginas para que coincida con su estrategia de marketing de manera efectiva.<\/p>\n<div class=\"content__img-wrap\"><img src=\"https:\/\/sitechecker.pro\/wp-content\/uploads\/2024\/02\/manage-keywords-1.png\" alt=\"Manage Keywords\" class=\"description-img description-img-zoom\" loading=\"lazy\" ><\/div>\n<h3>Paso 3: Recopilar datos de volumen de b\u00fasqueda para las palabras clave de destino<\/h3>\n<p>Una vez a\u00f1adidas las palabras clave, la herramienta recopila datos de resultados de b\u00fasqueda para estos t\u00e9rminos y genera una lista de solicitudes rastreables. En este punto, puede agrupar las palabras clave relevantes para el seguimiento, las URL, incluido el volumen de consultas y la presencia de fragmentos destacados, entre otras m\u00e9tricas.<\/p>\n<div class=\"content__img-wrap\"><img src=\"https:\/\/sitechecker.pro\/wp-content\/uploads\/2024\/02\/keywords-volume.png\" alt=\"Keywords Volume\" class=\"description-img description-img-zoom\" loading=\"lazy\" ><\/div>\n<h2 id=\"par3\">Caracter\u00edsticas Adicionales<\/h2>\n<p>Bulk Keyword Search Volume Checker incluye un \u00e1rea de navegaci\u00f3n principal donde se puede alternar entre &#8216;Keywords&#8217; y &#8216;Pages&#8217;, lo que indica dos perspectivas diferentes para el an\u00e1lisis. Un selector de intervalo de fechas en la esquina superior derecha permite a los usuarios definir el marco temporal de los datos presentados. A continuaci\u00f3n, se muestran las m\u00e9tricas SEO clave: distribuci\u00f3n del ranking, porcentaje de visibilidad y progreso de indexaci\u00f3n. Estas m\u00e9tricas ofrecen informaci\u00f3n sobre el rendimiento de b\u00fasqueda y la visibilidad de las palabras clave o p\u00e1ginas rastreadas en el periodo especificado.<\/p>\n<div class=\"content__img-wrap\"><img src=\"https:\/\/sitechecker.pro\/wp-content\/uploads\/2024\/02\/rank-tracker-dashboard.png\" alt=\"Rank Tracker Dashboard\" class=\"description-img description-img-zoom\" loading=\"lazy\" ><\/div>\n<p>El comprobador de volumen de b\u00fasqueda de palabras clave de Google muestra una lista de palabras clave junto con varias m\u00e9tricas clave. Muestra el volumen de b\u00fasqueda de cada palabra clave, el gr\u00e1fico de tendencias y la posici\u00f3n actual en los rankings de b\u00fasqueda.<\/p>\n<p>Adem\u00e1s, ofrece una comparaci\u00f3n diaria de los cambios en las posiciones de clasificaci\u00f3n. Cada palabra clave va acompa\u00f1ada de banderas que indican el pa\u00eds de destino y un icono de caracter\u00edstica SERP, lo que sugiere que la herramienta tambi\u00e9n realiza un seguimiento de las caracter\u00edsticas de la p\u00e1gina de resultados del motor de b\u00fasqueda asociadas a cada palabra clave.<\/p>\n<div class=\"content__img-wrap\"><img src=\"https:\/\/sitechecker.pro\/wp-content\/uploads\/2024\/02\/keywords-positions.png\" alt=\"Keywords Positions\" class=\"description-img description-img-zoom\" loading=\"lazy\" ><\/div>\n<h2 id=\"par4\">Idea Final<\/h2>\n<p>Keyword Search Volume Finder es una herramienta digital dise\u00f1ada para ayudar a mejorar el SEO de un sitio web mediante la estimaci\u00f3n del volumen de b\u00fasqueda de palabras clave y proporcionando ideas basadas en datos de Google Search Console, an\u00e1lisis SERP y perspectivas de la competencia. Ofrece funciones como la medici\u00f3n de los vol\u00famenes de b\u00fasqueda, la comprobaci\u00f3n multirranking con ajustes personalizables para la ubicaci\u00f3n y el idioma, y la integraci\u00f3n con cuentas de Google para la importaci\u00f3n de datos y el seguimiento del rendimiento en tiempo real. Entre sus principales caracter\u00edsticas se incluyen un panel de control unificado para las m\u00e9tricas de SEO, una interfaz f\u00e1cil de usar para facilitar la navegaci\u00f3n y un conjunto completo de herramientas de SEO para la investigaci\u00f3n de palabras clave y las auditor\u00edas de sitios. La herramienta ayuda en la configuraci\u00f3n de palabras clave y proporciona an\u00e1lisis detallados para informar y mejorar las estrategias SEO.<\/p>\n<div id=\"par5\"><\/div>\n<p><div class=\"front__faq-block\"><div class=\"faq__block-title\">Preguntas frecuentes<\/div><div class=\"panel-group\" id=\"faq-accordion\" itemscope itemtype=\"https:\/\/schema.org\/FAQPage\" role=\"tablist\" aria-multiselectable=\"true\"><div class=\"panel\" itemscope itemtype=\"https:\/\/schema.org\/Question\" itemprop=\"mainEntity\">\n                            <div class=\"panel-heading\" id=\"headingFaq-1\">\n                                <div class=\"panel-title\" data-toggle=\"collapse\" aria-expanded=\"false\" href=\"#collapseFaq-1\">\n                                    <h3 itemprop=\"name\">\u00bfPuedo realizar un seguimiento del volumen de b\u00fasqueda de palabras clave en diferentes pa\u00edses?<\/h3>\n                                <\/div>\n                            <\/div>\n                            <div id=\"collapseFaq-1\" class=\"panel-collapse collapse\" itemprop=\"acceptedAnswer\" itemscope itemtype=\"http:\/\/schema.org\/Answer\">\n                                <div class=\"panel-body\" itemprop=\"text\">S\u00ed, la herramienta le permite personalizar su b\u00fasqueda seleccionando ubicaciones geogr\u00e1ficas espec\u00edficas para realizar un seguimiento de los vol\u00famenes de b\u00fasqueda de palabras clave relevantes para diferentes pa\u00edses.<\/div>\n                            <\/div>\n                        <\/div><div class=\"panel\" itemscope itemtype=\"https:\/\/schema.org\/Question\" itemprop=\"mainEntity\">\n                            <div class=\"panel-heading\" id=\"headingFaq-2\">\n                                <div class=\"panel-title\" data-toggle=\"collapse\" aria-expanded=\"false\" href=\"#collapseFaq-2\">\n                                    <h3 itemprop=\"name\">\u00bfLa b\u00fasqueda por volumen de b\u00fasqueda de palabras clave es \u00fatil para el marketing de contenidos?<\/h3>\n                                <\/div>\n                            <\/div>\n                            <div id=\"collapseFaq-2\" class=\"panel-collapse collapse\" itemprop=\"acceptedAnswer\" itemscope itemtype=\"http:\/\/schema.org\/Answer\">\n                                <div class=\"panel-body\" itemprop=\"text\">Por supuesto, ayuda a identificar palabras clave de gran volumen a las que apuntar, alinear su contenido con lo que su audiencia est\u00e1 buscando, mejorando as\u00ed su estrategia de marketing de contenido.<\/div>\n                            <\/div>\n                        <\/div><div class=\"panel\" itemscope itemtype=\"https:\/\/schema.org\/Question\" itemprop=\"mainEntity\">\n                            <div class=\"panel-heading\" id=\"headingFaq-3\">\n                                <div class=\"panel-title\" data-toggle=\"collapse\" aria-expanded=\"false\" href=\"#collapseFaq-3\">\n                                    <h3 itemprop=\"name\">\u00bfCon qu\u00e9 frecuencia se actualizan los datos de clasificaci\u00f3n de palabras clave en la herramienta?<\/h3>\n                                <\/div>\n                            <\/div>\n                            <div id=\"collapseFaq-3\" class=\"panel-collapse collapse\" itemprop=\"acceptedAnswer\" itemscope itemtype=\"http:\/\/schema.org\/Answer\">\n                                <div class=\"panel-body\" itemprop=\"text\">La herramienta proporciona actualizaciones peri\u00f3dicas, y la frecuencia depende a menudo de las configuraciones y suscripciones espec\u00edficas que haya elegido dentro de la herramienta.<\/div>\n                            <\/div>\n                        <\/div><\/div><\/div><\/p>","protected":false},"excerpt":{"rendered":"\u00bfQu\u00e9 es el comprobador de volumen de b\u00fasqueda de palabras clave? El Comprobador de Volumen de B\u00fasqueda de Palabras Clave de Sitechecker est\u00e1 dise\u00f1ado para comprobar el volumen de b\u00fasqueda de palabras clave y proporcionar ideas basadas en datos de Google Search Console, an\u00e1lisis SERP y perspectivas de la competencia. Ofrece funciones como la detecci\u00f3n&#8230;","protected":false},"author":10718706,"featured_media":23028,"parent":0,"menu_order":0,"comment_status":"closed","ping_status":"closed","template":"pages-templates\/pages-minitools-3.php","meta":[],"categories":[71],"tags":[],"_links":{"self":[{"href":"https:\/\/sitechecker.pro\/es\/wp-json\/wp\/v2\/pages\/19570"}],"collection":[{"href":"https:\/\/sitechecker.pro\/es\/wp-json\/wp\/v2\/pages"}],"about":[{"href":"https:\/\/sitechecker.pro\/es\/wp-json\/wp\/v2\/types\/page"}],"author":[{"embeddable":true,"href":"https:\/\/sitechecker.pro\/es\/wp-json\/wp\/v2\/users\/10718706"}],"replies":[{"embeddable":true,"href":"https:\/\/sitechecker.pro\/es\/wp-json\/wp\/v2\/comments?post=19570"}],"version-history":[{"count":14,"href":"https:\/\/sitechecker.pro\/es\/wp-json\/wp\/v2\/pages\/19570\/revisions"}],"predecessor-version":[{"id":36079,"href":"https:\/\/sitechecker.pro\/es\/wp-json\/wp\/v2\/pages\/19570\/revisions\/36079"}],"wp:featuredmedia":[{"embeddable":true,"href":"https:\/\/sitechecker.pro\/es\/wp-json\/wp\/v2\/media\/23028"}],"wp:attachment":[{"href":"https:\/\/sitechecker.pro\/es\/wp-json\/wp\/v2\/media?parent=19570"}],"wp:term":[{"taxonomy":"category","embeddable":true,"href":"https:\/\/sitechecker.pro\/es\/wp-json\/wp\/v2\/categories?post=19570"},{"taxonomy":"post_tag","embeddable":true,"href":"https:\/\/sitechecker.pro\/es\/wp-json\/wp\/v2\/tags?post=19570"}],"curies":[{"name":"wp","href":"https:\/\/api.w.org\/{rel}","templated":true}]}}