{"id":19066,"date":"2022-08-12T08:06:51","date_gmt":"2022-08-12T08:06:51","guid":{"rendered":"https:\/\/sitechecker.pro\/?page_id=19066"},"modified":"2026-02-16T17:01:05","modified_gmt":"2026-02-16T17:01:05","slug":"hreflang-checker","status":"publish","type":"page","link":"https:\/\/sitechecker.pro\/es\/hreflang-checker\/","title":{"rendered":"Hreflang Tag Checker | Analizar Hreflang para cualquier p\u00e1gina del sitio \u2611"},"content":{"rendered":"<p><\/p>\n<h2 id=\"par1\">\u00bfQu\u00e9 es Hreflang Tester?<\/h2>\n<p>Hreflang Tag Checker de <a href=\"https:\/\/sitechecker.pro\/\" target=\"_blank\" rel=\"noopener noreferrer\">Sitechecker<\/a> es una herramienta para analizar y validar etiquetas hreflang en p\u00e1ginas individuales o sitios web completos para garantizar una localizaci\u00f3n adecuada y mejorar el SEO internacional.<\/p>\n<h3>\u00bfC\u00f3mo puede ayudarle la herramienta?<\/h3>\n<p><strong>An\u00e1lisis de Hreflang: <\/strong>verifica las etiquetas hreflang en todas las p\u00e1ginas, identifica <a href=\"https:\/\/sitechecker.pro\/site-audit-issues\/hreflang-annotation-invalid\/\" target=\"_blank\" rel=\"noopener noreferrer\">problemas de localizaci\u00f3n<\/a> y los supervisa a lo largo del tiempo.<\/p>\n<p><strong>Informes de una sola p\u00e1gina: <\/strong>valida r\u00e1pidamente las etiquetas hreflang para una p\u00e1gina espec\u00edfica sin necesidad de una cuenta.<\/p>\n<p><strong>Verificaci\u00f3n de v\u00ednculos hacia atr\u00e1s: <\/strong>garantiza la correcta implementaci\u00f3n de hreflang al verificar los v\u00ednculos rec\u00edprocos entre p\u00e1ginas localizadas.<\/p>\n<h3>Caracter\u00edsticas clave de la herramienta Sitechecker<\/h3>\n<p><strong>Panel de control unificado: <\/strong>una plataforma centralizada para supervisar el rendimiento del sitio web, realizar un seguimiento de las m\u00e9tricas de SEO y administrar todas las auditor\u00edas e informes en un solo lugar.<\/p>\n<p><strong>Interfaz f\u00e1cil de usar: <\/strong>dise\u00f1o intuitivo y f\u00e1cil de navegar, lo que la hace accesible para principiantes y eficiente para los profesionales de SEO.<\/p>\n<p><strong>Conjunto completo de herramientas de SEO: <\/strong>ofrece una amplia gama de herramientas, incluidas auditor\u00edas de sitios, seguimiento de clasificaci\u00f3n, an\u00e1lisis de v\u00ednculos hacia atr\u00e1s y controles de SEO en la p\u00e1gina, para optimizar los sitios web de manera efectiva.<\/p>\n<h2 id=\"par2\">C\u00f3mo usar la herramienta<\/h2>\n<p>Para usar el verificador de etiquetas Hreflang, seleccione un an\u00e1lisis de sitio completo o un informe instant\u00e1neo de una sola p\u00e1gina. Ingrese la URL de su sitio web o p\u00e1gina, haga clic en &#8220;Iniciar auditor\u00eda&#8221; y revise los resultados.<\/p>\n<div class=\"content__img-wrap\"><img src=\"https:\/\/sitechecker.pro\/wp-content\/uploads\/2025\/01\/choose-audit-option_679a4801dc34d.png\" alt=\"Elegir opci\u00f3n de auditor\u00eda\" class=\"description-img description-img-zoom\" loading=\"lazy\" ><\/div>\n<h2 id=\"par3\">Prueba de hreflangs para todas las p\u00e1ginas<\/h2>\n<h3>Paso 1: elige la primera opci\u00f3n de la prueba<\/h3>\n<p>Verifica las etiquetas hreflang, comprueba los v\u00ednculos inversos entre p\u00e1ginas, identifica problemas de localizaci\u00f3n y proporciona un seguimiento continuo de posibles problemas de localizaci\u00f3n.<\/p>\n<div class=\"content__img-wrap\"><img src=\"https:\/\/sitechecker.pro\/wp-content\/uploads\/2025\/01\/check-hreflang-site.png\" alt=\"Verificar sitio con hreflang\" class=\"description-img description-img-zoom\" loading=\"lazy\" ><\/div>\n<div class=\"important-block\">Para recibir resultados y acceder a las funciones de Sitechecker durante 14 d\u00edas, comienza tu prueba GRATUITA. Registrarse es f\u00e1cil con su correo electr\u00f3nico, cuenta de Google o Facebook. No se necesita tarjeta de cr\u00e9dito.<\/div>\n<h3>Paso 2: Obtener los resultados<\/h3>\n<p>Obtenga informaci\u00f3n \u00fatil sobre la optimizaci\u00f3n de hreflang, incluida la identificaci\u00f3n de errores, p\u00e1ginas afectadas y sugerencias en el c\u00f3digo para garantizar una localizaci\u00f3n precisa para audiencias globales.<\/p>\n<div class=\"content__img-wrap\"><img src=\"https:\/\/sitechecker.pro\/wp-content\/uploads\/2025\/01\/localization-issues-list.png\" alt=\"Lista de problemas de localizaci\u00f3n\" class=\"description-img description-img-zoom\" loading=\"lazy\" ><\/div>\n<h2 id=\"par4\">Configurar las alertas de cambio de etiqueta hreflang<\/h2>\n<p>Configure las alertas de cambio de etiqueta hreflang para mantenerse informado sobre cualquier actualizaci\u00f3n o modificaci\u00f3n de sus etiquetas de orientaci\u00f3n por idioma. Esto garantiza respuestas r\u00e1pidas a los cambios, lo que ayuda a mantener una localizaci\u00f3n precisa y un rendimiento de SEO. Para ello, haga clic en la campana en la esquina superior derecha de la pantalla.<\/p>\n<div class=\"content__img-wrap\"><img src=\"https:\/\/sitechecker.pro\/wp-content\/uploads\/2025\/01\/enable-alerts.png\" alt=\"Habilitar alertas\" class=\"description-img description-img-zoom\" loading=\"lazy\" ><\/div>\n<h3>Funciones adicionales<\/h3>\n<p>Obtenga una descripci\u00f3n general completa de la optimizaci\u00f3n SEO, incluidos problemas cr\u00edticos, advertencias y oportunidades de mejora. Las funciones adicionales incluyen una categorizaci\u00f3n detallada de los problemas, un desglose de las p\u00e1ginas afectadas y conocimientos pr\u00e1cticos para optimizar los enlaces, la localizaci\u00f3n y la relevancia del contenido.<\/p>\n<div class=\"content__img-wrap\"><img src=\"https:\/\/sitechecker.pro\/wp-content\/uploads\/2025\/01\/all-issues-list_679a47f5ea108.png\" alt=\"Lista de todos los problemas\" class=\"description-img description-img-zoom\" loading=\"lazy\" ><\/div>\n<h2 id=\"par5\">Prueba la etiqueta hreflang de la p\u00e1gina<\/h2>\n<h3>Paso 1: inserta el enlace y elige la segunda opci\u00f3n de prueba<\/h3>\n<div class=\"content__img-wrap\"><img src=\"https:\/\/sitechecker.pro\/wp-content\/uploads\/2025\/01\/check-hreflang-page.png\" alt=\"Verificar p\u00e1gina hreflang\" class=\"description-img description-img-zoom\" loading=\"lazy\" ><\/div>\n<div class=\"important-block\">Para recibir resultados y acceder a las funciones de Sitechecker durante 14 d\u00edas, comienza tu prueba GRATUITA. Registrarse es f\u00e1cil con tu cuenta de correo electr\u00f3nico, Google o Facebook. No se necesita tarjeta de cr\u00e9dito.<\/div>\n<h3>Paso 2: Obtenga los resultados<\/h3>\n<p>Analice la localizaci\u00f3n de la p\u00e1gina con una verificaci\u00f3n detallada de las etiquetas de idioma para garantizar la implementaci\u00f3n adecuada de los enlaces alternativos e identificar las etiquetas faltantes o incorrectas para mejorar el rendimiento de SEO multiling\u00fce.<\/p>\n<div class=\"content__img-wrap\"><img src=\"https:\/\/sitechecker.pro\/wp-content\/uploads\/2025\/01\/alternate-link-check.png\" alt=\"Alternate Link Check\" class=\"description-img description-img-zoom\" loading=\"lazy\" ><\/div>\n<p>Para ver c\u00f3mo la herramienta puede ayudarlo a mejorar t\u00e9cnicamente la salud de su sitio y prevenir fallas, haga clic en el bloque de Auditor\u00eda del sitio para ver la demostraci\u00f3n.<\/p>\n<div class=\"content__img-wrap\"><img src=\"https:\/\/sitechecker.pro\/wp-content\/uploads\/2025\/01\/site-audit_679a47eff1b47.png\" alt=\"Auditor\u00eda del sitio\" class=\"description-img description-img-zoom\" loading=\"lazy\" ><\/div>\n<p>Tambi\u00e9n puede agregar la extensi\u00f3n de Chrome Sitechecker para verificar las etiquetas hreflang en una p\u00e1gina.<\/p>\n<div class=\"content__img-wrap\"><img src=\"https:\/\/sitechecker.pro\/wp-content\/uploads\/2025\/01\/sitechecker-chrome-extension.png\" alt=\"Extensi\u00f3n de Chrome de Sitechecker\" class=\"description-img description-img-zoom\" loading=\"lazy\" ><\/div>\n<p>Esto le permitir\u00e1 obtener datos detallados sobre idiomas, enlaces inversos, enlaces de usuario y c\u00f3digos de respuesta para garantizar una localizaci\u00f3n adecuada y el cumplimiento de SEO.<\/p>\n<div class=\"content__img-wrap\"><img src=\"https:\/\/sitechecker.pro\/wp-content\/uploads\/2025\/01\/extension-hreflang-check.png\" alt=\"Extension Hreflang Check\" class=\"description-img description-img-zoom\" loading=\"lazy\" ><\/div>\n<h3>Funciones adicionales<\/h3>\n<p>Obtenga informaci\u00f3n detallada sobre la optimizaci\u00f3n de hreflang para su URL, incluidas las etiquetas faltantes, la longitud del t\u00edtulo y los problemas de accesibilidad. Las funciones adicionales incluyen optimizaci\u00f3n integral de contenido, identificaci\u00f3n de problemas cr\u00edticos y advertencias pr\u00e1cticas para mejorar el rendimiento de SEO.<\/p>\n<div class=\"content__img-wrap\"><img src=\"https:\/\/sitechecker.pro\/wp-content\/uploads\/2025\/01\/issues-overview_679a47e994251.png\" alt=\"Descripci\u00f3n general de los problemas\" class=\"description-img description-img-zoom\" loading=\"lazy\" ><\/div>\n<h2 id=\"par6\">Idea final<\/h2>\n<p>El verificador de etiquetas Hreflang analiza las etiquetas de idioma en p\u00e1ginas o sitios completos, lo que garantiza una localizaci\u00f3n adecuada y un mejor SEO internacional. Ofrece auditor\u00edas de sitios, informes de una sola p\u00e1gina, verificaci\u00f3n de enlaces inversos e informaci\u00f3n \u00fatil sobre problemas cr\u00edticos y optimizaci\u00f3n. Con una interfaz intuitiva y herramientas integrales, simplifica la gesti\u00f3n de SEO.<\/p>\n<div id=\"par7\"><\/div>\n<p><div class=\"front__faq-block\"><div class=\"faq__block-title\">Preguntas frecuentes<\/div><div class=\"panel-group\" id=\"faq-accordion\" itemscope itemtype=\"https:\/\/schema.org\/FAQPage\" role=\"tablist\" aria-multiselectable=\"true\"><div class=\"panel\" itemscope itemtype=\"https:\/\/schema.org\/Question\" itemprop=\"mainEntity\">\n                            <div class=\"panel-heading\" id=\"headingFaq-1\">\n                                <div class=\"panel-title\" data-toggle=\"collapse\" aria-expanded=\"false\" href=\"#collapseFaq-1\">\n                                    <h3 itemprop=\"name\">\u00bfPuede el verificador de etiquetas Hreflang monitorear los problemas de localizaci\u00f3n actuales?<\/h3>\n                                <\/div>\n                            <\/div>\n                            <div id=\"collapseFaq-1\" class=\"panel-collapse collapse\" itemprop=\"acceptedAnswer\" itemscope itemtype=\"http:\/\/schema.org\/Answer\">\n                                <div class=\"panel-body\" itemprop=\"text\">S\u00ed, la herramienta monitorea los problemas de localizaci\u00f3n a lo largo del tiempo, lo que garantiza que su sitio web se mantenga optimizado para audiencias multiling\u00fces.<\/div>\n                            <\/div>\n                        <\/div><div class=\"panel\" itemscope itemtype=\"https:\/\/schema.org\/Question\" itemprop=\"mainEntity\">\n                            <div class=\"panel-heading\" id=\"headingFaq-2\">\n                                <div class=\"panel-title\" data-toggle=\"collapse\" aria-expanded=\"false\" href=\"#collapseFaq-2\">\n                                    <h3 itemprop=\"name\">\u00bfQu\u00e9 informaci\u00f3n adicional proporciona la herramienta adem\u00e1s del an\u00e1lisis de etiquetas de orientaci\u00f3n por idioma?<\/h3>\n                                <\/div>\n                            <\/div>\n                            <div id=\"collapseFaq-2\" class=\"panel-collapse collapse\" itemprop=\"acceptedAnswer\" itemscope itemtype=\"http:\/\/schema.org\/Answer\">\n                                <div class=\"panel-body\" itemprop=\"text\">La herramienta ofrece informaci\u00f3n sobre la optimizaci\u00f3n de contenido, la longitud de los t\u00edtulos, la accesibilidad y los problemas cr\u00edticos de SEO como el contenido duplicado y la indexabilidad.<\/div>\n                            <\/div>\n                        <\/div><div class=\"panel\" itemscope itemtype=\"https:\/\/schema.org\/Question\" itemprop=\"mainEntity\">\n                            <div class=\"panel-heading\" id=\"headingFaq-3\">\n                                <div class=\"panel-title\" data-toggle=\"collapse\" aria-expanded=\"false\" href=\"#collapseFaq-3\">\n                                    <h3 itemprop=\"name\">\u00bfPuedo recibir alertas sobre cambios en las etiquetas hreflang?<\/h3>\n                                <\/div>\n                            <\/div>\n                            <div id=\"collapseFaq-3\" class=\"panel-collapse collapse\" itemprop=\"acceptedAnswer\" itemscope itemtype=\"http:\/\/schema.org\/Answer\">\n                                <div class=\"panel-body\" itemprop=\"text\">S\u00ed, puede configurar alertas para que le notifiquen sobre los cambios en las etiquetas hreflang, lo que garantiza respuestas oportunas a las actualizaciones.<\/div>\n                            <\/div>\n                        <\/div><div class=\"panel\" itemscope itemtype=\"https:\/\/schema.org\/Question\" itemprop=\"mainEntity\">\n                            <div class=\"panel-heading\" id=\"headingFaq-4\">\n                                <div class=\"panel-title\" data-toggle=\"collapse\" aria-expanded=\"false\" href=\"#collapseFaq-4\">\n                                    <h3 itemprop=\"name\">\u00bfC\u00f3mo verifica la herramienta la implementaci\u00f3n de hreflang?<\/h3>\n                                <\/div>\n                            <\/div>\n                            <div id=\"collapseFaq-4\" class=\"panel-collapse collapse\" itemprop=\"acceptedAnswer\" itemscope itemtype=\"http:\/\/schema.org\/Answer\">\n                                <div class=\"panel-body\" itemprop=\"text\">Verifica los v\u00ednculos rec\u00edprocos entre p\u00e1ginas localizadas para garantizar la implementaci\u00f3n adecuada de la etiqueta hreflang.<\/div>\n                            <\/div>\n                        <\/div><div class=\"panel\" itemscope itemtype=\"https:\/\/schema.org\/Question\" itemprop=\"mainEntity\">\n                            <div class=\"panel-heading\" id=\"headingFaq-5\">\n                                <div class=\"panel-title\" data-toggle=\"collapse\" aria-expanded=\"false\" href=\"#collapseFaq-5\">\n                                    <h3 itemprop=\"name\">\u00bfPuedo analizar problemas de SEO no relacionados con hreflang con esta herramienta?<\/h3>\n                                <\/div>\n                            <\/div>\n                            <div id=\"collapseFaq-5\" class=\"panel-collapse collapse\" itemprop=\"acceptedAnswer\" itemscope itemtype=\"http:\/\/schema.org\/Answer\">\n                                <div class=\"panel-body\" itemprop=\"text\">S\u00ed, la herramienta identifica otros problemas de SEO como la relaci\u00f3n texto-c\u00f3digo, la velocidad de la p\u00e1gina y los datos estructurados.<\/div>\n                            <\/div>\n                        <\/div><\/div><\/div><\/p>","protected":false},"excerpt":{"rendered":"\u00bfQu\u00e9 es Hreflang Tester? Hreflang Tag Checker de Sitechecker es una herramienta para analizar y validar etiquetas hreflang en p\u00e1ginas individuales o sitios web completos para garantizar una localizaci\u00f3n adecuada y mejorar el SEO internacional. \u00bfC\u00f3mo puede ayudarle la herramienta? An\u00e1lisis de Hreflang: verifica las etiquetas hreflang en todas las p\u00e1ginas, identifica problemas de localizaci\u00f3n&#8230;","protected":false},"author":10504980,"featured_media":22928,"parent":0,"menu_order":0,"comment_status":"closed","ping_status":"closed","template":"pages-templates\/pages-minitools-3.php","meta":[],"categories":[74],"tags":[],"_links":{"self":[{"href":"https:\/\/sitechecker.pro\/es\/wp-json\/wp\/v2\/pages\/19066"}],"collection":[{"href":"https:\/\/sitechecker.pro\/es\/wp-json\/wp\/v2\/pages"}],"about":[{"href":"https:\/\/sitechecker.pro\/es\/wp-json\/wp\/v2\/types\/page"}],"author":[{"embeddable":true,"href":"https:\/\/sitechecker.pro\/es\/wp-json\/wp\/v2\/users\/10504980"}],"replies":[{"embeddable":true,"href":"https:\/\/sitechecker.pro\/es\/wp-json\/wp\/v2\/comments?post=19066"}],"version-history":[{"count":30,"href":"https:\/\/sitechecker.pro\/es\/wp-json\/wp\/v2\/pages\/19066\/revisions"}],"predecessor-version":[{"id":39295,"href":"https:\/\/sitechecker.pro\/es\/wp-json\/wp\/v2\/pages\/19066\/revisions\/39295"}],"wp:featuredmedia":[{"embeddable":true,"href":"https:\/\/sitechecker.pro\/es\/wp-json\/wp\/v2\/media\/22928"}],"wp:attachment":[{"href":"https:\/\/sitechecker.pro\/es\/wp-json\/wp\/v2\/media?parent=19066"}],"wp:term":[{"taxonomy":"category","embeddable":true,"href":"https:\/\/sitechecker.pro\/es\/wp-json\/wp\/v2\/categories?post=19066"},{"taxonomy":"post_tag","embeddable":true,"href":"https:\/\/sitechecker.pro\/es\/wp-json\/wp\/v2\/tags?post=19066"}],"curies":[{"name":"wp","href":"https:\/\/api.w.org\/{rel}","templated":true}]}}