{"id":19062,"date":"2022-08-11T16:57:22","date_gmt":"2022-08-11T16:57:22","guid":{"rendered":"https:\/\/sitechecker.pro\/?page_id=19062"},"modified":"2026-02-16T17:01:41","modified_gmt":"2026-02-16T17:01:41","slug":"website-image-file-size-checker-optimize-images-speed-improve","status":"publish","type":"page","link":"https:\/\/sitechecker.pro\/es\/image-size-checker\/","title":{"rendered":"Image File Size Checker | Comprobar la optimizaci\u00f3n de im\u00e1genes del sitio web \u2611"},"content":{"rendered":"<p>Ajustar el tama\u00f1o de las im\u00e1genes en tu sitio web puede mejorar significativamente su rendimiento y hacerlo m\u00e1s atractivo para los usuarios. Optimizar las im\u00e1genes mejora la velocidad de carga de toda la p\u00e1gina, lo que permite que los usuarios permanezcan en ella y no pierdan tiempo esperando a que aparezca la imagen. Adem\u00e1s de mejorar la experiencia del usuario y el rendimiento de la p\u00e1gina, las im\u00e1genes tambi\u00e9n pueden mejorar el <a href=\"https:\/\/sitechecker.pro\/on-page-seo-checker\/\" target=\"_blank\" rel=\"noopener noreferrer\">SEO on-page<\/a>.<\/p>\n<p>Compartiremos informaci\u00f3n sobre c\u00f3mo mejorar y optimizar las im\u00e1genes de tu sitio web para que aporten valor adicional a tu p\u00e1gina y mejoren su rendimiento. Adem\u00e1s, te contaremos m\u00e1s sobre nuestra herramienta de verificaci\u00f3n del tama\u00f1o de archivo, que puedes usar para un an\u00e1lisis r\u00e1pido y eficiente.<\/p>\n<h2 id=\"ik_what_is\">\u00bfQu\u00e9 es un verificador de tama\u00f1o de archivo de im\u00e1genes para sitios web?<\/h2>\n<p>Nuestro verificador de tama\u00f1o de archivo de im\u00e1genes es una herramienta minimalista pero \u00fatil. Muestra si todas las im\u00e1genes de tu sitio web cumplen con los requisitos de tama\u00f1o y no afectan el rendimiento. Es f\u00e1cil de usar y no requiere habilidades adicionales para configurar e iniciar el an\u00e1lisis.<\/p>\n<p>La herramienta rastrea cada p\u00e1gina de tu sitio web y procesa todas las im\u00e1genes subidas. Una vez finalizado el informe, ver\u00e1s si alguna tiene problemas de tama\u00f1o y, por lo tanto, requiere optimizaci\u00f3n.<\/p>\n<h2 id=\"ik_how_to_use\">\u00bfC\u00f3mo usar un verificador de tama\u00f1o de archivo de imagen?<\/h2>\n<p>Nuestra herramienta es bastante r\u00e1pida y f\u00e1cil de usar. Por eso, el an\u00e1lisis no te llevar\u00e1 m\u00e1s que unos minutos. Hemos preparado una breve gu\u00eda paso a paso para que puedas realizar f\u00e1cilmente la primera comprobaci\u00f3n del tama\u00f1o de imagen de tu sitio web.<\/p>\n<h3>Paso 1: Introduce la URL y empieza una prueba gratuita<\/h3>\n<p>Copia la URL de tu sitio web e introd\u00facela en la p\u00e1gina de inicio de la calculadora de tama\u00f1o de archivo de imagen. Ver\u00e1s un campo de b\u00fasqueda donde podr\u00e1s pegarla. El an\u00e1lisis comenzar\u00e1 en breve. Podr\u00e1s ejecutar este an\u00e1lisis gratis. Haz clic en el bot\u00f3n &#8220;Prueba gratuita&#8221; junto a la barra de b\u00fasqueda. No necesitas a\u00f1adir los datos de tu tarjeta de cr\u00e9dito para usarlo.<\/p>\n<div class=\"content__img-wrap\"><img src=\"https:\/\/sitechecker.pro\/wp-content\/uploads\/2022\/08\/image_size_checker_1.png\" alt=\"Verificador de tama\u00f1os de im\u00e1genes de sitios web: primer paso\" class=\"description-img description-img-zoom\" loading=\"lazy\" ><\/div>\n<h3>Paso 2. Recibir un informe<\/h3>\n<p>En unos minutos, recibir\u00e1s el informe detallado de auditor\u00eda en la p\u00e1gina. En el bloque &#8220;Im\u00e1genes&#8221;, ver\u00e1s si alguna imagen supera el tama\u00f1o de archivo recomendado y la cantidad exacta de problemas. La herramienta muestra el c\u00f3digo de estado, el alt y los atributos de t\u00edtulo de la <a href=\"https:\/\/sitechecker.pro\/broken-image-checker\/\" data-wpil-monitor-id=\"231\">imagen<\/a>.<\/p>\n<div class=\"content__img-wrap\"><img src=\"https:\/\/sitechecker.pro\/wp-content\/uploads\/2022\/08\/image_size_checker_2.png\" alt=\"Resultado de la herramienta de comprobaci\u00f3n de archivos de imagen\" class=\"description-img description-img-zoom\" loading=\"lazy\" ><\/div>\n<h2 id=\"ik_how_detect_issues\">\u00bfC\u00f3mo encontrar p\u00e1ginas con im\u00e1genes no optimizadas que pesan m\u00e1s de 100 KB?<\/h2>\n<p>Si quieres detectar r\u00e1pidamente qu\u00e9 p\u00e1ginas de tu sitio web aumentan m\u00e1s su peso y optimizarlas, el comprobador de tama\u00f1o de archivos de imagen puede ayudarte. Tras iniciar el rastreo, no solo analizamos una URL, sino todas las p\u00e1ginas del sitio web. Finalmente, te informamos de cu\u00e1ntas p\u00e1ginas contienen im\u00e1genes no optimizadas. Encontrar\u00e1s esta informaci\u00f3n en la p\u00e1gina de resumen de la auditor\u00eda del sitio, en la categor\u00eda &#8220;Velocidad de la p\u00e1gina&#8221;. Al hacer clic en el bot\u00f3n &#8220;Ver problema&#8221;, puedes ver la lista de URL.<\/p>\n<div class=\"content__img-wrap\"><img src=\"https:\/\/sitechecker.pro\/wp-content\/uploads\/2022\/08\/image_size_checker_3.png\" alt=\"Resumen de auditor\u00eda del sitio: Problemas con el tama\u00f1o de las im\u00e1genes\" class=\"description-img description-img-zoom\" loading=\"lazy\" ><\/div>\n<p>En la lista de p\u00e1ginas, podr\u00e1s ver el problema en el c\u00f3digo y leer las instrucciones para solucionarlo.<\/p>\n<div class=\"content__img-wrap\"><img src=\"https:\/\/sitechecker.pro\/wp-content\/uploads\/2022\/08\/image_size_checker_4.png\" alt=\"Detalles de los problemas con el tama\u00f1o de las im\u00e1genes\" class=\"description-img description-img-zoom\" loading=\"lazy\" ><\/div>\n    <div class=\"blog__conversion blog__conversion-app element__logged_out\">\n        <div class=\"blog__conversion-inner\">\n            <p class=\"title\">\u00a1Analiza no solo el tama\u00f1o de las im\u00e1genes, sino todo el sitio!<\/p>\n            <p class=\"description\">Realiza una auditor\u00eda completa para identificar y corregir tu SEO t\u00e9cnico.<\/p>\n            <form id=\"audit__form\"\n                  class=\"article__seo-search audit__form Realiza una auditor\u00eda completa para identificar y corregir tu SEO t\u00e9cnico.\"\n                  action=\"\"\n                  method=\"POST\"\n                  autocomplete=\"off\">\n                <span class=\"error\"><\/span>\n                <div class=\"error__limits\">Something went wrong. Please, try again later.<\/div>\n                <input name=\"url\"\n                       type=\"text\"\n                       placeholder=\"Introduce tu dominio aqu\u00ed\">\n                                <button type=\"submit\"\n                        class=\"sitechecker__text\">\n                    <span>Iniciar auditor\u00eda<\/span>\n                    <img src=\"\/wp-content\/themes\/sitechecker\/out\/img_design\/loading.svg\"\n                         width=\"31\"\n                         height=\"30\"\n                         class=\"loading\">\n                <\/button>\n            <\/form>\n        <\/div>\n    <\/div>\n    \n<h2 id=\"ik_importance\">\u00bfPor qu\u00e9 es importante el tama\u00f1o de las im\u00e1genes para el SEO y la optimizaci\u00f3n de motores de b\u00fasqueda?<\/h2>\n<p>\u00bfC\u00f3mo afecta esto a la velocidad de carga de la p\u00e1gina?<\/p>\n<p>Dado que las im\u00e1genes representan una gran parte del peso total del sitio, afectan el rendimiento de las p\u00e1ginas. Cuanto m\u00e1s pesan, m\u00e1s tardan en cargar. Por lo tanto, si quieres mejorar las m\u00e9tricas SEO de tu p\u00e1gina, optimizar y comprimir cada imagen es lo mejor. El tama\u00f1o \u00f3ptimo es inferior a 100 KB.<\/p>\n<p>JPEG es el formato m\u00e1s adecuado para subir im\u00e1genes a una p\u00e1gina web. Una de las principales razones es que puedes reducir el tama\u00f1o de la imagen en m\u00e1s del 50 % sin p\u00e9rdidas significativas de calidad.<\/p>\n<p>Para garantizar que tu sitio web cargue r\u00e1pido y correctamente, prueba nuestra herramienta <a href=\"https:\/\/sitechecker.pro\/speed-test\/\" target=\"_blank\" rel=\"noopener noreferrer\">Prueba de Velocidad del Sitio Web<\/a>: puedes ejecutar estas comprobaciones r\u00e1pidas cada vez que subas nuevas im\u00e1genes o p\u00e1ginas a un sitio.<\/p>\n<p>Adem\u00e1s, usar un <a href=\"https:\/\/sitechecker.pro\/website-image-crawler\/\">rastreador de im\u00e1genes de sitios web<\/a> puede ayudarte a identificar im\u00e1genes no optimizadas en tu sitio, garantizando que todo el contenido visual est\u00e9 correctamente comprimido para mejorar los tiempos de carga y el rendimiento SEO.<\/p>\n<h2 id=\"ik_how_to_fix\">\u00bfC\u00f3mo solucionar el problema de &#8220;Tama\u00f1o de imagen superior a 100 KB&#8221;?<\/h2>\n<p>Hay varias maneras principales de solucionar este problema. Puedes encontrar m\u00e1s informaci\u00f3n sobre todas ellas en la <a href=\"https:\/\/sitechecker.pro\/site-audit-issues\/image-size-100-kb\/\" target=\"_blank\" rel=\"noopener noreferrer\">gu\u00eda para corregir im\u00e1genes con un tama\u00f1o superior a 100 KB<\/a>. Tambi\u00e9n puedes buscar las respuestas en esta completa videogu\u00eda de <a href=\"https:\/\/www.youtube.com\/c\/eldargezalov\" target=\"_blank\" rel=\"noopener noreferrer\">Eldar Gezalov<\/a>.<\/p>\n<p><iframe title=\"Reproductor de v\u00eddeo de YouTube\" src=\"https:\/\/www.youtube.com\/embed\/l8RitnDp5rU\" width=\"770\" height=\"350\" frameborder=\"0\" allowfullscreen=\"allowfullscreen\"><\/iframe><\/p>\n<p><div class=\"front__faq-block\"><div class=\"faq__block-title\">Preguntas frecuentes<\/div><div class=\"panel-group\" id=\"faq-accordion\" itemscope itemtype=\"https:\/\/schema.org\/FAQPage\" role=\"tablist\" aria-multiselectable=\"true\"><div class=\"panel\" itemscope itemtype=\"https:\/\/schema.org\/Question\" itemprop=\"mainEntity\">\n                            <div class=\"panel-heading\" id=\"headingFaq-1\">\n                                <div class=\"panel-title\" data-toggle=\"collapse\" aria-expanded=\"false\" href=\"#collapseFaq-1\">\n                                    <h3 itemprop=\"name\">\u00bfCu\u00e1l es el tama\u00f1o \u00f3ptimo de imagen para un SEO eficaz?<\/h3>\n                                <\/div>\n                            <\/div>\n                            <div id=\"collapseFaq-1\" class=\"panel-collapse collapse\" itemprop=\"acceptedAnswer\" itemscope itemtype=\"http:\/\/schema.org\/Answer\">\n                                <div class=\"panel-body\" itemprop=\"text\">El tama\u00f1o ideal es inferior a 70 KB. Cuanto menor sea el tama\u00f1o, mejor ser\u00e1 la velocidad de carga de la imagen. Esto mejora el rendimiento de la p\u00e1gina, no afecta su aspecto visual y no molesta a los usuarios que esperan a que se carguen todos los elementos.<\/div>\n                            <\/div>\n                        <\/div><div class=\"panel\" itemscope itemtype=\"https:\/\/schema.org\/Question\" itemprop=\"mainEntity\">\n                            <div class=\"panel-heading\" id=\"headingFaq-2\">\n                                <div class=\"panel-title\" data-toggle=\"collapse\" aria-expanded=\"false\" href=\"#collapseFaq-2\">\n                                    <h3 itemprop=\"name\">\u00bfC\u00f3mo optimizo el tama\u00f1o de las im\u00e1genes en WordPress?<\/h3>\n                                <\/div>\n                            <\/div>\n                            <div id=\"collapseFaq-2\" class=\"panel-collapse collapse\" itemprop=\"acceptedAnswer\" itemscope itemtype=\"http:\/\/schema.org\/Answer\">\n                                <div class=\"panel-body\" itemprop=\"text\">Hay varias maneras sencillas de optimizar im\u00e1genes para WordPress. Primero, comprime las im\u00e1genes que quieras a\u00f1adir. Usa aplicaciones o herramientas online de confianza como ShortPixel o TinyPNG, que comprimen im\u00e1genes sin afectar su calidad. Adem\u00e1s, puedes cambiar el tama\u00f1o predeterminado de las im\u00e1genes directamente en WordPress. Otras opciones incluyen procesar im\u00e1genes a trav\u00e9s de CDN y borrar la biblioteca de WordPress.<\/div>\n                            <\/div>\n                        <\/div><div class=\"panel\" itemscope itemtype=\"https:\/\/schema.org\/Question\" itemprop=\"mainEntity\">\n                            <div class=\"panel-heading\" id=\"headingFaq-3\">\n                                <div class=\"panel-title\" data-toggle=\"collapse\" aria-expanded=\"false\" href=\"#collapseFaq-3\">\n                                    <h3 itemprop=\"name\">\u00bfC\u00f3mo afecta el tama\u00f1o de la imagen al tama\u00f1o del archivo?<\/h3>\n                                <\/div>\n                            <\/div>\n                            <div id=\"collapseFaq-3\" class=\"panel-collapse collapse\" itemprop=\"acceptedAnswer\" itemscope itemtype=\"http:\/\/schema.org\/Answer\">\n                                <div class=\"panel-body\" itemprop=\"text\">Es un error com\u00fan pensar que la resoluci\u00f3n de la imagen afecta su tama\u00f1o. Muchos creen que reducir la resoluci\u00f3n afecta el tama\u00f1o de la imagen y acelera su carga. Aunque esto \u00faltimo es cierto, reducir la resoluci\u00f3n no acelerar\u00e1 la carga del archivo en tu sitio web.<\/div>\n                            <\/div>\n                        <\/div><\/div><\/div><\/p>","protected":false},"excerpt":{"rendered":"Ajustar el tama\u00f1o de las im\u00e1genes en tu sitio web puede mejorar significativamente su rendimiento y hacerlo m\u00e1s atractivo para los usuarios. Optimizar las im\u00e1genes mejora la velocidad de carga de toda la p\u00e1gina, lo que permite que los usuarios permanezcan en ella y no pierdan tiempo esperando a que aparezca la imagen. Adem\u00e1s de&#8230;","protected":false},"author":10718706,"featured_media":23027,"parent":0,"menu_order":0,"comment_status":"closed","ping_status":"closed","template":"pages-templates\/pages-minitools-3.php","meta":[],"categories":[74],"tags":[],"_links":{"self":[{"href":"https:\/\/sitechecker.pro\/es\/wp-json\/wp\/v2\/pages\/19062"}],"collection":[{"href":"https:\/\/sitechecker.pro\/es\/wp-json\/wp\/v2\/pages"}],"about":[{"href":"https:\/\/sitechecker.pro\/es\/wp-json\/wp\/v2\/types\/page"}],"author":[{"embeddable":true,"href":"https:\/\/sitechecker.pro\/es\/wp-json\/wp\/v2\/users\/10718706"}],"replies":[{"embeddable":true,"href":"https:\/\/sitechecker.pro\/es\/wp-json\/wp\/v2\/comments?post=19062"}],"version-history":[{"count":9,"href":"https:\/\/sitechecker.pro\/es\/wp-json\/wp\/v2\/pages\/19062\/revisions"}],"predecessor-version":[{"id":39297,"href":"https:\/\/sitechecker.pro\/es\/wp-json\/wp\/v2\/pages\/19062\/revisions\/39297"}],"wp:featuredmedia":[{"embeddable":true,"href":"https:\/\/sitechecker.pro\/es\/wp-json\/wp\/v2\/media\/23027"}],"wp:attachment":[{"href":"https:\/\/sitechecker.pro\/es\/wp-json\/wp\/v2\/media?parent=19062"}],"wp:term":[{"taxonomy":"category","embeddable":true,"href":"https:\/\/sitechecker.pro\/es\/wp-json\/wp\/v2\/categories?post=19062"},{"taxonomy":"post_tag","embeddable":true,"href":"https:\/\/sitechecker.pro\/es\/wp-json\/wp\/v2\/tags?post=19062"}],"curies":[{"name":"wp","href":"https:\/\/api.w.org\/{rel}","templated":true}]}}