{"id":19058,"date":"2022-08-11T14:10:29","date_gmt":"2022-08-11T14:10:29","guid":{"rendered":"https:\/\/sitechecker.pro\/?page_id=19058"},"modified":"2025-02-25T13:21:50","modified_gmt":"2025-02-25T13:21:50","slug":"twitter-card-validator-free-test-twitter-card-sitechecker-%e1%90%88","status":"publish","type":"page","link":"https:\/\/sitechecker.pro\/es\/twitter-card-checker\/","title":{"rendered":"Validador de tarjetas de Twitter | Prueba c\u00f3mo se ver\u00e1 tu tarjeta \u2611"},"content":{"rendered":"<p><\/p>\n<h2 id=\"par1\">\u00bfQu\u00e9 es el verificador de tarjetas de Twitter?<\/h2>\n<p>El verificador de tarjetas de Twitter de <a href=\"https:\/\/sitechecker.pro\/\" target=\"_blank\" rel=\"noopener noreferrer\">Sitechecker<\/a> te permite probar instant\u00e1neamente c\u00f3mo aparecen tus tarjetas de Twitter cuando se comparten. Verifica r\u00e1pidamente la disponibilidad de tarjetas de Twitter para cualquier p\u00e1gina o audita todo tu sitio web para detectar URL de tarjetas faltantes y problemas de compatibilidad con dispositivos m\u00f3viles. Obt\u00e9n un informe instant\u00e1neo para una sola p\u00e1gina o un an\u00e1lisis del sitio completo con monitoreo continuo.<\/p>\n<h3>C\u00f3mo puede ayudarte la herramienta<\/h3>\n<p><strong>Vista previa de tarjetas de Twitter: <\/strong>verifica r\u00e1pidamente c\u00f3mo aparecen tus tarjetas originales cuando se comparten, asegur\u00e1ndote de que se muestran correctamente con las im\u00e1genes, los t\u00edtulos y las descripciones correctos.<\/p>\n<p><strong>Auditor\u00eda completa de tarjetas de Twitter del sitio: <\/strong>escanea todo tu sitio web para detectar URL de tarjetas de Twitter faltantes o incompletas, lo que te ayudar\u00e1 a solucionar problemas que podr\u00edan afectar la interacci\u00f3n.<\/p>\n<p><strong>Control y supervisi\u00f3n de la compatibilidad con dispositivos m\u00f3viles: <\/strong>identifique los problemas de usabilidad en dispositivos m\u00f3viles relacionados con la vista previa de las redes sociales y monitor\u00e9elos a lo largo del tiempo para garantizar una visualizaci\u00f3n \u00f3ptima en todos los dispositivos.<\/p>\n<h3>Caracter\u00edsticas clave de la herramienta<\/h3>\n<p><strong>Panel unificado: <\/strong>obtenga una vista integral del estado de SEO de su sitio web en un solo lugar, incluidas auditor\u00edas, clasificaciones, v\u00ednculos de retroceso y seguimiento de problemas en tiempo real.<\/p>\n<p><strong>Interfaz f\u00e1cil de usar: <\/strong>navegue f\u00e1cilmente por los informes y las perspectivas de SEO con un dise\u00f1o intuitivo, lo que lo hace accesible para principiantes y expertos.<\/p>\n<p><strong>Conjunto completo de herramientas de SEO: <\/strong>realice auditor\u00edas exhaustivas de sitios web, realice un seguimiento de las clasificaciones de palabras clave, controle los cambios del sitio y optimice el SEO en la p\u00e1gina con un conjunto completo de herramientas.<\/p>\n<h2 id=\"par2\">C\u00f3mo usar la herramienta<\/h2>\n<p>Simplemente ingrese la URL de su p\u00e1gina web y elija una opci\u00f3n de auditor\u00eda. Para una verificaci\u00f3n r\u00e1pida, seleccione &#8220;Probar la tarjeta de Twitter en una p\u00e1gina&#8221; para verificar instant\u00e1neamente la disponibilidad de la vista previa de las redes sociales. Para realizar una auditor\u00eda completa del sitio, seleccione &#8220;Probar la tarjeta de Twitter en todas las p\u00e1ginas&#8221; para detectar URL de tarjetas faltantes y problemas de compatibilidad con dispositivos m\u00f3viles. Haga clic en &#8220;Iniciar auditor\u00eda&#8221; y obtenga un informe detallado para garantizar que sus enlaces se muestren correctamente en Twitter.<\/p>\n<h2 id=\"par3\">Probar las tarjetas de Twitter para el sitio web<\/h2>\n<h3>Paso 1: seleccione una opci\u00f3n de auditor\u00eda para analizar todas las p\u00e1ginas<\/h3>\n<div class=\"content__img-wrap\"><img src=\"https:\/\/sitechecker.pro\/wp-content\/uploads\/2025\/02\/test-twitter-card-all-pages.png\" alt=\"Probar la tarjeta de Twitter en todas las p\u00e1ginas\" class=\"description-img description-img-zoom\" loading=\"lazy\" ><\/div>\n<div class=\"important-block\">Para recibir resultados y acceder a las funciones de Sitechecker durante 14 d\u00edas, comience su prueba GRATUITA. Registrarse es f\u00e1cil con su cuenta de correo electr\u00f3nico, Google o Facebook. No se necesita tarjeta de cr\u00e9dito.<\/div>\n<h3>Paso 2: Obtenga los resultados<\/h3>\n<p>Obtenga un an\u00e1lisis detallado de la implementaci\u00f3n de la vista previa de las redes sociales, incluidas las URL de tarjetas faltantes o incompletas, los problemas de compatibilidad con dispositivos m\u00f3viles y las sugerencias de soluci\u00f3n en el c\u00f3digo. Identifique f\u00e1cilmente las p\u00e1ginas afectadas, aseg\u00farese de que el contenido se muestre correctamente en Twitter y optimice la interacci\u00f3n con informaci\u00f3n \u00fatil.<\/p>\n<div class=\"content__img-wrap\"><img src=\"https:\/\/sitechecker.pro\/wp-content\/uploads\/2025\/02\/test-content-on-twitter.png\" alt=\"Pruebe el contenido en Twitter\" class=\"description-img description-img-zoom\" loading=\"lazy\" ><\/div>\n<h3>Caracter\u00edsticas adicionales del probador de tarjetas de Twitter<\/h3>\n<p>Obtenga informaci\u00f3n m\u00e1s profunda m\u00e1s all\u00e1 de la validaci\u00f3n de la vista previa de las redes sociales con una auditor\u00eda completa del sitio. Identifique problemas cr\u00edticos de SEO, advertencias y oportunidades de optimizaci\u00f3n en todo su sitio web. Analice las p\u00e1ginas afectadas por categor\u00edas clave como compatibilidad con dispositivos m\u00f3viles, indexabilidad, relevancia del contenido y SEO t\u00e9cnico para garantizar un rendimiento y una visibilidad perfectos.<\/p>\n<div class=\"content__img-wrap\"><img src=\"https:\/\/sitechecker.pro\/wp-content\/uploads\/2025\/02\/site-audit-issues_67bdb39f47a00.png\" alt=\"Problemas de auditor\u00eda del sitio\" class=\"description-img description-img-zoom\" loading=\"lazy\" ><\/div>\n<h2 id=\"par4\">Prueba el validador de Twitter Card en una p\u00e1gina<\/h2>\n<h3>Paso 1: elige la opci\u00f3n de prueba de Twitter Card para una p\u00e1gina<\/h3>\n<div class=\"content__img-wrap\"><img src=\"https:\/\/sitechecker.pro\/wp-content\/uploads\/2025\/02\/test-twitter-card-one-page.png\" alt=\"Prueba de Twitter Card en una p\u00e1gina\" class=\"description-img description-img-zoom\" loading=\"lazy\" ><\/div>\n<h3>Paso 2: obt\u00e9n los resultados<\/h3>\n<p>Obt\u00e9n un desglose preciso de los metadatos de la vista previa de las publicaciones sociales de tu p\u00e1gina, incluidos el tipo de tarjeta, el t\u00edtulo, la imagen y la descripci\u00f3n. Verifica al instante si tus OG Cards est\u00e1n configuradas correctamente, lo que garantiza una apariencia y una interacci\u00f3n \u00f3ptimas cuando se comparten en Twitter.<\/p>\n<div class=\"content__img-wrap\"><img src=\"https:\/\/sitechecker.pro\/wp-content\/uploads\/2025\/02\/twitter-card-test-results.png\" alt=\"Resultados de la prueba de Twitter Card\" class=\"description-img description-img-zoom\" loading=\"lazy\" ><\/div>\n<h3>Funciones adicionales del comprobador de Twitter Card<\/h3>\n<p>Obtenga informaci\u00f3n m\u00e1s detallada m\u00e1s all\u00e1 de los datos de fragmentos de contenido multimedia con una auditor\u00eda de p\u00e1gina completa. Identifique problemas de SEO, advertencias y oportunidades de optimizaci\u00f3n, incluidos los enlaces internos, la relevancia del contenido y el contenido duplicado. Obtenga soluciones pr\u00e1cticas para mejorar el rendimiento y la visibilidad de su p\u00e1gina. Simplemente haga clic en la secci\u00f3n &#8220;Problemas&#8221; para obtener m\u00e1s detalles.<\/p>\n<div class=\"content__img-wrap\"><img src=\"https:\/\/sitechecker.pro\/wp-content\/uploads\/2025\/02\/sitechecker-issues.png\" alt=\"Problemas de Sitechecker\" class=\"description-img description-img-zoom\" loading=\"lazy\" ><\/div>\n<h2 id=\"par5\">Idea final<\/h2>\n<p>El validador de Twitter Card es una herramienta dise\u00f1ada para garantizar que su contenido se muestre correctamente en Twitter. Ya sea que necesite una verificaci\u00f3n r\u00e1pida de una sola p\u00e1gina o una auditor\u00eda de todo el sitio, esta herramienta ayuda a identificar URL faltantes y problemas de compatibilidad con dispositivos m\u00f3viles al tiempo que proporciona informaci\u00f3n \u00fatil para la optimizaci\u00f3n.<\/p>\n<p>Adem\u00e1s de la validaci\u00f3n de la vista previa de las redes sociales, la herramienta ofrece una auditor\u00eda SEO integral, que le permite detectar problemas cr\u00edticos del sitio web, monitorear el rendimiento y mejorar la interacci\u00f3n. Con su interfaz f\u00e1cil de usar, conjunto completo de herramientas SEO y panel de control unificado, optimizar su sitio web nunca ha sido tan f\u00e1cil.<\/p>\n<div id=\"par6\"><\/div>\n<p><div class=\"front__faq-block\"><div class=\"faq__block-title\">Preguntas frecuentes<\/div><div class=\"panel-group\" id=\"faq-accordion\" itemscope itemtype=\"https:\/\/schema.org\/FAQPage\" role=\"tablist\" aria-multiselectable=\"true\"><div class=\"panel\" itemscope itemtype=\"https:\/\/schema.org\/Question\" itemprop=\"mainEntity\">\n                            <div class=\"panel-heading\" id=\"headingFaq-1\">\n                                <div class=\"panel-title\" data-toggle=\"collapse\" aria-expanded=\"false\" href=\"#collapseFaq-1\">\n                                    <h3 itemprop=\"name\">\u00bfQu\u00e9 tipos de vista previa de metaetiquetas puede verificar el Validador de tarjetas de Twitter?<\/h3>\n                                <\/div>\n                            <\/div>\n                            <div id=\"collapseFaq-1\" class=\"panel-collapse collapse\" itemprop=\"acceptedAnswer\" itemscope itemtype=\"http:\/\/schema.org\/Answer\">\n                                <div class=\"panel-body\" itemprop=\"text\">La herramienta puede verificar varios tipos de tarjetas OG, incluidas la vista previa de metaetiquetas, resumen con im\u00e1genes grandes, fragmentos de medios enriquecidos de aplicaciones, asegur\u00e1ndose de que se muestren correctamente cuando se compartan.<\/div>\n                            <\/div>\n                        <\/div><div class=\"panel\" itemscope itemtype=\"https:\/\/schema.org\/Question\" itemprop=\"mainEntity\">\n                            <div class=\"panel-heading\" id=\"headingFaq-2\">\n                                <div class=\"panel-title\" data-toggle=\"collapse\" aria-expanded=\"false\" href=\"#collapseFaq-2\">\n                                    <h3 itemprop=\"name\">\u00bfPuedo usar el Validador de tarjetas de Twitter para varias p\u00e1ginas a la vez?<\/h3>\n                                <\/div>\n                            <\/div>\n                            <div id=\"collapseFaq-2\" class=\"panel-collapse collapse\" itemprop=\"acceptedAnswer\" itemscope itemtype=\"http:\/\/schema.org\/Answer\">\n                                <div class=\"panel-body\" itemprop=\"text\">S\u00ed, puede elegir probar una sola p\u00e1gina o realizar una auditor\u00eda completa del sitio para detectar problemas de vista previa de publicaciones sociales en varias p\u00e1ginas.<\/div>\n                            <\/div>\n                        <\/div><div class=\"panel\" itemscope itemtype=\"https:\/\/schema.org\/Question\" itemprop=\"mainEntity\">\n                            <div class=\"panel-heading\" id=\"headingFaq-3\">\n                                <div class=\"panel-title\" data-toggle=\"collapse\" aria-expanded=\"false\" href=\"#collapseFaq-3\">\n                                    <h3 itemprop=\"name\">\u00bfC\u00f3mo accedo al informe completo de la tarjeta de Twitter?<\/h3>\n                                <\/div>\n                            <\/div>\n                            <div id=\"collapseFaq-3\" class=\"panel-collapse collapse\" itemprop=\"acceptedAnswer\" itemscope itemtype=\"http:\/\/schema.org\/Answer\">\n                                <div class=\"panel-body\" itemprop=\"text\">Simplemente ingrese la URL de su p\u00e1gina web, seleccione el tipo de auditor\u00eda y haga clic en 'Iniciar auditor\u00eda'. Una vez completado, puede revisar los metadatos detallados, las p\u00e1ginas afectadas y las sugerencias de optimizaci\u00f3n.<\/div>\n                            <\/div>\n                        <\/div><div class=\"panel\" itemscope itemtype=\"https:\/\/schema.org\/Question\" itemprop=\"mainEntity\">\n                            <div class=\"panel-heading\" id=\"headingFaq-4\">\n                                <div class=\"panel-title\" data-toggle=\"collapse\" aria-expanded=\"false\" href=\"#collapseFaq-4\">\n                                    <h3 itemprop=\"name\">\u00bfPuedo descargar mi informe de auditor\u00eda?<\/h3>\n                                <\/div>\n                            <\/div>\n                            <div id=\"collapseFaq-4\" class=\"panel-collapse collapse\" itemprop=\"acceptedAnswer\" itemscope itemtype=\"http:\/\/schema.org\/Answer\">\n                                <div class=\"panel-body\" itemprop=\"text\">S\u00ed, Sitechecker le permite exportar su informe de auditor\u00eda como PDF para compartirlo f\u00e1cilmente y como referencia futura.<\/div>\n                            <\/div>\n                        <\/div><div class=\"panel\" itemscope itemtype=\"https:\/\/schema.org\/Question\" itemprop=\"mainEntity\">\n                            <div class=\"panel-heading\" id=\"headingFaq-5\">\n                                <div class=\"panel-title\" data-toggle=\"collapse\" aria-expanded=\"false\" href=\"#collapseFaq-5\">\n                                    <h3 itemprop=\"name\">\u00bfFuncionar\u00e1 la herramienta para cualquier sitio web?<\/h3>\n                                <\/div>\n                            <\/div>\n                            <div id=\"collapseFaq-5\" class=\"panel-collapse collapse\" itemprop=\"acceptedAnswer\" itemscope itemtype=\"http:\/\/schema.org\/Answer\">\n                                <div class=\"panel-body\" itemprop=\"text\">S\u00ed, funciona para cualquier sitio web de acceso p\u00fablico, pero si su p\u00e1gina est\u00e1 restringida o detr\u00e1s de un inicio de sesi\u00f3n, es posible que la herramienta no pueda recuperar los metadatos necesarios.<\/div>\n                            <\/div>\n                        <\/div><\/div><\/div><\/p>","protected":false},"excerpt":{"rendered":"\u00bfQu\u00e9 es el verificador de tarjetas de Twitter? El verificador de tarjetas de Twitter de Sitechecker te permite probar instant\u00e1neamente c\u00f3mo aparecen tus tarjetas de Twitter cuando se comparten. Verifica r\u00e1pidamente la disponibilidad de tarjetas de Twitter para cualquier p\u00e1gina o audita todo tu sitio web para detectar URL de tarjetas faltantes y problemas de&#8230;","protected":false},"author":10718706,"featured_media":23031,"parent":0,"menu_order":0,"comment_status":"closed","ping_status":"closed","template":"pages-templates\/pages-minitools-3.php","meta":[],"categories":[70],"tags":[],"_links":{"self":[{"href":"https:\/\/sitechecker.pro\/es\/wp-json\/wp\/v2\/pages\/19058"}],"collection":[{"href":"https:\/\/sitechecker.pro\/es\/wp-json\/wp\/v2\/pages"}],"about":[{"href":"https:\/\/sitechecker.pro\/es\/wp-json\/wp\/v2\/types\/page"}],"author":[{"embeddable":true,"href":"https:\/\/sitechecker.pro\/es\/wp-json\/wp\/v2\/users\/10718706"}],"replies":[{"embeddable":true,"href":"https:\/\/sitechecker.pro\/es\/wp-json\/wp\/v2\/comments?post=19058"}],"version-history":[{"count":6,"href":"https:\/\/sitechecker.pro\/es\/wp-json\/wp\/v2\/pages\/19058\/revisions"}],"predecessor-version":[{"id":35702,"href":"https:\/\/sitechecker.pro\/es\/wp-json\/wp\/v2\/pages\/19058\/revisions\/35702"}],"wp:featuredmedia":[{"embeddable":true,"href":"https:\/\/sitechecker.pro\/es\/wp-json\/wp\/v2\/media\/23031"}],"wp:attachment":[{"href":"https:\/\/sitechecker.pro\/es\/wp-json\/wp\/v2\/media?parent=19058"}],"wp:term":[{"taxonomy":"category","embeddable":true,"href":"https:\/\/sitechecker.pro\/es\/wp-json\/wp\/v2\/categories?post=19058"},{"taxonomy":"post_tag","embeddable":true,"href":"https:\/\/sitechecker.pro\/es\/wp-json\/wp\/v2\/tags?post=19058"}],"curies":[{"name":"wp","href":"https:\/\/api.w.org\/{rel}","templated":true}]}}