{"id":17206,"date":"2023-12-06T18:56:38","date_gmt":"2023-12-06T18:56:38","guid":{"rendered":"https:\/\/sitechecker.pro\/?page_id=17206"},"modified":"2024-10-11T13:27:31","modified_gmt":"2024-10-11T13:27:31","slug":"google-serp-meaning-features-examples","status":"publish","type":"page","link":"https:\/\/sitechecker.pro\/es\/google-serp-meaning-features-examples\/","title":{"rendered":"Google SERP: significado, caracter\u00edsticas, ejemplos"},"content":{"rendered":"<p><\/p>\n<h2>Caracter\u00edsticas principales del SERP que debes conocer<\/h2>\n<p>&nbsp;<\/p>\n<p>Antes de comenzar con las caracter\u00edsticas principales, inicialmente debemos responder &#8220;\u00bfQu\u00e9 es un SERP?&#8221; El significado de SERP es el siguiente: es \u201cUna p\u00e1gina web generada por el motor de b\u00fasqueda como respuesta a una solicitud hecha por el usuario\u201d. La abreviatura significa \u201cSearch Engine Results Page\u201d, por sus siglas en ingl\u00e9s.<\/p>\n<p>En palabras m\u00e1s simples, es cuando deseas encontrar alguna informaci\u00f3n y escribes el keyword relacionado en el motor de b\u00fasqueda que utilizas, y este te da una retroalimentaci\u00f3n en forma de p\u00e1gina con los resultados encontrados. Estos resultados son los enlaces que hacen referencia al tema de tu solicitud.<\/p>\n<p>Los elementos principales de SERP son los siguientes:<\/p>\n<ul>\n<li>Resultados de b\u00fasqueda directa, estos consisten en enlaces a los sitios. Es la emisi\u00f3n natural de los <a href=\"https:\/\/sitechecker.pro\/es\/search-engines\/\">motores de b\u00fasqueda<\/a>; es aqu\u00ed donde los sitios web luchan por los puestos m\u00e1s altos. La p\u00e1gina de resultados de b\u00fasqueda contiene 10 enlaces por defecto, pero el n\u00famero puede cambiarse en la configuraci\u00f3n de b\u00fasqueda.<\/li>\n<li>Bloques con publicidad contextual<\/li>\n<li>Campos peque\u00f1os antes de los resultados de b\u00fasqueda. Estos pueden contener errores de tipeo en respuesta r\u00e1pida a una solicitud del usuario, y una calculadora, entre otros.<\/li>\n<li>Las im\u00e1genes se emiten en respuesta a una consulta de b\u00fasqueda determinada.<\/li>\n<li>Consultas relacionadas: la consulta de b\u00fasquedas es distinguida. Al usuario se le ofrecen palabras o solicitudes similares.<\/li>\n<li>Elementos de administraci\u00f3n: esto incluye enlaces para ir al sitio y sugerencias al ingresar una solicitud de usuario.<\/li>\n<li>Desde la aparici\u00f3n de Google, los resultados org\u00e1nicos de SERP no han tenido muchos cambios hasta el momento. Sin embargo, el uso de AdWords ha contribuido al hecho de que Google comenzara a incluir nuevos resultados no org\u00e1nicos en SERP.<\/li>\n<\/ul>\n<p>Ahora que ya sabes el significado de SERP, es hora de que conozcas sus caracter\u00edsticas principales, entre las cuales se destacan las siguientes cuatro:<\/p>\n<ul>\n<li> Los resultados obtenidos con la ayuda de una oferta de palabras claves, se denominan resultados pagos.<\/li>\n<li>La informaci\u00f3n definida que puede encontrarse en los cuadros se llama \u201cknowledge graph.\u201d<\/li>\n<li>La visualizaci\u00f3n que aparece adem\u00e1s de aquellas que ya han sido encontradas, se les conoce como fragmentos o snippets.<\/li>\n<li>Los detalles que aparecen junto con los hallazgos org\u00e1nicos, se conocen como resultados universales.<\/li>\n<\/ul>\n<p>&nbsp;<\/p>\n<h2 id=\"top15\">Las 15 funciones m\u00e1s populares de SERP<\/h2>\n<p>&nbsp;<\/p>\n<ul>\n<li> <strong id=\"adwords\">AdWords al tope y al fondo:<\/strong> generalmente, los resultados se pueden ver arriba o abajo de los resultados org\u00e1nicos. Dichos anuncios tienen su clasificaci\u00f3n seg\u00fan su utilidad y relevancia.<\/li>\n<\/ul>\n<p>&nbsp;<\/p>\n<div class=\"content__img-wrap\"><img src=\"https:\/\/sitechecker.pro\/wp-content\/uploads\/2017\/12\/google-adwords-results.png\" alt=\"Google SERP checker\" class=\"description-img description-img-zoom\" loading=\"lazy\" ><\/div>\n<p>&nbsp;<\/p>\n<ul>\n<li><strong id=\"featuredsnippet\">Fragmento destacado:<\/strong> La funci\u00f3n principal es obtener la informaci\u00f3n necesaria, que no est\u00e1 contenida en el Knowledge Graph. El \u00edndice puede proporcionarlo, ya que dichos fragmentos se utilizan para encontrar algunas referencias muy espec\u00edficas que se encuentran en la p\u00e1gina relevante. Aqu\u00ed, la clasificaci\u00f3n SERP del uno al cinco suele ser exitosa.<\/li>\n<\/ul>\n<p>&nbsp;<\/p>\n<div class=\"content__img-wrap\"><img src=\"https:\/\/sitechecker.pro\/wp-content\/uploads\/2017\/12\/featured-snippet.png\" alt=\"What is featured snippet?\" class=\"description-img description-img-zoom\" loading=\"lazy\" ><\/div>\n<p>&nbsp;<\/p>\n<ul>\n<li><strong id=\"imagepack\">Paquete de im\u00e1genes:<\/strong> Esta caracter\u00edstica ofrece los resultados que se est\u00e9n buscando en forma de im\u00e1genes, como <a href=\"https:\/\/sitechecker.pro\/es\/what-is-favicon\/\">favicon<\/a> y otras im\u00e1genes en sitios. Se obtienen con la ayuda de una solicitud especial de Google SERP.<\/li>\n<\/ul>\n<p>&nbsp;<\/p>\n<div class=\"content__img-wrap\"><img src=\"https:\/\/sitechecker.pro\/wp-content\/uploads\/2017\/12\/image-cards-in-google-serp.png\" alt=\"Image pack in SERP\" class=\"description-img description-img-zoom\" loading=\"lazy\" ><\/div>\n<p>&nbsp;<\/p>\n<ul>\n<li><strong id=\"indeptharticle\">Art\u00edculo en profundidad:<\/strong> si est\u00e1s buscando algunos t\u00e9rminos amplios, podr\u00e1s encontrar art\u00edculos que se conocen como &#8220;en profundidad&#8221;. Se llaman as\u00ed porque son hasta cinco mil palabras y son hechas por escritores confiables. La b\u00fasqueda de estos art\u00edculos de calidad usa reglas diferentes a la de la clasificaci\u00f3n SERP.<\/li>\n<\/ul>\n<p>&nbsp;<\/p>\n<div class=\"content__img-wrap\"><img src=\"https:\/\/sitechecker.pro\/wp-content\/uploads\/2017\/12\/in-depth-articles-in-serp.png\" alt=\"Search engine results for informational query\" class=\"description-img description-img-zoom\" loading=\"lazy\" ><\/div>\n<p>&nbsp;<\/p>\n<ul>\n<li><strong id=\"knowledgecard\">Knowledge Card:<\/strong> como se puede adivinar por el nombre de esta caracter\u00edstica, es la parte del Knowledge Graph que contiene la informaci\u00f3n sem\u00e1ntica agregada por las personas o los datos que pueden extraerse del \u00edndice. Una manera m\u00e1s para obtener los resultados de la Knowledge Card es tener acuerdos de informaci\u00f3n con socios. Si deseas tener una idea m\u00e1s clara del mecanismo de almacenamiento de datos de Google, puedes aprovechar el uso de palabras clave.<\/li>\n<\/ul>\n<p>&nbsp;<\/p>\n<div class=\"content__img-wrap\"><img src=\"https:\/\/sitechecker.pro\/wp-content\/uploads\/2017\/12\/knowledge-graph-in-serp.png\" alt=\"Knowledge card for query population in UK\" class=\"description-img description-img-zoom\" loading=\"lazy\" ><\/div>\n<p>&nbsp;<\/p>\n<ul>\n<li><strong id=\"knowledgepanel\">Knowledge Panel:<\/strong> al igual que la Knowledge Card, son los resultados que se obtienen gracias a los datos agregados por los humanos o gracias a los acuerdos con socios. Estos resultados se pueden encontrar a la derecha de los resultados org\u00e1nicos.<\/li>\n<\/ul>\n<p>&nbsp;<\/p>\n<div class=\"content__img-wrap\"><img src=\"https:\/\/sitechecker.pro\/wp-content\/uploads\/2017\/12\/knowledge-panel-in-serp.png\" alt=\"Knowledge panel screenshot\" class=\"description-img description-img-zoom\" loading=\"lazy\" ><\/div>\n<p>&nbsp;<\/p>\n<ul>\n<li><strong id=\"localpack\">Paquete local:<\/strong> este es el paquete de tres ubicaciones m\u00e1s apropiado que proporciona Google para las keywords que contienen sentido geogr\u00e1fico. Por ejemplo: &#8220;cafeter\u00edas baratas de Londres&#8221;. Actualmente esto se usa con mayor frecuencia en los tel\u00e9fonos inteligentes. Adem\u00e1s, los dispositivos m\u00f3viles han generado el h\u00e1bito de mostrar los resultados de forma vertical y no horizontal; porque los usuarios est\u00e1n buscando la forma m\u00e1s r\u00e1pida de conseguir el contenido que necesitan. El conocimiento de SEO local es una gran ventaja aqu\u00ed.<\/li>\n<\/ul>\n<p>&nbsp;<\/p>\n<div class=\"content__img-wrap\"><img src=\"https:\/\/sitechecker.pro\/wp-content\/uploads\/2017\/12\/local-pack-in-SERP.png\" alt=\"Local pack screenshot\" class=\"description-img description-img-zoom\" loading=\"lazy\" ><\/div>\n<p>&nbsp;<\/p>\n<ul>\n<li> <strong id=\"localteaserpack\">Paquete de teaser local:<\/strong> esta funci\u00f3n te dar\u00e1 consejos \u00fatiles sobre d\u00f3nde se encuentran los restaurantes y hoteles, incluyendo las horas en las que trabajan, adem\u00e1s de toda la informaci\u00f3n que puede ser \u00fatil para el usuario, como por ejemplo, fotos del lugar que est\u00e1 buscando y tambi\u00e9n rese\u00f1as hechas por otros usuarios.<\/li>\n<\/ul>\n<p>&nbsp;<\/p>\n<div class=\"content__img-wrap\"><img src=\"https:\/\/sitechecker.pro\/wp-content\/uploads\/2017\/12\/local-teaser-pack-in-serp.png\" alt=\"Local teaser pack screenshot for hotels in london query\" class=\"description-img description-img-zoom\" loading=\"lazy\" ><\/div>\n<p>&nbsp;<\/p>\n<ul>\n<li><strong id=\"newsbox\">Bloque de noticias<\/strong>: En esta categor\u00eda los resultados se obtienen desde Google News. El procedimiento para ingresar al bloque de noticias difiere mucho del proceso de aparici\u00f3n en los resultados org\u00e1nicos.<\/li>\n<\/ul>\n<p>&nbsp;<\/p>\n<div class=\"content__img-wrap\"><img src=\"https:\/\/sitechecker.pro\/wp-content\/uploads\/2017\/12\/news-box-in-serp.png\" alt=\"News and top stories in SERP\" class=\"description-img description-img-zoom\" loading=\"lazy\" ><\/div>\n<p>&nbsp;<\/p>\n<ul>\n<li><strong id=\"relatedquestions\">Preguntas relacionadas:<\/strong> Son todas las preguntas que el motor de b\u00fasqueda considera relacionadas con el tema que buscas. Se pueden ubicar en diversos lugares, ya que se parecen a un fragmento destacado; para ser exactos, estas preguntas son palabras clave con snippets. Es posible beneficiarse del uso de estas preguntas para hallar nuevas oportunidades de snippets con palabras claves.<\/li>\n<\/ul>\n<p>&nbsp;<\/p>\n<div class=\"content__img-wrap\"><img src=\"https:\/\/sitechecker.pro\/wp-content\/uploads\/2017\/12\/related-questions-in-serp.png\" alt=\"Screenshot of related questions block in SERP\" class=\"description-img description-img-zoom\" loading=\"lazy\" ><\/div>\n<p>&nbsp;<\/p>\n<ul>\n<li><strong id=\"reviews\">Rese\u00f1as<\/strong>: esta caracter\u00edstica es realmente \u00fatil si quieres saber m\u00e1s sobre bienes o servicios. La informaci\u00f3n del ranking en el SERP se puede encontrar en alg\u00fan lugar entre la URL y el snippet.<\/li>\n<\/ul>\n<p>&nbsp;<\/p>\n<div class=\"content__img-wrap\"><img src=\"https:\/\/sitechecker.pro\/wp-content\/uploads\/2017\/12\/reviews-results-in-SERP.png\" alt=\"Reviews in organic results\" class=\"description-img description-img-zoom\" loading=\"lazy\" ><\/div>\n<p>&nbsp;<\/p>\n<ul>\n<li> <strong id=\"shoppingresults\">Resultados de compras:<\/strong> resultados pagos para algunos bienes y servicios. Conseguir\u00e1s su costo y las im\u00e1genes m\u00e1s relevantes sobre estos. Combina anuncios pagos y resultados de b\u00fasqueda org\u00e1nica para promocionar la marca.Un estudio sobre la visibilidad de Honda en los resultados de b\u00fasqueda revel\u00f3 que la combinaci\u00f3n de estas dos \u00e1reas conduce a un aumento significativo en la asociaci\u00f3n de la marca, y, que adem\u00e1s promueve el recall de la marca y a la decisi\u00f3n de compra. Esta ubicaci\u00f3n es parecida a AdWords.Los art\u00edculos de texto de pago en Google funcionan mejor cuando est\u00e1n bastante relacionados con el contenido de la consulta de b\u00fasqueda. Al navegar, las personas a menudo miran r\u00e1pidamente los resultados de la emisi\u00f3n, hasta que ven una marca en la que conf\u00edan. Por otro lado, con la b\u00fasqueda de informaci\u00f3n, los usuarios est\u00e1n m\u00e1s interesados en la retroalimentaci\u00f3n y en la comparaci\u00f3n de sitios web.Piensa en las intenciones de los usuarios (qu\u00e9 tipo de b\u00fasqueda prefieren) y elabora tu estrategia publicitaria bas\u00e1ndote en eso. Por ejemplo, presta atenci\u00f3n al hecho de que los encabezados contienen las palabras clave a las que hiciste oferta algunas; las keywords deben basarse en las intenciones de los usuarios.<\/li>\n<\/ul>\n<p>&nbsp;<\/p>\n<div class=\"content__img-wrap\"><img src=\"https:\/\/sitechecker.pro\/wp-content\/uploads\/2017\/12\/shopping-results-in-serp.png\" alt=\"Shopping results block in Google SERP\" class=\"description-img description-img-zoom\" loading=\"lazy\" ><\/div>\n<p>&nbsp;<\/p>\n<ul>\n<li><strong id=\"sitelinks\">Enlaces del Sitio:<\/strong> Aquellos que buscan sitios determinados se enfrentar\u00e1n a una selecci\u00f3n de hasta diez enlaces. La forma en la que se ven los enlaces est\u00e1 bajo la influencia de tres factores; el principal criterio del verificador de posicionamiento de SERP es que debe ser un sitio con marca. Adem\u00e1s, el tr\u00e1fico es un factor importante aqu\u00ed.<\/li>\n<\/ul>\n<p>&nbsp;<\/p>\n<div class=\"content__img-wrap\"><img src=\"https:\/\/sitechecker.pro\/wp-content\/uploads\/2017\/12\/site-links-in-serp.png\" alt=\"Website links in Google SERP\" class=\"description-img description-img-zoom\" loading=\"lazy\" ><\/div>\n<p>&nbsp;<\/p>\n<ul>\n<li><strong id=\"tweet\">Tweet<\/strong>: Desde el 2015 se pueden encontrar los resultados de Twitter en combinaci\u00f3n con los resultados org\u00e1nicos. Sin embargo, son org\u00e1nicos, a pesar de que dichos tweets se utilizan para agregar alg\u00fan efecto visual.<\/li>\n<\/ul>\n<p>&nbsp;<\/p>\n<div class=\"content__img-wrap\"><img src=\"https:\/\/sitechecker.pro\/wp-content\/uploads\/2017\/12\/tweets-in-Google-SERP.png\" alt=\"Tweets in Google search\" class=\"description-img description-img-zoom\" loading=\"lazy\" ><\/div>\n<p>&nbsp;<\/p>\n<ul>\n<li><strong id=\"video\">Video<\/strong>: Resultados como videos de YouTube aparecer\u00e1n cuando uses palabras clave espec\u00edficas. En la actualidad, la presentaci\u00f3n de videos se considera como resultados m\u00e1s org\u00e1nicos.<\/li>\n<\/ul>\n<p>&nbsp;<\/p>\n<div class=\"content__img-wrap\"><img src=\"https:\/\/sitechecker.pro\/wp-content\/uploads\/2017\/12\/video-results-in-serp.png\" alt=\"Video results in organic search\" class=\"description-img description-img-zoom\" loading=\"lazy\" ><\/div>\n<p>&nbsp;<\/p>\n<h2 id=\"knowledgegraph\">\u00bfQu\u00e9 es un Knowledge Graph y qu\u00e9 resultados brinda?<\/h2>\n<p>&nbsp;<\/p>\n<p>El Knowledge Graph de Google facilita datos bien estructurados y detallados cuando las personas recurren al motor de b\u00fasqueda con el fin de hallar cierta informaci\u00f3n. Nos permite encontrar en el SERP el significado de lo que estamos buscando, sin tener que hacer clic en ciertos sitios web que no son \u00fatiles. Distribuye el conocimiento relevante e irrelevante con una red:<\/p>\n<ul>\n<li> knowledge graph irrelevante: proporciona dicha informaci\u00f3n, que finalmente dirige la atenci\u00f3n del usuario a los resultados org\u00e1nicos de la emisi\u00f3n. La red de conocimiento (knowledge network) aparece en respuesta a solicitudes de hechos, valores num\u00e9ricos o en relaci\u00f3n con personalidades, lugares y fen\u00f3menos conocidos. En tu estrategia de contenido, intenta crear respuestas a posibles solicitudes de los usuarios.<\/li>\n<li>knowledge graph relevantes: puede desviar una parte significativa de la atenci\u00f3n hacia los resultados org\u00e1nicos. Por ejemplo, imagina que vas a Nueva Orleans y quieres saber c\u00f3mo ser\u00e1n las condiciones clim\u00e1ticas all\u00ed. P\u00eddele ayuda a Google y encontrar\u00e1s la informaci\u00f3n que necesitas. Al haberla encontrado toda en la red de conocimiento relevante, el usuario ni siquiera desea hacer clic en los enlaces, lo que puede afectar y reducir el tr\u00e1fico de ciertas compa\u00f1\u00edas.<\/li>\n<\/ul>\n<p>Por lo tanto, en este caso, es importante ingresar a la primera o segunda l\u00ednea de emisi\u00f3n org\u00e1nica.<\/p>\n<p>Incluye contenido importante en metadata y etiquetas de t\u00edtulo; aplica esto siempre que sea posible. Marca esquemas para que tu empresa se destaque en la lista de resultados general, dirigiendo la atenci\u00f3n del usuario de esta red de conocimiento Knowledge Graph a tu sitio.<\/p>\n<p>A pesar del hecho de que puede haber una disminuci\u00f3n en los clics en los principales resultados org\u00e1nicos en el caso de que Google publique una red de conocimiento relevante, las primeras l\u00edneas siguen siendo las m\u00e1s populares entre los usuarios. Ten en cuenta que la conciencia de la marca a\u00fan se ve afectada por la impresi\u00f3n creada por los usuarios a partir de los resultados org\u00e1nicos.<\/p>","protected":false},"excerpt":{"rendered":"Caracter\u00edsticas principales del SERP que debes conocer &nbsp; Antes de comenzar con las caracter\u00edsticas principales, inicialmente debemos responder &#8220;\u00bfQu\u00e9 es un SERP?&#8221; El significado de SERP es el siguiente: es \u201cUna p\u00e1gina web generada por el motor de b\u00fasqueda como respuesta a una solicitud hecha por el usuario\u201d. La abreviatura significa \u201cSearch Engine Results Page\u201d,&#8230;","protected":false},"author":11474150,"featured_media":3416,"parent":0,"menu_order":0,"comment_status":"closed","ping_status":"closed","template":"pages-templates\/pages-v2.php","meta":[],"categories":[27],"tags":[],"_links":{"self":[{"href":"https:\/\/sitechecker.pro\/es\/wp-json\/wp\/v2\/pages\/17206"}],"collection":[{"href":"https:\/\/sitechecker.pro\/es\/wp-json\/wp\/v2\/pages"}],"about":[{"href":"https:\/\/sitechecker.pro\/es\/wp-json\/wp\/v2\/types\/page"}],"author":[{"embeddable":true,"href":"https:\/\/sitechecker.pro\/es\/wp-json\/wp\/v2\/users\/11474150"}],"replies":[{"embeddable":true,"href":"https:\/\/sitechecker.pro\/es\/wp-json\/wp\/v2\/comments?post=17206"}],"version-history":[{"count":5,"href":"https:\/\/sitechecker.pro\/es\/wp-json\/wp\/v2\/pages\/17206\/revisions"}],"predecessor-version":[{"id":33909,"href":"https:\/\/sitechecker.pro\/es\/wp-json\/wp\/v2\/pages\/17206\/revisions\/33909"}],"wp:featuredmedia":[{"embeddable":true,"href":"https:\/\/sitechecker.pro\/es\/wp-json\/wp\/v2\/media\/3416"}],"wp:attachment":[{"href":"https:\/\/sitechecker.pro\/es\/wp-json\/wp\/v2\/media?parent=17206"}],"wp:term":[{"taxonomy":"category","embeddable":true,"href":"https:\/\/sitechecker.pro\/es\/wp-json\/wp\/v2\/categories?post=17206"},{"taxonomy":"post_tag","embeddable":true,"href":"https:\/\/sitechecker.pro\/es\/wp-json\/wp\/v2\/tags?post=17206"}],"curies":[{"name":"wp","href":"https:\/\/api.w.org\/{rel}","templated":true}]}}