{"id":17059,"date":"2022-02-23T11:56:45","date_gmt":"2022-02-23T11:56:45","guid":{"rendered":"https:\/\/sitechecker.pro\/?page_id=17059"},"modified":"2026-02-19T14:30:51","modified_gmt":"2026-02-19T14:30:51","slug":"snippet-checker","status":"publish","type":"page","link":"https:\/\/sitechecker.pro\/es\/snippet-checker\/","title":{"rendered":"Google Snippet Checker | Analizar Snippet para cualquier p\u00e1gina \u2611"},"content":{"rendered":"<p><\/p>\n<h2 id=\"par1\">\u00bfQu\u00e9 es Snippet Checker?<\/h2>\n<p>Snippet Checker de <a href=\"https:\/\/sitechecker.pro\/\" target=\"_blank\" rel=\"noopener noreferrer\">Sitechecker<\/a> es una herramienta en l\u00ednea que analiza c\u00f3mo aparecer\u00e1n el metat\u00edtulo, la descripci\u00f3n y la URL de un sitio web en los resultados de b\u00fasqueda. Ofrece dos opciones: analizar todas las p\u00e1ginas con informaci\u00f3n detallada sobre las metaetiquetas y realizar un seguimiento, o generar un informe instant\u00e1neo para probar la vista previa de una sola p\u00e1gina.<\/p>\n<h3>C\u00f3mo puede ayudarle la herramienta<\/h3>\n<p><strong>Vista previa de fragmentos: <\/strong>visualiza c\u00f3mo aparecer\u00e1n el metat\u00edtulo, la descripci\u00f3n y la URL de su sitio web en los resultados de b\u00fasqueda de Google.<\/p>\n<p><strong>An\u00e1lisis de metaetiquetas: <\/strong>identifica y brinda informaci\u00f3n sobre los <a href=\"https:\/\/sitechecker.pro\/meta-tags\/\" target=\"_blank\" rel=\"noopener noreferrer\">datos de metaetiquetas<\/a> y los problemas para la optimizaci\u00f3n.<\/p>\n<p><strong>Monitoreo: <\/strong>rastrea y monitorea los problemas de metaetiquetas a lo largo del tiempo.<\/p>\n<h3>Caracter\u00edsticas clave de Featured Snippet Checker<\/h3>\n<p><strong>Panel unificado: <\/strong>plataforma centralizada para rastrear y administrar todas las <a href=\"https:\/\/sitechecker.pro\/seo-dashboard\/\" target=\"_blank\" rel=\"noopener noreferrer\">m\u00e9tricas de SEO de su sitio web en un solo lugar<\/a>.<\/p>\n<p><strong>Interfaz f\u00e1cil de usar: <\/strong>Dise\u00f1o intuitivo y f\u00e1cil de navegar para una experiencia de usuario perfecta.<\/p>\n<p><strong>Conjunto completo de herramientas de SEO:<\/strong> herramientas integrales para auditar, monitorear y optimizar el rendimiento de SEO de su sitio web.<\/p>\n<h2 id=\"par2\">C\u00f3mo usar la herramienta<\/h2>\n<p>Introduzca la direcci\u00f3n de un nombre de dominio o la URL de una p\u00e1gina:<\/p>\n<div class=\"content__img-wrap\"><img src=\"https:\/\/sitechecker.pro\/wp-content\/uploads\/2025\/01\/google-snippet-checker.png\" alt=\"Google Snippet Checker\" class=\"description-img description-img-zoom\" loading=\"lazy\" ><\/div>\n<h2 id=\"par3\">Pruebe los fragmentos de c\u00f3digo del sitio web<\/h2>\n<h3>Paso 1: Elija la inspecci\u00f3n del dominio para obtener informaci\u00f3n sobre la vista previa de cada p\u00e1gina<\/h3>\n<div class=\"content__img-wrap\"><img src=\"https:\/\/sitechecker.pro\/wp-content\/uploads\/2025\/01\/choose-audit-option.png\" alt=\"Elija la opci\u00f3n de auditor\u00eda\" class=\"description-img description-img-zoom\" loading=\"lazy\" ><\/div>\n<div class=\"important-block\">Para recibir resultados y acceder a las funciones de Sitechecker durante 14 d\u00edas, comience su prueba GRATUITA. Registrarse es f\u00e1cil con su correo electr\u00f3nico, cuenta de Google o Facebook. No se necesita tarjeta de cr\u00e9dito.<\/div>\n<h3>Paso 2: Obtenga los resultados<\/h3>\n<p>Reciba informaci\u00f3n detallada sobre la optimizaci\u00f3n del contenido de su p\u00e1gina, incluido el rendimiento de las metaetiquetas, la apariencia en Google, el estado de la p\u00e1gina e informes pr\u00e1cticos de problemas de SEO para mejorar la visibilidad y las clasificaciones.<\/p>\n<div class=\"content__img-wrap\"><img src=\"https:\/\/sitechecker.pro\/wp-content\/uploads\/2025\/01\/check-google-snippet-results.png\" alt=\"Consulte los resultados de los fragmentos de Google\" class=\"description-img description-img-zoom\" loading=\"lazy\" ><\/div>\n<p>Seleccione cualquier p\u00e1gina cuyo <a href=\"https:\/\/sitechecker.pro\/rich-snippets\/\" target=\"_blank\" rel=\"noopener noreferrer\">fragmento<\/a> desee ver y luego haga clic en &#8220;Detalles de la p\u00e1gina&#8221;.<\/p>\n<div class=\"content__img-wrap\"><img src=\"https:\/\/sitechecker.pro\/wp-content\/uploads\/2025\/01\/page-details-google-preview.png\" alt=\"Vista previa de Google de detalles de la p\u00e1gina\" class=\"description-img description-img-zoom\" loading=\"lazy\" ><\/div>\n<p>Vea y analice c\u00f3mo aparece el fragmento de su p\u00e1gina en la <a href=\"https:\/\/sitechecker.pro\/serp\/\" target=\"_blank\" rel=\"noopener noreferrer\">b\u00fasqueda de Google<\/a>, incluido el <a href=\"https:\/\/sitechecker.pro\/meta-title\/\" target=\"_blank\" rel=\"noopener noreferrer\">metat\u00edtulo<\/a>, la descripci\u00f3n, la URL y la vista previa general de la b\u00fasqueda.<\/p>\n<h3>Funciones adicionales del verificador de fragmentos de sitios web<\/h3>\n<p>Identifique y analice los problemas que afectan las vistas previas de sus p\u00e1ginas en los resultados de b\u00fasqueda de Google, incluidos <a href=\"https:\/\/sitechecker.pro\/duplicate-content\/\" target=\"_blank\" rel=\"noopener noreferrer\">contenido duplicado<\/a>, encabezados incorrectos y errores can\u00f3nicos, con informaci\u00f3n \u00fatil para mejorar la <a href=\"https:\/\/sitechecker.pro\/what-is-website-visibility\/\" target=\"_blank\" rel=\"noopener noreferrer\">visibilidad<\/a>.<\/p>\n<p>Para ver estos errores, haga clic en la secci\u00f3n Auditor\u00eda del sitio y abra la secci\u00f3n Contenido duplicado.<\/p>\n<div class=\"content__img-wrap\"><img src=\"https:\/\/sitechecker.pro\/wp-content\/uploads\/2025\/01\/duplicate-content-section.png\" alt=\"Secci\u00f3n de contenido duplicado\" class=\"description-img description-img-zoom\" loading=\"lazy\" ><\/div>\n<h2 id=\"par5\">Prueba el fragmento de p\u00e1gina<\/h2>\n<h3>Paso 1: elige la opci\u00f3n Auditor\u00eda de p\u00e1gina en la pantalla de selecci\u00f3n<\/h3>\n<div class=\"content__img-wrap\"><img src=\"https:\/\/sitechecker.pro\/wp-content\/uploads\/2025\/01\/page-audit.png\" alt=\"Auditor\u00eda de p\u00e1gina\" class=\"description-img description-img-zoom\" loading=\"lazy\" ><\/div>\n<h3>Paso 2: obt\u00e9n los resultados<\/h3>\n<p>Obt\u00e9n una vista previa detallada del fragmento de Google de tu p\u00e1gina, incluido el metat\u00edtulo, la descripci\u00f3n y la estructura de la URL, para garantizar un formato preciso y mejores tasas de clics.<\/p>\n<div class=\"content__img-wrap\"><img src=\"https:\/\/sitechecker.pro\/wp-content\/uploads\/2025\/01\/google-preview-page-audit.png\" alt=\"Auditor\u00eda de p\u00e1ginas de vista previa de Google\" class=\"description-img description-img-zoom\" loading=\"lazy\" ><\/div>\n<h3>Funciones adicionales de la prueba de fragmentos de p\u00e1gina<\/h3>\n<p>Haga clic en Descripci\u00f3n general de problemas para recibir informaci\u00f3n detallada sobre elementos SEO adicionales, incluidos datos estructurados, velocidad de la p\u00e1gina y optimizaci\u00f3n de im\u00e1genes, lo que garantiza la m\u00e1xima visibilidad y rendimiento en Google SERP.<\/p>\n<div class=\"content__img-wrap\"><img src=\"https:\/\/sitechecker.pro\/wp-content\/uploads\/2025\/01\/issues-overview.png\" alt=\"Descripci\u00f3n general de problemas\" class=\"description-img description-img-zoom\" loading=\"lazy\" ><\/div>\n<h2 id=\"par7\">Idea final<\/h2>\n<p>El Comprobador de vista previa de Google analiza y optimiza la forma en que aparecen el t\u00edtulo, la descripci\u00f3n y la URL de una p\u00e1gina web en los resultados de b\u00fasqueda de Google. Proporciona vistas previas de fragmentos, identifica problemas de metaetiquetas y ofrece informaci\u00f3n \u00fatil para mejorar el SEO y la visibilidad. Con herramientas para datos estructurados, velocidad de p\u00e1gina y optimizaci\u00f3n de contenido, ayuda a mejorar las clasificaciones y las tasas de clics.<\/p>\n<div id=\"par8\"><\/div>\n<p><div class=\"front__faq-block\"><div class=\"faq__block-title\">Preguntas frecuentes<\/div><div class=\"panel-group\" id=\"faq-accordion\" itemscope itemtype=\"https:\/\/schema.org\/FAQPage\" role=\"tablist\" aria-multiselectable=\"true\"><div class=\"panel\" itemscope itemtype=\"https:\/\/schema.org\/Question\" itemprop=\"mainEntity\">\n                            <div class=\"panel-heading\" id=\"headingFaq-1\">\n                                <div class=\"panel-title\" data-toggle=\"collapse\" aria-expanded=\"false\" href=\"#collapseFaq-1\">\n                                    <h3 itemprop=\"name\">\u00bfCu\u00e1l es el prop\u00f3sito de la herramienta Comprobador de fragmentos de Google?<\/h3>\n                                <\/div>\n                            <\/div>\n                            <div id=\"collapseFaq-1\" class=\"panel-collapse collapse\" itemprop=\"acceptedAnswer\" itemscope itemtype=\"http:\/\/schema.org\/Answer\">\n                                <div class=\"panel-body\" itemprop=\"text\">La herramienta ayuda a analizar y optimizar la forma en que aparece el fragmento de una p\u00e1gina web en los resultados de b\u00fasqueda de Google para mejorar las tasas de clics y la visibilidad.<\/div>\n                            <\/div>\n                        <\/div><div class=\"panel\" itemscope itemtype=\"https:\/\/schema.org\/Question\" itemprop=\"mainEntity\">\n                            <div class=\"panel-heading\" id=\"headingFaq-2\">\n                                <div class=\"panel-title\" data-toggle=\"collapse\" aria-expanded=\"false\" href=\"#collapseFaq-2\">\n                                    <h3 itemprop=\"name\">\u00bfLa herramienta puede analizar varias p\u00e1ginas a la vez?<\/h3>\n                                <\/div>\n                            <\/div>\n                            <div id=\"collapseFaq-2\" class=\"panel-collapse collapse\" itemprop=\"acceptedAnswer\" itemscope itemtype=\"http:\/\/schema.org\/Answer\">\n                                <div class=\"panel-body\" itemprop=\"text\">S\u00ed, ofrece una opci\u00f3n para analizar todas las p\u00e1ginas de un dominio con informaci\u00f3n detallada de metaetiquetas y monitoreo.<\/div>\n                            <\/div>\n                        <\/div><div class=\"panel\" itemscope itemtype=\"https:\/\/schema.org\/Question\" itemprop=\"mainEntity\">\n                            <div class=\"panel-heading\" id=\"headingFaq-3\">\n                                <div class=\"panel-title\" data-toggle=\"collapse\" aria-expanded=\"false\" href=\"#collapseFaq-3\">\n                                    <h3 itemprop=\"name\">\u00bfC\u00f3mo maneja la herramienta los factores de tr\u00e1fico estacional?<\/h3>\n                                <\/div>\n                            <\/div>\n                            <div id=\"collapseFaq-3\" class=\"panel-collapse collapse\" itemprop=\"acceptedAnswer\" itemscope itemtype=\"http:\/\/schema.org\/Answer\">\n                                <div class=\"panel-body\" itemprop=\"text\">Si bien la herramienta identifica problemas t\u00e9cnicos, la interpretaci\u00f3n de los patrones de tr\u00e1fico estacionales requiere un an\u00e1lisis externo junto con la informaci\u00f3n proporcionada.<\/div>\n                            <\/div>\n                        <\/div><div class=\"panel\" itemscope itemtype=\"https:\/\/schema.org\/Question\" itemprop=\"mainEntity\">\n                            <div class=\"panel-heading\" id=\"headingFaq-4\">\n                                <div class=\"panel-title\" data-toggle=\"collapse\" aria-expanded=\"false\" href=\"#collapseFaq-4\">\n                                    <h3 itemprop=\"name\">\u00bfCu\u00e1les son los problemas comunes relacionados con los fragmentos que identifica la herramienta?<\/h3>\n                                <\/div>\n                            <\/div>\n                            <div id=\"collapseFaq-4\" class=\"panel-collapse collapse\" itemprop=\"acceptedAnswer\" itemscope itemtype=\"http:\/\/schema.org\/Answer\">\n                                <div class=\"panel-body\" itemprop=\"text\">Los problemas incluyen contenido duplicado, encabezados incorrectos, datos estructurados faltantes y metaetiquetas no optimizadas.<\/div>\n                            <\/div>\n                        <\/div><div class=\"panel\" itemscope itemtype=\"https:\/\/schema.org\/Question\" itemprop=\"mainEntity\">\n                            <div class=\"panel-heading\" id=\"headingFaq-5\">\n                                <div class=\"panel-title\" data-toggle=\"collapse\" aria-expanded=\"false\" href=\"#collapseFaq-5\">\n                                    <h3 itemprop=\"name\">\u00bfPuedo probar un solo fragmento de p\u00e1gina sin analizar todo el sitio?<\/h3>\n                                <\/div>\n                            <\/div>\n                            <div id=\"collapseFaq-5\" class=\"panel-collapse collapse\" itemprop=\"acceptedAnswer\" itemscope itemtype=\"http:\/\/schema.org\/Answer\">\n                                <div class=\"panel-body\" itemprop=\"text\">S\u00ed, la herramienta permite el an\u00e1lisis instant\u00e1neo de la vista previa de p\u00e1ginas individuales.<\/div>\n                            <\/div>\n                        <\/div><\/div><\/div><\/p>","protected":false},"excerpt":{"rendered":"\u00bfQu\u00e9 es Snippet Checker? Snippet Checker de Sitechecker es una herramienta en l\u00ednea que analiza c\u00f3mo aparecer\u00e1n el metat\u00edtulo, la descripci\u00f3n y la URL de un sitio web en los resultados de b\u00fasqueda. Ofrece dos opciones: analizar todas las p\u00e1ginas con informaci\u00f3n detallada sobre las metaetiquetas y realizar un seguimiento, o generar un informe instant\u00e1neo&#8230;","protected":false},"author":10504980,"featured_media":3755,"parent":0,"menu_order":0,"comment_status":"closed","ping_status":"closed","template":"pages-templates\/pages-minitools-3.php","meta":[],"categories":[70],"tags":[],"_links":{"self":[{"href":"https:\/\/sitechecker.pro\/es\/wp-json\/wp\/v2\/pages\/17059"}],"collection":[{"href":"https:\/\/sitechecker.pro\/es\/wp-json\/wp\/v2\/pages"}],"about":[{"href":"https:\/\/sitechecker.pro\/es\/wp-json\/wp\/v2\/types\/page"}],"author":[{"embeddable":true,"href":"https:\/\/sitechecker.pro\/es\/wp-json\/wp\/v2\/users\/10504980"}],"replies":[{"embeddable":true,"href":"https:\/\/sitechecker.pro\/es\/wp-json\/wp\/v2\/comments?post=17059"}],"version-history":[{"count":6,"href":"https:\/\/sitechecker.pro\/es\/wp-json\/wp\/v2\/pages\/17059\/revisions"}],"predecessor-version":[{"id":39350,"href":"https:\/\/sitechecker.pro\/es\/wp-json\/wp\/v2\/pages\/17059\/revisions\/39350"}],"wp:featuredmedia":[{"embeddable":true,"href":"https:\/\/sitechecker.pro\/es\/wp-json\/wp\/v2\/media\/3755"}],"wp:attachment":[{"href":"https:\/\/sitechecker.pro\/es\/wp-json\/wp\/v2\/media?parent=17059"}],"wp:term":[{"taxonomy":"category","embeddable":true,"href":"https:\/\/sitechecker.pro\/es\/wp-json\/wp\/v2\/categories?post=17059"},{"taxonomy":"post_tag","embeddable":true,"href":"https:\/\/sitechecker.pro\/es\/wp-json\/wp\/v2\/tags?post=17059"}],"curies":[{"name":"wp","href":"https:\/\/api.w.org\/{rel}","templated":true}]}}