{"id":16614,"date":"2023-05-15T15:00:22","date_gmt":"2023-05-15T15:00:22","guid":{"rendered":"https:\/\/sitechecker.pro\/?page_id=16614"},"modified":"2025-06-02T14:45:50","modified_gmt":"2025-06-02T14:45:50","slug":"url-address-make-seo-friendly","status":"publish","type":"page","link":"https:\/\/sitechecker.pro\/es\/what-is-seo-friendly-url\/","title":{"rendered":"\u00bfQu\u00e9 es una direcci\u00f3n URL y c\u00f3mo hacerla compatible con SEO?"},"content":{"rendered":"<p>La URL (o direcci\u00f3n URL) es una forma especial de direcci\u00f3n individual de determinado recurso que se encuentre en Internet.<\/p>\n<p>Puede hacer referencia a un sitio web, alg\u00fan documento en particular o una imagen. El usuario de Internet solo necesita insertar este c\u00f3digo en la barra de direcciones para encontrar el sitio web, el documento, la carpeta o la imagen que necesita.<\/p>\n<p>En lenguaje simple, significa lo siguiente: a trav\u00e9s de la direcci\u00f3n URL, el usuario obtiene informaci\u00f3n sobre d\u00f3nde se encuentra lo que est\u00e1 solicitando.<\/p>\n<p>\u00bfQu\u00e9 significa URL? URL es una abreviaci\u00f3n que significa Universal Resource Locator (Localizador Uniforme de Recursos en espa\u00f1ol). Contiene un link que se dirige directamente al servidor donde se almacenan los recursos de b\u00fasquedas. En general, URL se le llama a la ruta que va desde el servidor hasta el dispositivo final (que es la plataforma donde trabaja el usuario) y se puede ilustrar de manera bastante simple.<\/p>\n<p>El elemento m\u00e1s alto es el servidor de recursos, el m\u00e1s bajo es el dispositivo del usuario. Aquellos puntos intermedios son servidores adicionales.<\/p>\n<h2 id=\"estructura\">Estructura de la URL<\/h2>\n<p>La direcci\u00f3n URL tiene una estructura que incluye:<\/p>\n<ul>\n<li>M\u00e9todo de acceso al recurso, este tambi\u00e9n se denomina protocolo de red.<\/li>\n<li>Autorizaci\u00f3n de acceso.<\/li>\n<li>Hosts: direcci\u00f3n DNS inscrita como direcci\u00f3n IP.<\/li>\n<li>Puerto: un detalle que es obligatorio es tambi\u00e9n incluido en combinaci\u00f3n con la direcci\u00f3n IP.<\/li>\n<li>Rastreo: determina la informaci\u00f3n sobre el m\u00e9todo para conseguir acceso.<\/li>\n<li>Par\u00e1metro: es la informaci\u00f3n interna del recurso sobre los registros.<\/li>\n<\/ul>\n<h2 id=\"conseguir\">\u00bfC\u00f3mo conseguir informaci\u00f3n sobre la direcci\u00f3n URL?<\/h2>\n<p>Algunos usuarios se encuentran con problemas cuando intentan determinar una direcci\u00f3n URL. El m\u00e9todo m\u00e1s f\u00e1cil y eficiente es ver, seleccionar y copiar la direcci\u00f3n directamente desde la barra de direcciones. Solo selecci\u00f3nalo y copia haciendo presionando CTRL + C o usando el men\u00fa contextual, y eligiendo la opci\u00f3n &#8220;Copiar&#8221;.<\/p>\n<p>No solo las fuentes de sitios web tienen URL, las im\u00e1genes, archivos y carpetas tambi\u00e9n lo poseen. Para obtener los datos en cuanto a la direcci\u00f3n URL de una imagen, debes hacer clic con el bot\u00f3n derecho del mouse o rat\u00f3n en la imagen que te interesa y elegir en el men\u00fa contextual la opci\u00f3n &#8220;Copiar direcci\u00f3n de la imagen&#8221;.<\/p>\n<p>Si deseas conocer la direcci\u00f3n URL del documento, sigue los mismos pasos que con una imagen y elije en el men\u00fa contextual la opci\u00f3n &#8220;Copiar la direcci\u00f3n del enlace&#8221;.<\/p>\n<p>Despu\u00e9s de copiar el enlace, lo transportar\u00e1s en el portapapeles. Podr\u00e1s usarlo en una nueva barra de direcciones para encontrar el documento que necesitas, para enviar el enlace adjunto a un mensaje o para incluirlo en el texto existente en tu documento.<\/p>\n<div class=\"content__img-wrap\"><img src=\"https:\/\/sitechecker.pro\/wp-content\/uploads\/2017\/12\/what-does-url-stand-for.png\" alt=\"URL meaning\" class=\"description-img description-img-zoom\" loading=\"lazy\" ><\/div>\n<h2 id=\"ejemplos\">Ejemplos de URL<\/h2>\n<p>La parte principal de la direcci\u00f3n URL es el nombre del dominio del sitio web. Para elegir el correcto y as\u00ed habilitar la presentaci\u00f3n verdadera del sitio en los sistemas de b\u00fasqueda, debes tener en cuenta un conjunto de caracter\u00edsticas. Si no sabes <a href=\"https:\/\/sitechecker.pro\/es\/domain-to-ip\/\">como saber la ip de una pagina web<\/a>, utiliza nuestra herramienta gratuita.<\/p>\n<p><div class=\"content__img-wrap\"><img src=\"https:\/\/sitechecker.pro\/wp-content\/uploads\/2017\/12\/user-friendly-url-1.png\" alt=\"Example of user friendly URL\" class=\"description-img description-img-zoom\" loading=\"lazy\" ><\/div><br \/>\n<div class=\"content__img-wrap\"><img src=\"https:\/\/sitechecker.pro\/wp-content\/uploads\/2017\/12\/user-friendly-url-2.png\" alt=\"An example of non user-friendly URL\" class=\"description-img description-img-zoom\" loading=\"lazy\" ><\/div><\/p>\n<h2 id=\"cifrado\">Cifrado URL<\/h2>\n<p>Por ahora, est\u00e1 bastante claro d\u00f3nde encontrar la direcci\u00f3n URL de una fuente en particular. Pero, por ejemplo, al copiar la direcci\u00f3n de alguna fuente rusa, algunos usuarios quedan un tanto desconcertados con los resultados que obtienen. El conjunto de caracteres que ven apenas puede identificarse.<\/p>\n<p>\u00bfC\u00f3mo se puede saber qu\u00e9 quiere decir esa URL?<\/p>\n<p>Ciertamente, el resultado no se parece a la que se encuentra en la barra de direcci\u00f3n, y la raz\u00f3n es que las direcciones insertadas solo pueden formarse con la ayuda de los s\u00edmbolos de una determinada lista ofrecida. El alfabeto cir\u00edlico no est\u00e1 incluido en esta lista.<\/p>\n<p>Si la direcci\u00f3n incluye estos caracteres, la direcci\u00f3n ser\u00e1 encriptada, pero el contenido del enlace no cambiar\u00e1.<\/p>\n<h2 id=\"historia\">Historia de la URL<\/h2>\n<p>Como cualquier otro concepto, URL tiene su propia historia. Hoy en d\u00eda su funci\u00f3n principal es se\u00f1alar el servidor final en donde se almacena la informaci\u00f3n. Fue creada en 1990 por el reconocido inventor brit\u00e1nico Sir Timothy John; la URL fue presentada primero en Ginebra. En su comienzo, se usaba para determinar la ubicaci\u00f3n de archivos puntuales en Internet.<\/p>\n<p>Pero los desarrolladores llegaron al punto de hacer que la direcci\u00f3n URL pueda servir para dar a los usuarios acceso a otros recursos.<\/p>\n<h2 id=\"formaci\u00f3n\">Formaci\u00f3n de direcciones URL<\/h2>\n<p>La parte principal de la direcci\u00f3n URL es el nombre de dominio, este debe ser elegido de forma deliberada.<\/p>\n<p>\u00bfQuieres seleccionar el mejor nombre de dominio para tu recurso?<\/p>\n<p>Ten en cuenta varias caracter\u00edsticas que te salvar\u00e1n del desastre. Siempre que hayas preferido un enfoque sencillo al elegir el nombre de tu dominio, no tendr\u00e1s dificultades para promocionarlo. Todos los usuarios que est\u00e9n interesados en tu oferta lo memorizar\u00e1n el nombre f\u00e1cilmente.<\/p>","protected":false},"excerpt":{"rendered":"La URL (o direcci\u00f3n URL) es una forma especial de direcci\u00f3n individual de determinado recurso que se encuentre en Internet. Puede hacer referencia a un sitio web, alg\u00fan documento en particular o una imagen. El usuario de Internet solo necesita insertar este c\u00f3digo en la barra de direcciones para encontrar el sitio web, el documento,&#8230;","protected":false},"author":11474150,"featured_media":23735,"parent":0,"menu_order":0,"comment_status":"closed","ping_status":"closed","template":"pages-templates\/pages-v2.php","meta":[],"categories":[27],"tags":[],"_links":{"self":[{"href":"https:\/\/sitechecker.pro\/es\/wp-json\/wp\/v2\/pages\/16614"}],"collection":[{"href":"https:\/\/sitechecker.pro\/es\/wp-json\/wp\/v2\/pages"}],"about":[{"href":"https:\/\/sitechecker.pro\/es\/wp-json\/wp\/v2\/types\/page"}],"author":[{"embeddable":true,"href":"https:\/\/sitechecker.pro\/es\/wp-json\/wp\/v2\/users\/11474150"}],"replies":[{"embeddable":true,"href":"https:\/\/sitechecker.pro\/es\/wp-json\/wp\/v2\/comments?post=16614"}],"version-history":[{"count":23,"href":"https:\/\/sitechecker.pro\/es\/wp-json\/wp\/v2\/pages\/16614\/revisions"}],"predecessor-version":[{"id":37274,"href":"https:\/\/sitechecker.pro\/es\/wp-json\/wp\/v2\/pages\/16614\/revisions\/37274"}],"wp:featuredmedia":[{"embeddable":true,"href":"https:\/\/sitechecker.pro\/es\/wp-json\/wp\/v2\/media\/23735"}],"wp:attachment":[{"href":"https:\/\/sitechecker.pro\/es\/wp-json\/wp\/v2\/media?parent=16614"}],"wp:term":[{"taxonomy":"category","embeddable":true,"href":"https:\/\/sitechecker.pro\/es\/wp-json\/wp\/v2\/categories?post=16614"},{"taxonomy":"post_tag","embeddable":true,"href":"https:\/\/sitechecker.pro\/es\/wp-json\/wp\/v2\/tags?post=16614"}],"curies":[{"name":"wp","href":"https:\/\/api.w.org\/{rel}","templated":true}]}}