{"id":16485,"date":"2023-11-24T14:16:16","date_gmt":"2023-11-24T14:16:16","guid":{"rendered":"https:\/\/sitechecker.pro\/?page_id=16485"},"modified":"2024-10-09T17:54:51","modified_gmt":"2024-10-09T17:54:51","slug":"h1-tag-requirements-writing-properly","status":"publish","type":"page","link":"https:\/\/sitechecker.pro\/es\/h1-tag-requirements-writing-properly\/","title":{"rendered":"\u00bfQu\u00e9 es la etiqueta H1 y los requisitos para escribirla correctamente?"},"content":{"rendered":"<p><\/p>\n<h2><b>Un ejemplo de una Etiqueta H1 y una Etiqueta de Encabezado en HTML<\/b><\/h2>\n<p>&nbsp;<\/p>\n<div class=\"code\"><code>&lt;html&gt;<br \/>\n&lt;head&gt;<br \/>\n&lt;title&gt;<span style=\"font-weight: 400;\">\u00bfQu\u00e9 es una Etiqueta H1 y Cuan Importante es para el SEO?<\/span>&lt;\/title&gt;<br \/>\n&lt;\/head&gt;<br \/>\n&lt;body&gt;<br \/>\n<span class=\"html-tag\">&lt;h1&gt;<span style=\"font-weight: 400;\"> Examina la importancia de la Etiqueta H1 y los requerimientos para escribir una apropiadamente<\/span><\/span><span class=\"html-tag\">&lt;\/h1&gt;<\/span><br \/>\n&lt;\/body&gt;<br \/>\n&lt;\/html&gt;<br \/>\n<\/code><\/div>\n<p>&nbsp;<\/p>\n<h2><b>\u00bfQu\u00e9 es una Etiqueta H1?<\/b><\/h2>\n<p><span style=\"font-weight: 400;\">La etiqueta H1 es de la tabla de contenidos del texto (es una especie de t\u00edtulo de un libro o el encabezado de un art\u00edculo de prensa). En cada p\u00e1gina debe haber una -y s\u00f3lo una- etiqueta H1.<\/span><\/p>\n<p><span style=\"font-weight: 400;\">Para lograr que sea atractivo para los usuarios, la etiqueta h1 es de suma importancia. Pero, para la promoci\u00f3n del SEO, la Meta Etiqueta o <a href=\"https:\/\/sitechecker.pro\/es\/meta-title\/\">Meta Tag del t\u00edtulo<\/a> tendr\u00e1 m\u00e1s peso.<\/span><\/p>\n<p><span style=\"font-weight: 400;\">El t\u00edtulo es tambi\u00e9n un encabezado, pero no s\u00f3lo est\u00e1 escrito para las personas, sino tambi\u00e9n para los robots. No s\u00f3lo se muestra en la p\u00e1gina en s\u00ed misma, tambi\u00e9n se muestra en la pesta\u00f1a del navegador y en el snippet del c\u00f3digo fuente que activa el link o enlace del sitio. De hecho, el t\u00edtulo es una alternativa, pero es el encabezado principal  de un documento HTML. Si est\u00e1 ausente, el motor de b\u00fasqueda tomar\u00e1 el H1 y lo mostrar\u00e1.<\/span><\/p>\n<p>&nbsp;<\/p>\n<div class=\"box\">\n<h2><b>\u00bfPor qu\u00e9 el H1 debe ser diferente del T\u00edtulo?<\/b><\/h2>\n<p><span style=\"font-weight: 400;\">Es muy importante comprender que el h1 y el t\u00edtulo son diferentes tipos de encabezados. Estos deben ser combinados con destreza e inteligencia. Aqu\u00ed los conceptos b\u00e1sicos de este tema:<\/span><\/p>\n<p><span style=\"font-weight: 400;\">Descuidar las reglas de unicidad o singularidad y relevancia de los encabezados puede llevar a que un sitio caiga ante los filtros de los buscadores. Recientemente, los motores de b\u00fasqueda comenzaron a prestar atenci\u00f3n especial a la calidad del contenido y su configuraci\u00f3n SEO. Duplicar, sobreexponer, distribuirlos de manera ca\u00f3tica y que sean inconsistentes con el contenido es castigado.<\/span><\/p>\n<\/div>\n<p>&nbsp;<\/p>\n<h2><b>Requisitos para escribir una Etiqueta H1<\/b><\/h2>\n<p>&nbsp;<\/p>\n<p><span style=\"font-weight: 400;\">Es recomendado que la etiqueta H1 sea incluso m\u00e1s concisa que el t\u00edtulo, sin exceder un n\u00famero de caracteres superior a 50. No obstante, no ser\u00e1 catastr\u00f3fico si es m\u00e1s largo que eso, ya que puede que sea imposible incluir la esencia completa del texto en esa cantidad.<\/span><\/p>\n<p><span style=\"font-weight: 400;\">Complemetos y plugins especiales de WordPress permiten analizar todos los meta datos directamente en el editor de texto.<\/span><\/p>\n<p>&nbsp;<\/p>\n<h2><b>Reglas para escribir un h1<\/b><\/h2>\n<p>&nbsp;<\/p>\n<ul>\n<li><span style=\"font-weight: 400;\">Debe ser \u00fanico en todo el sitio y absolutamente legible;<\/span><\/li>\n<li><span style=\"font-weight: 400;\">Qu\u00e9 no repita la etiqueta del t\u00edtulo y que no la contradiga;<\/span><\/li>\n<li><span style=\"font-weight: 400;\">Qu\u00e9 no sea muy larga;<\/span><\/li>\n<li><span style=\"font-weight: 400;\">S\u00f3lo puede usarse una vez por p\u00e1gina;<\/span><\/li>\n<li><span style=\"font-weight: 400;\">Debe ser relevante para el texto y mostrar la esencia sem\u00e1ntica del material;<\/span><\/li>\n<li><span style=\"font-weight: 400;\">Interesante y atractivo para el usuario;<\/span><\/li>\n<li>No puede haber un punto (.) al final y los signos de puntuac\u00f3n se recomienda que se usen al m\u00ednimo.<\/li>\n<\/ul>\n<p>&nbsp;<\/p>\n<h2><b>Aplicaci\u00f3n de Keywords o Palabras Clave<\/b><\/h2>\n<p><span style=\"font-weight: 400;\">E primer lugar, la frase principal del texto debe estar contenida en el t\u00edtulo. Pero tambi\u00e9n debe estar escrita dentro del H1. En ambos textos es mejor hacerlo al comienzo, pero es mejor que las palabras claves no se dupliquen en estas dos etiquetas. Es necesario usar sin\u00f3nimos o diluirlas en las entradas de un H1 y el t\u00edtulo.<\/span><\/p>\n<p><span style=\"font-weight: 400;\">Algunos toman todas las palabras claves y arman la estructura del texto en torno a ellas. S\u00f3lo recuerda que sin factores interesantes de comportamiento, tal y c\u00f3mo una dispersi\u00f3n de keywords en los subt\u00edtulos,  habr\u00e1 un castigo por rebasamiento.<\/span><\/p>","protected":false},"excerpt":{"rendered":"Un ejemplo de una Etiqueta H1 y una Etiqueta de Encabezado en HTML &nbsp; &lt;html&gt; &lt;head&gt; &lt;title&gt;\u00bfQu\u00e9 es una Etiqueta H1 y Cuan Importante es para el SEO?&lt;\/title&gt; &lt;\/head&gt; &lt;body&gt; &lt;h1&gt; Examina la importancia de la Etiqueta H1 y los requerimientos para escribir una apropiadamente&lt;\/h1&gt; &lt;\/body&gt; &lt;\/html&gt; &nbsp; \u00bfQu\u00e9 es una Etiqueta H1? La etiqueta&#8230;","protected":false},"author":11474150,"featured_media":3427,"parent":0,"menu_order":0,"comment_status":"closed","ping_status":"closed","template":"pages-templates\/pages-v2.php","meta":[],"categories":[27],"tags":[],"_links":{"self":[{"href":"https:\/\/sitechecker.pro\/es\/wp-json\/wp\/v2\/pages\/16485"}],"collection":[{"href":"https:\/\/sitechecker.pro\/es\/wp-json\/wp\/v2\/pages"}],"about":[{"href":"https:\/\/sitechecker.pro\/es\/wp-json\/wp\/v2\/types\/page"}],"author":[{"embeddable":true,"href":"https:\/\/sitechecker.pro\/es\/wp-json\/wp\/v2\/users\/11474150"}],"replies":[{"embeddable":true,"href":"https:\/\/sitechecker.pro\/es\/wp-json\/wp\/v2\/comments?post=16485"}],"version-history":[{"count":10,"href":"https:\/\/sitechecker.pro\/es\/wp-json\/wp\/v2\/pages\/16485\/revisions"}],"predecessor-version":[{"id":38192,"href":"https:\/\/sitechecker.pro\/es\/wp-json\/wp\/v2\/pages\/16485\/revisions\/38192"}],"wp:featuredmedia":[{"embeddable":true,"href":"https:\/\/sitechecker.pro\/es\/wp-json\/wp\/v2\/media\/3427"}],"wp:attachment":[{"href":"https:\/\/sitechecker.pro\/es\/wp-json\/wp\/v2\/media?parent=16485"}],"wp:term":[{"taxonomy":"category","embeddable":true,"href":"https:\/\/sitechecker.pro\/es\/wp-json\/wp\/v2\/categories?post=16485"},{"taxonomy":"post_tag","embeddable":true,"href":"https:\/\/sitechecker.pro\/es\/wp-json\/wp\/v2\/tags?post=16485"}],"curies":[{"name":"wp","href":"https:\/\/api.w.org\/{rel}","templated":true}]}}