{"id":1526,"date":"2024-02-16T10:56:20","date_gmt":"2024-02-16T10:56:20","guid":{"rendered":"https:\/\/sitechecker.pro\/?page_id=1526"},"modified":"2024-10-11T06:56:32","modified_gmt":"2024-10-11T06:56:32","slug":"domain-age","status":"publish","type":"page","link":"https:\/\/sitechecker.pro\/es\/domain-age\/","title":{"rendered":"Comprobador de Antig\u00fcedad de Dominio | Verifique la antig\u00fcedad del dominio del sitio web y m\u00e1s \u2611"},"content":{"rendered":"<p><\/p>\n<h2 id=\"par1\">\u00bfQu\u00e9 es el Domain Age Checker?<\/h2>\n<p>El Comprobador de Edad de Sitios Web de <a href=\"https:\/\/sitechecker.pro\/\" target=\"_blank\" rel=\"noopener noreferrer\">Sitechecker<\/a> es una herramienta SEO online dise\u00f1ada para determinar la edad de un <a href=\"https:\/\/sitechecker.pro\/what-is-dominio\/\" target=\"_blank\" rel=\"noopener noreferrer\">domain<\/a>, que se considera un factor importante en SEO y <a href=\"https:\/\/sitechecker.pro\/what-is-domain-authority\/\" target=\"_blank\" rel=\"noopener noreferrer\">autoridad de dominio<\/a>. Por lo general, se considera que los sitios web de 10 a\u00f1os o m\u00e1s tienen mayor autoridad y valor SEO. Antes de comprar un dominio, se recomienda comprobar la antig\u00fcedad del sitio web, su <a href=\"https:\/\/sitechecker.pro\/blacklist-checker\/\" target=\"_blank\" rel=\"noopener noreferrer\">reputaci\u00f3n<\/a> y su historial de spam para asegurarse de que se ajusta a sus necesidades.<\/p>\n<h3>\u00bfC\u00f3mo puede ayudarte la herramienta?<\/h3>\n<p><strong>Supervisar la edad de sus hijos: <\/strong>simplifica el seguimiento de la edad de sus sitios web, proporcionando informaci\u00f3n actualizada sin esfuerzo.<\/p>\n<p><strong>Evaluaci\u00f3n de compras potenciales: <\/strong>ofrece detalles completos sobre la antig\u00fcedad de un sitio, <a href=\"https:\/\/sitechecker.pro\/alojamiento-checker\/\" target=\"_blank\" rel=\"noopener noreferrer\">hosting<\/a>, <a href=\"https:\/\/sitechecker.pro\/what-is-url-estado en la lista negra\/\" target=\"_blank\" rel=\"noopener noreferrer\">blacklist<\/a> y una auditor\u00eda completa de todas las p\u00e1ginas, ayudando a tomar decisiones informadas antes de comprar.<\/p>\n<p><strong>Evaluaci\u00f3n de sitios reci\u00e9n adquiridos para su promoci\u00f3n: <\/strong>Para planificar eficazmente una estrategia de promoci\u00f3n de un sitio nuevo, es crucial conocer su antig\u00fcedad y su estado t\u00e9cnico. Esta herramienta proporciona r\u00e1pidamente datos precisos sobre la antig\u00fcedad del sitio y su autoridad de dominio potencial.<\/p>\n<h3>Caracter\u00edsticas principales de la herramienta<\/h3>\n<p><strong>Panel unificado: <\/strong>ofrece una vista centralizada para monitorizar las m\u00e9tricas SEO, mostrando datos en tiempo real sobre la salud del sitio web, el rendimiento y los rankings. Permite widgets personalizables para priorizar los datos esenciales, agilizando la gesti\u00f3n SEO desde una \u00fanica interfaz.<\/p>\n<p><strong>Interfaz amigable: <\/strong>Dise\u00f1ada para facilitar su uso, acomodando tanto a principiantes como a expertos. Simplifica la navegaci\u00f3n a trav\u00e9s de las tareas SEO con instrucciones claras y ayudas visuales, reduciendo la curva de aprendizaje y mejorando la eficiencia.<\/p>\n<p><strong>Conjunto completo de herramientas SEO: <\/strong>Cubre todos los aspectos de la optimizaci\u00f3n SEO, incluyendo la investigaci\u00f3n de palabras clave, <a href=\"https:\/\/sitechecker.pro\/on-page-seo-checker\/\" target=\"_blank\" rel=\"noopener noreferrer\">auditor\u00edas del sitio<\/a>, an\u00e1lisis de backlinks y recomendaciones on-page. Ofrece un enfoque hol\u00edstico para mejorar el rendimiento del sitio web a trav\u00e9s de un conjunto integrado de herramientas.<\/p>\n<h2 id=\"par2\">C\u00f3mo utilizar la herramienta<\/h2>\n<p>Para comprobar la edad del sitio, simplemente inicie la comprobaci\u00f3n. S\u00f3lo le llevar\u00e1 un momento y, adem\u00e1s de la vida \u00fatil del sitio web, recibir\u00e1 informaci\u00f3n valiosa que le ayudar\u00e1 a conocer mejor el recurso web.<\/p>\n<h3>Paso 1: Introduzca la direcci\u00f3n del dominio<\/h3>\n<div class=\"content__img-wrap\"><img src=\"https:\/\/sitechecker.pro\/wp-content\/uploads\/2024\/02\/domain-age-checker.png\" alt=\"Domain Age Checker\" class=\"description-img description-img-zoom\" loading=\"lazy\" ><\/div>\n<h3>Paso 2: An\u00e1lisis de resultados<\/h3>\n<p>Tras realizar un rastreo, podr\u00e1s acceder a los datos de informaci\u00f3n, que incluyen la antig\u00fcedad, su fecha de creaci\u00f3n y su fecha de caducidad.<\/p>\n<div class=\"content__img-wrap\"><img src=\"https:\/\/sitechecker.pro\/wp-content\/uploads\/2024\/02\/domain-age-info.png\" alt=\"Domain Age Info\" class=\"description-img description-img-zoom\" loading=\"lazy\" ><\/div>\n<h2 id=\"par3\">Caracter\u00edsticas adicionales<\/h2>\n<p>Si est\u00e1 revisando su sitio web o el recurso web del proyecto en el que planea invertir financieramente, tenemos grandes oportunidades para usted. Despu\u00e9s de completar el proceso de rastreo del sitio, se proporcionar\u00e1 un informe detallado de auditor\u00eda del sitio web para ayudar a identificar cualquier problema existente y comprender el estado t\u00e9cnico SEO del sitio web. El informe incluir\u00e1 recomendaciones \u00fatiles para resolver los problemas identificados. Adem\u00e1s, se puede determinar el tipo o categor\u00eda del problema (por ejemplo, enlaces, indexabilidad, relevancia del contenido) para centrarse en los m\u00e1s importantes para mejorar el rendimiento general del sitio web. Esto permitir\u00e1 a los usuarios abordar eficazmente cualquier problema existente y garantizar un \u00e9xito \u00f3ptimo en el futuro.<\/p>\n<div class=\"content__img-wrap\"><img src=\"https:\/\/sitechecker.pro\/wp-content\/uploads\/2024\/02\/site-audit-results_65cf4eac5a428.png\" alt=\"Site Audit Results\" class=\"description-img description-img-zoom\" loading=\"lazy\" ><\/div>\n<h2 id=\"par4\">Idea Final<\/h2>\n<p>Free Domain Age Checker es la herramienta para determinar la edad de un dominio, un factor clave para evaluar el SEO y la autoridad del dominio. Es especialmente \u00fatil para aquellos que est\u00e1n considerando la compra, ya que proporciona informaci\u00f3n sobre la historia de los sitios, incluyendo su edad, reputaci\u00f3n y cualquier problema pasado con el spam. Esta herramienta no s\u00f3lo calcula la antig\u00fcedad a partir de su fecha de registro, sino que tambi\u00e9n ayuda a tomar decisiones informadas comparando sitios web potenciales y sus ventajas SEO. Con caracter\u00edsticas como un panel de control unificado, una interfaz f\u00e1cil de usar y un completo conjunto de herramientas SEO, agiliza el proceso de an\u00e1lisis y optimizaci\u00f3n de sitios web. Adem\u00e1s, ofrece informes de auditor\u00eda detallados para un mayor an\u00e1lisis y mejora de la salud SEO y t\u00e9cnica de un sitio web.<\/p>\n<div id=\"par5\"><\/div>\n<p><div class=\"front__faq-block\"><div class=\"faq__block-title\">Preguntas frecuentes<\/div><div class=\"panel-group\" id=\"faq-accordion\" itemscope itemtype=\"https:\/\/schema.org\/FAQPage\" role=\"tablist\" aria-multiselectable=\"true\"><div class=\"panel\" itemscope itemtype=\"https:\/\/schema.org\/Question\" itemprop=\"mainEntity\">\n                            <div class=\"panel-heading\" id=\"headingFaq-1\">\n                                <div class=\"panel-title\" data-toggle=\"collapse\" aria-expanded=\"false\" href=\"#collapseFaq-1\">\n                                    <h3 itemprop=\"name\">\u00bfPuede el Comprobador de antig\u00fcedad del sitio ayudar a identificar dominios caducados?<\/h3>\n                                <\/div>\n                            <\/div>\n                            <div id=\"collapseFaq-1\" class=\"panel-collapse collapse\" itemprop=\"acceptedAnswer\" itemscope itemtype=\"http:\/\/schema.org\/Answer\">\n                                <div class=\"panel-body\" itemprop=\"text\">S\u00ed, la herramienta puede proporcionar informaci\u00f3n sobre una fecha de vencimiento, lo que puede ser \u00fatil para identificar sitios que han caducado recientemente o que est\u00e1n a punto de caducar.<\/div>\n                            <\/div>\n                        <\/div><div class=\"panel\" itemscope itemtype=\"https:\/\/schema.org\/Question\" itemprop=\"mainEntity\">\n                            <div class=\"panel-heading\" id=\"headingFaq-2\">\n                                <div class=\"panel-title\" data-toggle=\"collapse\" aria-expanded=\"false\" href=\"#collapseFaq-2\">\n                                    <h3 itemprop=\"name\">\u00bfQu\u00e9 precisi\u00f3n tiene el c\u00e1lculo de la vida \u00fatil del sitio web proporcionado por esta herramienta?<\/h3>\n                                <\/div>\n                            <\/div>\n                            <div id=\"collapseFaq-2\" class=\"panel-collapse collapse\" itemprop=\"acceptedAnswer\" itemscope itemtype=\"http:\/\/schema.org\/Answer\">\n                                <div class=\"panel-body\" itemprop=\"text\">El detector de antig\u00fcedad de nombres de dominio proporciona informaci\u00f3n precisa sobre la antig\u00fcedad de un recurso web seg\u00fan su fecha de registro inicial, suponiendo que los detalles de registro est\u00e9n actualizados y disponibles p\u00fablicamente.<\/div>\n                            <\/div>\n                        <\/div><div class=\"panel\" itemscope itemtype=\"https:\/\/schema.org\/Question\" itemprop=\"mainEntity\">\n                            <div class=\"panel-heading\" id=\"headingFaq-3\">\n                                <div class=\"panel-title\" data-toggle=\"collapse\" aria-expanded=\"false\" href=\"#collapseFaq-3\">\n                                    <h3 itemprop=\"name\">\u00bfPuede el Comprobador de antig\u00fcedad del dominio ayudar a identificar oportunidades para adquirir dominios caducados o antiguos con valor SEO?<\/h3>\n                                <\/div>\n                            <\/div>\n                            <div id=\"collapseFaq-3\" class=\"panel-collapse collapse\" itemprop=\"acceptedAnswer\" itemscope itemtype=\"http:\/\/schema.org\/Answer\">\n                                <div class=\"panel-body\" itemprop=\"text\">S\u00ed, al revelar la antig\u00fcedad y proporcionar una base para una mayor investigaci\u00f3n, Domain Age Checker puede ayudar a identificar sitios caducados o antiguos que a\u00fan pueden tener valor SEO para su adquisici\u00f3n.<\/div>\n                            <\/div>\n                        <\/div><\/div><\/div><\/p>","protected":false},"excerpt":{"rendered":"\u00bfQu\u00e9 es el Domain Age Checker? El Comprobador de Edad de Sitios Web de Sitechecker es una herramienta SEO online dise\u00f1ada para determinar la edad de un domain, que se considera un factor importante en SEO y autoridad de dominio. Por lo general, se considera que los sitios web de 10 a\u00f1os o m\u00e1s tienen&#8230;","protected":false},"author":10409641,"featured_media":3748,"parent":0,"menu_order":0,"comment_status":"closed","ping_status":"closed","template":"pages-templates\/pages-minitools.php","meta":[],"categories":[73],"tags":[],"_links":{"self":[{"href":"https:\/\/sitechecker.pro\/es\/wp-json\/wp\/v2\/pages\/1526"}],"collection":[{"href":"https:\/\/sitechecker.pro\/es\/wp-json\/wp\/v2\/pages"}],"about":[{"href":"https:\/\/sitechecker.pro\/es\/wp-json\/wp\/v2\/types\/page"}],"author":[{"embeddable":true,"href":"https:\/\/sitechecker.pro\/es\/wp-json\/wp\/v2\/users\/10409641"}],"replies":[{"embeddable":true,"href":"https:\/\/sitechecker.pro\/es\/wp-json\/wp\/v2\/comments?post=1526"}],"version-history":[{"count":40,"href":"https:\/\/sitechecker.pro\/es\/wp-json\/wp\/v2\/pages\/1526\/revisions"}],"predecessor-version":[{"id":34851,"href":"https:\/\/sitechecker.pro\/es\/wp-json\/wp\/v2\/pages\/1526\/revisions\/34851"}],"wp:featuredmedia":[{"embeddable":true,"href":"https:\/\/sitechecker.pro\/es\/wp-json\/wp\/v2\/media\/3748"}],"wp:attachment":[{"href":"https:\/\/sitechecker.pro\/es\/wp-json\/wp\/v2\/media?parent=1526"}],"wp:term":[{"taxonomy":"category","embeddable":true,"href":"https:\/\/sitechecker.pro\/es\/wp-json\/wp\/v2\/categories?post=1526"},{"taxonomy":"post_tag","embeddable":true,"href":"https:\/\/sitechecker.pro\/es\/wp-json\/wp\/v2\/tags?post=1526"}],"curies":[{"name":"wp","href":"https:\/\/api.w.org\/{rel}","templated":true}]}}