{"id":1489,"date":"2018-02-09T16:40:49","date_gmt":"2018-02-09T16:40:49","guid":{"rendered":"https:\/\/sitechecker.pro\/?page_id=1489"},"modified":"2025-05-29T14:02:55","modified_gmt":"2025-05-29T14:02:55","slug":"google-index","status":"publish","type":"page","link":"https:\/\/sitechecker.pro\/es\/google-index\/","title":{"rendered":"Google Index Checker: Cantidad y din\u00e1mica de indexaci\u00f3n \u2611"},"content":{"rendered":"<p><\/p>\n<h2 id=\"par1\">\u00bfQu\u00e9 es el Comprobador de \u00edndice de Google?<\/h2>\n<p>El Comprobador de \u00edndice de <a href=\"https:\/\/sitechecker.pro\/\" target=\"_blank\" rel=\"noopener noreferrer\">Sitechecker<\/a> es una herramienta en l\u00ednea que permite a los usuarios auditar el estado de indexaci\u00f3n de un sitio web o p\u00e1ginas individuales. Proporciona informaci\u00f3n sobre p\u00e1ginas indexadas, etiquetas meta noindex y problemas de rastreo. Puede analizar todas las p\u00e1ginas o probar un informe instant\u00e1neo para una sola p\u00e1gina.<\/p>\n<h3>C\u00f3mo puede ayudarlo la herramienta<\/h3>\n<p><strong>Comprobaci\u00f3n instant\u00e1nea del \u00edndice: <\/strong>verifica r\u00e1pidamente si Google indexa un sitio web o una p\u00e1gina.<\/p>\n<p><strong>Identificaci\u00f3n de problemas de indexaci\u00f3n: <\/strong>detecta p\u00e1ginas que no est\u00e1n indexadas debido a errores t\u00e9cnicos, etiquetas meta noindex u otros problemas de SEO.<\/p>\n<p><strong>Supervisi\u00f3n de cambios en el sitio: <\/strong>proporciona un seguimiento continuo y alertas sobre los cambios en el estado de rastreo, lo que ayuda a los usuarios a mantener una s\u00f3lida presencia en l\u00ednea.<\/p>\n<h3>Caracter\u00edsticas clave de la herramienta<\/h3>\n<p><strong>Panel unificado: <\/strong>ofrece un centro centralizado para supervisar el estado del sitio web, el rendimiento de SEO y el estado de rastreo en un solo lugar.<\/p>\n<p><strong>Interfaz f\u00e1cil de usar: <\/strong>dise\u00f1ada para principiantes y expertos, ofrece una navegaci\u00f3n intuitiva, informaci\u00f3n clara y recomendaciones pr\u00e1cticas.<\/p>\n<p><strong>Conjunto completo de herramientas de SEO: <\/strong>incluye auditor\u00edas del sitio, seguimiento de la clasificaci\u00f3n, comprobaciones de SEO en la p\u00e1gina y supervisi\u00f3n de los cambios en el estado de rastreo para mejorar la visibilidad de b\u00fasqueda.<\/p>\n<h2 id=\"par2\">C\u00f3mo utilizar la herramienta<\/h2>\n<p>Puede realizar una auditor\u00eda completa del sitio o ejecutar una comprobaci\u00f3n instant\u00e1nea de la p\u00e1gina. Simplemente seleccione la opci\u00f3n que mejor se adapte a sus necesidades y ejecute la auditor\u00eda.<\/p>\n<div class=\"content__img-wrap\"><img src=\"https:\/\/sitechecker.pro\/wp-content\/uploads\/2025\/02\/choose-audit-option.png\" alt=\"Elegir opci\u00f3n de auditor\u00eda\" class=\"description-img description-img-zoom\" loading=\"lazy\" ><\/div>\n<h2 id=\"par3\">Comprobaci\u00f3n completa del \u00edndice del sitio<\/h2>\n<h3>Paso 1: Elige una opci\u00f3n de comprobaci\u00f3n del sitio<\/h3>\n<div class=\"content__img-wrap\"><img src=\"https:\/\/sitechecker.pro\/wp-content\/uploads\/2025\/02\/check-site-index.png\" alt=\"Comprobar el \u00edndice del sitio\" class=\"description-img description-img-zoom\" loading=\"lazy\" ><\/div>\n<div class=\"important-block\">Para recibir resultados y acceder a las funciones de Sitechecker durante 14 d\u00edas, comienza tu prueba GRATUITA. Registrarse es f\u00e1cil con tu cuenta de correo electr\u00f3nico, Google o Facebook. No se necesita tarjeta de cr\u00e9dito.<\/div>\n<h3>Paso 2: Obtenga resultados<\/h3>\n<p>Obtenga un an\u00e1lisis detallado de la capacidad de rastreo de su sitio, incluidos los problemas cr\u00edticos de SEO, las advertencias, las oportunidades y los cambios en el estado de rastreo. Identifique las p\u00e1ginas bloqueadas, las etiquetas faltantes y los errores t\u00e9cnicos que afectan la visibilidad de b\u00fasqueda, con soluciones pr\u00e1cticas.<\/p>\n<div class=\"content__img-wrap\"><img src=\"https:\/\/sitechecker.pro\/wp-content\/uploads\/2025\/02\/check-indexability-issues.png\" alt=\"Verificar problemas de indexabilidad\" class=\"description-img description-img-zoom\" loading=\"lazy\" ><\/div>\n<h3>Caracter\u00edsticas adicionales<\/h3>\n<p>Obtenga informaci\u00f3n detallada sobre SEO m\u00e1s all\u00e1 de los cambios en el estado de rastreo, incluidos los errores cr\u00edticos, las advertencias, las oportunidades y el estado general del sitio web. Analice las p\u00e1ginas afectadas por categor\u00eda, detecte problemas t\u00e9cnicos y acceda a informes detallados con soluciones pr\u00e1cticas para optimizar el rendimiento de b\u00fasqueda.<\/p>\n<div class=\"content__img-wrap\"><img src=\"https:\/\/sitechecker.pro\/wp-content\/uploads\/2025\/02\/site-audit-issues.png\" alt=\"Problemas de auditor\u00eda del sitio\" class=\"description-img description-img-zoom\" loading=\"lazy\" ><\/div>\n<h2 id=\"par4\">Comprobador de \u00edndice de p\u00e1ginas de Google<\/h2>\n<h3>Paso 1: Elige una opci\u00f3n de comprobaci\u00f3n de p\u00e1gina<\/h3>\n<div class=\"content__img-wrap\"><img src=\"https:\/\/sitechecker.pro\/wp-content\/uploads\/2025\/02\/check-page-index.png\" alt=\"Comprobar \u00edndice de p\u00e1gina\" class=\"description-img description-img-zoom\" loading=\"lazy\" ><\/div>\n<h3>Paso 2: Obt\u00e9n los resultados<\/h3>\n<p>Obt\u00e9n informaci\u00f3n instant\u00e1nea sobre la capacidad de rastreo de una p\u00e1gina, incluidos los c\u00f3digos de estado, las metaetiquetas, la configuraci\u00f3n de robots.txt y las directivas noindex. Identifica los problemas de estado de rastreo y aseg\u00farate de que los motores de b\u00fasqueda puedan rastrear y clasificar tu p\u00e1gina correctamente.<\/p>\n<div class=\"content__img-wrap\"><img src=\"https:\/\/sitechecker.pro\/wp-content\/uploads\/2025\/02\/check-indexation.png\" alt=\"Comprobar indexaci\u00f3n\" class=\"description-img description-img-zoom\" loading=\"lazy\" ><\/div>\n<p>Para explorar todas las funciones de la herramienta, vaya a la secci\u00f3n Auditor\u00eda del sitio. All\u00ed, puede ver la versi\u00f3n demo y ver qu\u00e9 tareas t\u00e9cnicas de SEO puede resolver Sitechecker.<\/p>\n<div class=\"content__img-wrap\"><img src=\"https:\/\/sitechecker.pro\/wp-content\/uploads\/2025\/02\/site-audit.png\" alt=\"Auditor\u00eda del sitio\" class=\"description-img description-img-zoom\" loading=\"lazy\" ><\/div>\n<h3>Funciones adicionales de la comprobaci\u00f3n de p\u00e1ginas<\/h3>\n<p>Obtenga un an\u00e1lisis SEO integral m\u00e1s all\u00e1 del estado de rastreo, incluidos problemas cr\u00edticos, advertencias e informaci\u00f3n sobre el rendimiento. Identifique enlaces rotos, velocidad de p\u00e1gina lenta, brechas de optimizaci\u00f3n de contenido y errores de datos estructurados. Acceda a recomendaciones detalladas para mejorar la visibilidad, mejorar la experiencia del usuario y aumentar las clasificaciones de b\u00fasqueda.<\/p>\n<div class=\"content__img-wrap\"><img src=\"https:\/\/sitechecker.pro\/wp-content\/uploads\/2025\/02\/issues-overview.png\" alt=\"Descripci\u00f3n general de los problemas\" class=\"description-img description-img-zoom\" loading=\"lazy\" ><\/div>\n<h2 id=\"par5\">Idea final<\/h2>\n<p>El verificador de indexaci\u00f3n de Google ayuda a los usuarios a analizar la capacidad de rastreo de sitios web y p\u00e1ginas, identificando problemas de SEO que afectan la visibilidad de b\u00fasqueda. Ofrece verificaciones instant\u00e1neas de p\u00e1ginas o auditor\u00edas completas del sitio, detectando errores de indexaci\u00f3n, etiquetas meta noindex y problemas t\u00e9cnicos. Con un panel unificado, una interfaz f\u00e1cil de usar y un conjunto completo de herramientas de SEO, proporciona seguimiento continuo, informaci\u00f3n sobre el rendimiento y soluciones pr\u00e1cticas. Los usuarios pueden acceder a informes detallados sobre indexaci\u00f3n, estado del sitio y optimizaci\u00f3n del contenido.<\/p>\n<div id=\"par6\"><\/div>\n<p><div class=\"front__faq-block\"><div class=\"faq__block-title\">Preguntas frecuentes<\/div><div class=\"panel-group\" id=\"faq-accordion\" itemscope itemtype=\"https:\/\/schema.org\/FAQPage\" role=\"tablist\" aria-multiselectable=\"true\"><div class=\"panel\" itemscope itemtype=\"https:\/\/schema.org\/Question\" itemprop=\"mainEntity\">\n                            <div class=\"panel-heading\" id=\"headingFaq-1\">\n                                <div class=\"panel-title\" data-toggle=\"collapse\" aria-expanded=\"false\" href=\"#collapseFaq-1\">\n                                    <h3 itemprop=\"name\">\u00bfC\u00f3mo afecta la indexaci\u00f3n de Google a la visibilidad de un sitio web?<\/h3>\n                                <\/div>\n                            <\/div>\n                            <div id=\"collapseFaq-1\" class=\"panel-collapse collapse\" itemprop=\"acceptedAnswer\" itemscope itemtype=\"http:\/\/schema.org\/Answer\">\n                                <div class=\"panel-body\" itemprop=\"text\">La indexaci\u00f3n de Google determina si las p\u00e1ginas de un sitio web aparecen en los resultados de b\u00fasqueda. Si una p\u00e1gina no est\u00e1 indexada, no se podr\u00e1 descubrir a trav\u00e9s de la B\u00fasqueda de Google.<\/div>\n                            <\/div>\n                        <\/div><div class=\"panel\" itemscope itemtype=\"https:\/\/schema.org\/Question\" itemprop=\"mainEntity\">\n                            <div class=\"panel-heading\" id=\"headingFaq-2\">\n                                <div class=\"panel-title\" data-toggle=\"collapse\" aria-expanded=\"false\" href=\"#collapseFaq-2\">\n                                    <h3 itemprop=\"name\">\u00bfPuede la herramienta detectar por qu\u00e9 una p\u00e1gina no est\u00e1 indexada?<\/h3>\n                                <\/div>\n                            <\/div>\n                            <div id=\"collapseFaq-2\" class=\"panel-collapse collapse\" itemprop=\"acceptedAnswer\" itemscope itemtype=\"http:\/\/schema.org\/Answer\">\n                                <div class=\"panel-body\" itemprop=\"text\">S\u00ed, identifica errores t\u00e9cnicos, etiquetas meta noindex y restricciones de rastreo que pueden impedir el rastreo.<\/div>\n                            <\/div>\n                        <\/div><div class=\"panel\" itemscope itemtype=\"https:\/\/schema.org\/Question\" itemprop=\"mainEntity\">\n                            <div class=\"panel-heading\" id=\"headingFaq-3\">\n                                <div class=\"panel-title\" data-toggle=\"collapse\" aria-expanded=\"false\" href=\"#collapseFaq-3\">\n                                    <h3 itemprop=\"name\">\u00bfCon qu\u00e9 frecuencia debo verificar el estado de indexaci\u00f3n de mi sitio?<\/h3>\n                                <\/div>\n                            <\/div>\n                            <div id=\"collapseFaq-3\" class=\"panel-collapse collapse\" itemprop=\"acceptedAnswer\" itemscope itemtype=\"http:\/\/schema.org\/Answer\">\n                                <div class=\"panel-body\" itemprop=\"text\">Se recomiendan controles regulares, especialmente despu\u00e9s de actualizaciones de contenido, migraciones de sitios web u optimizaciones de SEO.<\/div>\n                            <\/div>\n                        <\/div><div class=\"panel\" itemscope itemtype=\"https:\/\/schema.org\/Question\" itemprop=\"mainEntity\">\n                            <div class=\"panel-heading\" id=\"headingFaq-4\">\n                                <div class=\"panel-title\" data-toggle=\"collapse\" aria-expanded=\"false\" href=\"#collapseFaq-4\">\n                                    <h3 itemprop=\"name\">\u00bfLa herramienta admite el seguimiento de los cambios de indexaci\u00f3n a lo largo del tiempo?<\/h3>\n                                <\/div>\n                            <\/div>\n                            <div id=\"collapseFaq-4\" class=\"panel-collapse collapse\" itemprop=\"acceptedAnswer\" itemscope itemtype=\"http:\/\/schema.org\/Answer\">\n                                <div class=\"panel-body\" itemprop=\"text\">S\u00ed, proporciona monitoreo continuo y alertas de cambios de rastreabilidad para ayudar a mantener la visibilidad de b\u00fasqueda.<\/div>\n                            <\/div>\n                        <\/div><div class=\"panel\" itemscope itemtype=\"https:\/\/schema.org\/Question\" itemprop=\"mainEntity\">\n                            <div class=\"panel-heading\" id=\"headingFaq-5\">\n                                <div class=\"panel-title\" data-toggle=\"collapse\" aria-expanded=\"false\" href=\"#collapseFaq-5\">\n                                    <h3 itemprop=\"name\">\u00bfQu\u00e9 sucede si mi p\u00e1gina no est\u00e1 indexada?<\/h3>\n                                <\/div>\n                            <\/div>\n                            <div id=\"collapseFaq-5\" class=\"panel-collapse collapse\" itemprop=\"acceptedAnswer\" itemscope itemtype=\"http:\/\/schema.org\/Answer\">\n                                <div class=\"panel-body\" itemprop=\"text\">La herramienta sugiere correcciones, como ajustar metaetiquetas, actualizar robots.txt y mejorar la estructura del sitio para mejorar la visibilidad.<\/div>\n                            <\/div>\n                        <\/div><\/div><\/div><\/p>","protected":false},"excerpt":{"rendered":"\u00bfQu\u00e9 es el Comprobador de \u00edndice de Google? El Comprobador de \u00edndice de Sitechecker es una herramienta en l\u00ednea que permite a los usuarios auditar el estado de indexaci\u00f3n de un sitio web o p\u00e1ginas individuales. Proporciona informaci\u00f3n sobre p\u00e1ginas indexadas, etiquetas meta noindex y problemas de rastreo. Puede analizar todas las p\u00e1ginas o probar&#8230;","protected":false},"author":10409641,"featured_media":3426,"parent":0,"menu_order":0,"comment_status":"closed","ping_status":"closed","template":"pages-templates\/pages-minitools-3.php","meta":[],"categories":[73],"tags":[],"_links":{"self":[{"href":"https:\/\/sitechecker.pro\/es\/wp-json\/wp\/v2\/pages\/1489"}],"collection":[{"href":"https:\/\/sitechecker.pro\/es\/wp-json\/wp\/v2\/pages"}],"about":[{"href":"https:\/\/sitechecker.pro\/es\/wp-json\/wp\/v2\/types\/page"}],"author":[{"embeddable":true,"href":"https:\/\/sitechecker.pro\/es\/wp-json\/wp\/v2\/users\/10409641"}],"replies":[{"embeddable":true,"href":"https:\/\/sitechecker.pro\/es\/wp-json\/wp\/v2\/comments?post=1489"}],"version-history":[{"count":4,"href":"https:\/\/sitechecker.pro\/es\/wp-json\/wp\/v2\/pages\/1489\/revisions"}],"predecessor-version":[{"id":37213,"href":"https:\/\/sitechecker.pro\/es\/wp-json\/wp\/v2\/pages\/1489\/revisions\/37213"}],"wp:featuredmedia":[{"embeddable":true,"href":"https:\/\/sitechecker.pro\/es\/wp-json\/wp\/v2\/media\/3426"}],"wp:attachment":[{"href":"https:\/\/sitechecker.pro\/es\/wp-json\/wp\/v2\/media?parent=1489"}],"wp:term":[{"taxonomy":"category","embeddable":true,"href":"https:\/\/sitechecker.pro\/es\/wp-json\/wp\/v2\/categories?post=1489"},{"taxonomy":"post_tag","embeddable":true,"href":"https:\/\/sitechecker.pro\/es\/wp-json\/wp\/v2\/tags?post=1489"}],"curies":[{"name":"wp","href":"https:\/\/api.w.org\/{rel}","templated":true}]}}