{"id":1484,"date":"2018-02-09T15:11:40","date_gmt":"2018-02-09T15:11:40","guid":{"rendered":"https:\/\/sitechecker.pro\/?page_id=1484"},"modified":"2025-02-21T16:14:56","modified_gmt":"2025-02-21T16:14:56","slug":"check-cost","status":"publish","type":"page","link":"https:\/\/sitechecker.pro\/es\/check-cost\/","title":{"rendered":"Comprobador de precios de sitios web | Calcular el valor de un sitio web \u2611"},"content":{"rendered":"<p><\/p>\n<h2 id=\"par1\">\u00bfQu\u00e9 es el Comprobador de precios de sitios web?<\/h2>\n<p>El Comprobador de precios de sitios web de <a href=\"https:\/\/sitechecker.pro\/\" target=\"_blank\" rel=\"noopener noreferrer\">Sitechecker<\/a> es una herramienta en l\u00ednea dise\u00f1ada para estimar el valor potencial de un sitio web en funci\u00f3n del valor del tr\u00e1fico org\u00e1nico. Esta herramienta analiza el tr\u00e1fico org\u00e1nico de un sitio web, como m\u00e9trica clave para proporcionar un valor monetario estimado.<\/p>\n<h3>C\u00f3mo puede ayudarlo la Calculadora de valor de sitios web<\/h3>\n<p><strong>Estimaci\u00f3n del costo del sitio web: <\/strong>calcula el precio de mercado potencial de un sitio web en funci\u00f3n del tr\u00e1fico y el potencial de monetizaci\u00f3n.<\/p>\n<p><strong>An\u00e1lisis de tr\u00e1fico y SEO: <\/strong>eval\u00faa la cantidad de visitantes, las clasificaciones de los motores de b\u00fasqueda y los factores de SEO en la p\u00e1gina para determinar el rendimiento de un sitio web.<\/p>\n<p><strong>Informaci\u00f3n sobre el potencial de monetizaci\u00f3n: <\/strong>estima los posibles ingresos de publicidad, marketing de afiliados o comercio electr\u00f3nico en funci\u00f3n de la participaci\u00f3n web y las m\u00e9tricas de participaci\u00f3n.<\/p>\n<h3>Caracter\u00edsticas clave del Estimador de valor de sitios web<\/h3>\n<p><strong>Panel de control unificado: <\/strong>ofrece una vista centralizada de todas las m\u00e9tricas de SEO, incluido el estado del sitio y las estad\u00edsticas de los visitantes, lo que permite a los usuarios administrar m\u00faltiples aspectos de SEO desde una \u00fanica interfaz.<\/p>\n<p><strong>Interfaz f\u00e1cil de usar: <\/strong>dise\u00f1ada para principiantes y expertos, ofrece una navegaci\u00f3n intuitiva, una visualizaci\u00f3n clara de los datos y recomendaciones pr\u00e1cticas para mejorar el rendimiento del sitio web sin esfuerzo.<\/p>\n<p><strong>Conjunto completo de herramientas de SEO: <\/strong>incluye funciones integrales de SEO, como auditor\u00edas de sitios, seguimiento de clasificaciones, an\u00e1lisis de palabras clave y detecci\u00f3n de problemas en tiempo real para mejorar la visibilidad y las clasificaciones de b\u00fasqueda.<\/p>\n<h2 id=\"par2\">C\u00f3mo utilizar el verificador de valor de sitios web<\/h2>\n<h3>Paso 1: inserte la URL del dominio y haga clic en el bot\u00f3n &#8220;Verificar costo&#8221;<\/h3>\n<div class=\"content__img-wrap\"><img src=\"https:\/\/sitechecker.pro\/wp-content\/uploads\/2025\/02\/website-price-checker.png\" alt=\"Verificador de precio de sitios web\" class=\"description-img description-img-zoom\" loading=\"lazy\" ><\/div>\n<h3>Paso 2: obtenga los resultados<\/h3>\n<p>Reciba m\u00e9tricas clave al instante, incluido el tr\u00e1fico org\u00e1nico estimado, el valor de la interacci\u00f3n web y las clasificaciones de palabras clave, que son cruciales para determinar el valor de un sitio.<\/p>\n<div class=\"content__img-wrap\"><img src=\"https:\/\/sitechecker.pro\/wp-content\/uploads\/2025\/02\/website-price-checker-results.png\" alt=\"Resultados del verificador de precios de sitios web\" class=\"description-img description-img-zoom\" loading=\"lazy\" ><\/div>\n<h4>Valor del tr\u00e1fico<\/h4>\n<p>Representa el valor monetario potencial del tr\u00e1fico org\u00e1nico seg\u00fan los datos de CPC (costo por clic), lo que indica cu\u00e1nto costar\u00eda este tr\u00e1fico si se adquiriera a trav\u00e9s de publicidad paga. Un valor de tr\u00e1fico m\u00e1s alto sugiere un fuerte potencial de monetizaci\u00f3n.<\/p>\n<h4>Clasificaci\u00f3n de palabras clave<\/h4>\n<p>Muestra qu\u00e9 tan bien se clasifica un dominio para palabras clave de alto valor en los resultados de b\u00fasqueda. Las clasificaciones altas para palabras clave competitivas aumentan la visibilidad, atraen m\u00e1s visitantes y mejoran el valor de mercado.<\/p>\n<p>Esta informaci\u00f3n ayuda a los propietarios, compradores y profesionales de SEO a evaluar la rentabilidad de un sitio y el potencial de crecimiento a largo plazo.<\/p>\n<h2 id=\"par3\">Conclusi\u00f3n<\/h2>\n<p>La Calculadora de precios de sitios web es una herramienta poderosa que proporciona una estimaci\u00f3n r\u00e1pida y confiable del valor de un sitio en funci\u00f3n del tr\u00e1fico org\u00e1nico y el potencial de monetizaci\u00f3n. Los usuarios pueden obtener informaci\u00f3n valiosa sobre el rendimiento, la rentabilidad y las oportunidades de crecimiento de un sitio al analizar m\u00e9tricas clave como el valor de la interacci\u00f3n web y las clasificaciones de palabras clave.<\/p>\n<div id=\"par4\"><\/div>\n<p><div class=\"front__faq-block\"><div class=\"faq__block-title\">Preguntas frecuentes<\/div><div class=\"panel-group\" id=\"faq-accordion\" itemscope itemtype=\"https:\/\/schema.org\/FAQPage\" role=\"tablist\" aria-multiselectable=\"true\"><div class=\"panel\" itemscope itemtype=\"https:\/\/schema.org\/Question\" itemprop=\"mainEntity\">\n                            <div class=\"panel-heading\" id=\"headingFaq-1\">\n                                <div class=\"panel-title\" data-toggle=\"collapse\" aria-expanded=\"false\" href=\"#collapseFaq-1\">\n                                    <h3 itemprop=\"name\">\u00bfQu\u00e9 tan precisa es la estimaci\u00f3n del costo del dominio?<\/h3>\n                                <\/div>\n                            <\/div>\n                            <div id=\"collapseFaq-1\" class=\"panel-collapse collapse\" itemprop=\"acceptedAnswer\" itemscope itemtype=\"http:\/\/schema.org\/Answer\">\n                                <div class=\"panel-body\" itemprop=\"text\">La estimaci\u00f3n se basa en el valor del tr\u00e1fico org\u00e1nico, las clasificaciones de palabras clave y los factores de SEO. Si bien proporciona un punto de referencia s\u00f3lido, los precios de venta reales pueden variar en funci\u00f3n de factores adicionales como el reconocimiento de la marca y los flujos de ingresos.<\/div>\n                            <\/div>\n                        <\/div><div class=\"panel\" itemscope itemtype=\"https:\/\/schema.org\/Question\" itemprop=\"mainEntity\">\n                            <div class=\"panel-heading\" id=\"headingFaq-2\">\n                                <div class=\"panel-title\" data-toggle=\"collapse\" aria-expanded=\"false\" href=\"#collapseFaq-2\">\n                                    <h3 itemprop=\"name\">\u00bfLa herramienta analiza el tr\u00e1fico pago o solo el tr\u00e1fico org\u00e1nico?<\/h3>\n                                <\/div>\n                            <\/div>\n                            <div id=\"collapseFaq-2\" class=\"panel-collapse collapse\" itemprop=\"acceptedAnswer\" itemscope itemtype=\"http:\/\/schema.org\/Answer\">\n                                <div class=\"panel-body\" itemprop=\"text\">El Comprobador de precios de sitios web se centra exclusivamente en el tr\u00e1fico org\u00e1nico y su valor estimado en funci\u00f3n de los datos de CPC. No tiene en cuenta el tr\u00e1fico de publicidad paga.<\/div>\n                            <\/div>\n                        <\/div><div class=\"panel\" itemscope itemtype=\"https:\/\/schema.org\/Question\" itemprop=\"mainEntity\">\n                            <div class=\"panel-heading\" id=\"headingFaq-3\">\n                                <div class=\"panel-title\" data-toggle=\"collapse\" aria-expanded=\"false\" href=\"#collapseFaq-3\">\n                                    <h3 itemprop=\"name\">\u00bfPuedo verificar el valor de cualquier sitio web?<\/h3>\n                                <\/div>\n                            <\/div>\n                            <div id=\"collapseFaq-3\" class=\"panel-collapse collapse\" itemprop=\"acceptedAnswer\" itemscope itemtype=\"http:\/\/schema.org\/Answer\">\n                                <div class=\"panel-body\" itemprop=\"text\">S\u00ed, puedes analizar cualquier sitio web p\u00fablico siempre que tenga datos mensurables de interacci\u00f3n web org\u00e1nica. Es posible que los sitios web privados o reci\u00e9n creados con tr\u00e1fico m\u00ednimo no generen resultados.<\/div>\n                            <\/div>\n                        <\/div><div class=\"panel\" itemscope itemtype=\"https:\/\/schema.org\/Question\" itemprop=\"mainEntity\">\n                            <div class=\"panel-heading\" id=\"headingFaq-4\">\n                                <div class=\"panel-title\" data-toggle=\"collapse\" aria-expanded=\"false\" href=\"#collapseFaq-4\">\n                                    <h3 itemprop=\"name\">\u00bfCon qu\u00e9 frecuencia debo verificar el valor de mi sitio web?<\/h3>\n                                <\/div>\n                            <\/div>\n                            <div id=\"collapseFaq-4\" class=\"panel-collapse collapse\" itemprop=\"acceptedAnswer\" itemscope itemtype=\"http:\/\/schema.org\/Answer\">\n                                <div class=\"panel-body\" itemprop=\"text\">Se recomienda verificar peri\u00f3dicamente, especialmente despu\u00e9s de actualizaciones importantes de SEO, cambios de tr\u00e1fico o mejoras de contenido, para realizar un seguimiento del crecimiento y el potencial de monetizaci\u00f3n.<\/div>\n                            <\/div>\n                        <\/div><div class=\"panel\" itemscope itemtype=\"https:\/\/schema.org\/Question\" itemprop=\"mainEntity\">\n                            <div class=\"panel-heading\" id=\"headingFaq-5\">\n                                <div class=\"panel-title\" data-toggle=\"collapse\" aria-expanded=\"false\" href=\"#collapseFaq-5\">\n                                    <h3 itemprop=\"name\">\u00bfC\u00f3mo determina la herramienta el valor del tr\u00e1fico?<\/h3>\n                                <\/div>\n                            <\/div>\n                            <div id=\"collapseFaq-5\" class=\"panel-collapse collapse\" itemprop=\"acceptedAnswer\" itemscope itemtype=\"http:\/\/schema.org\/Answer\">\n                                <div class=\"panel-body\" itemprop=\"text\">Calcula el valor del tr\u00e1fico en funci\u00f3n de la cantidad estimada de visitantes org\u00e1nicos y el costo por clic (CPC) de las palabras clave clasificadas, lo que refleja cu\u00e1nto costar\u00eda el tr\u00e1fico a trav\u00e9s de anuncios pagos.<\/div>\n                            <\/div>\n                        <\/div><div class=\"panel\" itemscope itemtype=\"https:\/\/schema.org\/Question\" itemprop=\"mainEntity\">\n                            <div class=\"panel-heading\" id=\"headingFaq-6\">\n                                <div class=\"panel-title\" data-toggle=\"collapse\" aria-expanded=\"false\" href=\"#collapseFaq-6\">\n                                    <h3 itemprop=\"name\">\u00bfPuedo comparar varios sitios web?<\/h3>\n                                <\/div>\n                            <\/div>\n                            <div id=\"collapseFaq-6\" class=\"panel-collapse collapse\" itemprop=\"acceptedAnswer\" itemscope itemtype=\"http:\/\/schema.org\/Answer\">\n                                <div class=\"panel-body\" itemprop=\"text\">Si bien la herramienta analiza el dominio individualmente, puedes verificar manualmente varios dominios para comparar sus valores estimados y el rendimiento de SEO.<\/div>\n                            <\/div>\n                        <\/div><\/div><\/div><\/p>","protected":false},"excerpt":{"rendered":"\u00bfQu\u00e9 es el Comprobador de precios de sitios web? El Comprobador de precios de sitios web de Sitechecker es una herramienta en l\u00ednea dise\u00f1ada para estimar el valor potencial de un sitio web en funci\u00f3n del valor del tr\u00e1fico org\u00e1nico. Esta herramienta analiza el tr\u00e1fico org\u00e1nico de un sitio web, como m\u00e9trica clave para proporcionar&#8230;","protected":false},"author":10409641,"featured_media":3747,"parent":0,"menu_order":0,"comment_status":"closed","ping_status":"closed","template":"pages-templates\/pages-minitools-3.php","meta":[],"categories":[73],"tags":[],"_links":{"self":[{"href":"https:\/\/sitechecker.pro\/es\/wp-json\/wp\/v2\/pages\/1484"}],"collection":[{"href":"https:\/\/sitechecker.pro\/es\/wp-json\/wp\/v2\/pages"}],"about":[{"href":"https:\/\/sitechecker.pro\/es\/wp-json\/wp\/v2\/types\/page"}],"author":[{"embeddable":true,"href":"https:\/\/sitechecker.pro\/es\/wp-json\/wp\/v2\/users\/10409641"}],"replies":[{"embeddable":true,"href":"https:\/\/sitechecker.pro\/es\/wp-json\/wp\/v2\/comments?post=1484"}],"version-history":[{"count":4,"href":"https:\/\/sitechecker.pro\/es\/wp-json\/wp\/v2\/pages\/1484\/revisions"}],"predecessor-version":[{"id":35658,"href":"https:\/\/sitechecker.pro\/es\/wp-json\/wp\/v2\/pages\/1484\/revisions\/35658"}],"wp:featuredmedia":[{"embeddable":true,"href":"https:\/\/sitechecker.pro\/es\/wp-json\/wp\/v2\/media\/3747"}],"wp:attachment":[{"href":"https:\/\/sitechecker.pro\/es\/wp-json\/wp\/v2\/media?parent=1484"}],"wp:term":[{"taxonomy":"category","embeddable":true,"href":"https:\/\/sitechecker.pro\/es\/wp-json\/wp\/v2\/categories?post=1484"},{"taxonomy":"post_tag","embeddable":true,"href":"https:\/\/sitechecker.pro\/es\/wp-json\/wp\/v2\/tags?post=1484"}],"curies":[{"name":"wp","href":"https:\/\/api.w.org\/{rel}","templated":true}]}}