{"id":1446,"date":"2018-02-07T10:31:31","date_gmt":"2018-02-07T10:31:31","guid":{"rendered":"https:\/\/sitechecker.pro\/?page_id=1446"},"modified":"2026-02-19T14:39:30","modified_gmt":"2026-02-19T14:39:30","slug":"knowledge-base","status":"publish","type":"page","link":"https:\/\/sitechecker.pro\/es\/blog\/","title":{"rendered":"Blog de SEO por Sitechecker: aprenda la optimizaci\u00f3n del search engine"},"content":{"rendered":"<p><\/p>\n<ul>\n<li><a href=\"https:\/\/sitechecker.pro\/es\/seo-strategy\/\">Estrategia SEO: Definici\u00f3n, Tipos y Una Gu\u00eda Paso a Paso para crearla<\/a><\/li>\n<li><a href=\"https:\/\/sitechecker.pro\/es\/robots-tester\/\">Auditor Robots.txt: Comprueba la indexabilidad de una URL espec\u00edfica<\/a><\/li>\n<li><a href=\"https:\/\/sitechecker.pro\/es\/google-bot\/\">Optimizaci\u00f3n de Googlebot: Descubre 6 estrategias para optimizar tu sitio web<\/a><\/li>\n<li><a href=\"https:\/\/sitechecker.pro\/es\/open-graph\/\">Descubre que es el protocolo Open Graph y c\u00f3mo usarlos eficientemente<\/a><\/li>\n<li><a href=\"https:\/\/sitechecker.pro\/es\/meta-title\/\">Comprueba la Etiqueta de un Meta T\u00edtulo para una URL Especifica<\/a><\/li>\n<li><a href=\"https:\/\/sitechecker.pro\/es\/meta-tag-description\/\">\u00bfQu\u00e9 es una Meta Descripci\u00f3n y C\u00f3mo Escribirla Apropiadamente?<\/a><\/li>\n<li><a href=\"https:\/\/sitechecker.pro\/es\/h1-tag\/\">\u00bfQu\u00e9 es una Etiqueta H1 y Cuan Importante es para el SEO?<\/a><\/li>\n<li><a href=\"https:\/\/sitechecker.pro\/es\/alt-tags\/\">\u00bfQu\u00e9 es el Texto Alt de una Imagen y Como Usarlo en el SEO?<\/a><\/li>\n<li><a href=\"https:\/\/sitechecker.pro\/es\/canonical-url\/\">Etiqueta \u201cCanonical\u201d De Una URL: Definici\u00f3n Y Todas Las Situaciones En Las Que Al Necesitar\u00e1s<\/a><\/li>\n<li><a href=\"https:\/\/sitechecker.pro\/es\/301-redirect\/\">Redirecci\u00f3n 301: Definici\u00f3n, tipos, m\u00e9todos y como configurarlo para cualquier sitio web<\/a><\/li>\n<li><a href=\"https:\/\/sitechecker.pro\/es\/404-error\/\">Error 404: La Gu\u00eda Sobre Lo Que Es Esta P\u00e1gina y Como Arreglarla<\/a><\/li>\n<\/ul>\n<p><\/p>","protected":false},"excerpt":{"rendered":"Estrategia SEO: Definici\u00f3n, Tipos y Una Gu\u00eda Paso a Paso para crearla Auditor Robots.txt: Comprueba la indexabilidad de una URL espec\u00edfica Optimizaci\u00f3n de Googlebot: Descubre 6 estrategias para optimizar tu sitio web Descubre que es el protocolo Open Graph y c\u00f3mo usarlos eficientemente Comprueba la Etiqueta de un Meta T\u00edtulo para una URL Especifica \u00bfQu\u00e9&#8230;","protected":false},"author":10504980,"featured_media":6846,"parent":0,"menu_order":0,"comment_status":"closed","ping_status":"closed","template":"knowledge_base-tmp.php","meta":[],"categories":[],"tags":[],"_links":{"self":[{"href":"https:\/\/sitechecker.pro\/es\/wp-json\/wp\/v2\/pages\/1446"}],"collection":[{"href":"https:\/\/sitechecker.pro\/es\/wp-json\/wp\/v2\/pages"}],"about":[{"href":"https:\/\/sitechecker.pro\/es\/wp-json\/wp\/v2\/types\/page"}],"author":[{"embeddable":true,"href":"https:\/\/sitechecker.pro\/es\/wp-json\/wp\/v2\/users\/10504980"}],"replies":[{"embeddable":true,"href":"https:\/\/sitechecker.pro\/es\/wp-json\/wp\/v2\/comments?post=1446"}],"version-history":[{"count":77,"href":"https:\/\/sitechecker.pro\/es\/wp-json\/wp\/v2\/pages\/1446\/revisions"}],"predecessor-version":[{"id":39356,"href":"https:\/\/sitechecker.pro\/es\/wp-json\/wp\/v2\/pages\/1446\/revisions\/39356"}],"wp:featuredmedia":[{"embeddable":true,"href":"https:\/\/sitechecker.pro\/es\/wp-json\/wp\/v2\/media\/6846"}],"wp:attachment":[{"href":"https:\/\/sitechecker.pro\/es\/wp-json\/wp\/v2\/media?parent=1446"}],"wp:term":[{"taxonomy":"category","embeddable":true,"href":"https:\/\/sitechecker.pro\/es\/wp-json\/wp\/v2\/categories?post=1446"},{"taxonomy":"post_tag","embeddable":true,"href":"https:\/\/sitechecker.pro\/es\/wp-json\/wp\/v2\/tags?post=1446"}],"curies":[{"name":"wp","href":"https:\/\/api.w.org\/{rel}","templated":true}]}}