{"id":142,"date":"2017-11-14T14:42:08","date_gmt":"2017-11-14T14:42:08","guid":{"rendered":"http:\/\/test.wp.sitechecker.pro\/?page_id=142"},"modified":"2026-02-16T17:06:10","modified_gmt":"2026-02-16T17:06:10","slug":"meta-tag-description","status":"publish","type":"page","link":"https:\/\/sitechecker.pro\/es\/meta-tag-description\/","title":{"rendered":"Meta Description Length Checker | Prueba cualquier URL en el sitio web \u2611"},"content":{"rendered":"<p><\/p>\n<h2 id=\"par1\">\u00bfQu\u00e9 es el Comprobador de longitud de descripci\u00f3n de metaetiquetas?<\/h2>\n<p>El Comprobador de longitud de descripci\u00f3n de metaetiquetas de <a href=\"https:\/\/sitechecker.pro\/\" target=\"_blank\" rel=\"noopener noreferrer\">Sitechecker<\/a> es una herramienta dise\u00f1ada para analizar la longitud de las etiquetas de metadescripci\u00f3n en una p\u00e1gina web o en todo un sitio web. Le ayuda a asegurarse de que las metadescripciones se encuentren dentro de las pautas de longitud \u00f3ptimas para mejorar el rendimiento de SEO y la visibilidad en los resultados de b\u00fasqueda. Al identificar las descripciones que son demasiado cortas, demasiado largas o que faltan, esta herramienta optimiza sus metadatos para mejorar las clasificaciones en los motores de b\u00fasqueda y la participaci\u00f3n del usuario.<\/p>\n<h3>C\u00f3mo puede ayudarle la herramienta<\/h3>\n<p><strong>An\u00e1lisis de longitud de metadescripci\u00f3n: <\/strong>comprueba si las metadescripciones se encuentran dentro de los l\u00edmites de caracteres recomendados para garantizar que no sean ni demasiado cortas ni demasiado largas para un rendimiento de SEO \u00f3ptimo.<\/p>\n<p><strong>Escaneo masivo de p\u00e1ginas: <\/strong>permite a los usuarios analizar meta descripciones en varias p\u00e1ginas de un sitio web, identificando p\u00e1ginas con descripciones faltantes, demasiado cortas o demasiado largas.<\/p>\n<p><strong>Generaci\u00f3n instant\u00e1nea de informes: <\/strong>proporciona informaci\u00f3n r\u00e1pida sobre problemas de meta descripciones, lo que ayuda a los usuarios a realizar ajustes inmediatos para mejorar la visibilidad en los motores de b\u00fasqueda.<\/p>\n<h3>Caracter\u00edsticas clave de la herramienta<\/h3>\n<p><strong>Panel unificado: <\/strong>proporciona un centro centralizado donde los usuarios pueden monitorear el estado del sitio web, el rendimiento de SEO y los resultados de auditor\u00eda en tiempo real en un solo lugar, lo que garantiza un flujo de trabajo eficiente y un f\u00e1cil acceso a informaci\u00f3n cr\u00edtica.<\/p>\n<p><strong>Interfaz f\u00e1cil de usar: <\/strong>dise\u00f1ada con simplicidad y claridad, la herramienta ofrece una experiencia intuitiva, lo que la hace accesible para principiantes y profesionales de SEO sin necesidad de conocimientos t\u00e9cnicos.<\/p>\n<p><strong>Conjunto completo de herramientas de SEO: <\/strong>incluye una gama completa de herramientas de SEO, como auditor\u00eda de sitios web, seguimiento de clasificaci\u00f3n y an\u00e1lisis en la p\u00e1gina, lo que ayuda a los usuarios a optimizar sus sitios web de manera integral para un mejor rendimiento en los motores de b\u00fasqueda.<\/p>\n<h2 id=\"par2\">C\u00f3mo utilizar la herramienta<\/h2>\n<p>Para utilizar la herramienta, elija entre analizar una sola p\u00e1gina para obtener un informe instant\u00e1neo o todas las p\u00e1ginas. Haga clic en &#8220;Iniciar auditor\u00eda&#8221; para generar un informe que destaque las metadescripciones que son demasiado cortas, demasiado largas o que faltan.<\/p>\n<h2 id=\"par3\">Prueba la longitud de la descripci\u00f3n de todas las p\u00e1ginas<\/h2>\n<h3>Paso 1: selecciona una opci\u00f3n para probar todas las p\u00e1ginas<\/h3>\n<div class=\"content__img-wrap\"><img src=\"https:\/\/sitechecker.pro\/wp-content\/uploads\/2025\/02\/check-description-all-pages.png\" alt=\"Prueba la longitud de la descripci\u00f3n de todas las p\u00e1ginas\" class=\"description-img description-img-zoom\" loading=\"lazy\" ><\/div>\n<div class=\"important-block\">Para recibir resultados y acceder a las funciones de Sitechecker durante 14 d\u00edas, comienza tu prueba GRATUITA. Registrarse es f\u00e1cil con tu correo electr\u00f3nico, cuenta de Google o Facebook. No se necesita tarjeta de cr\u00e9dito.<\/div>\n<h3>Paso 2: an\u00e1lisis de resultados<\/h3>\n<p>Identifica al instante las p\u00e1ginas con meta descripciones que son demasiado cortas, demasiado largas o que faltan. Obt\u00e9n recomendaciones detalladas, visualiza las p\u00e1ginas afectadas y aplica correcciones en el c\u00f3digo para optimizar tu rendimiento SEO.<\/p>\n<div class=\"content__img-wrap\"><img src=\"https:\/\/sitechecker.pro\/wp-content\/uploads\/2025\/02\/description-length-issues.png\" alt=\"Problemas de longitud de descripci\u00f3n\" class=\"description-img description-img-zoom\" loading=\"lazy\" ><\/div>\n<h3>Funciones adicionales de la herramienta<\/h3>\n<p>M\u00e1s all\u00e1 del an\u00e1lisis de metadescripciones, acceda a informes detallados sobre problemas cr\u00edticos de SEO, estado del sitio web, indexabilidad y relevancia del contenido. Realice un seguimiento de las advertencias, las oportunidades y la puntuaci\u00f3n del sitio web para optimizar el rendimiento y mejorar la visibilidad de b\u00fasqueda.<\/p>\n<div class=\"content__img-wrap\"><img src=\"https:\/\/sitechecker.pro\/wp-content\/uploads\/2025\/02\/site-audit-issues_67bdd1f07818c.png\" alt=\"Problemas de auditor\u00eda del sitio\" class=\"description-img description-img-zoom\" loading=\"lazy\" ><\/div>\n<h2 id=\"par4\">Prueba la longitud de la meta descripci\u00f3n de la p\u00e1gina<\/h2>\n<h3>Paso 1: haz clic en la auditor\u00eda de la p\u00e1gina<\/h3>\n<div class=\"content__img-wrap\"><img src=\"https:\/\/sitechecker.pro\/wp-content\/uploads\/2025\/02\/check-description-one-page.png\" alt=\"Prueba la longitud de la meta descripci\u00f3n de la p\u00e1gina\" class=\"description-img description-img-zoom\" loading=\"lazy\" ><\/div>\n<h3>Paso 2: obt\u00e9n los resultados<\/h3>\n<p>La herramienta rastrea tu p\u00e1gina web y extrae datos de la etiqueta de meta descripci\u00f3n de tu URL. Este proceso solo lleva unos segundos, despu\u00e9s de los cuales puedes ver los resultados, incluido el recuento de descripciones de la p\u00e1gina, el metatexto y la longitud.<\/p>\n<div class=\"content__img-wrap\"><img src=\"https:\/\/sitechecker.pro\/wp-content\/uploads\/2025\/02\/description-check-results.png\" alt=\"Resultados de la comprobaci\u00f3n de la descripci\u00f3n\" class=\"description-img description-img-zoom\" loading=\"lazy\" ><\/div>\n<p>Visite la secci\u00f3n Auditor\u00eda del sitio para explorar todas las capacidades de la herramienta. Pruebe la versi\u00f3n demo para ver c\u00f3mo Sitechecker detecta y soluciona problemas t\u00e9cnicos clave de SEO.<\/p>\n<div class=\"content__img-wrap\"><img src=\"https:\/\/sitechecker.pro\/wp-content\/uploads\/2025\/02\/sitechecker-site-audit.png\" alt=\"Auditor\u00eda del sitio de Sitechecker\" class=\"description-img description-img-zoom\" loading=\"lazy\" ><\/div>\n<h3>Funciones adicionales del an\u00e1lisis de la longitud de la metadescripci\u00f3n<\/h3>\n<p>Obtenga un an\u00e1lisis detallado de problemas cr\u00edticos, datos estructurados, im\u00e1genes y rendimiento de PageSpeed. Haga clic en el men\u00fa Navegaci\u00f3n de la p\u00e1gina para consultar Descripci\u00f3n general de problemas, Datos estructurados, Im\u00e1genes, Optimizaci\u00f3n de b\u00fasqueda, Enlaces y PageSpeed \u200b\u200bInsights.<\/p>\n<div class=\"content__img-wrap\"><img src=\"https:\/\/sitechecker.pro\/wp-content\/uploads\/2025\/02\/issues-overview_67bdd1edc76a7.png\" alt=\"Descripci\u00f3n general de los problemas\" class=\"description-img description-img-zoom\" loading=\"lazy\" ><\/div>\n<h2 id=\"par5\">Idea final<\/h2>\n<p>El verificador de longitud de descripci\u00f3n de metaetiquetas analiza las metadescripciones de una p\u00e1gina web o de todo un sitio web para garantizar que cumplan con las pautas \u00f3ptimas de SEO. Detecta descripciones faltantes, cortas o largas y proporciona informes instant\u00e1neos para soluciones r\u00e1pidas. Los usuarios pueden escanear varias p\u00e1ginas, revisar problemas clave de SEO y optimizar los metadatos para obtener mejores clasificaciones. Con un panel unificado, una interfaz f\u00e1cil de usar y un conjunto completo de herramientas de SEO, la herramienta simplifica las auditor\u00edas de sitios web. Pruebe la funci\u00f3n de auditor\u00eda de sitios para explorar informaci\u00f3n detallada, incluidos datos estructurados, PageSpeed \u200b\u200be indexabilidad.<\/p>\n<div id=\"par6\"><\/div>\n<p><div class=\"front__faq-block\"><div class=\"faq__block-title\">Preguntas frecuentes<\/div><div class=\"panel-group\" id=\"faq-accordion\" itemscope itemtype=\"https:\/\/schema.org\/FAQPage\" role=\"tablist\" aria-multiselectable=\"true\"><div class=\"panel\" itemscope itemtype=\"https:\/\/schema.org\/Question\" itemprop=\"mainEntity\">\n                            <div class=\"panel-heading\" id=\"headingFaq-1\">\n                                <div class=\"panel-title\" data-toggle=\"collapse\" aria-expanded=\"false\" href=\"#collapseFaq-1\">\n                                    <h3 itemprop=\"name\">\u00bfCu\u00e1l es la longitud ideal de una metadescripci\u00f3n?<\/h3>\n                                <\/div>\n                            <\/div>\n                            <div id=\"collapseFaq-1\" class=\"panel-collapse collapse\" itemprop=\"acceptedAnswer\" itemscope itemtype=\"http:\/\/schema.org\/Answer\">\n                                <div class=\"panel-body\" itemprop=\"text\">La longitud recomendada para una metadescripci\u00f3n es de entre 150 y 160 caracteres para garantizar que se muestre completamente en los resultados de b\u00fasqueda sin truncarse.<\/div>\n                            <\/div>\n                        <\/div><div class=\"panel\" itemscope itemtype=\"https:\/\/schema.org\/Question\" itemprop=\"mainEntity\">\n                            <div class=\"panel-heading\" id=\"headingFaq-2\">\n                                <div class=\"panel-title\" data-toggle=\"collapse\" aria-expanded=\"false\" href=\"#collapseFaq-2\">\n                                    <h3 itemprop=\"name\">\u00bfPuede esta herramienta detectar metadescripciones faltantes?<\/h3>\n                                <\/div>\n                            <\/div>\n                            <div id=\"collapseFaq-2\" class=\"panel-collapse collapse\" itemprop=\"acceptedAnswer\" itemscope itemtype=\"http:\/\/schema.org\/Answer\">\n                                <div class=\"panel-body\" itemprop=\"text\">S\u00ed, la herramienta escanea las p\u00e1ginas web e identifica las meta descripciones faltantes, demasiado cortas o excesivamente largas, lo que le ayuda a optimizarlas para un mejor rendimiento de SEO.<\/div>\n                            <\/div>\n                        <\/div><div class=\"panel\" itemscope itemtype=\"https:\/\/schema.org\/Question\" itemprop=\"mainEntity\">\n                            <div class=\"panel-heading\" id=\"headingFaq-3\">\n                                <div class=\"panel-title\" data-toggle=\"collapse\" aria-expanded=\"false\" href=\"#collapseFaq-3\">\n                                    <h3 itemprop=\"name\">\u00bfLa herramienta proporciona informaci\u00f3n en tiempo real?<\/h3>\n                                <\/div>\n                            <\/div>\n                            <div id=\"collapseFaq-3\" class=\"panel-collapse collapse\" itemprop=\"acceptedAnswer\" itemscope itemtype=\"http:\/\/schema.org\/Answer\">\n                                <div class=\"panel-body\" itemprop=\"text\">S\u00ed, la herramienta genera un informe instant\u00e1neo despu\u00e9s de escanear su p\u00e1gina, lo que le permite ver y abordar r\u00e1pidamente cualquier problema de meta descripci\u00f3n.<\/div>\n                            <\/div>\n                        <\/div><div class=\"panel\" itemscope itemtype=\"https:\/\/schema.org\/Question\" itemprop=\"mainEntity\">\n                            <div class=\"panel-heading\" id=\"headingFaq-4\">\n                                <div class=\"panel-title\" data-toggle=\"collapse\" aria-expanded=\"false\" href=\"#collapseFaq-4\">\n                                    <h3 itemprop=\"name\">\u00bfPuedo analizar varias p\u00e1ginas a la vez?<\/h3>\n                                <\/div>\n                            <\/div>\n                            <div id=\"collapseFaq-4\" class=\"panel-collapse collapse\" itemprop=\"acceptedAnswer\" itemscope itemtype=\"http:\/\/schema.org\/Answer\">\n                                <div class=\"panel-body\" itemprop=\"text\">S\u00ed, la funci\u00f3n de escaneo masivo de p\u00e1ginas le permite verificar las meta descripciones en todo su sitio web, identificando problemas en varias p\u00e1ginas en una sola auditor\u00eda.<\/div>\n                            <\/div>\n                        <\/div><div class=\"panel\" itemscope itemtype=\"https:\/\/schema.org\/Question\" itemprop=\"mainEntity\">\n                            <div class=\"panel-heading\" id=\"headingFaq-5\">\n                                <div class=\"panel-title\" data-toggle=\"collapse\" aria-expanded=\"false\" href=\"#collapseFaq-5\">\n                                    <h3 itemprop=\"name\">\u00bfC\u00f3mo mejora esta herramienta las clasificaciones de SEO?<\/h3>\n                                <\/div>\n                            <\/div>\n                            <div id=\"collapseFaq-5\" class=\"panel-collapse collapse\" itemprop=\"acceptedAnswer\" itemscope itemtype=\"http:\/\/schema.org\/Answer\">\n                                <div class=\"panel-body\" itemprop=\"text\">Al garantizar que las meta descripciones cumplan con las pautas de longitud \u00f3ptimas, contengan palabras clave relevantes y est\u00e9n estructuradas correctamente, la herramienta mejora la visibilidad en los motores de b\u00fasqueda y las tasas de clics (CTR).<\/div>\n                            <\/div>\n                        <\/div><div class=\"panel\" itemscope itemtype=\"https:\/\/schema.org\/Question\" itemprop=\"mainEntity\">\n                            <div class=\"panel-heading\" id=\"headingFaq-6\">\n                                <div class=\"panel-title\" data-toggle=\"collapse\" aria-expanded=\"false\" href=\"#collapseFaq-6\">\n                                    <h3 itemprop=\"name\">\u00bfQu\u00e9 otras perspectivas de SEO ofrece esta herramienta?<\/h3>\n                                <\/div>\n                            <\/div>\n                            <div id=\"collapseFaq-6\" class=\"panel-collapse collapse\" itemprop=\"acceptedAnswer\" itemscope itemtype=\"http:\/\/schema.org\/Answer\">\n                                <div class=\"panel-body\" itemprop=\"text\">M\u00e1s all\u00e1 del an\u00e1lisis de la meta descripci\u00f3n, la herramienta proporciona informaci\u00f3n sobre la salud del sitio web, la indexabilidad, los datos estructurados, PageSpeed  y la relevancia del contenido.<\/div>\n                            <\/div>\n                        <\/div><\/div><\/div><\/p>","protected":false},"excerpt":{"rendered":"\u00bfQu\u00e9 es el Comprobador de longitud de descripci\u00f3n de metaetiquetas? El Comprobador de longitud de descripci\u00f3n de metaetiquetas de Sitechecker es una herramienta dise\u00f1ada para analizar la longitud de las etiquetas de metadescripci\u00f3n en una p\u00e1gina web o en todo un sitio web. Le ayuda a asegurarse de que las metadescripciones se encuentren dentro de&#8230;","protected":false},"author":10409641,"featured_media":3439,"parent":0,"menu_order":0,"comment_status":"closed","ping_status":"closed","template":"pages-templates\/pages-minitools-3.php","meta":[],"categories":[70],"tags":[],"_links":{"self":[{"href":"https:\/\/sitechecker.pro\/es\/wp-json\/wp\/v2\/pages\/142"}],"collection":[{"href":"https:\/\/sitechecker.pro\/es\/wp-json\/wp\/v2\/pages"}],"about":[{"href":"https:\/\/sitechecker.pro\/es\/wp-json\/wp\/v2\/types\/page"}],"author":[{"embeddable":true,"href":"https:\/\/sitechecker.pro\/es\/wp-json\/wp\/v2\/users\/10409641"}],"replies":[{"embeddable":true,"href":"https:\/\/sitechecker.pro\/es\/wp-json\/wp\/v2\/comments?post=142"}],"version-history":[{"count":108,"href":"https:\/\/sitechecker.pro\/es\/wp-json\/wp\/v2\/pages\/142\/revisions"}],"predecessor-version":[{"id":39300,"href":"https:\/\/sitechecker.pro\/es\/wp-json\/wp\/v2\/pages\/142\/revisions\/39300"}],"wp:featuredmedia":[{"embeddable":true,"href":"https:\/\/sitechecker.pro\/es\/wp-json\/wp\/v2\/media\/3439"}],"wp:attachment":[{"href":"https:\/\/sitechecker.pro\/es\/wp-json\/wp\/v2\/media?parent=142"}],"wp:term":[{"taxonomy":"category","embeddable":true,"href":"https:\/\/sitechecker.pro\/es\/wp-json\/wp\/v2\/categories?post=142"},{"taxonomy":"post_tag","embeddable":true,"href":"https:\/\/sitechecker.pro\/es\/wp-json\/wp\/v2\/tags?post=142"}],"curies":[{"name":"wp","href":"https:\/\/api.w.org\/{rel}","templated":true}]}}