{"id":1407,"date":"2018-02-05T12:02:10","date_gmt":"2018-02-05T12:02:10","guid":{"rendered":"https:\/\/sitechecker.pro\/?page_id=1407"},"modified":"2025-08-07T12:21:51","modified_gmt":"2025-08-07T12:21:51","slug":"xml-sitemap","status":"publish","type":"page","link":"https:\/\/sitechecker.pro\/es\/xml-sitemap\/","title":{"rendered":"Generador de Palabras Clave: prueba si se encuentra tu mapa de sitio Xml \u1408"},"content":{"rendered":"<p><\/p>\n<h2 id=\"par1\">\u00bfQu\u00e9 es un comprobador de sitemaps?<\/h2>\n<p>XML Sitemap Finder es una herramienta para comprobar si un sitio tiene un mapa XML.<\/p>\n<p>Puedes utilizar Google Sitemap Checker para comprobar si tu sitio web tiene un <a href=\"https:\/\/sitechecker.pro\/what-is-sitemap\/\" target=\"_blank\" rel=\"noopener noreferrer\">mapa XML del sitio web<\/a> y para identificar cualquiera de sus errores. Si la herramienta encuentra alg\u00fan error, le indicar\u00e1 c\u00f3mo solucionarlo.<\/p>\n<h3>El Comprobador de Sitemap XML puede ayudarle en varias \u00e1reas clave:<\/h3>\n<ul>\n<li>Verifica la presencia de un archivo XML en su sitio.<\/li>\n<li>Detecta cualquier problema dentro del archivo xml del mapa de tu sitio web.<\/li>\n<li>Mejora la eficiencia con la que los motores de b\u00fasqueda indexan su sitio.<\/li>\n<\/ul>\n<h3>Caracter\u00edsticas principales de Sitemap Tester<\/h3>\n<p><strong>Dashboard unificado. <\/strong> Un panel de control unificado proporciona una \u00fanica vista de los datos t\u00e9cnicos de SEO, lo que facilita el seguimiento y la gesti\u00f3n de su rendimiento.<\/p>\n<p><strong>Interfaz f\u00e1cil de usar. <\/strong>La interfaz f\u00e1cil de usar hace que sea f\u00e1cil de usar Sitechecker, incluso si usted no es un experto t\u00e9cnico.<\/p>\n<p><strong>Completo conjunto de herramientas SEO. <\/strong>The Sitemap Lookup Tool forma parte de un completo conjunto de herramientas SEO que pueden ayudarle a mejorar el posicionamiento de su sitio web en las p\u00e1ginas de resultados de los motores de b\u00fasqueda (SERPs).<\/p>\n<h2 id=\"par2\">C\u00f3mo utilizar el buscador de sitemaps XML<\/h2>\n<p>Afortunadamente, no hay necesidad de comprobar manualmente el c\u00f3digo de su sitio web para saber si tiene el archivo que enumera las p\u00e1ginas esenciales de un sitio web. Con la ayuda de Sitemap Detector, puede buscar cualquier sitio para obtener esta informaci\u00f3n.<\/p>\n<h3>Paso 1: Introduzca su nombre de dominio<\/h3>\n<p>El primer paso es introducir la URL de tu sitio web:<\/p>\n<div class=\"content__img-wrap\"><img src=\"https:\/\/sitechecker.pro\/wp-content\/uploads\/2023\/11\/xml-sitemap-checker.png\" alt=\"XML Sitemap Checker\" class=\"description-img description-img-zoom\" loading=\"lazy\" ><\/div>\n<div class=\"important-block\">Para recibir los resultados y el acceso a Sitechecker&apos;s caracter\u00edsticas durante 14 d\u00edas, inicie su prueba gratuita. Registrarse es f\u00e1cil con su correo electr\u00f3nico, Google, o cuenta de Facebook. No se necesita tarjeta de cr\u00e9dito.<\/div>\n<h3>Paso 2: Interpretaci\u00f3n de los resultados del comprobador de sitechecker<\/h3>\n<p>El an\u00e1lisis que realizas genera una auditor\u00eda del sitio para el dominio que introduzcas. En la categor\u00eda &#8220;Mapas de sitio XML&#8221;, puede encontrar problemas que pueden provocar el rastreo de URL no 200 o la ausencia de p\u00e1ginas con tr\u00e1fico de b\u00fasqueda en los mapas XML. Haz clic en cualquier problema para ver las p\u00e1ginas afectadas, las gu\u00edas de soluci\u00f3n y las indicaciones en el c\u00f3digo.<\/p>\n<div class=\"content__img-wrap\"><img src=\"https:\/\/sitechecker.pro\/wp-content\/uploads\/2023\/11\/sitemap-checker-results.png\" alt=\"Resultados del comprobador de sitemaps\" class=\"description-img description-img-zoom\" loading=\"lazy\" ><\/div>\n<p>El comprobador de sitemap le permite identificar errores de sitemap y obtener instrucciones sobre c\u00f3mo solucionarlos para reducir el efecto de los errores de sitemap en su indexaci\u00f3n:<\/p>\n<ul>\n<li> URL sin c\u00f3digo de estado 2xx en el mapa del sitio (<a href=\"https:\/\/sitechecker.pro\/what-are-3xx-status-codes\/\" target=\"_blank\" rel=\"noopener noreferrer\">3xx redirects<\/a>, <a href=\"https:\/\/sitechecker.pro\/site-audit-issues\/page-sitemap-timed\/\" target=\"_blank\" rel=\"noopener noreferrer\">5xx errores de servidor<\/a>, <a href=\"https:\/\/sitechecker.pro\/what-are-4xx-status-codes\/\" target=\"_blank\" rel=\"noopener noreferrer\">4xx errores<\/a>)<\/li>\n<li><a href=\"https:\/\/sitechecker.pro\/site-audit-issues\/noindex-page-sitemap\/\" target=\"_blank\" rel=\"noopener noreferrer\">Red no indexada<\/a> y URL no permitida<\/li>\n<li>\n<li><a href=\"https:\/\/sitechecker.pro\/site-audit-issues\/robots-without-link-xml-sitemap\/\" target=\"_blank\" rel=\"noopener noreferrer\">Archivo robots.txt sin enlace a mapa del sitio XML<\/a>, URL en varios XML, <a href=\"https:\/\/sitechecker.pro\/site-audit-issues\/sitemap-xml-files-large\/\" target=\"_blank\" rel=\"noopener noreferrer\">Archivo sitemap.xml demasiado grande<\/a>, etc.<\/li>\n<li><a href=\"https:\/\/sitechecker.pro\/site-audit-issues\/robots-without-link-xml-sitemap\/\" target=\"_blank\" rel=\"noopener noreferrer\">Demasiado grande<\/a>, etc.\n<\/ul>\n<div class=\"content__img-wrap\"><img src=\"https:\/\/sitechecker.pro\/wp-content\/uploads\/2023\/11\/sitemap-checker-view-issue.png\" alt=\"Sitemap Checker View Issue\" class=\"description-img description-img-zoom\" loading=\"lazy\" ><\/div>\n<p>Adem\u00e1s, ofrecemos funciones espec\u00edficas en caso de que no est\u00e9 seguro de si todas las p\u00e1ginas est\u00e1n incluidas en su sitemap, o si simplemente desea utilizar nuestra herramienta como un validador de sitemap XML. Utilice las pesta\u00f1as &#8220;Exportar&#8221; y &#8220;Generar mapa del sitio&#8221; para seleccionar los tipos de URL por c\u00f3digo de estado que deben incluirse en su mapa.<\/p>\n<div class=\"content__img-wrap\"><img src=\"https:\/\/sitechecker.pro\/wp-content\/uploads\/2023\/11\/generate-sitemap.png\" alt=\"Generar mapa del sitio\" class=\"description-img description-img-zoom\" loading=\"lazy\" ><\/div>\n<h3>Caracter\u00edsticas adicionales de XML sitemap checker<\/h3>\n<p>Despu\u00e9s de rastrear el sitio, tambi\u00e9n recibir\u00e1 un completo informe de auditor\u00eda del sitio, en el que se destacan los posibles problemas y se proporcionan instrucciones sobre c\u00f3mo solucionarlos. El informe se clasifica por tipo o categor\u00eda de problema, lo que le permite abordar eficazmente los problemas m\u00e1s cruciales para el \u00e9xito de su sitio.<\/p>\n<div class=\"content__img-wrap\"><img src=\"https:\/\/sitechecker.pro\/wp-content\/uploads\/2023\/11\/sitemap-checker-issues-list.png\" alt=\"Lista de problemas del verificador de sitemaps\" class=\"description-img description-img-zoom\" loading=\"lazy\" ><\/div>\n<p>Si hace clic en el bot\u00f3n &#8220;Ver todas las p\u00e1ginas&#8221;, podr\u00e1 identificar problemas en p\u00e1ginas individuales. Ordene los problemas por prioridades o categor\u00edas o a\u00f1ada manualmente datos a las p\u00e1ginas que le interesen.<\/p>\n<div class=\"content__img-wrap\"><img src=\"https:\/\/sitechecker.pro\/wp-content\/uploads\/2023\/11\/sitemap-checker-all-html-pages.png\" alt=\"Comprobador de Sitemap Todas las p\u00e1ginas HTML\" class=\"description-img description-img-zoom\" loading=\"lazy\" ><\/div>\n<h2 id=\"par3\">Idea Final<\/h2>\n<p>Website Sitemap Checker es una herramienta dise\u00f1ada para asegurar que un sitio tiene un archivo XML, identificar cualquier error presente, y ayudar a mejorar la eficiencia de indexaci\u00f3n del motor de b\u00fasqueda del sitio. Ofrece una interfaz f\u00e1cil de usar dentro de un panel de control unificado para facilitar la gesti\u00f3n SEO, como parte de un conjunto completo de herramientas SEO. La herramienta simplifica el proceso de comprobaci\u00f3n de un mapa del sitio introduciendo un nombre de dominio y analizando los resultados, que incluyen un completo informe de auditor\u00eda con instrucciones detalladas para solucionar los problemas identificados. Esto ayuda a mantener un sitio bien estructurado y optimizado para SEO.<\/p>\n<div id=\"par4\"><\/div>\n<p><div class=\"front__faq-block\"><div class=\"faq__block-title\">FAQ<\/div><div class=\"panel-group\" id=\"faq-accordion\" itemscope itemtype=\"https:\/\/schema.org\/FAQPage\" role=\"tablist\" aria-multiselectable=\"true\"><div class=\"panel\" itemscope itemtype=\"https:\/\/schema.org\/Question\" itemprop=\"mainEntity\">\n                            <div class=\"panel-heading\" id=\"headingFaq-1\">\n                                <div class=\"panel-title\" data-toggle=\"collapse\" aria-expanded=\"false\" href=\"#collapseFaq-1\">\n                                    <h3 itemprop=\"name\">\u00bfC\u00f3mo comprobar el mapa del sitio en XML?<\/h3>\n                                <\/div>\n                            <\/div>\n                            <div id=\"collapseFaq-1\" class=\"panel-collapse collapse\" itemprop=\"acceptedAnswer\" itemscope itemtype=\"http:\/\/schema.org\/Answer\">\n                                <div class=\"panel-body\" itemprop=\"text\">Utiliza una herramienta gratuita de comprobaci\u00f3n del mapa del sitio en l\u00ednea o accede a <strong>tudominio.com\/sitemap.xml<\/strong> en tu navegador web.<\/div>\n                            <\/div>\n                        <\/div><div class=\"panel\" itemscope itemtype=\"https:\/\/schema.org\/Question\" itemprop=\"mainEntity\">\n                            <div class=\"panel-heading\" id=\"headingFaq-2\">\n                                <div class=\"panel-title\" data-toggle=\"collapse\" aria-expanded=\"false\" href=\"#collapseFaq-2\">\n                                    <h3 itemprop=\"name\">\u00bfC\u00f3mo compruebo los errores del mapa del sitio?<\/h3>\n                                <\/div>\n                            <\/div>\n                            <div id=\"collapseFaq-2\" class=\"panel-collapse collapse\" itemprop=\"acceptedAnswer\" itemscope itemtype=\"http:\/\/schema.org\/Answer\">\n                                <div class=\"panel-body\" itemprop=\"text\">Utilice herramientas para webmasters como Sitechecker Sitemap detector o Google Search Console para identificar y solucionar errores en su \u00edndice o \u00e1rbol del sitio.<\/div>\n                            <\/div>\n                        <\/div><div class=\"panel\" itemscope itemtype=\"https:\/\/schema.org\/Question\" itemprop=\"mainEntity\">\n                            <div class=\"panel-heading\" id=\"headingFaq-3\">\n                                <div class=\"panel-title\" data-toggle=\"collapse\" aria-expanded=\"false\" href=\"#collapseFaq-3\">\n                                    <h3 itemprop=\"name\">\u00bfExiste un l\u00edmite en el n\u00famero de URL que puedo incluir en mi archivo XML?<\/h3>\n                                <\/div>\n                            <\/div>\n                            <div id=\"collapseFaq-3\" class=\"panel-collapse collapse\" itemprop=\"acceptedAnswer\" itemscope itemtype=\"http:\/\/schema.org\/Answer\">\n                                <div class=\"panel-body\" itemprop=\"text\">S\u00ed, un \u00fanico archivo XML puede contener enlaces a un m\u00e1ximo de 50.000 URL. Si su sitio es m\u00e1s grande, tendr\u00e1 que crear varios archivos de mapa del sitio y enlazarlos entre s\u00ed.<\/div>\n                            <\/div>\n                        <\/div><\/div><\/div><\/p>","protected":false},"excerpt":{"rendered":"\u00bfQu\u00e9 es un comprobador de sitemaps? XML Sitemap Finder es una herramienta para comprobar si un sitio tiene un mapa XML. Puedes utilizar Google Sitemap Checker para comprobar si tu sitio web tiene un mapa XML del sitio web y para identificar cualquiera de sus errores. Si la herramienta encuentra alg\u00fan error, le indicar\u00e1 c\u00f3mo&#8230;","protected":false},"author":10409641,"featured_media":3440,"parent":0,"menu_order":0,"comment_status":"closed","ping_status":"closed","template":"pages-templates\/pages-minitools.php","meta":[],"categories":[73],"tags":[],"_links":{"self":[{"href":"https:\/\/sitechecker.pro\/es\/wp-json\/wp\/v2\/pages\/1407"}],"collection":[{"href":"https:\/\/sitechecker.pro\/es\/wp-json\/wp\/v2\/pages"}],"about":[{"href":"https:\/\/sitechecker.pro\/es\/wp-json\/wp\/v2\/types\/page"}],"author":[{"embeddable":true,"href":"https:\/\/sitechecker.pro\/es\/wp-json\/wp\/v2\/users\/10409641"}],"replies":[{"embeddable":true,"href":"https:\/\/sitechecker.pro\/es\/wp-json\/wp\/v2\/comments?post=1407"}],"version-history":[{"count":84,"href":"https:\/\/sitechecker.pro\/es\/wp-json\/wp\/v2\/pages\/1407\/revisions"}],"predecessor-version":[{"id":38179,"href":"https:\/\/sitechecker.pro\/es\/wp-json\/wp\/v2\/pages\/1407\/revisions\/38179"}],"wp:featuredmedia":[{"embeddable":true,"href":"https:\/\/sitechecker.pro\/es\/wp-json\/wp\/v2\/media\/3440"}],"wp:attachment":[{"href":"https:\/\/sitechecker.pro\/es\/wp-json\/wp\/v2\/media?parent=1407"}],"wp:term":[{"taxonomy":"category","embeddable":true,"href":"https:\/\/sitechecker.pro\/es\/wp-json\/wp\/v2\/categories?post=1407"},{"taxonomy":"post_tag","embeddable":true,"href":"https:\/\/sitechecker.pro\/es\/wp-json\/wp\/v2\/tags?post=1407"}],"curies":[{"name":"wp","href":"https:\/\/api.w.org\/{rel}","templated":true}]}}