{"id":1291,"date":"2018-01-23T10:43:33","date_gmt":"2018-01-23T10:43:33","guid":{"rendered":"https:\/\/sitechecker.pro\/?page_id=1291"},"modified":"2025-02-24T13:05:38","modified_gmt":"2025-02-24T13:05:38","slug":"open-graph","status":"publish","type":"page","link":"https:\/\/sitechecker.pro\/es\/open-graph\/","title":{"rendered":"Open Graph Checker \u2611 Validar y Previsualizar Etiquetas OG"},"content":{"rendered":"<p><\/p>\n<h2 id=\"par1\">\u00bfQu\u00e9 es el Validador de Open Graph?<\/h2>\n<p>El Verificador de Open Graph de <a href=\"https:\/\/sitechecker.pro\/\" target=\"_blank\" rel=\"noopener noreferrer\">Sitechecker<\/a> analiza las etiquetas de Open Graph para garantizar la generaci\u00f3n adecuada de fragmentos de redes sociales. Ofrece una verificaci\u00f3n de una sola p\u00e1gina para la verificaci\u00f3n instant\u00e1nea de etiquetas y una auditor\u00eda de todo el sitio para detectar etiquetas faltantes y problemas con los fragmentos, y proporciona un seguimiento continuo.<\/p>\n<h3>C\u00f3mo puede ayudarle la herramienta<\/h3>\n<p><strong>Verificar la implementaci\u00f3n de Open Graph: <\/strong>garantiza que las etiquetas OG est\u00e9n configuradas correctamente para una \u00f3ptima compartici\u00f3n en redes sociales.<\/p>\n<p><strong>Detectar etiquetas faltantes o incorrectas: <\/strong>identificar etiquetas de Open Graph ausentes, incompletas o configuradas incorrectamente que afecten las vistas previas de los enlaces.<\/p>\n<p><strong>Analice el rendimiento de los fragmentos de las redes sociales: <\/strong>prueba c\u00f3mo aparecen las p\u00e1ginas web en las plataformas de redes sociales y destaca los problemas que pueden afectar la interacci\u00f3n.<\/p>\n<h3>Caracter\u00edsticas clave de la herramienta<\/h3>\n<p><strong>Panel unificado: <\/strong>ofrece una vista centralizada del rendimiento del sitio web, las m\u00e9tricas de SEO y el seguimiento de problemas en un solo lugar.<\/p>\n<p><strong>Interfaz f\u00e1cil de usar: <\/strong>dise\u00f1ada para facilitar su uso con navegaci\u00f3n intuitiva, informes claros e informaci\u00f3n \u00fatil.<\/p>\n<p><strong>Conjunto completo de herramientas de SEO: <\/strong>ofrece un conjunto completo de herramientas de SEO, que incluyen auditor\u00edas de sitios web, seguimiento de clasificaci\u00f3n y monitoreo de sitios web.<\/p>\n<h2 id=\"par2\">C\u00f3mo usar el probador de Open Graph<\/h2>\n<p>Para usar la herramienta, comience seleccionando una opci\u00f3n de auditor\u00eda. Elija &#8220;Probar Open Graph en una p\u00e1gina&#8221; para una verificaci\u00f3n instant\u00e1nea de una URL espec\u00edfica o &#8220;Probar Open Graph en todas las p\u00e1ginas&#8221; para escanear todo su sitio web. Una vez seleccionado, haz clic en &#8220;Iniciar auditor\u00eda&#8221; para analizar las etiquetas OG y detectar cualquier problema que afecte las vistas previas de las redes sociales.<\/p>\n<h2 id=\"par3\">Prueba Open Graph en todas las p\u00e1ginas<\/h2>\n<h3>Paso 1: elige la opci\u00f3n de auditor\u00eda &#8220;Prueba Open Graph en todas las p\u00e1ginas&#8221;<\/h3>\n<div class=\"content__img-wrap\"><img src=\"https:\/\/sitechecker.pro\/wp-content\/uploads\/2025\/02\/test-open-graph-all-pages.png\" alt=\"Prueba Open Graph en todas las p\u00e1ginas\" class=\"description-img description-img-zoom\" loading=\"lazy\" ><\/div>\n<div class=\"important-block\">Para recibir resultados y acceder a las funciones de Sitechecker durante 14 d\u00edas, comienza tu prueba GRATUITA. Registrarse es f\u00e1cil con tu correo electr\u00f3nico, cuenta de Google o Facebook. No se necesita tarjeta de cr\u00e9dito.<\/div>\n<h3>Paso 2: obt\u00e9n los resultados<\/h3>\n<p>Obt\u00e9n informaci\u00f3n instant\u00e1nea sobre c\u00f3mo aparecen tus p\u00e1ginas en las redes sociales. Identifique las etiquetas Open Graph faltantes o incorrectas, obtenga una vista previa de c\u00f3mo se ver\u00e1n los enlaces cuando se compartan y reciba recomendaciones pr\u00e1cticas para optimizar la interacci\u00f3n y las tasas de clics.<\/p>\n<div class=\"content__img-wrap\"><img src=\"https:\/\/sitechecker.pro\/wp-content\/uploads\/2025\/02\/fix-social-media-issues.png\" alt=\"Solucione problemas de redes sociales\" class=\"description-img description-img-zoom\" loading=\"lazy\" ><\/div>\n<h3>Caracter\u00edsticas adicionales de la herramienta<\/h3>\n<p>Descubra problemas cr\u00edticos de SEO que afectan la visibilidad y la experiencia del usuario de su sitio. Analice \u00e1reas problem\u00e1ticas categorizadas, incluida la presencia en redes sociales, la indexabilidad, la velocidad de la p\u00e1gina, la seguridad y m\u00e1s. Obtenga informaci\u00f3n sobre las p\u00e1ginas afectadas, priorice las correcciones y optimice su sitio web para un mejor rendimiento y participaci\u00f3n.<\/p>\n<div class=\"content__img-wrap\"><img src=\"https:\/\/sitechecker.pro\/wp-content\/uploads\/2025\/02\/site-audit-issues_67bc52cd4af2b.png\" alt=\"Problemas de auditor\u00eda del sitio\" class=\"description-img description-img-zoom\" loading=\"lazy\" ><\/div>\n<h2 id=\"par4\">Prueba de Open Graph en la p\u00e1gina<\/h2>\n<h3>Paso 1: Una vez que hayas seleccionado la opci\u00f3n preferida, haz clic en &#8220;Iniciar auditor\u00eda&#8221; para continuar<\/h3>\n<div class=\"content__img-wrap\"><img src=\"https:\/\/sitechecker.pro\/wp-content\/uploads\/2025\/02\/test-open-graph-one-page.png\" alt=\"Prueba de Open Graph en una p\u00e1gina\" class=\"description-img description-img-zoom\" loading=\"lazy\" ><\/div>\n<h3>Paso 2: Obt\u00e9n los resultados<\/h3>\n<p>Verifica al instante si el marcado OG est\u00e1 presente en una p\u00e1gina. Detecta las etiquetas faltantes, garantiza la generaci\u00f3n adecuada de la vista previa en las redes sociales y optimiza el uso compartido de contenido para una mejor interacci\u00f3n en la plataforma.<\/p>\n<div class=\"content__img-wrap\"><img src=\"https:\/\/sitechecker.pro\/wp-content\/uploads\/2025\/02\/open-graph-results.png\" alt=\"Resultados de Open Graph\" class=\"description-img description-img-zoom\" loading=\"lazy\" ><\/div>\n<p>Desbloquee todo el potencial de Sitechecker explorando la secci\u00f3n Auditor\u00eda del sitio. Pruebe la versi\u00f3n demo para ver c\u00f3mo detecta y corrige problemas t\u00e9cnicos cr\u00edticos de SEO de manera eficiente.<\/p>\n<div class=\"content__img-wrap\"><img src=\"https:\/\/sitechecker.pro\/wp-content\/uploads\/2025\/02\/site-audit_67bc52ca5722d.png\" alt=\"Auditor\u00eda del sitio\" class=\"description-img description-img-zoom\" loading=\"lazy\" ><\/div>\n<h3>Funciones adicionales de la auditor\u00eda de p\u00e1ginas<\/h3>\n<p>Obtenga una descripci\u00f3n general completa del estado de SEO de su p\u00e1gina, incluidas las advertencias y los problemas cr\u00edticos. Identifique problemas como robots.txt faltantes, informaci\u00f3n de PageSpeed \u200b\u200by brechas en la optimizaci\u00f3n del contenido. Navegue f\u00e1cilmente por los datos estructurados, los enlaces y el rendimiento de b\u00fasqueda para mejorar la visibilidad del sitio y la experiencia del usuario.<\/p>\n<div class=\"content__img-wrap\"><img src=\"https:\/\/sitechecker.pro\/wp-content\/uploads\/2025\/02\/issues-overview_67bc52c3c3117.png\" alt=\"Descripci\u00f3n general de los problemas\" class=\"description-img description-img-zoom\" loading=\"lazy\" ><\/div>\n<h2 id=\"par5\">Idea final<\/h2>\n<p>El verificador de Open Graph es una herramienta poderosa para garantizar que los fragmentos de las redes sociales de su sitio web est\u00e9n optimizados correctamente. Ya sea que realice una verificaci\u00f3n r\u00e1pida de una sola p\u00e1gina o una auditor\u00eda integral de todo el sitio, ayuda a identificar etiquetas Open Graph faltantes o incorrectas, obtiene una vista previa de c\u00f3mo aparecen los enlaces cuando se comparten y brinda recomendaciones pr\u00e1cticas para mejorar la participaci\u00f3n y las tasas de clics.<\/p>\n<div id=\"par6\"><\/div>\n<p><div class=\"front__faq-block\"><div class=\"faq__block-title\">Preguntas frecuentes<\/div><div class=\"panel-group\" id=\"faq-accordion\" itemscope itemtype=\"https:\/\/schema.org\/FAQPage\" role=\"tablist\" aria-multiselectable=\"true\"><div class=\"panel\" itemscope itemtype=\"https:\/\/schema.org\/Question\" itemprop=\"mainEntity\">\n                            <div class=\"panel-heading\" id=\"headingFaq-1\">\n                                <div class=\"panel-title\" data-toggle=\"collapse\" aria-expanded=\"false\" href=\"#collapseFaq-1\">\n                                    <h3 itemprop=\"name\">\u00bfPuedo probar las etiquetas Open Graph para una sola p\u00e1gina y un sitio web completo?<\/h3>\n                                <\/div>\n                            <\/div>\n                            <div id=\"collapseFaq-1\" class=\"panel-collapse collapse\" itemprop=\"acceptedAnswer\" itemscope itemtype=\"http:\/\/schema.org\/Answer\">\n                                <div class=\"panel-body\" itemprop=\"text\">S\u00ed, puede elegir entre una verificaci\u00f3n de una sola p\u00e1gina para una verificaci\u00f3n instant\u00e1nea de las etiquetas Open Graph o una auditor\u00eda de todo el sitio para detectar etiquetas faltantes y problemas de fragmentos en todas las p\u00e1ginas.<\/div>\n                            <\/div>\n                        <\/div><div class=\"panel\" itemscope itemtype=\"https:\/\/schema.org\/Question\" itemprop=\"mainEntity\">\n                            <div class=\"panel-heading\" id=\"headingFaq-2\">\n                                <div class=\"panel-title\" data-toggle=\"collapse\" aria-expanded=\"false\" href=\"#collapseFaq-2\">\n                                    <h3 itemprop=\"name\">\u00bfSitechecker ofrece recomendaciones para solucionar problemas de Open Graph?<\/h3>\n                                <\/div>\n                            <\/div>\n                            <div id=\"collapseFaq-2\" class=\"panel-collapse collapse\" itemprop=\"acceptedAnswer\" itemscope itemtype=\"http:\/\/schema.org\/Answer\">\n                                <div class=\"panel-body\" itemprop=\"text\">S\u00ed, ofrece informaci\u00f3n \u00fatil y soluciones paso a paso para optimizar su implementaci\u00f3n de OG para obtener mejores vistas previas en las redes sociales.<\/div>\n                            <\/div>\n                        <\/div><div class=\"panel\" itemscope itemtype=\"https:\/\/schema.org\/Question\" itemprop=\"mainEntity\">\n                            <div class=\"panel-heading\" id=\"headingFaq-3\">\n                                <div class=\"panel-title\" data-toggle=\"collapse\" aria-expanded=\"false\" href=\"#collapseFaq-3\">\n                                    <h3 itemprop=\"name\">\u00bfPuedo realizar un seguimiento de los problemas actuales de Open Graph con Sitechecker?<\/h3>\n                                <\/div>\n                            <\/div>\n                            <div id=\"collapseFaq-3\" class=\"panel-collapse collapse\" itemprop=\"acceptedAnswer\" itemscope itemtype=\"http:\/\/schema.org\/Answer\">\n                                <div class=\"panel-body\" itemprop=\"text\">S\u00ed, la herramienta ofrece monitoreo continuo y alertas para OG y otros problemas de SEO, lo que lo ayuda a mantener un rendimiento \u00f3ptimo del sitio.<\/div>\n                            <\/div>\n                        <\/div><\/div><\/div><\/p>","protected":false},"excerpt":{"rendered":"\u00bfQu\u00e9 es el Validador de Open Graph? El Verificador de Open Graph de Sitechecker analiza las etiquetas de Open Graph para garantizar la generaci\u00f3n adecuada de fragmentos de redes sociales. Ofrece una verificaci\u00f3n de una sola p\u00e1gina para la verificaci\u00f3n instant\u00e1nea de etiquetas y una auditor\u00eda de todo el sitio para detectar etiquetas faltantes y&#8230;","protected":false},"author":10409641,"featured_media":3349,"parent":0,"menu_order":0,"comment_status":"closed","ping_status":"closed","template":"pages-templates\/pages-minitools-3.php","meta":[],"categories":[70],"tags":[],"_links":{"self":[{"href":"https:\/\/sitechecker.pro\/es\/wp-json\/wp\/v2\/pages\/1291"}],"collection":[{"href":"https:\/\/sitechecker.pro\/es\/wp-json\/wp\/v2\/pages"}],"about":[{"href":"https:\/\/sitechecker.pro\/es\/wp-json\/wp\/v2\/types\/page"}],"author":[{"embeddable":true,"href":"https:\/\/sitechecker.pro\/es\/wp-json\/wp\/v2\/users\/10409641"}],"replies":[{"embeddable":true,"href":"https:\/\/sitechecker.pro\/es\/wp-json\/wp\/v2\/comments?post=1291"}],"version-history":[{"count":77,"href":"https:\/\/sitechecker.pro\/es\/wp-json\/wp\/v2\/pages\/1291\/revisions"}],"predecessor-version":[{"id":35675,"href":"https:\/\/sitechecker.pro\/es\/wp-json\/wp\/v2\/pages\/1291\/revisions\/35675"}],"wp:featuredmedia":[{"embeddable":true,"href":"https:\/\/sitechecker.pro\/es\/wp-json\/wp\/v2\/media\/3349"}],"wp:attachment":[{"href":"https:\/\/sitechecker.pro\/es\/wp-json\/wp\/v2\/media?parent=1291"}],"wp:term":[{"taxonomy":"category","embeddable":true,"href":"https:\/\/sitechecker.pro\/es\/wp-json\/wp\/v2\/categories?post=1291"},{"taxonomy":"post_tag","embeddable":true,"href":"https:\/\/sitechecker.pro\/es\/wp-json\/wp\/v2\/tags?post=1291"}],"curies":[{"name":"wp","href":"https:\/\/api.w.org\/{rel}","templated":true}]}}