{"id":12897,"date":"2024-02-16T09:46:17","date_gmt":"2024-02-16T09:46:17","guid":{"rendered":"https:\/\/sitechecker.pro\/?page_id=12897"},"modified":"2024-09-05T08:45:05","modified_gmt":"2024-09-05T08:45:05","slug":"expired-domain-checker","status":"publish","type":"page","link":"https:\/\/sitechecker.pro\/es\/expired-domain-checker\/","title":{"rendered":"Verificador de expira\u00e7\u00e3o de dom\u00ednio | Encontre a data de expira\u00e7\u00e3o do dom\u00ednio do site \u2611"},"content":{"rendered":"<p><\/p>\n<h2 id=\"par1\">\u00bfQu\u00e9 es el comprobador de caducidad de dominios?<\/h2>\n<p>El Comprobador de Expiraci\u00f3n de Dominios de <a href=\"https:\/\/sitechecker.pro\/\" target=\"_blank\" rel=\"noopener noreferrer\">Sitechecker<\/a> est\u00e1 dise\u00f1ado para rastrear y monitorizar el estado de los dominios, centr\u00e1ndose especialmente en sus fechas de expiraci\u00f3n. Esta herramienta proactiva garantiza la presencia continua en l\u00ednea de los sitios web y evita las interrupciones del servicio causadas por la expiraci\u00f3n de los dominios. Adem\u00e1s, ayuda a identificar y abordar las vulnerabilidades de seguridad en su sitio web, mejorando la seguridad general de la web.<\/p>\n<h3>\u00bfC\u00f3mo puede ayudarle el comprobador de caducidad de sitios web?<\/h3>\n<p><strong>Prevenci\u00f3n de la caducidad del dominio: <\/strong>mostrar su dominio expira, asegur\u00e1ndose de que tiene tiempo suficiente para renovarlo. Esto evita que su sitio web se desconecte, manteniendo su presencia y credibilidad en l\u00ednea.<\/p>\n<p><strong>Identificaci\u00f3n de vulnerabilidades de seguridad: <\/strong>identifica problemas de seguridad asociados a tu sitio, permiti\u00e9ndote resolverlos r\u00e1pidamente y mantener tu sitio seguro.<\/p>\n<p><strong>Gesti\u00f3n eficiente de dominios: <\/strong>simplifica la supervisi\u00f3n proporcionando una plataforma centralizada para controlar las fechas de caducidad y el estado de seguridad de todos sus sitios.<\/p>\n<h3>Principales caracter\u00edsticas de la herramienta<\/h3>\n<p><strong>Painel Unificado: <\/strong>agrega datos de varias m\u00e9tricas SEO e indicadores de rendimiento del sitio web en una vista \u00fanica y cohesiva. Esto le permite supervisar f\u00e1cilmente la salud SEO de su sitio, realizar un seguimiento del progreso en el tiempo, e identificar r\u00e1pidamente las \u00e1reas que necesitan atenci\u00f3n.<\/p>\n<p><strong>Interface amig\u00e1vel: <\/strong>Dise\u00f1ado para ser accesible a usuarios de todos los niveles, desde principiantes hasta profesionales SEO experimentados. Su interfaz intuitiva simplifica la navegaci\u00f3n a trav\u00e9s de las caracter\u00edsticas de la herramienta, por lo que es m\u00e1s f\u00e1cil de llevar a cabo auditor\u00edas integrales de SEO, el seguimiento de las clasificaciones, y poner en pr\u00e1ctica estrategias de optimizaci\u00f3n.<\/p>\n<p><strong>Conjunto completo de herramientas SEO: <\/strong>ofrece un conjunto completo de herramientas SEO que cubren todos los aspectos de la optimizaci\u00f3n de motores de b\u00fasqueda. Esto incluye comprobaciones del estado del sitio web para identificar problemas t\u00e9cnicos de SEO, an\u00e1lisis de SEO en la p\u00e1gina para optimizar el contenido y las metaetiquetas, seguimiento de v\u00ednculos de retroceso para supervisar y analizar sus esfuerzos de creaci\u00f3n de v\u00ednculos, seguimiento de posiciones para controlar las clasificaciones de palabras clave en diferentes motores de b\u00fasqueda y supervisi\u00f3n del sitio para alertarle de cualquier cambio que pueda afectar a su rendimiento de SEO.<\/p>\n<h2 id=\"par2\">C\u00f3mo utilizar la herramienta<\/h2>\n<p>Para gestionar eficazmente el estado de tu dominio, s\u00f3lo tienes que crear una cuenta. Introduzca la direcci\u00f3n de su sitio web para iniciar la comprobaci\u00f3n. M\u00e1s all\u00e1 del seguimiento de las fechas de caducidad, nuestra herramienta tambi\u00e9n identifica problemas relacionados con la seguridad en su sitio, lo que permite la detecci\u00f3n y correcci\u00f3n oportunas de cualquier vulnerabilidad.<\/p>\n<h3>Paso 1: Introduce la direcci\u00f3n URL de tu dominio<\/h3>\n<div class=\"content__img-wrap\"><img src=\"https:\/\/sitechecker.pro\/wp-content\/uploads\/2024\/02\/domain-expiry-checker.png\" alt=\"Domain Expiry Checker\" class=\"description-img description-img-zoom\" loading=\"lazy\" ><\/div>\n<div class=\"important-block\">Para receber resultados e acesso aos recursos do Sitechecker por 14 dias, inicie seu teste GRATUITO. A inscri\u00e7\u00e3o \u00e9 f\u00e1cil com seu e-mail, conta do Google ou Facebook. N\u00e3o \u00e9 necess\u00e1rio cart\u00e3o de cr\u00e9dito.<\/div>\n<h3>Paso 2: Obtener resultados<\/h3>\n<p>La herramienta presenta una interfaz de an\u00e1lisis del sitio y la seguridad de una herramienta de auditor\u00eda de sitios web. La principal caracter\u00edstica destacada es un recordatorio de caducidad de dominio para fomentar la renovaci\u00f3n oportuna y evitar el tiempo de inactividad del sitio web. La interfaz tambi\u00e9n muestra un an\u00e1lisis de problemas de seguridad, identificando vulnerabilidades potenciales que podr\u00edan comprometer la seguridad del sitio web y los datos de los usuarios.<\/p>\n<div class=\"content__img-wrap\"><img src=\"https:\/\/sitechecker.pro\/wp-content\/uploads\/2024\/02\/domain-expire-date.png\" alt=\"Domain Expire Date\" class=\"description-img description-img-zoom\" loading=\"lazy\" ><\/div>\n<p>La herramienta muestra un panel de informaci\u00f3n del dominio, destacando detalles clave del sitio web. Incluye las fechas de creaci\u00f3n y expiraci\u00f3n del dominio, su antig\u00fcedad y detalles de alojamiento como el proveedor, el servidor y la ubicaci\u00f3n IP.<\/p>\n<div class=\"content__img-wrap\"><img src=\"https:\/\/sitechecker.pro\/wp-content\/uploads\/2024\/02\/domain-info.png\" alt=\"Domain Info\" class=\"description-img description-img-zoom\" loading=\"lazy\" ><\/div>\n<h2 id=\"par3\">Caracter\u00edsticas adicionais<\/h2>\n<p>La herramienta proporciona una m\u00e9trica de rendimiento en forma de puntuaci\u00f3n del sitio web, que ofrece una visi\u00f3n r\u00e1pida de la salud del sitio en funci\u00f3n de los resultados de la auditor\u00eda. Esta puntuaci\u00f3n se deriva de la evaluaci\u00f3n de m\u00faltiples aspectos, incluyendo el n\u00famero de p\u00e1ginas rastreadas por la herramienta, lo que refleja la extensi\u00f3n del contenido del sitio web evaluado durante el an\u00e1lisis.<\/p>\n<p>Adem\u00e1s, la herramienta segmenta los problemas del sitio web en varias categor\u00edas relacionadas con el SEO y la salud del sitio. Ofrece soluciones para abordar los problemas identificados. Esta clasificaci\u00f3n ayuda a los usuarios a identificar \u00e1reas espec\u00edficas que necesitan mejoras, como la relevancia del contenido o la velocidad de la p\u00e1gina, para mejorar el rendimiento de su sitio web en las clasificaciones de b\u00fasqueda y la experiencia del usuario.<\/p>\n<div class=\"content__img-wrap\"><img src=\"https:\/\/sitechecker.pro\/wp-content\/uploads\/2024\/02\/site-audit-issues.png\" alt=\"Site Audit Issues\" class=\"description-img description-img-zoom\" loading=\"lazy\" ><\/div>\n<h2 id=\"par4\">Ideia Final<\/h2>\n<p>El Comprobador de Validez de Dominios es una herramienta integral que garantiza que los sitios web permanezcan activos alertando a los propietarios sobre las pr\u00f3ximas caducidades de los dominios e identificando vulnerabilidades de seguridad. Simplifica la gesti\u00f3n del sitio con un panel de control unificado que proporciona una visi\u00f3n clara de la salud SEO y los indicadores de rendimiento. Con una interfaz f\u00e1cil de usar, la herramienta se adapta tanto a principiantes como a expertos en SEO, ofreciendo un conjunto completo de herramientas SEO para una auditor\u00eda exhaustiva de la presencia en l\u00ednea. Para utilizarla, basta con introducir la direcci\u00f3n web y la herramienta resaltar\u00e1 detalles esenciales como la informaci\u00f3n de alojamiento y la antig\u00fcedad del sitio, adem\u00e1s de sugerir soluciones para cualquier problema detectado.<\/p>\n<div id=\"par5\"><\/div>\n<p><div class=\"front__faq-block\"><div class=\"faq__block-title\">FAQ<\/div><div class=\"panel-group\" id=\"faq-accordion\" itemscope itemtype=\"https:\/\/schema.org\/FAQPage\" role=\"tablist\" aria-multiselectable=\"true\"><div class=\"panel\" itemscope itemtype=\"https:\/\/schema.org\/Question\" itemprop=\"mainEntity\">\n                            <div class=\"panel-heading\" id=\"headingFaq-1\">\n                                <div class=\"panel-title\" data-toggle=\"collapse\" aria-expanded=\"false\" href=\"#collapseFaq-1\">\n                                    <h3 itemprop=\"name\">Como um verificador de expira\u00e7\u00e3o de dom\u00ednio melhora a seguran\u00e7a do site?<\/h3>\n                                <\/div>\n                            <\/div>\n                            <div id=\"collapseFaq-1\" class=\"panel-collapse collapse\" itemprop=\"acceptedAnswer\" itemscope itemtype=\"http:\/\/schema.org\/Answer\">\n                                <div class=\"panel-body\" itemprop=\"text\">Ao identificar vulnerabilidades de seguran\u00e7a relacionadas a um dom\u00ednio, o verificador permite que os webmasters resolvam os problemas de forma proativa, mantendo a integridade e a confiabilidade do site.<\/div>\n                            <\/div>\n                        <\/div><div class=\"panel\" itemscope itemtype=\"https:\/\/schema.org\/Question\" itemprop=\"mainEntity\">\n                            <div class=\"panel-heading\" id=\"headingFaq-2\">\n                                <div class=\"panel-title\" data-toggle=\"collapse\" aria-expanded=\"false\" href=\"#collapseFaq-2\">\n                                    <h3 itemprop=\"name\">A ferramenta Verificador de expira\u00e7\u00e3o de dom\u00ednio pode lidar com v\u00e1rios dom\u00ednios ao mesmo tempo?<\/h3>\n                                <\/div>\n                            <\/div>\n                            <div id=\"collapseFaq-2\" class=\"panel-collapse collapse\" itemprop=\"acceptedAnswer\" itemscope itemtype=\"http:\/\/schema.org\/Answer\">\n                                <div class=\"panel-body\" itemprop=\"text\">Sim, a ferramenta foi projetada para gerenciar e monitorar v\u00e1rios sites a partir de um \u00fanico painel, tornando-a ideal para usu\u00e1rios com v\u00e1rios sites.<\/div>\n                            <\/div>\n                        <\/div><div class=\"panel\" itemscope itemtype=\"https:\/\/schema.org\/Question\" itemprop=\"mainEntity\">\n                            <div class=\"panel-heading\" id=\"headingFaq-3\">\n                                <div class=\"panel-title\" data-toggle=\"collapse\" aria-expanded=\"false\" href=\"#collapseFaq-3\">\n                                    <h3 itemprop=\"name\">Que tipo de problemas de seguran\u00e7a a Pesquisa de Expira\u00e7\u00e3o de Dom\u00ednio pode detectar?<\/h3>\n                                <\/div>\n                            <\/div>\n                            <div id=\"collapseFaq-3\" class=\"panel-collapse collapse\" itemprop=\"acceptedAnswer\" itemscope itemtype=\"http:\/\/schema.org\/Answer\">\n                                <div class=\"panel-body\" itemprop=\"text\">A ferramenta pode detectar uma s\u00e9rie de problemas de seguran\u00e7a, desde vulnerabilidades comuns, como problemas de certificados SSL, at\u00e9 problemas mais complexos, como suscetibilidade a ataques XSS ou clickjacking.<\/div>\n                            <\/div>\n                        <\/div><\/div><\/div><\/p>","protected":false},"excerpt":{"rendered":"\u00bfQu\u00e9 es el comprobador de caducidad de dominios? El Comprobador de Expiraci\u00f3n de Dominios de Sitechecker est\u00e1 dise\u00f1ado para rastrear y monitorizar el estado de los dominios, centr\u00e1ndose especialmente en sus fechas de expiraci\u00f3n. Esta herramienta proactiva garantiza la presencia continua en l\u00ednea de los sitios web y evita las interrupciones del servicio causadas por&#8230;","protected":false},"author":10504980,"featured_media":13003,"parent":0,"menu_order":0,"comment_status":"closed","ping_status":"closed","template":"pages-templates\/pages-minitools.php","meta":[],"categories":[73],"tags":[],"_links":{"self":[{"href":"https:\/\/sitechecker.pro\/es\/wp-json\/wp\/v2\/pages\/12897"}],"collection":[{"href":"https:\/\/sitechecker.pro\/es\/wp-json\/wp\/v2\/pages"}],"about":[{"href":"https:\/\/sitechecker.pro\/es\/wp-json\/wp\/v2\/types\/page"}],"author":[{"embeddable":true,"href":"https:\/\/sitechecker.pro\/es\/wp-json\/wp\/v2\/users\/10504980"}],"replies":[{"embeddable":true,"href":"https:\/\/sitechecker.pro\/es\/wp-json\/wp\/v2\/comments?post=12897"}],"version-history":[{"count":18,"href":"https:\/\/sitechecker.pro\/es\/wp-json\/wp\/v2\/pages\/12897\/revisions"}],"predecessor-version":[{"id":33302,"href":"https:\/\/sitechecker.pro\/es\/wp-json\/wp\/v2\/pages\/12897\/revisions\/33302"}],"wp:featuredmedia":[{"embeddable":true,"href":"https:\/\/sitechecker.pro\/es\/wp-json\/wp\/v2\/media\/13003"}],"wp:attachment":[{"href":"https:\/\/sitechecker.pro\/es\/wp-json\/wp\/v2\/media?parent=12897"}],"wp:term":[{"taxonomy":"category","embeddable":true,"href":"https:\/\/sitechecker.pro\/es\/wp-json\/wp\/v2\/categories?post=12897"},{"taxonomy":"post_tag","embeddable":true,"href":"https:\/\/sitechecker.pro\/es\/wp-json\/wp\/v2\/tags?post=12897"}],"curies":[{"name":"wp","href":"https:\/\/api.w.org\/{rel}","templated":true}]}}