{"id":1217,"date":"2023-05-03T14:04:13","date_gmt":"2023-05-03T14:04:13","guid":{"rendered":"https:\/\/sitechecker.pro\/?page_id=1217"},"modified":"2025-06-20T10:38:00","modified_gmt":"2025-06-20T10:38:00","slug":"anchor-text","status":"publish","type":"page","link":"https:\/\/sitechecker.pro\/es\/anchor-text\/","title":{"rendered":"\u00bfQu\u00e9 es el anchor text y por qu\u00e9 es tan importante para tu estrategia de SEO?"},"content":{"rendered":"<p><\/p>\n<h2>\u00bfQu\u00e9 es un enlace anchor text?<\/h2>\n<p>La optimizaci\u00f3n interna requiere la compra de enlaces de otras fuentes web: este es el lugar para anclar correctamente. Esto es importante porque estos elementos tienen un impacto directo en el rango de la p\u00e1gina anunciada. No confunda los v\u00ednculos de retroceso, los enlaces internos y <a href=\"https:\/\/sitechecker.pro\/es\/external-links\/\">externos<\/a>. Pero, antes que nada, formemos una idea de la terminolog\u00eda b\u00e1sica.<\/p>\n<p>Un anclaje es una parte de texto del enlace que observa el usuario del sitio web (se coloca entre las etiquetas). Al activarlo, el visitante llegar\u00e1 a la fuente determinada.<\/p>\n<p>&nbsp;<\/p>\n<div class=\"code\"><code>&lt;a href=\"url site\"&gt;anchor&lt;\/a&gt;<br \/>\n&lt;a href=\"https:\/\/sitechecker.pro\/external-links\/\"&gt;external links&lt;\/a&gt;<\/code><\/div>\n<p>&nbsp;<\/p>\n<p>Entonces, \u00bfqu\u00e9 es el texto de anclaje? Es una frase en la que se puede hacer clic, que consiste en keywords u oraciones que se relacionan directamente con el tema del sitio web. Es as\u00ed como incluso antes de la visita real del usuario a la direcci\u00f3n web, este conoce de qu\u00e9 va el sitio al que visitar\u00e1. Sin embargo, no puedes ver la direcci\u00f3n web completa del sitio. Est\u00e1 oculto &#8220;debajo del texto&#8221;, este se resalta de manera diferente en comparaci\u00f3n con la parte principal o fuerte del art\u00edculo.<\/p>\n<p>Aunado a esto, los enlaces de anclaje son las palabras clave que conducen al contenido del sitio determinado. Se utilizan para reemplazar alg\u00fan enlace simple en el sitio con alguna parte del texto que est\u00e9 relacionado con el tema.<\/p>\n<p>&nbsp;<\/p>\n<h2>\u00bfPara qu\u00e9 utilizamos los anchor links y cu\u00e1l es su influencia?<\/h2>\n<p>&nbsp;<\/p>\n<p>El texto en el que se da clic es un enlace de anclaje que tiene influencia en el posicionamiento del sitio en el <a href=\"https:\/\/sitechecker.pro\/es\/serp\/\">SERP<\/a> que ofrecen los sistemas de b\u00fasqueda, ya que aumenta el peso din\u00e1mico de la p\u00e1gina a la que conduce.<\/p>\n<p>El valor o peso din\u00e1mico es un ranking de anclaje web. Se transmite a trav\u00e9s de un hiperv\u00ednculo activo y depende directamente del texto de anclaje: cuanto m\u00e1s relevante sea, el enlace transmitir\u00e1 un valor din\u00e1mico m\u00e1s significativo. Es decir, el valor din\u00e1mico depende completamente del texto en un anclaje. Cuanto m\u00e1s evidente es la relaci\u00f3n entre el texto y la solicitud de b\u00fasqueda, m\u00e1s significativo es el valor din\u00e1mico del enlace. Lo m\u00e1s importante es que el enlace debe llevar al usuario a esa misma p\u00e1gina que se est\u00e1 promocionando.<\/p>\n<p>Adem\u00e1s, Los <a href=\"https:\/\/sitechecker.pro\/es\/google-bot\/\">robots de b\u00fasqueda<\/a> siempre toman en cuenta estos enlaces. Por eso, al comprarlos, debes seleccionar correctamente el texto del anclaje, ya que este tiene influencia directa en el posicionamiento web que realiza el sistema de b\u00fasqueda. Por lo tanto, una frase que sea elegida sabiamente ayuda al sitio web a entrar en la lista top de sistemas de b\u00fasqueda.<\/p>\n<p>\u00a1As\u00ed es como funciona!<\/p>\n<p>Agregar enlaces a la fuente es un paso importante en todo el proceso de optimizaci\u00f3n, cuya eficiencia depende en gran medida del texto elegido. Cabe resaltar que la formaci\u00f3n y optimizaci\u00f3n de enlaces son dos etapas de la promoci\u00f3n del sitio que no pueden descuidarse.<\/p>\n<p>Este tipo de enlace tambi\u00e9n es de gran utilidad para la interconexi\u00f3n interna, ya que, funcionan los elementos conjuntos para las p\u00e1ginas del mismo sitio web.<\/p>\n<p>Estos son de gran ayuda en muchos niveles: ayudan a un usuario a encontrar las p\u00e1ginas requeridas del sitio web; debido a esto, la b\u00fasqueda de bots puede indexar p\u00e1ginas del segundo o incluso m\u00e1s alto nivel de profundidad de anidamiento. Por \u00faltimo, simplifican la tarea de un webmaster para dividir el valor dentro del recurso web.<\/p>\n<p>&nbsp;<\/p>\n<h2>Tipos de anclajes. Descripci\u00f3n y ejemplos<\/h2>\n<p>&nbsp;<\/p>\n<p>Aseg\u00farate de incluir un ancla \u00fanica. Los enlaces id\u00e9nticos de anchor text se fusionan con anclas y disminuyen la importancia del enlace por completo. \u00a1Haz tu mejor esfuerzo para lograrlo!<\/p>\n<p>Los tipos de anclajes que puedes encontrar son los siguientes:<\/p>\n<ul>\n<li>Anclajes de coincidencia exacta: Este tipo se representa mediante las distintas solicitudes de b\u00fasqueda, sin que se inserten palabras adicionales en el texto de un enlace (por ejemplo, &#8220;anchor link&#8221;).<\/li>\n<li>Anclajes de coincidencia parcial: Adem\u00e1s de la solicitud de b\u00fasqueda directa, los anclajes de este tipo contienen texto adicional (un ejemplo de esto es: &#8220;qu\u00e9 es un anchor link&#8221;).<\/li>\n<\/ul>\n<p>Cuando te esfuerces por optimizar tu recurso web, no te enfoques solo en el tipo que te gusta, incluso si te trae buenos resultados. \u00a1Var\u00eda!<\/p>\n<p>Para hacer que tus anclajes sean m\u00e1s variables, cambia la solicitud de b\u00fasqueda principal y en su lugar usa sin\u00f3nimos y ep\u00edtetos.<\/p>\n<div class=\"box\">\n<p>La afecci\u00f3n principal reside en la ausencia de errores ortogr\u00e1ficos, imprecisiones en la puntuaci\u00f3n y legibilidad, ya que, una simple acumulaci\u00f3n de palabras puede ser interpretada por los sistemas de b\u00fasqueda como correo no deseado.<\/p>\n<\/div>\n<p>&nbsp;<\/p>\n<h2>\u00bfQu\u00e9 tipos de anchor text son mejores para la promoci\u00f3n y por qu\u00e9?<\/h2>\n<p>&nbsp;<\/p>\n<p>No hay una respuesta clara a la pregunta sobre la elecci\u00f3n correcta del tipo de anclaje para la promoci\u00f3n de un sitio web. Puedes intentar investigar la elecci\u00f3n de anclaje de los sitios web de la competencia. Realiza una especie de experimento para encontrar la variante m\u00e1s eficiente.<\/p>\n<p>La verdad es que para la promoci\u00f3n eficiente del sitio web necesitas usar enlaces de anclaje directos y parciales.<\/p>\n<p>Una cosa m\u00e1s a tener en cuenta es que, los anclajes tambi\u00e9n se deben aplicar para permitir el cambio simplificado entre las p\u00e1ginas del mismo recurso web.<\/p>\n<p>\u00a1Un consejo muy \u00fatil!<\/p>\n<p>Por lo tanto, al usar anclas directas y parciales, compartir\u00e1s el valor est\u00e1tico con otras p\u00e1ginas de tu sitio.<\/p>\n<p>&nbsp;<\/p>\n<h2>\u00bfD\u00f3nde incluir el anchor link?<\/h2>\n<p>&nbsp;<\/p>\n<p>Ahora que sabes el significado de anchor link, es momento de que aprendas que el enlace anchor text no es ideal para cualquier sitio. Cuando se excluye dicha oportunidad, deber\u00e1s incluir un enlace original simple a tu recurso.<\/p>\n<p>Aqu\u00ed es donde puedes usar enlaces de anclaje:<\/p>\n<ul>\n<li><strong>Cat\u00e1logos del sitio:<\/strong> por regla general, los cat\u00e1logos de sitios solicitan informaci\u00f3n relacionada con el nombre y la direcci\u00f3n de la fuente que luego se convertir\u00e1 en un enlace a tu recurso.<\/li>\n<li><strong>Comentarios de blogs:<\/strong> La mayor\u00eda de los blogs permiten publicaciones de la direcci\u00f3n del sitio y el texto presentaci\u00f3n del enlace bajo los comentarios.<\/li>\n<li><strong>Link Exchange:<\/strong> Cuando compartes enlaces con otros usuarios, t\u00fa incluyes el t\u00edtulo, la direcci\u00f3n y la descripci\u00f3n, donde el t\u00edtulo es el texto que lleva al usuario a la fuente determinada.<\/li>\n<\/ul>\n<p>&nbsp;<\/p>\n<h2>\u00bfD\u00f3nde elegir los anchor links?<\/h2>\n<p>&nbsp;<\/p>\n<p>Existen varios enfoques para la formaci\u00f3n de anchor links, los m\u00e1s utilizados son los siguientes:<\/p>\n<ul>\n<li><strong>Link building autom\u00e1tico:<\/strong> Puedes encontrar una gran cantidad de servicios especializados y redes para la promoci\u00f3n independiente de sitios web. Al usar estos recursos, puedes elegir los anchors para tu sitio web. Para obtener resultados, debes incluir tus keywords y el nombre del recurso en la base y dejar el resto del trabajo para los generadores.<\/li>\n<li><strong>Formaci\u00f3n de anclas independiente u orden seg\u00fan un copywriter:<\/strong> siempre hay una oportunidad para tratar de encontrar el mejor anchor text por ti mismo, pero igual puedes redirigir esta parte de la \u201cpublicidad\u201d del sitio a un copywriter. Haz lo mejor que puedas en describir los requisitos t\u00e9cnicos para esta tarea. En la web encontrar\u00e1s muchas plataformas donde puedes solicitar contenido de calidad para tu sitio web.<\/li>\n<li><strong>Creaci\u00f3n de anclas basado en la respuesta de solicitudes de b\u00fasqueda de otros sitios web relacionados con tu tema:<\/strong> El algoritmo es muy simple. Debes insertar tu solicitud en la barra de b\u00fasqueda, visitar las b\u00fasquedas en el top, encuentrar las oraciones que incluyan la solicitud necesaria y toma un ejemplo para crear el tuyo.<\/li>\n<\/ul>\n<p>&nbsp;<\/p>\n<h2>\u00bfQu\u00e9 es un No anchor link?<\/h2>\n<p>&nbsp;<\/p>\n<p>Este es el tipo de enlaces que no contienen palabras claves (a diferencia de los enlaces de anchor text).<\/p>\n<p>A este tipo pertenecen:<\/p>\n<p>La direcci\u00f3n del sitio (muy a menudo se utiliza para saltar a la p\u00e1gina de inicio del recurso de Internet).<\/p>\n<p>Por ejemplo:<\/p>\n<div class=\"code\"><code>&lt;a href=\"https:\/\/sitechecker.pro\/\"&gt;https:\/\/sitechecker.pro\/&lt;\/a&gt;<\/code><\/div>\n<p>El texto alternativo es diferente a las palabras clave. Dichos enlaces contienen palabras como &#8220;aqu\u00ed&#8221; y &#8220;leer tambi\u00e9n&#8221;. Por ejemplo:<\/p>\n<div class=\"code\"><code>&lt;a href=\"https:\/\/sitechecker.pro\/\"&gt;https:\/\/sitechecker.pro\/&lt;\/a&gt;<\/code><\/div>\n<p>&nbsp;<\/p>\n<h2>\u00bfC\u00f3mo pueden \u00fatiles los No anchor link?<\/h2>\n<p>&nbsp;<\/p>\n<p>Estos enlaces se utilizan a menudo para romper la masa de enlaces del sitio web. No hace mucho, Google anunci\u00f3 que, por regla general, los anchor links se trataban como anuncios y a partir de ese momento, se tomar\u00edan en cuenta con menos seriedad.<\/p>\n<p>Por otro lado, no tiene sentido tratar de promocionar el sitio web con la ayuda de enlaces No anchor. Del mismo modo, no debes confiar plenamente en ese de tipo de anchor text.<\/p>\n<p>Ning\u00fan anchor link proporciona lo siguiente:<\/p>\n<ul>\n<li>Eficiencia duradera.<\/li>\n<li>Seguridad debido a su naturalidad.<\/li>\n<li>Aumentar la confiabilidad del sitio web.<\/li>\n<\/ul>\n<p>La masa de enlace debe consistir en enlaces anchor text y de aquellos que no contengan ninguno. Tambi\u00e9n es muy recomendable incluir diferentes anclajes. Por supuesto, es un trabajo lento y meticuloso, pero el resultado vale el esfuerzo y el tiempo dedicado.<\/p>\n<p>&nbsp;<\/p>\n<h2>\u00bfC\u00f3mo obtener anchor links sin costo?<\/h2>\n<p>&nbsp;<\/p>\n<p>Puedes hacerle frente con esfuerzo propio, pero necesitas dedicar tu tiempo para ver resultados. \u00bfC\u00f3mo puedes hacerlo? Debes navegar por la web dejando enlaces de las p\u00e1ginas de tu sitio en diferentes sitios web.<\/p>\n<p>Usa redes sociales, blogs, foros y otras plataformas.<\/p>\n<p>La segunda propuesta es m\u00e1s natural y es por eso que es la m\u00e1s aconsejable. Seg\u00fan ella, los usuarios dejan enlaces a tu sitio en otras p\u00e1ginasweb, como blogs, foros, redes sociales. Dichos enlaces tienen un efecto m\u00e1s duradero, ya que son &#8220;en vivo&#8221; y atraer\u00e1n m\u00e1s visitantes, permitiendo una mayor publicidad.<\/p>\n<p>\u00bfQu\u00e9 necesitas para esto? El requisito principal es contenido \u00fanico y atractivo.<\/p>\n<p>Si el material de tu sitio web es \u00fatil para los usuarios, pronto tu sitio web ser\u00e1 reconocido por un p\u00fablico amplio y la cantidad de enlaces anchor text y de tipo no anchor har\u00e1 que tu sitio crezca r\u00e1pidamente (y naturalmente, \u00a1lo que es muy importante!).<\/p>","protected":false},"excerpt":{"rendered":"\u00bfQu\u00e9 es un enlace anchor text? La optimizaci\u00f3n interna requiere la compra de enlaces de otras fuentes web: este es el lugar para anclar correctamente. Esto es importante porque estos elementos tienen un impacto directo en el rango de la p\u00e1gina anunciada. No confunda los v\u00ednculos de retroceso, los enlaces internos y externos. Pero, antes&#8230;","protected":false},"author":10718706,"featured_media":3420,"parent":0,"menu_order":0,"comment_status":"closed","ping_status":"closed","template":"pages-templates\/pages-v2.php","meta":[],"categories":[27],"tags":[],"_links":{"self":[{"href":"https:\/\/sitechecker.pro\/es\/wp-json\/wp\/v2\/pages\/1217"}],"collection":[{"href":"https:\/\/sitechecker.pro\/es\/wp-json\/wp\/v2\/pages"}],"about":[{"href":"https:\/\/sitechecker.pro\/es\/wp-json\/wp\/v2\/types\/page"}],"author":[{"embeddable":true,"href":"https:\/\/sitechecker.pro\/es\/wp-json\/wp\/v2\/users\/10718706"}],"replies":[{"embeddable":true,"href":"https:\/\/sitechecker.pro\/es\/wp-json\/wp\/v2\/comments?post=1217"}],"version-history":[{"count":59,"href":"https:\/\/sitechecker.pro\/es\/wp-json\/wp\/v2\/pages\/1217\/revisions"}],"predecessor-version":[{"id":37521,"href":"https:\/\/sitechecker.pro\/es\/wp-json\/wp\/v2\/pages\/1217\/revisions\/37521"}],"wp:featuredmedia":[{"embeddable":true,"href":"https:\/\/sitechecker.pro\/es\/wp-json\/wp\/v2\/media\/3420"}],"wp:attachment":[{"href":"https:\/\/sitechecker.pro\/es\/wp-json\/wp\/v2\/media?parent=1217"}],"wp:term":[{"taxonomy":"category","embeddable":true,"href":"https:\/\/sitechecker.pro\/es\/wp-json\/wp\/v2\/categories?post=1217"},{"taxonomy":"post_tag","embeddable":true,"href":"https:\/\/sitechecker.pro\/es\/wp-json\/wp\/v2\/tags?post=1217"}],"curies":[{"name":"wp","href":"https:\/\/api.w.org\/{rel}","templated":true}]}}