{"id":1208,"date":"2018-01-19T10:25:11","date_gmt":"2018-01-19T10:25:11","guid":{"rendered":"https:\/\/sitechecker.pro\/?page_id=1208"},"modified":"2025-02-12T11:56:07","modified_gmt":"2025-02-12T11:56:07","slug":"broken-links","status":"publish","type":"page","link":"https:\/\/sitechecker.pro\/es\/broken-links\/","title":{"rendered":"Comprobador de enlaces rotos gratuitos"},"content":{"rendered":"<p><\/p>\n<h2 id=\"par1\">\u00bfQu\u00e9 es un verificador de p\u00e1ginas 404?<\/h2>\n<p>Un verificador de enlaces 404 es una soluci\u00f3n de software que ayuda a los sitios web con enlaces rotos o inactivos. Cuando se hace clic en estos hiperv\u00ednculos, se obtienen p\u00e1ginas no disponibles o <a href=\"https:\/\/sitechecker.pro\/what-is-404-status-code\/\" target=\"_blank\" rel=\"noopener noreferrer\">errores 404<\/a>, lo que afecta negativamente la experiencia del usuario y el SEO. Los motores de b\u00fasqueda pueden percibir los sitios con m\u00faltiples enlaces inactivos como mal mantenidos.<\/p>\n<h3>Nuestra herramienta gratuita de verificaci\u00f3n de enlaces inactivos en l\u00ednea lo ayuda a:<\/h3>\n<p><strong>Verificaci\u00f3n de hiperv\u00ednculos inactivos: <\/strong>La herramienta verifica su sitio web o blog en busca de enlaces inactivos y ofrece hasta 150 verificaciones gratuitas y verificaciones ilimitadas con planes pagos.<\/p>\n<p><strong>Informaci\u00f3n de c\u00f3digos de error: <\/strong>la herramienta informa de los c\u00f3digos de error de las URL rotas, incluidos los errores 404 y <a href=\"https:\/\/sitechecker.pro\/what-is-502-status-code\/\" target=\"_blank\" rel=\"noopener noreferrer\">502<\/a>, as\u00ed como las <a href=\"https:\/\/sitechecker.pro\/301-redirect\/\" target=\"_blank\" rel=\"noopener noreferrer\">redirecciones 301<\/a>.<\/p>\n<p><strong>Funciones de divulgaci\u00f3n de enlaces rotos: <\/strong>ofrece funciones de divulgaci\u00f3n de enlaces rotos, lo que ayuda a adquirir enlaces de alto valor para su sitio web.<\/p>\n<p><strong>Escaneo de hiperv\u00ednculos internos y externos: <\/strong>La herramienta escanea tanto los hiperv\u00ednculos <a href=\"https:\/\/sitechecker.pro\/internal-links\/\" target=\"_blank\" rel=\"noopener noreferrer\">internos<\/a> como los <a href=\"https:\/\/sitechecker.pro\/external-links\/\" target=\"_blank\" rel=\"noopener noreferrer\">externos<\/a> de su sitio web.<\/p>\n<p><strong>Identificaci\u00f3n de errores y sugerencias de optimizaci\u00f3n: <\/strong>Identifica errores y proporciona sugerencias para optimizar su sitio web.<\/p>\n<p><strong>Supervisi\u00f3n peri\u00f3dica y reparaci\u00f3n inmediata: <\/strong>Peri\u00f3dicamente <a href=\"https:\/\/sitechecker.pro\/404-errors-monitoring\/\" target=\"_blank\" rel=\"noopener noreferrer\">supervisa el sitio web en busca de nuevos enlaces rotos<\/a> y los repara r\u00e1pidamente.<\/p>\n<h3>Caracter\u00edsticas principales del verificador de sitios 404<\/h3>\n<p><strong>Panel de control unificado: <\/strong>ofrece una plataforma centralizada para realizar un seguimiento de todas las m\u00e9tricas de SEO y los indicadores de rendimiento, lo que proporciona una descripci\u00f3n general completa para un f\u00e1cil seguimiento del progreso y la toma de decisiones.<\/p>\n<p><strong>Interfaz f\u00e1cil de usar: <\/strong>dise\u00f1ada para principiantes y profesionales, esta interfaz es intuitiva y simple, lo que permite un f\u00e1cil acceso a las funciones y visualizaciones de datos claras.<\/p>\n<p><strong>Conjunto completo de herramientas de SEO: <\/strong>incluye una amplia gama de herramientas de SEO <a href=\"https:\/\/sitechecker.pro\/on-page-seo-checker\/\" target=\"_blank\" rel=\"noopener noreferrer\">on-page<\/a> y off-page, como auditor\u00edas de sitios, investigaci\u00f3n de palabras clave, an\u00e1lisis de v\u00ednculos de retroceso, optimizaci\u00f3n de contenido y conocimientos t\u00e9cnicos de SEO, que abordan todos los aspectos de la gesti\u00f3n de SEO.<\/p>\n<h2 id=\"par2\">Capacidades de comprobaci\u00f3n de dominios y URL espec\u00edficas del verificador de errores de sitios web gratuito<\/h2>\n<p>Hay dos opciones disponibles para comprobar los errores 404 en un sitio web: comprobaciones de todo el dominio o de p\u00e1ginas espec\u00edficas. La comprobaci\u00f3n de dominio, que requiere el registro de una cuenta, es ideal para un an\u00e1lisis exhaustivo, que abarca todos los enlaces del sitio web para detectar cualquier URL inactiva. Este m\u00e9todo es exhaustivo y permite obtener una descripci\u00f3n general extensa del estado de los enlaces del sitio.<\/p>\n<p>Por otro lado, la comprobaci\u00f3n de URL, disponible sin registro de cuenta, est\u00e1 dise\u00f1ada para examinar una sola p\u00e1gina. Este enfoque es mejor cuando se centra en una p\u00e1gina en particular, examinando todos sus enlaces e informaci\u00f3n relacionada, como los c\u00f3digos de estado HTTP. Seg\u00fan sus requisitos, elija ingresar un dominio o una URL espec\u00edfica y luego haga clic en el bot\u00f3n &#8220;Buscar enlaces rotos&#8221; para iniciar el an\u00e1lisis. Luego, la herramienta comienza a evaluar los datos relevantes del sitio en consecuencia.<\/p>\n<div class=\"content__img-wrap\"><img src=\"https:\/\/sitechecker.pro\/wp-content\/uploads\/2024\/08\/1-broken-links-selector.png\" alt=\"Comprobador de enlaces rotos de sitios web\" class=\"description-img description-img-zoom\" loading=\"lazy\" ><\/div>\n<h2 id=\"par3\">Comprobador de dominio<\/h2>\n<h3>Paso 1: seleccione &#8220;Comprobador de dominio&#8221;, ingrese su URL y haga clic en el bot\u00f3n &#8220;Buscar enlaces rotos&#8221; para iniciar la comprobaci\u00f3n<\/h3>\n<div class=\"content__img-wrap\"><img src=\"https:\/\/sitechecker.pro\/wp-content\/uploads\/2024\/08\/2-broken-link-selector.png\" alt=\"Comprobador de enlaces rotos de comprobador de dominio\" class=\"description-img description-img-zoom\" loading=\"lazy\" ><\/div>\n<div class=\"important-block\">Para recibir resultados y acceder a las funciones de Sitechecker durante 14 d\u00edas, comience su prueba GRATUITA. Registrarse es f\u00e1cil con su cuenta de correo electr\u00f3nico, Google o Facebook. No se necesita tarjeta de cr\u00e9dito.<\/div>\n<h3>Paso 2: An\u00e1lisis de resultados<\/h3>\n<p>El escaneo de un dominio incluye una auditor\u00eda completa del sitio gratuita. Puede identificar las URL 404 y determinar su ubicaci\u00f3n en cualquier plataforma CMS, como WordPress, Joomla, Drupal, etc.<\/p>\n<p>Nuestro rastreador encontrar\u00e1 la lista de URL con <a href=\"https:\/\/sitechecker.pro\/what-are-4xx-status-codes\/\" target=\"_blank\" rel=\"noopener noreferrer\">c\u00f3digos de estado 4xx<\/a>, a los que otras p\u00e1ginas de su sitio web hacen referencia. Eso lo ayudar\u00e1 a solucionar el problema de las URL inactivas para todo el sitio y determinar si aparecer\u00e1n nuevos hiperv\u00ednculos inactivos.<\/p>\n<div class=\"content__img-wrap\"><img src=\"https:\/\/sitechecker.pro\/wp-content\/uploads\/2024\/01\/4xx-client-errors-issue.png\" alt=\"Problema de errores de cliente 4xx\" class=\"description-img description-img-zoom\" loading=\"lazy\" ><\/div>\n<p>Al hacer clic en \u201cVer problema\u201d, encontrar\u00e1 la lista de URL con ese tipo de problema, un bot\u00f3n para encontrar las referencias internas de esas p\u00e1ginas rotas y las instrucciones para solucionarlo:<\/p>\n<div class=\"content__img-wrap\"><img src=\"https:\/\/sitechecker.pro\/wp-content\/uploads\/2024\/01\/4xx-client-errors-view-issue.png\" alt=\"4xx Client Errors View Issue\" class=\"description-img description-img-zoom\" loading=\"lazy\" ><\/div>\n<h3>Funciones adicionales del esc\u00e1ner de enlaces rotos de dominios\/sitios web<\/h3>\n<p>Al hacer clic en \u201cTodas las p\u00e1ginas HTML\u201d, obtendr\u00e1 la lista completa de URL de su sitio web y otros problemas internos en su sitio. Los problemas est\u00e1n organizados por categor\u00edas y tipos, y puede cambiar f\u00e1cilmente entre ellos. Los tipos son: Problemas cr\u00edticos, Advertencias, Oportunidades y Avisos. Categor\u00edas, por ejemplo, Enlaces, Indexabilidad, Relevancia del contenido, etc. Esto hace que sea mucho m\u00e1s sencillo centrarse en solucionar los problemas que tendr\u00e1n el mayor impacto en el \u00e9xito de su sitio web.<\/p>\n<div class=\"content__img-wrap\"><img src=\"https:\/\/sitechecker.pro\/wp-content\/uploads\/2024\/01\/all-html-pages-by-category.png\" alt=\"Todas las p\u00e1ginas HTML por categor\u00eda\" class=\"description-img description-img-zoom\" loading=\"lazy\" ><\/div>\n<p>Si es necesario, puede filtrar por URL o configurar datos adicionales para las p\u00e1ginas que lo ayudar\u00e1n a trabajar con ellas.<\/p>\n<div class=\"content__img-wrap\"><img src=\"https:\/\/sitechecker.pro\/wp-content\/uploads\/2024\/01\/all-html-pages-manage-columns.png\" alt=\"Todas las p\u00e1ginas HTML Administrar columnas\" class=\"description-img description-img-zoom\" loading=\"lazy\" ><\/div>\n<p>Adem\u00e1s, puede descargar y exportar los resultados del rastreador a archivos PDF o CSV, Hojas de c\u00e1lculo de Google o simplemente copiarlos seg\u00fan sea necesario.<\/p>\n<div class=\"content__img-wrap\"><img src=\"https:\/\/sitechecker.pro\/wp-content\/uploads\/2024\/01\/export-data.png\" alt=\"Exportar datos\" class=\"description-img description-img-zoom\" loading=\"lazy\" ><\/div>\n<p>La descarga y exportaci\u00f3n de los resultados de los rastreadores en varios formatos beneficia a los aut\u00f3nomos y a los responsables de SEO, ya que proporciona datos vers\u00e1tiles para su an\u00e1lisis y manipulaci\u00f3n.<\/p>\n<p>Esta funci\u00f3n permite la generaci\u00f3n eficiente de informes para los clientes o las partes interesadas, lo que facilita la comunicaci\u00f3n clara de los hallazgos y las estrategias futuras.<\/p>\n<p>Cuando los datos se exportan a Google Sheets, se simplifica el trabajo colaborativo, lo que promueve un enfoque basado en equipos. Por \u00faltimo, la capacidad de copiar datos directamente ofrece acceso instant\u00e1neo a la informaci\u00f3n esencial, lo que agiliza el an\u00e1lisis y la integraci\u00f3n con otras herramientas digitales.<\/p>\n<h4>Rastreadores autom\u00e1ticos regulares del sitio y notificaci\u00f3n autom\u00e1tica de detecci\u00f3n de posibles errores<\/h4>\n<p>Aproveche nuestros rastreadores autom\u00e1ticos regulares del sitio, que realizan an\u00e1lisis de rutina para identificar posibles errores en su sitio web. Con una comprobaci\u00f3n constante del sitio en busca de errores 404 cada tres d\u00edas, puede mantenerse a la vanguardia de cualquier problema que pueda afectar el rendimiento de su sitio.<\/p>\n<div class=\"content__img-wrap\"><img src=\"https:\/\/sitechecker.pro\/wp-content\/uploads\/2024\/01\/auto-crawler.png\" alt=\"Auto Crawler\" class=\"description-img description-img-zoom\" loading=\"lazy\" ><\/div>\n<h2 id=\"par4\">Comprobaci\u00f3n de p\u00e1gina<\/h2>\n<h3>Paso 1: seleccione &#8220;Comprobar p\u00e1gina&#8221;, ingrese su URL y haga clic en el bot\u00f3n &#8220;Buscar enlaces rotos&#8221; para iniciar la comprobaci\u00f3n<\/h3>\n<div class=\"content__img-wrap\"><img src=\"https:\/\/sitechecker.pro\/wp-content\/uploads\/2024\/08\/3-broken-link-selector.png\" alt=\"Comprobador de enlaces rotos de comprobaci\u00f3n de p\u00e1gina\" class=\"description-img description-img-zoom\" loading=\"lazy\" ><\/div>\n<h3>Paso 2: interpretaci\u00f3n de los resultados del detector de sitios web 404 mediante comprobaci\u00f3n de p\u00e1gina<\/h3>\n<p>Una secci\u00f3n enumera los enlaces externos e internos y muestra los c\u00f3digos de estado correspondientes, que indican el estado de cada enlace. Si va a la columna de c\u00f3digos de respuesta, puede ver una lista de enlaces que devolvieron un error 404, siempre que sean accesibles.<\/p>\n<p>El \u00e1rea central presenta una instant\u00e1nea del estado de SEO de una p\u00e1gina web, mostrando una puntuaci\u00f3n y detalles esenciales como el c\u00f3digo de estado y el tama\u00f1o de la p\u00e1gina. La p\u00e1gina de resultados presenta enlaces salientes, internos y de subdominio, junto con sus c\u00f3digos de respuesta, lo que le permite identificar f\u00e1cilmente un error 404, ya sea que aparezca en un sitio externo, su sitio principal o un subdominio.<\/p>\n<div class=\"content__img-wrap\"><img src=\"https:\/\/sitechecker.pro\/wp-content\/uploads\/2024\/01\/on-page-seo-checker.png\" alt=\"On Page Seo Checker\" class=\"description-img description-img-zoom\" loading=\"lazy\" ><\/div>\n<div class=\"content__img-wrap\"><img src=\"https:\/\/sitechecker.pro\/wp-content\/uploads\/2024\/01\/internal-subdomain-links.png\" alt=\"Enlaces internos de subdominio\" class=\"description-img description-img-zoom\" loading=\"lazy\" ><\/div>\n<p>Para auditar todo su sitio en lugar de solo una p\u00e1gina, seleccione &#8220;Ejecutar una auditor\u00eda completa del sitio web&#8221; o consulte la primera secci\u00f3n de esta gu\u00eda para la verificaci\u00f3n del dominio.<\/p>\n<p>La herramienta cuenta con un proyecto de demostraci\u00f3n que muestra sus capacidades. Al elegir &#8220;Auditor\u00eda del sitio&#8221;, los usuarios pueden explorar las funciones y comprender c\u00f3mo la herramienta puede mejorar el SEO de su sitio web.<\/p>\n<div class=\"content__img-wrap\"><img src=\"https:\/\/sitechecker.pro\/wp-content\/uploads\/2024\/01\/run-full-site-audit-1.png\" alt=\"Ejecutar auditor\u00eda completa del sitio\" class=\"description-img description-img-zoom\" loading=\"lazy\" ><\/div>\n<h3>Funciones adicionales de la herramienta<\/h3>\n<p>El verificador de enlaces rotos mejora el SEO mediante la mejora de la calidad del contenido, la estructuraci\u00f3n de datos para la optimizaci\u00f3n de motores de b\u00fasqueda, la optimizaci\u00f3n de im\u00e1genes para la web, la provisi\u00f3n de informaci\u00f3n sobre el rendimiento de b\u00fasqueda y la evaluaci\u00f3n de las velocidades de carga para mejorar la experiencia del usuario y las clasificaciones de los motores de b\u00fasqueda.<\/p>\n<div class=\"content__img-wrap\"><img src=\"https:\/\/sitechecker.pro\/wp-content\/uploads\/2024\/01\/issues-overview-1.png\" alt=\"Descripci\u00f3n general de problemas\" class=\"description-img description-img-zoom\" loading=\"lazy\" ><\/div>\n<h2 id=\"par5\">Extensi\u00f3n de Chrome de Sitechecker para detectar enlaces rotos<\/h2>\n<p>Tambi\u00e9n tiene la opci\u00f3n de realizar un breve an\u00e1lisis de la p\u00e1gina web y verificar el estado del c\u00f3digo utilizando la extensi\u00f3n del navegador.<\/p>\n<p><a href=\"https:\/\/chrome.google.com\/webstore\/detail\/website-seo-checker-free\/nljcdkjpjnhlilgepggmmagnmebhadnk\" target=\"_blank\" rel=\"nofollow noopener noreferrer\">La extensi\u00f3n de Chrome de Sitechecker<\/a> es una herramienta para identificar y corregir hiperv\u00ednculos no v\u00e1lidos. Despu\u00e9s de instalarla en su navegador Chrome, puede escanear f\u00e1cilmente cualquier p\u00e1gina web y analizar todos los enlaces para comprobar su validez.<\/p>\n<div class=\"content__img-wrap\"><img src=\"https:\/\/sitechecker.pro\/wp-content\/uploads\/2024\/01\/sitecheckers-extension.png\" alt=\"Extensi\u00f3n de Sitechecker\" class=\"description-img description-img-zoom\" loading=\"lazy\" ><\/div>\n<p>La herramienta clasifica los enlaces seg\u00fan sus c\u00f3digos de estado HTTP, destaca los problem\u00e1ticos e incluso ofrece soluciones para su rectificaci\u00f3n.<\/p>\n<p>Para obtener una comprensi\u00f3n m\u00e1s detallada, puede que desee ver un tutorial en nuestro canal de YouTube Sitechecker, donde explicamos el concepto de enlaces rotos y sus posibles impactos y brindamos instrucciones sobre c\u00f3mo solucionarlos:<\/p>\n<p><iframe title=\"YouTube video player\" src=\"https:\/\/www.youtube.com\/embed\/bxpEtw6oOwY?si=opSzDXD-SH1fq4s0\" width=\"700\" height=\"350\" frameborder=\"0\" allowfullscreen=\"allowfullscreen\"><\/iframe><\/p>\n<h2 id=\"par6\">Consideraciones finales<\/h2>\n<p>El verificador de errores 404 es una herramienta de software integral dise\u00f1ada para mejorar el rendimiento de SEO y la experiencia del usuario mediante la identificaci\u00f3n y rectificaci\u00f3n de enlaces con errores 404. La herramienta realiza an\u00e1lisis detallados, ofrece sugerencias de optimizaci\u00f3n y proporciona informes pr\u00e1cticos sobre URL problem\u00e1ticas. Tambi\u00e9n realiza rastreos autom\u00e1ticos regulares para un monitoreo constante.<\/p>\n<p>Con interfaces f\u00e1ciles de usar, dos m\u00e9todos de verificaci\u00f3n para an\u00e1lisis completos o espec\u00edficos del sitio y una extensi\u00f3n de Chrome para verificaciones en tiempo real, es un recurso valioso para la optimizaci\u00f3n y el mantenimiento proactivos del sitio web. Adem\u00e1s, su capacidad para descargar y exportar datos en varios formatos facilita un mayor an\u00e1lisis y la colaboraci\u00f3n en equipo.<\/p>\n<div id=\"par7\"><\/div>\n<p><div class=\"front__faq-block\"><div class=\"faq__block-title\">Preguntas frecuentes<\/div><div class=\"panel-group\" id=\"faq-accordion\" itemscope itemtype=\"https:\/\/schema.org\/FAQPage\" role=\"tablist\" aria-multiselectable=\"true\"><div class=\"panel\" itemscope itemtype=\"https:\/\/schema.org\/Question\" itemprop=\"mainEntity\">\n                            <div class=\"panel-heading\" id=\"headingFaq-1\">\n                                <div class=\"panel-title\" data-toggle=\"collapse\" aria-expanded=\"false\" href=\"#collapseFaq-1\">\n                                    <h3 itemprop=\"name\">\u00bfC\u00f3mo se comprueba si una URL est\u00e1 rota?<\/h3>\n                                <\/div>\n                            <\/div>\n                            <div id=\"collapseFaq-1\" class=\"panel-collapse collapse\" itemprop=\"acceptedAnswer\" itemscope itemtype=\"http:\/\/schema.org\/Answer\">\n                                <div class=\"panel-body\" itemprop=\"text\">Puede comprobar si una URL web est\u00e1 rota utilizando la herramienta de verificaci\u00f3n de URL 404. Simplemente ingrese la URL que desea escanear y la herramienta identificar\u00e1 los enlaces rotos o inactivos.<\/div>\n                            <\/div>\n                        <\/div><div class=\"panel\" itemscope itemtype=\"https:\/\/schema.org\/Question\" itemprop=\"mainEntity\">\n                            <div class=\"panel-heading\" id=\"headingFaq-2\">\n                                <div class=\"panel-title\" data-toggle=\"collapse\" aria-expanded=\"false\" href=\"#collapseFaq-2\">\n                                    <h3 itemprop=\"name\">\u00bfBroken Link Checker es gratuito?<\/h3>\n                                <\/div>\n                            <\/div>\n                            <div id=\"collapseFaq-2\" class=\"panel-collapse collapse\" itemprop=\"acceptedAnswer\" itemscope itemtype=\"http:\/\/schema.org\/Answer\">\n                                <div class=\"panel-body\" itemprop=\"text\">S\u00ed, la herramienta 404 Page Checker se puede utilizar de forma gratuita durante el per\u00edodo de prueba (14 d\u00edas).<\/div>\n                            <\/div>\n                        <\/div><div class=\"panel\" itemscope itemtype=\"https:\/\/schema.org\/Question\" itemprop=\"mainEntity\">\n                            <div class=\"panel-heading\" id=\"headingFaq-3\">\n                                <div class=\"panel-title\" data-toggle=\"collapse\" aria-expanded=\"false\" href=\"#collapseFaq-3\">\n                                    <h3 itemprop=\"name\">\u00bfC\u00f3mo reparo un enlace de URL roto?<\/h3>\n                                <\/div>\n                            <\/div>\n                            <div id=\"collapseFaq-3\" class=\"panel-collapse collapse\" itemprop=\"acceptedAnswer\" itemscope itemtype=\"http:\/\/schema.org\/Answer\">\n                                <div class=\"panel-body\" itemprop=\"text\">Para reparar un enlace de URL roto, primero debe identificarlo. Una vez identificado, restaure el contenido vinculado o reemplace la direcci\u00f3n web inaccesible por una v\u00e1lida.<\/div>\n                            <\/div>\n                        <\/div><div class=\"panel\" itemscope itemtype=\"https:\/\/schema.org\/Question\" itemprop=\"mainEntity\">\n                            <div class=\"panel-heading\" id=\"headingFaq-4\">\n                                <div class=\"panel-title\" data-toggle=\"collapse\" aria-expanded=\"false\" href=\"#collapseFaq-4\">\n                                    <h3 itemprop=\"name\">\u00bfC\u00f3mo puedo comprobar si un enlace es v\u00e1lido?<\/h3>\n                                <\/div>\n                            <\/div>\n                            <div id=\"collapseFaq-4\" class=\"panel-collapse collapse\" itemprop=\"acceptedAnswer\" itemscope itemtype=\"http:\/\/schema.org\/Answer\">\n                                <div class=\"panel-body\" itemprop=\"text\">Nuestra herramienta Broken Link Finder puede validar un enlace. Ingrese la URL que desea verificar y la herramienta confirmar\u00e1 si la p\u00e1gina funciona o no.<\/div>\n                            <\/div>\n                        <\/div><\/div><\/div><\/p>","protected":false},"excerpt":{"rendered":"\u00bfQu\u00e9 es un verificador de p\u00e1ginas 404? Un verificador de enlaces 404 es una soluci\u00f3n de software que ayuda a los sitios web con enlaces rotos o inactivos. Cuando se hace clic en estos hiperv\u00ednculos, se obtienen p\u00e1ginas no disponibles o errores 404, lo que afecta negativamente la experiencia del usuario y el SEO. Los&#8230;","protected":false},"author":10409641,"featured_media":3422,"parent":0,"menu_order":0,"comment_status":"closed","ping_status":"closed","template":"pages-templates\/pages-minitools-3.php","meta":[],"categories":[72],"tags":[],"_links":{"self":[{"href":"https:\/\/sitechecker.pro\/es\/wp-json\/wp\/v2\/pages\/1208"}],"collection":[{"href":"https:\/\/sitechecker.pro\/es\/wp-json\/wp\/v2\/pages"}],"about":[{"href":"https:\/\/sitechecker.pro\/es\/wp-json\/wp\/v2\/types\/page"}],"author":[{"embeddable":true,"href":"https:\/\/sitechecker.pro\/es\/wp-json\/wp\/v2\/users\/10409641"}],"replies":[{"embeddable":true,"href":"https:\/\/sitechecker.pro\/es\/wp-json\/wp\/v2\/comments?post=1208"}],"version-history":[{"count":220,"href":"https:\/\/sitechecker.pro\/es\/wp-json\/wp\/v2\/pages\/1208\/revisions"}],"predecessor-version":[{"id":36962,"href":"https:\/\/sitechecker.pro\/es\/wp-json\/wp\/v2\/pages\/1208\/revisions\/36962"}],"wp:featuredmedia":[{"embeddable":true,"href":"https:\/\/sitechecker.pro\/es\/wp-json\/wp\/v2\/media\/3422"}],"wp:attachment":[{"href":"https:\/\/sitechecker.pro\/es\/wp-json\/wp\/v2\/media?parent=1208"}],"wp:term":[{"taxonomy":"category","embeddable":true,"href":"https:\/\/sitechecker.pro\/es\/wp-json\/wp\/v2\/categories?post=1208"},{"taxonomy":"post_tag","embeddable":true,"href":"https:\/\/sitechecker.pro\/es\/wp-json\/wp\/v2\/tags?post=1208"}],"curies":[{"name":"wp","href":"https:\/\/api.w.org\/{rel}","templated":true}]}}