{"id":1148,"date":"2018-01-10T09:47:14","date_gmt":"2018-01-10T09:47:14","guid":{"rendered":"https:\/\/sitechecker.pro\/?page_id=1148"},"modified":"2025-02-04T19:05:57","modified_gmt":"2025-02-04T19:05:57","slug":"mobile-friendly-test","status":"publish","type":"page","link":"https:\/\/sitechecker.pro\/es\/mobile-friendly-test\/","title":{"rendered":"Mobile-Friendly Test | Est\u00e9 preparado para Mobile-first en Google \u2611"},"content":{"rendered":"<p><\/p>\n<h2 id=\"par1\">\u00bfQu\u00e9 es la prueba de compatibilidad con dispositivos m\u00f3viles?<\/h2>\n<p>La prueba de compatibilidad con dispositivos m\u00f3viles de <a href=\"https:\/\/sitechecker.pro\/\" target=\"_blank\" rel=\"noopener noreferrer\">Sitechecker<\/a> eval\u00faa el rendimiento de una p\u00e1gina web o de un sitio web completo en dispositivos m\u00f3viles. Ofrece una auditor\u00eda completa de todas las p\u00e1ginas para verificar los datos de la ventana gr\u00e1fica, detectar complementos de navegador no compatibles, identificar problemas de compatibilidad con dispositivos m\u00f3viles y brindar un monitoreo continuo o un informe instant\u00e1neo para una sola p\u00e1gina, analizando los datos de la ventana gr\u00e1fica.<\/p>\n<h3>C\u00f3mo puede ayudarlo la herramienta<\/h3>\n<p><strong>Compatibilidad con dispositivos m\u00f3viles de todas las p\u00e1ginas del sitio web: <\/strong>identifica problemas de la ventana gr\u00e1fica, complementos de navegador no compatibles y otros problemas de usabilidad con un monitoreo continuo (requiere una cuenta gratuita).<\/p>\n<p><strong>Prueba m\u00f3vil de una sola p\u00e1gina: <\/strong>analiza una p\u00e1gina web espec\u00edfica para la configuraci\u00f3n de la ventana gr\u00e1fica y la compatibilidad b\u00e1sica con dispositivos m\u00f3viles.<\/p>\n<p><strong>Informe detallado de usabilidad m\u00f3vil: <\/strong>ofrece informaci\u00f3n clara y recomendaciones para mejorar el rendimiento m\u00f3vil, la experiencia del usuario y las clasificaciones SEO.<\/p>\n<h3>Caracter\u00edsticas clave de la herramienta<\/h3>\n<p><strong>Panel unificado: <\/strong>ofrece una vista centralizada del rendimiento del sitio web, los problemas de SEO y los an\u00e1lisis, lo que facilita el seguimiento y la gesti\u00f3n de todas las auditor\u00edas del sitio web en un solo lugar.<\/p>\n<p><strong>Interfaz f\u00e1cil de usar: <\/strong>dise\u00f1ada para principiantes y expertos, ofrece una navegaci\u00f3n intuitiva, informes claros y conocimientos pr\u00e1cticos sin necesidad de conocimientos t\u00e9cnicos profundos.<\/p>\n<p><strong>Conjunto completo de herramientas SEO: <\/strong>incluye auditor\u00edas de sitios web, seguimiento de palabras clave, pruebas de compatibilidad con dispositivos m\u00f3viles y otras herramientas esenciales para optimizar el rendimiento del sitio web y las clasificaciones en los motores de b\u00fasqueda.<\/p>\n<h2 id=\"par2\">C\u00f3mo utilizar la herramienta<\/h2>\n<p>Para utilizar la prueba de compatibilidad con dispositivos m\u00f3viles, seleccione el tipo de auditor\u00eda que necesita. Seleccione &#8220;Compatibilidad con dispositivos m\u00f3viles para todas las p\u00e1ginas&#8221; para obtener un an\u00e1lisis completo del sitio web o &#8220;Compatibilidad con dispositivos m\u00f3viles de la p\u00e1gina&#8221; para obtener un informe instant\u00e1neo de una sola p\u00e1gina. Despu\u00e9s de seleccionar una opci\u00f3n, haga clic en el bot\u00f3n &#8220;Iniciar auditor\u00eda&#8221; para comenzar el an\u00e1lisis.<\/p>\n<div class=\"content__img-wrap\"><img src=\"https:\/\/sitechecker.pro\/wp-content\/uploads\/2025\/02\/choose-audit-option-1.png\" alt=\"Elegir opci\u00f3n de auditor\u00eda\" class=\"description-img description-img-zoom\" loading=\"lazy\" ><\/div>\n<h2 id=\"par3\">Prueba de compatibilidad con dispositivos m\u00f3viles del sitio web<\/h2>\n<h3>Paso 1: inserte la direcci\u00f3n URL del dominio<\/h3>\n<div class=\"content__img-wrap\"><img src=\"https:\/\/sitechecker.pro\/wp-content\/uploads\/2025\/02\/mobile-friendliness-all-pages.png\" alt=\"Compatibilidad con dispositivos m\u00f3viles de todas las p\u00e1ginas\" class=\"description-img description-img-zoom\" loading=\"lazy\" ><\/div>\n<div class=\"important-block\">Para recibir resultados y acceder a las funciones de Sitechecker durante 14 d\u00edas, comience su prueba GRATUITA. Registrarse es f\u00e1cil con su correo electr\u00f3nico, cuenta de Google o Facebook. No se necesita tarjeta de cr\u00e9dito.<\/div>\n<h3>Paso 2: Obtenga los resultados<\/h3>\n<p>Identifique los problemas que afectan la usabilidad m\u00f3vil de su sitio web, incluida la mala experiencia del usuario, los problemas de navegaci\u00f3n y las inconsistencias en la visualizaci\u00f3n. Obtenga informaci\u00f3n \u00fatil, las p\u00e1ginas afectadas y las soluciones paso a paso para optimizar su sitio para un rendimiento m\u00f3vil perfecto.<\/p>\n<div class=\"content__img-wrap\"><img src=\"https:\/\/sitechecker.pro\/wp-content\/uploads\/2025\/02\/mobile-friendliness-issues.png\" alt=\"Problemas de compatibilidad con dispositivos m\u00f3viles\" class=\"description-img description-img-zoom\" loading=\"lazy\" ><\/div>\n<h3>Caracter\u00edsticas adicionales de la herramienta<\/h3>\n<p>Vaya m\u00e1s all\u00e1 de la compatibilidad con dispositivos m\u00f3viles con una auditor\u00eda completa del sitio web. Obtenga informes detallados sobre errores cr\u00edticos, advertencias y oportunidades de optimizaci\u00f3n. Analice los problemas de indexaci\u00f3n, la relevancia del contenido, las vulnerabilidades de seguridad, el contenido duplicado y la velocidad de la p\u00e1gina. Filtre, priorice y resuelva f\u00e1cilmente los problemas con recomendaciones pr\u00e1cticas para un sitio completamente optimizado.<\/p>\n<div class=\"content__img-wrap\"><img src=\"https:\/\/sitechecker.pro\/wp-content\/uploads\/2025\/02\/site-audit-issues-1.png\" alt=\"Problemas de auditor\u00eda del sitio\" class=\"description-img description-img-zoom\" loading=\"lazy\" ><\/div>\n<h2 id=\"par4\">Prueba la compatibilidad de la p\u00e1gina con dispositivos m\u00f3viles<\/h2>\n<h3>Paso 1: Elige la inspecci\u00f3n de compatibilidad de la p\u00e1gina con dispositivos m\u00f3viles y comienza la auditor\u00eda<\/h3>\n<div class=\"content__img-wrap\"><img src=\"https:\/\/sitechecker.pro\/wp-content\/uploads\/2025\/02\/mobile-friendliness-one-page.png\" alt=\"Compatibilidad de una p\u00e1gina con dispositivos m\u00f3viles\" class=\"description-img description-img-zoom\" loading=\"lazy\" ><\/div>\n<h3>Paso 2: Obt\u00e9n los resultados<\/h3>\n<p>Analiza la compatibilidad y el rendimiento de tu p\u00e1gina web con Google PageSpeed \u200b\u200bInsights en tiempo real. Identifica problemas cr\u00edticos de carga, cuellos de botella en la velocidad y oportunidades de optimizaci\u00f3n para mejorar la experiencia del usuario y las clasificaciones de b\u00fasqueda. Obt\u00e9n recomendaciones pr\u00e1cticas para mejorar la capacidad de respuesta y los tiempos de carga en todos los dispositivos.<\/p>\n<div class=\"content__img-wrap\"><img src=\"https:\/\/sitechecker.pro\/wp-content\/uploads\/2025\/02\/mobile-pagespeed-insights.png\" alt=\"Informaci\u00f3n sobre Mobile PageSpeed\" class=\"description-img description-img-zoom\" loading=\"lazy\" ><\/div>\n<p>Descubre todas las capacidades de la herramienta en la secci\u00f3n Auditor\u00eda del sitio. Explora la versi\u00f3n demo para ver c\u00f3mo Sitechecker aborda los desaf\u00edos t\u00e9cnicos clave de SEO y optimiza el rendimiento de tu sitio web.<\/p>\n<div class=\"content__img-wrap\"><img src=\"https:\/\/sitechecker.pro\/wp-content\/uploads\/2025\/02\/site-audit-1.png\" alt=\"Auditor\u00eda del sitio\" class=\"description-img description-img-zoom\" loading=\"lazy\" ><\/div>\n<h3>Funciones adicionales de la prueba de compatibilidad con dispositivos m\u00f3viles de Google<\/h3>\n<p>Obt\u00e9n informaci\u00f3n m\u00e1s detallada m\u00e1s all\u00e1 de la compatibilidad con dispositivos m\u00f3viles con una descripci\u00f3n detallada de los problemas. Identifica errores cr\u00edticos, advertencias y cuellos de botella en el rendimiento, como tiempos de carga lentos, enlaces rotos y problemas de indexaci\u00f3n. El panel de Navegaci\u00f3n de p\u00e1gina agiliza las mejoras de SEO optimizando la velocidad, corrigiendo errores, refinando el contenido, validando el esquema, mejorando las im\u00e1genes, analizando palabras clave, etc.<\/p>\n<div class=\"content__img-wrap\"><img src=\"https:\/\/sitechecker.pro\/wp-content\/uploads\/2025\/02\/issues-overview-1.png\" alt=\"Descripci\u00f3n general de los problemas\" class=\"description-img description-img-zoom\" loading=\"lazy\" ><\/div>\n<h2 id=\"par5\">Idea final<\/h2>\n<p>La prueba de compatibilidad con dispositivos m\u00f3viles de sitios web eval\u00faa el rendimiento de su sitio web en dispositivos m\u00f3viles, detecta problemas de usabilidad y ofrece soluciones pr\u00e1cticas. Ofrece una auditor\u00eda completa del sitio o un an\u00e1lisis de una sola p\u00e1gina, junto con una auditor\u00eda integral de SEO para identificar problemas de indexaci\u00f3n, seguridad y velocidad. Con un panel de control f\u00e1cil de usar, optimiza las mejoras de SEO para mejorar las clasificaciones y la experiencia del usuario.<\/p>\n<div id=\"par6\"><\/div>\n<p><div class=\"front__faq-block\"><div class=\"faq__block-title\">Preguntas frecuentes<\/div><div class=\"panel-group\" id=\"faq-accordion\" itemscope itemtype=\"https:\/\/schema.org\/FAQPage\" role=\"tablist\" aria-multiselectable=\"true\"><div class=\"panel\" itemscope itemtype=\"https:\/\/schema.org\/Question\" itemprop=\"mainEntity\">\n                            <div class=\"panel-heading\" id=\"headingFaq-1\">\n                                <div class=\"panel-title\" data-toggle=\"collapse\" aria-expanded=\"false\" href=\"#collapseFaq-1\">\n                                    <h3 itemprop=\"name\">\u00bfQu\u00e9 analiza el verificador de compatibilidad con dispositivos m\u00f3viles adem\u00e1s de la configuraci\u00f3n de la ventana gr\u00e1fica?<\/h3>\n                                <\/div>\n                            <\/div>\n                            <div id=\"collapseFaq-1\" class=\"panel-collapse collapse\" itemprop=\"acceptedAnswer\" itemscope itemtype=\"http:\/\/schema.org\/Answer\">\n                                <div class=\"panel-body\" itemprop=\"text\">Detecta complementos de navegador no compatibles, problemas de navegaci\u00f3n e inconsistencias de visualizaci\u00f3n, lo que garantiza una experiencia m\u00f3vil perfecta.<\/div>\n                            <\/div>\n                        <\/div><div class=\"panel\" itemscope itemtype=\"https:\/\/schema.org\/Question\" itemprop=\"mainEntity\">\n                            <div class=\"panel-heading\" id=\"headingFaq-2\">\n                                <div class=\"panel-title\" data-toggle=\"collapse\" aria-expanded=\"false\" href=\"#collapseFaq-2\">\n                                    <h3 itemprop=\"name\">\u00bfC\u00f3mo ayuda la herramienta con el SEO m\u00e1s all\u00e1 de la compatibilidad con dispositivos m\u00f3viles?<\/h3>\n                                <\/div>\n                            <\/div>\n                            <div id=\"collapseFaq-2\" class=\"panel-collapse collapse\" itemprop=\"acceptedAnswer\" itemscope itemtype=\"http:\/\/schema.org\/Answer\">\n                                <div class=\"panel-body\" itemprop=\"text\">Proporciona una auditor\u00eda completa del sitio web, analizando la indexaci\u00f3n, el contenido duplicado, las vulnerabilidades de seguridad, la velocidad de la p\u00e1gina y los enlaces rotos.<\/div>\n                            <\/div>\n                        <\/div><div class=\"panel\" itemscope itemtype=\"https:\/\/schema.org\/Question\" itemprop=\"mainEntity\">\n                            <div class=\"panel-heading\" id=\"headingFaq-3\">\n                                <div class=\"panel-title\" data-toggle=\"collapse\" aria-expanded=\"false\" href=\"#collapseFaq-3\">\n                                    <h3 itemprop=\"name\">\u00bfPuedo realizar un seguimiento del rendimiento m\u00f3vil a lo largo del tiempo?<\/h3>\n                                <\/div>\n                            <\/div>\n                            <div id=\"collapseFaq-3\" class=\"panel-collapse collapse\" itemprop=\"acceptedAnswer\" itemscope itemtype=\"http:\/\/schema.org\/Answer\">\n                                <div class=\"panel-body\" itemprop=\"text\">S\u00ed, el monitoreo continuo est\u00e1 disponible con una cuenta gratuita, lo que lo ayuda a realizar un seguimiento y resolver problemas de manera proactiva.<\/div>\n                            <\/div>\n                        <\/div><div class=\"panel\" itemscope itemtype=\"https:\/\/schema.org\/Question\" itemprop=\"mainEntity\">\n                            <div class=\"panel-heading\" id=\"headingFaq-4\">\n                                <div class=\"panel-title\" data-toggle=\"collapse\" aria-expanded=\"false\" href=\"#collapseFaq-4\">\n                                    <h3 itemprop=\"name\">\u00bfC\u00f3mo empiezo a utilizar la herramienta de prueba de compatibilidad con dispositivos m\u00f3viles?<\/h3>\n                                <\/div>\n                            <\/div>\n                            <div id=\"collapseFaq-4\" class=\"panel-collapse collapse\" itemprop=\"acceptedAnswer\" itemscope itemtype=\"http:\/\/schema.org\/Answer\">\n                                <div class=\"panel-body\" itemprop=\"text\">Ingrese la URL de su sitio web, seleccione una auditor\u00eda de sitio completo o de una sola p\u00e1gina y haga clic en 'Iniciar auditor\u00eda' para recibir informaci\u00f3n y recomendaciones instant\u00e1neas.<\/div>\n                            <\/div>\n                        <\/div><\/div><\/div><\/p>","protected":false},"excerpt":{"rendered":"\u00bfQu\u00e9 es la prueba de compatibilidad con dispositivos m\u00f3viles? La prueba de compatibilidad con dispositivos m\u00f3viles de Sitechecker eval\u00faa el rendimiento de una p\u00e1gina web o de un sitio web completo en dispositivos m\u00f3viles. Ofrece una auditor\u00eda completa de todas las p\u00e1ginas para verificar los datos de la ventana gr\u00e1fica, detectar complementos de navegador no&#8230;","protected":false},"author":10409641,"featured_media":3433,"parent":0,"menu_order":0,"comment_status":"closed","ping_status":"closed","template":"pages-templates\/pages-minitools-3.php","meta":[],"categories":[74],"tags":[],"_links":{"self":[{"href":"https:\/\/sitechecker.pro\/es\/wp-json\/wp\/v2\/pages\/1148"}],"collection":[{"href":"https:\/\/sitechecker.pro\/es\/wp-json\/wp\/v2\/pages"}],"about":[{"href":"https:\/\/sitechecker.pro\/es\/wp-json\/wp\/v2\/types\/page"}],"author":[{"embeddable":true,"href":"https:\/\/sitechecker.pro\/es\/wp-json\/wp\/v2\/users\/10409641"}],"replies":[{"embeddable":true,"href":"https:\/\/sitechecker.pro\/es\/wp-json\/wp\/v2\/comments?post=1148"}],"version-history":[{"count":42,"href":"https:\/\/sitechecker.pro\/es\/wp-json\/wp\/v2\/pages\/1148\/revisions"}],"predecessor-version":[{"id":35299,"href":"https:\/\/sitechecker.pro\/es\/wp-json\/wp\/v2\/pages\/1148\/revisions\/35299"}],"wp:featuredmedia":[{"embeddable":true,"href":"https:\/\/sitechecker.pro\/es\/wp-json\/wp\/v2\/media\/3433"}],"wp:attachment":[{"href":"https:\/\/sitechecker.pro\/es\/wp-json\/wp\/v2\/media?parent=1148"}],"wp:term":[{"taxonomy":"category","embeddable":true,"href":"https:\/\/sitechecker.pro\/es\/wp-json\/wp\/v2\/categories?post=1148"},{"taxonomy":"post_tag","embeddable":true,"href":"https:\/\/sitechecker.pro\/es\/wp-json\/wp\/v2\/tags?post=1148"}],"curies":[{"name":"wp","href":"https:\/\/api.w.org\/{rel}","templated":true}]}}