{"id":1133,"date":"2020-07-08T14:32:58","date_gmt":"2020-07-08T12:32:58","guid":{"rendered":"https:\/\/sitechecker.pro\/?page_id=1133"},"modified":"2026-02-16T17:01:21","modified_gmt":"2026-02-16T17:01:21","slug":"page-size","status":"publish","type":"page","link":"https:\/\/sitechecker.pro\/es\/page-size\/","title":{"rendered":"Comprobador de tama\u00f1o de p\u00e1ginas web: Comprueba el tama\u00f1o de p\u00e1ginas HTML en kilobytes \u2611"},"content":{"rendered":"<p><\/p>\n<h2 id=\"par1\">\u00bfQu\u00e9 es el Comprobador de tama\u00f1o de p\u00e1gina?<\/h2>\n<p>El Comprobador de tama\u00f1o de p\u00e1gina de <a href=\"https:\/\/sitechecker.pro\/\" target=\"_blank\" rel=\"noopener noreferrer\">Sitechecker<\/a> es una herramienta que analiza el tama\u00f1o de las p\u00e1ginas web en megabytes para ayudar a optimizar el rendimiento. Ofrece dos opciones de auditor\u00eda: una comprobaci\u00f3n r\u00e1pida del tama\u00f1o de una sola p\u00e1gina y un an\u00e1lisis exhaustivo de todas las URL de sitios web, identificando las URL de gran tama\u00f1o, los problemas relacionados con el tama\u00f1o y la supervisi\u00f3n continua.<\/p>\n<h3>C\u00f3mo puede ayudarle la herramienta<\/h3>\n<p><strong>Identifica contenido de gran tama\u00f1o: <\/strong>analiza el tama\u00f1o de las p\u00e1ginas y destaca los archivos grandes que ralentizan los tiempos de carga.<\/p>\n<p><strong>Optimiza las dimensiones del contenido: <\/strong>garantiza que las URL se mantengan dentro de los l\u00edmites de tama\u00f1o ideales para una mejor indexaci\u00f3n y clasificaci\u00f3n en los motores de b\u00fasqueda.<\/p>\n<p><strong>Supervisa el tama\u00f1o de las p\u00e1ginas: <\/strong>realiza un seguimiento de las variaciones a lo largo del tiempo, lo que ayuda a detectar y gestionar los tama\u00f1os crecientes antes de que afecten al rendimiento.<\/p>\n<h3>Caracter\u00edsticas principales de la herramienta<\/h3>\n<p><strong>Panel de control unificado: <\/strong>ofrece un centro centralizado para el seguimiento del rendimiento del sitio web y los problemas de SEO en un solo lugar.<\/p>\n<p><strong>Interfaz f\u00e1cil de usar: <\/strong>dise\u00f1ada para un uso sencillo con una navegaci\u00f3n intuitiva, lo que hace que el an\u00e1lisis del sitio web sea accesible para todos los usuarios.<\/p>\n<p><strong>Conjunto completo de herramientas de SEO: <\/strong>ofrece una amplia gama de herramientas para el an\u00e1lisis de SEO, auditor\u00edas del sitio, seguimiento de clasificaciones y optimizaci\u00f3n continua.<\/p>\n<h2 id=\"par2\">C\u00f3mo utilizar la herramienta<\/h2>\n<p>Para utilizar el Comprobador de peso de p\u00e1gina, simplemente elija una opci\u00f3n de auditor\u00eda en funci\u00f3n de sus necesidades. Seleccione &#8220;Probar el tama\u00f1o de la p\u00e1gina&#8221; para una comprobaci\u00f3n instant\u00e1nea del tama\u00f1o de una sola p\u00e1gina, o &#8220;Probar los tama\u00f1os de todas las p\u00e1ginas&#8221; para un an\u00e1lisis completo del sitio web. Despu\u00e9s de seleccionar su opci\u00f3n preferida, haga clic en &#8220;Iniciar auditor\u00eda&#8221; para generar el informe e identificar cualquier problema relacionado con el tama\u00f1o.<\/p>\n<h2 id=\"par3\">Comprobador de tama\u00f1o de p\u00e1gina de todas las URL de sitios web<\/h2>\n<h3>Paso 1: inserte la direcci\u00f3n URL de su dominio y elija la opci\u00f3n de todas las p\u00e1ginas<\/h3>\n<div class=\"content__img-wrap\"><img src=\"https:\/\/sitechecker.pro\/wp-content\/uploads\/2025\/02\/test-page-sizes-all-pages.png\" alt=\"Tama\u00f1o de p\u00e1gina de prueba de todas las p\u00e1ginas\" class=\"description-img description-img-zoom\" loading=\"lazy\" ><\/div>\n<div class=\"important-block\">Para recibir resultados y acceder a las funciones de Sitechecker durante 14 d\u00edas, comience su prueba GRATUITA. Reg\u00edstrese f\u00e1cilmente con su correo electr\u00f3nico, cuenta de Google o Facebook. No se necesita tarjeta de cr\u00e9dito.<\/div>\n<h3>Paso 2: obtenga los resultados<\/h3>\n<p>Identifique las URL de gran tama\u00f1o que pueden ralentizar su sitio web, afectar las clasificaciones de SEO y reducir las conversiones. Obtenga un an\u00e1lisis detallado de los pesos, las p\u00e1ginas afectadas y las recomendaciones de optimizaci\u00f3n para mejorar el rendimiento.<\/p>\n<div class=\"content__img-wrap\"><img src=\"https:\/\/sitechecker.pro\/wp-content\/uploads\/2025\/02\/check-page-size-issues.png\" alt=\"Verificar problemas de tama\u00f1o de p\u00e1gina\" class=\"description-img description-img-zoom\" loading=\"lazy\" ><\/div>\n<h3>Funciones adicionales<\/h3>\n<p>Obtenga informaci\u00f3n m\u00e1s detallada m\u00e1s all\u00e1 del tama\u00f1o de p\u00e1gina, incluidos problemas cr\u00edticos de SEO, rendimiento de velocidad, estado de indexaci\u00f3n y estado de los enlaces. Identifique las URL afectadas, clasifique los problemas y acceda a informes detallados con recomendaciones de optimizaci\u00f3n para mejorar la eficiencia del sitio web.<\/p>\n<div class=\"content__img-wrap\"><img src=\"https:\/\/sitechecker.pro\/wp-content\/uploads\/2025\/02\/site-audit-issues-2.png\" alt=\"Problemas de auditor\u00eda del sitio\" class=\"description-img description-img-zoom\" loading=\"lazy\" ><\/div>\n<h2 id=\"par4\">Comprobador de tama\u00f1o de p\u00e1gina web<\/h2>\n<h3>Paso 1: inserte la direcci\u00f3n URL de la p\u00e1gina y haga clic en &#8220;Iniciar auditor\u00eda&#8221;<\/h3>\n<div class=\"content__img-wrap\"><img src=\"https:\/\/sitechecker.pro\/wp-content\/uploads\/2025\/02\/test-page-size.png\" alt=\"Test Page Size\" class=\"description-img description-img-zoom\" loading=\"lazy\" ><\/div>\n<h3>Paso 2: obtenga los resultados<\/h3>\n<p>Obtenga informaci\u00f3n instant\u00e1nea sobre el peso de su URL, incluido el peso total en MB, el c\u00f3digo de estado, la indexabilidad y el impacto en el rendimiento. Identifique las URL de gran tama\u00f1o que pueden afectar la velocidad de carga y el SEO, lo que garantiza una eficiencia \u00f3ptima del sitio web.<\/p>\n<div class=\"content__img-wrap\"><img src=\"https:\/\/sitechecker.pro\/wp-content\/uploads\/2025\/02\/on-page-seo-checker-page-size.png\" alt=\"On Page SEO Checker Page Size\" class=\"description-img description-img-zoom\" loading=\"lazy\" ><\/div>\n<p>Desbloquee todo el potencial de la herramienta en la secci\u00f3n Auditor\u00eda del sitio. Pruebe la demostraci\u00f3n para ver c\u00f3mo detecta problemas cr\u00edticos de SEO, mejora el rendimiento del sitio web y agiliza la optimizaci\u00f3n t\u00e9cnica.<\/p>\n<div class=\"content__img-wrap\"><img src=\"https:\/\/sitechecker.pro\/wp-content\/uploads\/2025\/02\/site-audit-2.png\" alt=\"Auditor\u00eda del sitio\" class=\"description-img description-img-zoom\" loading=\"lazy\" ><\/div>\n<h3>Funciones adicionales de la verificaci\u00f3n del tama\u00f1o de la p\u00e1gina<\/h3>\n<p>Obtenga un an\u00e1lisis completo de la p\u00e1gina web, que incluye informaci\u00f3n sobre la velocidad, advertencias de SEO, optimizaci\u00f3n de contenido y estado de indexaci\u00f3n. Identifique tiempos de carga lentos, enlaces rotos y problemas de indexaci\u00f3n. El panel de navegaci\u00f3n agiliza las correcciones de SEO, mejora la velocidad, optimiza el contenido y mejora las im\u00e1genes con recomendaciones pr\u00e1cticas.<\/p>\n<div class=\"content__img-wrap\"><img src=\"https:\/\/sitechecker.pro\/wp-content\/uploads\/2025\/02\/issues-overview-2.png\" alt=\"Descripci\u00f3n general de los problemas\" class=\"description-img description-img-zoom\" loading=\"lazy\" ><\/div>\n<h2 id=\"par5\">Idea final<\/h2>\n<p>El verificador de tama\u00f1o de sitios web en l\u00ednea ayuda a analizar los tama\u00f1os de las p\u00e1ginas web para optimizar el rendimiento y el SEO. Ofrece verificaciones r\u00e1pidas de URL individuales y auditor\u00edas completas del sitio para identificar p\u00e1ginas de gran tama\u00f1o y problemas relacionados. La herramienta rastrea las variaciones de peso, garantiza una indexaci\u00f3n \u00f3ptima y brinda recomendaciones pr\u00e1cticas para mejorar. Con un panel unificado, una interfaz f\u00e1cil de usar y un conjunto completo de herramientas de SEO, simplifica el an\u00e1lisis de sitios web. Las funciones adicionales incluyen informaci\u00f3n cr\u00edtica sobre SEO, evaluaci\u00f3n del rendimiento de la velocidad y monitoreo del estado de indexaci\u00f3n.<\/p>\n<div id=\"par6\"><\/div>\n<p><div class=\"front__faq-block\"><div class=\"faq__block-title\">Preguntas frecuentes<\/div><div class=\"panel-group\" id=\"faq-accordion\" itemscope itemtype=\"https:\/\/schema.org\/FAQPage\" role=\"tablist\" aria-multiselectable=\"true\"><div class=\"panel\" itemscope itemtype=\"https:\/\/schema.org\/Question\" itemprop=\"mainEntity\">\n                            <div class=\"panel-heading\" id=\"headingFaq-1\">\n                                <div class=\"panel-title\" data-toggle=\"collapse\" aria-expanded=\"false\" href=\"#collapseFaq-1\">\n                                    <h3 itemprop=\"name\">\u00bfCu\u00e1l es la diferencia entre comprobar el tama\u00f1o de una \u00fanica URL y auditar todas las p\u00e1ginas?<\/h3>\n                                <\/div>\n                            <\/div>\n                            <div id=\"collapseFaq-1\" class=\"panel-collapse collapse\" itemprop=\"acceptedAnswer\" itemscope itemtype=\"http:\/\/schema.org\/Answer\">\n                                <div class=\"panel-body\" itemprop=\"text\">Comprobar una \u00fanica URL proporciona informaci\u00f3n instant\u00e1nea sobre el peso, mientras que una auditor\u00eda completa del sitio web detecta contenido de gran tama\u00f1o y problemas de rendimiento.<\/div>\n                            <\/div>\n                        <\/div><div class=\"panel\" itemscope itemtype=\"https:\/\/schema.org\/Question\" itemprop=\"mainEntity\">\n                            <div class=\"panel-heading\" id=\"headingFaq-2\">\n                                <div class=\"panel-title\" data-toggle=\"collapse\" aria-expanded=\"false\" href=\"#collapseFaq-2\">\n                                    <h3 itemprop=\"name\">\u00bfEl detector de tama\u00f1o de p\u00e1gina admite la monitorizaci\u00f3n continua?<\/h3>\n                                <\/div>\n                            <\/div>\n                            <div id=\"collapseFaq-2\" class=\"panel-collapse collapse\" itemprop=\"acceptedAnswer\" itemscope itemtype=\"http:\/\/schema.org\/Answer\">\n                                <div class=\"panel-body\" itemprop=\"text\">S\u00ed, la herramienta rastrea los cambios de peso de la p\u00e1gina a lo largo del tiempo, lo que ayuda a detectar y gestionar los aumentos antes de que afecten al rendimiento.<\/div>\n                            <\/div>\n                        <\/div><div class=\"panel\" itemscope itemtype=\"https:\/\/schema.org\/Question\" itemprop=\"mainEntity\">\n                            <div class=\"panel-heading\" id=\"headingFaq-3\">\n                                <div class=\"panel-title\" data-toggle=\"collapse\" aria-expanded=\"false\" href=\"#collapseFaq-3\">\n                                    <h3 itemprop=\"name\">\u00bfExiste alguna forma de automatizar las auditor\u00edas del sitio web?<\/h3>\n                                <\/div>\n                            <\/div>\n                            <div id=\"collapseFaq-3\" class=\"panel-collapse collapse\" itemprop=\"acceptedAnswer\" itemscope itemtype=\"http:\/\/schema.org\/Answer\">\n                                <div class=\"panel-body\" itemprop=\"text\">S\u00ed, Sitechecker ofrece rastreo programado y monitorizaci\u00f3n autom\u00e1tica para realizar un seguimiento de los cambios de SEO y rendimiento.<\/div>\n                            <\/div>\n                        <\/div><div class=\"panel\" itemscope itemtype=\"https:\/\/schema.org\/Question\" itemprop=\"mainEntity\">\n                            <div class=\"panel-heading\" id=\"headingFaq-4\">\n                                <div class=\"panel-title\" data-toggle=\"collapse\" aria-expanded=\"false\" href=\"#collapseFaq-4\">\n                                    <h3 itemprop=\"name\">\u00bfQu\u00e9 sucede si el tama\u00f1o de mi p\u00e1gina es demasiado grande?<\/h3>\n                                <\/div>\n                            <\/div>\n                            <div id=\"collapseFaq-4\" class=\"panel-collapse collapse\" itemprop=\"acceptedAnswer\" itemscope itemtype=\"http:\/\/schema.org\/Answer\">\n                                <div class=\"panel-body\" itemprop=\"text\">La herramienta proporciona recomendaciones como comprimir im\u00e1genes, minimizar el c\u00f3digo y optimizar los recursos para reducir el peso y mejorar el rendimiento.<\/div>\n                            <\/div>\n                        <\/div><div class=\"panel\" itemscope itemtype=\"https:\/\/schema.org\/Question\" itemprop=\"mainEntity\">\n                            <div class=\"panel-heading\" id=\"headingFaq-5\">\n                                <div class=\"panel-title\" data-toggle=\"collapse\" aria-expanded=\"false\" href=\"#collapseFaq-5\">\n                                    <h3 itemprop=\"name\">\u00bfLa herramienta proporciona recomendaciones para solucionar los problemas detectados?<\/h3>\n                                <\/div>\n                            <\/div>\n                            <div id=\"collapseFaq-5\" class=\"panel-collapse collapse\" itemprop=\"acceptedAnswer\" itemscope itemtype=\"http:\/\/schema.org\/Answer\">\n                                <div class=\"panel-body\" itemprop=\"text\">S\u00ed, cada problema identificado viene con soluciones pr\u00e1cticas para optimizar el rendimiento del sitio web y el SEO.<\/div>\n                            <\/div>\n                        <\/div><\/div><\/div><\/p>","protected":false},"excerpt":{"rendered":"\u00bfQu\u00e9 es el Comprobador de tama\u00f1o de p\u00e1gina? El Comprobador de tama\u00f1o de p\u00e1gina de Sitechecker es una herramienta que analiza el tama\u00f1o de las p\u00e1ginas web en megabytes para ayudar a optimizar el rendimiento. Ofrece dos opciones de auditor\u00eda: una comprobaci\u00f3n r\u00e1pida del tama\u00f1o de una sola p\u00e1gina y un an\u00e1lisis exhaustivo de todas&#8230;","protected":false},"author":10409641,"featured_media":3353,"parent":0,"menu_order":0,"comment_status":"closed","ping_status":"closed","template":"pages-templates\/pages-minitools-3.php","meta":[],"categories":[74],"tags":[],"_links":{"self":[{"href":"https:\/\/sitechecker.pro\/es\/wp-json\/wp\/v2\/pages\/1133"}],"collection":[{"href":"https:\/\/sitechecker.pro\/es\/wp-json\/wp\/v2\/pages"}],"about":[{"href":"https:\/\/sitechecker.pro\/es\/wp-json\/wp\/v2\/types\/page"}],"author":[{"embeddable":true,"href":"https:\/\/sitechecker.pro\/es\/wp-json\/wp\/v2\/users\/10409641"}],"replies":[{"embeddable":true,"href":"https:\/\/sitechecker.pro\/es\/wp-json\/wp\/v2\/comments?post=1133"}],"version-history":[{"count":104,"href":"https:\/\/sitechecker.pro\/es\/wp-json\/wp\/v2\/pages\/1133\/revisions"}],"predecessor-version":[{"id":39296,"href":"https:\/\/sitechecker.pro\/es\/wp-json\/wp\/v2\/pages\/1133\/revisions\/39296"}],"wp:featuredmedia":[{"embeddable":true,"href":"https:\/\/sitechecker.pro\/es\/wp-json\/wp\/v2\/media\/3353"}],"wp:attachment":[{"href":"https:\/\/sitechecker.pro\/es\/wp-json\/wp\/v2\/media?parent=1133"}],"wp:term":[{"taxonomy":"category","embeddable":true,"href":"https:\/\/sitechecker.pro\/es\/wp-json\/wp\/v2\/categories?post=1133"},{"taxonomy":"post_tag","embeddable":true,"href":"https:\/\/sitechecker.pro\/es\/wp-json\/wp\/v2\/tags?post=1133"}],"curies":[{"name":"wp","href":"https:\/\/api.w.org\/{rel}","templated":true}]}}