{"id":11266,"date":"2021-01-04T18:17:45","date_gmt":"2021-01-04T16:17:45","guid":{"rendered":"https:\/\/sitechecker.pro\/?page_id=11266"},"modified":"2024-10-03T13:51:23","modified_gmt":"2024-10-03T13:51:23","slug":"game-hosting","status":"publish","type":"page","link":"https:\/\/sitechecker.pro\/es\/web-hosting\/game-hosting\/","title":{"rendered":"Los mejores servicios de alojamiento de servidores de juegos | Sitechecker"},"content":{"rendered":"<p><span style=\"font-weight: 400;\">\u00bfQu\u00e9 es un servidor dedicado en los juegos y por qu\u00e9 es importante hoy en d\u00eda? El alojamiento de juegos es b\u00e1sicamente VPS o alojamiento dedicado en su esencia.\u00a0<\/span><\/p>\n<p><span style=\"font-weight: 400;\">Pero se distingue por un panel de control espec\u00edfico (o complementos sobre el sistema est\u00e1ndar) y un software de servidor totalmente personalizado para un juego espec\u00edfico en funci\u00f3n de sus requisitos.\u00a0<\/span><\/p>\n<p><span style=\"font-weight: 400;\">El alojamiento de servidores de juegos dedicados se ha vuelto popular debido a la creciente demanda de entretenimiento de los usuarios en l\u00ednea. Adem\u00e1s, el auge de los juegos multijugador como Minecraft, CS: GO o Counter Strike1.6 tambi\u00e9n hace que se elija el mejor servidor de alojamiento de juegos entre toda la variedad del mercado.<\/span><\/p>\n<p><span style=\"font-weight: 400;\">Se imponen una serie de requisitos a dicho alojamiento, tanto para los componentes de hardware como de software, de modo que el proyecto solo se vuelve solicitado en un entorno competitivo. Si est\u00e1 pensando en utilizar el alojamiento de servidores de juegos, nuestras rese\u00f1as le permitir\u00e1n alojar su juego favorito en los mejores servidores de alojamiento de juegos.<\/span><\/p>\n<h2><b>Los 5 mejores proveedores de alojamiento de juegos<\/b><\/h2>\n<ol>\n<li><a href=\"#ik_knownhost\">KnownHost<\/a> \u2013 Alojamiento de servidor de juegos econ\u00f3mico (de $ 28 a $ 158)<\/li>\n<li><a href=\"#ik_gameservers\">GameServers<\/a> \u2013 el mejor alojamiento de servidor de juegos dedicado (de $ 69,99 a $ 179,99)<\/li>\n<li><a href=\"#ik_servermania\">Servermania<\/a> \u2013 Alojamiento de servidor de juegos asequible (de $ 90 a $ 980)<\/li>\n<li><a href=\"#ik_a2hosting\">A2Hosting<\/a> \u2013 el alojamiento de servidor de juegos m\u00e1s r\u00e1pido (de $ 99.59 a $ 141.09)<\/li>\n<li><a href=\"#ik_inmotion\">InMotion<\/a> \u2013 los mejores servidores de alojamiento de juegos (desde $ 99,99 hasta $ 139,99)<\/li>\n<\/ol>\n<h2><b>\u00bfC\u00f3mo elegir el mejor alojamiento de servidor de juegos?<\/b><\/h2>\n<p><span style=\"font-weight: 400;\">Para garantizar el funcionamiento estable del servidor del juego, debe elegir un proveedor confiable. Los criterios a considerar al elegir servicios son similares a los criterios para elegir servidores para otros tipos de alojamiento, pero hay varias caracter\u00edsticas clave a considerar. Considere los siguientes factores de selecci\u00f3n:<\/span><\/p>\n<h3><b>Factor 1: tiempo de actividad y ancho de banda<\/b><\/h3>\n<p><span style=\"font-weight: 400;\">Una de las caracter\u00edsticas m\u00e1s importantes del alojamiento es el tiempo de actividad y el ancho de banda. El primero es el tiempo de funcionamiento desde el \u00faltimo encendido. Cuanto m\u00e1s alto sea, m\u00e1s confiable ser\u00e1 el servidor. Esta \u00faltima es la velocidad a la que se transfieren los datos a trav\u00e9s de una red inform\u00e1tica. Imagina que la carretera tiene dos carriles. En este caso, solo dos coches pueden pasar por \u00e9l. Cuantos m\u00e1s carriles tenga, m\u00e1s autom\u00f3viles podr\u00e1n circular por la autopista. Ambos par\u00e1metros significan que puede contar con que funcionar\u00e1 sin interrupciones durante mucho tiempo. Por lo tanto, coloque el juego solo en plataformas confiables con alto tiempo de actividad y ancho de banda ilimitado.<\/span><\/p>\n<h3><b>Factor 2 &#8211; Velocidad y rendimiento<\/b><\/h3>\n<p><span style=\"font-weight: 400;\">Es importante considerar la velocidad de la conexi\u00f3n al servidor y la velocidad de su respuesta al cliente. Cuanto mayor sea la velocidad, menor ser\u00e1 la latencia. Por lo tanto, el juego no se ralentiza, lo que crea un campo de juego nivelado para los jugadores y establece el equilibrio competitivo del juego. Cuando se trata de rendimiento, los juegos suponen una gran carga para la CPU \/ RAM del servidor. Entonces, piense en el hardware, cuyos requisitos espec\u00edficos dependen del juego que elija.<\/span><\/p>\n<h3><b>Factor 3 &#8211; Gesti\u00f3n y automatizaci\u00f3n<\/b><\/h3>\n<p><span style=\"font-weight: 400;\">Administrar un servidor no es f\u00e1cil para todos. Por lo tanto, si este es su primer proyecto, entonces vale la pena elegir un servidor de juegos con actualizaciones autom\u00e1ticas, una gran selecci\u00f3n de paneles de control para la administraci\u00f3n, instalaci\u00f3n de software con un solo clic, automatizaci\u00f3n de la actualizaci\u00f3n del kernel del sistema operativo sin reiniciar el servidor. De hecho, existe una diferencia entre los paneles de control que se ofrecen en el alojamiento regular y orientado al sitio, y los que se utilizan para alojar servidores de juegos. Necesitar\u00e1 m\u00e1s detalles sobre el estado del hardware y la carga de los componentes individuales de los servidores alquilados.<\/span><\/p>\n<h2><b>Diferentes tipos de alojamiento de servidor de juegos<\/b><\/h2>\n<h2><span style=\"font-weight: 400;\">Antes de elegir entre varias ofertas de proveedores de servicios, debe decidir qu\u00e9 tipo de alojamiento es el adecuado para su propio proyecto. Consid\u00e9relos con m\u00e1s detalle.<\/span><\/h2>\n<h3><b>Alojamiento dedicado<\/b><\/h3>\n<p><span style=\"font-weight: 400;\">Esto significa que el cliente puede colocar proyectos de juegos en equipos f\u00edsicos separados en el centro de datos y administrar de forma independiente los recursos asignados. Esta soluci\u00f3n le permite instalar cualquier software, mantener grandes bases de datos e implementar m\u00faltiples proyectos. Dependiendo de las necesidades del negocio, es posible elegir configuraciones listas para usar o completamente personalizadas.<\/span><\/p>\n<p><span style=\"font-weight: 400;\">Puede elegir entre una amplia variedad de servicios de alojamiento dedicados econ\u00f3micos seg\u00fan sus necesidades.<\/span><\/p>\n<h3><b>VPS<\/b><\/h3>\n<p><span style=\"font-weight: 400;\">Seg\u00fan el principio de funcionamiento y las peculiaridades del funcionamiento, un servidor privado virtual no es muy diferente de un servidor f\u00edsico. No tiene restricciones sobre la cantidad de sitios alojados, bases de datos, zonas de dominio, y su propietario-administrador tiene derecho a trabajar con archivos, instalar aplicaciones y realizar otras operaciones a trav\u00e9s del acceso ra\u00edz. Un servidor virtual le cuesta al usuario mucho m\u00e1s barato que alquilar un servidor f\u00edsico comparable en capacidad. Al mismo tiempo, puede ver que el rendimiento de VDS \/ VPS puede ser incluso mayor. Adem\u00e1s, es muy f\u00e1cil para un servidor virtual agregar m\u00e1s capacidad en forma de RAM adicional, n\u00facleos de procesador o espacio en el disco duro. Esto se convierte en una necesidad con la creciente audiencia de juegos populares.<\/span><\/p>\n<p><span style=\"font-weight: 400;\">Por lo tanto, eche un vistazo m\u00e1s de cerca a los servicios de alojamiento VPS para ver los beneficios reales para sus propios proyectos.<\/span><\/p>\n<h3><b>Alojamiento en la nube<\/b><\/h3>\n<p><span style=\"font-weight: 400;\">Si se utiliza esta opci\u00f3n para almacenar datos, el usuario tiene acceso a los recursos de varios servidores. Este enfoque asegura el funcionamiento ininterrumpido del recurso incluso si falla uno de los servidores. Este m\u00e9todo de almacenamiento de datos tiene dos ventajas m\u00e1s: usted paga solo por la energ\u00eda consumida: cu\u00e1nto espacio ocupaba, cu\u00e1nto pagaba; no es necesario calcular los vol\u00famenes requeridos, habr\u00e1 tanto espacio en la nube como el cliente necesite, los recursos asignados se ajustan autom\u00e1ticamente. Con la nube, puede escalar la capacidad de alojamiento r\u00e1pidamente para cumplir con los requisitos de los usuarios.<\/span><\/p>\n<p><span style=\"font-weight: 400;\">Aqu\u00ed tienes proveedores de alojamiento en la nube a los que puedes postularte con total confianza.<\/span><\/p>\n<h2><b>#1<\/b><a href=\"https:\/\/www.knownhost.com?aid=37a3de62\"> <b>KnownHost<\/b><\/a><b> \u2013 Alojamiento de servidor de juegos econ\u00f3mico<\/b><\/h2>\n<p><span style=\"font-weight: 400;\">KnownHost proporciona un conjunto de soluciones de alojamiento. Pero la empresa se centra principalmente en proporcionar un VPS 100% administrado con SSD y un alojamiento dedicado administrado con un 99,99% de tiempo de actividad garantizado. Las opciones de SSD VPS (por $ 28 \/ mes) incluyen Premium Raid Storage y actualizaciones autom\u00e1ticas. KnownHost tambi\u00e9n es conocido por sus servidores KVM Cloud VPS completamente administrados (por $ 50.40 \/ mes). Vienen con actualizaciones autom\u00e1ticas y almacenamiento en la nube. Sus servidores dedicados administrados (por $ 158 \/ mes) tambi\u00e9n se actualizan autom\u00e1ticamente. KnownHost ofrece migraciones gratuitas para todos estos planes.<\/span><\/p>\n<p><span style=\"font-weight: 400;\"><div class=\"content__img-wrap\"><img src=\"https:\/\/sitechecker.pro\/wp-content\/uploads\/2021\/01\/Best-game-hosting-KnownHost.png\" alt=\"Alojamiento de servidor de juegos econ\u00f3mico - KnownHost\" class=\"description-img description-img-zoom\" loading=\"lazy\" ><\/div><\/span><\/p>\n<h3><b>Caracter\u00edsticas y Beneficios:<\/b><\/h3>\n<ul>\n<li style=\"font-weight: 400;\" aria-level=\"1\"><span style=\"font-weight: 400;\">Actualizaciones autom\u00e1ticas,<\/span><\/li>\n<li style=\"font-weight: 400;\" aria-level=\"1\"><span style=\"font-weight: 400;\">Migraciones gratuitas,<\/span><\/li>\n<li style=\"font-weight: 400;\" aria-level=\"1\"><span style=\"font-weight: 400;\">Protecci\u00f3n DDoS gratuita,<\/span><\/li>\n<li style=\"font-weight: 400;\" aria-level=\"1\"><span style=\"font-weight: 400;\">Copias de seguridad de datos gratuitas,<\/span><\/li>\n<li style=\"font-weight: 400;\" aria-level=\"1\"><span style=\"font-weight: 400;\">Soporte t\u00e9cnico 24\/7\/365<\/span><\/li>\n<\/ul>\n<p><b>Ubicaci\u00f3n del servidor:<\/b><span style=\"font-weight: 400;\"> EE. UU.<\/span><\/p>\n<h2><b>#2<\/b><a href=\"https:\/\/www.gameservers.com\/?ref=1666975\"> <b>GameServers.com<\/b><\/a><b> \u2013 El Mejor Alojamiento de servidor de juegos dedicado<\/b><\/h2>\n<p><span style=\"font-weight: 400;\">GameServers.com se fund\u00f3 en 2004 para trabajar directamente con los desarrolladores que cubren todos los aspectos clave del alojamiento de servidores de juegos. Hoy, el equipo se enorgullece de servir a m\u00e1s de 500.000 clientes en todo el mundo. En general, GameServers.com es la empresa l\u00edder en alojamiento de servidores de juegos que ofrece alojar los juegos m\u00e1s populares y m\u00e1s. Los servidores de juegos populares que alojan incluyen Minecraft, Call of Duty, Rust, etc. Por lo tanto, esta lista hace que esta empresa sea confiable. Adem\u00e1s, ofrecen precios asequibles. Permiten a los clientes instalar juegos en su propio servidor dedicado a partir de $ 69,99 por mes.<\/span><\/p>\n<p><span style=\"font-weight: 400;\"><div class=\"content__img-wrap\"><img src=\"https:\/\/sitechecker.pro\/wp-content\/uploads\/2021\/01\/Best-game-hosting-GameServers.png\" alt=\"El mejor alojamiento de servidor de juegos dedicado: GameServers\" class=\"description-img description-img-zoom\" loading=\"lazy\" ><\/div><\/span><\/p>\n<h3><b>Caracter\u00edsticas y Beneficios:<\/b><\/h3>\n<ul>\n<li style=\"font-weight: 400;\" aria-level=\"1\"><span style=\"font-weight: 400;\">Servidores dedicados con conexiones de 1000 Mbps y espacio IP \/ 29,<\/span><\/li>\n<li style=\"font-weight: 400;\" aria-level=\"1\"><span style=\"font-weight: 400;\">Infraestructura HDD \/ SSD,<\/span><\/li>\n<li style=\"font-weight: 400;\" aria-level=\"1\"><span style=\"font-weight: 400;\">Paquetes totalmente personalizados con varios complementos, etc.<\/span><\/li>\n<\/ul>\n<p><b>Ubicaci\u00f3n del servidor:<\/b><span style=\"font-weight: 400;\"> global<\/span><\/p>\n<p><span style=\"font-weight: 400;\">\u00a0<\/span><\/p>\n<h2><b>#3<\/b><a href=\"https:\/\/idev.servermania.com\/idevaffiliate.php?id=10272\"> <b>Servermania<\/b><\/a><b> \u2013 Alojamiento de servidor de juegos asequible<\/b><\/h2>\n<p><span style=\"font-weight: 400;\">Desde 2002, ServerMania ha sido un servicio de alojamiento canadiense l\u00edder que proporciona VPS en la nube y servidores dedicados (en Windows \/ Linux) para juegos. El equipo est\u00e1 listo para proporcionar complementos a las soluciones de almacenamiento y seguridad para su servicio. La compa\u00f1\u00eda ofrece paquetes personalizados y competitivos a partir de $ 90 por mes con una amplia variedad de configuraciones b\u00e1sicas.<\/span><\/p>\n<p><span style=\"font-weight: 400;\"><div class=\"content__img-wrap\"><img src=\"https:\/\/sitechecker.pro\/wp-content\/uploads\/2021\/01\/Best-game-hosting-ServerMania.png\" alt=\"Alojamiento de servidor de juegos asequible - ServerMania\" class=\"description-img description-img-zoom\" loading=\"lazy\" ><\/div><\/span><\/p>\n<h3><b>Caracter\u00edsticas y Beneficios:<\/b><\/h3>\n<ul>\n<li style=\"font-weight: 400;\" aria-level=\"1\"><span style=\"font-weight: 400;\">Acuerdo de nivel de servicio 100% de tiempo de actividad de la red,<\/span><\/li>\n<li style=\"font-weight: 400;\" aria-level=\"1\"><span style=\"font-weight: 400;\">Velocidades de red de hasta 20 Gbps,<\/span><\/li>\n<li style=\"font-weight: 400;\" aria-level=\"1\"><span style=\"font-weight: 400;\">Ubicaci\u00f3n global del servidor,<\/span><\/li>\n<li style=\"font-weight: 400;\" aria-level=\"1\"><span style=\"font-weight: 400;\">Soluciones de hospedaje personalizadas,<\/span><\/li>\n<li style=\"font-weight: 400;\" aria-level=\"1\"><span style=\"font-weight: 400;\">Soporte personalizado 24\/7<\/span><\/li>\n<\/ul>\n<h2><b>#4<\/b><a href=\"https:\/\/www.a2hosting.com?aid=5fdcbd252ad90\"> <b>A2 Hosting<\/b><\/a><b> \u2013 el servidor de hosting para juegos m\u00e1s r\u00e1pido<\/b><\/h2>\n<p><span style=\"font-weight: 400;\">A2 Hosting es una empresa ecol\u00f3gica que opera desde 2003. a la que puede postularse como el mejor servidor de alojamiento dedicado para juegos. Han ganado el reconocimiento de la industria por sus soluciones de alojamiento, como el alojamiento m\u00e1s r\u00e1pido. Todos vienen con una opci\u00f3n de Turbo Server para una carga r\u00e1pida de la p\u00e1gina. Los VPS y los servidores dedicados se dividen en dos categor\u00edas: administrados (por $ 141.09 \/ mes) y no administrados (por $ 99.59 \/ mes). Ambos tienen una buena relaci\u00f3n calidad-precio.<\/span><\/p>\n<p><span style=\"font-weight: 400;\"><div class=\"content__img-wrap\"><img src=\"https:\/\/sitechecker.pro\/wp-content\/uploads\/2021\/01\/Best-game-hosting-A2Hosting.png\" alt=\"El servidor de hosting para juegos m\u00e1s r\u00e1pido: A2Hosting\" class=\"description-img description-img-zoom\" loading=\"lazy\" ><\/div><\/span><\/p>\n<h3><b>Caracter\u00edsticas y Beneficios:<\/b><\/h3>\n<ul>\n<li style=\"font-weight: 400;\" aria-level=\"1\"><span style=\"font-weight: 400;\">Servidores turbo 20 veces m\u00e1s r\u00e1pidos que otros,<\/span><\/li>\n<li style=\"font-weight: 400;\" aria-level=\"1\"><span style=\"font-weight: 400;\">Servidores ultra fiables con un tiempo de actividad del 99,9%<\/span><\/li>\n<li style=\"font-weight: 400;\" aria-level=\"1\"><span style=\"font-weight: 400;\">Panel de control Easy cPanel, etc.<\/span><\/li>\n<\/ul>\n<p><span style=\"font-weight: 400;\">Ubicaci\u00f3n del servidor: EE. UU., Pa\u00edses Bajos y Singapur<\/span><\/p>\n<h2><b>#5<\/b><a href=\"https:\/\/ua.inmotionhosting.com\/cgi-bin\/gby\/clickthru.cgi?id=gmmediagroup\"> <b>InMotion<\/b><\/a><b> \u2013 los mejores servidores de alojamiento de juegos<\/b><\/h2>\n<p><span style=\"font-weight: 400;\">InMotion ha estado proporcionando servicios desde 2001. Hoy en d\u00eda, sigue siendo uno de los proveedores m\u00e1s populares con una infraestructura de clase mundial optimizada para un rendimiento de alta velocidad y un excelente soporte t\u00e9cnico. Con sus planes bien definidos, obtendr\u00e1 una soluci\u00f3n de alojamiento precisa con las poderosas herramientas que necesita para su proyecto de juego. Sus ofertas de precios ya incluyen descuentos en suscripciones por uno o dos a\u00f1os.<\/span><\/p>\n<p><span style=\"font-weight: 400;\"><div class=\"content__img-wrap\"><img src=\"https:\/\/sitechecker.pro\/wp-content\/uploads\/2021\/01\/Best-game-hosting-InMotion.png\" alt=\"Los mejores servidores de alojamiento de juegos: InMotion\" class=\"description-img description-img-zoom\" loading=\"lazy\" ><\/div><\/span><\/p>\n<h3><b>Caracter\u00edsticas y Beneficios:<\/b><\/h3>\n<ul>\n<li style=\"font-weight: 400;\" aria-level=\"1\"><span style=\"font-weight: 400;\">99,9% de garant\u00eda de funcionamiento ininterrumpido,<\/span><\/li>\n<li style=\"font-weight: 400;\" aria-level=\"1\"><span style=\"font-weight: 400;\">Actualizaciones sin reinicio sin tiempo de inactividad,<\/span><\/li>\n<li style=\"font-weight: 400;\" aria-level=\"1\"><span style=\"font-weight: 400;\">M\u00faltiples centros de datos,<\/span><\/li>\n<li style=\"font-weight: 400;\" aria-level=\"1\"><span style=\"font-weight: 400;\">Configuraciones avanzadas, etc.<\/span><\/li>\n<\/ul>\n<p><b>Ubicaci\u00f3n del servidor:<\/b><span style=\"font-weight: 400;\"> EE. UU.<\/span><\/p>\n<h2><b>Preguntas frecuentes sobre el mejor alojamiento de servidores de juegos<\/b><\/h2>\n<h3><b>\u00bfHay alojamientos de servidor de juegos gratuitos?<\/b><\/h3>\n<p><span style=\"font-weight: 400;\">Es bastante improbable encontrar servidores de juegos gratuitos con servicios de alta calidad. Lo m\u00e1ximo que puede obtener de forma gratuita es un cierto per\u00edodo de prueba (7-14 d\u00edas). Es bueno si puede probar el producto antes de comprarlo. Al realizar la prueba, compruebe la velocidad de la conexi\u00f3n de red, el rendimiento del subsistema de disco y, si es posible, realice una prueba de esfuerzo si el servidor puede manejar la carga requerida. Incluso si encuentra proveedores de alojamiento de servidores de juegos gratuitos, no puede esperar ning\u00fan soporte, tiempo de actividad o servidores r\u00e1pidos.<\/span><\/p>\n<ul>\n<li style=\"font-weight: 400;\" aria-level=\"1\"><a href=\"https:\/\/sitechecker.pro\/web-hosting\/namecheap-vs-bluehost\/\"><span style=\"font-weight: 400;\">Namecheap vs Bluehost: 2021 Ultimate Hosting Comparison<\/span><\/a><\/li>\n<li style=\"font-weight: 400;\" aria-level=\"1\"><a href=\"https:\/\/sitechecker.pro\/web-hosting\/siteground-vs-hostgator\/\"><span style=\"font-weight: 400;\">Siteground vs Hostgator: 2021 Ultimate Hosting Comparison<\/span><\/a><\/li>\n<li style=\"font-weight: 400;\" aria-level=\"1\"><a href=\"https:\/\/sitechecker.pro\/web-hosting\/namecheap-vs-godaddy\/\"><span style=\"font-weight: 400;\">Namecheap vs Godaddy: 2021 Ultimate Hosting Comparison<\/span><\/a><\/li>\n<\/ul>\n<h3><b>\u00bfEs una buena idea comprar un servidor de juegos barato?<\/b><\/h3>\n<p><span style=\"font-weight: 400;\">Teniendo en cuenta el precio como un factor clave a la hora de elegir, puede optar por un alojamiento de servidor de juegos barato si es un proyecto bastante sencillo. Los diferentes juegos tendr\u00e1n diferentes requisitos de rendimiento, velocidad, etc. Por lo tanto, siempre vale la pena verificar toda la informaci\u00f3n. No se olvide de la confiabilidad, la seguridad, el tiempo de actividad y otros factores. El alojamiento con un tiempo de actividad del 99% puede considerarse poco fiable (lo que, sin embargo, depende de los requisitos) y con un tiempo de actividad del 99,99%, es bastante estable. El alojamiento de servidores de juegos baratos con bloqueos regulares es claramente menos valioso que las opciones asequibles entre las que puede elegir en nuestras revisiones.<\/span><\/p>\n<h3><b>\u00bfQu\u00e9 es un servidor dedicado en los juegos?<\/b><\/h3>\n<p><span style=\"font-weight: 400;\">Este es un servidor separado, que en t\u00e9rminos de capacidad debe cumplir con los requisitos m\u00ednimos del juego. Los videojuegos requieren muchos m\u00e1s recursos que los sitios est\u00e1ticos y otros proyectos web. Por lo tanto, las empresas de alojamiento de juegos mantienen en sus centros de datos solo m\u00e1quinas con los procesadores multin\u00facleo m\u00e1s relevantes adaptados para trabajar con tareas que requieren muchos recursos. Estos servidores almacenan datos de jugadores y ejecutan l\u00f3gica en tiempo real que describe la ubicaci\u00f3n y las acciones de los personajes en el mundo virtual.<\/span><\/p>","protected":false},"excerpt":{"rendered":"\u00bfQu\u00e9 es un servidor dedicado en los juegos y por qu\u00e9 es importante hoy en d\u00eda? El alojamiento de juegos es b\u00e1sicamente VPS o alojamiento dedicado en su esencia.\u00a0 Pero se distingue por un panel de control espec\u00edfico (o complementos sobre el sistema est\u00e1ndar) y un software de servidor totalmente personalizado para un juego espec\u00edfico&#8230;","protected":false},"author":10504980,"featured_media":11388,"parent":9033,"menu_order":0,"comment_status":"closed","ping_status":"closed","template":"pages-templates\/pages-v2.php","meta":[],"categories":[44],"tags":[],"_links":{"self":[{"href":"https:\/\/sitechecker.pro\/es\/wp-json\/wp\/v2\/pages\/11266"}],"collection":[{"href":"https:\/\/sitechecker.pro\/es\/wp-json\/wp\/v2\/pages"}],"about":[{"href":"https:\/\/sitechecker.pro\/es\/wp-json\/wp\/v2\/types\/page"}],"author":[{"embeddable":true,"href":"https:\/\/sitechecker.pro\/es\/wp-json\/wp\/v2\/users\/10504980"}],"replies":[{"embeddable":true,"href":"https:\/\/sitechecker.pro\/es\/wp-json\/wp\/v2\/comments?post=11266"}],"version-history":[{"count":8,"href":"https:\/\/sitechecker.pro\/es\/wp-json\/wp\/v2\/pages\/11266\/revisions"}],"predecessor-version":[{"id":33652,"href":"https:\/\/sitechecker.pro\/es\/wp-json\/wp\/v2\/pages\/11266\/revisions\/33652"}],"up":[{"embeddable":true,"href":"https:\/\/sitechecker.pro\/es\/wp-json\/wp\/v2\/pages\/9033"}],"wp:featuredmedia":[{"embeddable":true,"href":"https:\/\/sitechecker.pro\/es\/wp-json\/wp\/v2\/media\/11388"}],"wp:attachment":[{"href":"https:\/\/sitechecker.pro\/es\/wp-json\/wp\/v2\/media?parent=11266"}],"wp:term":[{"taxonomy":"category","embeddable":true,"href":"https:\/\/sitechecker.pro\/es\/wp-json\/wp\/v2\/categories?post=11266"},{"taxonomy":"post_tag","embeddable":true,"href":"https:\/\/sitechecker.pro\/es\/wp-json\/wp\/v2\/tags?post=11266"}],"curies":[{"name":"wp","href":"https:\/\/api.w.org\/{rel}","templated":true}]}}