{"id":1104,"date":"2018-01-09T09:34:19","date_gmt":"2018-01-09T09:34:19","guid":{"rendered":"https:\/\/sitechecker.pro\/?page_id=1104"},"modified":"2026-02-03T13:08:36","modified_gmt":"2026-02-03T13:08:36","slug":"external-links","status":"publish","type":"page","link":"https:\/\/sitechecker.pro\/es\/external-links\/","title":{"rendered":"Externos verificador de enlaces | Comprobar enlaces salientes \u2611"},"content":{"rendered":"<p><\/p>\n<h2 id=\"par1\">\u00bfQu\u00e9 es un Comprobador de Enlaces Externos?<\/h2>\n<p>El analizador de enlaces externos es una herramienta dise\u00f1ada profesionalmente que le permite identificar y rastrear todos los hiperv\u00ednculos salientes de cualquier p\u00e1gina espec\u00edfica de su sitio web, cubriendo cada URL. Adem\u00e1s, ayuda a identificar y rectificar cualquier problema relacionado con los hiperv\u00ednculos salientes externos en su sitio web. Adem\u00e1s, esta herramienta tambi\u00e9n le ayuda a desarrollar e implementar una estrategia de enlaces salientes efectiva.<\/p>\n<h3>\u00bfC\u00f3mo puede ayudarle la herramienta?<\/h3>\n<p><strong>An\u00e1lisis de cantidad y calidad de enlaces: <\/strong>eval\u00fae la cantidad y calidad de los sitios externos vinculados a su sitio web, distinguiendo entre destinos de alta y baja calidad.<\/p>\n<p><strong>Comprobaci\u00f3n de spam y relevancia: <\/strong>analice la relevancia del contenido de los enlaces salientes para asegurarse de que no se perciban como spam y contribuyan positivamente a la autoridad de su sitio.<\/p>\n<p><strong>Gesti\u00f3n de peso de hiperv\u00ednculos: <\/strong>ayuda a mantener un perfil equilibrado de URL entrantes y salientes, fundamental para el ranking de p\u00e1ginas y la optimizaci\u00f3n de motores de b\u00fasqueda (SEO).<\/p>\n<h3>Caracter\u00edsticas clave de la herramienta<\/h3>\n<p><strong>Panel de control unificado: <\/strong>ofrece una plataforma centralizada donde los usuarios pueden acceder y analizar todos los datos y m\u00e9tricas de SEO. Este panel de control permite supervisar y gestionar f\u00e1cilmente varios aspectos de SEO de un sitio web, incluido el tr\u00e1fico, el ranking de palabras clave y el estado del sitio.<\/p>\n<p><strong>Interfaz f\u00e1cil de usar: <\/strong>dise\u00f1ada con la simplicidad en mente, la interfaz de Sitechecker es intuitiva, lo que la hace accesible incluso para aquellos que no son expertos en SEO. Esto garantiza que los usuarios puedan navegar y utilizar el conjunto de herramientas de manera eficiente.<\/p>\n<p><strong>Conjunto de herramientas SEO completo: <\/strong><a href=\"https:\/\/sitechecker.pro\/\" target=\"_blank\" rel=\"noopener noreferrer\">Sitechecker<\/a> incluye un conjunto completo de herramientas de SEO que cubren varios aspectos como la auditor\u00eda del sitio, el seguimiento del ranking, la comprobaci\u00f3n de backlinks y m\u00e1s. Este conjunto de herramientas proporciona informaci\u00f3n detallada y recomendaciones pr\u00e1cticas para mejorar el rendimiento del sitio web en los resultados de los motores de b\u00fasqueda.<\/p>\n<h2 id=\"par2\">\u00bfC\u00f3mo utilizar la herramienta de verificaci\u00f3n de enlaces salientes?<\/h2>\n<p>Supongamos que desea examinar todo su sitio web y auditar cada URL individualmente para verificar si hay enlaces externos. Repasemos la herramienta de verificaci\u00f3n de enlaces externos paso a paso.<\/p>\n<p>Los resultados del an\u00e1lisis de una sola p\u00e1gina se mostrar\u00e1n en la pantalla de inmediato. Para verificar el dominio y enviar todos los enlaces externos que conducen a su sitio, aproveche el per\u00edodo de prueba gratuito que se ofrece.<\/p>\n<div class=\"content__img-wrap\"><img src=\"https:\/\/sitechecker.pro\/wp-content\/uploads\/2024\/08\/1-External-links-selector-min.png\" alt=\"Outbound External Link Checker\" class=\"description-img description-img-zoom\" loading=\"lazy\" ><\/div>\n<h2 id=\"par3\">Comprobaci\u00f3n de dominio<\/h2>\n<h3>Paso 1: Seleccione la opci\u00f3n de dominio, ingrese el dominio que desea examinar y haga clic en el bot\u00f3n &#8220;Comprobar enlaces externos&#8221;<\/h3>\n<div class=\"content__img-wrap\"><img src=\"https:\/\/sitechecker.pro\/wp-content\/uploads\/2024\/08\/2-External-links-Website-Check-min.png\" alt=\"Outbound External Link Checker Domain Check\" class=\"description-img description-img-zoom\" loading=\"lazy\" ><\/div>\n<div class=\"important-block\">Para recibir resultados y acceso a las funciones de Sitechecker durante 14 d\u00edas, comience su prueba GRATUITA. Reg\u00edstrese es f\u00e1cil con su cuenta de correo electr\u00f3nico, Google o Facebook. No se necesita tarjeta de cr\u00e9dito.<\/div>\n<h3>Paso 2: Obtenga la Resultado del comprobador de enlaces externos del sitio web<\/h3>\n<p>Se incluye una auditor\u00eda completa del sitio gratuita cuando escanea un dominio. Nuestro rastreador descubre problemas con las URL externas, como problemas con el c\u00f3digo de estado, entre otras cosas. Le ayudar\u00e1 a solucionar el problema de hiperv\u00ednculo externo de todo el sitio y determinar si se produjeron nuevos problemas.<\/p>\n<p>Encuentre la lista de URL con ese problema haciendo clic en el problema. Hay un bot\u00f3n para mostrar la conexi\u00f3n interna de las p\u00e1ginas rotas y consejos sobre c\u00f3mo solucionarlo.<\/p>\n<div class=\"content__img-wrap\"><img src=\"https:\/\/sitechecker.pro\/wp-content\/uploads\/2024\/01\/links-issues.png\" alt=\"Problemas de enlaces\" class=\"description-img description-img-zoom\" loading=\"lazy\" ><\/div>\n<p>La herramienta presenta una funci\u00f3n de &#8220;Enlaces externos&#8221; dise\u00f1ada para auditar los enlaces salientes de un sitio web. Proporciona una lista de URL a las que las p\u00e1ginas del sitio se vinculan externamente, con el n\u00famero de p\u00e1ginas asociadas a cada URL. Hay una funcionalidad para filtrar URL y administrar columnas de visualizaci\u00f3n, lo que mejora el control del usuario sobre los datos. El panel derecho clasifica los problemas por tipo y prioridad, con una secci\u00f3n dedicada a &#8220;Enlaces externos&#8221;. Esta funci\u00f3n ayuda a identificar y gestionar la estrategia del sitio para fines de SEO, lo que garantiza que las URL contribuyan positivamente a la autoridad y relevancia en l\u00ednea del sitio.<\/p>\n<div class=\"content__img-wrap\"><img src=\"https:\/\/sitechecker.pro\/wp-content\/uploads\/2024\/01\/external-links-issues.png\" alt=\"Problemas de enlaces externos\" class=\"description-img description-img-zoom\" loading=\"lazy\" ><\/div>\n<div class=\"content__img-wrap\"><img src=\"https:\/\/sitechecker.pro\/wp-content\/uploads\/2024\/01\/pages-external-links.png\" alt=\"P\u00e1ginas Enlaces externos\" class=\"description-img description-img-zoom\" loading=\"lazy\" ><\/div>\n<h3>El esc\u00e1ner de enlaces externos de dominios\/sitios web tambi\u00e9n tiene las siguientes funciones<\/h3>\n<p>En la p\u00e1gina de resumen de la auditor\u00eda del sitio, encontrar\u00e1 una descripci\u00f3n general de los problemas de enlaces externos e <a href=\"https:\/\/sitechecker.pro\/internal-links\/\" target=\"_blank\" rel=\"noopener noreferrer\">internos<\/a>. Puede filtrar los problemas por categor\u00edas, como problemas cr\u00edticos, advertencias, oportunidades y avisos. Alternativamente, puede verlos seg\u00fan el tipo de tema; por ejemplo, indexabilidad, seguridad, velocidad de la p\u00e1gina, etc.<\/p>\n<p>Esto hace que sea mucho m\u00e1s f\u00e1cil concentrarse en los problemas m\u00e1s importantes para el \u00e9xito de su sitio web.<\/p>\n<div class=\"content__img-wrap\"><img src=\"https:\/\/sitechecker.pro\/wp-content\/uploads\/2024\/01\/all-issues-sort.png\" alt=\"Ordenar todos los problemas\" class=\"description-img description-img-zoom\" loading=\"lazy\" ><\/div>\n<h2 id=\"par4\">Verificaci\u00f3n de p\u00e1gina<\/h2>\n<h3>Paso 1: seleccione la opci\u00f3n URL, ingrese la URL que desea examinar y haga clic en el bot\u00f3n &#8220;Verificar enlaces externos&#8221;.<\/h3>\n<div class=\"content__img-wrap\"><img src=\"https:\/\/sitechecker.pro\/wp-content\/uploads\/2024\/08\/3-External-link-Page-Check-min.png\" alt=\"Verificaci\u00f3n de p\u00e1gina del verificador de enlaces externos\" class=\"description-img description-img-zoom\" loading=\"lazy\" ><\/div>\n<h3>Paso 2: obtenga el resultado<\/h3>\n<p>Una secci\u00f3n denominada &#8220;Enlaces&#8221;, que se centra en &#8220;Enlaces externos&#8221;, enumera los enlaces salientes que se encuentran en la p\u00e1gina. Para cada URL externa listada, proporciona la direcci\u00f3n, el texto de anclaje utilizado y el c\u00f3digo de estado HTTP para indicar la respuesta del servidor.<\/p>\n<div class=\"content__img-wrap\"><img src=\"https:\/\/sitechecker.pro\/wp-content\/uploads\/2024\/01\/on-page-seo-checker-1.png\" alt=\"On Page Seo Checker\" class=\"description-img description-img-zoom\" loading=\"lazy\" ><\/div>\n<p>De manera similar, la secci\u00f3n &#8220;Enlaces&#8221; tambi\u00e9n tendr\u00eda categor\u00edas para &#8220;Enlaces internos&#8221; y &#8220;Enlaces de subdominio&#8221;. Tambi\u00e9n enumeran las URL que proporcionan la direcci\u00f3n, el texto de anclaje utilizado y el c\u00f3digo de estado HTTP.<\/p>\n<div class=\"content__img-wrap\"><img src=\"https:\/\/sitechecker.pro\/wp-content\/uploads\/2024\/01\/internal-subdomain-links-1.png\" alt=\"Enlaces de subdominio internos\" class=\"description-img description-img-zoom\" loading=\"lazy\" ><\/div>\n<p>Para comprender completamente la funcionalidad de la herramienta m\u00e1s all\u00e1 de los enlaces salientes en una sola p\u00e1gina, consulte las pantallas de confirmaci\u00f3n de dominio que se encuentran en la secci\u00f3n inicial de la gu\u00eda despu\u00e9s de un escaneo de dominio.<\/p>\n<p>O simplemente haga clic en &#8220;Auditor\u00eda del sitio&#8221; para explorar las caracter\u00edsticas de la herramienta.<br \/>\nPuede explorar las capacidades de la herramienta y visualizar c\u00f3mo podr\u00eda funcionar para su sitio web.<\/p>\n<div class=\"content__img-wrap\"><img src=\"https:\/\/sitechecker.pro\/wp-content\/uploads\/2024\/01\/run-full-website-audit.png\" alt=\"Ejecutar auditor\u00eda completa del sitio web\" class=\"description-img description-img-zoom\" loading=\"lazy\" ><\/div>\n<h2 id=\"par5\">Caracter\u00edsticas adicionales de la herramienta<\/h2>\n<p>El comprobador de hiperv\u00ednculos externos mejora el SEO al mejorar la calidad del contenido, garantizar que los datos estructurados sean compatibles con los motores de b\u00fasqueda, optimizar las im\u00e1genes para la web, ofrecer informaci\u00f3n sobre el rendimiento de b\u00fasqueda y analizar las velocidades de carga para una mejor experiencia del usuario y clasificaciones de b\u00fasqueda.<\/p>\n<div class=\"content__img-wrap\"><img src=\"https:\/\/sitechecker.pro\/wp-content\/uploads\/2024\/01\/issues-overview-2.png\" alt=\"Descripci\u00f3n general de los problemas\" class=\"description-img description-img-zoom\" loading=\"lazy\" ><\/div>\n<h2 id=\"par6\">Observaciones finales<\/h2>\n<p>El verificador de URL externas salientes es una herramienta dise\u00f1ada profesionalmente que ayuda a encontrar enlaces salientes y rastrearlos para p\u00e1ginas espec\u00edficas de su sitio web. Las caracter\u00edsticas clave incluyen la recopilaci\u00f3n de datos extensos para cada URL, la identificaci\u00f3n de errores y la provisi\u00f3n de monitoreo las 24 horas del d\u00eda. Esta herramienta ayuda a lograr un equilibrio en el Page Rank, verificar y mantener las referencias salientes relevantes y autorizadas. El <a href=\"https:\/\/sitechecker.pro\/on-page-seo-checker\/\" target=\"_blank\" rel=\"noopener noreferrer\">verificador de SEO<\/a> ofrece verificaciones de dominio y p\u00e1gina, brindando a los usuarios resultados detallados y sugerencias para mejorar. <\/p>\n<div id=\"par7\"><\/div>\n<p><div class=\"front__faq-block\"><div class=\"faq__block-title\">Preguntas frecuentes<\/div><div class=\"panel-group\" id=\"faq-accordion\" itemscope itemtype=\"https:\/\/schema.org\/FAQPage\" role=\"tablist\" aria-multiselectable=\"true\"><div class=\"panel\" itemscope itemtype=\"https:\/\/schema.org\/Question\" itemprop=\"mainEntity\">\n                            <div class=\"panel-heading\" id=\"headingFaq-1\">\n                                <div class=\"panel-title\" data-toggle=\"collapse\" aria-expanded=\"false\" href=\"#collapseFaq-1\">\n                                    <h3 itemprop=\"name\">\u00bfC\u00f3mo comprobar los enlaces externos en un sitio web?<\/h3>\n                                <\/div>\n                            <\/div>\n                            <div id=\"collapseFaq-1\" class=\"panel-collapse collapse\" itemprop=\"acceptedAnswer\" itemscope itemtype=\"http:\/\/schema.org\/Answer\">\n                                <div class=\"panel-body\" itemprop=\"text\">Para inspeccionar las URL externas salientes en un sitio web, utilice la herramienta Sitechecker. Seleccione la opci\u00f3n de verificaci\u00f3n de dominio o p\u00e1gina, ingrese la URL o el dominio y comience la prueba gratuita. La herramienta analizar\u00e1 los datos y preparar\u00e1 resultados completos, incluidos detalles sobre las URL salientes, los estados dofollow y el texto de anclaje. Este proceso lo ayudar\u00e1 a identificar y resolver cualquier problema relacionado con las referencias salientes y, al mismo tiempo, le proporcionar\u00e1 informaci\u00f3n sobre una estrategia eficaz.<\/div>\n                            <\/div>\n                        <\/div><div class=\"panel\" itemscope itemtype=\"https:\/\/schema.org\/Question\" itemprop=\"mainEntity\">\n                            <div class=\"panel-heading\" id=\"headingFaq-2\">\n                                <div class=\"panel-title\" data-toggle=\"collapse\" aria-expanded=\"false\" href=\"#collapseFaq-2\">\n                                    <h3 itemprop=\"name\">\u00bfC\u00f3mo puedo comprobar si un enlace es seguro?<\/h3>\n                                <\/div>\n                            <\/div>\n                            <div id=\"collapseFaq-2\" class=\"panel-collapse collapse\" itemprop=\"acceptedAnswer\" itemscope itemtype=\"http:\/\/schema.org\/Answer\">\n                                <div class=\"panel-body\" itemprop=\"text\">Si necesita verificar si un recurso al que desea vincular es seguro y no es spam, puede usar Sitechecker <a href=\"https:\/\/sitechecker.pro\/website-safety\/\" target=\"_blank\" rel=\"noopener noreferrer\">herramienta de seguridad de sitios web<\/a><\/div>\n                            <\/div>\n                        <\/div><div class=\"panel\" itemscope itemtype=\"https:\/\/schema.org\/Question\" itemprop=\"mainEntity\">\n                            <div class=\"panel-heading\" id=\"headingFaq-3\">\n                                <div class=\"panel-title\" data-toggle=\"collapse\" aria-expanded=\"false\" href=\"#collapseFaq-3\">\n                                    <h3 itemprop=\"name\">\u00bfC\u00f3mo se comprueba si un enlace es externo o interno?<\/h3>\n                                <\/div>\n                            <\/div>\n                            <div id=\"collapseFaq-3\" class=\"panel-collapse collapse\" itemprop=\"acceptedAnswer\" itemscope itemtype=\"http:\/\/schema.org\/Answer\">\n                                <div class=\"panel-body\" itemprop=\"text\">Para comprobar si una URL es interna o externa, utilice un analizador de URL externas como nuestro Sitechecker. Al escanear un dominio o una p\u00e1gina espec\u00edfica, la soluci\u00f3n analiza los datos y proporciona informaci\u00f3n sobre las URL externas e internas, lo que facilita la diferenciaci\u00f3n entre los dos tipos.<\/div>\n                            <\/div>\n                        <\/div><div class=\"panel\" itemscope itemtype=\"https:\/\/schema.org\/Question\" itemprop=\"mainEntity\">\n                            <div class=\"panel-heading\" id=\"headingFaq-4\">\n                                <div class=\"panel-title\" data-toggle=\"collapse\" aria-expanded=\"false\" href=\"#collapseFaq-4\">\n                                    <h3 itemprop=\"name\">\u00bfC\u00f3mo hacer que su p\u00e1gina sea relevante?<\/h3>\n                                <\/div>\n                            <\/div>\n                            <div id=\"collapseFaq-4\" class=\"panel-collapse collapse\" itemprop=\"acceptedAnswer\" itemscope itemtype=\"http:\/\/schema.org\/Answer\">\n                                <div class=\"panel-body\" itemprop=\"text\">Para mejorar la relevancia de la p\u00e1gina, haga que todas sus partes sean relevantes, cree una estructura de sitio de calidad y trabaje en los enlaces entre ellas. Consejo importante: el ancla debe estar llena de palabras clave sobre el mismo tema que las p\u00e1ginas de destino. De esta manera, las palabras clave seleccionadas atraer\u00e1n tr\u00e1fico objetivo. Sin embargo, es fundamental utilizar diferentes textos de palabras clave, ya que los detectores de spam pueden bloquear su sitio web.<\/div>\n                            <\/div>\n                        <\/div><div class=\"panel\" itemscope itemtype=\"https:\/\/schema.org\/Question\" itemprop=\"mainEntity\">\n                            <div class=\"panel-heading\" id=\"headingFaq-5\">\n                                <div class=\"panel-title\" data-toggle=\"collapse\" aria-expanded=\"false\" href=\"#collapseFaq-5\">\n                                    <h3 itemprop=\"name\">\u00bfCu\u00e1les son las otras formas de encontrar enlaces externos en mi sitio web?<\/h3>\n                                <\/div>\n                            <\/div>\n                            <div id=\"collapseFaq-5\" class=\"panel-collapse collapse\" itemprop=\"acceptedAnswer\" itemscope itemtype=\"http:\/\/schema.org\/Answer\">\n                                <div class=\"panel-body\" itemprop=\"text\">Existen otras formas de verificar referencias externas; por ejemplo, Google Search Console o herramientas similares a nuestro analizador de enlaces externos.<\/div>\n                            <\/div>\n                        <\/div><\/div><\/div><\/p>","protected":false},"excerpt":{"rendered":"\u00bfQu\u00e9 es un Comprobador de Enlaces Externos? El analizador de enlaces externos es una herramienta dise\u00f1ada profesionalmente que le permite identificar y rastrear todos los hiperv\u00ednculos salientes de cualquier p\u00e1gina espec\u00edfica de su sitio web, cubriendo cada URL. Adem\u00e1s, ayuda a identificar y rectificar cualquier problema relacionado con los hiperv\u00ednculos salientes externos en su sitio&#8230;","protected":false},"author":10409641,"featured_media":3741,"parent":0,"menu_order":0,"comment_status":"closed","ping_status":"closed","template":"pages-templates\/pages-minitools-3.php","meta":[],"categories":[72],"tags":[],"_links":{"self":[{"href":"https:\/\/sitechecker.pro\/es\/wp-json\/wp\/v2\/pages\/1104"}],"collection":[{"href":"https:\/\/sitechecker.pro\/es\/wp-json\/wp\/v2\/pages"}],"about":[{"href":"https:\/\/sitechecker.pro\/es\/wp-json\/wp\/v2\/types\/page"}],"author":[{"embeddable":true,"href":"https:\/\/sitechecker.pro\/es\/wp-json\/wp\/v2\/users\/10409641"}],"replies":[{"embeddable":true,"href":"https:\/\/sitechecker.pro\/es\/wp-json\/wp\/v2\/comments?post=1104"}],"version-history":[{"count":69,"href":"https:\/\/sitechecker.pro\/es\/wp-json\/wp\/v2\/pages\/1104\/revisions"}],"predecessor-version":[{"id":39246,"href":"https:\/\/sitechecker.pro\/es\/wp-json\/wp\/v2\/pages\/1104\/revisions\/39246"}],"wp:featuredmedia":[{"embeddable":true,"href":"https:\/\/sitechecker.pro\/es\/wp-json\/wp\/v2\/media\/3741"}],"wp:attachment":[{"href":"https:\/\/sitechecker.pro\/es\/wp-json\/wp\/v2\/media?parent=1104"}],"wp:term":[{"taxonomy":"category","embeddable":true,"href":"https:\/\/sitechecker.pro\/es\/wp-json\/wp\/v2\/categories?post=1104"},{"taxonomy":"post_tag","embeddable":true,"href":"https:\/\/sitechecker.pro\/es\/wp-json\/wp\/v2\/tags?post=1104"}],"curies":[{"name":"wp","href":"https:\/\/api.w.org\/{rel}","templated":true}]}}