{"id":1063,"date":"2020-07-08T13:23:40","date_gmt":"2020-07-08T11:23:40","guid":{"rendered":"https:\/\/sitechecker.pro\/?page_id=1063"},"modified":"2026-02-19T15:27:13","modified_gmt":"2026-02-19T15:27:13","slug":"speed-test","status":"publish","type":"page","link":"https:\/\/sitechecker.pro\/es\/speed-test\/","title":{"rendered":"Prueba de velocidad del sitio web"},"content":{"rendered":"<p><\/p>\n<h2 id=\"par1\">\u00bfQu\u00e9 es una prueba de velocidad de sitios web?<\/h2>\n<p>La prueba de velocidad de sitios web de <a href=\"https:\/\/sitechecker.pro\/\" target=\"_blank\" rel=\"noopener noreferrer\">Sitechecker<\/a> es una herramienta que eval\u00faa el rendimiento de las p\u00e1ginas web mediante el an\u00e1lisis de diversas m\u00e9tricas, como <a href=\"https:\/\/sitechecker.pro\/what-is-first-contentful-paint\/\" target=\"_blank\" rel=\"noopener noreferrer\">FCP<\/a>, FID, <a href=\"https:\/\/sitechecker.pro\/what-is-largest-contentful-paint\/\" target=\"_blank\" rel=\"noopener noreferrer\">LCP<\/a>, <a href=\"https:\/\/sitechecker.pro\/what-is-cumulative-layout-shift\/\" target=\"_blank\" rel=\"noopener noreferrer\">CLS<\/a> y m\u00e1s. Estas m\u00e9tricas eval\u00faan la rapidez con la que se muestra visualmente el contenido y la capacidad de respuesta de una p\u00e1gina a sus interacciones.<\/p>\n<p>Esta herramienta, que funciona con la API de Google PageSpeed \u200b\u200bInsights, califica la velocidad del sitio web en una escala de 0 a 100; las puntuaciones m\u00e1s altas indican un rendimiento superior. Facilita la prueba de las versiones de escritorio y m\u00f3viles de un sitio, y proporciona informaci\u00f3n para identificar y resolver los factores que contribuyen a la latencia del sitio.<\/p>\n<h3>\u00bfC\u00f3mo puede ayudarle la herramienta?<\/h3>\n<p><strong>Calificaci\u00f3n del rendimiento: <\/strong>utiliza la API de Google PageSpeed \u200b\u200bInsights para calificar la velocidad de un sitio web en una escala de 0 a 100.<\/p>\n<p><strong>Pruebas de escritorio y m\u00f3viles: <\/strong>ofrece la posibilidad de analizar el rendimiento de las versiones de escritorio y m\u00f3viles del sitio.<\/p>\n<p><strong>Evaluaci\u00f3n de Core Web Vitals: <\/strong>eval\u00faa m\u00e9tricas cr\u00edticas de la experiencia del usuario, como FCP, FID, LCP y CLS.<\/p>\n<p><strong>Recomendaciones para resolver problemas de velocidad de carga de p\u00e1ginas: <\/strong>Proporciona informes detallados y sugerencias para mejorar los tiempos de carga de las p\u00e1ginas y el rendimiento general del sitio web.<\/p>\n<p><strong>Resultados en tiempo real: <\/strong>Ofrece un an\u00e1lisis r\u00e1pido y comentarios inmediatos sobre las m\u00e9tricas de rendimiento del sitio web.<\/p>\n<h3>Caracter\u00edsticas clave de la herramienta<\/h3>\n<p><strong>Panel unificado: <\/strong>Una plataforma centralizada donde puede ver an\u00e1lisis e informes completos sobre el rendimiento SEO de su sitio web.<\/p>\n<p><strong>Interfaz f\u00e1cil de usar: <\/strong>Un dise\u00f1o intuitivo que simplifica la navegaci\u00f3n y facilita que los usuarios de todos los niveles de habilidad accedan y utilicen las herramientas SEO.<\/p>\n<p><strong>Conjunto completo de herramientas SEO: <\/strong>Una s\u00f3lida colecci\u00f3n de herramientas para investigaci\u00f3n de palabras clave, auditor\u00eda de sitios, seguimiento de clasificaci\u00f3n, an\u00e1lisis de v\u00ednculos de retroceso y m\u00e1s, que proporciona un conjunto completo de recursos para optimizar la presencia de un sitio web en los motores de b\u00fasqueda.<\/p>\n<h2 id=\"par2\">\u00bfC\u00f3mo utilizar la herramienta?<\/h2>\n<p>Obtenga informaci\u00f3n detallada sobre la velocidad de carga y el tama\u00f1o de la p\u00e1gina, o encuentre p\u00e1ginas con problemas de velocidad en todo el sitio. Una prueba de velocidad es una forma muy conveniente de obtener los resultados de la prueba y compararlos con los indicadores despu\u00e9s de corregir los errores en su sitio.<\/p>\n<p>Speed \u200b\u200bChecker se puede utilizar de dos formas: probando la velocidad del sitio web o una p\u00e1gina espec\u00edfica. Elija la opci\u00f3n que necesita, pegue la URL o el dominio y verifique. Despu\u00e9s de eso, la herramienta comenzar\u00e1 a escanear los datos. Puede ver c\u00f3mo iniciar el proceso de escaneo a continuaci\u00f3n.<\/p>\n<div class=\"content__img-wrap\"><img src=\"https:\/\/sitechecker.pro\/wp-content\/uploads\/2024\/08\/1-Site-Speed-Selector-min.png\" alt=\"Prueba de velocidad del sitio web\" class=\"description-img description-img-zoom\" loading=\"lazy\" ><\/div>\n<h2 id=\"par3\">Prueba de velocidad para sitios web<\/h2>\n<h3>Paso 1: inserte su dominio<\/h3>\n<p>Si desea verificar un dominio, presione el bot\u00f3n &#8220;verificar dominio&#8221;. Ingresa tu nombre de dominio en el campo de abajo, presiona el bot\u00f3n y \u00a1listo!<\/p>\n<div class=\"content__img-wrap\"><img src=\"https:\/\/sitechecker.pro\/wp-content\/uploads\/2024\/08\/2-Site-Speed-Test-min.png\" alt=\"Prueba de velocidad de dominio\" class=\"description-img description-img-zoom\" loading=\"lazy\" ><\/div>\n<div class=\"important-block\">Para recibir resultados y acceder a las funciones de Sitechecker durante 14 d\u00edas, comienza tu prueba GRATUITA. Registrarse es f\u00e1cil con tu correo electr\u00f3nico, cuenta de Google o Facebook. No se necesita tarjeta de cr\u00e9dito.<\/div>\n<h3>Paso 2: Obt\u00e9n el resultado<\/h3>\n<p>Al escanear un dominio, se crear\u00e1 una auditor\u00eda del sitio para ese dominio, que revelar\u00e1 numerosos problemas con la velocidad de la p\u00e1gina, como una puntuaci\u00f3n baja en la informaci\u00f3n sobre la velocidad de la p\u00e1gina, un tama\u00f1o de p\u00e1gina grande de m\u00e1s de 4 MB, tama\u00f1os de archivo CSS mayores a 15 KB, etc. Puedes descubrir qu\u00e9 p\u00e1ginas se ven afectadas haciendo clic en cualquier problema determinado y obtener un informe detallado sobre la velocidad de la p\u00e1gina. De esta manera, puede identificar y corregir r\u00e1pidamente cualquier falla existente.<\/p>\n<div class=\"content__img-wrap\"><img src=\"https:\/\/sitechecker.pro\/wp-content\/uploads\/2024\/01\/page-speed-issues.png\" alt=\"Problemas de velocidad de p\u00e1gina\" class=\"description-img description-img-zoom\" loading=\"lazy\" ><\/div>\n<h3>Funciones adicionales de la prueba de velocidad en caso de verificar el dominio<\/h3>\n<p>Adem\u00e1s, despu\u00e9s de que haya completado la verificaci\u00f3n del dominio, recibir\u00e1 un informe de auditor\u00eda integral del sitio web que lo ayudar\u00e1 a encontrar cualquier problema en su sitio. El estudio tambi\u00e9n incluir\u00e1 sugerencias sobre c\u00f3mo abordar los problemas identificados.<\/p>\n<p>El informe clasifica los problemas por tipo, como Cr\u00edticos, Advertencias, Oportunidades, Avisos y Problemas cero, o por categor\u00eda, como Enlaces, Indexabilidad, Relevancia del contenido, etc. Tambi\u00e9n puede utilizar el <a href=\"https:\/\/sitechecker.pro\/page-counter\/\"> Contador de p\u00e1ginas<\/a> para realizar un seguimiento de la cantidad total de p\u00e1ginas en su sitio y asegurarse de que se aborden todos los problemas identificados para cada p\u00e1gina. Esta funci\u00f3n le ayuda a identificar y resolver los problemas m\u00e1s relevantes para el \u00e9xito de su sitio web.<\/p>\n<div class=\"content__img-wrap\"><img src=\"https:\/\/sitechecker.pro\/wp-content\/uploads\/2024\/01\/issues-list-2.png\" alt=\"Lista de problemas\" class=\"description-img description-img-zoom\" loading=\"lazy\" ><\/div>\n<h2 id=\"par4\">Prueba de velocidad de p\u00e1gina<\/h2>\n<h3>Paso 1: inserta tu URL<\/h3>\n<p>Si quieres comprobar una p\u00e1gina espec\u00edfica, pulsa el bot\u00f3n &#8220;Verificar p\u00e1gina&#8221;. Introduce tu URL en el campo de abajo y pulsa el bot\u00f3n.<\/p>\n<div class=\"content__img-wrap\"><img src=\"https:\/\/sitechecker.pro\/wp-content\/uploads\/2024\/08\/3-Page-Speed-Test-min.png\" alt=\"Prueba de velocidad de p\u00e1gina\" class=\"description-img description-img-zoom\" loading=\"lazy\" ><\/div>\n<h3>Paso 2: analiza el resultado<\/h3>\n<p>Escanearemos tu p\u00e1gina y detectaremos la velocidad de carga de la p\u00e1gina. Tardar\u00e1 solo unos segundos y recibir\u00e1s los resultados de tu URL de inmediato.<\/p>\n<p>La p\u00e1gina de resultados muestra la puntuaci\u00f3n general de la p\u00e1gina y, debajo, el \u00edndice de velocidad de Google junto con las m\u00e9tricas de velocidad de carga.<\/p>\n<div class=\"content__img-wrap\"><img src=\"https:\/\/sitechecker.pro\/wp-content\/uploads\/2024\/01\/page-speed-results.png\" alt=\"Resultados de velocidad de p\u00e1gina\" class=\"description-img description-img-zoom\" loading=\"lazy\" ><\/div>\n<p>La herramienta Page Speed \u200b\u200bChecker muestra las m\u00e9tricas de rendimiento de un sitio web. Los &#8220;datos de campo&#8221; indican un incumplimiento de los Core Web Vitals, detallando los tiempos de carga y la estabilidad. Los &#8220;datos de laboratorio&#8221; revelan retrasos en la interacci\u00f3n en tiempo real y la velocidad de carga visual, lo que orienta los esfuerzos de optimizaci\u00f3n.<\/p>\n<p>Page Speed \u200b\u200bChecker le proporciona consejos \u00fatiles sobre c\u00f3mo acelerar las p\u00e1ginas de su sitio y qu\u00e9 errores debe cometer para lograrlo.<\/p>\n<div class=\"content__img-wrap\"><img src=\"https:\/\/sitechecker.pro\/wp-content\/uploads\/2024\/01\/page-speed-checker-metrics.png\" alt=\"M\u00e9tricas de Page Speed  Checker\" class=\"description-img description-img-zoom\" loading=\"lazy\" ><\/div>\n<p>Adem\u00e1s, puede cambiar f\u00e1cilmente entre los resultados de velocidad de p\u00e1gina de escritorio y m\u00f3vil. Eso le ayudar\u00e1 a mejorar la velocidad de la p\u00e1gina y optimizarla para todo tipo de dispositivos.<\/p>\n<div class=\"content__img-wrap\"><img src=\"https:\/\/sitechecker.pro\/wp-content\/uploads\/2024\/01\/page-speed-mobile-desktop.png\" alt=\"Page Speed  Mobile Desktop\" class=\"description-img description-img-zoom\" loading=\"lazy\" ><\/div>\n<p>Para comprender en profundidad las capacidades de la herramienta de prueba de velocidad de sitios web despu\u00e9s de escanear una sola URL, considere seleccionar &#8220;Ejecutar una auditor\u00eda completa del sitio web&#8221;. Tambi\u00e9n puede consultar la secci\u00f3n inicial del manual sobre la verificaci\u00f3n de dominios para identificar todos los problemas relacionados con la velocidad en su sitio.<\/p>\n<p>Adem\u00e1s, hay disponible un proyecto de demostraci\u00f3n interactivo para demostrar los beneficios pr\u00e1cticos de usar esta herramienta.<\/p>\n<p>En la secci\u00f3n &#8220;Auditor\u00eda del sitio&#8221;, la herramienta presenta un proyecto de muestra que le permite familiarizarse con sus funciones y aprender a aprovecharlas para la evaluaci\u00f3n de SEO de su sitio web.<\/p>\n<div class=\"content__img-wrap\"><img src=\"https:\/\/sitechecker.pro\/wp-content\/uploads\/2024\/01\/run-full-website-audit-1.png\" alt=\"Ejecutar una auditor\u00eda completa del sitio web\" class=\"description-img description-img-zoom\" loading=\"lazy\" ><\/div>\n<h3>Funciones adicionales<\/h3>\n<p>El comprobador de velocidad de carga de p\u00e1ginas presenta una auditor\u00eda detallada del rendimiento de la p\u00e1gina, destacando informaci\u00f3n cr\u00edtica dentro de una interfaz optimizada.<\/p>\n<p>En la secci\u00f3n Descripci\u00f3n general de problemas, puede comprender de inmediato la gravedad de los problemas categorizados en &#8220;Cr\u00edticos&#8221; y &#8220;Advertencias&#8221;.<\/p>\n<p>La barra de navegaci\u00f3n de la p\u00e1gina a la derecha permite un acceso r\u00e1pido a varias secciones del informe, incluidas Optimizaci\u00f3n de contenido, Datos estructurados, Im\u00e1genes, Optimizaci\u00f3n de b\u00fasqueda y Enlaces, lo que le permite navegar de manera eficiente a trav\u00e9s del an\u00e1lisis.<\/p>\n<div class=\"content__img-wrap\"><img src=\"https:\/\/sitechecker.pro\/wp-content\/uploads\/2024\/01\/issues-overview-4.png\" alt=\"Descripci\u00f3n general de los problemas\" class=\"description-img description-img-zoom\" loading=\"lazy\" ><\/div>\n<p>El informe tambi\u00e9n eval\u00faa los problemas relacionados con el rendimiento, donde habilitar la <a href=\"https:\/\/sitechecker.pro\/gzip-test\/\">compresi\u00f3n GZIP<\/a> puede mejorar significativamente la velocidad de su sitio. La compresi\u00f3n de datos de texto reduce los tiempos de carga y mejora la experiencia del usuario, lo que afecta directamente al SEO. Para garantizar que los robots de los motores de b\u00fasqueda puedan acceder f\u00e1cilmente a su sitio, puede usar el <a href=\"https:\/\/sitechecker.pro\/crawlability-checker\/\">comprobador de rastreabilidad<\/a> para identificar cualquier problema que impida que sus p\u00e1ginas se rastreen e indexen correctamente, lo que mejorar\u00e1 su estrategia general de optimizaci\u00f3n del sitio.<\/p>\n<h2 id=\"par5\">Idea final<\/h2>\n<p>El Comprobador de velocidad de sitios web es una herramienta integral que mide el rendimiento de las p\u00e1ginas web mediante m\u00e9tricas como FCP, FID, LCP y CLS, y ofrece una clasificaci\u00f3n del rendimiento y conocimientos pr\u00e1cticos para sitios de escritorio y m\u00f3viles. Sus caracter\u00edsticas principales incluyen un panel unificado, una interfaz f\u00e1cil de usar y un conjunto completo de herramientas de SEO. Para su uso, ofrece pruebas gratuitas para dominios o p\u00e1ginas espec\u00edficas, con la opci\u00f3n de una auditor\u00eda completa del sitio. La herramienta tambi\u00e9n proporciona auditor\u00edas detalladas, identifica problemas y sugiere optimizaciones para mejorar el rendimiento de SEO, todo accesible a trav\u00e9s de una interfaz intuitiva.<\/p>\n<div id=\"par6\"><\/div>\n<p><div class=\"front__faq-block\"><div class=\"faq__block-title\">Preguntas frecuentes<\/div><div class=\"panel-group\" id=\"faq-accordion\" itemscope itemtype=\"https:\/\/schema.org\/FAQPage\" role=\"tablist\" aria-multiselectable=\"true\"><div class=\"panel\" itemscope itemtype=\"https:\/\/schema.org\/Question\" itemprop=\"mainEntity\">\n                            <div class=\"panel-heading\" id=\"headingFaq-1\">\n                                <div class=\"panel-title\" data-toggle=\"collapse\" aria-expanded=\"false\" href=\"#collapseFaq-1\">\n                                    <h3 itemprop=\"name\">\u00bfLa herramienta de prueba de velocidad de sitios de Sitechecker puede analizar varias p\u00e1ginas a la vez?<\/h3>\n                                <\/div>\n                            <\/div>\n                            <div id=\"collapseFaq-1\" class=\"panel-collapse collapse\" itemprop=\"acceptedAnswer\" itemscope itemtype=\"http:\/\/schema.org\/Answer\">\n                                <div class=\"panel-body\" itemprop=\"text\">S\u00ed, la herramienta puede comprobar la velocidad de un sitio web y analizar varias p\u00e1ginas simult\u00e1neamente para detectar problemas de velocidad y rendimiento.<\/div>\n                            <\/div>\n                        <\/div><div class=\"panel\" itemscope itemtype=\"https:\/\/schema.org\/Question\" itemprop=\"mainEntity\">\n                            <div class=\"panel-heading\" id=\"headingFaq-2\">\n                                <div class=\"panel-title\" data-toggle=\"collapse\" aria-expanded=\"false\" href=\"#collapseFaq-2\">\n                                    <h3 itemprop=\"name\">\u00bfExiste alg\u00fan costo asociado con el uso de la herramienta de prueba de velocidad de sitios web para comprobar dominios o p\u00e1ginas?<\/h3>\n                                <\/div>\n                            <\/div>\n                            <div id=\"collapseFaq-2\" class=\"panel-collapse collapse\" itemprop=\"acceptedAnswer\" itemscope itemtype=\"http:\/\/schema.org\/Answer\">\n                                <div class=\"panel-body\" itemprop=\"text\">La herramienta ofrece una prueba gratuita para comprobar dominios y p\u00e1ginas, sin necesidad de tarjeta de cr\u00e9dito para registrarse.<\/div>\n                            <\/div>\n                        <\/div><div class=\"panel\" itemscope itemtype=\"https:\/\/schema.org\/Question\" itemprop=\"mainEntity\">\n                            <div class=\"panel-heading\" id=\"headingFaq-3\">\n                                <div class=\"panel-title\" data-toggle=\"collapse\" aria-expanded=\"false\" href=\"#collapseFaq-3\">\n                                    <h3 itemprop=\"name\">\u00bfLa herramienta de prueba de velocidad de sitios web ofrece sugerencias para mejorar el rendimiento del sitio?<\/h3>\n                                <\/div>\n                            <\/div>\n                            <div id=\"collapseFaq-3\" class=\"panel-collapse collapse\" itemprop=\"acceptedAnswer\" itemscope itemtype=\"http:\/\/schema.org\/Answer\">\n                                <div class=\"panel-body\" itemprop=\"text\">S\u00ed, proporciona un informe detallado con recomendaciones de optimizaci\u00f3n para mejorar el rendimiento del sitio.<\/div>\n                            <\/div>\n                        <\/div><div class=\"panel\" itemscope itemtype=\"https:\/\/schema.org\/Question\" itemprop=\"mainEntity\">\n                            <div class=\"panel-heading\" id=\"headingFaq-4\">\n                                <div class=\"panel-title\" data-toggle=\"collapse\" aria-expanded=\"false\" href=\"#collapseFaq-4\">\n                                    <h3 itemprop=\"name\">\u00bfCu\u00e1nto tiempo se tarda en obtener los resultados de la prueba de velocidad de sitios web?<\/h3>\n                                <\/div>\n                            <\/div>\n                            <div id=\"collapseFaq-4\" class=\"panel-collapse collapse\" itemprop=\"acceptedAnswer\" itemscope itemtype=\"http:\/\/schema.org\/Answer\">\n                                <div class=\"panel-body\" itemprop=\"text\">La herramienta ofrece un an\u00e1lisis r\u00e1pido y proporciona comentarios inmediatos sobre las m\u00e9tricas de rendimiento del sitio web.<\/div>\n                            <\/div>\n                        <\/div><\/div><\/div><\/p>","protected":false},"excerpt":{"rendered":"\u00bfQu\u00e9 es una prueba de velocidad de sitios web? La prueba de velocidad de sitios web de Sitechecker es una herramienta que eval\u00faa el rendimiento de las p\u00e1ginas web mediante el an\u00e1lisis de diversas m\u00e9tricas, como FCP, FID, LCP, CLS y m\u00e1s. Estas m\u00e9tricas eval\u00faan la rapidez con la que se muestra visualmente el contenido&#8230;","protected":false},"author":10409641,"featured_media":3348,"parent":0,"menu_order":0,"comment_status":"closed","ping_status":"closed","template":"pages-templates\/pages-minitools-3.php","meta":[],"categories":[74],"tags":[],"_links":{"self":[{"href":"https:\/\/sitechecker.pro\/es\/wp-json\/wp\/v2\/pages\/1063"}],"collection":[{"href":"https:\/\/sitechecker.pro\/es\/wp-json\/wp\/v2\/pages"}],"about":[{"href":"https:\/\/sitechecker.pro\/es\/wp-json\/wp\/v2\/types\/page"}],"author":[{"embeddable":true,"href":"https:\/\/sitechecker.pro\/es\/wp-json\/wp\/v2\/users\/10409641"}],"replies":[{"embeddable":true,"href":"https:\/\/sitechecker.pro\/es\/wp-json\/wp\/v2\/comments?post=1063"}],"version-history":[{"count":241,"href":"https:\/\/sitechecker.pro\/es\/wp-json\/wp\/v2\/pages\/1063\/revisions"}],"predecessor-version":[{"id":39384,"href":"https:\/\/sitechecker.pro\/es\/wp-json\/wp\/v2\/pages\/1063\/revisions\/39384"}],"wp:featuredmedia":[{"embeddable":true,"href":"https:\/\/sitechecker.pro\/es\/wp-json\/wp\/v2\/media\/3348"}],"wp:attachment":[{"href":"https:\/\/sitechecker.pro\/es\/wp-json\/wp\/v2\/media?parent=1063"}],"wp:term":[{"taxonomy":"category","embeddable":true,"href":"https:\/\/sitechecker.pro\/es\/wp-json\/wp\/v2\/categories?post=1063"},{"taxonomy":"post_tag","embeddable":true,"href":"https:\/\/sitechecker.pro\/es\/wp-json\/wp\/v2\/tags?post=1063"}],"curies":[{"name":"wp","href":"https:\/\/api.w.org\/{rel}","templated":true}]}}