{"id":1003,"date":"2017-12-27T09:37:14","date_gmt":"2017-12-27T09:37:14","guid":{"rendered":"https:\/\/sitechecker.pro\/?page_id=1003"},"modified":"2025-02-27T13:39:56","modified_gmt":"2025-02-27T13:39:56","slug":"http-status-codes","status":"publish","type":"page","link":"https:\/\/sitechecker.pro\/es\/http-status-codes\/","title":{"rendered":"HTTP Status Code Checker: Compruebe los c\u00f3digos de respuesta \u2611"},"content":{"rendered":"<p><\/p>\n<h2 id=\"par1\">\u00bfQu\u00e9 es el comprobador de c\u00f3digo de estado HTTP?<\/h2>\n<p>El validador de c\u00f3digo de estado HTTP de <a href=\"https:\/\/sitechecker.pro\/\" target=\"_blank\" rel=\"noopener noreferrer\">Sitechecker<\/a> ayuda a los usuarios a verificar el estado de respuesta HTTP de una p\u00e1gina web espec\u00edfica o de todas las p\u00e1ginas de un sitio web. Permite a los propietarios de sitios web, desarrolladores y especialistas en SEO identificar r\u00e1pidamente posibles problemas con la accesibilidad de la p\u00e1gina, redirecciones, errores del servidor y enlaces rotos, lo que garantiza un rendimiento fluido del sitio web y una indexaci\u00f3n \u00f3ptima en los motores de b\u00fasqueda.<\/p>\n<h3>\u00bfC\u00f3mo puede ayudarle la herramienta?<\/h3>\n<p><strong>Verificaci\u00f3n de c\u00f3digo de estado HTTP: <\/strong>permite a los usuarios verificar r\u00e1pidamente el c\u00f3digo de estado HTTP de una p\u00e1gina web espec\u00edfica en tiempo real, lo que ayuda a diagnosticar problemas de accesibilidad de inmediato.<\/p>\n<p><strong>Auditor\u00eda del estado del sitio web: <\/strong>proporciona una auditor\u00eda completa de todas las p\u00e1ginas de un sitio web, identificando c\u00f3digos de estado distintos de 200 (por ejemplo, 404, 301, 500), enlaces rotos y cadenas de redireccionamiento que pueden afectar el SEO y la experiencia del usuario.<\/p>\n<p><strong>Supervisi\u00f3n y alertas automatizadas: <\/strong>realiza un seguimiento de los c\u00f3digos de estado del sitio web y env\u00eda alertas por correo electr\u00f3nico sobre enlaces rotos, tiempos de inactividad y tiempos de actividad, lo que permite a los usuarios abordar de forma proactiva los problemas de accesibilidad y garantizar la estabilidad del sitio web.<\/p>\n<h3>Caracter\u00edsticas clave de la herramienta<\/h3>\n<p><strong>Panel unificado: <\/strong>ofrece un centro centralizado donde los usuarios pueden supervisar el rendimiento del sitio web, realizar un seguimiento de las m\u00e9tricas de SEO y acceder a los informes de auditor\u00eda en un solo lugar, lo que garantiza una gesti\u00f3n del flujo de trabajo sin problemas.<\/p>\n<p><strong>Interfaz f\u00e1cil de usar: <\/strong>dise\u00f1ada teniendo en cuenta la simplicidad, lo que facilita que principiantes y profesionales naveguen, interpreten informaci\u00f3n y tomen medidas sin conocimientos t\u00e9cnicos.<\/p>\n<p><strong>Complete SEO Toolset:<\/strong> ofrece un conjunto completo de herramientas de SEO, que incluyen auditor\u00edas de sitios, seguimiento de palabras clave y monitoreo en tiempo real, lo que ayuda a los usuarios a optimizar sus sitios web de manera efectiva.<\/p>\n<h2 id=\"par2\">C\u00f3mo usar la herramienta<\/h2>\n<p>Para usar la herramienta, seleccione una opci\u00f3n de auditor\u00eda: una verificaci\u00f3n r\u00e1pida de una sola p\u00e1gina o una auditor\u00eda completa del sitio web. Haga clic en Iniciar auditor\u00eda para comenzar y luego revise el informe para ver los c\u00f3digos de estado, los enlaces rotos y otros problemas que afecten el rendimiento de su sitio.<\/p>\n<h2 id=\"par3\">C\u00f3digos de estado de prueba para todas las p\u00e1ginas del sitio web<\/h2>\n<h3>Paso 1: Elija la opci\u00f3n &#8220;C\u00f3digos de estado de prueba para todas las p\u00e1ginas&#8221;<\/h3>\n<div class=\"content__img-wrap\"><img src=\"https:\/\/sitechecker.pro\/wp-content\/uploads\/2025\/02\/test-status-codes-all-pages.png\" alt=\"C\u00f3digos de estado de prueba para todas las p\u00e1ginas\" class=\"description-img description-img-zoom\" loading=\"lazy\" ><\/div>\n<div class=\"important-block\">Para recibir resultados y acceder a las funciones de Sitechecker durante 14 d\u00edas, comience su prueba GRATUITA. Reg\u00edstrese f\u00e1cilmente con su correo electr\u00f3nico, cuenta de Google o Facebook. No necesita tarjeta de cr\u00e9dito.<\/div>\n<h3>Paso 2: An\u00e1lisis de resultados<\/h3>\n<p>Obtenga una descripci\u00f3n general completa de los c\u00f3digos de estado HTTP de su sitio web, identificando p\u00e1ginas exitosas, redirecciones, errores y enlaces rotos para garantizar un rendimiento \u00f3ptimo del sitio y visibilidad en los motores de b\u00fasqueda.<\/p>\n<div class=\"content__img-wrap\"><img src=\"https:\/\/sitechecker.pro\/wp-content\/uploads\/2025\/02\/all-html-pages-status-codes.png\" alt=\"Todos los c\u00f3digos de estado de las p\u00e1ginas HTML\" class=\"description-img description-img-zoom\" loading=\"lazy\" ><\/div>\n<h3>Funciones adicionales de la prueba completa del c\u00f3digo de estado<\/h3>\n<p>Haga clic en la secci\u00f3n Auditor\u00eda del sitio para acceder a un informe completo sobre el estado del sitio web. Obtenga informaci\u00f3n m\u00e1s detallada m\u00e1s all\u00e1 de los c\u00f3digos de estado HTTP con una auditor\u00eda detallada que identifica problemas cr\u00edticos, problemas de indexabilidad, relevancia del contenido, riesgos de seguridad, redireccionamientos, velocidad de la p\u00e1gina y errores de validaci\u00f3n de c\u00f3digo, lo que lo ayudar\u00e1 a optimizar el estado y el rendimiento de su sitio web.<\/p>\n<div class=\"content__img-wrap\"><img src=\"https:\/\/sitechecker.pro\/wp-content\/uploads\/2025\/02\/site-audit-issues_67bf156dd1a7a.png\" alt=\"Problemas de auditor\u00eda del sitio\" class=\"description-img description-img-zoom\" loading=\"lazy\" ><\/div>\n<h2 id=\"par4\">Comprobador de c\u00f3digo de estado de URL<\/h2>\n<h3>Paso 1: Elija la opci\u00f3n &#8220;Prueba de c\u00f3digo de estado&#8221; para la p\u00e1gina<\/h3>\n<div class=\"content__img-wrap\"><img src=\"https:\/\/sitechecker.pro\/wp-content\/uploads\/2025\/02\/test-status-code-one-page.png\" alt=\"Prueba de c\u00f3digo de estado de una p\u00e1gina\" class=\"description-img description-img-zoom\" loading=\"lazy\" ><\/div>\n<h3>Paso 2: Obtenci\u00f3n de los resultados<\/h3>\n<p>Cuando agrega una URL a nuestra herramienta en l\u00ednea, rastrearemos su sitio para recopilar datos de esa URL. Este proceso solo lleva unos segundos. En la p\u00e1gina de resultados, encontrar\u00e1 el estado de respuesta de la URL y otros datos de auditor\u00eda de SEO en la p\u00e1gina.<\/p>\n<p><strong>Resultado del verificador de estado HTTP para la p\u00e1gina:<\/strong><\/p>\n<div class=\"content__img-wrap\"><img src=\"https:\/\/sitechecker.pro\/wp-content\/uploads\/2025\/02\/test-status-code-result.png\" alt=\"Resultado del c\u00f3digo de estado de la prueba\" class=\"description-img description-img-zoom\" loading=\"lazy\" ><\/div>\n<p>Visite la secci\u00f3n Auditor\u00eda del sitio para desbloquear todas las capacidades de la herramienta. Pruebe la versi\u00f3n de demostraci\u00f3n para ver c\u00f3mo Sitechecker detecta y resuelve problemas t\u00e9cnicos cr\u00edticos de SEO.<\/p>\n<div class=\"content__img-wrap\"><img src=\"https:\/\/sitechecker.pro\/wp-content\/uploads\/2025\/02\/sitechecker-site-audit_67bf1571df51a.png\" alt=\"Auditor\u00eda del sitio de Sitechecker\" class=\"description-img description-img-zoom\" loading=\"lazy\" ><\/div>\n<h3>Funciones adicionales de la prueba del c\u00f3digo de estado de la p\u00e1gina<\/h3>\n<p>Navegue hasta el panel de Navegaci\u00f3n de la p\u00e1gina en el lado derecho para explorar diferentes categor\u00edas de auditor\u00eda, como Descripci\u00f3n general de problemas, Optimizaci\u00f3n de contenido, Datos estructurados, Im\u00e1genes, Optimizaci\u00f3n de b\u00fasqueda y PageSpeed \u200b\u200bInsights. Cada secci\u00f3n proporciona informaci\u00f3n espec\u00edfica para ayudar a mejorar el rendimiento de su p\u00e1gina web.<\/p>\n<div class=\"content__img-wrap\"><img src=\"https:\/\/sitechecker.pro\/wp-content\/uploads\/2025\/02\/issues-overview_67bf1569d5d82.png\" alt=\"Descripci\u00f3n general de problemas\" class=\"description-img description-img-zoom\" loading=\"lazy\" ><\/div>\n<p>Obtenga un desglose completo del estado de su p\u00e1gina, incluidos los problemas cr\u00edticos y de advertencia. Identifique los problemas de rendimiento, analice el estado de los datos estructurados, optimice las im\u00e1genes y aborde los factores t\u00e9cnicos de SEO para mejorar la visibilidad de b\u00fasqueda y la eficacia del contenido.<\/p>\n<h2 id=\"par5\">Idea final<\/h2>\n<p>El verificador de c\u00f3digo de estado HTTP ayuda a los usuarios a verificar r\u00e1pidamente los c\u00f3digos de respuesta del servidor para p\u00e1ginas individuales o sitios web completos. Identifica problemas de accesibilidad, redirecciones, enlaces rotos y errores del servidor para garantizar un rendimiento sin problemas y una optimizaci\u00f3n SEO. La herramienta ofrece una verificaci\u00f3n de estado en tiempo real, una auditor\u00eda completa del sitio web y un monitoreo automatizado con alertas. Las caracter\u00edsticas adicionales incluyen un panel unificado, una interfaz intuitiva y un conjunto completo de herramientas de SEO. Los usuarios pueden analizar problemas cr\u00edticos del sitio web m\u00e1s all\u00e1 de los c\u00f3digos de estado, incluida la relevancia del contenido, la seguridad y la velocidad de la p\u00e1gina.<\/p>\n<div id=\"par6\"><\/div>\n<p><div class=\"front__faq-block\"><div class=\"faq__block-title\">Preguntas frecuentes<\/div><div class=\"panel-group\" id=\"faq-accordion\" itemscope itemtype=\"https:\/\/schema.org\/FAQPage\" role=\"tablist\" aria-multiselectable=\"true\"><div class=\"panel\" itemscope itemtype=\"https:\/\/schema.org\/Question\" itemprop=\"mainEntity\">\n                            <div class=\"panel-heading\" id=\"headingFaq-1\">\n                                <div class=\"panel-title\" data-toggle=\"collapse\" aria-expanded=\"false\" href=\"#collapseFaq-1\">\n                                    <h3 itemprop=\"name\">\u00bfCu\u00e1l es la diferencia entre verificar una sola p\u00e1gina y una auditor\u00eda completa del sitio web?<\/h3>\n                                <\/div>\n                            <\/div>\n                            <div id=\"collapseFaq-1\" class=\"panel-collapse collapse\" itemprop=\"acceptedAnswer\" itemscope itemtype=\"http:\/\/schema.org\/Answer\">\n                                <div class=\"panel-body\" itemprop=\"text\">Una comprobaci\u00f3n de una sola p\u00e1gina proporciona una respuesta instant\u00e1nea del c\u00f3digo de estado HTTP para una URL espec\u00edfica, mientras que una auditor\u00eda completa del sitio web analiza todas las p\u00e1ginas, detectando redirecciones, enlaces rotos y problemas de SEO.<\/div>\n                            <\/div>\n                        <\/div><div class=\"panel\" itemscope itemtype=\"https:\/\/schema.org\/Question\" itemprop=\"mainEntity\">\n                            <div class=\"panel-heading\" id=\"headingFaq-2\">\n                                <div class=\"panel-title\" data-toggle=\"collapse\" aria-expanded=\"false\" href=\"#collapseFaq-2\">\n                                    <h3 itemprop=\"name\">\u00bfLa herramienta admite la monitorizaci\u00f3n de problemas continuos del sitio web?<\/h3>\n                                <\/div>\n                            <\/div>\n                            <div id=\"collapseFaq-2\" class=\"panel-collapse collapse\" itemprop=\"acceptedAnswer\" itemscope itemtype=\"http:\/\/schema.org\/Answer\">\n                                <div class=\"panel-body\" itemprop=\"text\">S\u00ed, la herramienta incluye monitorizaci\u00f3n y alertas automatizadas, notificando a los usuarios de enlaces rotos, tiempos de inactividad y tiempos de actividad por correo electr\u00f3nico.<\/div>\n                            <\/div>\n                        <\/div><div class=\"panel\" itemscope itemtype=\"https:\/\/schema.org\/Question\" itemprop=\"mainEntity\">\n                            <div class=\"panel-heading\" id=\"headingFaq-3\">\n                                <div class=\"panel-title\" data-toggle=\"collapse\" aria-expanded=\"false\" href=\"#collapseFaq-3\">\n                                    <h3 itemprop=\"name\">\u00bfC\u00f3mo puedo acceder a informes de auditor\u00eda anteriores?<\/h3>\n                                <\/div>\n                            <\/div>\n                            <div id=\"collapseFaq-3\" class=\"panel-collapse collapse\" itemprop=\"acceptedAnswer\" itemscope itemtype=\"http:\/\/schema.org\/Answer\">\n                                <div class=\"panel-body\" itemprop=\"text\">Los usuarios pueden volver a visitar informes de auditor\u00eda anteriores desde el panel de Auditor\u00eda del sitio, donde se almacenan datos hist\u00f3ricos y tendencias para su an\u00e1lisis.<\/div>\n                            <\/div>\n                        <\/div><div class=\"panel\" itemscope itemtype=\"https:\/\/schema.org\/Question\" itemprop=\"mainEntity\">\n                            <div class=\"panel-heading\" id=\"headingFaq-4\">\n                                <div class=\"panel-title\" data-toggle=\"collapse\" aria-expanded=\"false\" href=\"#collapseFaq-4\">\n                                    <h3 itemprop=\"name\">\u00bfPuedo integrar esta herramienta con Google Search Console?<\/h3>\n                                <\/div>\n                            <\/div>\n                            <div id=\"collapseFaq-4\" class=\"panel-collapse collapse\" itemprop=\"acceptedAnswer\" itemscope itemtype=\"http:\/\/schema.org\/Answer\">\n                                <div class=\"panel-body\" itemprop=\"text\">S\u00ed, la herramienta permite la integraci\u00f3n con Google Search Console para mejorar el an\u00e1lisis y proporcionar informaci\u00f3n de indexaci\u00f3n y clasificaci\u00f3n m\u00e1s precisa.<\/div>\n                            <\/div>\n                        <\/div><div class=\"panel\" itemscope itemtype=\"https:\/\/schema.org\/Question\" itemprop=\"mainEntity\">\n                            <div class=\"panel-heading\" id=\"headingFaq-5\">\n                                <div class=\"panel-title\" data-toggle=\"collapse\" aria-expanded=\"false\" href=\"#collapseFaq-5\">\n                                    <h3 itemprop=\"name\">\u00bfCu\u00e1nto tiempo lleva una auditor\u00eda de sitio web?<\/h3>\n                                <\/div>\n                            <\/div>\n                            <div id=\"collapseFaq-5\" class=\"panel-collapse collapse\" itemprop=\"acceptedAnswer\" itemscope itemtype=\"http:\/\/schema.org\/Answer\">\n                                <div class=\"panel-body\" itemprop=\"text\">Una comprobaci\u00f3n de una sola p\u00e1gina lleva segundos, mientras que una auditor\u00eda completa del sitio web depende de la cantidad de p\u00e1ginas, pero generalmente se completa en unos pocos minutos.<\/div>\n                            <\/div>\n                        <\/div><div class=\"panel\" itemscope itemtype=\"https:\/\/schema.org\/Question\" itemprop=\"mainEntity\">\n                            <div class=\"panel-heading\" id=\"headingFaq-6\">\n                                <div class=\"panel-title\" data-toggle=\"collapse\" aria-expanded=\"false\" href=\"#collapseFaq-6\">\n                                    <h3 itemprop=\"name\">\u00bfPuedo hacer un seguimiento de los cambios en los c\u00f3digos de estado de mi sitio web a lo largo del tiempo?<\/h3>\n                                <\/div>\n                            <\/div>\n                            <div id=\"collapseFaq-6\" class=\"panel-collapse collapse\" itemprop=\"acceptedAnswer\" itemscope itemtype=\"http:\/\/schema.org\/Answer\">\n                                <div class=\"panel-body\" itemprop=\"text\">S\u00ed, Sitechecker registra datos hist\u00f3ricos, lo que permite a los usuarios realizar un seguimiento de los cambios en los c\u00f3digos de estado y monitorear las tendencias de salud del sitio web.<\/div>\n                            <\/div>\n                        <\/div><\/div><\/div><\/p>","protected":false},"excerpt":{"rendered":"\u00bfQu\u00e9 es el comprobador de c\u00f3digo de estado HTTP? El validador de c\u00f3digo de estado HTTP de Sitechecker ayuda a los usuarios a verificar el estado de respuesta HTTP de una p\u00e1gina web espec\u00edfica o de todas las p\u00e1ginas de un sitio web. Permite a los propietarios de sitios web, desarrolladores y especialistas en SEO&#8230;","protected":false},"author":10409641,"featured_media":3418,"parent":0,"menu_order":0,"comment_status":"closed","ping_status":"closed","template":"pages-templates\/pages-minitools-3.php","meta":[],"categories":[73],"tags":[],"_links":{"self":[{"href":"https:\/\/sitechecker.pro\/es\/wp-json\/wp\/v2\/pages\/1003"}],"collection":[{"href":"https:\/\/sitechecker.pro\/es\/wp-json\/wp\/v2\/pages"}],"about":[{"href":"https:\/\/sitechecker.pro\/es\/wp-json\/wp\/v2\/types\/page"}],"author":[{"embeddable":true,"href":"https:\/\/sitechecker.pro\/es\/wp-json\/wp\/v2\/users\/10409641"}],"replies":[{"embeddable":true,"href":"https:\/\/sitechecker.pro\/es\/wp-json\/wp\/v2\/comments?post=1003"}],"version-history":[{"count":94,"href":"https:\/\/sitechecker.pro\/es\/wp-json\/wp\/v2\/pages\/1003\/revisions"}],"predecessor-version":[{"id":35759,"href":"https:\/\/sitechecker.pro\/es\/wp-json\/wp\/v2\/pages\/1003\/revisions\/35759"}],"wp:featuredmedia":[{"embeddable":true,"href":"https:\/\/sitechecker.pro\/es\/wp-json\/wp\/v2\/media\/3418"}],"wp:attachment":[{"href":"https:\/\/sitechecker.pro\/es\/wp-json\/wp\/v2\/media?parent=1003"}],"wp:term":[{"taxonomy":"category","embeddable":true,"href":"https:\/\/sitechecker.pro\/es\/wp-json\/wp\/v2\/categories?post=1003"},{"taxonomy":"post_tag","embeddable":true,"href":"https:\/\/sitechecker.pro\/es\/wp-json\/wp\/v2\/tags?post=1003"}],"curies":[{"name":"wp","href":"https:\/\/api.w.org\/{rel}","templated":true}]}}