{"id":10026,"date":"2020-06-12T12:45:55","date_gmt":"2020-06-12T10:45:55","guid":{"rendered":"https:\/\/sitechecker.pro\/?page_id=10026"},"modified":"2026-02-16T17:22:27","modified_gmt":"2026-02-16T17:22:27","slug":"website-word-counter","status":"publish","type":"page","link":"https:\/\/sitechecker.pro\/es\/website-word-counter\/","title":{"rendered":"Contador de palabras del sitio web | Obtenga el recuento de palabras de cualquier p\u00e1gina del sitio web"},"content":{"rendered":"<p><\/p>\n<h2 id=\"par1\">\u00bfQu\u00e9 es el Contador de Palabras para Sitios Web?<\/h2>\n<p>El Contador de Palabras para Sitios Web de <a href=\"https:\/\/sitechecker.pro\/\" target=\"_blank\" rel=\"noopener noreferrer\">Sitechecker<\/a> es una herramienta dise\u00f1ada para calcular el n\u00famero de palabras de p\u00e1ginas espec\u00edficas y sitios web completos. Es esencial para el SEO, ya que ayuda a comprender el volumen de contenido de su sitio, lo cual impacta directamente en el posicionamiento, la experiencia del usuario y la ventaja competitiva. La herramienta tambi\u00e9n identifica posibles problemas y ofrece una gu\u00eda detallada para su resoluci\u00f3n. Es beneficiosa para redactores, especialistas en SEO y quienes analizan a la competencia, ya que proporciona informaci\u00f3n sobre la densidad de palabras clave y la optimizaci\u00f3n de la longitud del contenido.<\/p>\n<h3>\u00bfC\u00f3mo puede ayudarle la herramienta?<\/h3>\n<p><strong>C\u00e1lculo del N\u00famero de Palabras:<\/strong> Calcula el n\u00famero total de caracteres en p\u00e1ginas web o sitios web completos, crucial para un an\u00e1lisis SEO completo.<\/p>\n<p><strong>Detecci\u00f3n de Problemas:<\/strong> Identifica posibles problemas en el contenido y p\u00e1ginas con bajo n\u00famero de palabras, ofreciendo soluciones pr\u00e1cticas.<\/p>\n<p><strong>Informaci\u00f3n sobre la densidad de palabras clave:<\/strong> proporciona informaci\u00f3n detallada sobre la densidad de palabras clave del contenido, lo que facilita la optimizaci\u00f3n de las p\u00e1ginas web para una mejor visibilidad en los motores de b\u00fasqueda.<\/p>\n<h3>Caracter\u00edsticas clave de la herramienta<\/h3>\n<p><strong>Panel de control unificado:<\/strong> ofrece una visi\u00f3n general completa de las m\u00e9tricas y el rendimiento de SEO en un solo lugar.<\/p>\n<p><strong>Interfaz intuitiva:<\/strong> dise\u00f1ada para facilitar su uso, lo que permite a usuarios de todos los niveles navegar y utilizar las herramientas de SEO de forma eficaz.<\/p>\n<p><strong>Conjunto completo de herramientas de SEO:<\/strong> ofrece una amplia gama de herramientas de SEO para el an\u00e1lisis y la optimizaci\u00f3n integral de sitios web, que abarcan desde la investigaci\u00f3n de palabras clave hasta el an\u00e1lisis de backlinks.<\/p>\n<h2 id=\"par2\">C\u00f3mo usar la herramienta<\/h2>\n<p>Comenzar con un an\u00e1lisis completo del sitio es muy sencillo: simplemente comprueba el n\u00famero de caracteres en todas las p\u00e1ginas. Esta funci\u00f3n profundiza en tu sitio, ofrece una evaluaci\u00f3n exhaustiva del volumen de contenido y detecta las \u00e1reas de contenido de baja calidad.<\/p>\n<p>Si necesita una evaluaci\u00f3n m\u00e1s r\u00e1pida, la herramienta tambi\u00e9n ofrece la opci\u00f3n de obtener enlaces externos desde una p\u00e1gina. Esta funci\u00f3n es perfecta para cuando necesita un recuento r\u00e1pido de palabras y un an\u00e1lisis de calidad de una p\u00e1gina espec\u00edfica, todo sin necesidad de una cuenta.<\/p>\n<p>Para empezar a mejorar el contenido de su sitio web, simplemente elija el tipo de auditor\u00eda que desee y haga clic en &#8220;Iniciar auditor\u00eda&#8221;.<\/p>\n<div class=\"content__img-wrap\"><img src=\"https:\/\/sitechecker.pro\/wp-content\/uploads\/2024\/07\/choose-audit-option.png\" alt=\"Seleccionar opci\u00f3n de auditor\u00eda\" class=\"description-img description-img-zoom\" loading=\"lazy\" ><\/div>\n<h2 id=\"par3\">Determinar el n\u00famero de palabras del sitio<\/h2>\n<h3>Paso 1: Introducir la URL<\/h3>\n<div class=\"content__img-wrap\"><img src=\"https:\/\/sitechecker.pro\/wp-content\/uploads\/2024\/07\/check-website-content.png\" alt=\"Comprobar el contenido del sitio web\" class=\"description-img description-img-zoom\" loading=\"lazy\" ><\/div>\n<div class=\"important-block\">Para recibir resultados y acceder a las funciones de Sitechecker durante 14 d\u00edas, empieza tu prueba gratuita. Reg\u00edstrate f\u00e1cilmente con tu correo electr\u00f3nico, cuenta de Google o Facebook. No se necesita tarjeta de cr\u00e9dito.<\/div>\n<h3>Paso 2: Obtener resultados<\/h3>\n<p>Despu\u00e9s de ejecutar la Calculadora de Palabras del Sitio Web, ver\u00e1 un desglose claro de los problemas de contenido que afectan la relevancia de b\u00fasqueda de su sitio web. La secci\u00f3n &#8220;Relevancia del contenido&#8221; enumera problemas como un recuento bajo de palabras, t\u00edtulos vac\u00edos o texto alternativo faltante, junto con el n\u00famero de p\u00e1ginas afectadas. Cada problema viene acompa\u00f1ado de una barra de progreso que le muestra visualmente su prevalencia.<\/p>\n<div class=\"content__img-wrap\"><img src=\"https:\/\/sitechecker.pro\/wp-content\/uploads\/2024\/07\/content-relevance-issues.png\" alt=\"Problemas de Relevancia del Contenido\" class=\"description-img description-img-zoom\" loading=\"lazy\" ><\/div>\n<h2 id=\"par4\">Funciones adicionales<\/h2>\n<p>Haga clic en la pesta\u00f1a &#8220;Ver todas las p\u00e1ginas&#8221; para verificar el recuento de palabras de cualquier art\u00edculo en su sitio web.<\/p>\n<div class=\"content__img-wrap\"><img src=\"https:\/\/sitechecker.pro\/wp-content\/uploads\/2024\/07\/view-all-pages.png\" alt=\"Ver todas las p\u00e1ginas\" class=\"description-img description-img-zoom\" loading=\"lazy\" ><\/div>\n<p>Seleccione la p\u00e1gina que desea analizar y haga clic para ver sus detalles t\u00e9cnicos y la longitud del texto por palabras y caracteres.<\/p>\n<div class=\"content__img-wrap\"><img src=\"https:\/\/sitechecker.pro\/wp-content\/uploads\/2024\/07\/all-html-pages-list.png\" alt=\"Lista de todas las p\u00e1ginas HTML\" class=\"description-img description-img-zoom\" loading=\"lazy\" ><\/div>\n<div class=\"content__img-wrap\"><img src=\"https:\/\/sitechecker.pro\/wp-content\/uploads\/2024\/07\/text-length.png\" alt=\"Longitud del texto\" class=\"description-img description-img-zoom\" loading=\"lazy\" ><\/div>\n<p>La herramienta proporciona un an\u00e1lisis de la frecuencia de las palabras clave que impactan el SEO. Puede determinar el porcentaje de ocurrencias directas de palabras clave en relaci\u00f3n con el volumen total de texto de la p\u00e1gina. Seleccione frases clave de 1, 2 o 3 palabras para mayor comodidad. Luego, revise la frecuencia de estas frases clave en el texto para asegurarse de que su uso no afecte negativamente la optimizaci\u00f3n para motores de b\u00fasqueda (SEO) y provoque una sobreoptimizaci\u00f3n.<\/p>\n<div class=\"content__img-wrap\"><img src=\"https:\/\/sitechecker.pro\/wp-content\/uploads\/2024\/07\/page-details-content-relevance.png\" alt=\"Relevancia del contenido de los detalles de la p\u00e1gina\" class=\"description-img description-img-zoom\" loading=\"lazy\" ><\/div>\n<h2 id=\"par5\">Contador de palabras de la p\u00e1gina web<\/h2>\n<h3>Paso 1: Para detectar el recuento de palabras de la p\u00e1gina, simplemente haga clic en la inspecci\u00f3n de una sola p\u00e1gina<\/h3>\n<div class=\"content__img-wrap\"><img src=\"https:\/\/sitechecker.pro\/wp-content\/uploads\/2024\/07\/word-count-for-all-pages.png\" alt=\"Recuento de palabras para todas las p\u00e1ginas\" class=\"description-img description-img-zoom\" loading=\"lazy\" ><\/div>\n<h3>Paso 2: Obtener resultados del contador de palabras de URL<\/h3>\n<p>La herramienta calcula la longitud del texto de tu p\u00e1gina, proporcionando el n\u00famero exacto de caracteres y palabras, esencial para que el SEO cumpla con los est\u00e1ndares recomendados de profundidad y legibilidad del contenido.<\/p>\n<p>Tambi\u00e9n muestra la proporci\u00f3n de texto a c\u00f3digo, lo que indica la riqueza del contenido en relaci\u00f3n con el c\u00f3digo HTML, una m\u00e9trica clave para SEO.<\/p>\n<p>Usa esta funci\u00f3n para evaluar si tu contenido se alinea con los objetivos de SEO, lo que te permite ajustarlo para un rendimiento \u00f3ptimo del sitio web.<\/p>\n<div class=\"content__img-wrap\"><img src=\"https:\/\/sitechecker.pro\/wp-content\/uploads\/2024\/07\/word-counter-results.png\" alt=\"Resultados del Contador de Palabras\" class=\"description-img description-img-zoom\" loading=\"lazy\" ><\/div>\n<p>Esta informaci\u00f3n se refiere exclusivamente a una sola p\u00e1gina de tu sitio web. Para un an\u00e1lisis exhaustivo que cubra todas las p\u00e1ginas e identifique los errores de contenido que afectan el rendimiento de tu SEO, inicia una auditor\u00eda completa del sitio web.<\/p>\n<h2 id=\"par6\">Idea Final<\/h2>\n<p>El Comprobador de Contador de Palabras para Sitios Web es una herramienta SEO invaluable que proporciona un an\u00e1lisis detallado del recuento de contenido e identifica problemas tanto en p\u00e1ginas individuales como en sitios web completos. Ayuda a optimizar el contenido para la visibilidad en buscadores, ofreciendo informaci\u00f3n sobre la densidad de palabras clave y garantizando que el contenido cumpla con los est\u00e1ndares SEO. Con una interfaz intuitiva y un conjunto completo de herramientas SEO, simplifica el proceso de optimizaci\u00f3n de contenido, desde el an\u00e1lisis inicial hasta la identificaci\u00f3n de \u00e1reas de mejora. Ya sea para una revisi\u00f3n r\u00e1pida de la p\u00e1gina o una auditor\u00eda completa del sitio, es un recurso esencial para mejorar el contenido y el rendimiento de su sitio web.<\/p>\n<div id=\"par7\"><\/div>\n<p><div class=\"front__faq-block\"><div class=\"faq__block-title\">Preguntas frecuentes<\/div><div class=\"panel-group\" id=\"faq-accordion\" itemscope itemtype=\"https:\/\/schema.org\/FAQPage\" role=\"tablist\" aria-multiselectable=\"true\"><div class=\"panel\" itemscope itemtype=\"https:\/\/schema.org\/Question\" itemprop=\"mainEntity\">\n                            <div class=\"panel-heading\" id=\"headingFaq-1\">\n                                <div class=\"panel-title\" data-toggle=\"collapse\" aria-expanded=\"false\" href=\"#collapseFaq-1\">\n                                    <h3 itemprop=\"name\">\u00bfEl Contador de Palabras Totales es adecuado para usuarios ocasionales o solo para trabajos SEO regulares?<\/h3>\n                                <\/div>\n                            <\/div>\n                            <div id=\"collapseFaq-1\" class=\"panel-collapse collapse\" itemprop=\"acceptedAnswer\" itemscope itemtype=\"http:\/\/schema.org\/Answer\">\n                                <div class=\"panel-body\" itemprop=\"text\">La herramienta es lo suficientemente vers\u00e1til tanto para usuarios ocasionales que necesitan una revisi\u00f3n r\u00e1pida como para profesionales de SEO que requieren auditor\u00edas detalladas y peri\u00f3dicas del sitio.<\/div>\n                            <\/div>\n                        <\/div><div class=\"panel\" itemscope itemtype=\"https:\/\/schema.org\/Question\" itemprop=\"mainEntity\">\n                            <div class=\"panel-heading\" id=\"headingFaq-2\">\n                                <div class=\"panel-title\" data-toggle=\"collapse\" aria-expanded=\"false\" href=\"#collapseFaq-2\">\n                                    <h3 itemprop=\"name\">\u00bfC\u00f3mo ayuda el Contador de Contenido del Sitio Web a mejorar el contenido del sitio web?<\/h3>\n                                <\/div>\n                            <\/div>\n                            <div id=\"collapseFaq-2\" class=\"panel-collapse collapse\" itemprop=\"acceptedAnswer\" itemscope itemtype=\"http:\/\/schema.org\/Answer\">\n                                <div class=\"panel-body\" itemprop=\"text\">Al proporcionar recuentos de palabras precisos, identificar contenido de baja calidad y ofrecer informaci\u00f3n sobre la densidad de palabras clave, la herramienta ayuda a los usuarios a optimizar su contenido para un mejor rendimiento SEO.<\/div>\n                            <\/div>\n                        <\/div><div class=\"panel\" itemscope itemtype=\"https:\/\/schema.org\/Question\" itemprop=\"mainEntity\">\n                            <div class=\"panel-heading\" id=\"headingFaq-3\">\n                                <div class=\"panel-title\" data-toggle=\"collapse\" aria-expanded=\"false\" href=\"#collapseFaq-3\">\n                                    <h3 itemprop=\"name\">\u00bfPuede el Comprobador de Palabras del Sitio Web identificar problemas espec\u00edficos de SEO en una p\u00e1gina?<\/h3>\n                                <\/div>\n                            <\/div>\n                            <div id=\"collapseFaq-3\" class=\"panel-collapse collapse\" itemprop=\"acceptedAnswer\" itemscope itemtype=\"http:\/\/schema.org\/Answer\">\n                                <div class=\"panel-body\" itemprop=\"text\">S\u00ed, puede detectar diversos problemas de SEO, como un recuento bajo de palabras, t\u00edtulos vac\u00edos o texto alternativo faltante, y ofrece soluciones pr\u00e1cticas para resolverlos.<\/div>\n                            <\/div>\n                        <\/div><div class=\"panel\" itemscope itemtype=\"https:\/\/schema.org\/Question\" itemprop=\"mainEntity\">\n                            <div class=\"panel-heading\" id=\"headingFaq-4\">\n                                <div class=\"panel-title\" data-toggle=\"collapse\" aria-expanded=\"false\" href=\"#collapseFaq-4\">\n                                    <h3 itemprop=\"name\">\u00bfEl Detector de Recuento de Palabras del Sitio Web ofrece soluciones o solo identifica problemas?<\/h3>\n                                <\/div>\n                            <\/div>\n                            <div id=\"collapseFaq-4\" class=\"panel-collapse collapse\" itemprop=\"acceptedAnswer\" itemscope itemtype=\"http:\/\/schema.org\/Answer\">\n                                <div class=\"panel-body\" itemprop=\"text\">Adem\u00e1s de identificar problemas, la herramienta ofrece una gu\u00eda detallada para resolverlos y mejorar la clasificaci\u00f3n y el rendimiento de su sitio web.<\/div>\n                            <\/div>\n                        <\/div><\/div><\/div><\/p>","protected":false},"excerpt":{"rendered":"\u00bfQu\u00e9 es el Contador de Palabras para Sitios Web? El Contador de Palabras para Sitios Web de Sitechecker es una herramienta dise\u00f1ada para calcular el n\u00famero de palabras de p\u00e1ginas espec\u00edficas y sitios web completos. Es esencial para el SEO, ya que ayuda a comprender el volumen de contenido de su sitio, lo cual impacta&#8230;","protected":false},"author":10409641,"featured_media":10030,"parent":0,"menu_order":0,"comment_status":"closed","ping_status":"closed","template":"pages-templates\/pages-minitools-3.php","meta":[],"categories":[70],"tags":[],"_links":{"self":[{"href":"https:\/\/sitechecker.pro\/es\/wp-json\/wp\/v2\/pages\/10026"}],"collection":[{"href":"https:\/\/sitechecker.pro\/es\/wp-json\/wp\/v2\/pages"}],"about":[{"href":"https:\/\/sitechecker.pro\/es\/wp-json\/wp\/v2\/types\/page"}],"author":[{"embeddable":true,"href":"https:\/\/sitechecker.pro\/es\/wp-json\/wp\/v2\/users\/10409641"}],"replies":[{"embeddable":true,"href":"https:\/\/sitechecker.pro\/es\/wp-json\/wp\/v2\/comments?post=10026"}],"version-history":[{"count":29,"href":"https:\/\/sitechecker.pro\/es\/wp-json\/wp\/v2\/pages\/10026\/revisions"}],"predecessor-version":[{"id":39305,"href":"https:\/\/sitechecker.pro\/es\/wp-json\/wp\/v2\/pages\/10026\/revisions\/39305"}],"wp:featuredmedia":[{"embeddable":true,"href":"https:\/\/sitechecker.pro\/es\/wp-json\/wp\/v2\/media\/10030"}],"wp:attachment":[{"href":"https:\/\/sitechecker.pro\/es\/wp-json\/wp\/v2\/media?parent=10026"}],"wp:term":[{"taxonomy":"category","embeddable":true,"href":"https:\/\/sitechecker.pro\/es\/wp-json\/wp\/v2\/categories?post=10026"},{"taxonomy":"post_tag","embeddable":true,"href":"https:\/\/sitechecker.pro\/es\/wp-json\/wp\/v2\/tags?post=10026"}],"curies":[{"name":"wp","href":"https:\/\/api.w.org\/{rel}","templated":true}]}}