{"id":937,"date":"2017-12-21T12:50:00","date_gmt":"2017-12-21T12:50:00","guid":{"rendered":"https:\/\/sitechecker.pro\/?page_id=937"},"modified":"2026-02-13T16:47:41","modified_gmt":"2026-02-13T16:47:41","slug":"internal-links","status":"publish","type":"page","link":"https:\/\/sitechecker.pro\/de\/internal-links\/","title":{"rendered":"Kostenloses Internal Link Checker-Tool"},"content":{"rendered":"<p><\/p>\n<h2 id=\"par1\">Was ist der Internal Link Checker?<\/h2>\n<p>Dieses unverzichtbare Tool hilft dabei, die Link Juice-Verteilung zu optimieren, interne Linkstrukturen aufzubauen und Referenzprobleme zu identifizieren und zu l\u00f6sen. Es vereinfacht das Abrufen von Daten f\u00fcr eine bestimmte URL oder eine ganze Website und verfolgt und \u00fcberwacht gleichzeitig automatisch und konsistent \u00c4nderungen und erkennt Fehler.<\/p>\n<h3>Hauptfunktionen des Internal Link Finder<\/h3>\n<p>Was kann dieses Tool?<\/p>\n<ul>\n<li><strong>Erfassen Sie umfassende Daten<\/strong> f\u00fcr jede URL auf Ihrer Website, einschlie\u00dflich Statuscodes, Dofollow-\/Nofollow-Status und <a href=\"https:\/\/sitechecker.pro\/anchor-text\/\" target=\"_blank\" rel=\"noopener noreferrer\">Ankertext<\/a>.<\/li>\n<li><strong>Interne Backlinks und Ankerdaten<\/strong> sind verf\u00fcgbar, sodass Sie die internen Referenzen f\u00fcr eine bestimmte URL und die vollst\u00e4ndige Liste der internen Backlinks f\u00fcr diese URL zusammen mit dem Ankertext in Prozentformat abrufen k\u00f6nnen.<\/li>\n<li><strong>Erkennen Sie Verkn\u00fcpfungsfehler<\/strong>, erstellen Sie eine vollst\u00e4ndige Liste problematischer URLs und geben Sie detaillierte Anweisungen zur L\u00f6sung von Problemen.<\/li>\n<li>Verfolgen und \u00fcberwachen Sie kontinuierlich \u00c4nderungen rund um die Uhr<\/strong>, einschlie\u00dflich <a href=\"https:\/\/sitechecker.pro\/backlinks-checker\/\" target=\"_blank\" rel=\"noopener noreferrer\">Backlinks Tracking<\/a> und Pflege eines vollst\u00e4ndigen Verlaufs von \u00c4nderungen und Fehlern.<\/li>\n<li>Unsere umfassende <a href=\"https:\/\/sitechecker.pro\/\" target=\"_blank\" rel=\"noopener noreferrer\">SEO-Plattform<\/a> bietet mehr als nur interne Linkanalysen, darunter ein vollst\u00e4ndiges SEO-Audit (On-Page und Off-Page), Rangverfolgung, Site-\u00dcberwachung und mehr.<\/li>\n<\/ul>\n<h2 id=\"par2\">Bedeutung der Analyse interner Referenzen<\/h2>\n<p>Unser Analysator hilft dabei, das SEO-Gewicht Ihrer Site auf wichtige Seiten neu zu verteilen, sodass Google Seiten schneller indexieren kann. Verbessern Sie die Konversionsraten Ihrer Website, erh\u00f6hen Sie das Engagement der Benutzer und verbessern Sie die Site-Navigation. Sehen Sie sich die Wiki-Seite <a href=\"https:\/\/sitechecker.pro\/what-is-internal-link\/\" target=\"_blank\" rel=\"noopener noreferrer\">interne Linkanalyse<\/a> an, um ein tieferes Verst\u00e4ndnis sowie h\u00e4ufige Fehler und bew\u00e4hrte Vorgehensweisen zu erhalten.<\/p>\n<h2 id=\"par3\">Wie verwende ich den internen Link-Analysator einer Website?<\/h2>\n<p>Der interne Referenz-Checker ist eines der Tools, die jeder verwenden kann. F\u00fcr eine Link-Pr\u00fcfung m\u00fcssen Sie keine zus\u00e4tzliche Software installieren \u2013 Sie k\u00f6nnen alles mit dem Sitechecker-Tool erledigen. Hier sind zwei grundlegende Schritte, die Sie ausf\u00fchren m\u00fcssen, um die Ergebnisse zu erhalten. Geben Sie die URL-Adresse in das Eingabefeld ein und verwenden Sie dann den Selektor, um entweder die gesamte Site oder eine bestimmte Seite zu \u00fcberpr\u00fcfen.<br \/>\n<div class=\"content__img-wrap\"><img src=\"https:\/\/sitechecker.pro\/wp-content\/uploads\/2024\/08\/Selector-1-min.png\" alt=\"Internal link Checker Start\" class=\"description-img description-img-zoom\" loading=\"lazy\" ><\/div><\/p>\n<h2>Domain Check<\/h2>\n<h3>Schritt 1: Geben Sie Ihre Domain-URL ein und klicken Sie auf die Schaltfl\u00e4che \u201eAudit starten\u201c<\/h3>\n<div class=\"content__img-wrap\"><img src=\"https:\/\/sitechecker.pro\/wp-content\/uploads\/2024\/08\/2-site-check-min.png\" alt=\"Internal links Domain Check\" class=\"description-img description-img-zoom\" loading=\"lazy\" ><\/div>\n<div class=\"important-block\">Hinweis: Um Ergebnisse zu erhalten und 14 Tage lang auf die Funktionen von Sitechecker zuzugreifen, starten Sie Ihre KOSTENLOSE Testversion. Die Anmeldung ist ganz einfach mit Ihrem E-Mail-, Google- oder Facebook-Konto. KEINE Kreditkarte erforderlich.<\/div>\n<h3>Schritt 2: Erhalten Sie die Ergebnisse<\/h3>\n<p>Sie erhalten eine umfassende Liste interner Links f\u00fcr die von Ihnen analysierte URL. Diese Liste enth\u00e4lt die Referenz-URL, den Statuscode, Dofollow-Linkinformationen und den Ankertext.<\/p>\n<div class=\"content__img-wrap\"><img src=\"https:\/\/sitechecker.pro\/wp-content\/uploads\/2023\/05\/internal-links-info.png\" alt=\"Internal Links Info\" class=\"description-img description-img-zoom\" loading=\"lazy\" ><\/div>\n<p>Au\u00dferdem k\u00f6nnen Sie Daten anhand verf\u00fcgbarer Parameter filtern oder nach einer bestimmten URL suchen, wenn Sie an einer bestimmten interessiert sind. Sie k\u00f6nnen beispielsweise ausw\u00e4hlen, <a href=\"https:\/\/sitechecker.pro\/website-link-counter\/\">alle Links<\/a> anzuzeigen, die defekt sind und 404-Serverfehler aufweisen (diese k\u00f6nnen Ihre Verlinkung beeintr\u00e4chtigen) oder Referenzen mit 301-Weiterleitung und \u00c4nderung f\u00fcr die endg\u00fcltige URL zu finden, auf die weitergeleitet wird.<\/p>\n<div class=\"content__img-wrap\"><img src=\"https:\/\/sitechecker.pro\/wp-content\/uploads\/2023\/05\/internal-links-filter.png\" alt=\"Interner Linkfilter\" class=\"description-img description-img-zoom\" loading=\"lazy\" ><\/div>\n<h2 id=\"par4\">Zus\u00e4tzliche Funktionen des internen Referenzpr\u00fcfers<\/h2>\n<h3>Daten zu internen Backlinks<\/h3>\n<p>Der Zugriff auf Daten zum internen Link-Audit bietet eine gro\u00dfartige Gelegenheit, Ihre interne Linkstrategie zu analysieren und zu verfeinern. Sehen Sie sich die Abschnitte \u201eInterne Backlinks\u201c und \u201eInterne Backlink-Anker\u201c an, um mehr Klarheit und weitere Einblicke zu erhalten.<\/p>\n<p>Mit diesen beiden zus\u00e4tzlichen Kategorien im On-Page-Audit k\u00f6nnen Sie die Referenzen von einer bestimmten URL und die internen Backlinks zu dieser URL von anderen internen Seiten aus entdecken. Dar\u00fcber hinaus k\u00f6nnen Sie die prozentuale Verteilung jedes Ankertexts \u00fcberpr\u00fcfen, der in den internen Backlinks verwendet wird. Wenn Sie ein vollst\u00e4ndiges Link-Audit durchf\u00fchren, k\u00f6nnen Sie auch den <a href=\"https:\/\/sitechecker.pro\/external-links\/\" target=\"_blank\" rel=\"noopener noreferrer\">Checker f\u00fcr ausgehende externe Links<\/a> verwenden.<\/p>\n<p>[Bild-URL=&#8221;https:\/\/sitechecker.pro\/wp-content\/uploads\/2023\/05\/internal-backlinks.png&#8221; alt=&#8221;Interne Backlinks&#8221;]<\/p>\n<div class=\"content__img-wrap\"><img src=\"https:\/\/sitechecker.pro\/wp-content\/uploads\/2023\/05\/internal-backlinks-anchors.png\" alt=\"Interne Backlinks-Anker\" class=\"description-img description-img-zoom\" loading=\"lazy\" ><\/div>\n<h3>Finden Sie interne Linkprobleme f\u00fcr die Hall-Website<\/h3>\n<p>W\u00e4hrend wir eine bestimmte URL untersuchen, f\u00fchrt unser <a href=\"https:\/\/sitechecker.pro\/on-page-seo-checker\/\" target=\"_blank\" rel=\"noopener noreferrer\">SEO-Checker<\/a> eine umfassende Pr\u00fcfung Ihrer gesamten Website durch. Um auf die vollst\u00e4ndige Liste der aufgetretenen Probleme zuzugreifen, besuchen Sie einfach die Site-Audit-Seite in der App. In der Kategorie \u201eLinks\u201c k\u00f6nnen Sie beispielsweise interne Referenzprobleme f\u00fcr Ihre Website identifizieren und die betroffenen URLs ermitteln. Alle Probleme werden priorisiert, damit Sie wissen, welche zuerst behoben werden m\u00fcssen. Au\u00dferdem bieten wir detaillierte Anweisungen zur L\u00f6sung dieser Probleme.<\/p>\n<div class=\"content__img-wrap\"><img src=\"https:\/\/sitechecker.pro\/wp-content\/uploads\/2023\/05\/internal-links-issues.png\" alt=\"Interne Links-Probleme\" class=\"description-img description-img-zoom\" loading=\"lazy\" ><\/div>\n<div class=\"content__img-wrap\"><img src=\"https:\/\/sitechecker.pro\/wp-content\/uploads\/2023\/05\/internal-links-3xx-pages.png\" alt=\"Interne Links zu 3xx-Seiten\" class=\"description-img description-img-zoom\" loading=\"lazy\" ><\/div>\n<p>Sind Sie ein Websitebesitzer, der Problemdaten an Ihren SEO-Spezialisten senden muss? Oder vielleicht ein SEO-Profi, der Probleme mit Kollegen teilen, einen Bericht an einen Kunden senden oder eine technische Aufgabe f\u00fcr ein Entwicklungsteam erstellen m\u00f6chte? Dann ist unser Team f\u00fcr Sie da. Wir bieten ein hochflexibles Berichts- und Freigabesystem, das auf Ihre Bed\u00fcrfnisse zugeschnitten ist. Diese Plattform erm\u00f6glicht es Ihnen, unter anderem Berichte, Problemlisten oder bestimmte Referenzlisten von URLs zu erstellen und herunterzuladen. Sie k\u00f6nnen sogar <a href=\"https:\/\/sitechecker.pro\/dofollow-link-checker\/\"> Dofollow-Links testen<\/a> direkt \u00fcber unser System, um sicherzustellen, dass sie richtig funktionieren und SEO-Werte liefern, wodurch der Berichtsprozess effizienter und umsetzbarer wird.<\/p>\n<div class=\"content__img-wrap\"><img src=\"https:\/\/sitechecker.pro\/wp-content\/uploads\/2023\/05\/data-export.png\" alt=\"Datenexport\" class=\"description-img description-img-zoom\" loading=\"lazy\" ><\/div>\n<h2 id=\"par5\">\n<h2>Seite pr\u00fcfen<\/h2>\n<h3>Schritt 1: Geben Sie Ihre URL ein<\/h3>\n<p>Mit nur einem Klick k\u00f6nnen Sie eine seiteninterne Linkpr\u00fcfung der Webadresse durchf\u00fchren, die Sie analysieren m\u00f6chten.<br \/>\n<div class=\"content__img-wrap\"><img src=\"https:\/\/sitechecker.pro\/wp-content\/uploads\/2024\/08\/Page-check-min.png\" alt=\"Interne Links der Seite\" class=\"description-img description-img-zoom\" loading=\"lazy\" ><\/div><\/p>\n<h3>Schritt 2: Ergebnisse abrufen<\/h3>\n<p>Der Internal Link Checker ist eine wichtige Funktion eines SEO-Analysetools, mit dem Sie die Integrit\u00e4t und Wirksamkeit der internen Linkstruktur Ihrer Website sicherstellen k\u00f6nnen. Das Modul zeigt eine umfassende Liste der auf einer Website erkannten internen Links an und organisiert sie \u00fcbersichtlich nach ihren URLs und dem entsprechenden <a href=\"https:\/\/sitechecker.pro\/anchor-text-checker\/\"> Ankertext<\/a>.<\/p>\n<p>Jeder Link wird von einem Statuscode begleitet; in diesem Fall zeigen alle Links den Status \u201e200 OK\u201c an, was ihre ordnungsgem\u00e4\u00dfe Funktion und Zug\u00e4nglichkeit anzeigt.<br \/>\n<div class=\"content__img-wrap\"><img src=\"https:\/\/sitechecker.pro\/wp-content\/uploads\/2024\/08\/image11-min.png\" alt=\"Datenexport interner Seitenlinks\" class=\"description-img description-img-zoom\" loading=\"lazy\" ><\/div><\/p>\n<p>Um einen umfassenden \u00dcberblick \u00fcber die Funktionen des Tools zu erhalten, die \u00fcber die Bewertung interner Links auf einer einzelnen Seite hinausgehen, lesen Sie die Dom\u00e4nenbest\u00e4tigungsbildschirme im ersten Abschnitt des Handbuchs, die nach der Durchf\u00fchrung eines Dom\u00e4nenscans angezeigt werden.<\/p>\n<p>Alternativ k\u00f6nnen Sie \u201eSite Audit\u201c ausw\u00e4hlen, um sich mit der gesamten Palette der Funktionen des Tools zu befassen. So k\u00f6nnen Sie sein Potenzial entdecken und erfahren, wie es an die Anforderungen Ihrer Website angepasst werden kann.<\/p>\n<div class=\"content__img-wrap\"><img src=\"https:\/\/sitechecker.pro\/wp-content\/uploads\/2024\/08\/image8-min.png\" alt=\"Zus\u00e4tzliche Funktionen interner Seitenlinks\" class=\"description-img description-img-zoom\" loading=\"lazy\" ><\/div>\n<h2 id=\"par6\">\n<h2>Zus\u00e4tzliche Funktionen des Seitenchecks<\/h2>\n<p>Das Tool-Navigationsfeld des internen Link-Checkers zeigt eine Reihe von Funktionen zur Verbesserung der Suchmaschinenleistung einer Website. Es enth\u00e4lt einen Abschnitt \u201eLinks\u201c, der das Netz interner und externer Links auf der gesamten Site untersucht. Die \u201eProblem\u00fcbersicht\u201c fasst verschiedene Probleme zusammen und kategorisiert sie, die die Optimierung der Site behindern k\u00f6nnten.<\/p>\n<p>Im Bereich \u201eInhaltsoptimierung\u201c erhalten Benutzer Anleitungen, wie sie ihren Inhalt optimieren k\u00f6nnen, um dessen Relevanz und Benutzerinteraktion zu erh\u00f6hen.<\/p>\n<p>\u201eStrukturierte Daten\u201c helfen dabei, Informationen so zu verwalten, dass Suchmaschinen Inhalte leichter interpretieren und effektiv pr\u00e4sentieren k\u00f6nnen. Der Abschnitt \u201eBilder\u201c konzentriert sich wahrscheinlich darauf, sicherzustellen, dass visuelle Inhalte suchmaschinenfreundlich sind. Die \u00fcbergreifende Kategorie \u201eSuchmaschinenoptimierung\u201c deckt ein breites Spektrum an SEO-Strategien ab.<\/p>\n<p>\u201ePageSpeed \u200b\u200bInsights\u201c ist besonders wichtig, da es die Leistungsmetriken der Site bewertet, die sowohl f\u00fcr die Benutzererfahrung als auch f\u00fcr das Suchmaschinenranking von entscheidender Bedeutung sind. Dieses Panel weist auf eine umfassende Suite von Tools hin, die ein gr\u00fcndliches SEO-Audit mit umsetzbaren Erkenntnissen liefern sollen.<br \/>\n<div class=\"content__img-wrap\"><img src=\"https:\/\/sitechecker.pro\/wp-content\/uploads\/2024\/08\/image10-min.png\" alt=\"Seiteninterne Links, zus\u00e4tzliche Funktionen\" class=\"description-img description-img-zoom\" loading=\"lazy\" ><\/div><\/p>\n<p>Dar\u00fcber hinaus hilft die Integration der <a href=\"https:\/\/sitechecker.pro\/404-errors-monitoring\/\">404-Fehler\u00fcberwachung<\/a> dabei, defekte Links in Echtzeit zu identifizieren und zu beheben, sodass Besucher und Suchmaschinen nahtlos und ohne Fehler auf Ihre Seiten zugreifen k\u00f6nnen. Diese Kombination von Tools bietet ein umfassendes SEO-Audit mit umsetzbaren Erkenntnissen.<\/p>\n<h2 id=\"par7\">Schlussbemerkungen<\/h2>\n<p>Der interne Link-Checker bietet eine umfassende Analyse interner Linkstrukturen, identifiziert Probleme und bietet umsetzbare Erkenntnisse, die Ihnen dabei helfen, Ihre Strategie zu verfeinern. Mit Funktionen wie kontinuierlicher Verfolgung und \u00dcberwachung, einer umfangreichen SEO-Plattform und flexiblen Berichtsoptionen ist dieses Tool f\u00fcr Websitebesitzer, SEO-Experten und Entwicklungsteams von unsch\u00e4tzbarem Wert. Mit dem internen <a href=\"https:\/\/sitechecker.pro\/link-extractor\/\">Link-Analyzer<\/a> k\u00f6nnen Sie die Site-Navigation verbessern, die Konversionsraten steigern und das Engagement der Benutzer erh\u00f6hen. Letztendlich erhalten Sie eine bessere Suchmaschinenindizierung und ein besseres Ranking f\u00fcr Ihre Website.<\/p>\n<div id=\"par8\"><\/div>\n<p><div class=\"front__faq-block\"><div class=\"faq__block-title\">FAQ<\/div><div class=\"panel-group\" id=\"faq-accordion\" itemscope itemtype=\"https:\/\/schema.org\/FAQPage\" role=\"tablist\" aria-multiselectable=\"true\"><div class=\"panel\" itemscope itemtype=\"https:\/\/schema.org\/Question\" itemprop=\"mainEntity\">\n                            <div class=\"panel-heading\" id=\"headingFaq-1\">\n                                <div class=\"panel-title\" data-toggle=\"collapse\" aria-expanded=\"false\" href=\"#collapseFaq-1\">\n                                    <h3 itemprop=\"name\">Wie finde ich interne Links zu einer Seite?<\/h3>\n                                <\/div>\n                            <\/div>\n                            <div id=\"collapseFaq-1\" class=\"panel-collapse collapse\" itemprop=\"acceptedAnswer\" itemscope itemtype=\"http:\/\/schema.org\/Answer\">\n                                <div class=\"panel-body\" itemprop=\"text\">Der effektivste Weg, alle internen Referenzen auf einer Webseite zu finden, ist die Verwendung eines Tools. Nach sorgf\u00e4ltiger \u00dcberpr\u00fcfung der Seite erhalten Sie eine Liste mit Links, Statuscode, Dofolow-Status und Ankern, die derzeit auf der Seite verwendet werden. Sie k\u00f6nnen dieses Tool f\u00fcr alle Arten von Websites verwenden, einschlie\u00dflich Landingpages und E-Commerce-Websites.<\/div>\n                            <\/div>\n                        <\/div><div class=\"panel\" itemscope itemtype=\"https:\/\/schema.org\/Question\" itemprop=\"mainEntity\">\n                            <div class=\"panel-heading\" id=\"headingFaq-2\">\n                                <div class=\"panel-title\" data-toggle=\"collapse\" aria-expanded=\"false\" href=\"#collapseFaq-2\">\n                                    <h3 itemprop=\"name\">Wie finde ich interne Links auf der Website?<\/h3>\n                                <\/div>\n                            <\/div>\n                            <div id=\"collapseFaq-2\" class=\"panel-collapse collapse\" itemprop=\"acceptedAnswer\" itemscope itemtype=\"http:\/\/schema.org\/Answer\">\n                                <div class=\"panel-body\" itemprop=\"text\">Mit dem Tool von Sitechecker k\u00f6nnen Sie interne Links f\u00fcr eine bestimmte Seite und alle Seiten der Website untersuchen. Als zus\u00e4tzliche Funktion bietet es eine Liste mit Problemen f\u00fcr die Website und eine Zusammenstellung der betroffenen URLs f\u00fcr jedes Problem.<\/div>\n                            <\/div>\n                        <\/div><div class=\"panel\" itemscope itemtype=\"https:\/\/schema.org\/Question\" itemprop=\"mainEntity\">\n                            <div class=\"panel-heading\" id=\"headingFaq-3\">\n                                <div class=\"panel-title\" data-toggle=\"collapse\" aria-expanded=\"false\" href=\"#collapseFaq-3\">\n                                    <h3 itemprop=\"name\">Kann dieses Tool die internen Links analysieren, die auf Websites auf jedem CMS verweisen?<\/h3>\n                                <\/div>\n                            <\/div>\n                            <div id=\"collapseFaq-3\" class=\"panel-collapse collapse\" itemprop=\"acceptedAnswer\" itemscope itemtype=\"http:\/\/schema.org\/Answer\">\n                                <div class=\"panel-body\" itemprop=\"text\">Unser Tool analysiert die interne Referenzstruktur f\u00fcr jede Website, unabh\u00e4ngig davon, ob sie auf WordPress, Shopify, Wix oder einem anderen CMS l\u00e4uft.<\/div>\n                            <\/div>\n                        <\/div><\/div><\/div><\/p>","protected":false},"excerpt":{"rendered":"Was ist der Internal Link Checker? Dieses unverzichtbare Tool hilft dabei, die Link Juice-Verteilung zu optimieren, interne Linkstrukturen aufzubauen und Referenzprobleme zu identifizieren und zu l\u00f6sen. Es vereinfacht das Abrufen von Daten f\u00fcr eine bestimmte URL oder eine ganze Website und verfolgt und \u00fcberwacht gleichzeitig automatisch und konsistent \u00c4nderungen und erkennt Fehler. Hauptfunktionen des Internal&#8230;","protected":false},"author":10409641,"featured_media":3742,"parent":0,"menu_order":0,"comment_status":"closed","ping_status":"closed","template":"pages-templates\/pages-minitools-3.php","meta":[],"categories":[72],"tags":[],"_links":{"self":[{"href":"https:\/\/sitechecker.pro\/de\/wp-json\/wp\/v2\/pages\/937"}],"collection":[{"href":"https:\/\/sitechecker.pro\/de\/wp-json\/wp\/v2\/pages"}],"about":[{"href":"https:\/\/sitechecker.pro\/de\/wp-json\/wp\/v2\/types\/page"}],"author":[{"embeddable":true,"href":"https:\/\/sitechecker.pro\/de\/wp-json\/wp\/v2\/users\/10409641"}],"replies":[{"embeddable":true,"href":"https:\/\/sitechecker.pro\/de\/wp-json\/wp\/v2\/comments?post=937"}],"version-history":[{"count":100,"href":"https:\/\/sitechecker.pro\/de\/wp-json\/wp\/v2\/pages\/937\/revisions"}],"predecessor-version":[{"id":39263,"href":"https:\/\/sitechecker.pro\/de\/wp-json\/wp\/v2\/pages\/937\/revisions\/39263"}],"wp:featuredmedia":[{"embeddable":true,"href":"https:\/\/sitechecker.pro\/de\/wp-json\/wp\/v2\/media\/3742"}],"wp:attachment":[{"href":"https:\/\/sitechecker.pro\/de\/wp-json\/wp\/v2\/media?parent=937"}],"wp:term":[{"taxonomy":"category","embeddable":true,"href":"https:\/\/sitechecker.pro\/de\/wp-json\/wp\/v2\/categories?post=937"},{"taxonomy":"post_tag","embeddable":true,"href":"https:\/\/sitechecker.pro\/de\/wp-json\/wp\/v2\/tags?post=937"}],"curies":[{"name":"wp","href":"https:\/\/api.w.org\/{rel}","templated":true}]}}