{"id":8470,"date":"2019-10-18T09:32:37","date_gmt":"2019-10-18T09:32:37","guid":{"rendered":"https:\/\/sitechecker.pro\/?page_id=8470"},"modified":"2025-02-19T08:45:35","modified_gmt":"2025-02-19T08:45:35","slug":"wordpress-plugin-checker","status":"publish","type":"page","link":"https:\/\/sitechecker.pro\/de\/wordpress-plugin-checker\/","title":{"rendered":"WordPress Plugin-Detektor: Pr\u00fcfen Sie, welche Plugins die Website verwendet"},"content":{"rendered":"<p><\/p>\n<h2 id=\"par1\">Was ist der WordPress Plugin Checker?<\/h2>\n<p>Der WP Plugin Detector von <a href=\"https:\/\/sitechecker.pro\/\" target=\"_blank\" rel=\"noopener noreferrer\">Sitechecker<\/a> ist ein Tool, das die auf einer bestimmten Website verwendeten WordPress-Plugins identifiziert. Durch die Analyse der Website werden Plugins sichtbar, die zu ihrer Funktionalit\u00e4t beitragen, wie z. B. SEO-, Design- oder E-Commerce-Funktionen. Dieses Tool ist wertvoll f\u00fcr Entwickler, Vermarkter und Gesch\u00e4ftsinhaber, die von Wettbewerbern verwendete Plugins aufdecken, neue Tools entdecken oder ihre Websites verbessern m\u00f6chten.<\/p>\n<h3>Wie das Tool Ihnen helfen kann<\/h3>\n<p><strong>Plugins entdecken: <\/strong>Identifizieren Sie die auf einer Website verwendeten Erweiterungen, um deren Funktionalit\u00e4ten zu replizieren oder zu verbessern.<\/p>\n<p><strong>Konkurrentenanalyse: <\/strong>Analysieren Sie die Websites der Wettbewerber, um ihre Strategien zu verstehen und wirksame Instrumente einzusetzen.<\/p>\n<p><strong>Optimieren Sie Ihre Website: <\/strong>Gewinnen Sie Einblicke in Leistung, SEO und Design-Add-ons, um die Funktionalit\u00e4t und Benutzerfreundlichkeit Ihrer Website zu verbessern.<\/p>\n<h3>Hauptfunktionen des Tools<\/h3>\n<p><strong>Vereinheitlichtes Dashboard: <\/strong>Greifen Sie an einem zentralen Ort auf alle Analysetools und Einblicke Ihrer Website zu, um die Verwaltung zu optimieren.<\/p>\n<p><strong>Benutzerfreundliche Oberfl\u00e4che: <\/strong>Navigieren Sie m\u00fchelos mit einem intuitiven Design, das f\u00fcr alle Erfahrungsstufen zug\u00e4nglich ist.<\/p>\n<p><strong>Komplettes SEO-Toolset: <\/strong>Nutzen Sie eine umfassende Palette an SEO-Tools, einschlie\u00dflich Site-Audits, Rangverfolgung und mehr, um die Leistung Ihrer Website zu optimieren.<\/p>\n<h2 id=\"par2\">So verwenden Sie das Tool<\/h2>\n<p>Um den Plugin-Detektor zu verwenden, geben Sie einfach den Dom\u00e4nennamen der Website, die Sie analysieren m\u00f6chten, in das bereitgestellte Feld ein und klicken Sie auf die Schaltfl\u00e4che \u201ePlugins erkennen\u201c. Das Tool scannt die Site und zeigt eine Liste der erkannten WordPress-Add-ons an. Es ist schnell, einfach und effektiv, um die Tools aufzudecken, die hinter der Funktionalit\u00e4t einer Site stehen.<\/p>\n<h3>Schritt 1: Geben Sie den Dom\u00e4nennamen ein<\/h3>\n<div class=\"content__img-wrap\"><img src=\"https:\/\/sitechecker.pro\/wp-content\/uploads\/2025\/01\/wordpress-plugin-detector.png\" alt=\"Wordpress Plugin Detector\" class=\"description-img description-img-zoom\" loading=\"lazy\" ><\/div>\n<h3>Schritt 2: Erhalten Sie die Ergebnisse<\/h3>\n<div class=\"content__img-wrap\"><img src=\"https:\/\/sitechecker.pro\/wp-content\/uploads\/2025\/01\/wordpress-checker-results.png\" alt=\"Wordpress Checker Results\" class=\"description-img description-img-zoom\" loading=\"lazy\" ><\/div>\n<p>Das Tool bietet detaillierte Informationen zu den auf einer Website verwendeten WordPress-Erweiterungen und <a href=\"https:\/\/sitechecker.pro\/wordpress-theme-checker\/\" target=\"_blank\" rel=\"noopener noreferrer\">Themes<\/a>, einschlie\u00dflich Erweiterungslinks und Themedetails, und hilft Benutzern, die Tools zu identifizieren, die die Funktionalit\u00e4t der Site unterst\u00fctzen.<\/p>\n<h2 id=\"par3\">Zus\u00e4tzliche Funktionen des Tools<\/h2>\n<p>Um den \u00dcberblick \u00fcber alle Updates Ihrer Plugins zu behalten, schlie\u00dfen Sie ein Warnsystem an, das Ihnen Benachrichtigungen per E-Mail oder Slack erm\u00f6glicht.<\/p>\n<div class=\"content__img-wrap\"><img src=\"https:\/\/sitechecker.pro\/wp-content\/uploads\/2025\/01\/wordpress-checker-set-up-alerts.png\" alt=\"Wordpress Checker \u2013 Warnmeldungen einrichten\" class=\"description-img description-img-zoom\" loading=\"lazy\" ><\/div>\n<div class=\"important-block\">Um Ergebnisse zu erhalten und 14 Tage lang auf die Funktionen von Sitechecker zuzugreifen, starten Sie Ihre KOSTENLOSE Testversion. Die Anmeldung ist ganz einfach mit Ihrem E-Mail-, Google- oder Facebook-Konto. Es ist keine Kreditkarte erforderlich.<\/div>\n<p>Um den \u00dcberblick \u00fcber Updates Ihrer WordPress-Plugins zu behalten, schlie\u00dfen Sie ein Warnsystem an, das Benachrichtigungen per E-Mail oder Slack sendet. So k\u00f6nnen Sie umgehend auf potenzielle CMS-Fehler reagieren.<\/p>\n<div class=\"content__img-wrap\"><img src=\"https:\/\/sitechecker.pro\/wp-content\/uploads\/2025\/01\/send-alerts.png\" alt=\"Benachrichtigungen senden\" class=\"description-img description-img-zoom\" loading=\"lazy\" ><\/div>\n<p>Bleiben Sie mit Benachrichtigungen \u00fcber die \u00c4nderungen an Ihrer <a href=\"https:\/\/sitechecker.pro\/wordpress-site-monitoring\/\" target=\"_blank\" rel=\"noopener noreferrer\">WordPress-Site<\/a> informiert. Diese Benachrichtigungen helfen Ihnen dabei, zu verfolgen, wann Plugins hinzugef\u00fcgt oder entfernt werden, und stellen sicher, dass Ihre Website optimiert, sicher und auf Ihre Ziele ausgerichtet bleibt.<\/p>\n<div class=\"content__img-wrap\"><img src=\"https:\/\/sitechecker.pro\/wp-content\/uploads\/2025\/01\/wordpress-plugins-added-alert.png\" alt=\"Benachrichtigung zu hinzugef\u00fcgten WordPress-Plugins\" class=\"description-img description-img-zoom\" loading=\"lazy\" ><\/div>\n<p>Ob Plugins die Funktionalit\u00e4t verbessern oder entfernt werden, um die Leistung zu optimieren, diese Updates bieten klare Einblicke, um die Gesundheit Ihrer Website aufrechtzuerhalten.<\/p>\n<div class=\"content__img-wrap\"><img src=\"https:\/\/sitechecker.pro\/wp-content\/uploads\/2025\/01\/wordpress-plugins-deleted-alert.png\" alt=\"Wordpress Plugins Deleted Alert\" class=\"description-img description-img-zoom\" loading=\"lazy\" ><\/div>\n<h2 id=\"par4\">Abschlie\u00dfende Idee<\/h2>\n<p>Der WordPress Plugin Detector ist ein leistungsstarkes Tool, mit dem Benutzer die Plugins und Themes entdecken k\u00f6nnen, die eine Site antreiben. Es ist ideal f\u00fcr Entwickler, Vermarkter und Gesch\u00e4ftsinhaber, die neue Tools entdecken, Konkurrenten analysieren oder ihre Websites optimieren m\u00f6chten. Mit einer intuitiven Benutzeroberfl\u00e4che, einem einheitlichen Dashboard und einem vollst\u00e4ndigen SEO-Toolset bietet es detaillierte Einblicke in Erweiterungen und Themes. Benutzer k\u00f6nnen Websites einfach analysieren, indem sie eine Domain eingeben und sofort Ergebnisse erhalten. Zus\u00e4tzliche Funktionen wie Warnsysteme f\u00fcr Updates verbessern die Site-\u00dcberwachung und die CMS-Zuverl\u00e4ssigkeit.<\/p>\n<div id=\"par5\"><\/div>\n<p><div class=\"front__faq-block\"><div class=\"faq__block-title\">FAQ<\/div><div class=\"panel-group\" id=\"faq-accordion\" itemscope itemtype=\"https:\/\/schema.org\/FAQPage\" role=\"tablist\" aria-multiselectable=\"true\"><div class=\"panel\" itemscope itemtype=\"https:\/\/schema.org\/Question\" itemprop=\"mainEntity\">\n                            <div class=\"panel-heading\" id=\"headingFaq-1\">\n                                <div class=\"panel-title\" data-toggle=\"collapse\" aria-expanded=\"false\" href=\"#collapseFaq-1\">\n                                    <h3 itemprop=\"name\">Bietet das Tool auch Informationen zu WordPress-Themes?<\/h3>\n                                <\/div>\n                            <\/div>\n                            <div id=\"collapseFaq-1\" class=\"panel-collapse collapse\" itemprop=\"acceptedAnswer\" itemscope itemtype=\"http:\/\/schema.org\/Answer\">\n                                <div class=\"panel-body\" itemprop=\"text\">Ja, das Tool kann neben Erweiterungen auch das auf einer Website verwendete WordPress-Theme, einschlie\u00dflich Name und Version, identifizieren.<\/div>\n                            <\/div>\n                        <\/div><div class=\"panel\" itemscope itemtype=\"https:\/\/schema.org\/Question\" itemprop=\"mainEntity\">\n                            <div class=\"panel-heading\" id=\"headingFaq-2\">\n                                <div class=\"panel-title\" data-toggle=\"collapse\" aria-expanded=\"false\" href=\"#collapseFaq-2\">\n                                    <h3 itemprop=\"name\">Beeinflusst das Tool die zu analysierende Website?<\/h3>\n                                <\/div>\n                            <\/div>\n                            <div id=\"collapseFaq-2\" class=\"panel-collapse collapse\" itemprop=\"acceptedAnswer\" itemscope itemtype=\"http:\/\/schema.org\/Answer\">\n                                <div class=\"panel-body\" itemprop=\"text\">Nein, das Tool scannt nur \u00f6ffentlich verf\u00fcgbare Informationen und beeintr\u00e4chtigt oder beeintr\u00e4chtigt die Funktionalit\u00e4t der zu analysierenden Website nicht.<\/div>\n                            <\/div>\n                        <\/div><div class=\"panel\" itemscope itemtype=\"https:\/\/schema.org\/Question\" itemprop=\"mainEntity\">\n                            <div class=\"panel-heading\" id=\"headingFaq-3\">\n                                <div class=\"panel-title\" data-toggle=\"collapse\" aria-expanded=\"false\" href=\"#collapseFaq-3\">\n                                    <h3 itemprop=\"name\">Kann ich mit dem WordPress Plugin Detector mehrere Websites \u00fcberwachen?<\/h3>\n                                <\/div>\n                            <\/div>\n                            <div id=\"collapseFaq-3\" class=\"panel-collapse collapse\" itemprop=\"acceptedAnswer\" itemscope itemtype=\"http:\/\/schema.org\/Answer\">\n                                <div class=\"panel-body\" itemprop=\"text\">Ja, Sie k\u00f6nnen mehrere Websites analysieren, indem Sie deren Dom\u00e4nennamen einzeln in das Tool eingeben.<\/div>\n                            <\/div>\n                        <\/div><\/div><\/div><\/p>","protected":false},"excerpt":{"rendered":"Was ist der WordPress Plugin Checker? Der WP Plugin Detector von Sitechecker ist ein Tool, das die auf einer bestimmten Website verwendeten WordPress-Plugins identifiziert. Durch die Analyse der Website werden Plugins sichtbar, die zu ihrer Funktionalit\u00e4t beitragen, wie z. B. SEO-, Design- oder E-Commerce-Funktionen. Dieses Tool ist wertvoll f\u00fcr Entwickler, Vermarkter und Gesch\u00e4ftsinhaber, die von&#8230;","protected":false},"author":10409641,"featured_media":8500,"parent":0,"menu_order":0,"comment_status":"closed","ping_status":"closed","template":"pages-templates\/pages-minitools-3.php","meta":[],"categories":[73],"tags":[],"_links":{"self":[{"href":"https:\/\/sitechecker.pro\/de\/wp-json\/wp\/v2\/pages\/8470"}],"collection":[{"href":"https:\/\/sitechecker.pro\/de\/wp-json\/wp\/v2\/pages"}],"about":[{"href":"https:\/\/sitechecker.pro\/de\/wp-json\/wp\/v2\/types\/page"}],"author":[{"embeddable":true,"href":"https:\/\/sitechecker.pro\/de\/wp-json\/wp\/v2\/users\/10409641"}],"replies":[{"embeddable":true,"href":"https:\/\/sitechecker.pro\/de\/wp-json\/wp\/v2\/comments?post=8470"}],"version-history":[{"count":27,"href":"https:\/\/sitechecker.pro\/de\/wp-json\/wp\/v2\/pages\/8470\/revisions"}],"predecessor-version":[{"id":35603,"href":"https:\/\/sitechecker.pro\/de\/wp-json\/wp\/v2\/pages\/8470\/revisions\/35603"}],"wp:featuredmedia":[{"embeddable":true,"href":"https:\/\/sitechecker.pro\/de\/wp-json\/wp\/v2\/media\/8500"}],"wp:attachment":[{"href":"https:\/\/sitechecker.pro\/de\/wp-json\/wp\/v2\/media?parent=8470"}],"wp:term":[{"taxonomy":"category","embeddable":true,"href":"https:\/\/sitechecker.pro\/de\/wp-json\/wp\/v2\/categories?post=8470"},{"taxonomy":"post_tag","embeddable":true,"href":"https:\/\/sitechecker.pro\/de\/wp-json\/wp\/v2\/tags?post=8470"}],"curies":[{"name":"wp","href":"https:\/\/api.w.org\/{rel}","templated":true}]}}