{"id":8272,"date":"2019-10-03T13:14:07","date_gmt":"2019-10-03T13:14:07","guid":{"rendered":"https:\/\/sitechecker.pro\/?page_id=8272"},"modified":"2026-02-26T15:33:02","modified_gmt":"2026-02-26T15:33:02","slug":"ga-checker","status":"publish","type":"page","link":"https:\/\/sitechecker.pro\/de\/ga-checker\/","title":{"rendered":"Kostenloser Google Analytics Checker | Testen Sie, ob GA funktioniert \u1408"},"content":{"rendered":"<p><\/p>\n<h2 id=\"par1\">Was ist ein Google Analytics Checker?<\/h2>\n<p>Der Google Analytics Checker von <a href=\"https:\/\/sitechecker.pro\/\" target=\"_blank\" rel=\"noopener noreferrer\">Sitechecker<\/a> wurde entwickelt, um zu \u00fcberpr\u00fcfen, ob eine Website \u00fcber einen ordnungsgem\u00e4\u00df installierten und funktionierenden Google Analytics-Tracking-Code verf\u00fcgt. Er scannt eine URL, um GA4- oder Universal Analytics (UA)-Skripte zu erkennen und stellt aktives Tracking sicher. Dies hilft Websitebesitzern, Vermarktern und SEO-Spezialisten dabei, zu best\u00e4tigen, dass ihr Analytics-Setup korrekt implementiert ist, um Datenverlust oder Tracking-Fehler zu vermeiden. Das Tool ist besonders n\u00fctzlich f\u00fcr die Diagnose fehlender, doppelter oder defekter Google Analytics-Installationen, die die Einblicke in die Website-Leistung beeintr\u00e4chtigen k\u00f6nnten.<\/p>\n<h3>Wie das Tool Ihnen helfen kann<\/h3>\n<p><strong>GA Tracking Code Detection: <\/strong>\u00fcberpr\u00fcft, ob eine Website \u00fcber einen ordnungsgem\u00e4\u00df installierten und funktionierenden GA4- oder Universal Analytics (UA)-Tracking-Code verf\u00fcgt, und stellt so eine genaue Datenerfassung sicher.<\/p>\n<p><strong>Umfassendes GA-Dashboard: <\/strong>bietet wichtige Verkehrstrends, SEO-Indikatoren, Ranking-Metriken und Engagement-Einblicke, um die Website-Leistung zu \u00fcberwachen und zu optimieren.<\/p>\n<p><strong>Problemidentifizierung: <\/strong>erkennt fehlende, doppelte oder defekte Tracking-Codes, hebt Probleme mit dem Suchverkehr hervor und bietet umsetzbare SEO-Empfehlungen f\u00fcr bessere Sichtbarkeit.<\/p>\n<h3>Hauptfunktionen des Google Analytics Detector<\/h3>\n<p><strong>Vereinheitlichtes Dashboard: <\/strong>bietet eine zentrale Ansicht aller Leistungsmetriken der Website, einschlie\u00dflich SEO-Einblicke, Verkehrsdaten und Google Analytics-Integration, sodass Benutzer ihre Website effizient \u00fcberwachen und optimieren k\u00f6nnen.<\/p>\n<p><strong>Benutzerfreundliche Oberfl\u00e4che: <\/strong>Sitechecker wurde sowohl f\u00fcr Anf\u00e4nger als auch f\u00fcr erfahrene Benutzer entwickelt und bietet eine intuitive und leicht zu navigierende Plattform, die Website-Audits, SEO-Analysen und Leistungsverfolgung vereinfacht.<\/p>\n<p><strong>Komplettes SEO-Toolset: <\/strong>umfasst eine umfassende Suite von SEO-Tools wie Site-Audits, Ranking-Tracking und On-Page-Optimierungsfunktionen, um die Sichtbarkeit der Website und das Ranking in Suchmaschinen zu verbessern.<\/p>\n<h2 id=\"par2\">So verwenden Sie das Tool<\/h2>\n<p>Um den GA4-Checker zu verwenden, w\u00e4hlen Sie eine Audit-Option. W\u00e4hlen Sie \u201eGA f\u00fcr Ihre Site testen\u201c f\u00fcr eine vollst\u00e4ndige Analyse, einschlie\u00dflich Verkehrsdaten. W\u00e4hlen Sie \u201eGA f\u00fcr eine andere Site testen\u201c, um den GA-Tracking-Code schnell zu \u00fcberpr\u00fcfen. Klicken Sie auf \u201eAudit starten\u201c, um zu beginnen.<\/p>\n<h2 id=\"par3\">Testen Sie GA f\u00fcr Ihre Site<\/h2>\n<h3>Schritt 1: W\u00e4hlen Sie den GA-Test f\u00fcr Ihre Website<\/h3>\n<div class=\"content__img-wrap\"><img src=\"https:\/\/sitechecker.pro\/wp-content\/uploads\/2025\/02\/test-ga-your-site.png\" alt=\"Testen Sie GA f\u00fcr Ihre Site\" class=\"description-img description-img-zoom\" loading=\"lazy\" ><\/div>\n<div class=\"important-block\">Um Ergebnisse zu erhalten und 14 Tage lang auf die Funktionen von Sitechecker zuzugreifen, starten Sie Ihre KOSTENLOSE Testversion. Die Anmeldung ist ganz einfach mit Ihrem E-Mail-, Google- oder Facebook-Konto. Es ist keine Kreditkarte erforderlich.<\/div>\n<h3>Schritt 2: Verbinden Sie Google Analytics<\/h3>\n<p>Verkn\u00fcpfen Sie Ihr Google Analytics-Konto mit Sitechecker, um Einblicke und Berichte zu erhalten. Klicken Sie auf \u201eGoogle-Konto verbinden\u201c, um fortzufahren.<\/p>\n<div class=\"content__img-wrap\"><img src=\"https:\/\/sitechecker.pro\/wp-content\/uploads\/2025\/02\/connect-google-account.png\" alt=\"Google-Konto verbinden\" class=\"description-img description-img-zoom\" loading=\"lazy\" ><\/div>\n<h3>Schritt 3: Ergebnisse abrufen<\/h3>\n<p>Verfolgen Sie den Traffic, die Sichtbarkeit und die Suchleistung Ihrer Website mit wichtigen Google Analytics-Kennzahlen. Erhalten Sie Einblicke in organischen Traffic, Klicks, Impressionen, indexierte Seiten, CTR und Keyword-Rankings, um Ihre SEO-Strategie zu optimieren.<\/p>\n<div class=\"content__img-wrap\"><img src=\"https:\/\/sitechecker.pro\/wp-content\/uploads\/2025\/02\/sitechecker-dashboard.png\" alt=\"Sitechecker Dashboard\" class=\"description-img description-img-zoom\" loading=\"lazy\" ><\/div>\n<h3>Das GA-Dashboard aggregiert wichtige KPIs f\u00fcr die Website-\u00dcberwachung<\/h3>\n<p><strong>Traffic-\u00dcbersicht: <\/strong>Vergleicht den gesamten und organischen Traffic und hebt Wachstumstrends hervor.<\/p>\n<p><strong>Engagement-Kennzahlen: <\/strong>Verfolgt Impressionen und Klicks, um die Benutzerinteraktion zu messen.<\/p>\n<p><strong>SEO-Indikatoren: <\/strong>Bewertet Sichtbarkeit und Indizierung in Suchergebnissen f\u00fcr SEO-Berichte.<\/p>\n<p><strong>Ranking-Metriken: <\/strong>Zeigt durchschnittliche Position und CTR f\u00fcr SEO-Bewertungen an.<\/p>\n<p><strong>Health Score: <\/strong>Bewertet die allgemeine SEO-Gesundheit und den Keyword-Ranking-Status.<\/p>\n<p><strong>Trendanalyse: <\/strong>Zeichnet Verkehrstrends auf, um Muster und Ausrei\u00dfer zu erkennen.<\/p>\n<p>Funktionen wie Notizen, Widget-Verwaltung, Datenexport und anpassbare Zeitfilter verbessern die analytische Flexibilit\u00e4t des Dashboards.<\/p>\n<div class=\"content__img-wrap\"><img src=\"https:\/\/sitechecker.pro\/wp-content\/uploads\/2025\/02\/google-search-console-metrics.png\" alt=\"Google Search Console Metrics\" class=\"description-img description-img-zoom\" loading=\"lazy\" ><\/div>\n<p>Diese dynamische Schnittstelle erm\u00f6glicht es Webmastern und SEO-Experten, wertvolle Daten zu nutzen, von allgemeinen Trends bis hin zu detaillierten Metriken. So verfeinern sie ihre Suchstrategien und erhalten Anweisungen, um die Suchmaschinenpr\u00e4senz ihrer Website zu verbessern.<\/p>\n<h3>Schnelle GA-Insights mit der Sitechecker Chrome-Erweiterung<\/h3>\n<p>Nachdem Sie \u00fcberpr\u00fcft haben, ob Google Analytics korrekt installiert ist, hilft Ihnen die Sitechecker Chrome-Erweiterung dabei, schnell zu verstehen, wie eine Seite in der Praxis performt. Beim Durchsuchen einer beliebigen URL k\u00f6nnen Sie sofort seitenbezogene Performance-Signale (Traffic-Potenzial, Sichtbarkeit und Engagement-Kontext) einsehen, ohne Google Analytics \u00f6ffnen zu m\u00fcssen.<\/p>\n<div class=\"content__img-wrap\"><img src=\"https:\/\/sitechecker.pro\/wp-content\/uploads\/2026\/02\/ga-insights-extension.png\" alt=\"GA insights extension\" class=\"description-img description-img-zoom\" loading=\"lazy\" ><\/div>\n<p>So k\u00f6nnen Sie das Tracking-Setup einfach validieren, Seiten mit niedrigen oder fehlenden Daten identifizieren und Ergebnisse nach Content-Updates oder Migrationen direkt im Browser \u00fcberpr\u00fcfen.<\/p>\n<h2 id=\"par4\">Zus\u00e4tzliche Funktionen des Google Analytics Code Checker<\/h2>\n<p>Der GA Code Checker liefert detaillierte Performance-Analyse-Tracking-Codes f\u00fcr Websites und ausgew\u00e4hlte Seiten, indem er GA- und Search Console-Daten nutzt. Dieses SEO-Audit-Tool hebt Probleme hervor, die den Suchverkehr beeintr\u00e4chtigen (z. B. Seiten ohne Impressionen oder Klicks) und bietet eine detaillierte Aufschl\u00fcsselung f\u00fcr gezielte Verbesserungen.<\/p>\n<ul>\n<li><strong>Problemidentifizierung: <\/strong>Zeigt spezifische Suchverkehrsprobleme f\u00fcr eine eingehende \u00dcberpr\u00fcfung und gibt Tipps zu deren Behebung.<\/li>\n<li><strong>Kategorisierung: <\/strong>Sortiert Probleme nach Schweregrad zur Priorisierung.<\/li>\n<li><strong>Seitenkategorisierung: <\/strong>Visualisiert betroffene Seiten nach SEO-Faktoren wie Links und Seitengeschwindigkeit.<\/li>\n<li><strong>Umsetzbare Empfehlungen: <\/strong>Schl\u00e4gt Schl\u00fcsselw\u00f6rter zur Nachverfolgung vor und integriert Daten f\u00fcr eine durchdachtere SEO-Planung.<\/li>\n<\/ul>\n<p>Google Analytics Tester ist ein unverzichtbares Hilfsmittel f\u00fcr Webmaster und SEO-Profis. Es verbessert den Suchverkehr und optimiert SEO-Strategien effektiv.<\/p>\n<div class=\"content__img-wrap\"><img src=\"https:\/\/sitechecker.pro\/wp-content\/uploads\/2025\/02\/search-traffic-issues.png\" alt=\"Suchverkehrsprobleme\" class=\"description-img description-img-zoom\" loading=\"lazy\" ><\/div>\n<p>F\u00fcr eine detaillierte Analyse einer einzelnen Seite klicken Sie auf die Schaltfl\u00e4che \u201eAlle HTML-Seiten\u201c und w\u00e4hlen Sie eine bestimmte Seite aus, um tiefer einzutauchen.<\/p>\n<p>Bewertet das Verkehrspotenzial von Suchanfragen f\u00fcr eine gezielte Keyword-Optimierung.<\/p>\n<h3>Die Seitenpr\u00fcfung ist ein umfassender Ansatz zur SEO-Analyse<\/h3>\n<p>Sie k\u00f6nnen beispielsweise eine bestimmte URL einchecken:<\/p>\n<ul>\n<li><strong>Suchmetriken: <\/strong>Bietet Daten zur Suchleistung, einschlie\u00dflich Impressionen und CTR, nach Ger\u00e4t und Land.<\/li>\n<li><strong>Leistungsmetriken: <\/strong>Zeigt ger\u00e4tespezifische Impressionen und CTR an und enth\u00fcllt so die St\u00e4rken der Website.<\/li>\n<li><strong>Geografische Analyse: <\/strong>Zeigt die Leistung nach Land, um globale Strategien zu unterst\u00fctzen.<\/li>\n<li><strong>Suchanfrageverfolgung: <\/strong>Verfolgt die Rankings f\u00fcr die wichtigsten Anfragen und zeigt SEO-Fortschritte und Optimierungsm\u00f6glichkeiten an.<\/li>\n<li><strong>SEO-Potenzial: <\/strong>Bewertet das Verkehrspotenzial von Suchanfragen f\u00fcr eine gezielte Keyword-Optimierung.<\/li>\n<\/ul>\n<div class=\"content__img-wrap\"><img src=\"https:\/\/sitechecker.pro\/wp-content\/uploads\/2025\/02\/search-metrics.png\" alt=\"Suchmetriken\" class=\"description-img description-img-zoom\" loading=\"lazy\" ><\/div>\n<p>Zusammenfassend zeigt die Schnittstelle eine Plattform an, die die SEO-Leistung verfolgt und dar\u00fcber berichtet. Au\u00dferdem bietet sie umsetzbare Erkenntnisse, die die Suchoptimierungsstrategie einer Website verbessern k\u00f6nnen.<\/p>\n<h2 id=\"par5\">Testen Sie den GA-Tracking-Code einer anderen Site<\/h2>\n<h3>Schritt 1: W\u00e4hlen Sie die Option, eine andere Site als Ihre eigene zu \u00fcberpr\u00fcfen<\/h3>\n<div class=\"content__img-wrap\"><img src=\"https:\/\/sitechecker.pro\/wp-content\/uploads\/2025\/02\/test-ga-another-site.png\" alt=\"Testen Sie GA auf einer anderen Site\" class=\"description-img description-img-zoom\" loading=\"lazy\" ><\/div>\n<h3>Schritt 2: Erhalten Sie die Ergebnisse<\/h3>\n<p>\u00dcberpr\u00fcfen Sie, ob auf einer Website das Google Analytics-Tracking aktiviert ist, und stellen Sie sicher, dass der Tracking-Code ordnungsgem\u00e4\u00df funktioniert.<\/p>\n<div class=\"content__img-wrap\"><img src=\"https:\/\/sitechecker.pro\/wp-content\/uploads\/2025\/02\/google-analytics-checker-results.png\" alt=\"Google Analytics Checker Results\" class=\"description-img description-img-zoom\" loading=\"lazy\" ><\/div>\n<h2 id=\"par6\">Abschlie\u00dfende Idee<\/h2>\n<p>Google Analytics Tag Checker \u00fcberpr\u00fcft, ob eine Website \u00fcber einen ordnungsgem\u00e4\u00df installierten GA-Tracking-Code verf\u00fcgt. Es erkennt GA4- und Universal Analytics (UA)-Skripte und stellt aktives Tracking sicher, um Datenverlust zu verhindern. Benutzer k\u00f6nnen GA f\u00fcr ihre eigene Site (detaillierte Verkehrseinblicke) oder eine andere Site (schnelle Tracking-\u00dcberpr\u00fcfung) testen. Das Tool bietet ein einheitliches Dashboard mit Verkehrstrends, SEO-Indikatoren, Ranking-Metriken und Engagement-Daten. Zu den zus\u00e4tzlichen Funktionen geh\u00f6ren Problemidentifizierung, Keyword-Tracking und umsetzbare SEO-Empfehlungen. Dieses Tool hilft Webmastern und SEO-Experten, Analysen zu \u00fcberwachen, die Suchsichtbarkeit zu optimieren und die Website-Leistung effektiv zu verbessern.<\/p>\n<div id=\"par7\"><\/div>\n<p><div class=\"front__faq-block\"><div class=\"faq__block-title\">FAQ<\/div><div class=\"panel-group\" id=\"faq-accordion\" itemscope itemtype=\"https:\/\/schema.org\/FAQPage\" role=\"tablist\" aria-multiselectable=\"true\"><div class=\"panel\" itemscope itemtype=\"https:\/\/schema.org\/Question\" itemprop=\"mainEntity\">\n                            <div class=\"panel-heading\" id=\"headingFaq-1\">\n                                <div class=\"panel-title\" data-toggle=\"collapse\" aria-expanded=\"false\" href=\"#collapseFaq-1\">\n                                    <h3 itemprop=\"name\">Kann ich \u00fcberpr\u00fcfen, ob f\u00fcr mehrere Websites Google Analytics-Tracking aktiviert ist?<\/h3>\n                                <\/div>\n                            <\/div>\n                            <div id=\"collapseFaq-1\" class=\"panel-collapse collapse\" itemprop=\"acceptedAnswer\" itemscope itemtype=\"http:\/\/schema.org\/Answer\">\n                                <div class=\"panel-body\" itemprop=\"text\">Ja, Sie k\u00f6nnen mehrere Websites testen, indem Sie verschiedene URLs einzeln eingeben, um zu \u00fcberpr\u00fcfen, ob GA-Tracking installiert ist.<\/div>\n                            <\/div>\n                        <\/div><div class=\"panel\" itemscope itemtype=\"https:\/\/schema.org\/Question\" itemprop=\"mainEntity\">\n                            <div class=\"panel-heading\" id=\"headingFaq-2\">\n                                <div class=\"panel-title\" data-toggle=\"collapse\" aria-expanded=\"false\" href=\"#collapseFaq-2\">\n                                    <h3 itemprop=\"name\">\u00dcberpr\u00fcft das Tool sowohl GA4 als auch Universal Analytics (UA)?<\/h3>\n                                <\/div>\n                            <\/div>\n                            <div id=\"collapseFaq-2\" class=\"panel-collapse collapse\" itemprop=\"acceptedAnswer\" itemscope itemtype=\"http:\/\/schema.org\/Answer\">\n                                <div class=\"panel-body\" itemprop=\"text\">Ja, es erkennt und \u00fcberpr\u00fcft sowohl GA4- als auch UA-Tracking-Codes, um eine ordnungsgem\u00e4\u00dfe Implementierung sicherzustellen.<\/div>\n                            <\/div>\n                        <\/div><div class=\"panel\" itemscope itemtype=\"https:\/\/schema.org\/Question\" itemprop=\"mainEntity\">\n                            <div class=\"panel-heading\" id=\"headingFaq-3\">\n                                <div class=\"panel-title\" data-toggle=\"collapse\" aria-expanded=\"false\" href=\"#collapseFaq-3\">\n                                    <h3 itemprop=\"name\">Muss ich mich anmelden, um GA-Tracking f\u00fcr eine andere Site zu \u00fcberpr\u00fcfen?<\/h3>\n                                <\/div>\n                            <\/div>\n                            <div id=\"collapseFaq-3\" class=\"panel-collapse collapse\" itemprop=\"acceptedAnswer\" itemscope itemtype=\"http:\/\/schema.org\/Answer\">\n                                <div class=\"panel-body\" itemprop=\"text\">Nein, wenn ich GA f\u00fcr eine andere Site teste, erhalte ich einen sofortigen Bericht, ohne dass ein Konto erforderlich ist.<\/div>\n                            <\/div>\n                        <\/div><div class=\"panel\" itemscope itemtype=\"https:\/\/schema.org\/Question\" itemprop=\"mainEntity\">\n                            <div class=\"panel-heading\" id=\"headingFaq-4\">\n                                <div class=\"panel-title\" data-toggle=\"collapse\" aria-expanded=\"false\" href=\"#collapseFaq-4\">\n                                    <h3 itemprop=\"name\">Kann das Tool feststellen, ob der GA-Tracking-Code defekt ist oder fehlt?<\/h3>\n                                <\/div>\n                            <\/div>\n                            <div id=\"collapseFaq-4\" class=\"panel-collapse collapse\" itemprop=\"acceptedAnswer\" itemscope itemtype=\"http:\/\/schema.org\/Answer\">\n                                <div class=\"panel-body\" itemprop=\"text\">Ja, es erkennt fehlende, doppelte oder nicht funktionierende Tracking-Codes, die zu Datenverlust f\u00fchren k\u00f6nnen.<\/div>\n                            <\/div>\n                        <\/div><div class=\"panel\" itemscope itemtype=\"https:\/\/schema.org\/Question\" itemprop=\"mainEntity\">\n                            <div class=\"panel-heading\" id=\"headingFaq-5\">\n                                <div class=\"panel-title\" data-toggle=\"collapse\" aria-expanded=\"false\" href=\"#collapseFaq-5\">\n                                    <h3 itemprop=\"name\">Bietet das Tool Erkenntnisse, die \u00fcber die Tracking-\u00dcberpr\u00fcfung hinausgehen?<\/h3>\n                                <\/div>\n                            <\/div>\n                            <div id=\"collapseFaq-5\" class=\"panel-collapse collapse\" itemprop=\"acceptedAnswer\" itemscope itemtype=\"http:\/\/schema.org\/Answer\">\n                                <div class=\"panel-body\" itemprop=\"text\">Ja, wenn Sie Ihre eigene Site testen, bietet es Verkehrsdaten, SEO-Leistungsmetriken und Ranking-Einblicke.<\/div>\n                            <\/div>\n                        <\/div><div class=\"panel\" itemscope itemtype=\"https:\/\/schema.org\/Question\" itemprop=\"mainEntity\">\n                            <div class=\"panel-heading\" id=\"headingFaq-6\">\n                                <div class=\"panel-title\" data-toggle=\"collapse\" aria-expanded=\"false\" href=\"#collapseFaq-6\">\n                                    <h3 itemprop=\"name\">Wie oft sollte ich meine Website auf GA-Tracking-Probleme \u00fcberpr\u00fcfen?<\/h3>\n                                <\/div>\n                            <\/div>\n                            <div id=\"collapseFaq-6\" class=\"panel-collapse collapse\" itemprop=\"acceptedAnswer\" itemscope itemtype=\"http:\/\/schema.org\/Answer\">\n                                <div class=\"panel-body\" itemprop=\"text\">Es wird empfohlen, nach gr\u00f6\u00dferen Website-Updates, Migrationen oder \u00c4nderungen in Ihrem Analytics-Setup zu pr\u00fcfen.<\/div>\n                            <\/div>\n                        <\/div><div class=\"panel\" itemscope itemtype=\"https:\/\/schema.org\/Question\" itemprop=\"mainEntity\">\n                            <div class=\"panel-heading\" id=\"headingFaq-7\">\n                                <div class=\"panel-title\" data-toggle=\"collapse\" aria-expanded=\"false\" href=\"#collapseFaq-7\">\n                                    <h3 itemprop=\"name\">Kann ich die GA-Testergebnisse exportieren?<\/h3>\n                                <\/div>\n                            <\/div>\n                            <div id=\"collapseFaq-7\" class=\"panel-collapse collapse\" itemprop=\"acceptedAnswer\" itemscope itemtype=\"http:\/\/schema.org\/Answer\">\n                                <div class=\"panel-body\" itemprop=\"text\">Ja, Sitechecker erm\u00f6glicht den Export von Berichten zur weiteren Analyse und Dokumentation.<\/div>\n                            <\/div>\n                        <\/div><\/div><\/div><\/p>","protected":false},"excerpt":{"rendered":"Was ist ein Google Analytics Checker? Der Google Analytics Checker von Sitechecker wurde entwickelt, um zu \u00fcberpr\u00fcfen, ob eine Website \u00fcber einen ordnungsgem\u00e4\u00df installierten und funktionierenden Google Analytics-Tracking-Code verf\u00fcgt. Er scannt eine URL, um GA4- oder Universal Analytics (UA)-Skripte zu erkennen und stellt aktives Tracking sicher. Dies hilft Websitebesitzern, Vermarktern und SEO-Spezialisten dabei, zu best\u00e4tigen,&#8230;","protected":false},"author":10409641,"featured_media":8276,"parent":0,"menu_order":0,"comment_status":"closed","ping_status":"closed","template":"pages-templates\/pages-minitools-3.php","meta":[],"categories":[73],"tags":[],"_links":{"self":[{"href":"https:\/\/sitechecker.pro\/de\/wp-json\/wp\/v2\/pages\/8272"}],"collection":[{"href":"https:\/\/sitechecker.pro\/de\/wp-json\/wp\/v2\/pages"}],"about":[{"href":"https:\/\/sitechecker.pro\/de\/wp-json\/wp\/v2\/types\/page"}],"author":[{"embeddable":true,"href":"https:\/\/sitechecker.pro\/de\/wp-json\/wp\/v2\/users\/10409641"}],"replies":[{"embeddable":true,"href":"https:\/\/sitechecker.pro\/de\/wp-json\/wp\/v2\/comments?post=8272"}],"version-history":[{"count":57,"href":"https:\/\/sitechecker.pro\/de\/wp-json\/wp\/v2\/pages\/8272\/revisions"}],"predecessor-version":[{"id":39524,"href":"https:\/\/sitechecker.pro\/de\/wp-json\/wp\/v2\/pages\/8272\/revisions\/39524"}],"wp:featuredmedia":[{"embeddable":true,"href":"https:\/\/sitechecker.pro\/de\/wp-json\/wp\/v2\/media\/8276"}],"wp:attachment":[{"href":"https:\/\/sitechecker.pro\/de\/wp-json\/wp\/v2\/media?parent=8272"}],"wp:term":[{"taxonomy":"category","embeddable":true,"href":"https:\/\/sitechecker.pro\/de\/wp-json\/wp\/v2\/categories?post=8272"},{"taxonomy":"post_tag","embeddable":true,"href":"https:\/\/sitechecker.pro\/de\/wp-json\/wp\/v2\/tags?post=8272"}],"curies":[{"name":"wp","href":"https:\/\/api.w.org\/{rel}","templated":true}]}}