{"id":8059,"date":"2019-09-19T10:48:46","date_gmt":"2019-09-19T10:48:46","guid":{"rendered":"https:\/\/sitechecker.pro\/?page_id=8059"},"modified":"2025-02-28T10:04:36","modified_gmt":"2025-02-28T10:04:36","slug":"blacklist-checker","status":"publish","type":"page","link":"https:\/\/sitechecker.pro\/de\/blacklist-checker\/","title":{"rendered":"Blacklist Checker: Ist Ihre Domain oder IP auf der schwarzen Liste?"},"content":{"rendered":"<p><\/p>\n<h2 id=\"par1\">Was ist der Domain Blacklist Checker?<\/h2>\n<p>Der Domain Blacklist Checker von <a href=\"https:\/\/sitechecker.pro\/\" target=\"_blank\" rel=\"noopener noreferrer\">Sitechecker<\/a> ist ein Onlinetool, mit dem Benutzer \u00fcberpr\u00fcfen k\u00f6nnen, ob eine Domain oder IP-Adresse auf einer Blacklist steht, die ihre SEO-Rankings und E-Mail-Zustellbarkeit beeintr\u00e4chtigen k\u00f6nnte. Es wurde entwickelt, um Websitebesitzern dabei zu helfen, sicherzustellen, dass ihre Domain nicht wegen Spam oder b\u00f6swilliger Aktivit\u00e4ten markiert wurde, was dazu beitragen kann, den Ruf und die Sichtbarkeit ihrer Website im Internet aufrechtzuerhalten.<\/p>\n<h3>Wie das Tool Ihnen helfen kann<\/h3>\n<p><strong>Blacklist-Status\u00fcberpr\u00fcfung: <\/strong>\u00fcberpr\u00fcft direkt, ob eine Domain oder IP in DNSBL-Datenbanken f\u00fcr eine m\u00f6gliche Blacklist aufgef\u00fchrt ist.<\/p>\n<p><strong>Detaillierte Berichterstellung: <\/strong>bietet Berichte \u00fcber den Blacklist-Status und bietet Einblicke in alle erkannten Probleme.<\/p>\n<p><strong>Website-Sicherheitspr\u00fcfung: <\/strong>bietet eine umfassende Analyse der Website-Schwachstellen und gibt praktische Ratschl\u00e4ge zu deren Behebung.<\/p>\n<h3>Hauptfunktionen des Tools<\/h3>\n<p><strong>Vereinheitlichtes Dashboard: <\/strong>bietet eine einzige, integrierte Ansicht zur \u00dcberwachung von Website-Analysen und Leistungsindikatoren und vereinfacht so die Datenanalyse.<\/p>\n<p><strong>Benutzerfreundliche Oberfl\u00e4che: <\/strong>auf Zug\u00e4nglichkeit ausgelegt, stellt sie sicher, dass Profis und Anf\u00e4nger das Tool effektiv navigieren und verwenden k\u00f6nnen.<\/p>\n<p><strong>Komplettes SEO-Toolset: <\/strong>bietet eine umfangreiche Sammlung von SEO-Tools, die alle Aspekte abdecken, die f\u00fcr umfassende Suchmaschinenoptimierungsbem\u00fchungen erforderlich sind.<\/p>\n<h2 id=\"par2\">So verwenden Sie das Tool<\/h2>\n<h3>Schritt 1: Geben Sie die Domain ein, die Sie pr\u00fcfen m\u00f6chten, und klicken Sie dann auf die Schaltfl\u00e4che \u201eBlacklists pr\u00fcfen\u201c<\/h3>\n<div class=\"content__img-wrap\"><img src=\"https:\/\/sitechecker.pro\/wp-content\/uploads\/2024\/03\/domain-blacklist-checker.png\" alt=\"Domain Blacklist Checker\" class=\"description-img description-img-zoom\" loading=\"lazy\" ><\/div>\n<h3>Schritt 2: Erhalten Sie das Ergebnis<\/h3>\n<p>Innerhalb von Sekunden erhalten Sie alle Informationen zu Ihrer Website in einem umfassenden Bericht zusammengefasst.<\/p>\n<div class=\"content__img-wrap\"><img src=\"https:\/\/sitechecker.pro\/wp-content\/uploads\/2024\/03\/spam-blacklist-checker.png\" alt=\"Spam Blacklist Checker\" class=\"description-img description-img-zoom\" loading=\"lazy\" ><\/div>\n<p>Dar\u00fcber hinaus k\u00f6nnen Sie bei Bedarf einen neuen Test mit der IP-Adresse anstelle des Domainnamens durchf\u00fchren.<\/p>\n<div class=\"content__img-wrap\"><img src=\"https:\/\/sitechecker.pro\/wp-content\/uploads\/2024\/03\/check-your-domain-or-ip.png\" alt=\"\u00dcberpr\u00fcfen Sie Ihre Domain oder IP\" class=\"description-img description-img-zoom\" loading=\"lazy\" ><\/div>\n<p>Um eine umfassende SEO-Analyse zu starten, klicken Sie einfach auf die Schaltfl\u00e4che \u201eTracking starten\u201c.<\/p>\n<h2 id=\"par3\">Zus\u00e4tzliche Funktionen des Domain-Spam-Checkers<\/h2>\n<p>Wenn wir Ihre Domain auf Blacklists scannen, crawlen wir Ihre Site im Hintergrund. Wenn Sie also auf die Schaltfl\u00e4che \u201eBericht pr\u00fcfen\u201c auf dem Banner klicken, erhalten Sie einen umfassenden Website-Audit-Bericht. Er hilft Ihnen, alle Probleme auf Ihrer Site zu identifizieren und zu beheben.<\/p>\n<div class=\"content__img-wrap\"><img src=\"https:\/\/sitechecker.pro\/wp-content\/uploads\/2024\/03\/site-audit.png\" alt=\"Site Audit\" class=\"description-img description-img-zoom\" loading=\"lazy\" ><\/div>\n<p>Zus\u00e4tzlich erm\u00f6glichen wir IP-Pr\u00fcfungen, auch wenn Sie die IP Ihrer Website nicht kennen. Sie k\u00f6nnen sie bequem abrufen, indem Sie auf der Site-Audit-Seite auf die Domain-Informationen klicken \u2013 kopieren Sie sie einfach von dort. Damit sind Sie bereit f\u00fcr eine IP-Sperrlistenpr\u00fcfung.<\/p>\n<div class=\"content__img-wrap\"><img src=\"https:\/\/sitechecker.pro\/wp-content\/uploads\/2024\/03\/blacklist-checker-tool.png\" alt=\"Blacklist Checker Tool\" class=\"description-img description-img-zoom\" loading=\"lazy\" ><\/div>\n<h2 id=\"par4\">Abschlie\u00dfende Bemerkungen<\/h2>\n<p>Zusammenfassend k\u00f6nnen wir sagen, dass eine Blacklist-Suche eine wichtige Software zum Schutz Ihrer Website oder IP-Adresse ist. Damit k\u00f6nnen Sie feststellen, ob Sie gesperrt wurden, was Ihren Datenverkehr erheblich beeintr\u00e4chtigen k\u00f6nnte. Der Checker durchsucht die DNSBL-Datenbank und bietet eine gr\u00fcndliche SEO-Bewertung und Site-\u00dcberwachung. Er ist einfach und schnell und liefert in Sekundenschnelle einen umfassenden Bericht. Dar\u00fcber hinaus bietet er eine IP-Blacklist-Pr\u00fcfungsfunktion f\u00fcr absoluten Komfort. Die Bedeutung dieses Tools f\u00fcr die Aufrechterhaltung einer sicheren und effizienten digitalen Pr\u00e4senz kann nicht genug betont werden.<\/p>\n<div id=\"par5\"><\/div>\n<p><div class=\"front__faq-block\"><div class=\"faq__block-title\">FAQ<\/div><div class=\"panel-group\" id=\"faq-accordion\" itemscope itemtype=\"https:\/\/schema.org\/FAQPage\" role=\"tablist\" aria-multiselectable=\"true\"><div class=\"panel\" itemscope itemtype=\"https:\/\/schema.org\/Question\" itemprop=\"mainEntity\">\n                            <div class=\"panel-heading\" id=\"headingFaq-1\">\n                                <div class=\"panel-title\" data-toggle=\"collapse\" aria-expanded=\"false\" href=\"#collapseFaq-1\">\n                                    <h3 itemprop=\"name\">Wie \u00fcberpr\u00fcfe ich, ob meine Domain auf der schwarzen Liste steht?<\/h3>\n                                <\/div>\n                            <\/div>\n                            <div id=\"collapseFaq-1\" class=\"panel-collapse collapse\" itemprop=\"acceptedAnswer\" itemscope itemtype=\"http:\/\/schema.org\/Answer\">\n                                <div class=\"panel-body\" itemprop=\"text\">Sie k\u00f6nnen unseren Website-Blacklist-Checker verwenden: Geben Sie die Domain ein, senden Sie die Anfrage und sehen Sie sich die Ergebnisse an. Dies kann \u00fcber den Domainnamen oder die Website-IP erfolgen.<\/div>\n                            <\/div>\n                        <\/div><div class=\"panel\" itemscope itemtype=\"https:\/\/schema.org\/Question\" itemprop=\"mainEntity\">\n                            <div class=\"panel-heading\" id=\"headingFaq-2\">\n                                <div class=\"panel-title\" data-toggle=\"collapse\" aria-expanded=\"false\" href=\"#collapseFaq-2\">\n                                    <h3 itemprop=\"name\">Wie \u00fcberpr\u00fcfen Sie, ob Sie von Google auf die schwarze Liste gesetzt wurden?<\/h3>\n                                <\/div>\n                            <\/div>\n                            <div id=\"collapseFaq-2\" class=\"panel-collapse collapse\" itemprop=\"acceptedAnswer\" itemscope itemtype=\"http:\/\/schema.org\/Answer\">\n                                <div class=\"panel-body\" itemprop=\"text\">Verwenden Sie unseren Blacklist-Checker oder \u00fcberpr\u00fcfen Sie den Transparenzbericht von Google (transparencyreport.google.com), indem Sie die URL Ihrer Site eingeben und die Anfrage senden.<\/div>\n                            <\/div>\n                        <\/div><div class=\"panel\" itemscope itemtype=\"https:\/\/schema.org\/Question\" itemprop=\"mainEntity\">\n                            <div class=\"panel-heading\" id=\"headingFaq-3\">\n                                <div class=\"panel-title\" data-toggle=\"collapse\" aria-expanded=\"false\" href=\"#collapseFaq-3\">\n                                    <h3 itemprop=\"name\">Wie werde ich aus der schwarzen Liste entfernt, wenn meine Website auf der schwarzen Liste steht?<\/h3>\n                                <\/div>\n                            <\/div>\n                            <div id=\"collapseFaq-3\" class=\"panel-collapse collapse\" itemprop=\"acceptedAnswer\" itemscope itemtype=\"http:\/\/schema.org\/Answer\">\n                                <div class=\"panel-body\" itemprop=\"text\">Sollten Sie feststellen, dass Ihre IP oder Domain auf der schwarzen Liste steht, ist es ratsam, sich an jeden DNSBL-Dienst zu wenden und eine Anfrage zum Entfernen Ihrer Listung zu senden. Unser Tool erstellt bequem eine Liste dieser Dienste f\u00fcr Sie. W\u00e4hrend einige Dienste Ihre IP oder Domain nach einer bestimmten Nachfrist automatisch aus der Liste entfernen, tun dies andere m\u00f6glicherweise nicht.<\/div>\n                            <\/div>\n                        <\/div><\/div><\/div><\/p>","protected":false},"excerpt":{"rendered":"Was ist der Domain Blacklist Checker? Der Domain Blacklist Checker von Sitechecker ist ein Onlinetool, mit dem Benutzer \u00fcberpr\u00fcfen k\u00f6nnen, ob eine Domain oder IP-Adresse auf einer Blacklist steht, die ihre SEO-Rankings und E-Mail-Zustellbarkeit beeintr\u00e4chtigen k\u00f6nnte. Es wurde entwickelt, um Websitebesitzern dabei zu helfen, sicherzustellen, dass ihre Domain nicht wegen Spam oder b\u00f6swilliger Aktivit\u00e4ten markiert&#8230;","protected":false},"author":10409641,"featured_media":8275,"parent":0,"menu_order":0,"comment_status":"closed","ping_status":"closed","template":"pages-templates\/pages-minitools-3.php","meta":[],"categories":[73],"tags":[],"_links":{"self":[{"href":"https:\/\/sitechecker.pro\/de\/wp-json\/wp\/v2\/pages\/8059"}],"collection":[{"href":"https:\/\/sitechecker.pro\/de\/wp-json\/wp\/v2\/pages"}],"about":[{"href":"https:\/\/sitechecker.pro\/de\/wp-json\/wp\/v2\/types\/page"}],"author":[{"embeddable":true,"href":"https:\/\/sitechecker.pro\/de\/wp-json\/wp\/v2\/users\/10409641"}],"replies":[{"embeddable":true,"href":"https:\/\/sitechecker.pro\/de\/wp-json\/wp\/v2\/comments?post=8059"}],"version-history":[{"count":55,"href":"https:\/\/sitechecker.pro\/de\/wp-json\/wp\/v2\/pages\/8059\/revisions"}],"predecessor-version":[{"id":35779,"href":"https:\/\/sitechecker.pro\/de\/wp-json\/wp\/v2\/pages\/8059\/revisions\/35779"}],"wp:featuredmedia":[{"embeddable":true,"href":"https:\/\/sitechecker.pro\/de\/wp-json\/wp\/v2\/media\/8275"}],"wp:attachment":[{"href":"https:\/\/sitechecker.pro\/de\/wp-json\/wp\/v2\/media?parent=8059"}],"wp:term":[{"taxonomy":"category","embeddable":true,"href":"https:\/\/sitechecker.pro\/de\/wp-json\/wp\/v2\/categories?post=8059"},{"taxonomy":"post_tag","embeddable":true,"href":"https:\/\/sitechecker.pro\/de\/wp-json\/wp\/v2\/tags?post=8059"}],"curies":[{"name":"wp","href":"https:\/\/api.w.org\/{rel}","templated":true}]}}