{"id":795,"date":"2023-12-07T12:41:26","date_gmt":"2023-12-07T12:41:26","guid":{"rendered":"https:\/\/sitechecker.pro\/?page_id=795"},"modified":"2024-10-10T09:50:17","modified_gmt":"2024-10-10T09:50:17","slug":"google-bot","status":"publish","type":"page","link":"https:\/\/sitechecker.pro\/de\/google-bot\/","title":{"rendered":"Googlebot Optimierung: Entdecken Sie 6 Strategien, um Ihre Site besser zu optimieren"},"content":{"rendered":"<p>Vermutlich sind Sie mit den besten Praktiken rund um SEO vertraut: Sie haben geh\u00f6rt vom Wert der Website-Struktur, den Tag-Regeln, dem Einf\u00fcgen von Schl\u00fcsselw\u00f6rtern, dem Wert von einzigartiger Inhaltsoptimierung usw \u2013 dann haben Sie vielleicht auch von Google Bots geh\u00f6rt. Dennoch: Was wissen Sie \u00fcber Google bots? Dieses Ph\u00e4nomen unterscheidet sich vom sehr bekannten SEO-Optimieren, weil es in einem tiefgr\u00fcndigen Level stattfindet. W\u00e4hrend SEO Optimierung sich um die Optimierung des Texts f\u00fcr Suchmaschinen dreht ist Google Bot ein Prozess der Websiteoptimierung f\u00fcr Google Spiders. Nat\u00fcrlich sind diese Vorg\u00e4nge nicht un\u00e4hnlich. Aber lassen Sie uns den Unterschied zwischen den beiden erkl\u00e4ren, weil die Auswirkungen auf Ihre Seite gro\u00df sein k\u00f6nnen. Hier sprechen wir von Ph\u00e4nomenen wie gut eine Seite zu durchsuchen ist \u2013 ein Hauptproblem, dem jeder Aufmerksamkeit schenken sollte, wenn es um die Suchbarkeit einer Seite geht.<\/p>\n<h2 id=\"whatis\">Was ist Googlebot?<\/h2>\n<p>&nbsp;<\/p>\n<p><a href=\"https:\/\/sitechecker.pro\/de\/website-crawler\/\">Site Crawler<\/a> oder Google Bots sind Roboter, die eine Webseite erkunden und einen Index erzeugen. Wenn eine Website den Zutritt erlaubt, f\u00fcgt der Bot die Seite zu einem Index hinzu und nur dann wird die Seite f\u00fcr einen User sichtbar. Wenn Sie sehen m\u00f6chten, wie dieser Prozess abl\u00e4uft, klicken Sie hier. Wenn Sie den Prozess der Googlebot-Optimierung verstehen wollen, m\u00fcssen Sie klarstellen, wie genau der Google Spider die Site durchsucht. Hier gibt es die vier Schritte:<\/p>\n<p>&nbsp;<\/p>\n<h3>Wenn eine Webseite ein hohes Page-Ranking-Level hat, verbringt der Google Spider mehr Zeit damit, sie zu durchsuchen.<\/h3>\n<p>In dem Zusammenhang k\u00f6nnen wir von einem \u201eCrawl-Budget\u201c sprechen, die der genauen Zeit entspricht, die ein Web Robot mit dem Scannen einer bestimmten Zeit verbringt. Je h\u00f6her die Instanz einer Seite ist, desto mehr Aufmerskamkeit erh\u00e4lt sie.<\/p>\n<p>&nbsp;<\/p>\n<h3>Google Robots durchsuchen eine Website st\u00e4ndig<\/h3>\n<p>Hier ist, was Google dar\u00fcber sagt: \u201eGoogle Robot braucht eine Website nicht \u00f6fter betreten als einmal pro Sekunde.\u201c Das bedeutet, dass Ihre Website unter konstanter \u00dcberwachung durch Webspider ist, wenn diese Zugriff darauf haben. Heute sprechen viele SEO-Manager \u00fcber sogenannte \u201eCrawl-Rates\u201c und versuchen einen idealen Weg f\u00fcr das Crawling zu finden, damit die Seite einen sehr hohen Ranking-Level erreicht. Dennoch d\u00fcrften wir feststellen, dass dies eine Fehlinterpretation ist, weil die \u201eCrawl Rate\u201c nichts anderes ist als die Geschwindigkeit der Google Robot-Anfragen als die Crawling Wiederholung.\u00a0Sie k\u00f6nnen diese Zahl selbst beeinflussen, indem Sie verschiedene Webmaster-Tools verwenden. Eine gro\u00dfe Zahl und <a href=\"https:\/\/sitechecker.pro\/de\/backlinks-checker\/\">backlink check<\/a>, eine Einzigartigkeit und soziale Erw\u00e4hnungen beeinflussen Ihre Position bei den Suchergebnissen. Wir sollten auch erw\u00e4hnen, dass Web Spider nicht alle Seiten konstant durchsuchen. Deshalb sind konstante Inhaltsstrategien sehr wichtig, ebenso die Einzigartigkeit und die Sinnhaftigkeit des Inhalts, die die Aufmerksamkeit von Bots auf sich zieht.<\/p>\n<p>&nbsp;<\/p>\n<h3>Die Datei Robots.txt ist das erste, was Google Robots untersuchen, um einen Plan f\u00fcr das Site Crawling zu bekommen<\/h3>\n<p>Das bedeutet, dass wenn die Seite als \u201eunerlaubt\u201c in der Datei markiert ist, Robots nicht imstande sind, sie zu scannen und indizieren.\u00a0Stellen Sie also sicher, dass Sie die <a href=\"https:\/\/sitechecker.pro\/de\/robots-tester\/\">robots.txt erstellt<\/a> korrekt haben.<\/p>\n<p>&nbsp;<\/p>\n<h3>XML Sitemap ist ein Leitfaden f\u00fcr Google bots<\/h3>\n<p>Die XML Sitemap hilft Bots herauszufinden, welche Website-Orte zu durchsuchen und indizieren sind, weil es m\u00f6gliche Unterschiede in der Struktur und Organisation der Website gibt. Eine gute Sitemap kann Seiten mit kleinem Ranking-Level, einigen Backlinks und sinnlosem Inhalt helfen, mit Bilden, News und Videos usw. besser umzugehen.<\/p>\n<p>&nbsp;<\/p>\n<h2 id=\"6strategies\">6 Strategien, wie Sie Ihre Site f\u00fcr das Crawling durch Googlebots optimieren k\u00f6nnen<\/h2>\n<p>&nbsp;<\/p>\n<p>Wie Sie jetzt wissen, muss die Optimierung durch den Google Spider gemacht werden, bevor Sie irgendwelche Schritte hinsichtlich SEO unternehmen. Deshalb lassen Sie uns erkl\u00e4ren, was Sie tun sollten, um den Prozess der Indizierung durch Google Bots zu verbessern.<\/p>\n<p>&nbsp;<\/p>\n<h3 id=\"notoverdo\">\u00dcbertreibungen sind nicht gut<\/h3>\n<p>Wissen Sie, dass Googlebots keine Frames, Flash, JavaScript, DHTML oder die bestens bekannten HTML scannen k\u00f6nnen? Mehr noch, Google hat noch nicht klargestellt, ob Googlebot imstande ist, Ajax und JavaScript zu crawlen. Somit sollten Sie dies besser nicht verwenden, wenn Sie Ihre Website erstellen. Obwohl Matt Cutts erw\u00e4hnt, dass JavaScript f\u00fcr Webspider ge\u00f6ffnet werden kann, liefern Google Webmaster Guidelines folgende Information: Wenn solche Dinge wie Cookies, verschiedene Frames, Flash oder JacaScript nicht in einem Textbrowser gesehen werden, kann es sein, dass Web Spider nicht imstande sind, diese Website zu durchsuchen.\u201c Meiner Meinung nach sollte JavaScript deshalb nicht \u00fcberm\u00e4\u00dfig benutzt werden.<\/p>\n<p>&nbsp;<\/p>\n<h3 id=\"robotsunderestimating\">Untersch\u00e4tzen Sie nicht die Datei robots.txt<\/h3>\n<p>Haben Sie jemals \u00fcber den Nutzen der Datei robots.txt nachgedacht? Es ist die allgemeine Datei, die in vielen SEO-Strategien verwendet wird. Aber ist sie wirklich sinnvoll? Erstens ist die Datei ein Wegweiser f\u00fcr alle Web-Spider. Also wird der Google Robot \u201eCrawl-Budget\u201c auf jeder Webseite Ihrer Site verbringen. Zweitens sollten Sie f\u00fcr sich selbst entscheiden, welche Datei durch den Bot zu durchsuchen ist. Wenn es eine Datei gibt, die nicht gecrawlt werden dard, m\u00fcssen Sie dies in Ihrer robots.txt festlegen. Warum ist das zu tun? Wenn es Seiten gibt, die nicht durchsucht werden sollen, wird der Google Bot das sofort sehen und diesen Teil der Seite durchsuchen, der wichtiger ist. Dennoch \u2013 meine Empfehlung schreibt nicht vor, was blockiert werden soll. Wenn Sie nicht angeben, dass etwas von der Suche ausgeschlossen wird, wird der Bot alles per Standard untersuchen und indizieren. Somit ist die Hauptfunktion der Datei robots.txt, zu instruieren, wo das Indizieren nicht funktionieren darf.<\/p>\n<p>&nbsp;<\/p>\n<h3 id=\"uniquecontent\">N\u00fctzlicher und einzigartiger Inhalt spielt wirklich eine Rolle<\/h3>\n<p>Die Regel besagt, dass Inhalt, der h\u00e4ufiger durchsucht wird, einen h\u00f6heren Traffic bekommt. Neben der Tatsache, dass der PageRank die Crawl-H\u00e4ufigkeit bestimmt, kann es sein, dass man mit Sinnhaftigkeit und Frische einer Website den \u00e4hnlichen <a href=\"https:\/\/sitechecker.pro\/de\/page-rank\/\">PageRank<\/a> erreicht. Somit sollten Sie versuchen, dass Ihre niedrig gereihten Seiten regelm\u00e4\u00dfig gescannt werden. AJ Kohn sagte einst: \u201eSie sind ein Gewinner, wenn Sie Ihre niedrig-gereihten Seiten in jene verwandeln, die h\u00e4ufiger gescannt werden als die konkurrierenden.\u201c<\/p>\n<p>&nbsp;<\/p>\n<h3 id=\"scroll\">Erhalten Sie magische Scroll-Seiten<\/h3>\n<p>Wenn Ihre Seite endlose, scrollbare Seiten enth\u00e4lt, bedeutet das nicht, dass Sie keine Chance auf Googlebot Optimierung haben. Somit sollten Sie sicher sein, dass diese <a href=\"https:\/\/sitechecker.pro\/de\/\">website check<\/a> die Google-Guidelines erf\u00fcllen.<\/p>\n<p>&nbsp;<\/p>\n<h3 id=\"internallinks\">Sie sollten mit der Verwendung interner Links beginnen<\/h3>\n<p>Es ist sehr wichtig, sie zu verwenden, um den Suchprozess f\u00fcr Googlebots viel einfacher zu machen. Wenn Sie Ihre Links engmaschig und konsolidiert sind, ist der Suchprozess viel effektiver. Wenn Sie eine Analyse Ihrer internen Hyperlinks wollen, k\u00f6nnen Sie dies mit den Google Webmaster Tools tun. Dort w\u00e4hlen Sie \u201eSearch Traffic\u201c und w\u00e4hlen den Bereich \u201eInterne Links\u201c. Wenn Webseiten an der Spitze der Liste sind, beinhalten sie n\u00fctzliche Inhalte.<\/p>\n<p>&nbsp;<\/p>\n<div class=\"content__img-wrap\"><img src=\"https:\/\/sitechecker.pro\/wp-content\/uploads\/2017\/12\/internal-link-in-google-search-console.jpg\" alt=\"Google bots for internal linking\" class=\"description-img description-img-zoom\" loading=\"lazy\" ><\/div>\n<p>&nbsp;<\/p>\n<h3 id=\"sitemapvital\">Sitemap.xml ist vital<\/h3>\n<p>Die Sitemap gibt Googlebot die Richtung vor, wie es die Website durchforsten soll; Es ist ein einfacher Wegweiser. Warum ist dies involviert? Viele Websites sind heutzutage nicht gerade einfach zu scannen. Und diese Schwierigkeiten machen das Crawling teils ziemlich schwierig. In den Bereichen Irher Seite kann dies den Web Spider verwirren. Die Sitemap hilft, dass auch diese Bereiche durchsucht werden.<\/p>\n<p>&nbsp;<\/p>\n<h2 id=\"analyzebot\">Wie analysiert man die Aktivit\u00e4t von Googlebot?<\/h2>\n<p>&nbsp;<\/p>\n<p>Wenn Sie sehen m\u00f6chten, wie der Googlebot auf Ihrer Seite arbeitet, k\u00f6nnen Sie die Google Webmaster Tools verwenden. Zudem empfehle ich Ihnen, die Daten, die dieser Dienst anbietet, regelm\u00e4\u00dfig zu durchleuchten. Er zeigt, wenn irgendwelche Probleme beim Crawling auftreten. Einfach die \u201eCrawl\u201c-Bereiche in den Webmaster Tools checken, dann wissen Sie mehr.<\/p>\n<p>&nbsp;<\/p>\n<h3 id=\"crawlingerrors\">Allgemeine Fehler des Crawling<\/h3>\n<p>Sie k\u00f6nnen herausfinden, ob es bei Ihrer Seite mit dem Scannen Probleme geben wird. Sie w\u00fcrden entweder keine Fehler erwarten oder rote F\u00e4hnchen o.\u00e4. sehen, z.B. Seiten, die man auf der letzten Index-Seite erwarten w\u00fcrde. Deshalb sollten sie im ersten Schritt \u00fcber das nachdenken, wenn Sie Googlebot-Optimierungen vornehmen wollen. Manche Websites k\u00f6nnen kleinere Scanfehler aufweisen, aber das muss den Traffic nicht zwingend beeinflussen. Dennoch sollte man diese Probleme beheben, damit diese nicht irgendwann zu Trafficreduktionen f\u00fchren. Hier finden Sie ein Beispiel einer solchen Site:<\/p>\n<p>&nbsp;<\/p>\n<div class=\"content__img-wrap\"><img src=\"https:\/\/sitechecker.pro\/wp-content\/uploads\/2017\/12\/crawl-errors-in-google-webmasters.png\" alt=\"Common crawl errors\" class=\"description-img description-img-zoom\" loading=\"lazy\" ><\/div>\n<p>&nbsp;<\/p>\n<h3 id=\"sitemaps\">Sitemaps<\/h3>\n<p>Sie k\u00f6nnen diese Funktion verwenden, wenn Sie mit Ihrer Sitemap arbeiten wollen: pr\u00fcfen sie, welche Inhalte indiziert werden.<\/p>\n<p>&nbsp;<\/p>\n<div class=\"content__img-wrap\"><img src=\"https:\/\/sitechecker.pro\/wp-content\/uploads\/2017\/12\/sitemap-screen.png\" alt=\"What is Google bot and how does it work with sitemap\" class=\"description-img description-img-zoom\" loading=\"lazy\" ><\/div>\n<p>&nbsp;<\/p>\n<h3 id=\"fetching\">Fetching<\/h3>\n<p>Der Bereich \u201cFetch as Google\u201d hilft zu sehen, wie Google Ihre Seite sieht.<\/p>\n<p>&nbsp;<\/p>\n<div class=\"content__img-wrap\"><img src=\"https:\/\/sitechecker.pro\/wp-content\/uploads\/2017\/12\/fetch-as-google.png\" alt=\"Fetch as Google function\" class=\"description-img description-img-zoom\" loading=\"lazy\" ><\/div>\n<p>&nbsp;<\/p>\n<h3 id=\"crawlstats\">Crawling Statistics<\/h3>\n<p>Google kann Ihnen auch sagen, wie viele Daten der Webspiderprozess jeden Tag beansprucht. Wenn Sie t\u00e4glich frische Inhalte ver\u00f6ffentlichen, bekommen Sie ein positives Ergebnis in der Statistik.<\/p>\n<p>&nbsp;<\/p>\n<div class=\"content__img-wrap\"><img src=\"https:\/\/sitechecker.pro\/wp-content\/uploads\/2017\/12\/crawl-stats-from-site-crawlers.png\" alt=\"Google Search Console screen with crawl stats\" class=\"description-img description-img-zoom\" loading=\"lazy\" ><\/div>\n<p>&nbsp;<\/p>\n<h3 id=\"urlparameters\">Die Paramter einer URL<\/h3>\n<p>Dieser Bereich kann helfen, herauszufinden, wie Google Ihre Website anhand der URL Parameter durchsucht und indiziert. Im Standard-Modus werden alle Seiten durch folgende Web Spider Entscheidungen durchsucht:<\/p>\n<p>&nbsp;<\/p>\n<div class=\"content__img-wrap\"><img src=\"https:\/\/sitechecker.pro\/wp-content\/uploads\/2017\/12\/url-parameters.png\" alt=\"Url parameters in GWT\" class=\"description-img description-img-zoom\" loading=\"lazy\" ><\/div>\n<p id=\"check\">\n<p><\/p>","protected":false},"excerpt":{"rendered":"Vermutlich sind Sie mit den besten Praktiken rund um SEO vertraut: Sie haben geh\u00f6rt vom Wert der Website-Struktur, den Tag-Regeln, dem Einf\u00fcgen von Schl\u00fcsselw\u00f6rtern, dem Wert von einzigartiger Inhaltsoptimierung usw \u2013 dann haben Sie vielleicht auch von Google Bots geh\u00f6rt. Dennoch: Was wissen Sie \u00fcber Google bots? Dieses Ph\u00e4nomen unterscheidet sich vom sehr bekannten SEO-Optimieren,&#8230;","protected":false},"author":11474150,"featured_media":3425,"parent":0,"menu_order":0,"comment_status":"closed","ping_status":"closed","template":"pages-templates\/pages-v2.php","meta":[],"categories":[31],"tags":[],"_links":{"self":[{"href":"https:\/\/sitechecker.pro\/de\/wp-json\/wp\/v2\/pages\/795"}],"collection":[{"href":"https:\/\/sitechecker.pro\/de\/wp-json\/wp\/v2\/pages"}],"about":[{"href":"https:\/\/sitechecker.pro\/de\/wp-json\/wp\/v2\/types\/page"}],"author":[{"embeddable":true,"href":"https:\/\/sitechecker.pro\/de\/wp-json\/wp\/v2\/users\/11474150"}],"replies":[{"embeddable":true,"href":"https:\/\/sitechecker.pro\/de\/wp-json\/wp\/v2\/comments?post=795"}],"version-history":[{"count":64,"href":"https:\/\/sitechecker.pro\/de\/wp-json\/wp\/v2\/pages\/795\/revisions"}],"predecessor-version":[{"id":33853,"href":"https:\/\/sitechecker.pro\/de\/wp-json\/wp\/v2\/pages\/795\/revisions\/33853"}],"wp:featuredmedia":[{"embeddable":true,"href":"https:\/\/sitechecker.pro\/de\/wp-json\/wp\/v2\/media\/3425"}],"wp:attachment":[{"href":"https:\/\/sitechecker.pro\/de\/wp-json\/wp\/v2\/media?parent=795"}],"wp:term":[{"taxonomy":"category","embeddable":true,"href":"https:\/\/sitechecker.pro\/de\/wp-json\/wp\/v2\/categories?post=795"},{"taxonomy":"post_tag","embeddable":true,"href":"https:\/\/sitechecker.pro\/de\/wp-json\/wp\/v2\/tags?post=795"}],"curies":[{"name":"wp","href":"https:\/\/api.w.org\/{rel}","templated":true}]}}