{"id":7889,"date":"2019-09-05T14:00:00","date_gmt":"2019-09-05T14:00:00","guid":{"rendered":"https:\/\/sitechecker.pro\/?page_id=7889"},"modified":"2025-02-13T12:50:05","modified_gmt":"2025-02-13T12:50:05","slug":"cloaking-checker","status":"publish","type":"page","link":"https:\/\/sitechecker.pro\/de\/cloaking-checker\/","title":{"rendered":"Entdecken Sie verstecktes Cloaking mit dem Website Cloaking Checker \u2611"},"content":{"rendered":"<p><\/p>\n<h2 id=\"par1\">Was ist das Cloaking Checker Tool?<\/h2>\n<p>Der Cloaking Checker von <a href=\"http:\/\/Sitechecker.pro\" target=\"_blank\" rel=\"noopener noreferrer\">Sitechecker<\/a> wurde entwickelt, um Instanzen von <a href=\"https:\/\/sitechecker.pro\/what-is-seo-cloaking\/\" target=\"_blank\" rel=\"noopener noreferrer\">Cloaking<\/a>, bei dem eine andere Version des Textes angezeigt wird, wenn ein Suchmaschinen-Bot die Website aufruft als ein gew\u00f6hnlicher Besucher. Das Tool analysiert den Inhalt, der als Reaktion auf Suchmaschinen-Robot-Anfragen bereitgestellt wird, und vergleicht ihn mit dem, was ein typischer Benutzer sieht, um etwaige Unstimmigkeiten zu erkennen.<\/p>\n<h3>Wie kann Ihnen das Cloaking Checker-Tool helfen?<\/h3>\n<ul>\n<li>Identifiziert alle F\u00e4lle von Cloaking-Skripten, die Suchmaschinen-Robotern ausgesetzt, aber vor dem menschlichen Auge verborgen bleiben.<\/li>\n<li>Bewertet die Gesamtqualit\u00e4t des Inhalts, lokalisiert Fehler und gibt gezielte Empfehlungen f\u00fcr deren Behebung.<\/li>\n<li>Erkennt doppelte Inhalte auf der gesamten Website und lokalisiert die spezifischen Seiten, auf denen solche Inhalte von Suchmaschinen-Robots indiziert werden.<\/li>\n<\/ul>\n<h3>Hauptfunktionen des Website Cloaking Finder<\/h3>\n<ul>\n<li><strong>Einheitliches Dashboard: <\/strong>Diese zentrale Plattform zeigt Cloaking-Erkennungsergebnisse an. Es zeigt auch andere wichtige SEO-Kennzahlen an und optimiert so die \u00dcberpr\u00fcfung der Suchmaschinentransparenz Ihrer Website.<\/li>\n<li><strong>Intuitive Benutzeroberfl\u00e4che: <\/strong>Der Cloaking Checker ist auf Benutzerfreundlichkeit ausgelegt und erm\u00f6glicht Benutzern die einfache Untersuchung und L\u00f6sung von SEO-Problemen, ohne dass umfangreiche technische Fachkenntnisse erforderlich sind.<\/li>\n<li><strong>Umfassendes <a href=\"https:\/\/sitechecker.pro\/on-page-seo-checker\/\" rel=\"noopener noreferrer\" target=\"_blank\">SEO-Audit<\/a>: <\/strong>Dieses Tool ist Teil einer umfassenderen SEO-Pr\u00fcfungssuite, die alles von der Einzigartigkeit des Inhalts bis zur SERP-Leistung untersucht und so einen ganzheitlichen Ansatz zur Verbesserung der Sichtbarkeit Ihrer Website in Suchmaschinen bietet.<\/li>\n<\/ul>\n<h2 id=\"par2\">Verwenden des Cloaking Checker Online-Tools<\/h2>\n<p>Wir haben ein kostenloses Profi-Tool zur \u00dcberpr\u00fcfung von URL-Cloaking entwickelt, um festzustellen, ob eine Website diese Technologie verwendet. Sie k\u00f6nnen Cloaking erkennen, wenn dem Suchmaschinenroboter eine alternative Version des Inhalts angezeigt wird.<\/p>\n<h3>Schritt 1: Geben Sie Ihre Website-Domain ein<\/h3>\n<p>Beginnen Sie Ihre Reise m\u00fchelos! Sie k\u00f6nnen entweder unten Ihre URL eingeben oder sich \u00fcber Google oder Facebook anmelden. So einfach und schnell geht das!<\/p>\n<div class=\"content__img-wrap\"><img src=\"https:\/\/sitechecker.pro\/wp-content\/uploads\/2023\/11\/website-cloaking-checker.png\" alt=\"Website Cloaking Checker\" class=\"description-img description-img-zoom\" loading=\"lazy\" ><\/div>\n<div class=\"important-block\">Um alle Suchergebnisse und Zugriff auf die Sitechecker-Funktionen f\u00fcr 14 Tage zu erhalten, starten Sie Ihre KOSTENLOSE Testversion. Die Anmeldung ist ganz einfach mit Ihrem E-Mail-, Google- oder Facebook-Konto. Es ist keine Kreditkarte erforderlich.<\/div>\n<h3>Schritt 2: Interpretation der Ergebnisse des SEO-Cloaking-Checkers in<\/h3>\n<p>Sobald der Scan abgeschlossen ist, erhalten Sie die Ergebnisse. \u00dcberpr\u00fcfen Sie, ob es auf einer bestimmten Website-Seite eine indizierte alternative Version des Inhalts gibt.<\/p>\n<p>Dennoch sollten Sie nicht voreilig zu dem Schluss kommen, dass Spamdexing-Techniken auf der Website eindeutig negativ sind. Finden Sie heraus, in welchem Format diese Methode verwendet wird, und ergreifen Sie erst dann Ma\u00dfnahmen, um das Cloaking zu verhindern.<\/p>\n<div class=\"content__img-wrap\"><img src=\"https:\/\/sitechecker.pro\/wp-content\/uploads\/2023\/11\/cloaking-checker-results.png\" alt=\"Ergebnisse des Website-Cloaking-Checkers\" class=\"description-img description-img-zoom\" loading=\"lazy\" ><\/div>\n<p>Dar\u00fcber hinaus k\u00f6nnen Sie mit dem Google Cloaking Checker verschiedene andere kritische Aspekte beim Schreiben hochwertiger Inhalte identifizieren, die m\u00f6glicherweise Ihr SERP-Ranking beeinflussen k\u00f6nnten. Verschaffen Sie sich auf Knopfdruck ein umfassenderes Verst\u00e4ndnis dieser Probleme. Die Funktion \u201eBericht pr\u00fcfen\u201c liefert einen detaillierten Bericht \u00fcber die vorhandenen Inhaltsprobleme.<\/p>\n<h2 id=\"par3\">Zus\u00e4tzliche Funktionen des Cloaking Technique Checker<\/h2>\n<p>Diese Schnittstelle dient dazu, den SEO-Zustand der Website zu demonstrieren und Bereiche zu identifizieren, in denen Verbesserungen erforderlich sind.<\/p>\n<h3>Zu den Schl\u00fcsselelementen geh\u00f6ren<\/h3>\n<ul>\n<li><strong>Site-Audit-Zusammenfassung: <\/strong>Oben gibt es eine Zusammenfassung mit kritischen Messwerten wie \u201eKritische Punkte\u201c, \u201eWarnungen\u201c, \u201eGelegenheiten\u201c, \u201eHinweise\u201c, \u201eWebsite-Bewertung\u201c und \u201eGecrawlte Seiten\u201c. .&#8217;<\/li>\n<li><strong>Problemliste: <\/strong>Unterhalb der Zusammenfassung befindet sich eine \u201eProblemliste\u201c, die nach \u201eLinks\u201c, \u201eIndexierbarkeit\u201c, \u201eInhaltsrelevanz\u201c usw. kategorisiert ist und spezifische Probleme detailliert beschreibt, die in verschiedenen Versionen von festgestellt wurden Website.<\/li>\n<li><strong>Prozentsatz der Kategorien: <\/strong>Auf der rechten Seite zeigt eine Aufschl\u00fcsselung der \u201eBetroffenen Seiten nach Kategorie\u201c den Prozentsatz der Seiten an, die in jeder Kategorie von Problemen betroffen sind.<\/li>\n<\/ul>\n<div class=\"content__img-wrap\"><img src=\"https:\/\/sitechecker.pro\/wp-content\/uploads\/2023\/11\/cloaking-checker-additional-features.png\" alt=\"Zus\u00e4tzliche Funktionen des Website Cloaking Checker\" class=\"description-img description-img-zoom\" loading=\"lazy\" ><\/div>\n<p>Die Benutzeroberfl\u00e4che zeigt einen Ausschnitt des Site-Audit-Berichts aus dem Hidden Text Checker von <a href=\"http:\/\/Sitechecker.pro\" target=\"_blank\" rel=\"noopener noreferrer\">Sitechecker.pro<\/a> mit Schwerpunkt an zum Thema \u201eInhaltsrelevanz\u201c. Es listet verschiedene SEO-Probleme auf, die sich auch auf die Leistung der Website in anderen Suchmaschinen auswirken k\u00f6nnen, wie etwa fehlender Alt-Text und doppelte Beschreibungen. Jede ZeileDas Element gibt die Art des Problems und die Anzahl der betroffenen Seiten an. Dieser Abschnitt ist f\u00fcr menschliche Besucher von entscheidender Bedeutung, um bestimmte inhaltsbezogene Probleme zu identifizieren, die behoben werden m\u00fcssen, um die Suchmaschinenoptimierung ihrer Website zu verbessern.<\/p>\n<div class=\"content__img-wrap\"><img src=\"https:\/\/sitechecker.pro\/wp-content\/uploads\/2023\/11\/content-relevance.png\" alt=\"Inhaltsrelevanz\" class=\"description-img description-img-zoom\" loading=\"lazy\" ><\/div>\n<p>Das Invisible Text Checker Tool demonstriert den Abschnitt \u201eDuplicate Content\u201c des Site Audit Tools und zeigt den SEO-Zustand einer Website an. Es zeigt spezifische Probleme auf, die in den Augen von Suchmaschinen-Crawlern zu doppeltem Inhalt f\u00fchren k\u00f6nnen, was ein entscheidender Faktor f\u00fcr die Aufrechterhaltung der Sichtbarkeit und des Rankings in der organischen Suche ist.<\/p>\n<p>Die Liste dient Websitebesitzern und -administratoren als Diagnoseinstrument, um diese Probleme anzugehen und zu l\u00f6sen und so ihre Website f\u00fcr eine bessere Leistung auf den Ergebnisseiten von Suchmaschinen (SERPs) zu optimieren.<\/p>\n<div class=\"content__img-wrap\"><img src=\"https:\/\/sitechecker.pro\/wp-content\/uploads\/2023\/11\/duplicate-content.png\" alt=\"Duplicate Content\" class=\"description-img description-img-zoom\" loading=\"lazy\" ><\/div>\n<h2 id=\"par4\">Endg\u00fcltige Idee<\/h2>\n<p>Der Website Cloaking Detector von <a href=\"http:\/\/Sitechecker.pro\" target=\"_blank\" rel=\"noopener noreferrer\">Sitechecker<\/a> ist ein robustes SEO-Diagnosetool. Es enth\u00fcllt verschiedene Cloaking-Techniken (als Teil von Black-Hat-SEO) \u2013 bei denen Websites Suchmaschinen-Bots andere Inhalte pr\u00e4sentieren als Benutzern, was SEO und Suchmaschinen-Rankings schaden k\u00f6nnte. Das Tool identifiziert Cloaking-Skripte, bewertet die Qualit\u00e4t von Inhalten, erkennt doppelte Inhalte und bietet Verbesserungsempfehlungen. Benutzer k\u00f6nnen ganz einfach eine kostenlose Testversion starten, ihre Domain eingeben und die Ergebnisse mit detaillierten Berichten interpretieren, die wichtige SEO-Kennzahlen und Probleme hervorheben, die Aufmerksamkeit erfordern, und so ihre Website f\u00fcr eine bessere Sichtbarkeit und Leistung in Suchmaschinen optimieren.<\/p>\n<div id=\"par5\"><\/div>\n<p><div class=\"front__faq-block\"><div class=\"faq__block-title\">FAQ<\/div><div class=\"panel-group\" id=\"faq-accordion\" itemscope itemtype=\"https:\/\/schema.org\/FAQPage\" role=\"tablist\" aria-multiselectable=\"true\"><div class=\"panel\" itemscope itemtype=\"https:\/\/schema.org\/Question\" itemprop=\"mainEntity\">\n                            <div class=\"panel-heading\" id=\"headingFaq-1\">\n                                <div class=\"panel-title\" data-toggle=\"collapse\" aria-expanded=\"false\" href=\"#collapseFaq-1\">\n                                    <h3 itemprop=\"name\">Kann ich den Cloaking Checker auf jeder Art von Website verwenden?<\/h3>\n                                <\/div>\n                            <\/div>\n                            <div id=\"collapseFaq-1\" class=\"panel-collapse collapse\" itemprop=\"acceptedAnswer\" itemscope itemtype=\"http:\/\/schema.org\/Answer\">\n                                <div class=\"panel-body\" itemprop=\"text\">Ja, der Cloaking Checker ist f\u00fcr den Einsatz auf jeder Art von Website konzipiert, um Cloaking-Probleme zu erkennen und SEO-Konformit\u00e4t sicherzustellen.<\/div>\n                            <\/div>\n                        <\/div><div class=\"panel\" itemscope itemtype=\"https:\/\/schema.org\/Question\" itemprop=\"mainEntity\">\n                            <div class=\"panel-heading\" id=\"headingFaq-2\">\n                                <div class=\"panel-title\" data-toggle=\"collapse\" aria-expanded=\"false\" href=\"#collapseFaq-2\">\n                                    <h3 itemprop=\"name\">Ist f\u00fcr die Verwendung des Cloaking Checker-Tools technisches Fachwissen erforderlich?<\/h3>\n                                <\/div>\n                            <\/div>\n                            <div id=\"collapseFaq-2\" class=\"panel-collapse collapse\" itemprop=\"acceptedAnswer\" itemscope itemtype=\"http:\/\/schema.org\/Answer\">\n                                <div class=\"panel-body\" itemprop=\"text\">Nein, das Tool ist benutzerfreundlich und erfordert keine technischen Kenntnisse. Benutzer k\u00f6nnen einfach ihre Website-Domain eingeben, um die Pr\u00fcfung zu starten<\/div>\n                            <\/div>\n                        <\/div><div class=\"panel\" itemscope itemtype=\"https:\/\/schema.org\/Question\" itemprop=\"mainEntity\">\n                            <div class=\"panel-heading\" id=\"headingFaq-3\">\n                                <div class=\"panel-title\" data-toggle=\"collapse\" aria-expanded=\"false\" href=\"#collapseFaq-3\">\n                                    <h3 itemprop=\"name\">Wie oft sollte ich den Cloaking Checker f\u00fcr meine Website verwenden?<\/h3>\n                                <\/div>\n                            <\/div>\n                            <div id=\"collapseFaq-3\" class=\"panel-collapse collapse\" itemprop=\"acceptedAnswer\" itemscope itemtype=\"http:\/\/schema.org\/Answer\">\n                                <div class=\"panel-body\" itemprop=\"text\">Es wird empfohlen, den Cloaking Checker regelm\u00e4\u00dfig zu verwenden, insbesondere nachdem Sie wesentliche \u00c4nderungen an Ihrer Website vorgenommen haben, um eine dauerhafte SEO-Gesundheit und ein besseres Ranking in Suchmaschinen sicherzustellen.<\/div>\n                            <\/div>\n                        <\/div><\/div><\/div><\/p>","protected":false},"excerpt":{"rendered":"Was ist das Cloaking Checker Tool? Der Cloaking Checker von Sitechecker wurde entwickelt, um Instanzen von Cloaking, bei dem eine andere Version des Textes angezeigt wird, wenn ein Suchmaschinen-Bot die Website aufruft als ein gew\u00f6hnlicher Besucher. Das Tool analysiert den Inhalt, der als Reaktion auf Suchmaschinen-Robot-Anfragen bereitgestellt wird, und vergleicht ihn mit dem, was ein&#8230;","protected":false},"author":10409641,"featured_media":8015,"parent":0,"menu_order":0,"comment_status":"closed","ping_status":"closed","template":"pages-templates\/pages-minitools.php","meta":[],"categories":[70],"tags":[],"_links":{"self":[{"href":"https:\/\/sitechecker.pro\/de\/wp-json\/wp\/v2\/pages\/7889"}],"collection":[{"href":"https:\/\/sitechecker.pro\/de\/wp-json\/wp\/v2\/pages"}],"about":[{"href":"https:\/\/sitechecker.pro\/de\/wp-json\/wp\/v2\/types\/page"}],"author":[{"embeddable":true,"href":"https:\/\/sitechecker.pro\/de\/wp-json\/wp\/v2\/users\/10409641"}],"replies":[{"embeddable":true,"href":"https:\/\/sitechecker.pro\/de\/wp-json\/wp\/v2\/comments?post=7889"}],"version-history":[{"count":16,"href":"https:\/\/sitechecker.pro\/de\/wp-json\/wp\/v2\/pages\/7889\/revisions"}],"predecessor-version":[{"id":35470,"href":"https:\/\/sitechecker.pro\/de\/wp-json\/wp\/v2\/pages\/7889\/revisions\/35470"}],"wp:featuredmedia":[{"embeddable":true,"href":"https:\/\/sitechecker.pro\/de\/wp-json\/wp\/v2\/media\/8015"}],"wp:attachment":[{"href":"https:\/\/sitechecker.pro\/de\/wp-json\/wp\/v2\/media?parent=7889"}],"wp:term":[{"taxonomy":"category","embeddable":true,"href":"https:\/\/sitechecker.pro\/de\/wp-json\/wp\/v2\/categories?post=7889"},{"taxonomy":"post_tag","embeddable":true,"href":"https:\/\/sitechecker.pro\/de\/wp-json\/wp\/v2\/tags?post=7889"}],"curies":[{"name":"wp","href":"https:\/\/api.w.org\/{rel}","templated":true}]}}