{"id":7887,"date":"2019-09-05T13:55:01","date_gmt":"2019-09-05T13:55:01","guid":{"rendered":"https:\/\/sitechecker.pro\/?page_id=7887"},"modified":"2026-02-13T16:48:55","modified_gmt":"2026-02-13T16:48:55","slug":"link-extractor","status":"publish","type":"page","link":"https:\/\/sitechecker.pro\/de\/link-extractor\/","title":{"rendered":"Link Extractor \u2611 Alle Links einer Website abrufen"},"content":{"rendered":"<p><\/p>\n<h2 id=\"par1\">Was ist ein Link-Extraktor?<\/h2>\n<p>Das Link-Extraktor-Tool dient dazu, alle Links von einer Website zu erfassen oder Links auf einer bestimmten Webseite zu extrahieren, einschlie\u00dflich <a href=\"https:\/\/sitechecker.pro\/internal-links\/\" target=\"_blank\" rel=\"noopener noreferrer\">interner Links<\/a> und interner Backlinks, interner Backlink-Anker und externer <a href=\"https:\/\/sitechecker.pro\/external-links\/\" target=\"_blank\" rel=\"noopener noreferrer\">ausgehender Links<\/a> f\u00fcr jede URL auf der Site.<\/p>\n<h3>Wobei kann Ihnen dieses Tool helfen?<\/h3>\n<p><strong>Extraktion aller Links: <\/strong>Es kann alle Links von einer Website oder einer bestimmten Webseite erfassen. Dies umfasst sowohl interne Links als auch externe ausgehende Links.<\/p>\n<p><strong>Identifiziert alle Anker, die auf die Zielseite verweisen. <\/strong>Entdecken Sie jeden Ankerlink, der auf Ihre Zielseite verweist.<\/p>\n<p><strong>Detaillierte Analyse interner Links: <\/strong>Das Tool bietet umfassende Daten zu internen Hyperlink-Adressen, einschlie\u00dflich interner Backlinks.<\/p>\n<p><strong>Identifizierung von Link-bezogenen Problemen: <\/strong>Es hilft bei der Erkennung von Problemen auf Ihrer Website und bietet eine umfassende Liste problematischer URLs.<\/p>\n<p><strong>Kontinuierliche Verfolgung und \u00dcberwachung: <\/strong>Bietet Funktionen zur kontinuierlichen Verfolgung und \u00dcberwachung von Hyperlink-Adressen und f\u00fchrt ein Protokoll mit \u00c4nderungen und Fehlern.<\/p>\n<h3>Allgemeine Funktionen des Website Links Extractor<\/h3>\n<p><strong>Einheitliches Dashboard: <\/strong>Bietet eine zentrale Plattform, auf der Sie auf alle SEO-Tools und -Daten zugreifen und diese verwalten k\u00f6nnen. Dieses Dashboard bietet eine umfassende Ansicht der SEO-Leistung Ihrer Website und erleichtert so die \u00dcberwachung und Analyse wichtiger Kennzahlen.<\/p>\n<p><strong>Benutzerfreundliche Oberfl\u00e4che: <\/strong>Die Benutzeroberfl\u00e4che ist intuitiv und einfach zu navigieren, auch f\u00fcr diejenigen, die keine SEO-Experten sind. Diese Benutzerfreundlichkeit stellt sicher, dass Benutzer alle Funktionen effektiv nutzen k\u00f6nnen, ohne eine steile Lernkurve zu durchlaufen.<\/p>\n<p><strong>Komplettes SEO-Toolset: <\/strong><a href=\"https:\/\/sitechecker.pro\/\" target=\"_blank\" rel=\"noopener noreferrer\">Sitechecker<\/a> bietet eine vollst\u00e4ndige Palette an SEO-Tools, die verschiedene Aspekte wie Site-Auditing, Ranking-Tracking, Backlink-Pr\u00fcfung und mehr abdecken. Dieses komplette Toolset erm\u00f6glicht einen gr\u00fcndlichen und integrierten Ansatz zur Verwaltung und Verbesserung der SEO Ihrer Website.<\/p>\n<h2 id=\"par2\">So verwenden Sie das Tool<\/h2>\n<p>W\u00e4hlen Sie zur Linkextraktion die Dom\u00e4nenmethode, um <a href=\"https:\/\/sitechecker.pro\/website-link-counter\/\">alle Links auf einer Website<\/a> zu analysieren (erfordert ein Konto und eine kostenlose Testversion), oder w\u00e4hlen Sie die Einzelseitenmethode f\u00fcr detaillierte Informationen zu einer bestimmten Seite (mit 1 Klick verf\u00fcgbar, kostenlos). Geben Sie Ihre Dom\u00e4ne oder URL ein und klicken Sie auf \u201eAlle Links abrufen\u201c, um zu beginnen. Sobald das Tool bereit ist, beginnt es mit dem <a href=\"https:\/\/sitechecker.pro\/what-is-web-scraping\/\" target=\"_blank\" rel=\"noopener noreferrer\">Scrapen<\/a> der Site-Daten.<\/p>\n<div class=\"content__img-wrap\"><img src=\"https:\/\/sitechecker.pro\/wp-content\/uploads\/2024\/08\/1-Link-extractor-min.png\" alt=\"Link Extractor\" class=\"description-img description-img-zoom\" loading=\"lazy\" ><\/div>\n<h2 id=\"par3\">Domain Check<\/h2>\n<h3>Schritt 1: W\u00e4hlen Sie die Domain-Option, geben Sie die Domain ein, die Sie analysieren m\u00f6chten, und klicken Sie auf die Schaltfl\u00e4che \u201eAlle Links abrufen\u201c<\/h3>\n<div class=\"content__img-wrap\"><img src=\"https:\/\/sitechecker.pro\/wp-content\/uploads\/2024\/08\/2-External-link-Check-Website-min.png\" alt=\"Link Extractor Domain Check\" class=\"description-img description-img-zoom\" loading=\"lazy\" ><\/div>\n<div class=\"important-block\">Um Ergebnisse zu erhalten und 14 Tage lang auf die Funktionen von Sitechecker zuzugreifen, starten Sie Ihre KOSTENLOSE Testversion. Die Anmeldung ist ganz einfach mit Ihrem E-Mail-, Google- oder Facebook-Konto. Es ist keine Kreditkarte erforderlich.<\/div>\n<h3>Schritt 2: Interpretieren der Ergebnisse des Domain-Link-Extractors \u00fcber den Domain-Check<\/h3>\n<p>Der von Ihnen durchgef\u00fchrte Scan generiert ein Site-Audit f\u00fcr die Domain Sie geben ein und es werden verschiedene Probleme mit Links angezeigt, wie Backlinks, interne und externe URLs, deren Anker, HTTP-Statuscodes und rel-Attribute. Wenn Sie auf ein beliebiges Problem klicken, k\u00f6nnen Sie sehen, welche Seiten betroffen sind, und eine Liste mit Referenzen f\u00fcr diese Seiten extrahieren. Auf diese Weise k\u00f6nnen Sie m\u00f6gliche Probleme leicht identifizieren und beheben.<\/p>\n<div class=\"content__img-wrap\"><img src=\"https:\/\/sitechecker.pro\/wp-content\/uploads\/2024\/01\/site-audit-results.png\" alt=\"Site Audit Results\" class=\"description-img description-img-zoom\" loading=\"lazy\" ><\/div>\n<p>M\u00f6chten Sie alle URLs einer Website extrahieren, um eine umfassende Liste f\u00fcr die Sitemap-Erstellung zu erhalten? Das haben wir bereits f\u00fcr Sie erledigt. Sie k\u00f6nnen die Sitemap herunterladen, die aus den URLs generiert wurde, die unser <a href=\"https:\/\/sitechecker.pro\/on-page-seo-checker\/\" target=\"_blank\" rel=\"noopener noreferrer\">SEO-Checker<\/a> zuvor gecrawlt hat.<\/p>\n<div class=\"content__img-wrap\"><img src=\"https:\/\/sitechecker.pro\/wp-content\/uploads\/2024\/01\/generate-sitemap.png\" alt=\"Sitemap generieren\" class=\"description-img description-img-zoom\" loading=\"lazy\" ><\/div>\n<h3>Zus\u00e4tzliche Funktionen des Website-Link-Extraktors<\/h3>\n<p>Das Tool Website Link Extractor zeigt seine F\u00e4higkeit, verschiedene SEO-Probleme zu analysieren und zu melden. In seinem Dashboard finden Sie eine geordnete \u201eProblemliste\u201c, in der Sie bestimmte Probleme wie \u00fcberm\u00e4\u00dfige interne Links, fehlenden Alternativtext in Bildern und inkonsistenten Ankertext \u00fcberpr\u00fcfen und beheben k\u00f6nnen.<\/p>\n<p>Die Seitenleiste bietet eine statistische Aufschl\u00fcsselung der betroffenen Seiten, was eine effiziente Priorisierung und Behebung erm\u00f6glicht. Mit diesem Tool k\u00f6nnen Sie konkrete Schritte zur Optimierung der URL-Struktur und der allgemeinen SEO-Gesundheit Ihrer Website unternehmen.<\/p>\n<div class=\"content__img-wrap\"><img src=\"https:\/\/sitechecker.pro\/wp-content\/uploads\/2024\/01\/issues-list-1.png\" alt=\"Issues List\" class=\"description-img description-img-zoom\" loading=\"lazy\" ><\/div>\n<p>Der Website Link Extractor bietet SEO-Experten eine optimierte L\u00f6sung zum \u00dcberwachen und Exportieren von Daten ausgehender URLs mit fehlerhaften href-Attributen. Es stellt sicher, dass Probleme direkt im Tool behoben werden k\u00f6nnen, mit Funktionen zum Anzeigen des spezifischen Codeausschnitts des Problems. Dar\u00fcber hinaus bietet das Tool robuste Exportoptionen, darunter CSV, Google Sheets und eine praktische URL-Kopierfunktion, die den Workflow f\u00fcr Site-Audits und -Wartung optimiert. Die integrierte Funktion zur Sitemap-Generierung unterst\u00fctzt au\u00dferdem eine effiziente Site-Verwaltung.<\/p>\n<p>Sie k\u00f6nnen sich auch unser Tutorial unten ansehen:<\/p>\n<p><iframe title=\"YouTube-Videoplayer\" src=\"https:\/\/www.youtube.com\/embed\/-cexaqBe4KQ?si=vHbnAbP6SvpSyYjg\" width=\"700\" height=\"350\" frameborder=\"0\" allowfullscreen=\"allowfullscreen\"><\/iframe><\/p>\n<h2 id=\"par4\">Seitenpr\u00fcfung<\/h2>\n<div class=\"content__img-wrap\"><img src=\"https:\/\/sitechecker.pro\/wp-content\/uploads\/2024\/08\/3-External-Links-Page-Check-min.png\" alt=\"Link Extractor Page Check\" class=\"description-img description-img-zoom\" loading=\"lazy\" ><\/div>\n<p>Das Online-Tool listet externe URLs auf, die auf der Seite gefunden wurden, komplett mit Ankertexten und HTTP-Statuscodes, f\u00fcr eine detaillierte \u00dcberpr\u00fcfung.<\/p>\n<h3>Schritt 2: Ergebnisse per Seitenpr\u00fcfung interpretieren<\/h3>\n<p>Es listet externe Links, interne Links und Subdomain-Links mit entsprechenden Ankern und Statuscodes auf und erm\u00f6glicht so eine einfache \u00dcberpr\u00fcfung ausgehender SEO-Elemente.<\/p>\n<p>Das Tool zeigt den Zustand einer Webseite mit einem SEO-Score an und bietet schnellen Zugriff auf detaillierte Informationen wie Statuscode, Indexierung und Seitengr\u00f6\u00dfe.<\/p>\n<div class=\"content__img-wrap\"><img src=\"https:\/\/sitechecker.pro\/wp-content\/uploads\/2024\/01\/on-page-seo-checker-results.png\" alt=\"On Page Seo Checker Results\" class=\"description-img description-img-zoom\" loading=\"lazy\" ><\/div>\n<p>Das Tool bietet eine Analyse interner und Subdomain-Links auf einer Website. Es listet interne Links auf und zeigt den f\u00fcr jeden Link verwendeten Ankertext sowie den HTTP-Statuscode an, was auf eine erfolgreiche Navigation innerhalb der Site hinweist. Es identifiziert auch Links zu Subdomains, die separat behandelt werden, und zeigt ihre Anker und Statuscodes an, um sicherzustellen, dass sie f\u00fcr eine optimale Website-Struktur und SEO-Leistung richtig eingerichtet sind.<\/p>\n<div class=\"content__img-wrap\"><img src=\"https:\/\/sitechecker.pro\/wp-content\/uploads\/2024\/01\/internal-subdomain-links-2.png\" alt=\"Interne Subdomain-Links\" class=\"description-img description-img-zoom\" loading=\"lazy\" ><\/div>\n<p>Das Tool unterst\u00fctzt auch bei wichtigen Aspekten der Website-Optimierung. Es identifiziert kritische SEO-Probleme zur L\u00f6sung, verbessert den Inhalt durch \u00dcberpr\u00fcfung von Titeln und Metadaten, stellt sicher, dass strukturierte Daten vorhanden sind, und pr\u00fcft die richtigen Suchindexeinstellungen. Dar\u00fcber hinaus bewertet es die Geschwindigkeit der mobilen Website, um das Benutzererlebnis zu verbessern.<\/p>\n<div class=\"content__img-wrap\"><img src=\"https:\/\/sitechecker.pro\/wp-content\/uploads\/2024\/01\/issues-overview-3.png\" alt=\"Problem\u00fcbersicht\" class=\"description-img description-img-zoom\" loading=\"lazy\" ><\/div>\n<h3>Zus\u00e4tzliche Funktionen der Seitenpr\u00fcfung<\/h3>\n<p>Erstellen Sie f\u00fcr eine gr\u00fcndliche SEO-Pr\u00fcfung Ihrer Website ein kostenloses Konto, um eine umfassende Analyse von bis zu 1.000 Seiten durchzuf\u00fchren. Mit Zugriff auf Ihr Konto k\u00f6nnen Sie alle internen und externen Seiten Ihrer Site \u00fcberpr\u00fcfen, Fehler identifizieren, Antwortcodes untersuchen, die gesamte Ankerstrategie Ihrer Site analysieren und so weiter.<\/p>\n<div class=\"content__img-wrap\"><img src=\"https:\/\/sitechecker.pro\/wp-content\/uploads\/2024\/01\/full-website-audit.png\" alt=\"Full Website Audit\" class=\"description-img description-img-zoom\" loading=\"lazy\" ><\/div>\n<p>Um nach dem Scannen Ihrer Domain einen genaueren Einblick in die Funktionen des Tools zu erhalten, konsultieren Sie die Dom\u00e4nen\u00fcberpr\u00fcfungsbildschirme im ersten Abschnitt dieses Handbuchs. Alternativ bietet das interaktive Demoprojekt ein praktisches Beispiel daf\u00fcr, wie Sie von dem Tool profitieren k\u00f6nnen.<\/p>\n<p>Dar\u00fcber hinaus hilft Ihnen die Verwendung des <a href=\"https:\/\/sitechecker.pro\/crawlability-checker\/\">Subdomain Finder<\/a> dabei, alle mit Ihrer Domain verkn\u00fcpften Subdomains zu finden und zu analysieren, um sicherzustellen, dass sie optimiert und fehlerfrei sind. Dies ist besonders n\u00fctzlich f\u00fcr gro\u00dfe Websites mit mehreren Subdomains, die m\u00f6glicherweise individuelle Aufmerksamkeit f\u00fcr SEO-Verbesserungen ben\u00f6tigen.<\/p>\n<h2 id=\"par5\">Schlussbemerkungen<\/h2>\n<p>Zusammenfassend l\u00e4sst sich sagen, dass der Website-Link-Finder alle Links auf einer Website extrahiert, analysiert und \u00fcberwacht und umfassende Einblicke f\u00fcr jede URL bietet. Er erkennt und behebt linkbezogene Probleme und bietet gleichzeitig ganzheitliche SEO-Funktionen, darunter On-Page- und Off-Page-Audits, Rangverfolgung und Site-\u00dcberwachung. Benutzer k\u00f6nnen dieses Tool f\u00fcr verschiedene Zwecke nutzen, z. B. zum \u00dcberpr\u00fcfen des Linkstatus, zum Erstellen von Sitemaps oder zum Testen neuer Zielseiten. Mit benutzerfreundlichen Funktionen k\u00f6nnen Benutzer eine ganze Domain oder eine bestimmte Seite analysieren. Dar\u00fcber hinaus bietet das Tool ein anpassbares Berichtssystem, was es ideal f\u00fcr SEO-Berater, Agenturfachleute und Websitebesitzer macht.<\/p>\n<div id=\"par6\"><\/div>\n<p><div class=\"front__faq-block\"><div class=\"faq__block-title\">FAQ<\/div><div class=\"panel-group\" id=\"faq-accordion\" itemscope itemtype=\"https:\/\/schema.org\/FAQPage\" role=\"tablist\" aria-multiselectable=\"true\"><div class=\"panel\" itemscope itemtype=\"https:\/\/schema.org\/Question\" itemprop=\"mainEntity\">\n                            <div class=\"panel-heading\" id=\"headingFaq-1\">\n                                <div class=\"panel-title\" data-toggle=\"collapse\" aria-expanded=\"false\" href=\"#collapseFaq-1\">\n                                    <h3 itemprop=\"name\">Wie erhalte ich alle Links von einer Website?<\/h3>\n                                <\/div>\n                            <\/div>\n                            <div id=\"collapseFaq-1\" class=\"panel-collapse collapse\" itemprop=\"acceptedAnswer\" itemscope itemtype=\"http:\/\/schema.org\/Answer\">\n                                <div class=\"panel-body\" itemprop=\"text\">Mit dem URL-Extraktor k\u00f6nnen Sie alle URLs von der Website exportieren oder Links von einer Seite extrahieren, einschlie\u00dflich interner Backlinks, interner Backlink-Anker und externer ausgehender Links f\u00fcr jede URL auf der Website.<\/div>\n                            <\/div>\n                        <\/div><div class=\"panel\" itemscope itemtype=\"https:\/\/schema.org\/Question\" itemprop=\"mainEntity\">\n                            <div class=\"panel-heading\" id=\"headingFaq-2\">\n                                <div class=\"panel-title\" data-toggle=\"collapse\" aria-expanded=\"false\" href=\"#collapseFaq-2\">\n                                    <h3 itemprop=\"name\">Wie extrahiere ich einen Link aus einem Bild?<\/h3>\n                                <\/div>\n                            <\/div>\n                            <div id=\"collapseFaq-2\" class=\"panel-collapse collapse\" itemprop=\"acceptedAnswer\" itemscope itemtype=\"http:\/\/schema.org\/Answer\">\n                                <div class=\"panel-body\" itemprop=\"text\">Unser Tool analysiert alle Referenzen auf jeder Seite Ihrer Website. Wenn Sie also die URL zu einem Bild ben\u00f6tigen, k\u00f6nnen Sie diese mit unserem Tool ganz einfach abrufen. \u00d6ffnen Sie den Abschnitt \u201eBilder\u201c im On-Page-Audit und Sie erhalten eine Liste mit Bild-URLs. Dar\u00fcber hinaus erhalten Sie Zugriff auf Daten wie Bildgr\u00f6\u00dfe, Alt-Attribut, Titel-Attribut, Statuscode und Robot.txt-Zulassung.<\/div>\n                            <\/div>\n                        <\/div><div class=\"panel\" itemscope itemtype=\"https:\/\/schema.org\/Question\" itemprop=\"mainEntity\">\n                            <div class=\"panel-heading\" id=\"headingFaq-3\">\n                                <div class=\"panel-title\" data-toggle=\"collapse\" aria-expanded=\"false\" href=\"#collapseFaq-3\">\n                                    <h3 itemprop=\"name\">Was ist die Chrome-Erweiterung \u201eLink Extractor\u201c?<\/h3>\n                                <\/div>\n                            <\/div>\n                            <div id=\"collapseFaq-3\" class=\"panel-collapse collapse\" itemprop=\"acceptedAnswer\" itemscope itemtype=\"http:\/\/schema.org\/Answer\">\n                                <div class=\"panel-body\" itemprop=\"text\">Wir haben bereits eine Google Chrome-Erweiterung f\u00fcr Sitechecker entwickelt. Unsere Erweiterung f\u00fchrt ein umfassendes On-Page-Audit durch, mit dem Sie alle URLs scannen k\u00f6nnen. Starten Sie die kostenlose Testversion und laden Sie die Sitechecker-Anwendung in Ihren Google Chrome-Browser herunter. \u00d6ffnen Sie sie anschlie\u00dfend auf der Seite, die Sie untersuchen m\u00f6chten, und erhalten Sie die Ergebnisse.<\/div>\n                            <\/div>\n                        <\/div><\/div><\/div><\/p>","protected":false},"excerpt":{"rendered":"Was ist ein Link-Extraktor? Das Link-Extraktor-Tool dient dazu, alle Links von einer Website zu erfassen oder Links auf einer bestimmten Webseite zu extrahieren, einschlie\u00dflich interner Links und interner Backlinks, interner Backlink-Anker und externer ausgehender Links f\u00fcr jede URL auf der Site. Wobei kann Ihnen dieses Tool helfen? Extraktion aller Links: Es kann alle Links von&#8230;","protected":false},"author":10504980,"featured_media":7940,"parent":0,"menu_order":0,"comment_status":"closed","ping_status":"closed","template":"pages-templates\/pages-minitools-3.php","meta":[],"categories":[72],"tags":[],"_links":{"self":[{"href":"https:\/\/sitechecker.pro\/de\/wp-json\/wp\/v2\/pages\/7887"}],"collection":[{"href":"https:\/\/sitechecker.pro\/de\/wp-json\/wp\/v2\/pages"}],"about":[{"href":"https:\/\/sitechecker.pro\/de\/wp-json\/wp\/v2\/types\/page"}],"author":[{"embeddable":true,"href":"https:\/\/sitechecker.pro\/de\/wp-json\/wp\/v2\/users\/10504980"}],"replies":[{"embeddable":true,"href":"https:\/\/sitechecker.pro\/de\/wp-json\/wp\/v2\/comments?post=7887"}],"version-history":[{"count":55,"href":"https:\/\/sitechecker.pro\/de\/wp-json\/wp\/v2\/pages\/7887\/revisions"}],"predecessor-version":[{"id":39264,"href":"https:\/\/sitechecker.pro\/de\/wp-json\/wp\/v2\/pages\/7887\/revisions\/39264"}],"wp:featuredmedia":[{"embeddable":true,"href":"https:\/\/sitechecker.pro\/de\/wp-json\/wp\/v2\/media\/7940"}],"wp:attachment":[{"href":"https:\/\/sitechecker.pro\/de\/wp-json\/wp\/v2\/media?parent=7887"}],"wp:term":[{"taxonomy":"category","embeddable":true,"href":"https:\/\/sitechecker.pro\/de\/wp-json\/wp\/v2\/categories?post=7887"},{"taxonomy":"post_tag","embeddable":true,"href":"https:\/\/sitechecker.pro\/de\/wp-json\/wp\/v2\/tags?post=7887"}],"curies":[{"name":"wp","href":"https:\/\/api.w.org\/{rel}","templated":true}]}}