{"id":7885,"date":"2019-09-05T13:51:52","date_gmt":"2019-09-05T13:51:52","guid":{"rendered":"https:\/\/sitechecker.pro\/?page_id=7885"},"modified":"2025-02-06T11:00:13","modified_gmt":"2025-02-06T11:00:13","slug":"page-counter","status":"publish","type":"page","link":"https:\/\/sitechecker.pro\/de\/page-counter\/","title":{"rendered":"Website-Seitenz\u00e4hler \u2013 \u00dcberpr\u00fcfen Sie, wie viele Seiten eine Website hat \u1408"},"content":{"rendered":"<p><\/p>\n<h2 id=\"par1\">Was ist ein Website-Seitenzahl-Pr\u00fcfger\u00e4t?<\/h2>\n<p>Der Seitenz\u00e4hler ist ein Tool, mit dem Sie die Anzahl der URLs auf Ihrer Website z\u00e4hlen k\u00f6nnen. Es kann n\u00fctzlich sein, um Ihren Indexierungsstatus zu verfolgen und technische Probleme zu erkennen. Das Website-URL-Z\u00e4hler-Tool Sitechecker ist einfach zu bedienen und bietet eine Vielzahl von Funktionen.<\/p>\n<h3>Der Website Pages Count Checker kann Sie bei folgenden Aufgaben unterst\u00fctzen<\/h3>\n<ul>\n<li>Bestimmen der Gesamtzahl aller URLs auf Ihrer Website.<\/li>\n<li>Identifizieren, welche URLs aus der XML-Sitemap von Google-Suchmaschinen indiziert werden.<\/li>\n<li>Erkennen von Fehlern in den URLs der eigenen Website.<\/li>\n<li>Verstehen, wie man Link-Equity effektiv \u00fcber die eigene Website verteilt.<\/li>\n<\/ul>\n<h3>Schl\u00fcsselmerkmale eines Website-Seitenz\u00e4hlers<\/h3>\n<p><strong>Einheitliches Dashboard: <\/strong>Ein einheitliches Dashboard bietet einen zentralen Ort, um die technischen Daten Ihrer Website anzuzeigen. Sie k\u00f6nnen diese Daten f\u00fcr bestimmte Zeitr\u00e4ume anzeigen, z. B. heute, gestern, letzte Woche, letzten Monat und seit Jahresbeginn.<\/p>\n<p><strong>Benutzerfreundliches Interface: <\/strong>Eine benutzerfreundliche Oberfl\u00e4che erleichtert die Nutzung und Analyse Ihrer Verkehrsdaten. Das Dashboard ist gut organisiert und einfach zu navigieren.<\/p>\n<p><strong>Komplettes SEO-Toolset: <\/strong>Ein komplettes SEO-Toolset umfasst eine Vielzahl von Instrumenten, die Ihnen helfen, das Ranking Ihrer Website in den Suchmaschinenergebnissen (SERPs) zu verbessern. Dazu k\u00f6nnen Tools f\u00fcr die Keyword-Recherche, den Linkaufbau und die technische SEO geh\u00f6ren.<\/p>\n<h2 id=\"par2\">Wie verwendet man den Website-Seitenz\u00e4hler?<\/h2>\n<p>Fragen Sie sich, wie Sie die Anzahl der HTML-Seiten auf einer Website leicht herausfinden k\u00f6nnen? Unser Tool gibt Ihnen die Antwort.<\/p>\n<h3>Schritt 1: Geben Sie Ihre Domain ein<\/h3>\n<p>Alles, was Sie tun m\u00fcssen, ist, den Domainnamen einzugeben und dann alle URLs auf einer Website anzuzeigen.<\/p>\n<div class=\"content__img-wrap\"><img src=\"https:\/\/sitechecker.pro\/wp-content\/uploads\/2023\/11\/website-page-counter.png\" alt=\"Website Page Counter\" class=\"description-img description-img-zoom\" loading=\"lazy\" ><\/div>\n<div class=\"important-block\">Um Ergebnisse und Zugang zu den Funktionen von Sitechecker&apos;s f\u00fcr 14 Tage zu erhalten, starten Sie Ihre KOSTENLOSE Testversion. Die Anmeldung erfolgt ganz einfach \u00fcber Ihr E-Mail-, Google- oder Facebook-Konto. Eine Kreditkarte ist nicht erforderlich.<\/div>\n<h3>Schritt 2: Erhalten Sie das Ergebnis<\/h3>\n<p>Nach dem Crawling k\u00f6nnen Sie sehen, &#8220;wie viele URLs vorhanden sind&#8221;. Diese Zahl gibt an, wie viele URLs der <a href=\"https:\/\/sitechecker.pro\/what-is-google-index\/\" target=\"_blank\" rel=\"noopener noreferrer\">Google Index<\/a> hat:<\/p>\n<div class=\"content__img-wrap\"><img src=\"https:\/\/sitechecker.pro\/wp-content\/uploads\/2023\/11\/website-page-counter-results.png\" alt=\"Website Page Counter Results\" class=\"description-img description-img-zoom\" loading=\"lazy\" ><\/div>\n<p>Nachstehend finden Sie eine Liste der Probleme, die bei den gecrawlten URLs gefunden wurden. Um alle URLs Ihrer Website auf Fehler zu \u00fcberpr\u00fcfen, sollten Sie ein Upgrade Ihres Tarifs in Betracht ziehen.<\/p>\n<div class=\"content__img-wrap\"><img src=\"https:\/\/sitechecker.pro\/wp-content\/uploads\/2023\/11\/page-counter-issues-list.png\" alt=\"Liste der Seitenz\u00e4hler-Probleme\" class=\"description-img description-img-zoom\" loading=\"lazy\" ><\/div>\n<p>F\u00fcr jeden identifizierten Fehler enth\u00e4lt die Liste Vorschl\u00e4ge zur Fehlerbehebung und gibt die URLs an, bei denen der Fehler auftrat.<\/p>\n<div class=\"content__img-wrap\"><img src=\"https:\/\/sitechecker.pro\/wp-content\/uploads\/2023\/11\/view-issue-option.png\" alt=\"View Issue Option\" class=\"description-img description-img-zoom\" loading=\"lazy\" ><\/div>\n<h2 id=\"par3\">Zus\u00e4tzliche Funktionen des Webpage Counter Tools<\/h2>\n<p>Wenn Sie auf &#8220;Gecrawlte Seiten&#8221; oder &#8220;Alle Seiten anzeigen&#8221; klicken, k\u00f6nnen Sie auch die Liste der URLs mit Informationen \u00fcber Probleme, Status und andere Arten von URL <a href=\"https:\/\/sitechecker.pro\/\" target=\"_blank\" rel=\"noopener noreferrer\">SEO-Audit<\/a>-Informationen \u00f6ffnen.<\/p>\n<div class=\"content__img-wrap\"><img src=\"https:\/\/sitechecker.pro\/wp-content\/uploads\/2023\/11\/page-counter-view-all-pages.png\" alt=\"Page Counter View All Pages\" class=\"description-img description-img-zoom\" loading=\"lazy\" ><\/div>\n<div class=\"content__img-wrap\"><img src=\"https:\/\/sitechecker.pro\/wp-content\/uploads\/2023\/11\/page-counter-additional-features.png\" alt=\"Seitenz\u00e4hler Zusatzfunktionen\" class=\"description-img description-img-zoom\" loading=\"lazy\" ><\/div>\n<p>In diesem Abschnitt wird eine kategorisierte Liste von Fehlern angezeigt, die Sie nach Priorit\u00e4t oder Kategorie sortieren k\u00f6nnen. Wenn die Website fehlerhafte URLs oder Weiterleitungen enth\u00e4lt, k\u00f6nnen Sie diese in der Tabelle herausfiltern. Der Indikator f\u00fcr die Seitengewichtung gibt Aufschluss \u00fcber die Effizienz Ihrer internen Verlinkungsstruktur.<\/p>\n<p>Mit diesen Informationen k\u00f6nnen Sie kritische Probleme auf Ihrer eigenen Website schnell angehen und erhalten Hinweise zur Optimierung Ihrer Website.<\/p>\n<p>Sehen Sie sich auch unseren Video-Guide zur Verwendung des Seitenz\u00e4hlers auf der SiteChecker-Plattform an:<\/p>\n<p><iframe width=\"700\" height=\"350\" src=\"https:\/\/www.youtube.com\/embed\/-cexaqBe4KQ?si=4doM2SLEO-4z_i69&amp;start=213\" title=\"YouTube video player\" frameborder=\"0\" allow=\"accelerometer; autoplay; clipboard-write; encrypted-media; gyroscope; picture-in-picture; web-share\" allowfullscreen><\/iframe><\/p>\n<h2 id=\"par4\">Abschlie\u00dfende Idee<\/h2>\n<p>Der Website Post Counter ist ein effizientes, kostenloses Tool von Sitechecker, das die Seiten Ihrer Website z\u00e4hlt und dabei hilft, die Indexierung zu verfolgen und technische Probleme zu erkennen. Es bietet benutzerfreundliche Funktionen wie die Filterung nach Typ und Crawl-Tiefe. Zu den wichtigsten Vorteilen geh\u00f6rt die M\u00f6glichkeit, die Gesamtzahl der URLs Ihrer Website zu ermitteln, indizierte Seiten zu identifizieren, auf Duplikate zu pr\u00fcfen, Fehler zu erkennen und die Verteilung des Link-Equity zu planen. Das Dashboard zentralisiert die technischen Zustandsdaten und bietet eine benutzerfreundliche Oberfl\u00e4che f\u00fcr die Traffic-Analyse sowie ein vollst\u00e4ndiges Set an SEO-Tools zur Verbesserung der SERP-Rankings.<\/p>\n<div id=\"par5\"><\/div>\n<p><div class=\"front__faq-block\"><div class=\"faq__block-title\">FAQ<\/div><div class=\"panel-group\" id=\"faq-accordion\" itemscope itemtype=\"https:\/\/schema.org\/FAQPage\" role=\"tablist\" aria-multiselectable=\"true\"><div class=\"panel\" itemscope itemtype=\"https:\/\/schema.org\/Question\" itemprop=\"mainEntity\">\n                            <div class=\"panel-heading\" id=\"headingFaq-1\">\n                                <div class=\"panel-title\" data-toggle=\"collapse\" aria-expanded=\"false\" href=\"#collapseFaq-1\">\n                                    <h3 itemprop=\"name\">Was ist der Hauptzweck des Seitenz\u00e4hler-Finders?<\/h3>\n                                <\/div>\n                            <\/div>\n                            <div id=\"collapseFaq-1\" class=\"panel-collapse collapse\" itemprop=\"acceptedAnswer\" itemscope itemtype=\"http:\/\/schema.org\/Answer\">\n                                <div class=\"panel-body\" itemprop=\"text\">Der Hauptzweck des Online-Tools Seitenz\u00e4hler besteht darin, die Gesamtzahl der URLs auf Ihrer Website zu ermitteln, zu verfolgen, welche URLs von Suchmaschinen indiziert werden, doppelte Inhalte zu identifizieren, Fehler zu erkennen und Einblicke in die Optimierung der Link-Equity-Verteilung zu geben.<\/div>\n                            <\/div>\n                        <\/div><div class=\"panel\" itemscope itemtype=\"https:\/\/schema.org\/Question\" itemprop=\"mainEntity\">\n                            <div class=\"panel-heading\" id=\"headingFaq-2\">\n                                <div class=\"panel-title\" data-toggle=\"collapse\" aria-expanded=\"false\" href=\"#collapseFaq-2\">\n                                    <h3 itemprop=\"name\">Wie kann man \u00fcberpr\u00fcfen, wie viele Seiten eine Website hat?<\/h3>\n                                <\/div>\n                            <\/div>\n                            <div id=\"collapseFaq-2\" class=\"panel-collapse collapse\" itemprop=\"acceptedAnswer\" itemscope itemtype=\"http:\/\/schema.org\/Answer\">\n                                <div class=\"panel-body\" itemprop=\"text\">Verwenden Sie ein Website-Artikelz\u00e4hler-Tool wie Sitechecker, indem Sie die Domain der Website eingeben, um eine vollst\u00e4ndige Z\u00e4hlung aller URLs zu erhalten.<\/div>\n                            <\/div>\n                        <\/div><div class=\"panel\" itemscope itemtype=\"https:\/\/schema.org\/Question\" itemprop=\"mainEntity\">\n                            <div class=\"panel-heading\" id=\"headingFaq-3\">\n                                <div class=\"panel-title\" data-toggle=\"collapse\" aria-expanded=\"false\" href=\"#collapseFaq-3\">\n                                    <h3 itemprop=\"name\">Wie z\u00e4hle ich URLs auf einer Website?<\/h3>\n                                <\/div>\n                            <\/div>\n                            <div id=\"collapseFaq-3\" class=\"panel-collapse collapse\" itemprop=\"acceptedAnswer\" itemscope itemtype=\"http:\/\/schema.org\/Answer\">\n                                <div class=\"panel-body\" itemprop=\"text\">Verwenden Sie einen Site Count Page Checker, indem Sie Ihren Dom\u00e4nennamen eingeben, um die URLs automatisch zu z\u00e4hlen.<\/div>\n                            <\/div>\n                        <\/div><div class=\"panel\" itemscope itemtype=\"https:\/\/schema.org\/Question\" itemprop=\"mainEntity\">\n                            <div class=\"panel-heading\" id=\"headingFaq-4\">\n                                <div class=\"panel-title\" data-toggle=\"collapse\" aria-expanded=\"false\" href=\"#collapseFaq-4\">\n                                    <h3 itemprop=\"name\">Wie viele URLs hat eine typische Website?<\/h3>\n                                <\/div>\n                            <\/div>\n                            <div id=\"collapseFaq-4\" class=\"panel-collapse collapse\" itemprop=\"acceptedAnswer\" itemscope itemtype=\"http:\/\/schema.org\/Answer\">\n                                <div class=\"panel-body\" itemprop=\"text\">Eine typische Website kann je nach Zweck und Umfang zwischen einigen wenigen URLs und Hunderten haben. Kleine Unternehmen haben oft weniger als 20 URLs, w\u00e4hrend gr\u00f6\u00dfere Websites und E-Commerce-Websites Hunderte bis Tausende von Webseiten haben k\u00f6nnen.<\/div>\n                            <\/div>\n                        <\/div><\/div><\/div><\/p>","protected":false},"excerpt":{"rendered":"Was ist ein Website-Seitenzahl-Pr\u00fcfger\u00e4t? Der Seitenz\u00e4hler ist ein Tool, mit dem Sie die Anzahl der URLs auf Ihrer Website z\u00e4hlen k\u00f6nnen. Es kann n\u00fctzlich sein, um Ihren Indexierungsstatus zu verfolgen und technische Probleme zu erkennen. Das Website-URL-Z\u00e4hler-Tool Sitechecker ist einfach zu bedienen und bietet eine Vielzahl von Funktionen. Der Website Pages Count Checker kann Sie&#8230;","protected":false},"author":10504980,"featured_media":7945,"parent":0,"menu_order":0,"comment_status":"closed","ping_status":"closed","template":"pages-templates\/pages-minitools.php","meta":[],"categories":[73],"tags":[],"_links":{"self":[{"href":"https:\/\/sitechecker.pro\/de\/wp-json\/wp\/v2\/pages\/7885"}],"collection":[{"href":"https:\/\/sitechecker.pro\/de\/wp-json\/wp\/v2\/pages"}],"about":[{"href":"https:\/\/sitechecker.pro\/de\/wp-json\/wp\/v2\/types\/page"}],"author":[{"embeddable":true,"href":"https:\/\/sitechecker.pro\/de\/wp-json\/wp\/v2\/users\/10504980"}],"replies":[{"embeddable":true,"href":"https:\/\/sitechecker.pro\/de\/wp-json\/wp\/v2\/comments?post=7885"}],"version-history":[{"count":96,"href":"https:\/\/sitechecker.pro\/de\/wp-json\/wp\/v2\/pages\/7885\/revisions"}],"predecessor-version":[{"id":35343,"href":"https:\/\/sitechecker.pro\/de\/wp-json\/wp\/v2\/pages\/7885\/revisions\/35343"}],"wp:featuredmedia":[{"embeddable":true,"href":"https:\/\/sitechecker.pro\/de\/wp-json\/wp\/v2\/media\/7945"}],"wp:attachment":[{"href":"https:\/\/sitechecker.pro\/de\/wp-json\/wp\/v2\/media?parent=7885"}],"wp:term":[{"taxonomy":"category","embeddable":true,"href":"https:\/\/sitechecker.pro\/de\/wp-json\/wp\/v2\/categories?post=7885"},{"taxonomy":"post_tag","embeddable":true,"href":"https:\/\/sitechecker.pro\/de\/wp-json\/wp\/v2\/tags?post=7885"}],"curies":[{"name":"wp","href":"https:\/\/api.w.org\/{rel}","templated":true}]}}