{"id":7877,"date":"2019-09-05T13:03:16","date_gmt":"2019-09-05T13:03:16","guid":{"rendered":"https:\/\/sitechecker.pro\/?page_id=7877"},"modified":"2025-02-05T15:28:27","modified_gmt":"2025-02-05T15:28:27","slug":"text-to-code-ratio","status":"publish","type":"page","link":"https:\/\/sitechecker.pro\/de\/text-to-code-ratio\/","title":{"rendered":"Text to HTML Code Ratio Checker | Testen Sie jede URL auf einer Website \u2611"},"content":{"rendered":"<p><\/p>\n<h2 id=\"par1\">Was ist der Text-zu-Code-Verh\u00e4ltnis-Checker?<\/h2>\n<p>Der Text-zu-Code-Verh\u00e4ltnis-Checker auf <a href=\"https:\/\/sitechecker.pro\/\" target=\"_blank\" rel=\"noopener noreferrer\">Sitechecker<\/a> analysiert das Verh\u00e4ltnis von Textinhalt zu <a href=\"https:\/\/sitechecker.pro\/html-source-code-viewer\/\" target=\"_blank\" rel=\"noopener noreferrer\">HTML-Code<\/a> auf einer Webseite. Er bietet einen sofortigen Bericht f\u00fcr eine einzelne Seite oder eine umfassende Pr\u00fcfung f\u00fcr alle Seiten. Das Tool hilft bei der Identifizierung niedriger Text-zu-Code-Verh\u00e4ltnisse, potenzieller Probleme mit der Textrelevanz und der kontinuierlichen \u00dcberwachung zur SEO-Optimierung.<\/p>\n<h3>Wie das Tool Ihnen helfen kann<\/h3>\n<p><strong>Berechnung des Text-zu-Code-Verh\u00e4ltnisses: <\/strong>misst das Verh\u00e4ltnis von sichtbarem Text zu HTML-Code, um die Inhaltseffizienz f\u00fcr SEO zu bewerten.<\/p>\n<p><strong>Seiten mit niedrigem Text-zu-Code-Verh\u00e4ltnis erkennen: <\/strong>erstellt Berichte zur Identifizierung potenzieller Inhaltsprobleme.<\/p>\n<p><strong>Textrelevanz\u00fcberwachung <\/strong>\u2013 erkennt und verfolgt Textrelevanzprobleme, um die Inhaltsqualit\u00e4t sicherzustellen und das Suchmaschinenranking zu verbessern.<\/p>\n<h3>Hauptfunktionen des Tools<\/h3>\n<p><strong>Vereinheitlichtes Dashboard: <\/strong>bietet einen zentralen Hub zur Verfolgung der Website-Gesundheit, der SEO-Leistung und der Pr\u00fcfergebnisse an einem Ort.<\/p>\n<p><strong>Benutzerfreundliche Oberfl\u00e4che: <\/strong>f\u00fcr einfache Navigation konzipiert, sodass SEO-Analysen sowohl f\u00fcr Anf\u00e4nger als auch f\u00fcr Profis zug\u00e4nglich sind.<\/p>\n<p><strong>Komplettes SEO-Toolset: <\/strong>umfasst Website-Pr\u00fcfungen, Rangverfolgung, On-Page-SEO-Pr\u00fcfungen und Echtzeit\u00fcberwachung f\u00fcr umfassende Optimierung.<\/p>\n<h2 id=\"par2\">Verwendung des Tools<\/h2>\n<p>Um den Text-zu-Code-Verh\u00e4ltnis-Checker zu verwenden, w\u00e4hlen Sie zun\u00e4chst eine Pr\u00fcfoption aus, entweder einen Sofortbericht f\u00fcr eine einzelne Seite oder eine vollst\u00e4ndige Website-Analyse. Geben Sie die URL der Webseite oder Site ein, die Sie analysieren m\u00f6chten, und klicken Sie auf die Schaltfl\u00e4che \u201ePr\u00fcfung starten\u201c. Das Tool bewertet dann das Text-zu-Code-Verh\u00e4ltnis und erstellt einen detaillierten Bericht, in dem Textrelevanz, HTML-Effizienz und potenzielle SEO-Verbesserungen hervorgehoben werden.<\/p>\n<h2 id=\"par3\">Testen Sie das Text-zu-Code-Verh\u00e4ltnis f\u00fcr alle Seiten<\/h2>\n<h3>Schritt 1: W\u00e4hlen Sie die Pr\u00fcfungsoption \u201eAlle Seiten\u201c<\/h3>\n<div class=\"content__img-wrap\"><img src=\"https:\/\/sitechecker.pro\/wp-content\/uploads\/2025\/02\/text-to-code-ratio-all-pages.png\" alt=\"Text-zu-Code-Verh\u00e4ltnis Alle Seiten\" class=\"description-img description-img-zoom\" loading=\"lazy\" ><\/div>\n<div class=\"important-block\">Um Ergebnisse zu erhalten und 14 Tage lang auf die Funktionen von Sitechecker zuzugreifen, starten Sie Ihre KOSTENLOSE Testversion. Die Anmeldung ist ganz einfach mit Ihrem E-Mail-, Google- oder Facebook-Konto. Es ist keine Kreditkarte erforderlich.<\/div>\n<h3>Schritt 2: Ergebnisse abrufen<\/h3>\n<p>Identifizieren Sie Seiten mit einem niedrigen Text-zu-Code-Verh\u00e4ltnis (<10 %), das die SEO-Leistung beeintr\u00e4chtigen kann. Erhalten Sie eine detaillierte Aufschl\u00fcsselung der betroffenen Seiten, Optimierungsempfehlungen und greifen Sie auf Verbesserungsvorschl\u00e4ge im Code zu, um die Inhaltsrelevanz und Suchsichtbarkeit zu verbessern.\n\n[image url=\"https:\/\/sitechecker.pro\/wp-content\/uploads\/2025\/02\/text-to-code-ratio-issue.png\" alt=\"Text-zu-Code-Verh\u00e4ltnis-Problem\"]\n\n\n\n<h3>Zus\u00e4tzliche Funktionen des Tools<\/h3>\n<p>Erhalten Sie einen detaillierten \u00dcberblick \u00fcber die Website-Gesundheit, einschlie\u00dflich kritischer Fehler, Warnungen und Optimierungsm\u00f6glichkeiten. Identifizieren Sie betroffene Seiten nach Kategorie, analysieren Sie Inhaltsrelevanz, interne und externe Links, Indexierbarkeit und Codevalidierungsprobleme. Priorisieren Sie Korrekturen mit kategorisierter Problemverfolgung und verbessern Sie die allgemeine SEO-Leistung.<\/p>\n<div class=\"content__img-wrap\"><img src=\"https:\/\/sitechecker.pro\/wp-content\/uploads\/2025\/02\/site-audit-issues-4.png\" alt=\"Site Audit Issues\" class=\"description-img description-img-zoom\" loading=\"lazy\" ><\/div>\n<h2 id=\"par4\">Testen Sie das Text-zu-Code-Verh\u00e4ltnis f\u00fcr die Seite<\/h2>\n<h3>Schritt 1: W\u00e4hlen Sie die Seitentestoption<\/h3>\n<div class=\"content__img-wrap\"><img src=\"https:\/\/sitechecker.pro\/wp-content\/uploads\/2025\/02\/text-to-code-ratio-page.png\" alt=\"Text-zu-Code-Verh\u00e4ltnis-Seite\" class=\"description-img description-img-zoom\" loading=\"lazy\" ><\/div>\n<h3>Schritt 2: Erhalten Sie die Ergebnisse<\/h3>\n<p>Bewerten Sie das Text-zu-Code-Verh\u00e4ltnis f\u00fcr eine bestimmte Seite und stellen Sie so eine optimale Inhaltsbalance f\u00fcr SEO sicher. Erhalten Sie Einblicke in Textl\u00e4nge, Verh\u00e4ltnisprozentsatz und Empfehlungen zur Verbesserung der Inhaltsrelevanz und Suchmaschinenleistung.<\/p>\n<div class=\"content__img-wrap\"><img src=\"https:\/\/sitechecker.pro\/wp-content\/uploads\/2025\/02\/text-length-text-to-code-ratio.png\" alt=\"Ergebnisse f\u00fcr Textl\u00e4nge, Text-zu-Code-Verh\u00e4ltnis\" class=\"description-img description-img-zoom\" loading=\"lazy\" ><\/div>\n<p>Um die vollst\u00e4ndigen Funktionen des Tools kennenzulernen, besuchen Sie den Abschnitt Site Audit. Sehen Sie sich die Demoversion an, um zu sehen, wie Sitechecker wichtige technische SEO-Probleme identifiziert und l\u00f6st.<\/p>\n<div class=\"content__img-wrap\"><img src=\"https:\/\/sitechecker.pro\/wp-content\/uploads\/2025\/02\/site-audit-4.png\" alt=\"Site Audit\" class=\"description-img description-img-zoom\" loading=\"lazy\" ><\/div>\n<h3>Zus\u00e4tzliche Funktionen der Seitenpr\u00fcfung<\/h3>\n<p>Erhalten Sie eine vollst\u00e4ndige Aufschl\u00fcsselung der Seitenintegrit\u00e4t, einschlie\u00dflich kritischer Probleme und Warnmeldungen. Identifizieren Sie Leistungsprobleme, den Status strukturierter Daten, Bildoptimierungen und technische SEO-Faktoren, um die Suchsichtbarkeit und Inhaltseffektivit\u00e4t zu verbessern.<\/p>\n<div class=\"content__img-wrap\"><img src=\"https:\/\/sitechecker.pro\/wp-content\/uploads\/2025\/02\/site-audit-4.png\" alt=\"Site Audit\" class=\"description-img description-img-zoom\" loading=\"lazy\" ><\/div>\n<h2 id=\"par5\">Abschlie\u00dfende Idee<\/h2>\n<p>Das Tool \u201eHTML-Code-zu-Text-Verh\u00e4ltnis\u201c analysiert das Verh\u00e4ltnis von sichtbarem Text zu HTML-Code und hilft so bei der Optimierung der SEO-Leistung. Es bietet sofortige Berichte f\u00fcr einzelne Seiten und vollst\u00e4ndige Pr\u00fcfungen f\u00fcr ganze Websites. Das Tool erkennt niedrige Text-zu-Code-Verh\u00e4ltnisse, identifiziert Probleme mit der Inhaltsrelevanz und bietet Optimierungseinblicke. Mit einer benutzerfreundlichen Oberfl\u00e4che, einem einheitlichen Dashboard und einem vollst\u00e4ndigen SEO-Toolset erm\u00f6glicht es eine effektive Website-Analyse. Benutzer k\u00f6nnen auf detaillierte Berichte zugreifen, den Zustand der Website verfolgen und Korrekturen priorisieren.<\/p>\n<div id=\"par6\"><\/div>\n<p><div class=\"front__faq-block\"><div class=\"faq__block-title\">FAQ<\/div><div class=\"panel-group\" id=\"faq-accordion\" itemscope itemtype=\"https:\/\/schema.org\/FAQPage\" role=\"tablist\" aria-multiselectable=\"true\"><div class=\"panel\" itemscope itemtype=\"https:\/\/schema.org\/Question\" itemprop=\"mainEntity\">\n                            <div class=\"panel-heading\" id=\"headingFaq-1\">\n                                <div class=\"panel-title\" data-toggle=\"collapse\" aria-expanded=\"false\" href=\"#collapseFaq-1\">\n                                    <h3 itemprop=\"name\">Was ist das ideale Text-zu-Code-Verh\u00e4ltnis f\u00fcr SEO?<\/h3>\n                                <\/div>\n                            <\/div>\n                            <div id=\"collapseFaq-1\" class=\"panel-collapse collapse\" itemprop=\"acceptedAnswer\" itemscope itemtype=\"http:\/\/schema.org\/Answer\">\n                                <div class=\"panel-body\" itemprop=\"text\">Ein Text-zu-Code-Verh\u00e4ltnis \u00fcber 10 % wird im Allgemeinen f\u00fcr eine bessere SEO-Leistung empfohlen, um sicherzustellen, dass Suchmaschinen den Inhalt effektiv interpretieren k\u00f6nnen.<\/div>\n                            <\/div>\n                        <\/div><div class=\"panel\" itemscope itemtype=\"https:\/\/schema.org\/Question\" itemprop=\"mainEntity\">\n                            <div class=\"panel-heading\" id=\"headingFaq-2\">\n                                <div class=\"panel-title\" data-toggle=\"collapse\" aria-expanded=\"false\" href=\"#collapseFaq-2\">\n                                    <h3 itemprop=\"name\">Wie wirkt sich ein niedriges Text-zu-Code-Verh\u00e4ltnis auf meine Website aus?<\/h3>\n                                <\/div>\n                            <\/div>\n                            <div id=\"collapseFaq-2\" class=\"panel-collapse collapse\" itemprop=\"acceptedAnswer\" itemscope itemtype=\"http:\/\/schema.org\/Answer\">\n                                <div class=\"panel-body\" itemprop=\"text\">Ein niedriges Verh\u00e4ltnis kann auf \u00fcberm\u00e4\u00dfigen HTML- oder unzureichenden Inhalt hinweisen, was m\u00f6glicherweise zu schlechten Suchmaschinen-Rankings und verringerter Benutzerinteraktion f\u00fchrt.<\/div>\n                            <\/div>\n                        <\/div><div class=\"panel\" itemscope itemtype=\"https:\/\/schema.org\/Question\" itemprop=\"mainEntity\">\n                            <div class=\"panel-heading\" id=\"headingFaq-3\">\n                                <div class=\"panel-title\" data-toggle=\"collapse\" aria-expanded=\"false\" href=\"#collapseFaq-3\">\n                                    <h3 itemprop=\"name\">Kann ich das Text-zu-Code-Verh\u00e4ltnis f\u00fcr mehrere Seiten gleichzeitig pr\u00fcfen?<\/h3>\n                                <\/div>\n                            <\/div>\n                            <div id=\"collapseFaq-3\" class=\"panel-collapse collapse\" itemprop=\"acceptedAnswer\" itemscope itemtype=\"http:\/\/schema.org\/Answer\">\n                                <div class=\"panel-body\" itemprop=\"text\">Ja, mit der Pr\u00fcfoption \u201eAlle Seiten\u201c k\u00f6nnen Sie das Verh\u00e4ltnis f\u00fcr Ihre gesamte Website analysieren und detaillierte Berichte zu den betroffenen Seiten erhalten.<\/div>\n                            <\/div>\n                        <\/div><div class=\"panel\" itemscope itemtype=\"https:\/\/schema.org\/Question\" itemprop=\"mainEntity\">\n                            <div class=\"panel-heading\" id=\"headingFaq-4\">\n                                <div class=\"panel-title\" data-toggle=\"collapse\" aria-expanded=\"false\" href=\"#collapseFaq-4\">\n                                    <h3 itemprop=\"name\">Ist das Text-zu-Code-Verh\u00e4ltnis der einzige Faktor, der sich auf das SEO-Ranking auswirkt?<\/h3>\n                                <\/div>\n                            <\/div>\n                            <div id=\"collapseFaq-4\" class=\"panel-collapse collapse\" itemprop=\"acceptedAnswer\" itemscope itemtype=\"http:\/\/schema.org\/Answer\">\n                                <div class=\"panel-body\" itemprop=\"text\">Nein, obwohl es wichtig ist, wird das SEO-Ranking von vielen Faktoren beeinflusst, darunter Backlinks, Seitengeschwindigkeit, Mobilfreundlichkeit, strukturierte Daten und Inhaltsqualit\u00e4t.<\/div>\n                            <\/div>\n                        <\/div><div class=\"panel\" itemscope itemtype=\"https:\/\/schema.org\/Question\" itemprop=\"mainEntity\">\n                            <div class=\"panel-heading\" id=\"headingFaq-5\">\n                                <div class=\"panel-title\" data-toggle=\"collapse\" aria-expanded=\"false\" href=\"#collapseFaq-5\">\n                                    <h3 itemprop=\"name\">Kann das Tool Verbesserungen vorschlagen, um ein niedriges Text-zu-Code-Verh\u00e4ltnis zu beheben?<\/h3>\n                                <\/div>\n                            <\/div>\n                            <div id=\"collapseFaq-5\" class=\"panel-collapse collapse\" itemprop=\"acceptedAnswer\" itemscope itemtype=\"http:\/\/schema.org\/Answer\">\n                                <div class=\"panel-body\" itemprop=\"text\">Ja, Sitechecker bietet Optimierungsempfehlungen, darunter die Reduzierung unn\u00f6tigen Codes, die Verbesserung der Inhaltsqualit\u00e4t und das Ausbalancieren der HTML-Struktur.<\/div>\n                            <\/div>\n                        <\/div><\/div><\/div><\/p>","protected":false},"excerpt":{"rendered":"Was ist der Text-zu-Code-Verh\u00e4ltnis-Checker? Der Text-zu-Code-Verh\u00e4ltnis-Checker auf Sitechecker analysiert das Verh\u00e4ltnis von Textinhalt zu HTML-Code auf einer Webseite. Er bietet einen sofortigen Bericht f\u00fcr eine einzelne Seite oder eine umfassende Pr\u00fcfung f\u00fcr alle Seiten. Das Tool hilft bei der Identifizierung niedriger Text-zu-Code-Verh\u00e4ltnisse, potenzieller Probleme mit der Textrelevanz und der kontinuierlichen \u00dcberwachung zur SEO-Optimierung. Wie das&#8230;","protected":false},"author":10409641,"featured_media":7943,"parent":0,"menu_order":0,"comment_status":"closed","ping_status":"closed","template":"pages-templates\/pages-minitools-3.php","meta":[],"categories":[70],"tags":[],"_links":{"self":[{"href":"https:\/\/sitechecker.pro\/de\/wp-json\/wp\/v2\/pages\/7877"}],"collection":[{"href":"https:\/\/sitechecker.pro\/de\/wp-json\/wp\/v2\/pages"}],"about":[{"href":"https:\/\/sitechecker.pro\/de\/wp-json\/wp\/v2\/types\/page"}],"author":[{"embeddable":true,"href":"https:\/\/sitechecker.pro\/de\/wp-json\/wp\/v2\/users\/10409641"}],"replies":[{"embeddable":true,"href":"https:\/\/sitechecker.pro\/de\/wp-json\/wp\/v2\/comments?post=7877"}],"version-history":[{"count":24,"href":"https:\/\/sitechecker.pro\/de\/wp-json\/wp\/v2\/pages\/7877\/revisions"}],"predecessor-version":[{"id":38135,"href":"https:\/\/sitechecker.pro\/de\/wp-json\/wp\/v2\/pages\/7877\/revisions\/38135"}],"wp:featuredmedia":[{"embeddable":true,"href":"https:\/\/sitechecker.pro\/de\/wp-json\/wp\/v2\/media\/7943"}],"wp:attachment":[{"href":"https:\/\/sitechecker.pro\/de\/wp-json\/wp\/v2\/media?parent=7877"}],"wp:term":[{"taxonomy":"category","embeddable":true,"href":"https:\/\/sitechecker.pro\/de\/wp-json\/wp\/v2\/categories?post=7877"},{"taxonomy":"post_tag","embeddable":true,"href":"https:\/\/sitechecker.pro\/de\/wp-json\/wp\/v2\/tags?post=7877"}],"curies":[{"name":"wp","href":"https:\/\/api.w.org\/{rel}","templated":true}]}}