{"id":7873,"date":"2019-09-05T12:25:47","date_gmt":"2019-09-05T12:25:47","guid":{"rendered":"https:\/\/sitechecker.pro\/?page_id=7873"},"modified":"2026-02-20T12:10:45","modified_gmt":"2026-02-20T12:10:45","slug":"similar-websites","status":"publish","type":"page","link":"https:\/\/sitechecker.pro\/de\/similar-websites\/","title":{"rendered":"Suche nach \u00e4hnlichen Websites | Ein Muss f\u00fcr die Marktforschung \u1408"},"content":{"rendered":"<p>Sie m\u00f6chten eine Website starten und m\u00fcssen im Rahmen der Marktuntersuchung wissen, wer Ihre Konkurrenten sind. Wenn diese Situation Ihrer eigenen \u00e4hnlich ist und Sie keine Ahnung haben, wie Sie damit umgehen sollen, dann sind Sie hier genau richtig. Sie k\u00f6nnen dies ganz einfach mit einem \u00e4hnlichen Website-Finder tun; In diesem Artikel erkl\u00e4ren wir Ihnen alles, was Sie \u00fcber die effektive Verwendung wissen m\u00fcssen.<\/p>\n<h2>Was ist ein Finder f\u00fcr \u00e4hnliche Websites?<\/h2>\n<p>Ein <b>Sucher f\u00fcr \u00e4hnliche Websites <\/b><b> <\/b> ist ein Tool, mit dem Sie andere Websites finden k\u00f6nnen, die \u00e4hnliche Inhalte wie Sie produzieren. Diese Tools gibt es bei vielen Anbietern, viele davon kostenlos. Durch die Verwendung dieser Tools k\u00f6nnen Sie Ihre Konkurrenten befragen und mehr dar\u00fcber erfahren, wie sie arbeiten, was sie gut machen und was die Benutzer von ihnen haben. Indem Sie all diese Informationen aufnehmen und entsprechende Pl\u00e4ne machen, k\u00f6nnen Sie das Beste aus all Ihren Konkurrenten herausholen und alles eliminieren, was nicht funktioniert.<\/p>\n<p><a href=\"https:\/\/sitechecker.pro\/\">Sitechecker<\/a> hilft Ihnen nicht nur dabei, \u00e4hnliche Websites zu finden, sondern hat noch viel mehr zu bieten. Sehen Sie sich dieses Video an, um mehr \u00fcber unsere Dienstleistungen zu erfahren:<\/p>\n<p><iframe title=\"YouTube-Videoplayer\" src=\"https:\/\/www.youtube.com\/embed\/iQWrmE-J-yU\" width=\"770\" height=\"350\" frameborder=\"0\" allowfullscreen=\"allowfullscreen\"><\/iframe><\/p>\n<h2>Einen \u00e4hnlichen Website-Finder verwenden<\/h2>\n<p>Entdecken Sie, wie Sie unseren Finder f\u00fcr \u00e4hnliche Websites verwenden k\u00f6nnen.<\/p>\n<h3>Schritt 1: Geben Sie Ihre Domain ein<\/h3>\n<p>Nehmen Sie einfach die URL Ihrer Website, f\u00fcgen Sie sie in die Suchleiste ein und klicken Sie auf den Pfeil nach rechts.<br \/>\n<div class=\"content__img-wrap\"><img src=\"https:\/\/sitechecker.pro\/wp-content\/uploads\/2022\/02\/Sitecheckers-similar-website-finder.jpg\" alt=\"Sucher f\u00fcr \u00e4hnliche Websites von Sitechecker\" class=\"description-img description-img-zoom\" loading=\"lazy\" ><\/div><\/p>\n<h3>Schritt 2: Ergebnisanalyse<\/h3>\n<p>Die Website ben\u00f6tigt einige Sekunden, um alle Websites zu finden, die Ihrer \u00e4hnlich sind, und zeigt sie als Liste an.<br \/>\n<div class=\"content__img-wrap\"><img src=\"https:\/\/sitechecker.pro\/wp-content\/uploads\/2022\/02\/Sitecheckers-similar-website-finder-Results.jpg\" alt=\"Sucher f\u00fcr \u00e4hnliche Websites von Sitechecker: Ergebnisse\" class=\"description-img description-img-zoom\" loading=\"lazy\" ><\/div><\/p>\n<h2>F\u00e4lle, in denen ein \u00e4hnlicher Website-Finder ben\u00f6tigt wird<\/h2>\n<p>Bevor Sie eine Website erstellen und mit dem Posten von Inhalten beginnen, sollten Sie herausfinden, ob Ihr Unternehmen rentabel ist. Glaubst du zum Beispiel, dass irgendjemand eine Video-Sharing-Plattform mit \u00e4hnlichen Funktionen wie YouTube nutzen w\u00fcrde, wenn es YouTube schon g\u00e4be? Nein. Dinge wie TikTok und Vimeo funktionieren nur, weil sie ihren Benutzern unterschiedliche Ans\u00e4tze und einzigartige Funktionen bieten.<\/p>\n<p>Ebenso m\u00fcssen Sie, wenn Sie einen Blog starten, wissen, wer bereits \u00e4hnliche Inhalte wie Sie produziert. Welche Inhalte produzieren sie? Wie ist ihre Zielgruppe? Informationen wie diese sind notwendig, um Ihnen die Erfolgsaussichten aufzuzeigen. Wenn diese Konkurrenten ein Monopol auf dem Markt haben, bringt es keinen Gewinn, weiterzumachen.<\/p>\n<p>Andererseits, wenn Sie in Ihrer <a href=\"https:\/\/sitechecker.pro\/dental-seo-marketing-tool\/\" target=\"_blank\" rel=\"noopener noreferrer\">Nische<\/a> etabliert sind In der Branche muss man immer nach Aufsteigern und neuen Unternehmungen Ausschau halten. Behalten Sie im Auge, ob sie Fahrt aufnehmen und Sie einholen. In jedem Fall ist es das Zeichen eines reifen Inhaltserstellers, am Puls des Marktes zu bleiben und zu verstehen, wo der Wind weht.<\/p>\n<p>Indem Sie die Alternativen studieren, lernen Sie, was funktioniert\/nicht funktioniert, und finden M\u00f6glichkeiten zur Verbesserung. So wirst du besser und erreichst das n\u00e4chste Level.<br \/>\n    <div class=\"blog__conversion blog__conversion-app element__logged_out\">\n        <div class=\"blog__conversion-inner\">\n            <p class=\"title\">Finden Sie nicht nur die Informationen \u00fcber \u00e4hnliche Websites heraus, sondern auch das Vorhandensein technischer Fehler darauf!<\/p>\n            <p class=\"description\">F\u00fchren Sie eine vollst\u00e4ndige Pr\u00fcfung durch, um alle Probleme auf Website- und Seitenebene auf Ihrer Website herauszufinden und zu beheben.<\/p>\n            <form id=\"audit__form\"\n                  class=\"article__seo-search audit__form F\u00fchren Sie eine vollst\u00e4ndige Pr\u00fcfung durch, um alle Probleme auf Website- und Seitenebene auf Ihrer Website herauszufinden und zu beheben.\"\n                  action=\"\"\n                  method=\"POST\"\n                  autocomplete=\"off\">\n                <span class=\"error\"><\/span>\n                <div class=\"error__limits\">Something went wrong. Please, try again later.<\/div>\n                <input name=\"url\"\n                       type=\"text\"\n                       placeholder=\"Geben Sie hier Ihre Domain ein\">\n                                <button type=\"submit\"\n                        class=\"sitechecker__text\">\n                    <span>Audit starten<\/span>\n                    <img src=\"\/wp-content\/themes\/sitechecker\/out\/img_design\/loading.svg\"\n                         width=\"31\"\n                         height=\"30\"\n                         class=\"loading\">\n                <\/button>\n            <\/form>\n        <\/div>\n    <\/div>\n    <\/p>\n<h2>So analysieren Sie \u00e4hnliche Websites<\/h2>\n<p>Sie wissen jetzt, wie Sie eine Reihe \u00e4hnlicher Websites finden, aber was tun Sie, nachdem Sie sie gefunden haben? Sie studieren sie nat\u00fcrlich! Es ist klug, dies zu tun, und Sie sollten sich Unternehmen ansehen, die mit Ihnen konkurrieren. Sie k\u00f6nnen darauf wetten, dass sie Ihnen dasselbe antun werden.<\/p>\n<p>Aber wonach suchst du?<\/p>\n<ul>\n<li>Wie ist die Seitenstruktur der verf\u00fcgbaren Alternativen? Ist es \u00e4hnlich wie bei dir? Besser? Welche Seitenelemente verwenden sie, die Sie nicht verwenden, und umgekehrt? Was k\u00f6nnen Sie verbessern?<\/li>\n<li>Wie viele Zugriffe erhalten sie t\u00e4glich? Welche davon schneiden besser ab? Wie ist ihre Leistung im Vergleich zu Ihnen? Was machen sie anders?<\/li>\n<li>Welche Art von Backlinks verwenden sie? Welche Art von Diensten tauchen am h\u00e4ufigsten auf? Verlinken sie auf etwas, das Sie nicht sind? Verlinken sie auf Dinge, die Sie bereits tun?<\/li>\n<li>Was sind ihre Schl\u00fcsselw\u00f6rter? Wie ist ihre Lesbarkeit? F\u00fchren Sie ihre Websites einem SEO-Checker durch und holen Sie so viel wie m\u00f6glich heraus.<\/li>\n<\/ul>\n<h3>Verwendung des Website Traffic Checker f\u00fcr eine bessere Analyse<\/h3>\n<p>F\u00fcr die Analyse k\u00f6nnen Sie auch unser Tool verwenden, das den Website-Traffic \u00fcberpr\u00fcft. Ein <a href=\"https:\/\/sitechecker.pro\/traffic-checker\/\">Website-Traffic-Checker <\/a> tut genau das, was er verspricht: Er berechnet viele Daten zum Traffic. Wenn Sie die URL beispielsweise \u00fcber einen Website-Traffic-Checker ausf\u00fchren, pr\u00fcfen Sie Folgendes:<\/p>\n<ol>\n<li>Nur wie viel Traffic diese Seite \u00fcber mindestens ein paar Monate erhalten hat<\/li>\n<li>Wie viel Traffic wird aus verschiedenen L\u00e4ndern generiert<\/li>\n<li>Welches Traffic-Volumen wird von den verschiedenen Kan\u00e4len generiert: organische Suche, Verweise, Direktsuche usw.<\/li>\n<li>Die Top-Keywords, die von der Website verwendet werden, entweder organisch oder \u00fcber bezahlte Mittel<\/li>\n<\/ol>\n<p><div class=\"content__img-wrap\"><img src=\"https:\/\/sitechecker.pro\/wp-content\/uploads\/2022\/02\/Sitecheckers-traffic-checker.jpg\" alt=\"\u00dcberpr\u00fcfen Sie den Traffic mit unserem Tool\" class=\"description-img description-img-zoom\" loading=\"lazy\" ><\/div><br \/>\n<div class=\"content__img-wrap\"><img src=\"https:\/\/sitechecker.pro\/wp-content\/uploads\/2022\/02\/Sitecheckers-traffic-checker-Result-1.jpg\" alt=\"Traffic Checker: Ergebnisse\" class=\"description-img description-img-zoom\" loading=\"lazy\" ><\/div><br \/>\n<div class=\"content__img-wrap\"><img src=\"https:\/\/sitechecker.pro\/wp-content\/uploads\/2022\/02\/Sitecheckers-traffic-checker-Result-2.jpg\" alt=\"Tool-Ergebnisse (Fortsetzung)\" class=\"description-img description-img-zoom\" loading=\"lazy\" ><\/div><\/p>\n<p>In nur wenigen Augenblicken haben Sie all diese Daten zur Hand. Wenn Sie alle \u00e4hnlichen Websites, die Sie mit diesem Traffic-Checker gefunden haben, ausf\u00fchren, haben Sie \u00e4hnliche Daten \u00fcber alle Ihre Konkurrenten. Sie werden wissen, in welchen Nischen sie arbeiten, woher ihr Traffic kommt und wie ihr Website-Traffic im Vergleich zu Ihrem abschneidet. Es ist ein gro\u00dfartiges Werkzeug, um den Internetmarkt zu analysieren und Strategien zu entwickeln, um diesen Herausforderungen zu begegnen.<\/p>\n<h3>Sitechecker Audit &amp; Konkurrenzanalyse auf der Seite<\/h3>\n<p>Ein SEO-Audit ist ein Tool, das Ihnen zeigt, wie gut Sie SEO-technisch abschneiden und wo Sie sich verbessern k\u00f6nnen. Das Ziel ist es, Ihre Website an die Spitze der Google-Suchergebnisse zu bringen. Dieses Tool hilft Ihnen dabei, indem es Ihre gesamte Website und Seiten \u00fcberpr\u00fcft \u2013 und die Ihrer Konkurrenten, wenn Sie dies w\u00fcnschen \u2013 und Ihnen einen detaillierten Bericht \u00fcber alles gibt, was f\u00fcr sie spricht. Sie k\u00f6nnen unseren kostenlosen <a href=\"https:\/\/sitechecker.pro\/on-page-seo-checker\/\">On-Page-SEO-Checker<\/a> oder <a href=\"https:\/\/chrome.google .com\/webstore\/detail\/website-seo-checker-free\/nljcdkjpjnhlilgepggmmagnmebhadnk\">Website-SEO-Checker von Google<\/a>.<\/p>\n<h3>Sitechecker Backlink Checker zur Konkurrenzanalyse<\/h3>\n<p>Sie m\u00f6chten einen <a href=\"https:\/\/sitechecker.pro\/backlinks-checker\/\">Backlink-Checker<\/a>, um sicherzustellen, dass Ihre Backlinks von Websites verwendet werden, die eine gute Menge an Traffic erhalten, und diese zu entfernen von Websites, die nicht mehr relevant sind. Indem Sie Ihre Konkurrenten auf diese Weise analysieren, erhalten Sie Einblick in ihre Leistungen und wissen, was zu tun ist, was zu vermeiden ist und welche Keywords, Anker und Tags Sie nutzen sollten.<br \/>\n<div class=\"content__img-wrap\"><img src=\"https:\/\/sitechecker.pro\/wp-content\/uploads\/2022\/02\/Sitecheckers-backlink-checker.jpg\" alt=\"Check Backlinks mit unserem Tool\" class=\"description-img description-img-zoom\" loading=\"lazy\" ><\/div><\/p>\n<div class=\"content__img-wrap\"><img src=\"https:\/\/sitechecker.pro\/wp-content\/uploads\/2022\/02\/Sitecheckers-backlink-checker-Results-2.jpg\" alt=\"Check Backlinks mit unserem Tool - Ergebnisse\" class=\"description-img description-img-zoom\" loading=\"lazy\" ><\/div>\n<p><div class=\"front__faq-block\"><div class=\"faq__block-title\">FAQ<\/div><div class=\"panel-group\" id=\"faq-accordion\" itemscope itemtype=\"https:\/\/schema.org\/FAQPage\" role=\"tablist\" aria-multiselectable=\"true\"><div class=\"panel\" itemscope itemtype=\"https:\/\/schema.org\/Question\" itemprop=\"mainEntity\">\n                            <div class=\"panel-heading\" id=\"headingFaq-1\">\n                                <div class=\"panel-title\" data-toggle=\"collapse\" aria-expanded=\"false\" href=\"#collapseFaq-1\">\n                                    <h3 itemprop=\"name\">Wie finde ich \u00e4hnliche Websites bei Google?<\/h3>\n                                <\/div>\n                            <\/div>\n                            <div id=\"collapseFaq-1\" class=\"panel-collapse collapse\" itemprop=\"acceptedAnswer\" itemscope itemtype=\"http:\/\/schema.org\/Answer\">\n                                <div class=\"panel-body\" itemprop=\"text\">Sie k\u00f6nnen den Related-Operator verwenden, um \u00e4hnliche Websites bei Google zu finden. Geben Sie dazu related: sitename.com in die Adressleiste ein und dr\u00fccken Sie die Eingabetaste.<\/div>\n                            <\/div>\n                        <\/div><div class=\"panel\" itemscope itemtype=\"https:\/\/schema.org\/Question\" itemprop=\"mainEntity\">\n                            <div class=\"panel-heading\" id=\"headingFaq-2\">\n                                <div class=\"panel-title\" data-toggle=\"collapse\" aria-expanded=\"false\" href=\"#collapseFaq-2\">\n                                    <h3 itemprop=\"name\">Wie verwenden \u00e4hnliche Websites Erweiterungen?<\/h3>\n                                <\/div>\n                            <\/div>\n                            <div id=\"collapseFaq-2\" class=\"panel-collapse collapse\" itemprop=\"acceptedAnswer\" itemscope itemtype=\"http:\/\/schema.org\/Answer\">\n                                <div class=\"panel-body\" itemprop=\"text\">Jedes Mal, wenn Sie eine Website besuchen, k\u00f6nnen Sie auf die Erweiterungsregisterkarte in Chrome klicken, um andere Websites zu finden, die mit der gerade besuchten Suche verwandt sind.<\/div>\n                            <\/div>\n                        <\/div><div class=\"panel\" itemscope itemtype=\"https:\/\/schema.org\/Question\" itemprop=\"mainEntity\">\n                            <div class=\"panel-heading\" id=\"headingFaq-3\">\n                                <div class=\"panel-title\" data-toggle=\"collapse\" aria-expanded=\"false\" href=\"#collapseFaq-3\">\n                                    <h3 itemprop=\"name\">Was ist eine \u00e4hnliche Suche?<\/h3>\n                                <\/div>\n                            <\/div>\n                            <div id=\"collapseFaq-3\" class=\"panel-collapse collapse\" itemprop=\"acceptedAnswer\" itemscope itemtype=\"http:\/\/schema.org\/Answer\">\n                                <div class=\"panel-body\" itemprop=\"text\">Sie kennen diese ungef\u00e4hr acht Suchergebnisse ganz unten auf einer Seite mit Google-Suchergebnissen? Das sind verwandte Suchanfragen, und sie werden von Google basierend auf dem Suchmaschinenalgorithmus generiert, um Ihnen zu helfen, mehr verwandte Dinge zu finden zu deiner Suche.<\/div>\n                            <\/div>\n                        <\/div><\/div><\/div><\/p>","protected":false},"excerpt":{"rendered":"Sie m\u00f6chten eine Website starten und m\u00fcssen im Rahmen der Marktuntersuchung wissen, wer Ihre Konkurrenten sind. Wenn diese Situation Ihrer eigenen \u00e4hnlich ist und Sie keine Ahnung haben, wie Sie damit umgehen sollen, dann sind Sie hier genau richtig. Sie k\u00f6nnen dies ganz einfach mit einem \u00e4hnlichen Website-Finder tun; In diesem Artikel erkl\u00e4ren wir Ihnen&#8230;","protected":false},"author":10504980,"featured_media":7956,"parent":0,"menu_order":0,"comment_status":"closed","ping_status":"closed","template":"pages-templates\/pages-minitools-2.php","meta":[],"categories":[75],"tags":[],"_links":{"self":[{"href":"https:\/\/sitechecker.pro\/de\/wp-json\/wp\/v2\/pages\/7873"}],"collection":[{"href":"https:\/\/sitechecker.pro\/de\/wp-json\/wp\/v2\/pages"}],"about":[{"href":"https:\/\/sitechecker.pro\/de\/wp-json\/wp\/v2\/types\/page"}],"author":[{"embeddable":true,"href":"https:\/\/sitechecker.pro\/de\/wp-json\/wp\/v2\/users\/10504980"}],"replies":[{"embeddable":true,"href":"https:\/\/sitechecker.pro\/de\/wp-json\/wp\/v2\/comments?post=7873"}],"version-history":[{"count":18,"href":"https:\/\/sitechecker.pro\/de\/wp-json\/wp\/v2\/pages\/7873\/revisions"}],"predecessor-version":[{"id":39391,"href":"https:\/\/sitechecker.pro\/de\/wp-json\/wp\/v2\/pages\/7873\/revisions\/39391"}],"wp:featuredmedia":[{"embeddable":true,"href":"https:\/\/sitechecker.pro\/de\/wp-json\/wp\/v2\/media\/7956"}],"wp:attachment":[{"href":"https:\/\/sitechecker.pro\/de\/wp-json\/wp\/v2\/media?parent=7873"}],"wp:term":[{"taxonomy":"category","embeddable":true,"href":"https:\/\/sitechecker.pro\/de\/wp-json\/wp\/v2\/categories?post=7873"},{"taxonomy":"post_tag","embeddable":true,"href":"https:\/\/sitechecker.pro\/de\/wp-json\/wp\/v2\/tags?post=7873"}],"curies":[{"name":"wp","href":"https:\/\/api.w.org\/{rel}","templated":true}]}}