{"id":7871,"date":"2019-09-05T12:15:59","date_gmt":"2019-09-05T12:15:59","guid":{"rendered":"https:\/\/sitechecker.pro\/?page_id=7871"},"modified":"2024-10-28T16:12:31","modified_gmt":"2024-10-28T16:12:31","slug":"directory-scanner","status":"publish","type":"page","link":"https:\/\/sitechecker.pro\/de\/directory-scanner\/","title":{"rendered":"Website-Verzeichnis-Scanner: Versteckte Dateien anzeigen \u1408"},"content":{"rendered":"<p><\/p>\n<h2 id=\"par1\">Was ist ein Website-Verzeichnis-Scanner?<\/h2>\n<p>Der von Sitechecker bereitgestellte kostenlose Website-Verzeichnis-Scanner ist ein Tool zum Scannen von <a href=\"https:\/\/sitechecker.pro\/what-is-directory-website\/\" target=\"_blank\" rel=\"noopener noreferrer\">Site-Verzeichnissen <\/a> und vertrauliche Dateien. Dieser Prozess ist entscheidend f\u00fcr die Erkennung vertraulicher oder versteckter Verzeichnisse auf einer Website. Es kann Online-Verzeichnislisten durchsuchen und Dateien wie PHP, Robots.txt und andere vertrauliche Informationen finden.<\/p>\n<h3>Vorteile, die Sie durch die Verwendung des Website Directory Scanner Online erhalten<\/h3>\n<p><strong>Genaue Erkennung der Website-Hierarchie:<\/strong> Der Scanner crawlt den Webserver und bietet eine unterteilte Ansicht der Hierarchie einer Site, wobei er die Site in \u00fcberschaubare Abschnitte segmentiert, um die Verzeichnis\u00fcberwachung zu verbessern.<\/p>\n<p><strong>Erkennung von M\u00e4ngeln in allen Verzeichnissen:<\/strong>Mit dem Subdirectory Finder k\u00f6nnen Benutzer ein bestimmtes Verzeichnis auf der Website entdecken und bestimmte M\u00e4ngel in verschiedenen Verzeichnissen identifizieren und beheben.<\/p>\n<p><strong>Ma\u00dfgeschneiderte Inspektion:<\/strong>Benutzer k\u00f6nnen ihre Analyse mit einer ganzen Reihe von Filtern und Einstellungen anpassen und so eine detaillierte Untersuchung der Strukturelemente der Website erhalten, die mit ihren SEO-Zielen \u00fcbereinstimmen.<\/p>\n<h3>Hauptfunktionen des Website Directory Finder<\/h3>\n<ul>\n<li><strong>Einheitliches Dashboard: <\/strong>Bietet einen umfassenden \u00dcberblick \u00fcber SEO-Kennzahlen wie Traffic, Keywords und Backlinks und nutzt Daten aus der Google Search Console und Google Analytics f\u00fcr detaillierte Einblicke.<\/li>\n<li><strong>Benutzerfreundliche Oberfl\u00e4che: <\/strong>Entwickelt f\u00fcr Benutzerfreundlichkeit, erm\u00f6glicht eine reibungslose Navigation und Interpretation von Website-Metriken und ist f\u00fcr Benutzer aller technischen Niveaus geeignet.<\/li>\n<li><strong>Komplettes SEO-Toolset: <\/strong>Enth\u00e4lt eine Vielzahl von Tools wie Website-Crawler, Site-\u00dcberwachung, Rank-Tracker und mehr f\u00fcr detaillierte SEO-Analyse und -Optimierung und integriert Daten aus verschiedenen Quellen f\u00fcr eine ganzheitliche Ansicht der SEO-Leistung.<\/li>\n<\/ul>\n<h2 id=\"par2\">Wie nutzt man den Online-Verzeichnisscanner effektiv?<\/h2>\n<div class=\"content__img-wrap\"><img src=\"https:\/\/sitechecker.pro\/wp-content\/uploads\/2023\/11\/website-directory-scanner_655e1a56a5d9b.png\" alt=\"Website-Verzeichnis-Scanner\" class=\"description-img description-img-zoom\" loading=\"lazy\" ><\/div>\n<div class=\"important-block\">Um Ergebnisse zu erhalten und 14 Tage lang Zugriff auf die Sitechecker-Funktionen zu erhalten, starten Sie Ihre KOSTENLOSE Testversion. Die Anmeldung ist ganz einfach mit Ihrem E-Mail-, Google- oder Facebook-Konto. Es ist keine Kreditkarte erforderlich.<\/div>\n<p>Das Site Audit bietet eine umfassende Schnittstelle zur Bewertung der Website-SEO mit Schnellzugriff auf Domain-Informationen, einem Dashboard f\u00fcr SEO-Metriken, einem Issue-Tracker f\u00fcr SEO-Probleme, kategorisierten Issue-Men\u00fcs zur Priorisierung und interaktiven Elementen f\u00fcr eine detaillierte Analyse und Berichterstattung. Klicken Sie auf die Schaltfl\u00e4che \u201eAlle Seiten anzeigen\u201c, um einen Bildschirm anzuzeigen, der alle Ordner und Unterordner Ihrer Site auflistet.<\/p>\n<div class=\"content__img-wrap\"><img src=\"https:\/\/sitechecker.pro\/wp-content\/uploads\/2023\/11\/directory-scanner-view-all-pages.png\" alt=\"Directory Scanner Alle Seiten anzeigen\" class=\"description-img description-img-zoom\" loading=\"lazy\" ><\/div>\n<p>Der Website Hidden Page Finder ist benutzerfreundlich und erm\u00f6glicht es sowohl SEO-Experten als auch Neulingen, das Suchmaschinen-Ranking-Potenzial ihrer Website effizient einzusch\u00e4tzen und zu verbessern.<\/p>\n<p>Der URL Directory Scanner bietet eine optimierte Oberfl\u00e4che zum Analysieren der Ordnerstruktur einer Site:<\/p>\n<ul>\n<li>Es zeigt eine ordnerorientierte Analyse mit Schwerpunkt auf der Registerkarte \u201eSeiten nach Ordnern\u201c, die Webseiten anhand ihrer Unterordnerpfade kategorisiert und so bei der Organisation gro\u00dfer Dateien und der Priorisierung von SEO-Bem\u00fchungen hilft.<\/li>\n<li>Diese Registerkarte bietet einen \u00dcberblick \u00fcber die Architektur der Website, sortiert Seiten in Ordner wie \u201e\/shop\/\u201c oder \u201e\/cart\/\u201c und erm\u00f6glicht es Benutzern, Probleme nach Schweregrad oder Typ zu identifizieren und zu sortieren. Dies unterstreicht die F\u00e4higkeit des Tools, die Site-Struktur zu Optimierungszwecken zu analysieren und anzuzeigen.<\/li>\n<\/ul>\n<div class=\"content__img-wrap\"><img src=\"https:\/\/sitechecker.pro\/wp-content\/uploads\/2023\/11\/pages-by-folder.png\" alt=\"Verzeichnisscannerseiten nach Ordner\" class=\"description-img description-img-zoom\" loading=\"lazy\" ><\/div>\n<p>Der Website-Unterordner-Finder verbessert das SEO-Management, indem er die Ordnerstruktur der Website scannt, Ordnerlisten in separate Verzeichnisse sortiert und optional eine gezielte Website-Abschnittsanalyse erm\u00f6glicht.<\/p>\n<div class=\"content__img-wrap\"><img src=\"https:\/\/sitechecker.pro\/wp-content\/uploads\/2023\/11\/data-display-options.png\" alt=\"Anzeigeoptionen f\u00fcr Verzeichnisscanner-Daten\" class=\"description-img description-img-zoom\" loading=\"lazy\" ><\/div>\n<p>Dar\u00fcber hinaus liefert der Website Folder Scanner detaillierte Seitenmetriken und -probleme und bietet gleichzeitig Anpassungsoptionen f\u00fcr die Datenanzeige. Diese Funktion ist entscheidend f\u00fcr eine effektive Website-Dateistruktur, Projektorganisation und SEO-Optimierung.<\/p>\n<h2 id=\"par3\">Endg\u00fcltige Idee<\/h2>\n<p>Das Directory Finder Online-Tool von Sitechecker ist f\u00fcr eine detaillierte Site-Strukturanalyse und SEO-Optimierung unerl\u00e4sslich. Es zeichnet sich dadurch aus, dass es sowohl sichtbare als auch versteckte Site-Verzeichnisse sichtbar macht und so eine detaillierte Ansicht der Architektur einer Site erm\u00f6glicht. Mit Funktionen wie genauer Hierarchieerkennung, ordnerspezifischen SEO-Verbesserungen und anpassbaren Inspektionen richtet es sich sowohl an Experten als auch an Anf\u00e4nger bei der Verbesserung der Website-SEO. Die benutzerfreundliche Oberfl\u00e4che des Website Directory Viewer in Kombination mit einem umfassenden Satz an SEO-Tools macht ihn zu einem wertvollen Hilfsmittel f\u00fcr eine effektive Website-Verwaltung und -Optimierung.<\/p>\n<div id=\"par4\"><\/div>\n<p><div class=\"front__faq-block\"><div class=\"faq__block-title\">FAQ<\/div><div class=\"panel-group\" id=\"faq-accordion\" itemscope itemtype=\"https:\/\/schema.org\/FAQPage\" role=\"tablist\" aria-multiselectable=\"true\"><div class=\"panel\" itemscope itemtype=\"https:\/\/schema.org\/Question\" itemprop=\"mainEntity\">\n                            <div class=\"panel-heading\" id=\"headingFaq-1\">\n                                <div class=\"panel-title\" data-toggle=\"collapse\" aria-expanded=\"false\" href=\"#collapseFaq-1\">\n                                    <h3 itemprop=\"name\">Kann das Website Tree Scanner-Tool alle Arten von versteckten Dateien auf der Website identifizieren?<\/h3>\n                                <\/div>\n                            <\/div>\n                            <div id=\"collapseFaq-1\" class=\"panel-collapse collapse\" itemprop=\"acceptedAnswer\" itemscope itemtype=\"http:\/\/schema.org\/Answer\">\n                                <div class=\"panel-body\" itemprop=\"text\">Der Verzeichnisfinder dient zum Auffinden verschiedener versteckter Dateien, einschlie\u00dflich PHP und Robots.txt. Abh\u00e4ngig von der Konfiguration und den Sicherheitsma\u00dfnahmen der Website kann es jedoch sein, dass es nicht alle Arten von versteckten Dateien erkennt.<\/div>\n                            <\/div>\n                        <\/div><div class=\"panel\" itemscope itemtype=\"https:\/\/schema.org\/Question\" itemprop=\"mainEntity\">\n                            <div class=\"panel-heading\" id=\"headingFaq-2\">\n                                <div class=\"panel-title\" data-toggle=\"collapse\" aria-expanded=\"false\" href=\"#collapseFaq-2\">\n                                    <h3 itemprop=\"name\">Was ist ein URL-Fuzzer?<\/h3>\n                                <\/div>\n                            <\/div>\n                            <div id=\"collapseFaq-2\" class=\"panel-collapse collapse\" itemprop=\"acceptedAnswer\" itemscope itemtype=\"http:\/\/schema.org\/Answer\">\n                                <div class=\"panel-body\" itemprop=\"text\">Dies ist eine Erkennungsaktion, mit der Sie Ressourcen entdecken k\u00f6nnen, die nicht \u00f6ffentlich sein sollten (z. B. \/backups, \/index.php.old, \/archive.tgz, \/source_code.zip usw.).<\/div>\n                            <\/div>\n                        <\/div><div class=\"panel\" itemscope itemtype=\"https:\/\/schema.org\/Question\" itemprop=\"mainEntity\">\n                            <div class=\"panel-heading\" id=\"headingFaq-3\">\n                                <div class=\"panel-title\" data-toggle=\"collapse\" aria-expanded=\"false\" href=\"#collapseFaq-3\">\n                                    <h3 itemprop=\"name\">Ist URL-Fuzzing illegal?<\/h3>\n                                <\/div>\n                            <\/div>\n                            <div id=\"collapseFaq-3\" class=\"panel-collapse collapse\" itemprop=\"acceptedAnswer\" itemscope itemtype=\"http:\/\/schema.org\/Answer\">\n                                <div class=\"panel-body\" itemprop=\"text\">Wir empfehlen Ihnen dringend, keine Penetrationstestprogramme auf der Website einer anderen Person ohne schriftliche Genehmigung des Webmasters auszuf\u00fchren. Abh\u00e4ngig von den Cybersicherheitsgesetzen Ihres Landes k\u00f6nnte dies unerw\u00fcnschte Folgen f\u00fcr Sie haben.<\/div>\n                            <\/div>\n                        <\/div><\/div><\/div><\/p>","protected":false},"excerpt":{"rendered":"Was ist ein Website-Verzeichnis-Scanner? Der von Sitechecker bereitgestellte kostenlose Website-Verzeichnis-Scanner ist ein Tool zum Scannen von Site-Verzeichnissen und vertrauliche Dateien. Dieser Prozess ist entscheidend f\u00fcr die Erkennung vertraulicher oder versteckter Verzeichnisse auf einer Website. Es kann Online-Verzeichnislisten durchsuchen und Dateien wie PHP, Robots.txt und andere vertrauliche Informationen finden. Vorteile, die Sie durch die Verwendung des&#8230;","protected":false},"author":10504980,"featured_media":8390,"parent":0,"menu_order":0,"comment_status":"closed","ping_status":"closed","template":"pages-templates\/pages-minitools.php","meta":[],"categories":[73],"tags":[],"_links":{"self":[{"href":"https:\/\/sitechecker.pro\/de\/wp-json\/wp\/v2\/pages\/7871"}],"collection":[{"href":"https:\/\/sitechecker.pro\/de\/wp-json\/wp\/v2\/pages"}],"about":[{"href":"https:\/\/sitechecker.pro\/de\/wp-json\/wp\/v2\/types\/page"}],"author":[{"embeddable":true,"href":"https:\/\/sitechecker.pro\/de\/wp-json\/wp\/v2\/users\/10504980"}],"replies":[{"embeddable":true,"href":"https:\/\/sitechecker.pro\/de\/wp-json\/wp\/v2\/comments?post=7871"}],"version-history":[{"count":96,"href":"https:\/\/sitechecker.pro\/de\/wp-json\/wp\/v2\/pages\/7871\/revisions"}],"predecessor-version":[{"id":33994,"href":"https:\/\/sitechecker.pro\/de\/wp-json\/wp\/v2\/pages\/7871\/revisions\/33994"}],"wp:featuredmedia":[{"embeddable":true,"href":"https:\/\/sitechecker.pro\/de\/wp-json\/wp\/v2\/media\/8390"}],"wp:attachment":[{"href":"https:\/\/sitechecker.pro\/de\/wp-json\/wp\/v2\/media?parent=7871"}],"wp:term":[{"taxonomy":"category","embeddable":true,"href":"https:\/\/sitechecker.pro\/de\/wp-json\/wp\/v2\/categories?post=7871"},{"taxonomy":"post_tag","embeddable":true,"href":"https:\/\/sitechecker.pro\/de\/wp-json\/wp\/v2\/tags?post=7871"}],"curies":[{"name":"wp","href":"https:\/\/api.w.org\/{rel}","templated":true}]}}