{"id":7847,"date":"2020-07-17T11:26:36","date_gmt":"2020-07-17T09:26:36","guid":{"rendered":"https:\/\/sitechecker.pro\/?page_id=7847"},"modified":"2025-02-13T12:28:20","modified_gmt":"2025-02-13T12:28:20","slug":"hosting-checker","status":"publish","type":"page","link":"https:\/\/sitechecker.pro\/de\/hosting-checker\/","title":{"rendered":"Hosting Checker: Wer hostet eine Website und wo wird sie gehostet \u1408"},"content":{"rendered":"<p><\/p>\n<h2 id=\"par1\">Was ist ein Website-Hosting-\u00dcberpr\u00fcfungsprogramm?<\/h2>\n<p>Ein Website-Hosting-Checker ist ein Online-Dienst, mit dem Sie herausfinden k\u00f6nnen, welches <a href=\"https:\/\/sitechecker.pro\/what-is-host\/\" rel=\"noopener noreferrer\" target=\"_blank\">Webhosting<\/a>-Unternehmen ein &#8220;home&#8221; f\u00fcr eine bestimmte Website ist. Warum k\u00f6nnen Sie solche Informationen brauchen?<\/p>\n<ul>\n<li>um zu verstehen, welches Webhosting-Unternehmen Ihre Konkurrenten nutzen,<\/li>\n<li>um die technischen Kontaktinformationen f\u00fcr Sicherheitsbewertungen zu \u00fcberpr\u00fcfen,<\/li>\n<li>oder einfach nur, um Ihre Neugier auf die Infrastruktur der Website zu befriedigen.<\/li>\n<\/ul>\n<h3>So hilft ein Hosting-Checker:<\/h3>\n<ul>\n<li><strong>\u00dcberpr\u00fcfen Sie den Webhosting-Anbieter. <\/strong>Dies kann n\u00fctzlich sein, wenn Sie eine Website kaufen wollen oder versuchen, den Besitzer der Website ausfindig zu machen.<\/li>\n<li><strong>\u00dcberpr\u00fcfen Sie die Nameserver: <\/strong>Die Nameserver \u00fcbersetzen den Internet-Domainnamen einer Website in ihre IP-Adresse. Wenn Sie die Nameserver \u00fcberpr\u00fcfen, k\u00f6nnen Sie sehen, wo die Website gehostet wird und wer f\u00fcr sie verantwortlich ist.<\/li>\n<li><strong>\u00dcberpr\u00fcfen Sie den Webserver: <\/strong>Der Webserver speichert die Dateien einer Website und liefert sie an die Besucher aus. Wenn Sie ihn \u00fcberpr\u00fcfen, k\u00f6nnen Sie sehen, welche Art von Webserver verwendet wird und welche Version er hat.<\/li>\n<li><strong>\u00dcberpr\u00fcfen Sie den DNS-Anbieter: <\/strong>Der DNS-Provider wandelt den Dom\u00e4nennamen einer Website in die IP-Adresse um, die Maschinen verstehen. Wenn Sie den DNS-Anbieter \u00fcberpr\u00fcfen, k\u00f6nnen Sie sehen, wo die Website gehostet wird und wer f\u00fcr sie verantwortlich ist.<\/li>\n<li><strong>Pr\u00fcfen Sie die IP-Adresse: <\/strong>Die IP-Adresse ist eine eindeutige Kennung f\u00fcr einen Computer im World Wide Web. Anhand der IP-Adresse k\u00f6nnen Sie feststellen, wo die Website gehostet wird und wer f\u00fcr sie verantwortlich ist.<\/li>\n<li><strong>Pr\u00fcfen Sie das Land, die Region und die Stadt, in der die Website gehostet wird. <\/strong>Dies kann n\u00fctzlich sein, wenn Sie herausfinden wollen, wo sich die Domainregistrierung befindet.<\/li>\n<li><strong>Pr\u00fcfen Sie das Alter der Domain. <\/strong>Dies kann n\u00fctzlich sein, wenn Sie herausfinden wollen, wie lange die Website schon online ist.<\/li>\n<\/ul>\n<h3>Hauptmerkmale des Website Hosting Checker Tools<\/h3>\n<p><strong>Ein einheitliches Dashboard: <\/strong>Das einheitliche Dashboard bietet einen einzigen Ort, an dem Sie alle Informationen zu Ihrer Website einsehen k\u00f6nnen.<\/p>\n<p><strong>Eine benutzerfreundliche Oberfl\u00e4che: <\/strong>Die benutzerfreundliche Oberfl\u00e4che macht es einfach, das Tool zu verwenden, auch wenn Sie kein technischer Experte sind.<\/p>\n<p><strong>Ein komplettes SEO-Toolset: <\/strong>Der Checker enth\u00e4lt ein komplettes SEO-Toolset. Es hilft Ihnen, das Ranking Ihrer Website auf den Suchmaschinenergebnisseiten (SERPs) zu verbessern.<\/p>\n<h2 id=\"par2\">Kostenlose Nutzung des Webhosting Checker Tools<\/h2>\n<p>Mit unserem kostenlosen Online-Tool k\u00f6nnen Sie den Webhoster Ihrer Konkurrenten \u00fcberpr\u00fcfen und umfassende Informationen \u00fcber Ihre Website erhalten.<\/p>\n<p>W\u00e4hlen Sie einfach die Option, die Sie ben\u00f6tigen, &#8220;Pr\u00fcfen Sie Ihren Mitbewerber&#8221; oder &#8220;Pr\u00fcfen Sie Ihre Domain&#8221;, und pr\u00fcfen Sie den Hosting-Anbieter.<\/p>\n<div class=\"content__img-wrap\"><img src=\"https:\/\/sitechecker.pro\/wp-content\/uploads\/2023\/11\/website-hosting-checker.png\" alt=\"Website Hosting Checker\" class=\"description-img description-img-zoom\" loading=\"lazy\" ><\/div>\n<h2 id=\"par3\">Wettbewerber-Website-Check<\/h2>\n<h3>Schritt 1: Geben Sie Ihre Domain ein<\/h3>\n<p>Um zu beginnen, klicken Sie auf die Schaltfl\u00e4che &#8220;Check your competitor&#8221; und f\u00fcgen Sie die zu analysierende Website-Domain ein, um die Daten des Webhosters zu erhalten. Dr\u00fccken Sie anschlie\u00dfend auf die Schaltfl\u00e4che mit dem Pfeil, um den Scan zu starten. Im folgenden Beispiel wird <a href=\"https:\/\/sitechecker.pro\/\" rel=\"noopener noreferrer\" target=\"_blank\">SiteChecker<\/a> \u00fcberpr\u00fcft.<\/p>\n<div class=\"content__img-wrap\"><img src=\"https:\/\/sitechecker.pro\/wp-content\/uploads\/2023\/11\/hosting-checker-competitor-check.png\" alt=\"Hosting Checker Competitor Check\" class=\"description-img description-img-zoom\" loading=\"lazy\" ><\/div>\n<h3>Schritt 2: Interpretieren der Ergebnisse<\/h3>\n<p>In wenigen Augenblicken erhalten Sie den Bericht mit den folgenden Informationen.<\/p>\n<div class=\"content__img-wrap\"><img src=\"https:\/\/sitechecker.pro\/wp-content\/uploads\/2023\/11\/hosting-checker-results.png\" alt=\"Hosting Checker Results\" class=\"description-img description-img-zoom\" loading=\"lazy\" ><\/div>\n<h3>Wer hostet die Website?<\/h3>\n<p>Auf der ersten Registerkarte unserer Webhosting-Suche k\u00f6nnen Sie herausfinden, wer eine Website hostet. In der ersten Zeile sehen Sie den Namen des Webhosters.<\/p>\n<p>Der Name des <strong>DNS-Anbieters<\/strong> steht am Ende. Die Registerkarte enth\u00e4lt auch Informationen \u00fcber einen Nameserver und einen Webserver. Wir werden sehen, warum diese beiden wichtig sind.<\/p>\n<p><strong>Nameserver<\/strong> sind ein wesentlicher Bestandteil des DNS (Domain Name System). Sie verarbeiten Anfragen \u00fcber den Standort der Dienste eines Dom\u00e4nennamens. Mit Nameservern k\u00f6nnen wir Dom\u00e4nen anstelle von IP-Adressen eingeben.<\/p>\n<p>Ein <strong>Webserver<\/strong> ist eine Serversoftware, die die Anfragen von Benutzern im Internet bearbeitet. Er verarbeitet diese Anfragen \u00fcber HTTP und andere Protokolle. Seine Hauptfunktion ist das Speichern, Verarbeiten und Ausliefern von Webseiten an einen Client.<\/p>\n<h3>Wo wird diese Website gehostet?<\/h3>\n<p>In diesem Abschnitt erfahren Sie, auf welchem Server eine Website l\u00e4uft, ihre IP-Adresse, den Standort des Webservers (Land, Stadt und Region) und den Namen der Organisation, die sie verwaltet.<\/p>\n<p>Sie fragen sich vielleicht, warum der Serverstandort im Bericht des Host-Lookup-Tools aufgef\u00fchrt ist. Die N\u00e4he des Webservers beeinflusst die Ladegeschwindigkeit. Je n\u00e4her der Webserver am Zielpublikum steht, desto schneller werden die Daten \u00fcbertragen. Einige Webhosting-Anbieter verlangen sogar zus\u00e4tzliche Geb\u00fchren f\u00fcr die Wahl eines bestimmten Webserver-Standorts. Um zu pr\u00fcfen, wo sich eine bestimmte IP-Adresse befindet, k\u00f6nnen Sie unseren <a href=\"https:\/\/sitechecker.pro\/domain-to-ip\/\" target=\"_blank\" rel=\"noopener noreferrer\">IP Checker<\/a> verwenden.<\/p>\n<div class=\"content__img-wrap\"><img src=\"https:\/\/sitechecker.pro\/wp-content\/uploads\/2023\/11\/where-is-site-hosted.png\" alt=\"Where is Site Hosted\" class=\"description-img description-img-zoom\" loading=\"lazy\" ><\/div>\n<h3>Alternativen zu Hosting-Anbietern<\/h3>\n<p>Auf der rechten Seite der Ergebnisseite finden Sie eine umfassende Liste von Anbietern. Sie enth\u00e4lt f\u00fcnf sorgf\u00e4ltig ausgew\u00e4hlte Alternativen mit entsprechenden Informationen \u00fcber den Preis und die Geld-zur\u00fcck-Garantie. Jeder Eintrag enth\u00e4lt Links zum Testbericht und zur Seite des bewerteten Anbieters, so dass Sie weitere Informationen erhalten k\u00f6nnen, bevor Sie eine Entscheidung treffen.<\/p>\n<div class=\"content__img-wrap\"><img src=\"https:\/\/sitechecker.pro\/wp-content\/uploads\/2023\/11\/hosting-provider-alternatives.png\" alt=\"Hosting-Anbieter-Alternativen\" class=\"description-img description-img-zoom\" loading=\"lazy\" ><\/div>\n<p>Wenn Sie den Inhalt einer beliebigen Registerkarte unseres Host-Checkers speichern m\u00f6chten, k\u00f6nnen Sie dies mit einem Klick tun. Kopieren Sie ihn in die Zwischenablage, um ihn an anderer Stelle einzuf\u00fcgen, laden Sie ihn als PDF-Datei herunter oder teilen Sie ihn \u00fcber soziale Medien.<\/p>\n<div class=\"content__img-wrap\"><img src=\"https:\/\/sitechecker.pro\/wp-content\/uploads\/2023\/11\/hosting-check-download-results.png\" alt=\"Hosting Check Download Results\" class=\"description-img description-img-zoom\" loading=\"lazy\" ><\/div>\n<h2 id=\"par4\">Hosting wie ein Website-Besitzer \u00fcberpr\u00fcfen<\/h2>\n<h3>Schritt 1: Geben Sie Ihre Domain ein<\/h3>\n<div class=\"content__img-wrap\"><img src=\"https:\/\/sitechecker.pro\/wp-content\/uploads\/2023\/11\/hosting-checker-domain-check.png\" alt=\"Hosting Checker Domain Check\" class=\"description-img description-img-zoom\" loading=\"lazy\" ><\/div>\n<div class=\"important-block\">Um Ergebnisse und Zugang zu den Funktionen von Sitechecker&apos;s f\u00fcr 14 Tage zu erhalten, starten Sie Ihre KOSTENLOSE Testversion. Die Anmeldung erfolgt ganz einfach \u00fcber Ihr E-Mail-, Google- oder Facebook-Konto. Eine Kreditkarte ist nicht erforderlich.<\/div>\n<p>Um zu beginnen, klicken Sie bitte auf die Schaltfl\u00e4che &#8220;\u00dcberpr\u00fcfen Sie Ihre Domain&#8221; und geben Sie den Domainnamen der Website, die Sie analysieren m\u00f6chten, in das vorgesehene Feld ein. Sobald Sie diesen Schritt abgeschlossen haben, k\u00f6nnen Sie sich der Einfachheit halber mit Ihrem Meta- oder Google-Konto anmelden.<\/p>\n<h3>Schritt 2: Verstehen der Ergebnisse des Hosting Finders<\/h3>\n<p>Sie erhalten Daten zum Alter der Domain, einschlie\u00dflich des Erstellungsdatums. Au\u00dferdem erhalten Sie Informationen \u00fcber die Website, z. B. \u00fcber den Domaininhaber und die Verwaltungsorganisation.<\/p>\n<div class=\"content__img-wrap\"><img src=\"https:\/\/sitechecker.pro\/wp-content\/uploads\/2023\/11\/domain-info.png\" alt=\"Domain Info\" class=\"description-img description-img-zoom\" loading=\"lazy\" ><\/div>\n<p>Hier ist das Video mit detaillierten Anweisungen zur Verwendung des Website-Host-Lookup-Tools:<\/p>\n<p><iframe width=\"700\" height=\"350\" src=\"https:\/\/www.youtube.com\/embed\/YMDmq4XAl4M?si=V0fpmJaIvX-5sGAH&amp;start=79\" title=\"YouTube video player\" frameborder=\"0\" allow=\"accelerometer; autoplay; clipboard-write; encrypted-media; gyroscope; picture-in-picture; web-share\" allowfullscreen><\/iframe><\/p>\n<h2 id=\"par5\">Zus\u00e4tzliche Funktionen<\/h2>\n<p>Sie k\u00f6nnen diese Website-Informationen jederzeit auf der Website-Audit-Seite \u00fcberpr\u00fcfen. Da wir Ihre Website gecrawlt haben, um die Daten zu erhalten, bieten wir Ihnen auch an, das vollst\u00e4ndige SEO-Audit f\u00fcr Ihre Website zu \u00fcberpr\u00fcfen.<\/p>\n<p>Nachdem Sie sich f\u00fcr einen Hoster entschieden haben, ist es wichtig, die Qualit\u00e4t der Leistung der Website zu bewerten. Au\u00dferdem k\u00f6nnen Sie den Status Ihrer Website \u00fcberwachen, indem Sie benachrichtigt werden, sobald sie nicht mehr verf\u00fcgbar ist. Verwenden Sie dazu Verifizierungstools wie <a href=\"https:\/\/sitechecker.pro\/speed-test\/\" target=\"_blank\" rel=\"noopener noreferrer\">Website Speed Test<\/a> und <a href=\"https:\/\/sitechecker.pro\/website-down\/\" target=\"_blank\" rel=\"noopener noreferrer\">Website Down tool<\/a>. Wenn Sie es zusammen mit unserem Website-Host-Checker verwenden, k\u00f6nnen Sie sich ein Bild von den durchschnittlichen Ladegeschwindigkeiten einiger Anbieter machen. Au\u00dferdem k\u00f6nnen Sie den Status Ihrer Website \u00fcberwachen und werden benachrichtigt, sobald sie unzug\u00e4nglich wird.<\/p>\n<div class=\"content__img-wrap\"><img src=\"https:\/\/sitechecker.pro\/wp-content\/uploads\/2023\/11\/additional-features.png\" alt=\"Zus\u00e4tzliche Funktionen\" class=\"description-img description-img-zoom\" loading=\"lazy\" ><\/div>\n<p>Wenn Sie nach Domainnamen f\u00fcr Ihr Online-Gesch\u00e4ft suchen, nutzen Sie unseren <a href=\"https:\/\/sitechecker.pro\/domain-availability\/\" target=\"_blank\" rel=\"noopener noreferrer\">Domain Availability Checker<\/a>.<\/p>\n<h3>Wie Sie den besten Website-Hosting-Anbieter f\u00fcr Ihre Website ausw\u00e4hlen<\/h3>\n<p>Unser Hosting-Anbieter-Checker kann Ihnen helfen, einige Optionen f\u00fcr Ihre Website zu finden. Die Angebote umfassen zahlreiche Webdienste. Die <a href=\"https:\/\/sitechecker.pro\/web-hosting\/\" target=\"_blank\" rel=\"noopener noreferrer\">besten Webhosting-Anbieter<\/a> haben nur wenige Probleme mit der Betriebszeit und gew\u00e4hrleisten ein schnelles Laden der Seiten. Au\u00dferdem bieten sie einen 24\/7-Kundensupport, der alle Probleme effizient bew\u00e4ltigt. Und das alles zu einem relativ g\u00fcnstigen Preis.<\/p>\n<h2 id=\"par6\">Abschlie\u00dfende Idee<\/h2>\n<p>Ein Website-Hosting-Checker-Tool ist ein Online-Tool, das hilft, den Provider, die Nameserver, den Webserver, den DNS-Anbieter und die IP-Adresse einer Website zu ermitteln. Es ist n\u00fctzlich f\u00fcr die Analyse von Wettbewerbern, f\u00fcr Sicherheitsbewertungen oder aus allgemeiner Neugierde. Zu den wichtigsten Funktionen geh\u00f6ren ein einheitliches Dashboard, eine benutzerfreundliche Oberfl\u00e4che und ein komplettes SEO-Toolset. Die Nutzung ist einfach: Geben Sie eine Domain ein, um das Hosting von Mitbewerbern oder Ihr eigenes zu pr\u00fcfen, und lassen Sie sich die Ergebnisse mit Daten und Alternativen anzeigen. <\/p>\n<p>Zu den zus\u00e4tzlichen Funktionen geh\u00f6ren SEO-Audits, Geschwindigkeitstests und Status\u00fcberwachung. Um einen Hosting-Anbieter zu finden, k\u00f6nnen Sie auch die Abrechnungsunterlagen durchsuchen. Au\u00dferdem hilft der Hosting-Detektor bei der Auswahl der besten Webhosting-Unternehmen, indem er Forschungsartikel zu verschiedenen Diensten anbietet.<\/p>\n<div id=\"par7\"><\/div>\n<p><div class=\"front__faq-block\"><div class=\"faq__block-title\">FAQ<\/div><div class=\"panel-group\" id=\"faq-accordion\" itemscope itemtype=\"https:\/\/schema.org\/FAQPage\" role=\"tablist\" aria-multiselectable=\"true\"><div class=\"panel\" itemscope itemtype=\"https:\/\/schema.org\/Question\" itemprop=\"mainEntity\">\n                            <div class=\"panel-heading\" id=\"headingFaq-1\">\n                                <div class=\"panel-title\" data-toggle=\"collapse\" aria-expanded=\"false\" href=\"#collapseFaq-1\">\n                                    <h3 itemprop=\"name\">Wie kann ich herausfinden, wer eine Website hostet?<\/h3>\n                                <\/div>\n                            <\/div>\n                            <div id=\"collapseFaq-1\" class=\"panel-collapse collapse\" itemprop=\"acceptedAnswer\" itemscope itemtype=\"http:\/\/schema.org\/Answer\">\n                                <div class=\"panel-body\" itemprop=\"text\">Um herauszufinden, wer eine Website hostet, m\u00fcssen Sie zun\u00e4chst den Domaininhaber identifizieren. Mit unserem Tool k\u00f6nnen Sie \u00fcberpr\u00fcfen, wem eine bestimmte Domain geh\u00f6rt.<\/div>\n                            <\/div>\n                        <\/div><div class=\"panel\" itemscope itemtype=\"https:\/\/schema.org\/Question\" itemprop=\"mainEntity\">\n                            <div class=\"panel-heading\" id=\"headingFaq-2\">\n                                <div class=\"panel-title\" data-toggle=\"collapse\" aria-expanded=\"false\" href=\"#collapseFaq-2\">\n                                    <h3 itemprop=\"name\">Wie finde ich die Details einer Website?<\/h3>\n                                <\/div>\n                            <\/div>\n                            <div id=\"collapseFaq-2\" class=\"panel-collapse collapse\" itemprop=\"acceptedAnswer\" itemscope itemtype=\"http:\/\/schema.org\/Answer\">\n                                <div class=\"panel-body\" itemprop=\"text\">Mit dem Tool zur \u00dcberpr\u00fcfung des Hosting-Providers k\u00f6nnen Sie die Daten einer Website \u00fcberpr\u00fcfen: Registrierungsdomain-ID, Erstellungsdatum, Verwaltungsorganisation und andere.<\/div>\n                            <\/div>\n                        <\/div><div class=\"panel\" itemscope itemtype=\"https:\/\/schema.org\/Question\" itemprop=\"mainEntity\">\n                            <div class=\"panel-heading\" id=\"headingFaq-3\">\n                                <div class=\"panel-title\" data-toggle=\"collapse\" aria-expanded=\"false\" href=\"#collapseFaq-3\">\n                                    <h3 itemprop=\"name\">Wie findet man heraus, wer eine WordPress-Website hostet?<\/h3>\n                                <\/div>\n                            <\/div>\n                            <div id=\"collapseFaq-3\" class=\"panel-collapse collapse\" itemprop=\"acceptedAnswer\" itemscope itemtype=\"http:\/\/schema.org\/Answer\">\n                                <div class=\"panel-body\" itemprop=\"text\">Da WordPress eine weitere Option zur Erstellung von Websites ist, k\u00f6nnen Sie mit unserem Host-Finder auch den Host der Website \u00fcberpr\u00fcfen.<\/div>\n                            <\/div>\n                        <\/div><div class=\"panel\" itemscope itemtype=\"https:\/\/schema.org\/Question\" itemprop=\"mainEntity\">\n                            <div class=\"panel-heading\" id=\"headingFaq-4\">\n                                <div class=\"panel-title\" data-toggle=\"collapse\" aria-expanded=\"false\" href=\"#collapseFaq-4\">\n                                    <h3 itemprop=\"name\">K\u00f6nnen Sie den Eigent\u00fcmer der Website ermitteln?<\/h3>\n                                <\/div>\n                            <\/div>\n                            <div id=\"collapseFaq-4\" class=\"panel-collapse collapse\" itemprop=\"acceptedAnswer\" itemscope itemtype=\"http:\/\/schema.org\/Answer\">\n                                <div class=\"panel-body\" itemprop=\"text\">Sicher! Wenn Sie die Website mit dem Hosting Checker \u00fcberpr\u00fcfen, k\u00f6nnen Sie den Webhosting-Anbieter und den Eigent\u00fcmer der Website ermitteln.<\/div>\n                            <\/div>\n                        <\/div><\/div><\/div><\/p>","protected":false},"excerpt":{"rendered":"Was ist ein Website-Hosting-\u00dcberpr\u00fcfungsprogramm? Ein Website-Hosting-Checker ist ein Online-Dienst, mit dem Sie herausfinden k\u00f6nnen, welches Webhosting-Unternehmen ein &#8220;home&#8221; f\u00fcr eine bestimmte Website ist. Warum k\u00f6nnen Sie solche Informationen brauchen? um zu verstehen, welches Webhosting-Unternehmen Ihre Konkurrenten nutzen, um die technischen Kontaktinformationen f\u00fcr Sicherheitsbewertungen zu \u00fcberpr\u00fcfen, oder einfach nur, um Ihre Neugier auf die Infrastruktur der&#8230;","protected":false},"author":10409641,"featured_media":7901,"parent":0,"menu_order":0,"comment_status":"closed","ping_status":"closed","template":"pages-templates\/pages-minitools-3.php","meta":[],"categories":[73],"tags":[],"_links":{"self":[{"href":"https:\/\/sitechecker.pro\/de\/wp-json\/wp\/v2\/pages\/7847"}],"collection":[{"href":"https:\/\/sitechecker.pro\/de\/wp-json\/wp\/v2\/pages"}],"about":[{"href":"https:\/\/sitechecker.pro\/de\/wp-json\/wp\/v2\/types\/page"}],"author":[{"embeddable":true,"href":"https:\/\/sitechecker.pro\/de\/wp-json\/wp\/v2\/users\/10409641"}],"replies":[{"embeddable":true,"href":"https:\/\/sitechecker.pro\/de\/wp-json\/wp\/v2\/comments?post=7847"}],"version-history":[{"count":96,"href":"https:\/\/sitechecker.pro\/de\/wp-json\/wp\/v2\/pages\/7847\/revisions"}],"predecessor-version":[{"id":35469,"href":"https:\/\/sitechecker.pro\/de\/wp-json\/wp\/v2\/pages\/7847\/revisions\/35469"}],"wp:featuredmedia":[{"embeddable":true,"href":"https:\/\/sitechecker.pro\/de\/wp-json\/wp\/v2\/media\/7901"}],"wp:attachment":[{"href":"https:\/\/sitechecker.pro\/de\/wp-json\/wp\/v2\/media?parent=7847"}],"wp:term":[{"taxonomy":"category","embeddable":true,"href":"https:\/\/sitechecker.pro\/de\/wp-json\/wp\/v2\/categories?post=7847"},{"taxonomy":"post_tag","embeddable":true,"href":"https:\/\/sitechecker.pro\/de\/wp-json\/wp\/v2\/tags?post=7847"}],"curies":[{"name":"wp","href":"https:\/\/api.w.org\/{rel}","templated":true}]}}