{"id":7844,"date":"2024-02-16T11:17:04","date_gmt":"2024-02-16T11:17:04","guid":{"rendered":"https:\/\/sitechecker.pro\/?page_id=7844"},"modified":"2026-01-16T18:54:47","modified_gmt":"2026-01-16T18:54:47","slug":"domain-to-ip","status":"publish","type":"page","link":"https:\/\/sitechecker.pro\/de\/domain-to-ip\/","title":{"rendered":"Domain-zu-IP-Konverter | Domainnamen in IP-Adressen umwandeln \u2611"},"content":{"rendered":"<p><\/p>\n<h2 id=\"par1\">Was ist der Domainname-zu-IP-Adressenkonverter?<\/h2>\n<p>Der URL-zu-IP-Adressenkonverter von <a href=\"https:\/\/sitechecker.pro\/\" target=\"_blank\" rel=\"noopener noreferrer\">Sitechecker<\/a> ist ein Tool, das die IP-Adresse eines beliebigen Domainnamens ermittelt. Durch die Eingabe einer Domain-URL l\u00f6st das Tool deren Hosting-IP auf und hilft Ihnen zu verstehen, wo die Website gehostet wird, wie sie konfiguriert ist und erm\u00f6glicht tiefere Sicherheits- und technische Pr\u00fcfungen.<\/p>\n<h3>Wie kann das Tool Sie unterst\u00fctzen<\/h3>\n<p><strong>Domain-zu-IP-Konvertierung: <\/strong>l\u00f6st sofort die mit einer Domain verkn\u00fcpfte IP-Adresse auf, um anzuzeigen, wo die Website gehostet wird.<\/p>\n<p><strong>Best\u00e4tigung der Website-Eigent\u00fcmerschaft: <\/strong>hilft zu \u00fcberpr\u00fcfen, ob die Website Ihnen geh\u00f6rt, und leitet Sie zum richtigen Ablauf \u2013 detaillierte Domaindaten f\u00fcr Ihre eigene Website oder ein Sicherheitspr\u00fcfbericht f\u00fcr externe Websites.<\/p>\n<p><strong>\u00dcberpr\u00fcfung der grundlegenden Sicherheit und Servereinrichtung: <\/strong>identifiziert Probleme in der Serverkonfiguration, potenzielle Schwachstellen und bietet Zugang zu einer weiterf\u00fchrenden <a href=\"https:\/\/sitechecker.pro\/website-safety\/\" target=\"_blank\" rel=\"noopener noreferrer\">Sicherheitsanalyse<\/a>.<\/p>\n<h3>Zentrale Funktionen des Tools<\/h3>\n<p><strong>Zentrales Dashboard: <\/strong>bietet ein zentrales Dashboard, das einen umfassenden \u00dcberblick \u00fcber die SEO-Performance Ihrer Website liefert. Dieses Dashboard fasst Daten aus verschiedenen Analysen und dem <a href=\"https:\/\/sitechecker.pro\/website-monitoring\/\" target=\"_blank\" rel=\"noopener noreferrer\">SEO-Monitoring<\/a> zusammen und stellt sie in einem klaren und leicht verst\u00e4ndlichen Format dar.<\/p>\n<p><strong>Benutzerfreundliche Oberfl\u00e4che: <\/strong>mit Fokus auf Benutzerfreundlichkeit entwickelt, mit einer intuitiven Oberfl\u00e4che, die Navigation und Nutzung nahtlos macht.<\/p>\n<p><strong>Komplettes SEO-Toolset: <\/strong>bietet eine vollst\u00e4ndige Suite an SEO-Tools, die alle Aspekte der Website-Optimierung abdecken.<\/p>\n<h2 id=\"par2\">So verwenden Sie das Tool<\/h2>\n<p>Sobald Sie sich auf der Seite des Website-IP-Checkers befinden, sehen Sie ein Feld, in das Sie den Domainnamen eingeben k\u00f6nnen, den Sie umwandeln m\u00f6chten. Geben Sie den Domainnamen in dieses Feld ein.<\/p>\n<p>Klicken Sie nach der Eingabe des Domainnamens auf \u201eFind IP\u201c.<\/p>\n<div class=\"content__img-wrap\"><img src=\"https:\/\/sitechecker.pro\/wp-content\/uploads\/2025\/12\/domain-to-ip-converter.png\" alt=\"Domain Name to IP Address converter\" class=\"description-img description-img-zoom\" loading=\"lazy\" ><\/div>\n<p>Anschlie\u00dfend werden Sie gefragt, ob die Website Ihnen geh\u00f6rt oder nicht. W\u00e4hlen Sie \u201eYes, it\u2019s mine\u201c, wenn Sie eine vollst\u00e4ndige Sicherheitsanalyse und einen Website-Audit durchf\u00fchren m\u00f6chten, oder \u201eNo, it\u2019s not\u201c, um den Bericht f\u00fcr eine externe Website anzuzeigen.<\/p>\n<div class=\"content__img-wrap\"><img src=\"https:\/\/sitechecker.pro\/wp-content\/uploads\/2025\/12\/is-it-your-own-site.png\" alt=\"Is it your own website?\" class=\"description-img description-img-zoom\" loading=\"lazy\" ><\/div>\n<h2 id=\"par3\">Domain-zu-IP-Konverter f\u00fcr Ihre eigene Website<\/h2>\n<h3>Schritt 1: W\u00e4hlen Sie die Pr\u00fcfung Ihrer eigenen Website<\/h3>\n<div class=\"content__img-wrap\"><img src=\"https:\/\/sitechecker.pro\/wp-content\/uploads\/2025\/12\/my-site.png\" alt=\"It is my own website\" class=\"description-img description-img-zoom\" loading=\"lazy\" ><\/div>\n<h3>Schritt 2: Ergebnisse erhalten<\/h3>\n<p>Nachdem Sie ausgew\u00e4hlt haben, dass die Website Ihnen geh\u00f6rt, werden Sie zur Domain-Info-Ansicht innerhalb Ihres ersten Projekts weitergeleitet. Dort sehen Sie detaillierte Hosting-Daten, einschlie\u00dflich der IP-Adresse der Website, Serverstandort, Land, Organisation und weiterer technischer Parameter auf Domain-Ebene.<\/p>\n<p>Diese Informationen helfen Ihnen zu verstehen, wo Ihre Website gehostet wird und wie ihre Infrastruktur konfiguriert ist.<\/p>\n<div class=\"content__img-wrap\"><img src=\"https:\/\/sitechecker.pro\/wp-content\/uploads\/2025\/12\/where-is-site-hosted-ip-adress.png\" alt=\"Where is site hosted, IP adress\" class=\"description-img description-img-zoom\" loading=\"lazy\" ><\/div>\n<div class=\"important-block\">Um Ergebnisse zu erhalten und 14 Tage lang Zugriff auf die Funktionen von Sitechecker zu bekommen, starten Sie Ihre KOSTENLOSE Testphase. Die Anmeldung ist einfach per E-Mail, Google- oder Facebook-Konto m\u00f6glich. Keine Kreditkarte erforderlich.<\/div>\n<h3>Zus\u00e4tzliche Funktionen der Domain-IP-Pr\u00fcfung<\/h3>\n<p>Neben der Identifizierung der IP-Adresse und des Hosting-Standorts der Website bietet das Tool Zugriff auf eine umfassende \u00dcbersicht \u00fcber Sicherheitsprobleme im Modul \u201eSite Audit\u201c. Dieser Bereich hebt Schwachstellen in Bezug auf HTTPS, Serverkonfiguration, Mixed Content, XSS- und Clickjacking-Schutz, SSL-G\u00fcltigkeit und weitere Faktoren hervor, die Ihre Website Risiken aussetzen k\u00f6nnen.<\/p>\n<div class=\"content__img-wrap\"><img src=\"https:\/\/sitechecker.pro\/wp-content\/uploads\/2025\/12\/site-audit-security-issues.png\" alt=\"Site audit security issues\" class=\"description-img description-img-zoom\" loading=\"lazy\" ><\/div>\n<p>Sie k\u00f6nnen jedes Problem im Detail pr\u00fcfen, seine Auswirkungen verstehen und Empfehlungen zur Behebung erhalten, um Ihre Website sicher und konform zu halten.<\/p>\n<h2 id=\"par4\">Domain-zu-IP-Konverter f\u00fcr eine andere Website<\/h2>\n<h3>Schritt 1: W\u00e4hlen Sie aus, dass Sie die Website einer anderen Person pr\u00fcfen<\/h3>\n<div class=\"content__img-wrap\"><img src=\"https:\/\/sitechecker.pro\/wp-content\/uploads\/2025\/12\/not-my-site.png\" alt=\"It is not my own website?\" class=\"description-img description-img-zoom\" loading=\"lazy\" ><\/div>\n<h3>Schritt 2: Ergebnisse erhalten<\/h3>\n<p>Sie werden zum Website-Sicherheitsbericht f\u00fcr die gepr\u00fcfte Domain weitergeleitet. Der Bericht zeigt die IP-Adresse der Website, den Serverstandort (einschlie\u00dflich Land, Region und Stadt) sowie die <a href=\"https:\/\/sitechecker.pro\/hosting-checker\/\" target=\"_blank\" rel=\"noopener noreferrer\">Hosting-Organisation<\/a> an.<\/p>\n<div class=\"content__img-wrap\"><img src=\"https:\/\/sitechecker.pro\/wp-content\/uploads\/2025\/12\/website-safety-report-ip-adress.png\" alt=\"Website safety report, IP adress\" class=\"description-img description-img-zoom\" loading=\"lazy\" ><\/div>\n<p>Melden Sie sich an, um Sicherheitsbefunde zu erhalten, darunter <a href=\"https:\/\/sitechecker.pro\/site-audit-issues\/https-http-mixed-content\/\" target=\"_blank\" rel=\"noopener noreferrer\">Mixed Content<\/a>, HTTP-Links oder fehlende <a href=\"https:\/\/sitechecker.pro\/http-header-checker\/\" target=\"_blank\" rel=\"noopener noreferrer\">Schutz-Header<\/a>.<\/p>\n<h2 id=\"par5\">Fazit<\/h2>\n<p>Der Domain-zu-IP-Konverter ist ein einfaches, aber leistungsstarkes Tool, um herauszufinden, wo eine Website gehostet wird und wie ihre Infrastruktur konfiguriert ist. Egal, ob Sie Ihre eigene Website pr\u00fcfen oder eine externe Domain analysieren \u2013 das Tool liefert pr\u00e4zise Hosting-Daten, IP-Informationen und wichtige Sicherheitseinblicke. F\u00fcr Website-Betreiber er\u00f6ffnet es einen tieferen technischen und SEO-Audit, der hilft, Performance, Sicherheit und Zuverl\u00e4ssigkeit zu verbessern.<\/p>\n<p>F\u00fcr externe Websites bietet es einen schnellen Sicherheits\u00fcberblick mit der M\u00f6glichkeit, Sicherheitsprobleme detaillierter zu untersuchen.<\/p>\n<div id=\"par6\"><\/div>\n<p><div class=\"front__faq-block\"><div class=\"faq__block-title\">FAQ<\/div><div class=\"panel-group\" id=\"faq-accordion\" itemscope itemtype=\"https:\/\/schema.org\/FAQPage\" role=\"tablist\" aria-multiselectable=\"true\"><div class=\"panel\" itemscope itemtype=\"https:\/\/schema.org\/Question\" itemprop=\"mainEntity\">\n                            <div class=\"panel-heading\" id=\"headingFaq-1\">\n                                <div class=\"panel-title\" data-toggle=\"collapse\" aria-expanded=\"false\" href=\"#collapseFaq-1\">\n                                    <h3 itemprop=\"name\">Kann das Website-zu-IP-Konverter-Tool alle Arten von Internetprotokoll-Adressen identifizieren?<\/h3>\n                                <\/div>\n                            <\/div>\n                            <div id=\"collapseFaq-1\" class=\"panel-collapse collapse\" itemprop=\"acceptedAnswer\" itemscope itemtype=\"http:\/\/schema.org\/Answer\">\n                                <div class=\"panel-body\" itemprop=\"text\">Das Tool ist darauf ausgelegt, sowohl IPv4- als auch IPv6-Adressen zu identifizieren, die mit einer Website verbunden sind, und deckt damit eine breite Palette von IP-Adresstypen ab.<\/div>\n                            <\/div>\n                        <\/div><div class=\"panel\" itemscope itemtype=\"https:\/\/schema.org\/Question\" itemprop=\"mainEntity\">\n                            <div class=\"panel-heading\" id=\"headingFaq-2\">\n                                <div class=\"panel-title\" data-toggle=\"collapse\" aria-expanded=\"false\" href=\"#collapseFaq-2\">\n                                    <h3 itemprop=\"name\">Wie genau sind die vom Domain-zu-IP-Konverter bereitgestellten Geolokalisierungsinformationen?<\/h3>\n                                <\/div>\n                            <\/div>\n                            <div id=\"collapseFaq-2\" class=\"panel-collapse collapse\" itemprop=\"acceptedAnswer\" itemscope itemtype=\"http:\/\/schema.org\/Answer\">\n                                <div class=\"panel-body\" itemprop=\"text\">Die Geolokalisierungsinformationen sind in der Regel genau, k\u00f6nnen jedoch je nach Genauigkeit der vom Tool verwendeten IP-Datenbank variieren. Sie liefern eine gute Ann\u00e4herung an den physischen Standort des Servers.<\/div>\n                            <\/div>\n                        <\/div><div class=\"panel\" itemscope itemtype=\"https:\/\/schema.org\/Question\" itemprop=\"mainEntity\">\n                            <div class=\"panel-heading\" id=\"headingFaq-3\">\n                                <div class=\"panel-title\" data-toggle=\"collapse\" aria-expanded=\"false\" href=\"#collapseFaq-3\">\n                                    <h3 itemprop=\"name\">Wie aktuell sind die vom Website-zu-IP-Konverter bereitgestellten Daten?<\/h3>\n                                <\/div>\n                            <\/div>\n                            <div id=\"collapseFaq-3\" class=\"panel-collapse collapse\" itemprop=\"acceptedAnswer\" itemscope itemtype=\"http:\/\/schema.org\/Answer\">\n                                <div class=\"panel-body\" itemprop=\"text\">Das Tool stellt aktuelle Informationen auf Basis der neuesten verf\u00fcgbaren Daten bereit. Die Aktualit\u00e4t kann jedoch von der H\u00e4ufigkeit der Updates der verwendeten IP-Adress- und Geolokalisierungsdatenbanken abh\u00e4ngen.<\/div>\n                            <\/div>\n                        <\/div><div class=\"panel\" itemscope itemtype=\"https:\/\/schema.org\/Question\" itemprop=\"mainEntity\">\n                            <div class=\"panel-heading\" id=\"headingFaq-4\">\n                                <div class=\"panel-title\" data-toggle=\"collapse\" aria-expanded=\"false\" href=\"#collapseFaq-4\">\n                                    <h3 itemprop=\"name\">Kann ich den Domain-zu-IP-Konverter f\u00fcr Sicherheitsanalysen verwenden?<\/h3>\n                                <\/div>\n                            <\/div>\n                            <div id=\"collapseFaq-4\" class=\"panel-collapse collapse\" itemprop=\"acceptedAnswer\" itemscope itemtype=\"http:\/\/schema.org\/Answer\">\n                                <div class=\"panel-body\" itemprop=\"text\">Ja, das Tool kann f\u00fcr eine erste Sicherheitsanalyse verwendet werden, zum Beispiel zur Identifizierung des geografischen Standorts eines Servers, was dabei helfen kann, potenzielle Sicherheitsrisiken einzusch\u00e4tzen oder verd\u00e4chtige Websites zu untersuchen.<\/div>\n                            <\/div>\n                        <\/div><\/div><\/div><\/p>","protected":false},"excerpt":{"rendered":"Was ist der Domainname-zu-IP-Adressenkonverter? Der URL-zu-IP-Adressenkonverter von Sitechecker ist ein Tool, das die IP-Adresse eines beliebigen Domainnamens ermittelt. Durch die Eingabe einer Domain-URL l\u00f6st das Tool deren Hosting-IP auf und hilft Ihnen zu verstehen, wo die Website gehostet wird, wie sie konfiguriert ist und erm\u00f6glicht tiefere Sicherheits- und technische Pr\u00fcfungen. Wie kann das Tool Sie&#8230;","protected":false},"author":10409641,"featured_media":7907,"parent":0,"menu_order":0,"comment_status":"closed","ping_status":"closed","template":"pages-templates\/pages-minitools-3.php","meta":[],"categories":[73],"tags":[],"_links":{"self":[{"href":"https:\/\/sitechecker.pro\/de\/wp-json\/wp\/v2\/pages\/7844"}],"collection":[{"href":"https:\/\/sitechecker.pro\/de\/wp-json\/wp\/v2\/pages"}],"about":[{"href":"https:\/\/sitechecker.pro\/de\/wp-json\/wp\/v2\/types\/page"}],"author":[{"embeddable":true,"href":"https:\/\/sitechecker.pro\/de\/wp-json\/wp\/v2\/users\/10409641"}],"replies":[{"embeddable":true,"href":"https:\/\/sitechecker.pro\/de\/wp-json\/wp\/v2\/comments?post=7844"}],"version-history":[{"count":56,"href":"https:\/\/sitechecker.pro\/de\/wp-json\/wp\/v2\/pages\/7844\/revisions"}],"predecessor-version":[{"id":39196,"href":"https:\/\/sitechecker.pro\/de\/wp-json\/wp\/v2\/pages\/7844\/revisions\/39196"}],"wp:featuredmedia":[{"embeddable":true,"href":"https:\/\/sitechecker.pro\/de\/wp-json\/wp\/v2\/media\/7907"}],"wp:attachment":[{"href":"https:\/\/sitechecker.pro\/de\/wp-json\/wp\/v2\/media?parent=7844"}],"wp:term":[{"taxonomy":"category","embeddable":true,"href":"https:\/\/sitechecker.pro\/de\/wp-json\/wp\/v2\/categories?post=7844"},{"taxonomy":"post_tag","embeddable":true,"href":"https:\/\/sitechecker.pro\/de\/wp-json\/wp\/v2\/tags?post=7844"}],"curies":[{"name":"wp","href":"https:\/\/api.w.org\/{rel}","templated":true}]}}