{"id":763,"date":"2017-12-14T16:06:09","date_gmt":"2017-12-14T16:06:09","guid":{"rendered":"https:\/\/sitechecker.pro\/?page_id=763"},"modified":"2026-02-18T15:56:52","modified_gmt":"2026-02-18T15:56:52","slug":"robots-txt-tester-use-online-free-tool-for-seo-sitechecker","status":"publish","type":"page","link":"https:\/\/sitechecker.pro\/de\/robots-tester\/","title":{"rendered":"Robots.txt Checker | Robots auf Probleme \u00fcberpr\u00fcfen und diese beheben \u2611"},"content":{"rendered":"<p><\/p>\n<h2 id=\"par1\">Was ist Robots.txt Tester?<\/h2>\n<p>Das Tool Robots.txt Tester von <a href=\"https:\/\/sitechecker.pro\/\" rel=\"noopener noreferrer\" target=\"_blank\">Sitechecker<\/a> dient zur Validierung der <a href=\"https:\/\/sitechecker.pro\/meta-robots-tag\/\" rel=\"noopener noreferrer\" target=\"_blank\">robots.txt<\/a>-Datei einer Website und stellt sicher, dass <a href=\"https:\/\/sitechecker.pro\/google-bot\/\" rel=\"noopener noreferrer\" target=\"_blank\">Suchmaschinen-Bots<\/a> verstehen, welche Seiten indexiert oder ignoriert werden sollen. Dies erleichtert die effiziente Verwaltung der <a href=\"https:\/\/sitechecker.pro\/what-is-website-visibility\/\" rel=\"noopener noreferrer\" target=\"_blank\">Sichtbarkeit<\/a> einer Site in Suchergebnissen. Das Tool bietet umfassende Site-Checks zur Identifizierung von Indexierungsproblemen und bietet auch seitenspezifische Scans, um festzustellen, ob eine Seite <a href=\"https:\/\/sitechecker.pro\/what-is-google-index\/\" rel=\"noopener noreferrer\" target=\"_blank\">indexiert<\/a> ist. Dies verbessert die Genauigkeit der Suchmaschinenindexierung, indem Fehler in den Einstellungen der robots.txt-Datei schnell identifiziert und korrigiert werden.<\/p>\n<h3>Wie kann Ihnen das Tool helfen?<\/h3>\n<p><strong>Validierung der robots.txt-Datei: <\/strong>\u00fcberpr\u00fcft die Richtigkeit der robots.txt-Datei einer Website und stellt sicher, dass sie Suchmaschinen-Bots korrekt leitet.<\/p>\n<p><strong>Seitenspezifische Scans: <\/strong>bietet die M\u00f6glichkeit zu pr\u00fcfen, ob einzelne Seiten richtig indexiert sind oder nicht, was eine gezielte Fehlerbehebung erm\u00f6glicht.<\/p>\n<p><strong>Identifizierung von Indexierungsproblemen: <\/strong>bietet umfassende Pr\u00fcfungen, um Indexierungsprobleme auf der gesamten Site zu erkennen.<\/p>\n<h3>Hauptfunktionen des Tools<\/h3>\n<p><strong>Einheitliches Dashboard: <\/strong>bietet einen umfassenden \u00dcberblick \u00fcber SEO-Metriken zur einfachen \u00dcberwachung.<\/p>\n<p><strong>Benutzerfreundliche Oberfl\u00e4che: <\/strong>entwickelt f\u00fcr intuitive Navigation und einfache Bedienung.<\/p>\n<p><strong>Komplettes SEO-Toolset: <\/strong>bietet eine breite Palette von Tools zur Optimierung der Website-Leistung in Suchmaschinen.<\/p>\n<h2 id=\"par2\">So verwenden Sie das Tool<\/h2>\n<p>Das Tool bietet zwei Arten von Online-Scans: ganze Site und einzelne Seite. W\u00e4hlen Sie einfach die gew\u00fcnschte Option aus und starten Sie den Scan.<\/p>\n<div class=\"content__img-wrap\"><img src=\"https:\/\/sitechecker.pro\/wp-content\/uploads\/2024\/08\/choose-audit-option.png\" alt=\"Audit-Option ausw\u00e4hlen\" class=\"description-img description-img-zoom\" loading=\"lazy\" ><\/div>\n<h2 id=\"par3\">Test der Site Robots.txt-Datei<\/h2>\n<p>Um die Robot-Einstellungen Ihrer Site zu \u00fcberpr\u00fcfen und Indexierungsprobleme aufzudecken, w\u00e4hlen Sie einfach die Site-Inspektionsoption. Innerhalb weniger Minuten erhalten Sie einen umfassenden Bericht.<\/p>\n<h3>Schritt 1: W\u00e4hlen Sie die Site-Pr\u00fcfung<\/h3>\n<div class=\"content__img-wrap\"><img src=\"https:\/\/sitechecker.pro\/wp-content\/uploads\/2025\/02\/check-robots-site.png\" alt=\"Robots.txt f\u00fcr Site pr\u00fcfen\" class=\"description-img description-img-zoom\" loading=\"lazy\" ><\/div>\n<div class=\"important-block\">Um Ergebnisse zu erhalten und 14 Tage lang auf die Funktionen von Sitechecker zuzugreifen, starten Sie Ihre KOSTENLOSE Testversion. Die Anmeldung ist ganz einfach mit Ihrem E-Mail-, Google- oder Facebook-Konto. Es ist keine Kreditkarte erforderlich.<\/div>\n<h3>Schritt 2: Ergebnisse abrufen<\/h3>\n<p>Der Robots.txt Analyzer zur Bewertung der Konfiguration von Serverdirektivendateien liefert Ihnen wertvolle Daten dar\u00fcber, wie die Direktiven Ihrer Website die Indizierung durch Suchmaschinen beeinflussen. Der Bericht enth\u00e4lt die Identifizierung von Seiten, deren Crawling blockiert ist, spezifische Direktiven wie \u201enoindex\u201c und \u201enofollow\u201c sowie alle f\u00fcr Suchmaschinen-Bots festgelegten Crawl-Verz\u00f6gerungen. Dies tr\u00e4gt dazu bei, sicherzustellen, dass die Crawl-Richtliniendatei der Website eine optimale Sichtbarkeit der Website und Zug\u00e4nglichkeit f\u00fcr Suchmaschinen erm\u00f6glicht.<\/p>\n<div class=\"content__img-wrap\"><img src=\"https:\/\/sitechecker.pro\/wp-content\/uploads\/2024\/08\/indexability-issues.png\" alt=\"Indexability Issues\" class=\"description-img description-img-zoom\" loading=\"lazy\" ><\/div>\n<h3>Zus\u00e4tzliche Funktionen<\/h3>\n<p>Der Robots.txt Checker bietet eine umfassende Analyse der SEO-Gesundheit einer Website. Er identifiziert kritische Probleme, Warnungen, Verbesserungsm\u00f6glichkeiten und allgemeine Hinweise. Detaillierte Einblicke werden in die Inhaltsrelevanz, Linkintegrit\u00e4t, Seitengeschwindigkeit und Indexierbarkeit gegeben. Die Pr\u00fcfung kategorisiert betroffene Seiten, sodass Benutzer Optimierungen f\u00fcr eine bessere Sichtbarkeit in Suchmaschinen priorisieren k\u00f6nnen. Diese Funktion erg\u00e4nzt den Robots.txt-Checker, indem sie sicherstellt, dass auch umfassendere SEO-Elemente ber\u00fccksichtigt werden.<\/p>\n<div class=\"content__img-wrap\"><img src=\"https:\/\/sitechecker.pro\/wp-content\/uploads\/2024\/08\/site-audit-issues-list.png\" alt=\"Site Audit Issues List\" class=\"description-img description-img-zoom\" loading=\"lazy\" ><\/div>\n<h2 id=\"par4\">Robots.txt f\u00fcr eine bestimmte Seite testen<\/h2>\n<h3>Schritt 1: Eine Pr\u00fcfung f\u00fcr eine bestimmte Seite starten<\/h3>\n<div class=\"content__img-wrap\"><img src=\"https:\/\/sitechecker.pro\/wp-content\/uploads\/2025\/02\/check-robots-page.png\" alt=\"Robots.txt f\u00fcr Seite pr\u00fcfen\" class=\"description-img description-img-zoom\" loading=\"lazy\" ><\/div>\n<h3>Schritt 2: Die Ergebnisse abrufen<\/h3>\n<p>Der Robots.txt-Tester f\u00fcr eine bestimmte Seite liefert wichtige Einblicke in die Art und Weise, wie Suchmaschinen Robots.txt-Anweisungen f\u00fcr diese Seite interpretieren. Er analysiert das Robots-Meta-Tag und das X-Robots-Tag, um zu best\u00e4tigen, ob die Seite f\u00fcr die Indizierung ge\u00f6ffnet ist. Dar\u00fcber hinaus wird \u00fcberpr\u00fcft, ob das Crawling durch die Crawling-Richtliniendatei der Website zul\u00e4ssig ist, und es wird nach dem Vorhandensein von \u201eNoindex\u201c-Tags gesucht, die die Indizierung verhindern k\u00f6nnten. Diese gezielte Bewertung stellt sicher, dass jede Seite richtig konfiguriert ist, um f\u00fcr Suchmaschinen-Bots zug\u00e4nglich zu sein.<\/p>\n<div class=\"content__img-wrap\"><img src=\"https:\/\/sitechecker.pro\/wp-content\/uploads\/2024\/08\/on-page-seo-checker-indexation.png\" alt=\"On Page SEO Checker Indexation\" class=\"description-img description-img-zoom\" loading=\"lazy\" ><\/div>\n<p>Um ein umfassendes Verst\u00e4ndnis der robots.txt-Anweisungen Ihrer Site zu erlangen, sollten Sie am besten eine vollst\u00e4ndige Website-Pr\u00fcfung durchf\u00fchren. Dadurch werden alle Indexierungsprobleme auf Ihrer gesamten Site aufgedeckt. Um die Pr\u00fcfung zu starten, klicken Sie einfach auf das Banner \u201eVollst\u00e4ndige Website-Pr\u00fcfung starten\u201c. \u00dcber den Abschnitt \u201eSite-Pr\u00fcfung\u201c ist eine Demoversion des Tools zug\u00e4nglich, mit der Sie seine Funktionen testen k\u00f6nnen.<\/p>\n<div class=\"content__img-wrap\"><img src=\"https:\/\/sitechecker.pro\/wp-content\/uploads\/2024\/08\/run-full-website-audit.png\" alt=\"Vollst\u00e4ndige Website-Pr\u00fcfung ausf\u00fchren\" class=\"description-img description-img-zoom\" loading=\"lazy\" ><\/div>\n<h3>Zus\u00e4tzliche Funktionen<\/h3>\n<p>Zus\u00e4tzlich zum Testen der Server-Anweisungsdatei f\u00fcr eine bestimmte Seite bietet die technische Pr\u00fcfung Einblicke in die Seitenintegrit\u00e4t wie den mobilen PageSpeed-Score, den Statuscode und die HTML-Gr\u00f6\u00dfe. Es pr\u00fcft, ob die L\u00e4ngen von Titel und Beschreibung den empfohlenen Standards entsprechen, und bietet eine Google-Vorschau, um sicherzustellen, dass die Seite f\u00fcr Suchmaschinen optimiert ist. Diese Analyse hilft dabei, die technische SEO der Seite zu verbessern.<\/p>\n<div class=\"content__img-wrap\"><img src=\"https:\/\/sitechecker.pro\/wp-content\/uploads\/2024\/08\/issues-overview.png\" alt=\"Issues Overview\" class=\"description-img description-img-zoom\" loading=\"lazy\" ><\/div>\n<h2 id=\"par5\">Abschlie\u00dfende Idee<\/h2>\n<p>Der Robots.txt Tester ist ein robustes SEO-Diagnosetool, das sicherstellt, dass die Serverdirektivendatei einer Website Suchmaschinen-Bots richtig leitet. Es bietet sowohl vollst\u00e4ndige Site- als auch seitenspezifische Scans und deckt alle Indexierungsbarrieren auf. Benutzer profitieren von einer benutzerfreundlichen Oberfl\u00e4che, einer umfangreichen Suite von SEO-Tools und einem einheitlichen Dashboard zur \u00dcberwachung. Die umfassenden Pr\u00fcffunktionen des Tools erm\u00f6glichen die Identifizierung einer Vielzahl technischer SEO-Probleme, einschlie\u00dflich Inhaltsoptimierung und Seitenintegrit\u00e4tsmetriken, und stellen sicher, dass jede Seite f\u00fcr die Entdeckung und das Ranking durch Suchmaschinen ger\u00fcstet ist.<\/p>\n<div id=\"par6\"><\/div>\n<p><div class=\"front__faq-block\"><div class=\"faq__block-title\">FAQ<\/div><div class=\"panel-group\" id=\"faq-accordion\" itemscope itemtype=\"https:\/\/schema.org\/FAQPage\" role=\"tablist\" aria-multiselectable=\"true\"><div class=\"panel\" itemscope itemtype=\"https:\/\/schema.org\/Question\" itemprop=\"mainEntity\">\n                            <div class=\"panel-heading\" id=\"headingFaq-1\">\n                                <div class=\"panel-title\" data-toggle=\"collapse\" aria-expanded=\"false\" href=\"#collapseFaq-1\">\n                                    <h3 itemprop=\"name\">Warum muss ich meine Robots.txt-Datei \u00fcberpr\u00fcfen?<\/h3>\n                                <\/div>\n                            <\/div>\n                            <div id=\"collapseFaq-1\" class=\"panel-collapse collapse\" itemprop=\"acceptedAnswer\" itemscope itemtype=\"http:\/\/schema.org\/Answer\">\n                                <div class=\"panel-body\" itemprop=\"text\">Robots.txt zeigt Suchmaschinen, welche URLs auf Ihrer Website sie crawlen und indexieren k\u00f6nnen, haupts\u00e4chlich um eine \u00dcberlastung Ihrer Website mit Abfragen zu vermeiden. Es wird empfohlen, diese g\u00fcltige Datei zu \u00fcberpr\u00fcfen, um sicherzustellen, dass sie ordnungsgem\u00e4\u00df funktioniert.<\/div>\n                            <\/div>\n                        <\/div><div class=\"panel\" itemscope itemtype=\"https:\/\/schema.org\/Question\" itemprop=\"mainEntity\">\n                            <div class=\"panel-heading\" id=\"headingFaq-2\">\n                                <div class=\"panel-title\" data-toggle=\"collapse\" aria-expanded=\"false\" href=\"#collapseFaq-2\">\n                                    <h3 itemprop=\"name\">Ist die Verletzung einer Robots.txt-Datei illegal?<\/h3>\n                                <\/div>\n                            <\/div>\n                            <div id=\"collapseFaq-2\" class=\"panel-collapse collapse\" itemprop=\"acceptedAnswer\" itemscope itemtype=\"http:\/\/schema.org\/Answer\">\n                                <div class=\"panel-body\" itemprop=\"text\">Heute gibt es kein Gesetz, das vorschreibt, dass man die Anweisungen in der Datei strikt befolgen muss. Dies ist kein verbindlicher Vertrag zwischen Suchmaschinen und Websites.<\/div>\n                            <\/div>\n                        <\/div><div class=\"panel\" itemscope itemtype=\"https:\/\/schema.org\/Question\" itemprop=\"mainEntity\">\n                            <div class=\"panel-heading\" id=\"headingFaq-3\">\n                                <div class=\"panel-title\" data-toggle=\"collapse\" aria-expanded=\"false\" href=\"#collapseFaq-3\">\n                                    <h3 itemprop=\"name\">Was bewirkt Robots.txt?<\/h3>\n                                <\/div>\n                            <\/div>\n                            <div id=\"collapseFaq-3\" class=\"panel-collapse collapse\" itemprop=\"acceptedAnswer\" itemscope itemtype=\"http:\/\/schema.org\/Answer\">\n                                <div class=\"panel-body\" itemprop=\"text\">Robots.txt zeigt Suchmaschinenagenten, welche Seiten Ihrer Website gecrawlt und indexiert werden k\u00f6nnen und welche Seiten vom Browsen ausgeschlossen wurden. Wenn Sie Suchmaschinen das Crawlen und Indexieren einiger Seiten Ihrer Website erlauben, k\u00f6nnen Sie die Privatsph\u00e4re einiger Seiten kontrollieren. Dies ist f\u00fcr die Suchmaschinenoptimierung Ihrer Website erforderlich.<\/div>\n                            <\/div>\n                        <\/div><div class=\"panel\" itemscope itemtype=\"https:\/\/schema.org\/Question\" itemprop=\"mainEntity\">\n                            <div class=\"panel-heading\" id=\"headingFaq-4\">\n                                <div class=\"panel-title\" data-toggle=\"collapse\" aria-expanded=\"false\" href=\"#collapseFaq-4\">\n                                    <h3 itemprop=\"name\">Ist Robot.txt sicher?<\/h3>\n                                <\/div>\n                            <\/div>\n                            <div id=\"collapseFaq-4\" class=\"panel-collapse collapse\" itemprop=\"acceptedAnswer\" itemscope itemtype=\"http:\/\/schema.org\/Answer\">\n                                <div class=\"panel-body\" itemprop=\"text\">Eine robots.txt-Datei gef\u00e4hrdet die Sicherheit Ihrer Website nicht. Daher kann die korrekte Verwendung eine gute M\u00f6glichkeit sein, vertrauliche Seiten Ihrer Website zu sch\u00fctzen. Erwarten Sie jedoch nicht, dass alle Suchmaschinencrawler den Anweisungen in dieser Datei folgen. Angreifer k\u00f6nnen die Anweisungen deaktivieren und verbotene Seiten scannen.<\/div>\n                            <\/div>\n                        <\/div><\/div><\/div><\/p>","protected":false},"excerpt":{"rendered":"Was ist Robots.txt Tester? Das Tool Robots.txt Tester von Sitechecker dient zur Validierung der robots.txt-Datei einer Website und stellt sicher, dass Suchmaschinen-Bots verstehen, welche Seiten indexiert oder ignoriert werden sollen. Dies erleichtert die effiziente Verwaltung der Sichtbarkeit einer Site in Suchergebnissen. Das Tool bietet umfassende Site-Checks zur Identifizierung von Indexierungsproblemen und bietet auch seitenspezifische Scans,&#8230;","protected":false},"author":10409641,"featured_media":3355,"parent":0,"menu_order":0,"comment_status":"closed","ping_status":"closed","template":"pages-templates\/pages-minitools-3.php","meta":[],"categories":[73],"tags":[],"_links":{"self":[{"href":"https:\/\/sitechecker.pro\/de\/wp-json\/wp\/v2\/pages\/763"}],"collection":[{"href":"https:\/\/sitechecker.pro\/de\/wp-json\/wp\/v2\/pages"}],"about":[{"href":"https:\/\/sitechecker.pro\/de\/wp-json\/wp\/v2\/types\/page"}],"author":[{"embeddable":true,"href":"https:\/\/sitechecker.pro\/de\/wp-json\/wp\/v2\/users\/10409641"}],"replies":[{"embeddable":true,"href":"https:\/\/sitechecker.pro\/de\/wp-json\/wp\/v2\/comments?post=763"}],"version-history":[{"count":134,"href":"https:\/\/sitechecker.pro\/de\/wp-json\/wp\/v2\/pages\/763\/revisions"}],"predecessor-version":[{"id":39345,"href":"https:\/\/sitechecker.pro\/de\/wp-json\/wp\/v2\/pages\/763\/revisions\/39345"}],"wp:featuredmedia":[{"embeddable":true,"href":"https:\/\/sitechecker.pro\/de\/wp-json\/wp\/v2\/media\/3355"}],"wp:attachment":[{"href":"https:\/\/sitechecker.pro\/de\/wp-json\/wp\/v2\/media?parent=763"}],"wp:term":[{"taxonomy":"category","embeddable":true,"href":"https:\/\/sitechecker.pro\/de\/wp-json\/wp\/v2\/categories?post=763"},{"taxonomy":"post_tag","embeddable":true,"href":"https:\/\/sitechecker.pro\/de\/wp-json\/wp\/v2\/tags?post=763"}],"curies":[{"name":"wp","href":"https:\/\/api.w.org\/{rel}","templated":true}]}}