{"id":7349,"date":"2019-06-11T12:48:26","date_gmt":"2019-06-11T12:48:26","guid":{"rendered":"https:\/\/sitechecker.pro\/?page_id=7349"},"modified":"2025-02-03T14:14:51","modified_gmt":"2025-02-03T14:14:51","slug":"website-down","status":"publish","type":"page","link":"https:\/\/sitechecker.pro\/de\/website-down\/","title":{"rendered":"Kostenloser Website-Down-Checker | Ist Site Down f\u00fcr Alle \u1408"},"content":{"rendered":"<p>Sie versuchen, auf Ihre Website zuzugreifen \u2013 und erhalten die Meldung, dass sie nicht verf\u00fcgbar ist. Wenden Sie sich am besten sofort an Ihren Webhost-Anbieter. Aber dann schleichen sich die Zweifel ein. Ist diese Seite down? Oder sind es nur Probleme mit Ihrem Internetanbieter? Oder vielleicht stimmt etwas mit Ihrem Computer\/Smartphone nicht? Es gibt verschiedene Gr\u00fcnde, warum es f\u00fcr Sie unzug\u00e4nglich werden kann.<\/p>\n<p>Ist die Website also wirklich down? Eine M\u00f6glichkeit, dies herauszufinden, besteht darin, alle anderen M\u00f6glichkeiten auszuschlie\u00dfen, aber das kann eine Weile dauern. Eine andere M\u00f6glichkeit besteht darin, ein spezielles Tool zu verwenden, das Ihnen genau sagt, was Sie wissen m\u00f6chten. Und wir haben es f\u00fcr Sie entworfen.<\/p>\n<h2 id=\"ik_Check\">Wie \u00fcberpr\u00fcfe ich, ob eine Website nicht erreichbar ist?<\/h2>\n<p>&#8216;Ist es f\u00fcr alle unten?&#8217; \u2013 das ist die Frage, die du stellst. Mit Hilfe unseres Website-Status-Checkers k\u00f6nnen Sie die Verf\u00fcgbarkeit kostenlos testen. Das ist ganz einfach! Geben Sie die gew\u00fcnschte URL oder Domain ein.<\/p>\n<div class=\"content__img-wrap\"><img src=\"https:\/\/sitechecker.pro\/wp-content\/uploads\/2022\/01\/webside_down_1.png\" alt=\"Online-Website-Checker-Tool, um herauszufinden, ob die Website nicht verf\u00fcgbar ist\" class=\"description-img description-img-zoom\" loading=\"lazy\" ><\/div>\n<p>Jetzt k\u00f6nnen Sie auf \u201eTest starten\u201c klicken. In Sekundenschnelle erhalten Sie einen Bericht mit detaillierten Informationen zum Status der Website.<\/p>\n<h2 id=\"ik_Results\">Die Ergebnisse, die Sie mit unserem Website-Statuspr\u00fcfer erhalten<\/h2>\n<p>Unser Server im ausgew\u00e4hlten Bereich pr\u00fcft, ob die Website ausgefallen ist, und versucht, darauf zuzugreifen. Die erste Zeile im Bericht gibt an, ob dieser Versuch erfolgreich war oder nicht.<\/p>\n<p>Nachdem wir versucht haben, die Verf\u00fcgbarkeit der Website zu \u00fcberpr\u00fcfen, tauchen wir tiefer in die technischen Details ein. Sie erhalten den Screenshot einer Zielseite mit einer IP-Adresse. Au\u00dferdem erfahren Sie seine Reaktionszeit. Wenn Ihre Website online ist, aber ewig zum Laden braucht, ist sie f\u00fcr viele Benutzer m\u00f6glicherweise so gut wie nicht verf\u00fcgbar. Fast die H\u00e4lfte von ihnen erwartet, dass Ihre Website in bis zu 2 Sekunden geladen wird. Wenn die Ladezeit 3 \u200b\u200bSekunden betr\u00e4gt, verlassen 40\u00a0% der Benutzer die Website.<\/p>\n<p>Der Bericht enth\u00e4lt auch den Antwortcode. HTTP-Statuscodes, die von Servern zur\u00fcckgegeben werden, geben den Status der Website an. Sie sind dreistellig und beginnen normalerweise mit einer von f\u00fcnf Ziffern, 1 &#8211; 5. Sie kennen vielleicht den 404-Fehler (&#8216;<a href=\"https:\/\/sitechecker.pro\/404-error\/\" rel=\"noopener noreferrer\" target=\"_blank\">Seite nicht gefunden<\/a>&#8216;) oder 200 (&#8216;OK&#8217;). Es gibt jedoch viele andere Statuscodes, die Ihnen m\u00f6glicherweise unbekannt sind. Werfen Sie einen Blick auf unseren <a href=\"https:\/\/sitechecker.pro\/http-status-codes\/\">Server-Status-Checker<\/a>, um mehr dar\u00fcber zu erfahren.<\/p>\n<p>Und die letzte, aber nicht die unwichtigste Information ist das Datum der letzten Ausfallzeit. &#8216;Ist meine Website gerade up oder down?&#8217; ist eine wichtige Frage, aber Sie m\u00f6chten vielleicht wissen, wann die letzten ernsthaften Probleme aufgetreten sind. Es kann Ihnen eine Vorstellung von der Zuverl\u00e4ssigkeit Ihres Anbieters geben.<\/p>\n<div class=\"content__img-wrap\"><img src=\"https:\/\/sitechecker.pro\/wp-content\/uploads\/2022\/01\/webside_down_2.png\" alt=\"Neuer Site-Statustest zur \u00dcberpr\u00fcfung der Korrektheit der Site-Arbeit\" class=\"description-img description-img-zoom\" loading=\"lazy\" ><\/div>\n<p>M\u00f6chten Sie den Website-Down-Checker-Bericht speichern oder an jemand anderen senden? Sie m\u00fcssen es nicht scannen! Sie k\u00f6nnen den Bericht mit einem Klick in eine Zwischenablage kopieren, um ihn an anderer Stelle in diesem Format einzuf\u00fcgen:<\/p>\n<div class=\"article__quote\">\n                    <div class=\"quote-text\">Website-URL: https:\/\/copywritely.com<br \/>\n\u2022 Dienststatus: Up<br \/>\n\u2022 IP-Adresse: 148.251.238.57<br \/>\n\u2022 Reaktionszeit: 3,251 s<br \/>\n\u2022 Antwortcode: 200 OK<\/div><\/div>\n<p>Testen Sie den Website-Downchecker und studieren Sie die Ergebnisse selbst!<\/p>\n<h2 id=\"ik_Uptime\">Warum Betriebszeit wichtig ist?<\/h2>\n<p>Die Verf\u00fcgbarkeit der Website ist entscheidend. Jede Minute Ausfallzeit kostet Sie Geld, ganz zu schweigen von der Reputation. Und je gr\u00f6\u00dfer das Gesch\u00e4ft \u2013 desto mehr verlieren Sie. Beispielsweise w\u00fcrde eine Minute Ausfallzeit Amazon rund 220.000 US-Dollar kosten.<\/p>\n<p>Es kann auch der Grund f\u00fcr den Verlust von Positionen sein, wenn Ihre Website l\u00e4ngere Zeit nicht verf\u00fcgbar war. Schau mal was Google dazu sagt.<\/p>\n<p><iframe width=\"770\" height=\"350\" src=\"https:\/\/www.youtube.com\/embed\/4eYJuT0yGrI\" title=\"YouTube-Videoplayer\" frameborder=\"0\" allow=\"accelerometer; autoplay; clipboard- schreiben; verschl\u00fcsselte Medien; Gyroskop; Bild-im-Bild\" allowfullscreen><\/iframe><\/p>\n<p>Hier sind die Hauptgr\u00fcnde, warum Sie testen sollten, ob eine Website regelm\u00e4\u00dfig ausf\u00e4llt:<\/p>\n<table class=\"table-classic table-td-3\">\n<Kopf><\/p>\n<tr>\n<th>Grund<\/th>\n<th>Erkl\u00e4rung<\/th>\n<\/tr>\n<\/thead>\n<tbody>\n<tr>\n<td><strong>Bereitstellung einer besseren Benutzererfahrung<\/strong><\/td>\n<td>Benutzer hassen eine nicht verf\u00fcgbare Website. Neue Besucher kommen m\u00f6glicherweise nie wieder, w\u00e4hrend bestehende Kunden frustriert sind. Ihre Mitbewerber helfen ihnen gerne dabei.<\/td>\n<\/tr>\n<tr>\n<td><strong>Aufrechterhaltung eines hohen Suchmaschinenrankings<\/strong><\/td>\n<td>Google stuft langsame oder unzug\u00e4ngliche Websites niedriger ein. Wenn Ihre Website oft genug ausf\u00e4llt, bereiten Sie sich darauf vor, \u201ebestraft\u201c zu werden. Die Rankings k\u00f6nnen lange brauchen, um sich von einem solchen Schlag zu erholen.<\/td>\n<\/tr>\n<tr>\n<td><strong>Werbeeinnahmen sch\u00fctzen<\/strong><\/td>\n<td>Nat\u00fcrlich werden die Anzeigen nicht geschaltet, wenn Ihre Website nicht verf\u00fcgbar ist. Anzeigendienste \u00fcberwachen auch Ausfallzeiten und m\u00f6gen es nicht, wenn Ihre Website nicht verf\u00fcgbar ist. Viele von ihnen setzen eine Kampagne aus, wenn die Website nicht verf\u00fcgbar ist, insbesondere f\u00fcr eine Weile.<\/td>\n<\/tr>\n<tr>\n<td><strong>Hacker erkennen<\/strong><\/td>\n<td>Das Eingreifen von Hackern kann zu Ausfallzeiten f\u00fchren. Ein b\u00f6sartiger Code kann Ihre Website besch\u00e4digen und m\u00f6glicherweise die Ger\u00e4te der Besucher infiltrieren. Mithilfe einer Website-Verf\u00fcgbarkeitspr\u00fcfung finden Sie heraus, dass die Website nicht verf\u00fcgbar ist, und k\u00f6nnen rechtzeitig handeln, um den Schaden zu verhindern.<\/td>\n<\/tr>\n<\/tbody>\n<\/table>\n<h2 id=\"ik_Availability\"> Wie \u00fcberwacht man die Website-Verf\u00fcgbarkeit?<\/h2>\n<p>Sie haben gelernt, wie Sie \u00fcberpr\u00fcfen k\u00f6nnen, ob eine Website nicht erreichbar ist. Aber aus den oben genannten Gr\u00fcnden m\u00f6chten wir es vielleicht st\u00e4ndig tun. Hier sind einige M\u00f6glichkeiten, um eine \u00dcberwachung einzurichten:<\/p>\n<ul>\n<li><strong>Verwenden Sie benutzerdefinierte Benachrichtigungen in Google Analytics.<\/strong> Sie werden ausgel\u00f6st, wenn Google feststellt, dass der Traffic unter einen festgelegten Wert f\u00e4llt. Die Benachrichtigung wird an Ihre E-Mail gesendet;<\/li>\n<li><strong>Entwickeln Sie eine treue Community in den sozialen Medien.<\/strong> Regelm\u00e4\u00dfige Benutzer Ihrer Web-Ressource werden Sie \u00fcber Facebook oder Twitter benachrichtigen, wenn die Website nicht erreichbar ist;<\/li>\n<li><strong>Sitecheckerbot-\u00dcberwachung einrichten.<\/strong> Der Bot \u00fcberpr\u00fcft Ihre Website auf kritische \u00c4nderungen und meldet Ihnen, wenn es welche gibt;<\/li>\n<li><strong>Verwenden Sie unseren kostenlosen Website-Verf\u00fcgbarkeitspr\u00fcfer.<\/strong> Sobald Ihre Website nicht verf\u00fcgbar ist, erhalten Sie eine Benachrichtigung.<\/li>\n<\/ul>\n<h2 id=\"ik_Downtime\">Was verursacht Website-Ausfallzeiten?<\/h2>\n<p>Sie haben unseren Website-Down-Checker verwendet und sind sich sicher, dass die Website f\u00fcr alle ausgefallen ist. Was ist das Problem? Schauen wir uns die wahrscheinlichsten Szenarien an:<\/p>\n<table class=\"table-classic table-td-3\">\n<Kopf><\/p>\n<tr>\n<th>Grund<\/th>\n<th>Erkl\u00e4rung<\/th>\n<\/tr>\n<\/thead>\n<tbody>\n<tr>\n<td><strong>Probleme mit dem Webhosting-Anbieter<\/strong><\/td>\n<td>Schlechtes Hosting ist einer der Hauptverursacher von Website-Ausfallzeiten. Es gibt einige geplante Ausfallzeiten aufgrund von Wartungsarbeiten, aber auch ungeplante k\u00f6nnen auftreten. Welche Entsch\u00e4digung erhalten Sie in diesem Fall? W\u00e4hlen Sie Webhoster mit den besten Verf\u00fcgbarkeitsgarantien, um die beste Versicherung gegen solche Unf\u00e4lle zu erhalten;<\/td>\n<\/tr>\n<\/tr>\n<\/tbody>\n<\/table>\n<p>In diesem Fall k\u00f6nnen Sie eines der Top-5-bewerteten alternativen Hostings ausprobieren, die wir jetzt im Tool f\u00fcr Sie ausw\u00e4hlen. Um sie zu erhalten, f\u00fchren Sie einfach das Website-Down-Tool aus. Sie k\u00f6nnen auch andere Alternativen <a href=\"https:\/\/sitechecker.pro\/web-hosting\/#web-hostings-table\" rel=\"noopener noreferrer\" target=\"_blank\">auschecken<\/a>.<\/p>\n<div class=\"content__img-wrap\"><img src=\"https:\/\/sitechecker.pro\/wp-content\/uploads\/2022\/01\/webside_down_3.png\" alt=\"Schauen Sie sich den zuverl\u00e4ssigen Hosting-Anbieter an\" class=\"description-img description-img-zoom\" loading=\"lazy\" ><\/div>\n<table class=\"table-classic table-td-3\">\n<Kopf><\/p>\n<tr>\n<th>Grund<\/th>\n<th>Erkl\u00e4rung<\/th>\n<\/tr>\n<\/thead>\n<tbody>\n<tr>\n<td><strong>DDoS- und Hackerangriffe<\/strong><\/td>\n<td>Ihre Website muss nicht unbedingt direkt von einem DDoS-Angriff betroffen sein, um darunter zu leiden. Wenn Sie Shared Hosting verwenden, befindet sich Ihre Website auf demselben Server wie zahlreiche andere Websites, die Angreifern zum Opfer fallen k\u00f6nnen. Gl\u00fccklicherweise verf\u00fcgen die meisten Hosting-Anbieter \u00fcber fortschrittliche Anti-DDoS-Dienste. Sie k\u00f6nnten auch dar\u00fcber nachdenken, dedizierte Server f\u00fcr zus\u00e4tzlichen Schutz zu verwenden;<\/td>\n<\/tr>\n<tr>\n<td><strong>Probleme mit Datenbanken oder Software<\/strong><\/td>\n<td>Zum Beispiel kann eine inkompatible Plug-in-Installation die gesamte WordPress-Site zum Absturz bringen. Das versehentliche L\u00f6schen einiger Dateien oder Codierungsfehler (Tippfehler, falsche Syntax, Endlosschleifen) k\u00f6nnen zu Serverfehlern f\u00fchren. Interne Konflikte und Datenbankfehler k\u00f6nnen auch dazu f\u00fchren, dass Ihre Website teilweise geladene Seiten, leere Seiten oder \u00fcberhaupt nicht l\u00e4dt;<\/td>\n<\/tr>\n<tr>\n<td><strong>Hardwarefehler<\/strong><\/td>\n<td>Keine Zahl von Redundanzstufen, Netzteilen oder Netzwerkcontrollern kann eine 100-prozentige Betriebszeit garantieren. Sie k\u00f6nnen einen gro\u00dffl\u00e4chigen Stromausfall oder eine versehentliche Kabelbesch\u00e4digung nicht vorhersagen;<\/td>\n<\/tr>\n<tr>\n<td><strong>Domain Name Server (DNS)-Probleme<\/strong><\/td>\n<td>Manchmal ist es nur die DNS-Weitergabe. Eine \u00c4nderung an einem DNS-Eintrag ist in der Regel eine Sache von Stunden, kann aber bis zu 72 Stunden dauern, bis sie global verbreitet wird. Auch eine falsche Konfiguration kann der Grund sein. Ein einfacher Rechtschreibfehler bei einem Nameserver kann Ihre Website lahmlegen;<\/td>\n<\/tr>\n<tr>\n<td><strong>Der Domainname wurde nicht verl\u00e4ngert<\/strong><\/td>\n<td>Auch wenn Sie einen Domainnamen gekauft haben, sind Sie nicht berechtigt, ihn f\u00fcr immer zu verwenden. \u00c4hnlich wie bei einem Mietvertrag f\u00fcr eine Wohnung oder ein Auto muss die Registrierung eines Domainnamens erneuert werden. Andernfalls wird es f\u00fcr einen anderen Benutzer verf\u00fcgbar. Suchen Sie mit unserem <a href=\"https:\/\/sitechecker.pro\/domain-availability\/\">Domain-Verf\u00fcgbarkeitspr\u00fcfer<\/a><\/td>\n<p> nach Domainnamen, die Sie kaufen k\u00f6nnen<br \/>\n<\/tr>\n<\/tbody>\n<\/table>\n<h2 id=\"ik_Tips\">Tipps zur Fehlerbehebung<\/h2>\n<p>Sie haben versucht, auf eine Website zuzugreifen, sind aber nirgendwo hingekommen. Was tun? Hier sind einige Empfehlungen f\u00fcr Anf\u00e4nger:<\/p>\n<ul>\n<li><strong>\u00dcberpr\u00fcfen Sie die URL.<\/strong> Egal wie offensichtlich es klingt, Sie k\u00f6nnten es einfach falsch schreiben, ohne es zu bemerken;<\/li>\n<li><strong>Hat Ihre URL \u201ehttp\u201c oder \u201ehttps\u201c am Anfang?<\/strong> Es ist nicht dasselbe und einige Websites k\u00f6nnen nicht mit beidem arbeiten;<\/li>\n<li><strong>Ist Ihre Internetverbindung in Ordnung?<\/strong> Besuchen Sie einige beliebte Websites wie Google.com oder Facebook.com;<\/li>\n<li><strong>Verwenden Sie einen Proxy oder ein VPN?<\/strong> Deaktivieren Sie es und versuchen Sie es erneut;<\/li>\n<li><strong>Ist es Ihre Website?<\/strong> Wenn die Antwort \u201eJa\u201c lautet, sehen Sie sich die DNS-Einstellungen an und wenden Sie sich an Ihren Hosting-Provider, um den Server zu \u00fcberpr\u00fcfen. Wenn das Problem beim Hosting liegt und wiederholt auftritt, sollten Sie Ihren Host wechseln. Finden Sie ein zuverl\u00e4ssiges Unternehmen aus der Liste der <a href=\"https:\/\/sitechecker.pro\/web-hosting\/\">Besten Webhosting-Anbieter<\/a>!<\/li>\n<\/ul>\n<p>    <div class=\"blog__conversion blog__conversion-app element__logged_out\">\n        <div class=\"blog__conversion-inner\">\n            <p class=\"title\">Wenn eine Website ausf\u00e4llt, ist das schlecht, aber es gibt noch viele andere Probleme, die Ihrer SEO schaden k\u00f6nnen!<\/p>\n            <p class=\"description\">Um nicht nur Website-Abst\u00fcrze, sondern auch andere technische Probleme zu erkennen, f\u00fchren Sie einfach das vollst\u00e4ndige Website-Audit durch.<\/p>\n            <form id=\"audit__form\"\n                  class=\"article__seo-search audit__form Um nicht nur Website-Abst\u00fcrze, sondern auch andere technische Probleme zu erkennen, f\u00fchren Sie einfach das vollst\u00e4ndige Website-Audit durch.\"\n                  action=\"\"\n                  method=\"POST\"\n                  autocomplete=\"off\">\n                <span class=\"error\"><\/span>\n                <div class=\"error__limits\">Something went wrong. Please, try again later.<\/div>\n                <input name=\"url\"\n                       type=\"text\"\n                       placeholder=\"Geben Sie hier Ihre Domain ein\">\n                                <button type=\"submit\"\n                        class=\"sitechecker__text\">\n                    <span>Audit starten<\/span>\n                    <img src=\"\/wp-content\/themes\/sitechecker\/out\/img_design\/loading.svg\"\n                         width=\"31\"\n                         height=\"30\"\n                         class=\"loading\">\n                <\/button>\n            <\/form>\n        <\/div>\n    <\/div>\n    <\/p>","protected":false},"excerpt":{"rendered":"Sie versuchen, auf Ihre Website zuzugreifen \u2013 und erhalten die Meldung, dass sie nicht verf\u00fcgbar ist. Wenden Sie sich am besten sofort an Ihren Webhost-Anbieter. Aber dann schleichen sich die Zweifel ein. Ist diese Seite down? Oder sind es nur Probleme mit Ihrem Internetanbieter? Oder vielleicht stimmt etwas mit Ihrem Computer\/Smartphone nicht? Es gibt verschiedene&#8230;","protected":false},"author":10409641,"featured_media":7891,"parent":0,"menu_order":0,"comment_status":"closed","ping_status":"closed","template":"pages-templates\/pages-minitools.php","meta":[],"categories":[73],"tags":[],"_links":{"self":[{"href":"https:\/\/sitechecker.pro\/de\/wp-json\/wp\/v2\/pages\/7349"}],"collection":[{"href":"https:\/\/sitechecker.pro\/de\/wp-json\/wp\/v2\/pages"}],"about":[{"href":"https:\/\/sitechecker.pro\/de\/wp-json\/wp\/v2\/types\/page"}],"author":[{"embeddable":true,"href":"https:\/\/sitechecker.pro\/de\/wp-json\/wp\/v2\/users\/10409641"}],"replies":[{"embeddable":true,"href":"https:\/\/sitechecker.pro\/de\/wp-json\/wp\/v2\/comments?post=7349"}],"version-history":[{"count":71,"href":"https:\/\/sitechecker.pro\/de\/wp-json\/wp\/v2\/pages\/7349\/revisions"}],"predecessor-version":[{"id":35279,"href":"https:\/\/sitechecker.pro\/de\/wp-json\/wp\/v2\/pages\/7349\/revisions\/35279"}],"wp:featuredmedia":[{"embeddable":true,"href":"https:\/\/sitechecker.pro\/de\/wp-json\/wp\/v2\/media\/7891"}],"wp:attachment":[{"href":"https:\/\/sitechecker.pro\/de\/wp-json\/wp\/v2\/media?parent=7349"}],"wp:term":[{"taxonomy":"category","embeddable":true,"href":"https:\/\/sitechecker.pro\/de\/wp-json\/wp\/v2\/categories?post=7349"},{"taxonomy":"post_tag","embeddable":true,"href":"https:\/\/sitechecker.pro\/de\/wp-json\/wp\/v2\/tags?post=7349"}],"curies":[{"name":"wp","href":"https:\/\/api.w.org\/{rel}","templated":true}]}}