{"id":7001,"date":"2019-05-28T07:48:33","date_gmt":"2019-05-28T07:48:33","guid":{"rendered":"https:\/\/sitechecker.pro\/?page_id=7001"},"modified":"2025-01-13T21:39:38","modified_gmt":"2025-01-13T21:39:38","slug":"domain-availability","status":"publish","type":"page","link":"https:\/\/sitechecker.pro\/de\/domain-availability\/","title":{"rendered":"Domain Finder: Testen Sie, ob die Website-Adresse verf\u00fcgbar ist"},"content":{"rendered":"<p><\/p>\n<h2><strong>Warum m\u00fcssen Sie Domain-Namen Finder auf Verf\u00fcgbarkeit pr\u00fcfen?<\/strong><\/h2>\n<p>Wenn Sie ein Startup starten, denken Sie selten daran, einen eigenen Markennamen zu registrieren. Und wenn der Erfolg kommt, bringt er neue Probleme mit sich. Die Leute k\u00f6nnen Ihre Marke zuerst registrieren oder Domainnamen kaufen, die Ihre Marke enthalten. Um dies zu vermeiden, registrieren Sie verschiedene Erweiterungen Ihrer Domain, um die Marke vor Cybersquattern zu sch\u00fctzen. Wenn Sie den besten Domainnamen f\u00fcr Ihre Marke finden m\u00f6chten, verwenden Sie zu diesem Zweck den\u00a0<span data-sheets-value=\"{&quot;1&quot;:2,&quot;2&quot;:&quot;domain finder&quot;}\" data-sheets-userformat=\"{&quot;2&quot;:1063425,&quot;3&quot;:{&quot;1&quot;:0},&quot;12&quot;:0,&quot;14&quot;:{&quot;1&quot;:2,&quot;2&quot;:0},&quot;15&quot;:&quot;\\&quot;Helvetica Neue\\&quot;, Helvetica, Arial, sans-serif&quot;,&quot;16&quot;:10,&quot;23&quot;:2}\">domain finder<\/span>.<\/p>\n<h2><strong>Wie funktioniert der Domain Name Checker?<\/strong><\/h2>\n<p>Geben Sie den Domainnamen ein, den Sie registrieren m\u00f6chten. Das Tool sucht nach \u00e4hnlichen Domainnamen, die Ihre Marke durch andere Top-Level-Domains ersetzen.<\/p>","protected":false},"excerpt":{"rendered":"Warum m\u00fcssen Sie Domain-Namen Finder auf Verf\u00fcgbarkeit pr\u00fcfen? Wenn Sie ein Startup starten, denken Sie selten daran, einen eigenen Markennamen zu registrieren. Und wenn der Erfolg kommt, bringt er neue Probleme mit sich. Die Leute k\u00f6nnen Ihre Marke zuerst registrieren oder Domainnamen kaufen, die Ihre Marke enthalten. Um dies zu vermeiden, registrieren Sie verschiedene Erweiterungen&#8230;","protected":false},"author":10409641,"featured_media":6982,"parent":0,"menu_order":0,"comment_status":"closed","ping_status":"closed","template":"pages.php","meta":[],"categories":[73],"tags":[],"_links":{"self":[{"href":"https:\/\/sitechecker.pro\/de\/wp-json\/wp\/v2\/pages\/7001"}],"collection":[{"href":"https:\/\/sitechecker.pro\/de\/wp-json\/wp\/v2\/pages"}],"about":[{"href":"https:\/\/sitechecker.pro\/de\/wp-json\/wp\/v2\/types\/page"}],"author":[{"embeddable":true,"href":"https:\/\/sitechecker.pro\/de\/wp-json\/wp\/v2\/users\/10409641"}],"replies":[{"embeddable":true,"href":"https:\/\/sitechecker.pro\/de\/wp-json\/wp\/v2\/comments?post=7001"}],"version-history":[{"count":41,"href":"https:\/\/sitechecker.pro\/de\/wp-json\/wp\/v2\/pages\/7001\/revisions"}],"predecessor-version":[{"id":34888,"href":"https:\/\/sitechecker.pro\/de\/wp-json\/wp\/v2\/pages\/7001\/revisions\/34888"}],"wp:featuredmedia":[{"embeddable":true,"href":"https:\/\/sitechecker.pro\/de\/wp-json\/wp\/v2\/media\/6982"}],"wp:attachment":[{"href":"https:\/\/sitechecker.pro\/de\/wp-json\/wp\/v2\/media?parent=7001"}],"wp:term":[{"taxonomy":"category","embeddable":true,"href":"https:\/\/sitechecker.pro\/de\/wp-json\/wp\/v2\/categories?post=7001"},{"taxonomy":"post_tag","embeddable":true,"href":"https:\/\/sitechecker.pro\/de\/wp-json\/wp\/v2\/tags?post=7001"}],"curies":[{"name":"wp","href":"https:\/\/api.w.org\/{rel}","templated":true}]}}